{"id":4022,"date":"2025-09-03T12:43:36","date_gmt":"2025-09-03T10:43:36","guid":{"rendered":"https:\/\/strangercam.com\/?page_id=4022"},"modified":"2025-09-03T13:42:39","modified_gmt":"2025-09-03T11:42:39","slug":"darmowy-losowy-czat-wideo","status":"publish","type":"page","link":"https:\/\/strangercam.com\/pl\/free-random-video-chat\/","title":{"rendered":"Darmowy losowy czat wideo"},"content":{"rendered":"<p>Szukasz najlepszego sposobu na cieszenie si\u0119 darmowym losowym wideo? <a href=\"https:\/\/strangercam.com\/pl\/chathub\/\">czat<\/a>? Nie jeste\u015b sam. Ka\u017cdego miesi\u0105ca miliony ludzi na ca\u0142ym \u015bwiecie szukaj\u0105 platform do losowych czat\u00f3w wideo, maj\u0105c nadziej\u0119 na natychmiastowe nawi\u0105zanie kontaktu z nieznajomymi - czy to w celu nawi\u0105zania przyja\u017ani, wymiany kulturalnej, niezobowi\u0105zuj\u0105cego flirtu, czy po prostu dla zabicia nudy. W przeciwie\u0144stwie do aplikacji randkowych lub sieci spo\u0142eczno\u015bciowych, kt\u00f3re mog\u0105 wydawa\u0107 si\u0119 powolne lub sztuczne, losowy czat wideo jest spontaniczny, autentyczny i ekscytuj\u0105cy.<\/p>\n<p>Dzi\u0119ki platformom takim jak StrangerCam, korzystanie z darmowych, losowych czat\u00f3w wideo jest \u0142atwiejsze ni\u017c kiedykolwiek - bez rejestracji, bez pobierania i bez ukrytych koszt\u00f3w. Wystarczy klikn\u0105\u0107 przycisk, aby natychmiast spotka\u0107 si\u0119 twarz\u0105 w twarz z kim\u015b nowym z dowolnego miejsca na \u015bwiecie.<\/p>\n<p>Ten przewodnik obejmuje wszystko, co musisz wiedzie\u0107: czym jest darmowy losowy czat wideo, dlaczego ludzie go uwielbiaj\u0105, jak dzia\u0142a, najlepsze funkcje, kt\u00f3rych nale\u017cy szuka\u0107, por\u00f3wnania popularnych platform, wskaz\u00f3wki dotycz\u0105ce bezpiecze\u0144stwa i dlaczego StrangerCam jest jednym z najlepszych wybor\u00f3w w 2025 roku.<\/p>\n<h2>Czym jest darmowy losowy czat wideo?<\/h2>\n<p>Darmowy losowy czat wideo to us\u0142uga online, kt\u00f3ra natychmiast \u0142\u0105czy Ci\u0119 z nieznajomymi w celu prowadzenia rozm\u00f3w wideo na \u017cywo, jeden na jednego, przy u\u017cyciu kamery internetowej i mikrofonu. Cz\u0119\u015b\u0107 \"losowa\" oznacza, \u017ce nigdy nie wiesz, kogo spotkasz, dop\u00f3ki czat si\u0119 nie rozpocznie - mo\u017ce to by\u0107 kto\u015b w pobli\u017cu lub kto\u015b po drugiej stronie \u015bwiata.<\/p>\n<p>W przeciwie\u0144stwie do czat\u00f3w tekstowych, losowy czat wideo zapewnia znacznie bardziej autentyczne i anga\u017cuj\u0105ce do\u015bwiadczenie, poniewa\u017c mo\u017cesz widzie\u0107 i s\u0142ysze\u0107 osob\u0119 w czasie rzeczywistym. Je\u015bli nie podoba ci si\u0119 rozmowa, po prostu naci\u015bnij \"Dalej\", aby przej\u015b\u0107 do kogo\u015b nowego.<\/p>\n<h2>Dlaczego ludzie kochaj\u0105 darmowy losowy czat wideo<\/h2>\n<p>Istnieje wiele powod\u00f3w, dla kt\u00f3rych darmowy losowy czat wideo sta\u0142 si\u0119 tak popularny:<\/p>\n<ul>\n<li>Spontaniczna zabawa: Ka\u017cdy czat jest wyj\u0105tkowy i nieprzewidywalny.<\/li>\n<li>Prawdziwa interakcja mi\u0119dzyludzka: Po\u0142\u0105czenia wideo potwierdzaj\u0105, \u017ce druga osoba jest prawdziwa, a nie jest botem.<\/li>\n<li>Natychmiastowe po\u0142\u0105czenia: Bez d\u0142ugich rejestracji i czekania na odpowiedzi.<\/li>\n<li>Globalny zasi\u0119g: Poznawaj nieznajomych z ca\u0142ego \u015bwiata, 24\/7.<\/li>\n<li>Warto\u015b\u0107 rozrywkowa: Idealny do sp\u0119dzania czasu, nawi\u0105zywania znajomo\u015bci lub niezobowi\u0105zuj\u0105cego flirtowania.<\/li>\n<li>Wolno\u015b\u0107 wyboru: Nie podoba ci si\u0119 klimat? Po prostu kliknij \"Dalej\".<\/li>\n<\/ul>\n<h2>Jak dzia\u0142a darmowy losowy czat wideo?<\/h2>\n<p>Rozpocz\u0119cie darmowego losowego czatu wideo jest niezwykle proste:<\/p>\n<ol>\n<li>Otw\u00f3rz platform\u0119 na telefonie lub komputerze.<\/li>\n<li>Zezw\u00f3l na dost\u0119p do kamery i mikrofonu.<\/li>\n<li>Kliknij \"Rozpocznij czat\".<\/li>\n<li>Po\u0142\u0105cz si\u0119 natychmiast z nieznajomym za po\u015brednictwem po\u0142\u0105czenia wideo.<\/li>\n<li>Kliknij \"Dalej\" w dowolnym momencie, aby pozna\u0107 kogo\u015b nowego.<\/li>\n<\/ol>\n<p>Niekt\u00f3re platformy dodaj\u0105 dodatkowe funkcje, takie jak filtry p\u0142ci, preferencje lokalizacji, a nawet narz\u0119dzia do automatycznego t\u0142umaczenia, aby u\u0142atwi\u0107 czatowanie w r\u00f3\u017cnych j\u0119zykach.<\/p>\n<h2>Najwa\u017cniejsze cechy, kt\u00f3rych nale\u017cy szuka\u0107<\/h2>\n<p>Nie wszystkie platformy czat\u00f3w wideo s\u0105 sobie r\u00f3wne. Je\u015bli chcesz uzyska\u0107 najlepsze wra\u017cenia z darmowego, losowego czatu wideo, oto czego powiniene\u015b szuka\u0107:<\/p>\n<h3>1. Prawdziwie darmowy dost\u0119p<\/h3>\n<p>Niekt\u00f3re witryny reklamuj\u0105 si\u0119 jako \"darmowe\", ale potem ograniczaj\u0105 funkcje lub zmuszaj\u0105 do p\u0142acenia. Wybierz platform\u0119, kt\u00f3ra oferuje nieograniczony dost\u0119p.<\/p>\n<h3>2. Nie jest wymagana rejestracja<\/h3>\n<p>Zachowaj anonimowo\u015b\u0107 i zacznij czatowa\u0107 bez kont i login\u00f3w.<\/p>\n<h3>3. Filtry p\u0142ci i lokalizacji<\/h3>\n<p>Pomocne, je\u015bli wolisz rozmawia\u0107 z okre\u015blonymi typami os\u00f3b.<\/p>\n<h3>4. Silne umiarkowanie<\/h3>\n<p>Aktywni moderatorzy i narz\u0119dzia do raportowania zapewniaj\u0105 wi\u0119ksze bezpiecze\u0144stwo.<\/p>\n<h3>5. Projekt przyjazny dla urz\u0105dze\u0144 mobilnych<\/h3>\n<p>Dobra platforma powinna dzia\u0142a\u0107 p\u0142ynnie zar\u00f3wno na komputerach stacjonarnych, jak i urz\u0105dzeniach mobilnych.<\/p>\n<h3>6. Wysoka jako\u015b\u0107 obrazu i d\u017awi\u0119ku<\/h3>\n<p>Jasne po\u0142\u0105czenia sprawiaj\u0105, \u017ce rozmowy s\u0105 bardziej naturalne i przyjemne.<\/p>\n<h2>Najlepsze darmowe platformy losowego czatu wideo w 2025 roku<\/h2>\n<p>Oto por\u00f3wnanie najpopularniejszych platform do losowych rozm\u00f3w wideo:<\/p>\n<table>\n<thead>\n<tr>\n<th>Platforma<\/th>\n<th align=\"center\">Bezp\u0142atny dost\u0119p<\/th>\n<th align=\"center\">Filtr p\u0142ci<\/th>\n<th align=\"center\">Wymagana rejestracja<\/th>\n<th align=\"center\">Wsparcie mobilne<\/th>\n<th align=\"center\">Moderacja<\/th>\n<th>Uwagi<\/th>\n<\/tr>\n<\/thead>\n<tbody>\n<tr>\n<td>StrangerCam<\/td>\n<td align=\"center\">\u2705<\/td>\n<td align=\"center\">\u2705 (Free)<\/td>\n<td align=\"center\">\u274c<\/td>\n<td align=\"center\">\u2705<\/td>\n<td align=\"center\">\u2705<\/td>\n<td>Najlepszy og\u00f3lny wyb\u00f3r, naprawd\u0119 darmowy<\/td>\n<\/tr>\n<tr>\n<td><a href=\"https:\/\/strangercam.com\/pl\/chatroulette\/\">Chatroulette<\/a><\/td>\n<td align=\"center\">\u2705<\/td>\n<td align=\"center\">\u274c (p\u0142atne)<\/td>\n<td align=\"center\">\u274c<\/td>\n<td align=\"center\">\u2705<\/td>\n<td align=\"center\">\u2705<\/td>\n<td>Klasyczne, ale zablokowane filtry p\u0142ci<\/td>\n<\/tr>\n<tr>\n<td>Chatrandom<\/td>\n<td align=\"center\">\u2705<\/td>\n<td align=\"center\">\u274c (p\u0142atne)<\/td>\n<td align=\"center\">\u274c<\/td>\n<td align=\"center\">\u2705<\/td>\n<td align=\"center\">\u2705<\/td>\n<td>Du\u017ca baza u\u017cytkownik\u00f3w, aktualizacje premium<\/td>\n<\/tr>\n<tr>\n<td><a href=\"https:\/\/strangercam.com\/pl\/ometv\/\">OmeTV<\/a><\/td>\n<td align=\"center\">\u2705<\/td>\n<td align=\"center\">\u274c<\/td>\n<td align=\"center\">\u274c<\/td>\n<td align=\"center\">\u2705<\/td>\n<td align=\"center\">\u2705<\/td>\n<td>Aplikacja mobilna, tylko losowo<\/td>\n<\/tr>\n<tr>\n<td>Shagle<\/td>\n<td align=\"center\">\u2705<\/td>\n<td align=\"center\">\u274c (p\u0142atne)<\/td>\n<td align=\"center\">\u274c<\/td>\n<td align=\"center\">\u2705<\/td>\n<td align=\"center\">\u2705<\/td>\n<td>Wysoka premia<\/td>\n<\/tr>\n<tr>\n<td><a href=\"https:\/\/strangercam.com\/pl\/coomeet\/\">CooMeet<\/a><\/td>\n<td align=\"center\">\u274c (Trial)<\/td>\n<td align=\"center\">\u2705<\/td>\n<td align=\"center\">\u2705<\/td>\n<td align=\"center\">\u2705<\/td>\n<td align=\"center\">\u2705<\/td>\n<td>P\u0142atne po ograniczonym bezp\u0142atnym okresie pr\u00f3bnym<\/td>\n<\/tr>\n<tr>\n<td>LuckyCrush<\/td>\n<td align=\"center\">\u274c<\/td>\n<td align=\"center\">\u2705<\/td>\n<td align=\"center\">\u2705<\/td>\n<td align=\"center\">\u2705<\/td>\n<td align=\"center\">\u2705<\/td>\n<td>Zawsze p\u0142atne czaty dostosowane do p\u0142ci<\/td>\n<\/tr>\n<\/tbody>\n<\/table>\n<p>W\u015br\u00f3d nich StrangerCam jest jedn\u0105 z jedynych platform oferuj\u0105cych darmowy, nieograniczony losowy czat wideo z dzia\u0142aj\u0105cym filtrem p\u0142ci i bez rejestracji.<\/p>\n<h2>Dlaczego StrangerCam to najlepszy wyb\u00f3r<\/h2>\n<p>Oto dlaczego StrangerCam jest jedn\u0105 z najlepszych platform do darmowych, losowych czat\u00f3w wideo w 2025 roku:<\/p>\n<h3>1. Ca\u0142kowicie za darmo<\/h3>\n<p>Nieograniczona liczba czat\u00f3w, brak ukrytych koszt\u00f3w i kredyt\u00f3w.<\/p>\n<h3>2. Darmowy filtr p\u0142ci<\/h3>\n<p>Wybierz, z kim chcesz rozmawia\u0107 - z ch\u0142opakami, dziewczynami lub obojgiem - bez zap\u00f3r.<\/p>\n<h3>3. Nie jest wymagana rejestracja<\/h3>\n<p>Zachowaj anonimowo\u015b\u0107 i rozpocznij czat natychmiast.<\/p>\n<h3>4. Bezpieczny i moderowany<\/h3>\n<p>Dzi\u0119ki aktywnej moderacji i narz\u0119dziom do raportowania, StrangerCam zapewnia spo\u0142eczno\u015bci bezpiecze\u0144stwo.<\/p>\n<h3>5. Globalna baza u\u017cytkownik\u00f3w<\/h3>\n<p>Poznawaj nieznajomych z ponad 100 kraj\u00f3w w dowolnym momencie.<\/p>\n<h3>6. Zoptymalizowany dla wszystkich urz\u0105dze\u0144<\/h3>\n<p>Dzia\u0142a p\u0142ynnie na urz\u0105dzeniach mobilnych, tabletach i komputerach stacjonarnych.<\/p>\n<h2>Prawdziwe opinie u\u017cytkownik\u00f3w<\/h2>\n<blockquote><p>\"Szuka\u0142em strony, kt\u00f3ra pozwoli\u0142aby mi na losowy czat wideo za darmo, a StrangerCam by\u0142a jedyn\u0105, kt\u00f3ra nie zmusza\u0142a mnie do p\u0142acenia\".<br \/>\n- Alex, 27 lat<\/p><\/blockquote>\n<blockquote><p>\"Spotka\u0142em ludzi z pi\u0119ciu r\u00f3\u017cnych kraj\u00f3w w ci\u0105gu jednego wieczoru. To zawsze ekscytuj\u0105ce, bo nigdy nie wiadomo, kto b\u0119dzie nast\u0119pny\".<br \/>\n- Sophia, 22 lata<\/p><\/blockquote>\n<blockquote><p>\"Filtr p\u0142ci faktycznie dzia\u0142a bez dodatkowych op\u0142at. To prze\u0142om w por\u00f3wnaniu z innymi platformami\".<br \/>\n- Ryan, 30<\/p><\/blockquote>\n<blockquote><p>\"To szybkie, zabawne i bezpieczne. StrangerCam sta\u0142 si\u0119 moim ulubionym sposobem poznawania nowych ludzi online\".<br \/>\n- Emily, lat 19<\/p><\/blockquote>\n<h2>Wskaz\u00f3wki bezpiecze\u0144stwa dotycz\u0105ce darmowego losowego czatu wideo<\/h2>\n<p>Cho\u0107 wideorozmowy to \u015bwietna zabawa, zawsze nale\u017cy pami\u0119ta\u0107 o bezpiecze\u0144stwie:<\/p>\n<ul>\n<li>Nie udost\u0119pniaj danych osobowych, takich jak numer telefonu, adres e-mail czy adres.<\/li>\n<li>Unikaj klikania link\u00f3w wysy\u0142anych przez nieznajomych.<\/li>\n<li>U\u017cyj przycisku \"Dalej\", je\u015bli czujesz si\u0119 niekomfortowo.<\/li>\n<li>Sprawd\u017a swoje t\u0142o, aby upewni\u0107 si\u0119, \u017ce nic prywatnego nie jest widoczne.<\/li>\n<li>Zg\u0142aszaj z\u0142ych u\u017cytkownik\u00f3w za pomoc\u0105 narz\u0119dzi platformy.<\/li>\n<li>Przestrzegaj ogranicze\u0144 wiekowych - je\u015bli masz mniej ni\u017c 18 lat, nie korzystaj z platform czat\u00f3w wideo dla doros\u0142ych.<\/li>\n<\/ul>\n<h2>Jak zacz\u0105\u0107 - krok po kroku<\/h2>\n<p>Rozpocz\u0119cie darmowego losowego czatu wideo zajmuje tylko kilka sekund:<\/p>\n<ol>\n<li>Otw\u00f3rz StrangerCam w przegl\u0105darce lub telefonie.<\/li>\n<li>Zezw\u00f3l na dost\u0119p do kamery i mikrofonu.<\/li>\n<li>Wybierz preferencje (takie jak filtr p\u0142ci, je\u015bli jest dost\u0119pny).<\/li>\n<li>Kliknij przycisk Rozpocznij czat, aby natychmiast nawi\u0105za\u0107 po\u0142\u0105czenie.<\/li>\n<li>Kliknij Next w dowolnym momencie, aby pozna\u0107 kogo\u015b nowego.<\/li>\n<\/ol>\n<p>Szybka, prosta i ca\u0142kowicie darmowa.<\/p>\n<h2>Przemy\u015blenia ko\u0144cowe - wypr\u00f3buj darmowy losowy czat wideo ju\u017c dzi\u015b<\/h2>\n<p>W 2025 roku darmowy losowy czat wideo jest jednym z naj\u0142atwiejszych i najbardziej ekscytuj\u0105cych sposob\u00f3w poznawania nowych ludzi online. Jest szybki, zabawny i natychmiast \u0142\u0105czy ci\u0119 z nieznajomymi na ca\u0142ym \u015bwiecie.<\/p>\n<p>Ale nie wszystkie platformy to zapewniaj\u0105. Wiele z nich ukrywa funkcje za p\u0142atnymi zaporami lub jest pe\u0142nych bot\u00f3w. W\u0142a\u015bnie dlatego StrangerCam jest najlepsz\u0105 opcj\u0105: jest darmowy, bezpieczny, anonimowy i zawsze aktywny z globalnymi u\u017cytkownikami gotowymi do czatowania.<\/p>\n<p>Gotowy, aby spr\u00f3bowa\u0107? Rozpocznij darmowy losowy czat wideo ju\u017c dzi\u015b i zobacz, kogo spotkasz w przysz\u0142o\u015bci.<\/p>","protected":false},"excerpt":{"rendered":"<p>Are you looking for the best way to enjoy a free random video chat? You\u2019re not alone. Millions of people worldwide search for random video chat platforms every month, hoping to connect instantly with strangers\u2014whether for friendship, cultural exchange, casual flirting, or simply to kill boredom. Unlike dating apps or social networks, which can feel [&hellip;]<\/p>\n","protected":false},"author":8,"featured_media":0,"parent":0,"menu_order":0,"comment_status":"closed","ping_status":"closed","template":"","meta":{"footnotes":""},"class_list":["post-4022","page","type-page","status-publish","hentry"],"yoast_head":"<!-- This site is optimized with the Yoast SEO plugin v27.4 - https:\/\/yoast.com\/product\/yoast-seo-wordpress\/ -->\n<title>Free Random Video Chat on Strangercam.com<\/title>\n<meta name=\"description\" content=\"Liking Free Random Video Chat? Join millions on StrangerCam.com! Start a random video chat, turn on your cam, and meet strangers instantly.\" \/>\n<meta name=\"robots\" content=\"index, follow, max-snippet:-1, max-image-preview:large, max-video-preview:-1\" \/>\n<link rel=\"canonical\" href=\"https:\/\/strangercam.com\/pl\/darmowy-losowy-czat-wideo\/\" \/>\n<meta property=\"og:locale\" content=\"pl_PL\" \/>\n<meta property=\"og:type\" content=\"article\" \/>\n<meta property=\"og:title\" content=\"Free Random Video Chat on Strangercam.com\" \/>\n<meta property=\"og:description\" content=\"Liking Free Random Video Chat? Join millions on StrangerCam.com! Start a random video chat, turn on your cam, and meet strangers instantly.\" \/>\n<meta property=\"og:url\" content=\"https:\/\/strangercam.com\/pl\/darmowy-losowy-czat-wideo\/\" \/>\n<meta property=\"og:site_name\" content=\"Strangercam\" \/>\n<meta property=\"article:publisher\" content=\"https:\/\/www.facebook.com\/strangercam\" \/>\n<meta property=\"article:modified_time\" content=\"2025-09-03T11:42:39+00:00\" \/>\n<meta property=\"og:image\" content=\"https:\/\/strangercam.com\/wp-content\/uploads\/2021\/10\/Untitled-2.png\" \/>\n\t<meta property=\"og:image:width\" content=\"800\" \/>\n\t<meta property=\"og:image:height\" content=\"532\" \/>\n\t<meta property=\"og:image:type\" content=\"image\/png\" \/>\n<meta name=\"twitter:card\" content=\"summary_large_image\" \/>\n<meta name=\"twitter:site\" content=\"@strangercamapp\" \/>\n<meta name=\"twitter:label1\" content=\"Szacowany czas czytania\" \/>\n\t<meta name=\"twitter:data1\" content=\"5 minut\" \/>\n<script type=\"application\/ld+json\" class=\"yoast-schema-graph\">{\"@context\":\"https:\\\/\\\/schema.org\",\"@graph\":[{\"@type\":\"WebPage\",\"@id\":\"https:\\\/\\\/strangercam.com\\\/free-random-video-chat\\\/\",\"url\":\"https:\\\/\\\/strangercam.com\\\/free-random-video-chat\\\/\",\"name\":\"Free Random Video Chat on Strangercam.com\",\"isPartOf\":{\"@id\":\"https:\\\/\\\/strangercam.com\\\/#website\"},\"datePublished\":\"2025-09-03T10:43:36+00:00\",\"dateModified\":\"2025-09-03T11:42:39+00:00\",\"description\":\"Liking Free Random Video Chat? Join millions on StrangerCam.com! Start a random video chat, turn on your cam, and meet strangers instantly.\",\"breadcrumb\":{\"@id\":\"https:\\\/\\\/strangercam.com\\\/free-random-video-chat\\\/#breadcrumb\"},\"inLanguage\":\"pl-PL\",\"potentialAction\":[{\"@type\":\"ReadAction\",\"target\":[\"https:\\\/\\\/strangercam.com\\\/free-random-video-chat\\\/\"]}]},{\"@type\":\"BreadcrumbList\",\"@id\":\"https:\\\/\\\/strangercam.com\\\/free-random-video-chat\\\/#breadcrumb\",\"itemListElement\":[{\"@type\":\"ListItem\",\"position\":1,\"name\":\"Home\",\"item\":\"https:\\\/\\\/strangercam.com\\\/\"},{\"@type\":\"ListItem\",\"position\":2,\"name\":\"Free Random Video Chat\"}]},{\"@type\":\"WebSite\",\"@id\":\"https:\\\/\\\/strangercam.com\\\/#website\",\"url\":\"https:\\\/\\\/strangercam.com\\\/\",\"name\":\"Strangercam\",\"description\":\"Random Video Chat with Strangers\",\"publisher\":{\"@id\":\"https:\\\/\\\/strangercam.com\\\/#organization\"},\"alternateName\":\"Strangercam.com\",\"potentialAction\":[{\"@type\":\"SearchAction\",\"target\":{\"@type\":\"EntryPoint\",\"urlTemplate\":\"https:\\\/\\\/strangercam.com\\\/?s={search_term_string}\"},\"query-input\":{\"@type\":\"PropertyValueSpecification\",\"valueRequired\":true,\"valueName\":\"search_term_string\"}}],\"inLanguage\":\"pl-PL\"},{\"@type\":\"Organization\",\"@id\":\"https:\\\/\\\/strangercam.com\\\/#organization\",\"name\":\"Strangercam\",\"alternateName\":\"Strangercam.com\",\"url\":\"https:\\\/\\\/strangercam.com\\\/\",\"logo\":{\"@type\":\"ImageObject\",\"inLanguage\":\"pl-PL\",\"@id\":\"https:\\\/\\\/strangercam.com\\\/#\\\/schema\\\/logo\\\/image\\\/\",\"url\":\"https:\\\/\\\/strangercam.com\\\/wp-content\\\/uploads\\\/2020\\\/11\\\/cropped-new-favicon-black.png\",\"contentUrl\":\"https:\\\/\\\/strangercam.com\\\/wp-content\\\/uploads\\\/2020\\\/11\\\/cropped-new-favicon-black.png\",\"width\":512,\"height\":512,\"caption\":\"Strangercam\"},\"image\":{\"@id\":\"https:\\\/\\\/strangercam.com\\\/#\\\/schema\\\/logo\\\/image\\\/\"},\"sameAs\":[\"https:\\\/\\\/www.facebook.com\\\/strangercam\",\"https:\\\/\\\/x.com\\\/strangercamapp\"]}]}<\/script>\n<!-- \/ Yoast SEO plugin. -->","yoast_head_json":{"title":"Darmowy losowy czat wideo na Strangercam.com","description":"Lubisz darmowy losowy czat wideo? Join miliony na StrangerCam.com! Rozpocznij losowy czat wideo, w\u0142\u0105cz kamer\u0119 i natychmiast poznawaj nieznajomych.","robots":{"index":"index","follow":"follow","max-snippet":"max-snippet:-1","max-image-preview":"max-image-preview:large","max-video-preview":"max-video-preview:-1"},"canonical":"https:\/\/strangercam.com\/pl\/darmowy-losowy-czat-wideo\/","og_locale":"pl_PL","og_type":"article","og_title":"Free Random Video Chat on Strangercam.com","og_description":"Liking Free Random Video Chat? Join millions on StrangerCam.com! Start a random video chat, turn on your cam, and meet strangers instantly.","og_url":"https:\/\/strangercam.com\/pl\/darmowy-losowy-czat-wideo\/","og_site_name":"Strangercam","article_publisher":"https:\/\/www.facebook.com\/strangercam","article_modified_time":"2025-09-03T11:42:39+00:00","og_image":[{"width":800,"height":532,"url":"https:\/\/strangercam.com\/wp-content\/uploads\/2021\/10\/Untitled-2.png","type":"image\/png"}],"twitter_card":"summary_large_image","twitter_site":"@strangercamapp","twitter_misc":{"Szacowany czas czytania":"5 minut"},"schema":{"@context":"https:\/\/schema.org","@graph":[{"@type":"WebPage","@id":"https:\/\/strangercam.com\/free-random-video-chat\/","url":"https:\/\/strangercam.com\/free-random-video-chat\/","name":"Darmowy losowy czat wideo na Strangercam.com","isPartOf":{"@id":"https:\/\/strangercam.com\/#website"},"datePublished":"2025-09-03T10:43:36+00:00","dateModified":"2025-09-03T11:42:39+00:00","description":"Lubisz darmowy losowy czat wideo? Join miliony na StrangerCam.com! Rozpocznij losowy czat wideo, w\u0142\u0105cz kamer\u0119 i natychmiast poznawaj nieznajomych.","breadcrumb":{"@id":"https:\/\/strangercam.com\/free-random-video-chat\/#breadcrumb"},"inLanguage":"pl-PL","potentialAction":[{"@type":"ReadAction","target":["https:\/\/strangercam.com\/free-random-video-chat\/"]}]},{"@type":"BreadcrumbList","@id":"https:\/\/strangercam.com\/free-random-video-chat\/#breadcrumb","itemListElement":[{"@type":"ListItem","position":1,"name":"Home","item":"https:\/\/strangercam.com\/"},{"@type":"ListItem","position":2,"name":"Free Random Video Chat"}]},{"@type":"WebSite","@id":"https:\/\/strangercam.com\/#website","url":"https:\/\/strangercam.com\/","name":"Strangercam","description":"Losowy czat wideo z nieznajomymi","publisher":{"@id":"https:\/\/strangercam.com\/#organization"},"alternateName":"Strangercam.com","potentialAction":[{"@type":"SearchAction","target":{"@type":"EntryPoint","urlTemplate":"https:\/\/strangercam.com\/?s={search_term_string}"},"query-input":{"@type":"PropertyValueSpecification","valueRequired":true,"valueName":"search_term_string"}}],"inLanguage":"pl-PL"},{"@type":"Organization","@id":"https:\/\/strangercam.com\/#organization","name":"Strangercam","alternateName":"Strangercam.com","url":"https:\/\/strangercam.com\/","logo":{"@type":"ImageObject","inLanguage":"pl-PL","@id":"https:\/\/strangercam.com\/#\/schema\/logo\/image\/","url":"https:\/\/strangercam.com\/wp-content\/uploads\/2020\/11\/cropped-new-favicon-black.png","contentUrl":"https:\/\/strangercam.com\/wp-content\/uploads\/2020\/11\/cropped-new-favicon-black.png","width":512,"height":512,"caption":"Strangercam"},"image":{"@id":"https:\/\/strangercam.com\/#\/schema\/logo\/image\/"},"sameAs":["https:\/\/www.facebook.com\/strangercam","https:\/\/x.com\/strangercamapp"]}]}},"_links":{"self":[{"href":"https:\/\/strangercam.com\/pl\/wp-json\/wp\/v2\/pages\/4022","targetHints":{"allow":["GET"]}}],"collection":[{"href":"https:\/\/strangercam.com\/pl\/wp-json\/wp\/v2\/pages"}],"about":[{"href":"https:\/\/strangercam.com\/pl\/wp-json\/wp\/v2\/types\/page"}],"author":[{"embeddable":true,"href":"https:\/\/strangercam.com\/pl\/wp-json\/wp\/v2\/users\/8"}],"replies":[{"embeddable":true,"href":"https:\/\/strangercam.com\/pl\/wp-json\/wp\/v2\/comments?post=4022"}],"version-history":[{"count":3,"href":"https:\/\/strangercam.com\/pl\/wp-json\/wp\/v2\/pages\/4022\/revisions"}],"predecessor-version":[{"id":12997,"href":"https:\/\/strangercam.com\/pl\/wp-json\/wp\/v2\/pages\/4022\/revisions\/12997"}],"wp:attachment":[{"href":"https:\/\/strangercam.com\/pl\/wp-json\/wp\/v2\/media?parent=4022"}],"curies":[{"name":"wp","href":"https:\/\/api.w.org\/{rel}","templated":true}]}}