{"id":4004,"date":"2025-09-03T12:37:25","date_gmt":"2025-09-03T10:37:25","guid":{"rendered":"https:\/\/strangercam.com\/?page_id=4004"},"modified":"2025-09-03T13:39:32","modified_gmt":"2025-09-03T11:39:32","slug":"rozmowy-wideo-z-nieznajomymi","status":"publish","type":"page","link":"https:\/\/strangercam.com\/pl\/video-call-strangers\/","title":{"rendered":"Rozmowy wideo z nieznajomymi"},"content":{"rendered":"<p>Czy szuka\u0142e\u015b najlepszego sposobu na rozmowy wideo z nieznajomymi? Nie jeste\u015b sam. Ka\u017cdego miesi\u0105ca miliony ludzi szukaj\u0105 platform do natychmiastowych po\u0142\u0105cze\u0144 wideo, gdzie mog\u0105 spotka\u0107 przypadkowe osoby, nawi\u0105za\u0107 nowe znajomo\u015bci, flirtowa\u0107 lub po prostu sp\u0119dzi\u0107 czas. W przeciwie\u0144stwie do aplikacji randkowych lub sieci spo\u0142eczno\u015bciowych, kt\u00f3re mog\u0105 wydawa\u0107 si\u0119 powolne lub fa\u0142szywe, rozmowa wideo z nieznajomymi jest spontaniczna, prawdziwa i ekscytuj\u0105ca.<\/p>\n<p>Dzi\u0119ki platformom takim jak StrangerCam mo\u017cesz cieszy\u0107 si\u0119 darmowymi rozmowami wideo z nieznajomymi w dowolnym momencie - bez rejestracji, bez pobierania i bez ukrytych koszt\u00f3w. Jest to jeden z naj\u0142atwiejszych i najbardziej zabawnych sposob\u00f3w \u0142\u0105czenia si\u0119 twarz\u0105 w twarz z lud\u017ami z ca\u0142ego \u015bwiata.<\/p>\n<p>Ten przewodnik wyja\u015bni wszystko, co musisz wiedzie\u0107: co to znaczy prowadzi\u0107 rozmowy wideo z nieznajomymi, dlaczego jest to tak popularne, jak to dzia\u0142a, kt\u00f3re funkcje s\u0105 najwa\u017cniejsze, por\u00f3wnania najlepszych platform, wskaz\u00f3wki dotycz\u0105ce bezpiecze\u0144stwa i dlaczego StrangerCam jest jednym z najlepszych miejsc do prowadzenia rozm\u00f3w wideo z nieznajomymi w 2025 roku.<\/p>\n<h2>Co oznacza \"po\u0142\u0105czenie wideo z nieznajomymi\"?<\/h2>\n<p>Podczas wideorozmowy z nieznajomymi mo\u017cesz natychmiast po\u0142\u0105czy\u0107 si\u0119 z przypadkowymi osobami za po\u015brednictwem kamery internetowej i d\u017awi\u0119ku na \u017cywo. <a href=\"https:\/\/strangercam.com\/pl\/chathub\/\">czat<\/a>. W przeciwie\u0144stwie do platform tekstowych, rozmowy wideo zapewniaj\u0105, \u017ce rozmawiasz z prawdziw\u0105 osob\u0105 w czasie rzeczywistym.<\/p>\n<p>Nie ma potrzeby tworzenia kont, profili ani nieko\u0144cz\u0105cego si\u0119 przesuwania. Wystarczy nacisn\u0105\u0107 przycisk, by znale\u017a\u0107 si\u0119 twarz\u0105 w twarz z kim\u015b nowym. Je\u015bli czat nie jest tym, czego szukasz, naci\u015bnij przycisk Dalej i natychmiast przejd\u017a do nast\u0119pnej osoby.<\/p>\n<h2>Dlaczego ludzie uwielbiaj\u0105 darmowe rozmowy wideo z nieznajomymi?<\/h2>\n<p>Popularno\u015b\u0107 darmowych rozm\u00f3w wideo z nieznajomymi gwa\u0142townie wzros\u0142a, poniewa\u017c oferuj\u0105 one co\u015b wyj\u0105tkowego:<\/p>\n<ul>\n<li>Autentyczno\u015b\u0107: Wideo uniemo\u017cliwia fa\u0142szowanie. Natychmiast widzisz i s\u0142yszysz prawdziw\u0105 osob\u0119.<\/li>\n<li>Spontaniczno\u015b\u0107: Ka\u017cdy czat jest niespodziank\u0105. Nigdy nie wiadomo, kto b\u0119dzie nast\u0119pny.<\/li>\n<li>Bez zobowi\u0105za\u0144: Bez rejestracji, bez profili - po prostu szybkie, natychmiastowe po\u0142\u0105czenie.<\/li>\n<li>Globalny zasi\u0119g: Poznawaj nieznajomych na ca\u0142ym \u015bwiecie, 24\/7.<\/li>\n<li>Przyja\u017a\u0144 i flirt: Niekt\u00f3rzy u\u017cywaj\u0105 go do nawi\u0105zywania nowych znajomo\u015bci; inni do lekkiego flirtowania.<\/li>\n<li>Szybka rozrywka: Idealne rozwi\u0105zanie na nud\u0119 lub urozmaicenie dnia.<\/li>\n<\/ul>\n<h2>Jak dzia\u0142a po\u0142\u0105czenie wideo z nieznajomym?<\/h2>\n<p>Korzystanie z platformy do rozm\u00f3w wideo z nieznajomymi jest szybkie i proste:<\/p>\n<ol>\n<li>Otw\u00f3rz platform\u0119 (przegl\u0105dark\u0119 stacjonarn\u0105 lub mobiln\u0105).<\/li>\n<li>Zezw\u00f3l na dost\u0119p do kamery i mikrofonu.<\/li>\n<li>Kliknij \"Rozpocznij czat\", aby natychmiast po\u0142\u0105czy\u0107 si\u0119 z losow\u0105 osob\u0105.<\/li>\n<li>Rozmawiaj twarz\u0105 w twarz w czasie rzeczywistym.<\/li>\n<li>Kliknij \"Dalej\" za ka\u017cdym razem, gdy chcesz pozna\u0107 kogo\u015b nowego.<\/li>\n<\/ol>\n<p>Niekt\u00f3re witryny oferuj\u0105 r\u00f3wnie\u017c takie funkcje, jak filtry p\u0142ci, wyb\u00f3r kraju, a nawet t\u0142umaczenie na czacie.<\/p>\n<h2>Najwa\u017cniejsze cechy, kt\u00f3rych nale\u017cy szuka\u0107<\/h2>\n<p>Nie ka\u017cda platforma oferuj\u0105ca rozmowy wideo z nieznajomymi jest warta twojego czasu. Oto, na co powiniene\u015b zwr\u00f3ci\u0107 uwag\u0119:<\/p>\n<h3>1. Prawdziwie darmowy dost\u0119p<\/h3>\n<p>Unikaj witryn, kt\u00f3re twierdz\u0105, \u017ce s\u0105 bezp\u0142atne, ale ograniczaj\u0105 funkcje za p\u0142atnymi zaporami.<\/p>\n<h3>2. Rejestracja nie jest wymagana<\/h3>\n<p>Powinna istnie\u0107 mo\u017cliwo\u015b\u0107 natychmiastowego czatowania bez rejestracji.<\/p>\n<h3>3. Filtry p\u0142ci i lokalizacji<\/h3>\n<p>Przydatne, je\u015bli chcesz pozna\u0107 okre\u015blone typy os\u00f3b.<\/p>\n<h3>4. Bezpieczny umiar<\/h3>\n<p>Platformy z narz\u0119dziami do raportowania i moderacji oferuj\u0105 bezpieczniejsze \u015brodowisko.<\/p>\n<h3>5. Do\u015bwiadczenie przyjazne dla urz\u0105dze\u0144 mobilnych<\/h3>\n<p>Upewnij si\u0119, \u017ce platforma dzia\u0142a zar\u00f3wno na smartfonach, jak i komputerach stacjonarnych.<\/p>\n<h3>6. Wysoka jako\u015b\u0107 obrazu i d\u017awi\u0119ku<\/h3>\n<p>Jasne po\u0142\u0105czenia sprawiaj\u0105, \u017ce rozmowy s\u0105 naturalne i przyjemne.<\/p>\n<h2>Najlepsze platformy do rozm\u00f3w wideo z nieznajomymi w 2025 roku<\/h2>\n<p>Oto por\u00f3wnanie najlepszych platform do rozm\u00f3w wideo z nieznajomymi:<\/p>\n<table>\n<thead>\n<tr>\n<th>Platforma<\/th>\n<th align=\"center\">Bezp\u0142atny dost\u0119p<\/th>\n<th align=\"center\">Filtr p\u0142ci<\/th>\n<th align=\"center\">Wymagana rejestracja<\/th>\n<th align=\"center\">Wsparcie mobilne<\/th>\n<th align=\"center\">Moderacja<\/th>\n<th>Uwagi<\/th>\n<\/tr>\n<\/thead>\n<tbody>\n<tr>\n<td>StrangerCam<\/td>\n<td align=\"center\">\u2705<\/td>\n<td align=\"center\">\u2705 (Free)<\/td>\n<td align=\"center\">\u274c<\/td>\n<td align=\"center\">\u2705<\/td>\n<td align=\"center\">\u2705<\/td>\n<td>Najlepszy og\u00f3lny wyb\u00f3r, naprawd\u0119 darmowy<\/td>\n<\/tr>\n<tr>\n<td><a href=\"https:\/\/strangercam.com\/pl\/chatroulette\/\">Chatroulette<\/a><\/td>\n<td align=\"center\">\u2705<\/td>\n<td align=\"center\">\u274c (p\u0142atne)<\/td>\n<td align=\"center\">\u274c<\/td>\n<td align=\"center\">\u2705<\/td>\n<td align=\"center\">\u2705<\/td>\n<td>Klasyka, ale filtr p\u0142ci zablokowany<\/td>\n<\/tr>\n<tr>\n<td>Chatrandom<\/td>\n<td align=\"center\">\u2705<\/td>\n<td align=\"center\">\u274c (p\u0142atne)<\/td>\n<td align=\"center\">\u274c<\/td>\n<td align=\"center\">\u2705<\/td>\n<td align=\"center\">\u2705<\/td>\n<td>Du\u017ca baza u\u017cytkownik\u00f3w, ale brak aktualizacji<\/td>\n<\/tr>\n<tr>\n<td><a href=\"https:\/\/strangercam.com\/pl\/ometv\/\">OmeTV<\/a><\/td>\n<td align=\"center\">\u2705<\/td>\n<td align=\"center\">\u274c<\/td>\n<td align=\"center\">\u274c<\/td>\n<td align=\"center\">\u2705<\/td>\n<td align=\"center\">\u2705<\/td>\n<td>Dost\u0119pna tylko losowa aplikacja mobilna<\/td>\n<\/tr>\n<tr>\n<td>Shagle<\/td>\n<td align=\"center\">\u2705<\/td>\n<td align=\"center\">\u274c (p\u0142atne)<\/td>\n<td align=\"center\">\u274c<\/td>\n<td align=\"center\">\u2705<\/td>\n<td align=\"center\">\u2705<\/td>\n<td>Darmowe czaty, p\u0142atne funkcje premium<\/td>\n<\/tr>\n<tr>\n<td><a href=\"https:\/\/strangercam.com\/pl\/coomeet\/\">CooMeet<\/a><\/td>\n<td align=\"center\">\u274c (Trial)<\/td>\n<td align=\"center\">\u2705<\/td>\n<td align=\"center\">\u2705<\/td>\n<td align=\"center\">\u2705<\/td>\n<td align=\"center\">\u2705<\/td>\n<td>P\u0142atne po kr\u00f3tkim bezp\u0142atnym okresie pr\u00f3bnym<\/td>\n<\/tr>\n<tr>\n<td>LuckyCrush<\/td>\n<td align=\"center\">\u274c<\/td>\n<td align=\"center\">\u2705<\/td>\n<td align=\"center\">\u2705<\/td>\n<td align=\"center\">\u2705<\/td>\n<td align=\"center\">\u2705<\/td>\n<td>Zawsze p\u0142atny czat oparty na p\u0142ci<\/td>\n<\/tr>\n<\/tbody>\n<\/table>\n<p>StrangerCam to jedna z niewielu platform oferuj\u0105cych darmowe rozmowy wideo z nieznajomymi z dzia\u0142aj\u0105cym filtrem p\u0142ci, bez rejestracji i bez ogranicze\u0144.<\/p>\n<h2>Dlaczego StrangerCam to najlepszy wyb\u00f3r<\/h2>\n<p>Oto dlaczego StrangerCam jest najlepsz\u0105 platform\u0105 do rozm\u00f3w wideo z nieznajomymi w 2025 roku:<\/p>\n<h3>1. 100% Free &amp; Unlimited<\/h3>\n<p>\u017badnych kredyt\u00f3w, \u017cadnych limit\u00f3w - tylko darmowe rozmowy wideo.<\/p>\n<h3>2. Darmowy filtr p\u0142ci<\/h3>\n<p>Wybierz, z kim chcesz rozmawia\u0107 - z ch\u0142opakami, dziewczynami lub obojgiem - bez p\u0142acenia.<\/p>\n<h3>3. Nie jest wymagana rejestracja<\/h3>\n<p>Zachowaj anonimowo\u015b\u0107 i \u0142\u0105cz si\u0119 natychmiast.<\/p>\n<h3>4. Bezpieczny i moderowany<\/h3>\n<p>Aktywna moderacja i narz\u0119dzia raportowania sprawiaj\u0105, \u017ce spo\u0142eczno\u015b\u0107 jest przyjazna.<\/p>\n<h3>5. Globalna baza u\u017cytkownik\u00f3w<\/h3>\n<p>Poznawaj nieznajomych z ponad 100 kraj\u00f3w w dowolnym momencie.<\/p>\n<h3>6. Dzia\u0142a na wszystkich urz\u0105dzeniach<\/h3>\n<p>Zoptymalizowany zar\u00f3wno pod k\u0105tem urz\u0105dze\u0144 mobilnych, jak i komputer\u00f3w stacjonarnych.<\/p>\n<h2>Prawdziwe opinie u\u017cytkownik\u00f3w<\/h2>\n<blockquote><p><em>\"Chcia\u0142em mie\u0107 stron\u0119, na kt\u00f3rej m\u00f3g\u0142bym prowadzi\u0107 rozmowy wideo z nieznajomymi bez nara\u017cania si\u0119 na oszustwa. StrangerCam by\u0142a pierwsz\u0105 platform\u0105, kt\u00f3ra by\u0142a faktycznie darmowa\".<\/em><br \/>\n- Josh, 27 lat<\/p><\/blockquote>\n<blockquote><p><em>\"Podoba mi si\u0119, \u017ce nie musz\u0119 si\u0119 rejestrowa\u0107. Po prostu klikam start i jestem po\u0142\u0105czony z prawdziwymi lud\u017ami\".<\/em><br \/>\n- Isabella, 22 lata<\/p><\/blockquote>\n<blockquote><p><em>\"Filtr p\u0142ci faktycznie dzia\u0142a bez konieczno\u015bci dodatkowych op\u0142at. Wreszcie strona, kt\u00f3ra spe\u0142nia obietnice.\"<\/em><br \/>\n- Liam, 29 lat<\/p><\/blockquote>\n<blockquote><p><em>\"Szybko, \u0142atwo i przyjemnie. W ci\u0105gu jednego wieczoru pozna\u0142em ludzi z ca\u0142ego \u015bwiata\".<\/em><br \/>\n- Sofia, 24<\/p><\/blockquote>\n<h2>Wskaz\u00f3wki dotycz\u0105ce bezpiecze\u0144stwa podczas rozm\u00f3w wideo z nieznajomymi<\/h2>\n<p>Chocia\u017c rozmowy wideo z nieznajomymi s\u0105 zabawne, zawsze nale\u017cy zachowa\u0107 bezpiecze\u0144stwo:<\/p>\n<ul>\n<li>Nie udost\u0119pniaj danych osobowych, takich jak imi\u0119 i nazwisko, adres czy numer telefonu.<\/li>\n<li>Unikaj klikania link\u00f3w od nieznajomych.<\/li>\n<li>U\u017cyj przycisku \"Dalej\", je\u015bli czat wydaje si\u0119 niewygodny.<\/li>\n<li>Sprawd\u017a t\u0142o przed w\u0142\u0105czeniem kamery internetowej.<\/li>\n<li>Trzymaj si\u0119 narz\u0119dzi bezpiecze\u0144stwa platformy (blokuj\/raportuj).<\/li>\n<li>Przestrzegaj ogranicze\u0144 wiekowych - nie korzystaj z platform dla doros\u0142ych, je\u015bli masz mniej ni\u017c 18 lat.<\/li>\n<\/ul>\n<h2>Jak zacz\u0105\u0107 - krok po kroku<\/h2>\n<p>Rozpocz\u0119cie rozmowy wideo z nieznajomymi zajmuje mniej ni\u017c minut\u0119:<\/p>\n<ol>\n<li>Otw\u00f3rz StrangerCam w przegl\u0105darce lub na telefonie kom\u00f3rkowym.<\/li>\n<li>Zezw\u00f3l na dost\u0119p do kamery internetowej i mikrofonu.<\/li>\n<li>Wybierz preferencje (takie jak filtry p\u0142ci).<\/li>\n<li>Kliknij przycisk Rozpocznij czat, aby natychmiast nawi\u0105za\u0107 po\u0142\u0105czenie.<\/li>\n<li>Naci\u015bnij Next w dowolnym momencie, aby pozna\u0107 kogo\u015b nowego.<\/li>\n<\/ol>\n<p>To wszystko - szybko, prosto i za darmo.<\/p>\n<h2>Przemy\u015blenia ko\u0144cowe - wypr\u00f3buj darmowe rozmowy wideo z nieznajomymi ju\u017c dzi\u015b<\/h2>\n<p>W 2025 roku jednym z naj\u0142atwiejszych sposob\u00f3w na poznanie nowych ludzi s\u0105 rozmowy wideo online z nieznajomymi. Jest to spontaniczne, ekscytuj\u0105ce i pozwala natychmiast nawi\u0105za\u0107 prawdziwe znajomo\u015bci.<\/p>\n<p>Ale nie ka\u017cda platforma to zapewnia. Wiele witryn ukrywa istotne funkcje za p\u0142atnymi zaporami lub wype\u0142nia czaty botami. W\u0142a\u015bnie dlatego StrangerCam jest najlepsz\u0105 opcj\u0105: jest darmowy, bezpieczny, anonimowy i pe\u0142en ludzi z ca\u0142ego \u015bwiata gotowych do nawi\u0105zania kontaktu.<\/p>\n<p>Gotowy na poznanie kogo\u015b nowego? Rozpocznij darmow\u0105 rozmow\u0119 wideo z nieznajomymi ju\u017c dzi\u015b i zobacz, kogo spotkasz w przysz\u0142o\u015bci.<\/p>","protected":false},"excerpt":{"rendered":"<p>Have you been looking for the best way to video call strangers? You\u2019re not alone. Every month, millions of people search for instant video call platforms where they can meet random people, make new friends, flirt casually, or simply pass the time. Unlike dating apps or social networks, which can feel slow or fake, a [&hellip;]<\/p>\n","protected":false},"author":8,"featured_media":0,"parent":0,"menu_order":0,"comment_status":"closed","ping_status":"closed","template":"","meta":{"footnotes":""},"class_list":["post-4004","page","type-page","status-publish","hentry"],"yoast_head":"<!-- This site is optimized with the Yoast SEO plugin v27.4 - https:\/\/yoast.com\/product\/yoast-seo-wordpress\/ -->\n<title>Video Call Strangers on Strangercam.com<\/title>\n<meta name=\"description\" content=\"Liking Video Call Strangers? Join millions on StrangerCam.com! Start a random video chat, turn on your cam, and meet strangers instantly.\" \/>\n<meta name=\"robots\" content=\"index, follow, max-snippet:-1, max-image-preview:large, max-video-preview:-1\" \/>\n<link rel=\"canonical\" href=\"https:\/\/strangercam.com\/pl\/rozmowy-wideo-z-nieznajomymi\/\" \/>\n<meta property=\"og:locale\" content=\"pl_PL\" \/>\n<meta property=\"og:type\" content=\"article\" \/>\n<meta property=\"og:title\" content=\"Video Call Strangers on Strangercam.com\" \/>\n<meta property=\"og:description\" content=\"Liking Video Call Strangers? Join millions on StrangerCam.com! Start a random video chat, turn on your cam, and meet strangers instantly.\" \/>\n<meta property=\"og:url\" content=\"https:\/\/strangercam.com\/pl\/rozmowy-wideo-z-nieznajomymi\/\" \/>\n<meta property=\"og:site_name\" content=\"Strangercam\" \/>\n<meta property=\"article:publisher\" content=\"https:\/\/www.facebook.com\/strangercam\" \/>\n<meta property=\"article:modified_time\" content=\"2025-09-03T11:39:32+00:00\" \/>\n<meta property=\"og:image\" content=\"https:\/\/strangercam.com\/wp-content\/uploads\/2021\/10\/Untitled-2.png\" \/>\n\t<meta property=\"og:image:width\" content=\"800\" \/>\n\t<meta property=\"og:image:height\" content=\"532\" \/>\n\t<meta property=\"og:image:type\" content=\"image\/png\" \/>\n<meta name=\"twitter:card\" content=\"summary_large_image\" \/>\n<meta name=\"twitter:site\" content=\"@strangercamapp\" \/>\n<meta name=\"twitter:label1\" content=\"Szacowany czas czytania\" \/>\n\t<meta name=\"twitter:data1\" content=\"5 minut\" \/>\n<script type=\"application\/ld+json\" class=\"yoast-schema-graph\">{\"@context\":\"https:\\\/\\\/schema.org\",\"@graph\":[{\"@type\":\"WebPage\",\"@id\":\"https:\\\/\\\/strangercam.com\\\/video-call-strangers\\\/\",\"url\":\"https:\\\/\\\/strangercam.com\\\/video-call-strangers\\\/\",\"name\":\"Video Call Strangers on Strangercam.com\",\"isPartOf\":{\"@id\":\"https:\\\/\\\/strangercam.com\\\/#website\"},\"datePublished\":\"2025-09-03T10:37:25+00:00\",\"dateModified\":\"2025-09-03T11:39:32+00:00\",\"description\":\"Liking Video Call Strangers? Join millions on StrangerCam.com! Start a random video chat, turn on your cam, and meet strangers instantly.\",\"breadcrumb\":{\"@id\":\"https:\\\/\\\/strangercam.com\\\/video-call-strangers\\\/#breadcrumb\"},\"inLanguage\":\"pl-PL\",\"potentialAction\":[{\"@type\":\"ReadAction\",\"target\":[\"https:\\\/\\\/strangercam.com\\\/video-call-strangers\\\/\"]}]},{\"@type\":\"BreadcrumbList\",\"@id\":\"https:\\\/\\\/strangercam.com\\\/video-call-strangers\\\/#breadcrumb\",\"itemListElement\":[{\"@type\":\"ListItem\",\"position\":1,\"name\":\"Home\",\"item\":\"https:\\\/\\\/strangercam.com\\\/\"},{\"@type\":\"ListItem\",\"position\":2,\"name\":\"Video Call Strangers\"}]},{\"@type\":\"WebSite\",\"@id\":\"https:\\\/\\\/strangercam.com\\\/#website\",\"url\":\"https:\\\/\\\/strangercam.com\\\/\",\"name\":\"Strangercam\",\"description\":\"Random Video Chat with Strangers\",\"publisher\":{\"@id\":\"https:\\\/\\\/strangercam.com\\\/#organization\"},\"alternateName\":\"Strangercam.com\",\"potentialAction\":[{\"@type\":\"SearchAction\",\"target\":{\"@type\":\"EntryPoint\",\"urlTemplate\":\"https:\\\/\\\/strangercam.com\\\/?s={search_term_string}\"},\"query-input\":{\"@type\":\"PropertyValueSpecification\",\"valueRequired\":true,\"valueName\":\"search_term_string\"}}],\"inLanguage\":\"pl-PL\"},{\"@type\":\"Organization\",\"@id\":\"https:\\\/\\\/strangercam.com\\\/#organization\",\"name\":\"Strangercam\",\"alternateName\":\"Strangercam.com\",\"url\":\"https:\\\/\\\/strangercam.com\\\/\",\"logo\":{\"@type\":\"ImageObject\",\"inLanguage\":\"pl-PL\",\"@id\":\"https:\\\/\\\/strangercam.com\\\/#\\\/schema\\\/logo\\\/image\\\/\",\"url\":\"https:\\\/\\\/strangercam.com\\\/wp-content\\\/uploads\\\/2020\\\/11\\\/cropped-new-favicon-black.png\",\"contentUrl\":\"https:\\\/\\\/strangercam.com\\\/wp-content\\\/uploads\\\/2020\\\/11\\\/cropped-new-favicon-black.png\",\"width\":512,\"height\":512,\"caption\":\"Strangercam\"},\"image\":{\"@id\":\"https:\\\/\\\/strangercam.com\\\/#\\\/schema\\\/logo\\\/image\\\/\"},\"sameAs\":[\"https:\\\/\\\/www.facebook.com\\\/strangercam\",\"https:\\\/\\\/x.com\\\/strangercamapp\"]}]}<\/script>\n<!-- \/ Yoast SEO plugin. -->","yoast_head_json":{"title":"Rozmowy wideo z nieznajomymi na Strangercam.com","description":"Lubisz rozmowy wideo z nieznajomymi? Join miliony na StrangerCam.com! Rozpocznij losowy czat wideo, w\u0142\u0105cz kamer\u0119 i natychmiast poznaj nieznajomych.","robots":{"index":"index","follow":"follow","max-snippet":"max-snippet:-1","max-image-preview":"max-image-preview:large","max-video-preview":"max-video-preview:-1"},"canonical":"https:\/\/strangercam.com\/pl\/rozmowy-wideo-z-nieznajomymi\/","og_locale":"pl_PL","og_type":"article","og_title":"Video Call Strangers on Strangercam.com","og_description":"Liking Video Call Strangers? Join millions on StrangerCam.com! Start a random video chat, turn on your cam, and meet strangers instantly.","og_url":"https:\/\/strangercam.com\/pl\/rozmowy-wideo-z-nieznajomymi\/","og_site_name":"Strangercam","article_publisher":"https:\/\/www.facebook.com\/strangercam","article_modified_time":"2025-09-03T11:39:32+00:00","og_image":[{"width":800,"height":532,"url":"https:\/\/strangercam.com\/wp-content\/uploads\/2021\/10\/Untitled-2.png","type":"image\/png"}],"twitter_card":"summary_large_image","twitter_site":"@strangercamapp","twitter_misc":{"Szacowany czas czytania":"5 minut"},"schema":{"@context":"https:\/\/schema.org","@graph":[{"@type":"WebPage","@id":"https:\/\/strangercam.com\/video-call-strangers\/","url":"https:\/\/strangercam.com\/video-call-strangers\/","name":"Rozmowy wideo z nieznajomymi na Strangercam.com","isPartOf":{"@id":"https:\/\/strangercam.com\/#website"},"datePublished":"2025-09-03T10:37:25+00:00","dateModified":"2025-09-03T11:39:32+00:00","description":"Lubisz rozmowy wideo z nieznajomymi? Join miliony na StrangerCam.com! Rozpocznij losowy czat wideo, w\u0142\u0105cz kamer\u0119 i natychmiast poznaj nieznajomych.","breadcrumb":{"@id":"https:\/\/strangercam.com\/video-call-strangers\/#breadcrumb"},"inLanguage":"pl-PL","potentialAction":[{"@type":"ReadAction","target":["https:\/\/strangercam.com\/video-call-strangers\/"]}]},{"@type":"BreadcrumbList","@id":"https:\/\/strangercam.com\/video-call-strangers\/#breadcrumb","itemListElement":[{"@type":"ListItem","position":1,"name":"Home","item":"https:\/\/strangercam.com\/"},{"@type":"ListItem","position":2,"name":"Video Call Strangers"}]},{"@type":"WebSite","@id":"https:\/\/strangercam.com\/#website","url":"https:\/\/strangercam.com\/","name":"Strangercam","description":"Losowy czat wideo z nieznajomymi","publisher":{"@id":"https:\/\/strangercam.com\/#organization"},"alternateName":"Strangercam.com","potentialAction":[{"@type":"SearchAction","target":{"@type":"EntryPoint","urlTemplate":"https:\/\/strangercam.com\/?s={search_term_string}"},"query-input":{"@type":"PropertyValueSpecification","valueRequired":true,"valueName":"search_term_string"}}],"inLanguage":"pl-PL"},{"@type":"Organization","@id":"https:\/\/strangercam.com\/#organization","name":"Strangercam","alternateName":"Strangercam.com","url":"https:\/\/strangercam.com\/","logo":{"@type":"ImageObject","inLanguage":"pl-PL","@id":"https:\/\/strangercam.com\/#\/schema\/logo\/image\/","url":"https:\/\/strangercam.com\/wp-content\/uploads\/2020\/11\/cropped-new-favicon-black.png","contentUrl":"https:\/\/strangercam.com\/wp-content\/uploads\/2020\/11\/cropped-new-favicon-black.png","width":512,"height":512,"caption":"Strangercam"},"image":{"@id":"https:\/\/strangercam.com\/#\/schema\/logo\/image\/"},"sameAs":["https:\/\/www.facebook.com\/strangercam","https:\/\/x.com\/strangercamapp"]}]}},"_links":{"self":[{"href":"https:\/\/strangercam.com\/pl\/wp-json\/wp\/v2\/pages\/4004","targetHints":{"allow":["GET"]}}],"collection":[{"href":"https:\/\/strangercam.com\/pl\/wp-json\/wp\/v2\/pages"}],"about":[{"href":"https:\/\/strangercam.com\/pl\/wp-json\/wp\/v2\/types\/page"}],"author":[{"embeddable":true,"href":"https:\/\/strangercam.com\/pl\/wp-json\/wp\/v2\/users\/8"}],"replies":[{"embeddable":true,"href":"https:\/\/strangercam.com\/pl\/wp-json\/wp\/v2\/comments?post=4004"}],"version-history":[{"count":2,"href":"https:\/\/strangercam.com\/pl\/wp-json\/wp\/v2\/pages\/4004\/revisions"}],"predecessor-version":[{"id":12995,"href":"https:\/\/strangercam.com\/pl\/wp-json\/wp\/v2\/pages\/4004\/revisions\/12995"}],"wp:attachment":[{"href":"https:\/\/strangercam.com\/pl\/wp-json\/wp\/v2\/media?parent=4004"}],"curies":[{"name":"wp","href":"https:\/\/api.w.org\/{rel}","templated":true}]}}