{"id":3987,"date":"2025-08-28T17:34:41","date_gmt":"2025-08-28T15:34:41","guid":{"rendered":"https:\/\/strangercam.com\/?page_id=3987"},"modified":"2025-09-03T13:32:08","modified_gmt":"2025-09-03T11:32:08","slug":"rozmowa-z-nieznajomymi-wideo-online","status":"publish","type":"page","link":"https:\/\/strangercam.com\/pl\/talk-to-strangers-online-video\/","title":{"rendered":"Rozmowy z nieznajomymi online wideo"},"content":{"rendered":"<p>Szukasz najlepszego sposobu na rozmow\u0119 z nieznajomymi w stylu wideo online? Nie jeste\u015b jedyny. Ka\u017cdego dnia miliony ludzi wskakuj\u0105 na przypadkowe <a href=\"https:\/\/strangercam.com\/pl\/chathub\/\">czat<\/a> platformy do nawi\u0105zywania bezpo\u015brednich kontakt\u00f3w z nowymi osobami na ca\u0142ym \u015bwiecie. W przeciwie\u0144stwie do medi\u00f3w spo\u0142eczno\u015bciowych lub aplikacji randkowych, w kt\u00f3rych rozmowy cz\u0119sto wydaj\u0105 si\u0119 zainscenizowane lub wymagaj\u0105 czasu, czat wideo na \u017cywo z nieznajomymi jest natychmiastowy, autentyczny i ekscytuj\u0105cy.<\/p>\n<p>Dzi\u0119ki nowoczesnym platformom, takim jak StrangerCam, mo\u017cesz od razu rozpocz\u0105\u0107 darmowy czat wideo online z nieznajomymi - bez rejestracji, bez pobierania i bez ukrytych op\u0142at. Niezale\u017cnie od tego, czy chcesz si\u0119 zaprzyja\u017ani\u0107, \u0107wiczy\u0107 j\u0119zyk, cieszy\u0107 si\u0119 swobodnym flirtem, czy po prostu pokona\u0107 nud\u0119, rozmawianie z nieznajomymi przez wideo nigdy nie by\u0142o \u0142atwiejsze ani bezpieczniejsze.<\/p>\n<p>Ten przewodnik wyja\u015bnia wszystko, co musisz wiedzie\u0107 o czatach wideo online z nieznajomymi: jak dzia\u0142aj\u0105, dlaczego sta\u0142y si\u0119 tak popularne, jakie funkcje s\u0105 najwa\u017cniejsze, wskaz\u00f3wki dotycz\u0105ce bezpiecze\u0144stwa, por\u00f3wnania platform i dlaczego StrangerCam jest jednym z najlepszych wybor\u00f3w w 2025 roku.<\/p>\n<h2>Co oznacza \"Talk to Strangers Online Video\"?<\/h2>\n<p>Kiedy rozmawiasz z nieznajomymi w stylu wideo online, u\u017cywasz kamery internetowej i mikrofonu, aby natychmiast po\u0142\u0105czy\u0107 si\u0119 z przypadkowymi osobami przez Internet. W przeciwie\u0144stwie do czat\u00f3w tekstowych lub platform spo\u0142eczno\u015bciowych, ten format oferuje rozmowy w czasie rzeczywistym, twarz\u0105 w twarz z nieznajomymi - zapewniaj\u0105c znacznie bardziej autentyczne i spontaniczne wra\u017cenia.<\/p>\n<p>Zamiast w niesko\u0144czono\u015b\u0107 przesuwa\u0107 palcem po aplikacjach randkowych lub czeka\u0107 na odpowiedzi w mediach spo\u0142eczno\u015bciowych, wystarczy nacisn\u0105\u0107 przycisk, by natychmiast kogo\u015b pozna\u0107. Mo\u017ce to by\u0107 kto\u015b z Twojego kraju lub nieznajomy z drugiego ko\u0144ca \u015bwiata. Ka\u017cda rozmowa jest niespodziank\u0105.<\/p>\n<h2>Dlaczego ludzie uwielbiaj\u0105 darmowe czaty wideo online z nieznajomymi?<\/h2>\n<p>Wzrost popularno\u015bci darmowych platform wideo do rozm\u00f3w z nieznajomymi jest ogromny - i nie bez powodu. Oto dlaczego u\u017cytkownicy wci\u0105\u017c do nich wracaj\u0105:<\/p>\n<ul>\n<li>Prawdziwe ludzkie po\u0142\u0105czenie: Wideo udowadnia, \u017ce rozmawiasz z prawdziw\u0105 osob\u0105, a nie z fa\u0142szywym profilem lub botem.<\/li>\n<li>Ekscytuj\u0105cy i spontaniczny: Ka\u017cdy czat jest nieprzewidywalny - zabawny, przyjazny, zalotny, a czasem g\u0142\u0119boki.<\/li>\n<li>Brak barier: Bez konieczno\u015bci rejestracji, bez profili, bez czekania - po prostu natychmiastowe po\u0142\u0105czenie.<\/li>\n<li>Wymiana kulturalna: Spotkaj ludzi z r\u00f3\u017cnych kraj\u00f3w i poznaj ich styl \u017cycia.<\/li>\n<li>Ulga w samotno\u015bci: Dla wielu os\u00f3b jest to szybki spos\u00f3b na poczucie wi\u0119zi i pokonanie nudy.<\/li>\n<li>Wolno\u015b\u0107 wyboru: Je\u015bli z kim\u015b si\u0119 nie zgadzasz, jedno klikni\u0119cie przeniesie Ci\u0119 do nast\u0119pnego czatu.<\/li>\n<\/ul>\n<h2>Jak dzia\u0142aj\u0105 rozmowy wideo z nieznajomymi online?<\/h2>\n<p>Proces zosta\u0142 zaprojektowany tak, aby by\u0142 szybki i \u0142atwy:<\/p>\n<ol>\n<li>Otw\u00f3rz platform\u0119 (mobiln\u0105 lub stacjonarn\u0105).<\/li>\n<li>Po wy\u015bwietleniu monitu zezw\u00f3l na dost\u0119p do kamery i mikrofonu.<\/li>\n<li>Kliknij \"Rozpocznij czat\", aby natychmiast po\u0142\u0105czy\u0107 si\u0119 z przypadkowym nieznajomym.<\/li>\n<li>Rozmawiaj na \u017cywo przez wideo. Je\u015bli nie podoba ci si\u0119 czat, naci\u015bnij \"Dalej\".<\/li>\n<li>Powtarzaj w niesko\u0144czono\u015b\u0107 - nie ma ogranicze\u0144 co do liczby os\u00f3b, kt\u00f3re mo\u017cesz pozna\u0107.<\/li>\n<\/ol>\n<p>Niekt\u00f3re platformy zawieraj\u0105 r\u00f3wnie\u017c dodatki, takie jak filtry p\u0142ci, dopasowywanie lokalizacji, a nawet wbudowane narz\u0119dzia t\u0142umaczeniowe do czat\u00f3w mi\u0119dzyj\u0119zykowych.<\/p>\n<h2>Najwa\u017cniejsze cechy, kt\u00f3rych nale\u017cy szuka\u0107<\/h2>\n<p>Je\u015bli chcesz uzyska\u0107 najlepsze wra\u017cenia podczas rozm\u00f3w wideo online z nieznajomymi, zwr\u00f3\u0107 uwag\u0119 na te funkcje:<\/p>\n<h3>1. Prawdziwie darmowy dost\u0119p<\/h3>\n<p>Najlepsze platformy umo\u017cliwiaj\u0105 czatowanie bez zmuszania do subskrypcji.<\/p>\n<h3>2. Nie jest wymagana rejestracja<\/h3>\n<p>Zachowaj anonimowo\u015b\u0107 i wskocz od razu do zabawy bez kont i login\u00f3w.<\/p>\n<h3>3. Filtry p\u0142ci i lokalizacji<\/h3>\n<p>Przydatne, je\u015bli chcesz pozna\u0107 okre\u015blone typy os\u00f3b (np. czatowa\u0107 tylko z dziewczynami lub nieznajomymi z Twojego kraju).<\/p>\n<h3>4. Umiarkowanie i kontrole bezpiecze\u0144stwa<\/h3>\n<p>Aktywni moderatorzy i narz\u0119dzia do zg\u0142aszania pomagaj\u0105 chroni\u0107 przestrze\u0144 przed nieodpowiednim zachowaniem.<\/p>\n<h3>5. Projekt przyjazny dla urz\u0105dze\u0144 mobilnych<\/h3>\n<p>Powinna istnie\u0107 mo\u017cliwo\u015b\u0107 \u0142atwego po\u0142\u0105czenia z telefonu, a nie tylko z komputera.<\/p>\n<h3>6. Wysokiej jako\u015bci wideo<\/h3>\n<p>P\u0142ynne, wyra\u017ane wideo sprawia, \u017ce rozmowy s\u0105 bardziej naturalne i przyjemne.<\/p>\n<h2>Najlepsze platformy do rozm\u00f3w wideo z nieznajomymi online w 2025 roku<\/h2>\n<p>Oto por\u00f3wnanie najpopularniejszych platform:<\/p>\n<table>\n<thead>\n<tr>\n<th>Platforma<\/th>\n<th align=\"center\">Bezp\u0142atny dost\u0119p<\/th>\n<th align=\"center\">Filtr p\u0142ci<\/th>\n<th align=\"center\">Wymagana rejestracja<\/th>\n<th align=\"center\">Wsparcie mobilne<\/th>\n<th align=\"center\">Moderacja<\/th>\n<th>Uwagi<\/th>\n<\/tr>\n<\/thead>\n<tbody>\n<tr>\n<td>StrangerCam<\/td>\n<td align=\"center\">\u2705<\/td>\n<td align=\"center\">\u2705 (Free)<\/td>\n<td align=\"center\">\u274c<\/td>\n<td align=\"center\">\u2705<\/td>\n<td align=\"center\">\u2705<\/td>\n<td>Najlepszy og\u00f3lny wyb\u00f3r, bezpieczny i naprawd\u0119 darmowy<\/td>\n<\/tr>\n<tr>\n<td><a href=\"https:\/\/strangercam.com\/pl\/chatroulette\/\">Chatroulette<\/a><\/td>\n<td align=\"center\">\u2705<\/td>\n<td align=\"center\">\u274c (p\u0142atne)<\/td>\n<td align=\"center\">\u274c<\/td>\n<td align=\"center\">\u2705<\/td>\n<td align=\"center\">\u2705<\/td>\n<td>Klasyka, ale filtr p\u0142ci zablokowany<\/td>\n<\/tr>\n<tr>\n<td>Chatrandom<\/td>\n<td align=\"center\">\u2705<\/td>\n<td align=\"center\">\u274c (p\u0142atne)<\/td>\n<td align=\"center\">\u274c<\/td>\n<td align=\"center\">\u2705<\/td>\n<td align=\"center\">\u2705<\/td>\n<td>Du\u017ca baza u\u017cytkownik\u00f3w, ale potrzebne s\u0105 aktualizacje<\/td>\n<\/tr>\n<tr>\n<td><a href=\"https:\/\/strangercam.com\/pl\/ometv\/\">OmeTV<\/a><\/td>\n<td align=\"center\">\u2705<\/td>\n<td align=\"center\">\u274c<\/td>\n<td align=\"center\">\u274c<\/td>\n<td align=\"center\">\u2705<\/td>\n<td align=\"center\">\u2705<\/td>\n<td>Oparte na aplikacji, tylko losowe<\/td>\n<\/tr>\n<tr>\n<td>Shagle<\/td>\n<td align=\"center\">\u2705<\/td>\n<td align=\"center\">\u274c (p\u0142atne)<\/td>\n<td align=\"center\">\u274c<\/td>\n<td align=\"center\">\u2705<\/td>\n<td align=\"center\">\u2705<\/td>\n<td>Darmowe czaty, ale p\u0142atne aktualizacje<\/td>\n<\/tr>\n<tr>\n<td><a href=\"https:\/\/strangercam.com\/pl\/coomeet\/\">CooMeet<\/a><\/td>\n<td align=\"center\">\u274c (Trial)<\/td>\n<td align=\"center\">\u2705<\/td>\n<td align=\"center\">\u2705<\/td>\n<td align=\"center\">\u2705<\/td>\n<td align=\"center\">\u2705<\/td>\n<td>P\u0142atne po kilku darmowych czatach<\/td>\n<\/tr>\n<tr>\n<td>LuckyCrush<\/td>\n<td align=\"center\">\u274c<\/td>\n<td align=\"center\">\u2705<\/td>\n<td align=\"center\">\u2705<\/td>\n<td align=\"center\">\u2705<\/td>\n<td align=\"center\">\u2705<\/td>\n<td>Zawsze p\u0142atne po\u0142\u0105czenia oparte na p\u0142ci<\/td>\n<\/tr>\n<\/tbody>\n<\/table>\n<p>W\u015br\u00f3d nich StrangerCam jest jedn\u0105 z niewielu platform oferuj\u0105cych darmowe, nieograniczone czaty wideo online z nieznajomymi oraz dzia\u0142aj\u0105cy filtr p\u0142ci bez konieczno\u015bci rejestracji.<\/p>\n<h2>Dlaczego StrangerCam to najlepsze miejsce do rozm\u00f3w z nieznajomymi online?<\/h2>\n<p>Oto dlaczego StrangerCam jest jedn\u0105 z najlepszych platform w 2025 roku do rozm\u00f3w wideo z nieznajomymi online:<\/p>\n<h3>1. Ca\u0142kowicie darmowy i nieograniczony<\/h3>\n<p>Brak ukrytych koszt\u00f3w, wersji pr\u00f3bnych lub system\u00f3w kredytowych - mo\u017cesz czatowa\u0107 tyle, ile chcesz.<\/p>\n<h3>2. Prawdziwy filtr p\u0142ci, kt\u00f3ry jest bezp\u0142atny<\/h3>\n<p>W przeciwie\u0144stwie do wi\u0119kszo\u015bci konkurent\u00f3w, StrangerCam pozwala wybiera\u0107 dziewczyny, facet\u00f3w lub obu bez p\u0142acenia.<\/p>\n<h3>3. Rejestracja nie jest wymagana<\/h3>\n<p>Przejd\u017a od razu do zabawy bez tworzenia konta.<\/p>\n<h3>4. Bezpieczny i moderowany<\/h3>\n<p>Solidne systemy raportowania i moderacja na \u017cywo sprawiaj\u0105, \u017ce jest to jedna z bezpieczniejszych opcji.<\/p>\n<h3>5. Globalna baza u\u017cytkownik\u00f3w<\/h3>\n<p>Poznawaj nieznajomych z ponad 100 kraj\u00f3w, o ka\u017cdej porze, 24\/7.<\/p>\n<h3>6. Dzia\u0142a wsz\u0119dzie<\/h3>\n<p>Zoptymalizowany zar\u00f3wno dla komputer\u00f3w stacjonarnych, jak i urz\u0105dze\u0144 mobilnych, dzi\u0119ki czemu mo\u017cesz czatowa\u0107 w podr\u00f3\u017cy.<\/p>\n<h2>Prawdziwe opinie u\u017cytkownik\u00f3w<\/h2>\n<blockquote><p><em>\"Chcia\u0142em mie\u0107 miejsce, w kt\u00f3rym m\u00f3g\u0142bym rozmawia\u0107 z nieznajomymi w stylu wideo online, bez paywalli i pobierania plik\u00f3w. StrangerCam da\u0142o mi dok\u0142adnie to - za darmo, szybko i przyjemnie\".<\/em><br \/>\n- Daniel, 28 lat<\/p><\/blockquote>\n<blockquote><p><em>\"Pozna\u0142em tu ludzi z wielu r\u00f3\u017cnych kraj\u00f3w. To uzale\u017cniaj\u0105ce i \u015bwietny spos\u00f3b na sp\u0119dzanie wieczor\u00f3w\".<\/em><br \/>\n- Sophia, 24<\/p><\/blockquote>\n<blockquote><p><em>\"Wreszcie strona, na kt\u00f3rej filtr p\u0142ci faktycznie dzia\u0142a bez konieczno\u015bci p\u0142acenia. Gor\u0105co polecam.\"<\/em><br \/>\n- Ryan, 32 lata<\/p><\/blockquote>\n<blockquote><p><em>\"Czuj\u0119 si\u0119 bezpieczniej ni\u017c na innych platformach, kt\u00f3re wypr\u00f3bowa\u0142em. Moderacja jest solidna i mog\u0119 natychmiast pomin\u0105\u0107, je\u015bli nie podoba mi si\u0119 klimat\".<\/em><br \/>\n- Leah, 21 lat<\/p><\/blockquote>\n<h2>Wskaz\u00f3wki dotycz\u0105ce bezpiecze\u0144stwa podczas rozm\u00f3w z nieznajomymi online<\/h2>\n<p>Chocia\u017c czaty wideo online s\u0105 \u015bwietn\u0105 zabaw\u0105, zawsze priorytetem jest bezpiecze\u0144stwo:<\/p>\n<ul>\n<li>Nie udost\u0119pniaj danych osobowych (adresu, imienia i nazwiska, numeru telefonu).<\/li>\n<li>Pomi\u0144 lub zablokuj ka\u017cdego, kto sprawia, \u017ce czujesz si\u0119 niekomfortowo.<\/li>\n<li>Nigdy nie klikaj link\u00f3w wysy\u0142anych przez nieznajomych.<\/li>\n<li>U\u017cyj neutralnego t\u0142a, aby nie ujawnia\u0107 prywatnych szczeg\u00f3\u0142\u00f3w.<\/li>\n<li>Trzymaj si\u0119 narz\u0119dzi platformy - w razie potrzeby korzystaj z funkcji raportowania.<\/li>\n<li>Przestrzegaj ogranicze\u0144 wiekowych - je\u015bli masz mniej ni\u017c 18 lat, nie korzystaj z losowych czat\u00f3w dla doros\u0142ych.<\/li>\n<\/ul>\n<h2>Jak zacz\u0105\u0107 - krok po kroku<\/h2>\n<p>Rozpocz\u0119cie rozm\u00f3w wideo z nieznajomymi zajmuje mniej ni\u017c minut\u0119:<\/p>\n<ol>\n<li>Otw\u00f3rz StrangerCam w swojej przegl\u0105darce.<\/li>\n<li>Zezw\u00f3l na dost\u0119p do kamery i mikrofonu.<\/li>\n<li>Wybierz preferencje (np. filtr p\u0142ci).<\/li>\n<li>Kliknij Rozpocznij czat, aby natychmiast pozna\u0107 swojego pierwszego nieznajomego.<\/li>\n<li>Kliknij przycisk Dalej w dowolnym momencie, aby rozpocz\u0105\u0107 now\u0105 konwersacj\u0119.<\/li>\n<\/ol>\n<p>To wszystko - szybko, \u0142atwo i ca\u0142kowicie za darmo.<\/p>\n<h2>Cz\u0119sto zadawane pytania<\/h2>\n<h3>Czy rozmawianie z nieznajomymi online przez wideo jest naprawd\u0119 darmowe?<\/h3>\n<p>Tak. Platformy takie jak StrangerCam oferuj\u0105 nieograniczone darmowe czaty bez ukrytych op\u0142at.<\/p>\n<h3>Czy musz\u0119 si\u0119 zarejestrowa\u0107?<\/h3>\n<p>Nie. StrangerCam nie wymaga konta ani logowania.<\/p>\n<h3>Czy obcy s\u0105 prawdziwi?<\/h3>\n<p>Tak. Dzi\u0119ki wideo na \u017cywo rozmawiasz z prawdziwymi lud\u017ami, a nie z botami lub fa\u0142szywymi kontami.<\/p>\n<h3>Czy mog\u0119 u\u017cywa\u0107 go na telefonie?<\/h3>\n<p>Tak, StrangerCam dzia\u0142a doskonale zar\u00f3wno na komputerach stacjonarnych, jak i urz\u0105dzeniach mobilnych.<\/p>\n<h3>Czy jest to bezpieczne?<\/h3>\n<p>Tak, pod warunkiem przestrzegania podstawowych zasad bezpiecze\u0144stwa i korzystania z funkcji raportowania StrangerCam.<\/p>\n<h2>Przemy\u015blenia ko\u0144cowe - wypr\u00f3buj darmowy czat wideo online z nieznajomymi ju\u017c dzi\u015b<\/h2>\n<p>W 2025 roku naj\u0142atwiejszym sposobem na poznanie nowych ludzi online jest rozmowa z nieznajomymi za po\u015brednictwem czatu wideo. Jest on spontaniczny, autentyczny i darmowy, daj\u0105c mo\u017cliwo\u015b\u0107 natychmiastowego nawi\u0105zania kontaktu z prawdziwymi lud\u017ami na ca\u0142ym \u015bwiecie.<\/p>\n<p>Ale nie ka\u017cda platforma to zapewnia. Wiele z nich ukrywa funkcje za p\u0142atnymi zaporami lub wype\u0142nia swoje strony botami. W\u0142a\u015bnie dlatego StrangerCam jest obecnie jednym z najlepszych wybor\u00f3w: jest darmowy, bezpieczny, anonimowy i otwarty 24\/7 z globaln\u0105 spo\u0142eczno\u015bci\u0105 czekaj\u0105c\u0105 na spotkanie z Tob\u0105.<\/p>\n<p>Gotowy do nawi\u0105zania kontaktu? Rozpocznij darmowy czat wideo online z nieznajomymi - nigdy nie wiesz, kogo spotkasz.<\/p>","protected":false},"excerpt":{"rendered":"<p>Are you looking for the best way to talk to strangers online video style? You\u2019re not the only one. Every day, millions of people jump onto random chat platforms to connect face-to-face with new people across the globe. Unlike social media or dating apps, where conversations often feel staged or take time to start, live [&hellip;]<\/p>\n","protected":false},"author":8,"featured_media":0,"parent":0,"menu_order":0,"comment_status":"closed","ping_status":"closed","template":"","meta":{"footnotes":""},"class_list":["post-3987","page","type-page","status-publish","hentry"],"yoast_head":"<!-- This site is optimized with the Yoast SEO plugin v27.4 - https:\/\/yoast.com\/product\/yoast-seo-wordpress\/ -->\n<title>Talk to Strangers Online Video on Strangercam.com<\/title>\n<meta name=\"description\" content=\"Liking Talk to Strangers Online Video? Join millions on StrangerCam.com! Start a random video chat, turn on your cam, and meet strangers instantly.\" \/>\n<meta name=\"robots\" content=\"index, follow, max-snippet:-1, max-image-preview:large, max-video-preview:-1\" \/>\n<link rel=\"canonical\" href=\"https:\/\/strangercam.com\/pl\/rozmowa-z-nieznajomymi-wideo-online\/\" \/>\n<meta property=\"og:locale\" content=\"pl_PL\" \/>\n<meta property=\"og:type\" content=\"article\" \/>\n<meta property=\"og:title\" content=\"Talk to Strangers Online Video on Strangercam.com\" \/>\n<meta property=\"og:description\" content=\"Liking Talk to Strangers Online Video? Join millions on StrangerCam.com! Start a random video chat, turn on your cam, and meet strangers instantly.\" \/>\n<meta property=\"og:url\" content=\"https:\/\/strangercam.com\/pl\/rozmowa-z-nieznajomymi-wideo-online\/\" \/>\n<meta property=\"og:site_name\" content=\"Strangercam\" \/>\n<meta property=\"article:publisher\" content=\"https:\/\/www.facebook.com\/strangercam\" \/>\n<meta property=\"article:modified_time\" content=\"2025-09-03T11:32:08+00:00\" \/>\n<meta property=\"og:image\" content=\"https:\/\/strangercam.com\/wp-content\/uploads\/2021\/10\/Untitled-2.png\" \/>\n\t<meta property=\"og:image:width\" content=\"800\" \/>\n\t<meta property=\"og:image:height\" content=\"532\" \/>\n\t<meta property=\"og:image:type\" content=\"image\/png\" \/>\n<meta name=\"twitter:card\" content=\"summary_large_image\" \/>\n<meta name=\"twitter:site\" content=\"@strangercamapp\" \/>\n<meta name=\"twitter:label1\" content=\"Szacowany czas czytania\" \/>\n\t<meta name=\"twitter:data1\" content=\"6 minut\" \/>\n<script type=\"application\/ld+json\" class=\"yoast-schema-graph\">{\"@context\":\"https:\\\/\\\/schema.org\",\"@graph\":[{\"@type\":\"WebPage\",\"@id\":\"https:\\\/\\\/strangercam.com\\\/talk-to-strangers-online-video\\\/\",\"url\":\"https:\\\/\\\/strangercam.com\\\/talk-to-strangers-online-video\\\/\",\"name\":\"Talk to Strangers Online Video on Strangercam.com\",\"isPartOf\":{\"@id\":\"https:\\\/\\\/strangercam.com\\\/#website\"},\"datePublished\":\"2025-08-28T15:34:41+00:00\",\"dateModified\":\"2025-09-03T11:32:08+00:00\",\"description\":\"Liking Talk to Strangers Online Video? Join millions on StrangerCam.com! Start a random video chat, turn on your cam, and meet strangers instantly.\",\"breadcrumb\":{\"@id\":\"https:\\\/\\\/strangercam.com\\\/talk-to-strangers-online-video\\\/#breadcrumb\"},\"inLanguage\":\"pl-PL\",\"potentialAction\":[{\"@type\":\"ReadAction\",\"target\":[\"https:\\\/\\\/strangercam.com\\\/talk-to-strangers-online-video\\\/\"]}]},{\"@type\":\"BreadcrumbList\",\"@id\":\"https:\\\/\\\/strangercam.com\\\/talk-to-strangers-online-video\\\/#breadcrumb\",\"itemListElement\":[{\"@type\":\"ListItem\",\"position\":1,\"name\":\"Home\",\"item\":\"https:\\\/\\\/strangercam.com\\\/\"},{\"@type\":\"ListItem\",\"position\":2,\"name\":\"Talk to Strangers Online Video\"}]},{\"@type\":\"WebSite\",\"@id\":\"https:\\\/\\\/strangercam.com\\\/#website\",\"url\":\"https:\\\/\\\/strangercam.com\\\/\",\"name\":\"Strangercam\",\"description\":\"Random Video Chat with Strangers\",\"publisher\":{\"@id\":\"https:\\\/\\\/strangercam.com\\\/#organization\"},\"alternateName\":\"Strangercam.com\",\"potentialAction\":[{\"@type\":\"SearchAction\",\"target\":{\"@type\":\"EntryPoint\",\"urlTemplate\":\"https:\\\/\\\/strangercam.com\\\/?s={search_term_string}\"},\"query-input\":{\"@type\":\"PropertyValueSpecification\",\"valueRequired\":true,\"valueName\":\"search_term_string\"}}],\"inLanguage\":\"pl-PL\"},{\"@type\":\"Organization\",\"@id\":\"https:\\\/\\\/strangercam.com\\\/#organization\",\"name\":\"Strangercam\",\"alternateName\":\"Strangercam.com\",\"url\":\"https:\\\/\\\/strangercam.com\\\/\",\"logo\":{\"@type\":\"ImageObject\",\"inLanguage\":\"pl-PL\",\"@id\":\"https:\\\/\\\/strangercam.com\\\/#\\\/schema\\\/logo\\\/image\\\/\",\"url\":\"https:\\\/\\\/strangercam.com\\\/wp-content\\\/uploads\\\/2020\\\/11\\\/cropped-new-favicon-black.png\",\"contentUrl\":\"https:\\\/\\\/strangercam.com\\\/wp-content\\\/uploads\\\/2020\\\/11\\\/cropped-new-favicon-black.png\",\"width\":512,\"height\":512,\"caption\":\"Strangercam\"},\"image\":{\"@id\":\"https:\\\/\\\/strangercam.com\\\/#\\\/schema\\\/logo\\\/image\\\/\"},\"sameAs\":[\"https:\\\/\\\/www.facebook.com\\\/strangercam\",\"https:\\\/\\\/x.com\\\/strangercamapp\"]}]}<\/script>\n<!-- \/ Yoast SEO plugin. -->","yoast_head_json":{"title":"Talk to Strangers Online Video na Strangercam.com","description":"Lubisz rozmawia\u0107 z nieznajomymi na wideo online? Join miliony na StrangerCam.com! Rozpocznij losowy czat wideo, w\u0142\u0105cz kamer\u0119 i natychmiast poznawaj nieznajomych.","robots":{"index":"index","follow":"follow","max-snippet":"max-snippet:-1","max-image-preview":"max-image-preview:large","max-video-preview":"max-video-preview:-1"},"canonical":"https:\/\/strangercam.com\/pl\/rozmowa-z-nieznajomymi-wideo-online\/","og_locale":"pl_PL","og_type":"article","og_title":"Talk to Strangers Online Video on Strangercam.com","og_description":"Liking Talk to Strangers Online Video? Join millions on StrangerCam.com! Start a random video chat, turn on your cam, and meet strangers instantly.","og_url":"https:\/\/strangercam.com\/pl\/rozmowa-z-nieznajomymi-wideo-online\/","og_site_name":"Strangercam","article_publisher":"https:\/\/www.facebook.com\/strangercam","article_modified_time":"2025-09-03T11:32:08+00:00","og_image":[{"width":800,"height":532,"url":"https:\/\/strangercam.com\/wp-content\/uploads\/2021\/10\/Untitled-2.png","type":"image\/png"}],"twitter_card":"summary_large_image","twitter_site":"@strangercamapp","twitter_misc":{"Szacowany czas czytania":"6 minut"},"schema":{"@context":"https:\/\/schema.org","@graph":[{"@type":"WebPage","@id":"https:\/\/strangercam.com\/talk-to-strangers-online-video\/","url":"https:\/\/strangercam.com\/talk-to-strangers-online-video\/","name":"Talk to Strangers Online Video na Strangercam.com","isPartOf":{"@id":"https:\/\/strangercam.com\/#website"},"datePublished":"2025-08-28T15:34:41+00:00","dateModified":"2025-09-03T11:32:08+00:00","description":"Lubisz rozmawia\u0107 z nieznajomymi na wideo online? Join miliony na StrangerCam.com! Rozpocznij losowy czat wideo, w\u0142\u0105cz kamer\u0119 i natychmiast poznawaj nieznajomych.","breadcrumb":{"@id":"https:\/\/strangercam.com\/talk-to-strangers-online-video\/#breadcrumb"},"inLanguage":"pl-PL","potentialAction":[{"@type":"ReadAction","target":["https:\/\/strangercam.com\/talk-to-strangers-online-video\/"]}]},{"@type":"BreadcrumbList","@id":"https:\/\/strangercam.com\/talk-to-strangers-online-video\/#breadcrumb","itemListElement":[{"@type":"ListItem","position":1,"name":"Home","item":"https:\/\/strangercam.com\/"},{"@type":"ListItem","position":2,"name":"Talk to Strangers Online Video"}]},{"@type":"WebSite","@id":"https:\/\/strangercam.com\/#website","url":"https:\/\/strangercam.com\/","name":"Strangercam","description":"Losowy czat wideo z nieznajomymi","publisher":{"@id":"https:\/\/strangercam.com\/#organization"},"alternateName":"Strangercam.com","potentialAction":[{"@type":"SearchAction","target":{"@type":"EntryPoint","urlTemplate":"https:\/\/strangercam.com\/?s={search_term_string}"},"query-input":{"@type":"PropertyValueSpecification","valueRequired":true,"valueName":"search_term_string"}}],"inLanguage":"pl-PL"},{"@type":"Organization","@id":"https:\/\/strangercam.com\/#organization","name":"Strangercam","alternateName":"Strangercam.com","url":"https:\/\/strangercam.com\/","logo":{"@type":"ImageObject","inLanguage":"pl-PL","@id":"https:\/\/strangercam.com\/#\/schema\/logo\/image\/","url":"https:\/\/strangercam.com\/wp-content\/uploads\/2020\/11\/cropped-new-favicon-black.png","contentUrl":"https:\/\/strangercam.com\/wp-content\/uploads\/2020\/11\/cropped-new-favicon-black.png","width":512,"height":512,"caption":"Strangercam"},"image":{"@id":"https:\/\/strangercam.com\/#\/schema\/logo\/image\/"},"sameAs":["https:\/\/www.facebook.com\/strangercam","https:\/\/x.com\/strangercamapp"]}]}},"_links":{"self":[{"href":"https:\/\/strangercam.com\/pl\/wp-json\/wp\/v2\/pages\/3987","targetHints":{"allow":["GET"]}}],"collection":[{"href":"https:\/\/strangercam.com\/pl\/wp-json\/wp\/v2\/pages"}],"about":[{"href":"https:\/\/strangercam.com\/pl\/wp-json\/wp\/v2\/types\/page"}],"author":[{"embeddable":true,"href":"https:\/\/strangercam.com\/pl\/wp-json\/wp\/v2\/users\/8"}],"replies":[{"embeddable":true,"href":"https:\/\/strangercam.com\/pl\/wp-json\/wp\/v2\/comments?post=3987"}],"version-history":[{"count":2,"href":"https:\/\/strangercam.com\/pl\/wp-json\/wp\/v2\/pages\/3987\/revisions"}],"predecessor-version":[{"id":12981,"href":"https:\/\/strangercam.com\/pl\/wp-json\/wp\/v2\/pages\/3987\/revisions\/12981"}],"wp:attachment":[{"href":"https:\/\/strangercam.com\/pl\/wp-json\/wp\/v2\/media?parent=3987"}],"curies":[{"name":"wp","href":"https:\/\/api.w.org\/{rel}","templated":true}]}}