{"id":3970,"date":"2025-08-28T17:31:39","date_gmt":"2025-08-28T15:31:39","guid":{"rendered":"https:\/\/strangercam.com\/?page_id=3970"},"modified":"2025-09-03T13:32:00","modified_gmt":"2025-09-03T11:32:00","slug":"losowy-czat-z-kamera-internetowa","status":"publish","type":"page","link":"https:\/\/strangercam.com\/pl\/random-webcam-chat\/","title":{"rendered":"Losowy czat z kamer\u0105 internetow\u0105"},"content":{"rendered":"<p>Szukam dreszczyku emocji przed przypadkow\u0105 kamer\u0105 internetow\u0105 <a href=\"https:\/\/strangercam.com\/pl\/chathub\/\">czat<\/a>? Nie jeste\u015b sam. Od pocz\u0105tku istnienia <a href=\"https:\/\/strangercam.com\/pl\/omegle\/\">Omegle<\/a> oraz <a href=\"https:\/\/strangercam.com\/pl\/chatroulette\/\">Chatroulette<\/a>, Miliony ludzi odkry\u0142y przyjemno\u015b\u0107 p\u0142yn\u0105c\u0105 z kontaktu twarz\u0105 w twarz z nieznajomymi za pomoc\u0105 jednego klikni\u0119cia. W przeciwie\u0144stwie do medi\u00f3w spo\u0142eczno\u015bciowych lub aplikacji randkowych, gdzie rozmowy wydaj\u0105 si\u0119 zaplanowane lub powolne, losowy czat przed kamer\u0105 internetow\u0105 jest natychmiastowy, spontaniczny i prawdziwy.<\/p>\n<p>W 2025 roku platformy takie jak StrangerCam sprawiaj\u0105, \u017ce korzystanie z darmowych, losowych czat\u00f3w przed kamer\u0105 internetow\u0105 jest \u0142atwiejsze ni\u017c kiedykolwiek - bez pobierania, bez rejestracji i bez ukrytych koszt\u00f3w. Niezale\u017cnie od tego, czy jeste\u015b tutaj, aby pozna\u0107 nowych przyjaci\u00f3\u0142, flirtowa\u0107, dzieli\u0107 si\u0119 kultur\u0105, czy po prostu uciec od nudy, czat przed kamer\u0105 internetow\u0105 z nieznajomymi jest jednym z najbardziej ekscytuj\u0105cych sposob\u00f3w nawi\u0105zywania kontakt\u00f3w online.<\/p>\n<p>Ten przewodnik wyja\u015bni wszystko, co musisz wiedzie\u0107: jak dzia\u0142a losowy czat przed kamer\u0105 internetow\u0105, dlaczego ludzie go uwielbiaj\u0105, jakich funkcji szuka\u0107, por\u00f3wnania najlepszych platform, wskaz\u00f3wki dotycz\u0105ce bezpiecze\u0144stwa i dlaczego StrangerCam jest obecnie jednym z najlepszych wybor\u00f3w.<\/p>\n<h2>Czym jest losowy czat przed kamer\u0105 internetow\u0105?<\/h2>\n<p>Losowy czat z kamer\u0105 internetow\u0105 to do\u015bwiadczenie wideo na \u017cywo jeden na jednego, kt\u00f3re \u0142\u0105czy ci\u0119 natychmiast z nieznajomymi na ca\u0142ym \u015bwiecie za pomoc\u0105 kamery internetowej i mikrofonu. W przeciwie\u0144stwie do czat\u00f3w tekstowych, czat przed kamer\u0105 zapewnia interakcj\u0119 twarz\u0105 w twarz w czasie rzeczywistym.<\/p>\n<p>Proces zosta\u0142 zaprojektowany tak, aby by\u0142 szybki i \u0142atwy: wystarczy nacisn\u0105\u0107 \"Start\", a w ci\u0105gu kilku sekund zostaniesz dopasowany do kogo\u015b nowego. Je\u015bli rozmowa ci si\u0119 nie spodoba, naci\u015bnij \"Dalej\", aby przej\u015b\u0107 dalej. Ka\u017cdy czat jest wyj\u0105tkowy - czasem zabawny, czasem zalotny, a czasem zaskakuj\u0105cy.<\/p>\n<h2>Dlaczego ludzie kochaj\u0105 darmowy, losowy czat przed kamer\u0105 internetow\u0105<\/h2>\n<p>Atrakcyjno\u015b\u0107 darmowego czatu z losow\u0105 kamer\u0105 internetow\u0105 szybko ro\u015bnie, a oto dlaczego:<\/p>\n<ul>\n<li>Spontaniczna zabawa - nigdy nie wiesz, kogo spotkasz w przysz\u0142o\u015bci.<\/li>\n<li>Autentyczno\u015b\u0107 - wideo udowadnia, \u017ce rozmawiasz z prawdziw\u0105 osob\u0105, a nie botem lub fa\u0142szywym profilem.<\/li>\n<li>Brak rejestracji i zobowi\u0105za\u0144 - wiele platform nie wymaga zak\u0142adania konta. Wystarczy klikn\u0105\u0107 i rozmawia\u0107.<\/li>\n<li>Global Connections - poznaj ludzi z ca\u0142ego \u015bwiata w kilka sekund.<\/li>\n<li>R\u00f3\u017cnorodno\u015b\u0107 - ka\u017cdy czat jest inny: swobodny, kulturalny, a nawet zalotny.<\/li>\n<li>Odstresowanie i rozrywka - doskona\u0142y spos\u00f3b na relaks i nud\u0119.<\/li>\n<\/ul>\n<h2>Jak dzia\u0142a losowy czat przed kamer\u0105 internetow\u0105?<\/h2>\n<p>Rozpocz\u0119cie losowego czatu przed kamer\u0105 internetow\u0105 jest niezwykle proste:<\/p>\n<ol>\n<li>Otw\u00f3rz platform\u0119 na komputerze lub urz\u0105dzeniu mobilnym.<\/li>\n<li>Zezw\u00f3l na dost\u0119p do kamery i mikrofonu.<\/li>\n<li>Kliknij \"Rozpocznij czat\". Zostaniesz natychmiast po\u0142\u0105czony z nieznajomym.<\/li>\n<li>Rozmawiaj na \u017cywo twarz\u0105 w twarz.<\/li>\n<li>Kliknij \"Dalej\" za ka\u017cdym razem, gdy chcesz pozna\u0107 kogo\u015b nowego.<\/li>\n<\/ol>\n<p>Ca\u0142y proces zajmuje mniej ni\u017c minut\u0119, co czyni go jednym z naj\u0142atwiejszych sposob\u00f3w na poznanie nowych os\u00f3b online.<\/p>\n<h2>Najwa\u017cniejsze cechy, kt\u00f3rych nale\u017cy szuka\u0107<\/h2>\n<p>Nie wszystkie platformy czatu z kamer\u0105 internetow\u0105 s\u0105 takie same. Aby uzyska\u0107 najlepsze wra\u017cenia, nale\u017cy zwr\u00f3ci\u0107 uwag\u0119 na nast\u0119puj\u0105ce kluczowe funkcje:<\/p>\n<h3>1. Prawdziwie darmowy dost\u0119p<\/h3>\n<p>Unikaj witryn, kt\u00f3re twierdz\u0105, \u017ce s\u0105 bezp\u0142atne, ale szybko popychaj\u0105 ci\u0119 do p\u0142atnych witryn.<\/p>\n<h3>2. Rejestracja nie jest wymagana<\/h3>\n<p>Aby rozpocz\u0105\u0107 czat, nie trzeba si\u0119 rejestrowa\u0107 ani podawa\u0107 danych osobowych.<\/p>\n<h3>3. Filtry p\u0142ci i lokalizacji<\/h3>\n<p>Wybierz czatowanie z okre\u015blonymi typami os\u00f3b, takimi jak tylko dziewczyny lub osoby z okre\u015blonych kraj\u00f3w.<\/p>\n<h3>4. Silne narz\u0119dzia moderacji i raportowania<\/h3>\n<p>Zapewniaj\u0105 one bezpiecze\u0144stwo \u015brodowiska, usuwaj\u0105c nieuczciwych u\u017cytkownik\u00f3w i boty.<\/p>\n<h3>5. Kompatybilno\u015b\u0107 z urz\u0105dzeniami mobilnymi<\/h3>\n<p>Dobra platforma powinna dzia\u0142a\u0107 p\u0142ynnie na telefonach, tabletach i komputerach stacjonarnych.<\/p>\n<h3>6. Wysoka jako\u015b\u0107 obrazu i d\u017awi\u0119ku<\/h3>\n<p>Wyra\u017ane, niezawodne po\u0142\u0105czenia sprawiaj\u0105, \u017ce rozmowy s\u0105 bardziej naturalne i przyjemne.<\/p>\n<h2>Najlepsze losowe platformy czatu z kamerami internetowymi w 2025 roku<\/h2>\n<p>Oto por\u00f3wnanie najlepszych opcji dla u\u017cytkownik\u00f3w szukaj\u0105cych losowego czatu przed kamer\u0105 internetow\u0105:<\/p>\n<table>\n<thead>\n<tr>\n<th>Platforma<\/th>\n<th align=\"center\">Bezp\u0142atny dost\u0119p<\/th>\n<th align=\"center\">Filtr p\u0142ci<\/th>\n<th align=\"center\">Wymagana rejestracja<\/th>\n<th align=\"center\">Wsparcie mobilne<\/th>\n<th align=\"center\">Moderacja<\/th>\n<th>Uwagi<\/th>\n<\/tr>\n<\/thead>\n<tbody>\n<tr>\n<td>StrangerCam<\/td>\n<td align=\"center\">\u2705<\/td>\n<td align=\"center\">\u2705 (Free)<\/td>\n<td align=\"center\">\u274c<\/td>\n<td align=\"center\">\u2705<\/td>\n<td align=\"center\">\u2705<\/td>\n<td>Najlepszy wszechstronny wyb\u00f3r, naprawd\u0119 darmowy<\/td>\n<\/tr>\n<tr>\n<td>Chatroulette<\/td>\n<td align=\"center\">\u2705<\/td>\n<td align=\"center\">\u274c (p\u0142atne)<\/td>\n<td align=\"center\">\u274c<\/td>\n<td align=\"center\">\u2705<\/td>\n<td align=\"center\">\u2705<\/td>\n<td>Klasyczny, ale z p\u0142atnymi filtrami<\/td>\n<\/tr>\n<tr>\n<td>Chatrandom<\/td>\n<td align=\"center\">\u2705<\/td>\n<td align=\"center\">\u274c (p\u0142atne)<\/td>\n<td align=\"center\">\u274c<\/td>\n<td align=\"center\">\u2705<\/td>\n<td align=\"center\">\u2705<\/td>\n<td>Popularny, ale ulepszenia wci\u015bni\u0119te na si\u0142\u0119<\/td>\n<\/tr>\n<tr>\n<td><a href=\"https:\/\/strangercam.com\/pl\/ometv\/\">OmeTV<\/a><\/td>\n<td align=\"center\">\u2705<\/td>\n<td align=\"center\">\u274c<\/td>\n<td align=\"center\">\u274c<\/td>\n<td align=\"center\">\u2705<\/td>\n<td align=\"center\">\u2705<\/td>\n<td>Aplikacja mobilna, tylko losowe dopasowanie<\/td>\n<\/tr>\n<tr>\n<td>Shagle<\/td>\n<td align=\"center\">\u2705<\/td>\n<td align=\"center\">\u274c (p\u0142atne)<\/td>\n<td align=\"center\">\u274c<\/td>\n<td align=\"center\">\u2705<\/td>\n<td align=\"center\">\u2705<\/td>\n<td>Wiele funkcji zablokowanych w wersji premium<\/td>\n<\/tr>\n<tr>\n<td><a href=\"https:\/\/strangercam.com\/pl\/coomeet\/\">CooMeet<\/a><\/td>\n<td align=\"center\">\u274c (Trial)<\/td>\n<td align=\"center\">\u2705<\/td>\n<td align=\"center\">\u2705<\/td>\n<td align=\"center\">\u2705<\/td>\n<td align=\"center\">\u2705<\/td>\n<td>P\u0142atne po ograniczonym bezp\u0142atnym okresie pr\u00f3bnym<\/td>\n<\/tr>\n<tr>\n<td>LuckyCrush<\/td>\n<td align=\"center\">\u274c<\/td>\n<td align=\"center\">\u2705<\/td>\n<td align=\"center\">\u2705<\/td>\n<td align=\"center\">\u2705<\/td>\n<td align=\"center\">\u2705<\/td>\n<td>Zawsze p\u0142atne, dopasowane do p\u0142ci<\/td>\n<\/tr>\n<\/tbody>\n<\/table>\n<p>StrangerCam wyr\u00f3\u017cnia si\u0119 jako jedna z niewielu platform oferuj\u0105cych darmowy, losowy czat przed kamer\u0105 internetow\u0105 z dzia\u0142aj\u0105cymi filtrami p\u0142ci, bez rejestracji i z nieograniczonym dost\u0119pem.<\/p>\n<h2>Dlaczego StrangerCam to najlepsze miejsce na losowy czat przed kamer\u0105 internetow\u0105?<\/h2>\n<p>Oto dlaczego StrangerCam jest najlepszym wyborem do czatowania przez kamer\u0119 internetow\u0105 w 2025 roku:<\/p>\n<h3>1. Ca\u0142kowicie za darmo<\/h3>\n<p>Nieograniczone rozmowy z nieznajomymi, bez ukrytych op\u0142at.<\/p>\n<h3>2. Darmowy filtr p\u0142ci<\/h3>\n<p>Wybierz ch\u0142opak\u00f3w, dziewczyny lub jedno i drugie - bez paywalli.<\/p>\n<h3>3. Nie jest wymagana rejestracja<\/h3>\n<p>Do\u0142\u0105cz bezpo\u015brednio do czatu, zachowuj\u0105c ca\u0142kowit\u0105 anonimowo\u015b\u0107.<\/p>\n<h3>4. Bezpieczny i moderowany<\/h3>\n<p>Solidne narz\u0119dzia do raportowania i systemy moderacji zapewniaj\u0105 czyst\u0105 i przyjazn\u0105 przestrze\u0144.<\/p>\n<h3>5. Globalna spo\u0142eczno\u015b\u0107<\/h3>\n<p>Nieznajomi z ponad 100 kraj\u00f3w online 24\/7.<\/p>\n<h3>6. Projekt przyjazny dla urz\u0105dze\u0144 mobilnych<\/h3>\n<p>Zoptymalizowany dla wszystkich urz\u0105dze\u0144 - czatuj zawsze i wsz\u0119dzie.<\/p>\n<h2>Prawdziwe opinie u\u017cytkownik\u00f3w<\/h2>\n<blockquote><p><em>\"Przypadkowy czat z kamer\u0105 internetow\u0105 to m\u00f3j ulubiony spos\u00f3b na relaks po pracy. StrangerCam sprawia, \u017ce jest to takie proste - bez rejestracji, bez nonsens\u00f3w, po prostu darmowe czaty\".<\/em><br \/>\n- Michael, 29 lat<\/p><\/blockquote>\n<blockquote><p><em>\"Filtr p\u0142ci faktycznie dzia\u0142a za darmo, co jest rzadko\u015bci\u0105. Przeprowadzi\u0142em kilka \u015bwietnych rozm\u00f3w z dziewczynami na ca\u0142ym \u015bwiecie\".<\/em><br \/>\n- Emma, 23 lata<\/p><\/blockquote>\n<blockquote><p><em>\"To \u015bwietna zabawa. W jednej chwili rozmawiam z kim\u015b z W\u0142och, a w nast\u0119pnej z kim\u015b z Kanady. Nigdy nie wiadomo, czego si\u0119 spodziewa\u0107\".<\/em><br \/>\n- David, 26 lat<\/p><\/blockquote>\n<blockquote><p><em>\"Pr\u00f3bowa\u0142em innych stron, ale wi\u0119kszo\u015b\u0107 wymaga\u0142a ode mnie zap\u0142aty. StrangerCam jest jedyn\u0105, kt\u00f3ra dotrzyma\u0142a obietnicy darmowego czatu z losow\u0105 kamer\u0105 internetow\u0105\".<\/em><br \/>\n- Sophia, 20<\/p><\/blockquote>\n<h2>Wskaz\u00f3wki bezpiecze\u0144stwa dotycz\u0105ce losowego czatu przed kamer\u0105 internetow\u0105<\/h2>\n<p>Mimo \u017ce czat z kamer\u0105 internetow\u0105 to \u015bwietna zabawa, zawsze nale\u017cy zachowa\u0107 bezpiecze\u0144stwo:<\/p>\n<ul>\n<li>Nie udost\u0119pniaj danych osobowych, takich jak telefon, adres e-mail czy adres domowy.<\/li>\n<li>Pomijaj lub blokuj ka\u017cdego, kto sprawia, \u017ce czujesz si\u0119 niekomfortowo.<\/li>\n<li>Nigdy nie klikaj w linki udost\u0119pniane przez nieznajomych.<\/li>\n<li>U\u017cyj neutralnego t\u0142a, aby unikn\u0105\u0107 ujawniania prywatnych szczeg\u00f3\u0142\u00f3w.<\/li>\n<li>Przestrzegaj zasad dotycz\u0105cych wieku - je\u015bli masz mniej ni\u017c 18 lat, unikaj czat\u00f3w dla doros\u0142ych.<\/li>\n<li>Trzymaj si\u0119 narz\u0119dzi platformy, aby zg\u0142asza\u0107 lub blokowa\u0107 z\u0142ych u\u017cytkownik\u00f3w.<\/li>\n<\/ul>\n<h2>Jak zacz\u0105\u0107 - krok po kroku<\/h2>\n<p>Rozpocz\u0119cie losowego czatu z kamer\u0105 internetow\u0105 zajmuje tylko kilka sekund:<\/p>\n<ol>\n<li>Otw\u00f3rz StrangerCam w przegl\u0105darce.<\/li>\n<li>Zezw\u00f3l na dost\u0119p do kamery internetowej i mikrofonu.<\/li>\n<li>Wybierz preferencje (np. filtr p\u0142ci).<\/li>\n<li>Kliknij przycisk Rozpocznij czat, aby natychmiast nawi\u0105za\u0107 po\u0142\u0105czenie.<\/li>\n<li>Kliknij Next w dowolnym momencie, aby pozna\u0107 kogo\u015b nowego.<\/li>\n<\/ol>\n<p>To wszystko - szybko, prosto i ca\u0142kowicie za darmo.<\/p>\n<h2>Cz\u0119sto zadawane pytania<\/h2>\n<h3>Czy losowy czat z kamer\u0105 internetow\u0105 jest darmowy?<\/h3>\n<p>Tak, StrangerCam oferuje nielimitowane darmowe czaty z nieznajomymi.<\/p>\n<h3>Czy musz\u0119 si\u0119 zarejestrowa\u0107?<\/h3>\n<p>Nie. StrangerCam nie wymaga rejestracji.<\/p>\n<h3>Czy ludzie s\u0105 prawdziwi?<\/h3>\n<p>Tak. Czat z kamer\u0105 internetow\u0105 zapewnia po\u0142\u0105czenie z prawdziwymi lud\u017ami, a nie botami.<\/p>\n<h3>Czy mog\u0119 u\u017cywa\u0107 go na telefonie?<\/h3>\n<p>Tak, StrangerCam jest przyjazny dla urz\u0105dze\u0144 mobilnych i dzia\u0142a na wszystkich urz\u0105dzeniach.<\/p>\n<h3>Czy jest to bezpieczne?<\/h3>\n<p>Tak, o ile przestrzegasz wskaz\u00f3wek bezpiecze\u0144stwa i korzystasz z narz\u0119dzi raportowania platformy.<\/p>\n<h2>Przemy\u015blenia ko\u0144cowe - wypr\u00f3buj darmowy czat z losow\u0105 kamer\u0105 internetow\u0105 ju\u017c dzi\u015b<\/h2>\n<p>W 2025 roku losowy czat przed kamer\u0105 internetow\u0105 jest nadal jednym z najbardziej ekscytuj\u0105cych sposob\u00f3w poznawania nowych ludzi online. Jest darmowy, spontaniczny i pozwala do\u015bwiadczy\u0107 autentycznych interakcji mi\u0119dzyludzkich w czasie rzeczywistym.<\/p>\n<p>Ale nie ka\u017cda platforma to zapewnia - wiele ukrywa filtry za p\u0142atnymi zaporami lub zalewa czaty botami. W\u0142a\u015bnie dlatego StrangerCam jest najlepszym wyborem: jest darmowy, anonimowy, bezpieczny i zawsze pe\u0142en ludzi gotowych do nawi\u0105zania kontaktu.<\/p>\n<p>Gotowy, aby spr\u00f3bowa\u0107? Rozpocznij darmowy losowy czat z kamer\u0105 internetow\u0105 ju\u017c dzi\u015b i zobacz, kogo spotkasz w nast\u0119pnej kolejno\u015bci.<\/p>","protected":false},"excerpt":{"rendered":"<p>Looking for the thrill of a random webcam chat? You\u2019re not alone. Since the early days of Omegle and Chatroulette, millions of people have discovered the fun of connecting face-to-face with strangers at the click of a button. Unlike social media or dating apps, where conversations feel planned or slow, random webcam chat is instant, [&hellip;]<\/p>\n","protected":false},"author":8,"featured_media":0,"parent":0,"menu_order":0,"comment_status":"closed","ping_status":"closed","template":"","meta":{"footnotes":""},"class_list":["post-3970","page","type-page","status-publish","hentry"],"yoast_head":"<!-- This site is optimized with the Yoast SEO plugin v27.4 - https:\/\/yoast.com\/product\/yoast-seo-wordpress\/ -->\n<title>Random Webcam Chat with Random Chat on Strangercam.com<\/title>\n<meta name=\"description\" content=\"Liking Random Webcam Chat? Join millions on StrangerCam.com! Start a random video chat, turn on your cam, and meet strangers instantly.\" \/>\n<meta name=\"robots\" content=\"index, follow, max-snippet:-1, max-image-preview:large, max-video-preview:-1\" \/>\n<link rel=\"canonical\" href=\"https:\/\/strangercam.com\/pl\/losowy-czat-z-kamera-internetowa\/\" \/>\n<meta property=\"og:locale\" content=\"pl_PL\" \/>\n<meta property=\"og:type\" content=\"article\" \/>\n<meta property=\"og:title\" content=\"Random Webcam Chat with Random Chat on Strangercam.com\" \/>\n<meta property=\"og:description\" content=\"Liking Random Webcam Chat? Join millions on StrangerCam.com! Start a random video chat, turn on your cam, and meet strangers instantly.\" \/>\n<meta property=\"og:url\" content=\"https:\/\/strangercam.com\/pl\/losowy-czat-z-kamera-internetowa\/\" \/>\n<meta property=\"og:site_name\" content=\"Strangercam\" \/>\n<meta property=\"article:publisher\" content=\"https:\/\/www.facebook.com\/strangercam\" \/>\n<meta property=\"article:modified_time\" content=\"2025-09-03T11:32:00+00:00\" \/>\n<meta property=\"og:image\" content=\"https:\/\/strangercam.com\/wp-content\/uploads\/2021\/10\/Untitled-2.png\" \/>\n\t<meta property=\"og:image:width\" content=\"800\" \/>\n\t<meta property=\"og:image:height\" content=\"532\" \/>\n\t<meta property=\"og:image:type\" content=\"image\/png\" \/>\n<meta name=\"twitter:card\" content=\"summary_large_image\" \/>\n<meta name=\"twitter:site\" content=\"@strangercamapp\" \/>\n<meta name=\"twitter:label1\" content=\"Szacowany czas czytania\" \/>\n\t<meta name=\"twitter:data1\" content=\"5 minut\" \/>\n<script type=\"application\/ld+json\" class=\"yoast-schema-graph\">{\"@context\":\"https:\\\/\\\/schema.org\",\"@graph\":[{\"@type\":\"WebPage\",\"@id\":\"https:\\\/\\\/strangercam.com\\\/random-webcam-chat\\\/\",\"url\":\"https:\\\/\\\/strangercam.com\\\/random-webcam-chat\\\/\",\"name\":\"Random Webcam Chat with Random Chat on Strangercam.com\",\"isPartOf\":{\"@id\":\"https:\\\/\\\/strangercam.com\\\/#website\"},\"datePublished\":\"2025-08-28T15:31:39+00:00\",\"dateModified\":\"2025-09-03T11:32:00+00:00\",\"description\":\"Liking Random Webcam Chat? Join millions on StrangerCam.com! Start a random video chat, turn on your cam, and meet strangers instantly.\",\"breadcrumb\":{\"@id\":\"https:\\\/\\\/strangercam.com\\\/random-webcam-chat\\\/#breadcrumb\"},\"inLanguage\":\"pl-PL\",\"potentialAction\":[{\"@type\":\"ReadAction\",\"target\":[\"https:\\\/\\\/strangercam.com\\\/random-webcam-chat\\\/\"]}]},{\"@type\":\"BreadcrumbList\",\"@id\":\"https:\\\/\\\/strangercam.com\\\/random-webcam-chat\\\/#breadcrumb\",\"itemListElement\":[{\"@type\":\"ListItem\",\"position\":1,\"name\":\"Home\",\"item\":\"https:\\\/\\\/strangercam.com\\\/\"},{\"@type\":\"ListItem\",\"position\":2,\"name\":\"Random Webcam Chat\"}]},{\"@type\":\"WebSite\",\"@id\":\"https:\\\/\\\/strangercam.com\\\/#website\",\"url\":\"https:\\\/\\\/strangercam.com\\\/\",\"name\":\"Strangercam\",\"description\":\"Random Video Chat with Strangers\",\"publisher\":{\"@id\":\"https:\\\/\\\/strangercam.com\\\/#organization\"},\"alternateName\":\"Strangercam.com\",\"potentialAction\":[{\"@type\":\"SearchAction\",\"target\":{\"@type\":\"EntryPoint\",\"urlTemplate\":\"https:\\\/\\\/strangercam.com\\\/?s={search_term_string}\"},\"query-input\":{\"@type\":\"PropertyValueSpecification\",\"valueRequired\":true,\"valueName\":\"search_term_string\"}}],\"inLanguage\":\"pl-PL\"},{\"@type\":\"Organization\",\"@id\":\"https:\\\/\\\/strangercam.com\\\/#organization\",\"name\":\"Strangercam\",\"alternateName\":\"Strangercam.com\",\"url\":\"https:\\\/\\\/strangercam.com\\\/\",\"logo\":{\"@type\":\"ImageObject\",\"inLanguage\":\"pl-PL\",\"@id\":\"https:\\\/\\\/strangercam.com\\\/#\\\/schema\\\/logo\\\/image\\\/\",\"url\":\"https:\\\/\\\/strangercam.com\\\/wp-content\\\/uploads\\\/2020\\\/11\\\/cropped-new-favicon-black.png\",\"contentUrl\":\"https:\\\/\\\/strangercam.com\\\/wp-content\\\/uploads\\\/2020\\\/11\\\/cropped-new-favicon-black.png\",\"width\":512,\"height\":512,\"caption\":\"Strangercam\"},\"image\":{\"@id\":\"https:\\\/\\\/strangercam.com\\\/#\\\/schema\\\/logo\\\/image\\\/\"},\"sameAs\":[\"https:\\\/\\\/www.facebook.com\\\/strangercam\",\"https:\\\/\\\/x.com\\\/strangercamapp\"]}]}<\/script>\n<!-- \/ Yoast SEO plugin. -->","yoast_head_json":{"title":"Losowy czat przed kamer\u0105 internetow\u0105 z losowym czatem na Strangercam.com","description":"Lubisz losowy czat przed kamer\u0105 internetow\u0105? Join miliony na StrangerCam.com! Rozpocznij losowy czat wideo, w\u0142\u0105cz kamer\u0119 i natychmiast poznaj nieznajomych.","robots":{"index":"index","follow":"follow","max-snippet":"max-snippet:-1","max-image-preview":"max-image-preview:large","max-video-preview":"max-video-preview:-1"},"canonical":"https:\/\/strangercam.com\/pl\/losowy-czat-z-kamera-internetowa\/","og_locale":"pl_PL","og_type":"article","og_title":"Random Webcam Chat with Random Chat on Strangercam.com","og_description":"Liking Random Webcam Chat? Join millions on StrangerCam.com! Start a random video chat, turn on your cam, and meet strangers instantly.","og_url":"https:\/\/strangercam.com\/pl\/losowy-czat-z-kamera-internetowa\/","og_site_name":"Strangercam","article_publisher":"https:\/\/www.facebook.com\/strangercam","article_modified_time":"2025-09-03T11:32:00+00:00","og_image":[{"width":800,"height":532,"url":"https:\/\/strangercam.com\/wp-content\/uploads\/2021\/10\/Untitled-2.png","type":"image\/png"}],"twitter_card":"summary_large_image","twitter_site":"@strangercamapp","twitter_misc":{"Szacowany czas czytania":"5 minut"},"schema":{"@context":"https:\/\/schema.org","@graph":[{"@type":"WebPage","@id":"https:\/\/strangercam.com\/random-webcam-chat\/","url":"https:\/\/strangercam.com\/random-webcam-chat\/","name":"Losowy czat przed kamer\u0105 internetow\u0105 z losowym czatem na Strangercam.com","isPartOf":{"@id":"https:\/\/strangercam.com\/#website"},"datePublished":"2025-08-28T15:31:39+00:00","dateModified":"2025-09-03T11:32:00+00:00","description":"Lubisz losowy czat przed kamer\u0105 internetow\u0105? Join miliony na StrangerCam.com! Rozpocznij losowy czat wideo, w\u0142\u0105cz kamer\u0119 i natychmiast poznaj nieznajomych.","breadcrumb":{"@id":"https:\/\/strangercam.com\/random-webcam-chat\/#breadcrumb"},"inLanguage":"pl-PL","potentialAction":[{"@type":"ReadAction","target":["https:\/\/strangercam.com\/random-webcam-chat\/"]}]},{"@type":"BreadcrumbList","@id":"https:\/\/strangercam.com\/random-webcam-chat\/#breadcrumb","itemListElement":[{"@type":"ListItem","position":1,"name":"Home","item":"https:\/\/strangercam.com\/"},{"@type":"ListItem","position":2,"name":"Random Webcam Chat"}]},{"@type":"WebSite","@id":"https:\/\/strangercam.com\/#website","url":"https:\/\/strangercam.com\/","name":"Strangercam","description":"Losowy czat wideo z nieznajomymi","publisher":{"@id":"https:\/\/strangercam.com\/#organization"},"alternateName":"Strangercam.com","potentialAction":[{"@type":"SearchAction","target":{"@type":"EntryPoint","urlTemplate":"https:\/\/strangercam.com\/?s={search_term_string}"},"query-input":{"@type":"PropertyValueSpecification","valueRequired":true,"valueName":"search_term_string"}}],"inLanguage":"pl-PL"},{"@type":"Organization","@id":"https:\/\/strangercam.com\/#organization","name":"Strangercam","alternateName":"Strangercam.com","url":"https:\/\/strangercam.com\/","logo":{"@type":"ImageObject","inLanguage":"pl-PL","@id":"https:\/\/strangercam.com\/#\/schema\/logo\/image\/","url":"https:\/\/strangercam.com\/wp-content\/uploads\/2020\/11\/cropped-new-favicon-black.png","contentUrl":"https:\/\/strangercam.com\/wp-content\/uploads\/2020\/11\/cropped-new-favicon-black.png","width":512,"height":512,"caption":"Strangercam"},"image":{"@id":"https:\/\/strangercam.com\/#\/schema\/logo\/image\/"},"sameAs":["https:\/\/www.facebook.com\/strangercam","https:\/\/x.com\/strangercamapp"]}]}},"_links":{"self":[{"href":"https:\/\/strangercam.com\/pl\/wp-json\/wp\/v2\/pages\/3970","targetHints":{"allow":["GET"]}}],"collection":[{"href":"https:\/\/strangercam.com\/pl\/wp-json\/wp\/v2\/pages"}],"about":[{"href":"https:\/\/strangercam.com\/pl\/wp-json\/wp\/v2\/types\/page"}],"author":[{"embeddable":true,"href":"https:\/\/strangercam.com\/pl\/wp-json\/wp\/v2\/users\/8"}],"replies":[{"embeddable":true,"href":"https:\/\/strangercam.com\/pl\/wp-json\/wp\/v2\/comments?post=3970"}],"version-history":[{"count":2,"href":"https:\/\/strangercam.com\/pl\/wp-json\/wp\/v2\/pages\/3970\/revisions"}],"predecessor-version":[{"id":12980,"href":"https:\/\/strangercam.com\/pl\/wp-json\/wp\/v2\/pages\/3970\/revisions\/12980"}],"wp:attachment":[{"href":"https:\/\/strangercam.com\/pl\/wp-json\/wp\/v2\/media?parent=3970"}],"curies":[{"name":"wp","href":"https:\/\/api.w.org\/{rel}","templated":true}]}}