{"id":3953,"date":"2025-08-28T17:28:59","date_gmt":"2025-08-28T15:28:59","guid":{"rendered":"https:\/\/strangercam.com\/?page_id=3953"},"modified":"2025-09-03T13:31:49","modified_gmt":"2025-09-03T11:31:49","slug":"losowy-czat-wideo-online","status":"publish","type":"page","link":"https:\/\/strangercam.com\/pl\/random-video-chat-online\/","title":{"rendered":"Losowy czat wideo online"},"content":{"rendered":"<p>Szukasz najlepszego sposobu na cieszenie si\u0119 losowym wideo <a href=\"https:\/\/strangercam.com\/pl\/chathub\/\">czat<\/a> online? Nie jeste\u015b sam. Od czas\u00f3w <a href=\"https:\/\/strangercam.com\/pl\/omegle\/\">Omegle<\/a> oraz <a href=\"https:\/\/strangercam.com\/pl\/chatroulette\/\">Chatroulette<\/a>, Miliony ludzi na ca\u0142ym \u015bwiecie przyci\u0105gn\u0119\u0142y emocje zwi\u0105zane z kontaktem twarz\u0105 w twarz z nieznajomymi. W przeciwie\u0144stwie do aplikacji randkowych lub medi\u00f3w spo\u0142eczno\u015bciowych, kt\u00f3re mog\u0105 wydawa\u0107 si\u0119 zainscenizowane lub powolne, losowy czat wideo online jest szybki, prawdziwy i spontaniczny.<\/p>\n<p>W 2025 roku platformy takie jak StrangerCam sprawiaj\u0105, \u017ce rozpocz\u0119cie darmowego, losowego czatu wideo online jest \u0142atwiejsze ni\u017c kiedykolwiek - bez pobierania, bez rejestracji i bez ukrytych koszt\u00f3w. Niezale\u017cnie od tego, czy chcesz nawi\u0105za\u0107 nowe znajomo\u015bci, flirtowa\u0107, \u0107wiczy\u0107 j\u0119zyki, czy po prostu zabi\u0107 czas, ten przewodnik poka\u017ce ci wszystko, co musisz wiedzie\u0107: jak to dzia\u0142a, dlaczego ludzie to uwielbiaj\u0105, funkcje, kt\u00f3re s\u0105 najwa\u017cniejsze, wskaz\u00f3wki dotycz\u0105ce bezpiecze\u0144stwa, por\u00f3wnania najlepszych platform i dlaczego StrangerCam jest obecnie jednym z najlepszych wybor\u00f3w.<\/p>\n<h2>Czym jest losowy czat wideo online?<\/h2>\n<p>Losowy czat wideo online to czat wideo na \u017cywo jeden na jednego, w kt\u00f3rym jeste\u015b natychmiast po\u0142\u0105czony z nieznajomym za pomoc\u0105 kamery internetowej i mikrofonu. Aspekt \"losowy\" oznacza, \u017ce nigdy nie wiesz, kogo spotkasz, dop\u00f3ki czat si\u0119 nie rozpocznie - mo\u017ce to by\u0107 kto\u015b w pobli\u017cu lub kto\u015b z drugiego ko\u0144ca \u015bwiata.<\/p>\n<p>Format jest prosty: kliknij \"Rozpocznij\", a w ci\u0105gu kilku sekund staniesz twarz\u0105 w twarz z kim\u015b nowym. Nie podoba ci si\u0119 rozmowa? Po prostu kliknij \"Dalej\", aby natychmiast po\u0142\u0105czy\u0107 si\u0119 z inn\u0105 osob\u0105. Ka\u017cdy czat jest wyj\u0105tkowy - zabawny, zaskakuj\u0105cy i zawsze nieprzewidywalny.<\/p>\n<h2>Dlaczego ludzie kochaj\u0105 darmowy losowy czat wideo online<\/h2>\n<p>Nie bez powodu miliony ludzi szukaj\u0105 darmowych, losowych czat\u00f3w wideo online ka\u017cdego miesi\u0105ca. Oto, co czyni go tak atrakcyjnym:<\/p>\n<ul>\n<li>Spontaniczno\u015b\u0107: Ka\u017cdy czat jest niespodziank\u0105, wywo\u0142uj\u0105c\u0105 ekscytacj\u0119 i ciekawo\u015b\u0107.<\/li>\n<li>Autentyczno\u015b\u0107: W przeciwie\u0144stwie do czatu tekstowego, wideo gwarantuje, \u017ce rozm\u00f3wca jest prawdziwy. \u017badnych bot\u00f3w, \u017cadnych podr\u00f3bek.<\/li>\n<li>Globalny zasi\u0119g: Poznawaj ludzi z dziesi\u0105tek kraj\u00f3w, 24\/7.<\/li>\n<li>Brak rejestracji i zobowi\u0105za\u0144: Wiele platform wymaga jedynie klikni\u0119cia.<\/li>\n<li>Przyja\u017a\u0144 i zabawa: Niekt\u00f3rzy u\u017cywaj\u0105 go do nawi\u0105zywania przyja\u017ani, inni do swobodnego flirtowania lub rozrywki.<\/li>\n<li>Szybka ucieczka od nudy: Przypadkowe czaty to doskona\u0142y spos\u00f3b na prze\u0142amanie rutyny.<\/li>\n<\/ul>\n<h2>Jak dzia\u0142a losowy czat wideo online?<\/h2>\n<p>Rozpocz\u0119cie pracy jest proste i szybkie:<\/p>\n<ol>\n<li>Otw\u00f3rz platform\u0119 tak\u0105 jak StrangerCam w przegl\u0105darce lub na telefonie.<\/li>\n<li>Zezw\u00f3l na dost\u0119p do kamery i mikrofonu.<\/li>\n<li>Kliknij \"Rozpocznij czat\", aby natychmiast po\u0142\u0105czy\u0107 si\u0119 z nieznajomym.<\/li>\n<li>Czat na \u017cywo przez wideo.<\/li>\n<li>Kliknij \"Dalej\" w dowolnym momencie, aby przej\u015b\u0107 dalej i pozna\u0107 kogo\u015b nowego.<\/li>\n<\/ol>\n<p>Niekt\u00f3re platformy zawieraj\u0105 r\u00f3wnie\u017c dodatki, takie jak filtry p\u0142ci, wyb\u00f3r kraju, a nawet automatyczne t\u0142umaczenie czat\u00f3w mi\u0119dzynarodowych.<\/p>\n<h2>Najwa\u017cniejsze cechy, kt\u00f3rych nale\u017cy szuka\u0107<\/h2>\n<p>Nie ka\u017cda platforma oferuj\u0105ca losowy czat wideo online jest taka sama. Oto czego nale\u017cy szuka\u0107:<\/p>\n<h3>1. Bezp\u0142atny dost\u0119p bez ogranicze\u0144<\/h3>\n<p>Uwa\u017caj na platformy, kt\u00f3re twierdz\u0105, \u017ce s\u0105 darmowe, ale nast\u0119pnie blokuj\u0105 funkcje za paywallami.<\/p>\n<h3>2. Rejestracja nie jest wymagana<\/h3>\n<p>Najlepsze strony nie wymagaj\u0105 zak\u0142adania konta ani podawania danych osobowych.<\/p>\n<h3>3. Filtry p\u0142ci i lokalizacji<\/h3>\n<p>Pomagaj\u0105 one nawi\u0105za\u0107 kontakt z osobami, kt\u00f3rymi jeste\u015b zainteresowany.<\/p>\n<h3>4. Umiarkowanie i bezpiecze\u0144stwo<\/h3>\n<p>Silne narz\u0119dzia raportowania i systemy moderacji zapewniaj\u0105 bezpiecze\u0144stwo spo\u0142eczno\u015bci.<\/p>\n<h3>5. Do\u015bwiadczenie przyjazne dla urz\u0105dze\u0144 mobilnych<\/h3>\n<p>Powiniene\u015b by\u0107 w stanie \u0142atwo korzysta\u0107 z czat\u00f3w wideo zar\u00f3wno na komputerze, jak i telefonie kom\u00f3rkowym.<\/p>\n<h3>6. Wysoka jako\u015b\u0107 obrazu i d\u017awi\u0119ku<\/h3>\n<p>P\u0142ynne po\u0142\u0105czenie sprawia, \u017ce rozmowy s\u0105 bardziej naturalne i przyjemne.<\/p>\n<h2>Najlepsze platformy do losowego czatu wideo online w 2025 roku<\/h2>\n<p>Oto por\u00f3wnanie popularnych platform do losowego czatu wideo online:<\/p>\n<table>\n<thead>\n<tr>\n<th>Platforma<\/th>\n<th align=\"center\">Bezp\u0142atny dost\u0119p<\/th>\n<th align=\"center\">Filtr p\u0142ci<\/th>\n<th align=\"center\">Wymagana rejestracja<\/th>\n<th align=\"center\">Wsparcie mobilne<\/th>\n<th align=\"center\">Moderacja<\/th>\n<th>Uwagi<\/th>\n<\/tr>\n<\/thead>\n<tbody>\n<tr>\n<td>StrangerCam<\/td>\n<td align=\"center\">\u2705<\/td>\n<td align=\"center\">\u2705 (Free)<\/td>\n<td align=\"center\">\u274c<\/td>\n<td align=\"center\">\u2705<\/td>\n<td align=\"center\">\u2705<\/td>\n<td>Najlepszy og\u00f3lny wyb\u00f3r, naprawd\u0119 darmowy<\/td>\n<\/tr>\n<tr>\n<td>Chatroulette<\/td>\n<td align=\"center\">\u2705<\/td>\n<td align=\"center\">\u274c (p\u0142atne)<\/td>\n<td align=\"center\">\u274c<\/td>\n<td align=\"center\">\u2705<\/td>\n<td align=\"center\">\u2705<\/td>\n<td>Klasyka, ale filtry p\u0142ciowe kosztuj\u0105<\/td>\n<\/tr>\n<tr>\n<td>Chatrandom<\/td>\n<td align=\"center\">\u2705<\/td>\n<td align=\"center\">\u274c (p\u0142atne)<\/td>\n<td align=\"center\">\u274c<\/td>\n<td align=\"center\">\u2705<\/td>\n<td align=\"center\">\u2705<\/td>\n<td>Popularny, ale ulepszenia wci\u015bni\u0119te na si\u0142\u0119<\/td>\n<\/tr>\n<tr>\n<td><a href=\"https:\/\/strangercam.com\/pl\/ometv\/\">OmeTV<\/a><\/td>\n<td align=\"center\">\u2705<\/td>\n<td align=\"center\">\u274c<\/td>\n<td align=\"center\">\u274c<\/td>\n<td align=\"center\">\u2705<\/td>\n<td align=\"center\">\u2705<\/td>\n<td>Aplikacja mobilna, tylko losowo<\/td>\n<\/tr>\n<tr>\n<td>Shagle<\/td>\n<td align=\"center\">\u2705<\/td>\n<td align=\"center\">\u274c (p\u0142atne)<\/td>\n<td align=\"center\">\u274c<\/td>\n<td align=\"center\">\u2705<\/td>\n<td align=\"center\">\u2705<\/td>\n<td>Filtry wymagaj\u0105 aktualizacji premium<\/td>\n<\/tr>\n<tr>\n<td><a href=\"https:\/\/strangercam.com\/pl\/coomeet\/\">CooMeet<\/a><\/td>\n<td align=\"center\">\u274c (Trial)<\/td>\n<td align=\"center\">\u2705<\/td>\n<td align=\"center\">\u2705<\/td>\n<td align=\"center\">\u2705<\/td>\n<td align=\"center\">\u2705<\/td>\n<td>P\u0142atne po ograniczonym bezp\u0142atnym okresie pr\u00f3bnym<\/td>\n<\/tr>\n<tr>\n<td>LuckyCrush<\/td>\n<td align=\"center\">\u274c<\/td>\n<td align=\"center\">\u2705<\/td>\n<td align=\"center\">\u2705<\/td>\n<td align=\"center\">\u2705<\/td>\n<td align=\"center\">\u2705<\/td>\n<td>Zawsze p\u0142atny czat dostosowany do p\u0142ci<\/td>\n<\/tr>\n<\/tbody>\n<\/table>\n<p>W\u015br\u00f3d nich StrangerCam jest jedn\u0105 z jedynych platform oferuj\u0105cych darmowy, nieograniczony losowy czat wideo online z dzia\u0142aj\u0105cym filtrem p\u0142ci i bez rejestracji.<\/p>\n<h2>Dlaczego StrangerCam to najlepsze miejsce na losowy czat wideo online?<\/h2>\n<p>Oto dlaczego StrangerCam wyr\u00f3\u017cnia si\u0119 w 2025 roku dla os\u00f3b szukaj\u0105cych losowego czatu wideo online:<\/p>\n<h3>1. Ca\u0142kowicie za darmo<\/h3>\n<p>Nieograniczona liczba czat\u00f3w, brak ukrytych koszt\u00f3w i kredyt\u00f3w.<\/p>\n<h3>2. Darmowy filtr p\u0142ci<\/h3>\n<p>Wybierz, kogo chcesz pozna\u0107 - facet\u00f3w, dziewczyny lub jedno i drugie - bez p\u0142acenia.<\/p>\n<h3>3. Brak rejestracji<\/h3>\n<p>Zachowaj anonimowo\u015b\u0107 i czatuj natychmiast.<\/p>\n<h3>4. Bezpieczny i moderowany<\/h3>\n<p>Silne narz\u0119dzia moderacji i raportowania chroni\u0105 spo\u0142eczno\u015b\u0107.<\/p>\n<h3>5. Globalna baza u\u017cytkownik\u00f3w<\/h3>\n<p>Poznawaj ludzi z ponad 100 kraj\u00f3w, o ka\u017cdej porze.<\/p>\n<h3>6. Dzia\u0142a wsz\u0119dzie<\/h3>\n<p>Zoptymalizowany dla komputer\u00f3w stacjonarnych, tablet\u00f3w i urz\u0105dze\u0144 mobilnych.<\/p>\n<h2>Prawdziwe opinie u\u017cytkownik\u00f3w<\/h2>\n<blockquote><p><em>\"Szuka\u0142em sposobu na losowy czat wideo online bez utkni\u0119cia w paywallach. StrangerCam by\u0142 jedyn\u0105 witryn\u0105, kt\u00f3ra faktycznie by\u0142a darmowa\".<\/em><br \/>\n- Chris, 25 lat<\/p><\/blockquote>\n<blockquote><p><em>\"Pozna\u0142em ludzi z Europy, Azji i Stan\u00f3w Zjednoczonych w ci\u0105gu jednego wieczoru. To najlepszy spos\u00f3b na natychmiastowe nawi\u0105zanie kontaktu z nieznajomymi\".<\/em><br \/>\n- Maya, 21<\/p><\/blockquote>\n<blockquote><p><em>\"Filtr p\u0142ci jest darmowy i dzia\u0142a doskonale. Wi\u0119kszo\u015b\u0107 stron pr\u00f3buje pobiera\u0107 za to op\u0142aty\".<\/em><br \/>\n- Daniel, 28 lat<\/p><\/blockquote>\n<blockquote><p><em>\"Proste, bezpieczne i zabawne. StrangerCam to m\u00f3j ulubiony serwis, gdy chc\u0119 pozna\u0107 nieznajomych online\".<\/em><br \/>\n- Sophia, 23 lata<\/p><\/blockquote>\n<h2>Wskaz\u00f3wki bezpiecze\u0144stwa dotycz\u0105ce losowego czatu wideo online<\/h2>\n<p>Cho\u0107 wideorozmowy to \u015bwietna zabawa, bezpiecze\u0144stwo powinno by\u0107 zawsze na pierwszym miejscu:<\/p>\n<ul>\n<li>Nie udost\u0119pniaj danych osobowych, takich jak numer telefonu, adres czy adres e-mail.<\/li>\n<li>U\u017cyj przycisku \"Dalej\", je\u015bli czujesz si\u0119 niekomfortowo.<\/li>\n<li>Unikaj klikania link\u00f3w wysy\u0142anych przez nieznajomych.<\/li>\n<li>Sprawd\u017a swoj\u0105 przesz\u0142o\u015b\u0107, aby upewni\u0107 si\u0119, \u017ce nie ujawniasz prywatnych szczeg\u00f3\u0142\u00f3w.<\/li>\n<li>Trzymaj si\u0119 narz\u0119dzi platformy (blokuj\/zg\u0142aszaj z\u0142ych u\u017cytkownik\u00f3w).<\/li>\n<li>Przestrzegaj zasad dotycz\u0105cych wieku - je\u015bli masz mniej ni\u017c 18 lat, unikaj platform czat\u00f3w wideo dla doros\u0142ych.<\/li>\n<\/ul>\n<h2>Jak zacz\u0105\u0107 - krok po kroku<\/h2>\n<p>1TP162Prowadzenie losowego czatu wideo online zajmuje mniej ni\u017c minut\u0119:<\/p>\n<ol>\n<li>Otw\u00f3rz StrangerCam w przegl\u0105darce lub na telefonie.<\/li>\n<li>Zezw\u00f3l na dost\u0119p do kamery internetowej i mikrofonu.<\/li>\n<li>Wybierz preferencje (np. filtr p\u0142ci, je\u015bli chcesz).<\/li>\n<li>Kliknij przycisk Rozpocznij czat, aby natychmiast nawi\u0105za\u0107 po\u0142\u0105czenie.<\/li>\n<li>Czat twarz\u0105 w twarz i kliknij przycisk Dalej w dowolnym momencie.<\/li>\n<\/ol>\n<p>Szybko, prosto i za darmo.<\/p>\n<h2>Cz\u0119sto zadawane pytania<\/h2>\n<h3>Czy losowy czat wideo online jest naprawd\u0119 darmowy?<\/h3>\n<p>Tak, StrangerCam oferuje nielimitowane darmowe czaty bez ukrytych op\u0142at.<\/p>\n<h3>Czy musz\u0119 si\u0119 zarejestrowa\u0107?<\/h3>\n<p>Nie. StrangerCam nie wymaga konta ani logowania.<\/p>\n<h3>Czy ludzie s\u0105 prawdziwi?<\/h3>\n<p>Tak. Wideo na \u017cywo gwarantuje, \u017ce rozmawiasz z prawdziwymi lud\u017ami, a nie botami.<\/p>\n<h3>Czy mog\u0119 u\u017cywa\u0107 go na telefonie kom\u00f3rkowym?<\/h3>\n<p>Tak, StrangerCam jest w pe\u0142ni przyjazny dla urz\u0105dze\u0144 mobilnych.<\/p>\n<h3>Czy jest to bezpieczne?<\/h3>\n<p>Tak, o ile przestrzegasz wskaz\u00f3wek bezpiecze\u0144stwa i korzystasz z narz\u0119dzi raportowania StrangerCam.<\/p>\n<h2>Przemy\u015blenia ko\u0144cowe - wypr\u00f3buj darmowy losowy czat wideo online ju\u017c dzi\u015b<\/h2>\n<p>W 2025 roku losowy czat wideo online jest jednym z najbardziej ekscytuj\u0105cych i autentycznych sposob\u00f3w poznawania nowych ludzi. Jest spontaniczny, darmowy i natychmiast \u0142\u0105czy Ci\u0119 z prawdziwymi lud\u017ami na ca\u0142ym \u015bwiecie.<\/p>\n<p>Nie wszystkie platformy zapewniaj\u0105 to, co obiecuj\u0105 - wiele z nich ukrywa funkcje za p\u0142atnymi zaporami lub ma zbyt wiele bot\u00f3w. W\u0142a\u015bnie dlatego StrangerCam jest najlepszym wyborem: jest darmowy, anonimowy, moderowany i pe\u0142en globalnych u\u017cytkownik\u00f3w gotowych spotka\u0107 si\u0119 z Tob\u0105 24 godziny na dob\u0119, 7 dni w tygodniu.<\/p>\n<p>Gotowy, aby spr\u00f3bowa\u0107? Rozpocznij darmowy losowy czat wideo online ju\u017c teraz i zobacz, kogo spotkasz w przysz\u0142o\u015bci.<\/p>","protected":false},"excerpt":{"rendered":"<p>Looking for the best way to enjoy random video chat online? You\u2019re not alone. Since the days of Omegle and Chatroulette, millions of people around the world have been drawn to the excitement of connecting face-to-face with strangers. Unlike dating apps or social media, which can feel staged or slow, random video chat online is [&hellip;]<\/p>\n","protected":false},"author":8,"featured_media":0,"parent":0,"menu_order":0,"comment_status":"closed","ping_status":"closed","template":"","meta":{"footnotes":""},"class_list":["post-3953","page","type-page","status-publish","hentry"],"yoast_head":"<!-- This site is optimized with the Yoast SEO plugin v27.4 - https:\/\/yoast.com\/product\/yoast-seo-wordpress\/ -->\n<title>Random Video Chat Online on Strangercam.com<\/title>\n<meta name=\"description\" content=\"Liking Random Video Chat Online? Join millions on StrangerCam.com! Start a random video chat, turn on your cam, and meet strangers instantly.\" \/>\n<meta name=\"robots\" content=\"index, follow, max-snippet:-1, max-image-preview:large, max-video-preview:-1\" \/>\n<link rel=\"canonical\" href=\"https:\/\/strangercam.com\/pl\/losowy-czat-wideo-online\/\" \/>\n<meta property=\"og:locale\" content=\"pl_PL\" \/>\n<meta property=\"og:type\" content=\"article\" \/>\n<meta property=\"og:title\" content=\"Random Video Chat Online on Strangercam.com\" \/>\n<meta property=\"og:description\" content=\"Liking Random Video Chat Online? Join millions on StrangerCam.com! Start a random video chat, turn on your cam, and meet strangers instantly.\" \/>\n<meta property=\"og:url\" content=\"https:\/\/strangercam.com\/pl\/losowy-czat-wideo-online\/\" \/>\n<meta property=\"og:site_name\" content=\"Strangercam\" \/>\n<meta property=\"article:publisher\" content=\"https:\/\/www.facebook.com\/strangercam\" \/>\n<meta property=\"article:modified_time\" content=\"2025-09-03T11:31:49+00:00\" \/>\n<meta property=\"og:image\" content=\"https:\/\/strangercam.com\/wp-content\/uploads\/2021\/10\/Untitled-2.png\" \/>\n\t<meta property=\"og:image:width\" content=\"800\" \/>\n\t<meta property=\"og:image:height\" content=\"532\" \/>\n\t<meta property=\"og:image:type\" content=\"image\/png\" \/>\n<meta name=\"twitter:card\" content=\"summary_large_image\" \/>\n<meta name=\"twitter:site\" content=\"@strangercamapp\" \/>\n<meta name=\"twitter:label1\" content=\"Szacowany czas czytania\" \/>\n\t<meta name=\"twitter:data1\" content=\"5 minut\" \/>\n<script type=\"application\/ld+json\" class=\"yoast-schema-graph\">{\"@context\":\"https:\\\/\\\/schema.org\",\"@graph\":[{\"@type\":\"WebPage\",\"@id\":\"https:\\\/\\\/strangercam.com\\\/random-video-chat-online\\\/\",\"url\":\"https:\\\/\\\/strangercam.com\\\/random-video-chat-online\\\/\",\"name\":\"Random Video Chat Online on Strangercam.com\",\"isPartOf\":{\"@id\":\"https:\\\/\\\/strangercam.com\\\/#website\"},\"datePublished\":\"2025-08-28T15:28:59+00:00\",\"dateModified\":\"2025-09-03T11:31:49+00:00\",\"description\":\"Liking Random Video Chat Online? Join millions on StrangerCam.com! Start a random video chat, turn on your cam, and meet strangers instantly.\",\"breadcrumb\":{\"@id\":\"https:\\\/\\\/strangercam.com\\\/random-video-chat-online\\\/#breadcrumb\"},\"inLanguage\":\"pl-PL\",\"potentialAction\":[{\"@type\":\"ReadAction\",\"target\":[\"https:\\\/\\\/strangercam.com\\\/random-video-chat-online\\\/\"]}]},{\"@type\":\"BreadcrumbList\",\"@id\":\"https:\\\/\\\/strangercam.com\\\/random-video-chat-online\\\/#breadcrumb\",\"itemListElement\":[{\"@type\":\"ListItem\",\"position\":1,\"name\":\"Home\",\"item\":\"https:\\\/\\\/strangercam.com\\\/\"},{\"@type\":\"ListItem\",\"position\":2,\"name\":\"Random Video Chat Online\"}]},{\"@type\":\"WebSite\",\"@id\":\"https:\\\/\\\/strangercam.com\\\/#website\",\"url\":\"https:\\\/\\\/strangercam.com\\\/\",\"name\":\"Strangercam\",\"description\":\"Random Video Chat with Strangers\",\"publisher\":{\"@id\":\"https:\\\/\\\/strangercam.com\\\/#organization\"},\"alternateName\":\"Strangercam.com\",\"potentialAction\":[{\"@type\":\"SearchAction\",\"target\":{\"@type\":\"EntryPoint\",\"urlTemplate\":\"https:\\\/\\\/strangercam.com\\\/?s={search_term_string}\"},\"query-input\":{\"@type\":\"PropertyValueSpecification\",\"valueRequired\":true,\"valueName\":\"search_term_string\"}}],\"inLanguage\":\"pl-PL\"},{\"@type\":\"Organization\",\"@id\":\"https:\\\/\\\/strangercam.com\\\/#organization\",\"name\":\"Strangercam\",\"alternateName\":\"Strangercam.com\",\"url\":\"https:\\\/\\\/strangercam.com\\\/\",\"logo\":{\"@type\":\"ImageObject\",\"inLanguage\":\"pl-PL\",\"@id\":\"https:\\\/\\\/strangercam.com\\\/#\\\/schema\\\/logo\\\/image\\\/\",\"url\":\"https:\\\/\\\/strangercam.com\\\/wp-content\\\/uploads\\\/2020\\\/11\\\/cropped-new-favicon-black.png\",\"contentUrl\":\"https:\\\/\\\/strangercam.com\\\/wp-content\\\/uploads\\\/2020\\\/11\\\/cropped-new-favicon-black.png\",\"width\":512,\"height\":512,\"caption\":\"Strangercam\"},\"image\":{\"@id\":\"https:\\\/\\\/strangercam.com\\\/#\\\/schema\\\/logo\\\/image\\\/\"},\"sameAs\":[\"https:\\\/\\\/www.facebook.com\\\/strangercam\",\"https:\\\/\\\/x.com\\\/strangercamapp\"]}]}<\/script>\n<!-- \/ Yoast SEO plugin. -->","yoast_head_json":{"title":"Losowy czat wideo online na Strangercam.com","description":"Lubisz losowy czat wideo online? Join miliony na StrangerCam.com! Rozpocznij losowy czat wideo, w\u0142\u0105cz kamer\u0119 i natychmiast poznaj nieznajomych.","robots":{"index":"index","follow":"follow","max-snippet":"max-snippet:-1","max-image-preview":"max-image-preview:large","max-video-preview":"max-video-preview:-1"},"canonical":"https:\/\/strangercam.com\/pl\/losowy-czat-wideo-online\/","og_locale":"pl_PL","og_type":"article","og_title":"Random Video Chat Online on Strangercam.com","og_description":"Liking Random Video Chat Online? Join millions on StrangerCam.com! Start a random video chat, turn on your cam, and meet strangers instantly.","og_url":"https:\/\/strangercam.com\/pl\/losowy-czat-wideo-online\/","og_site_name":"Strangercam","article_publisher":"https:\/\/www.facebook.com\/strangercam","article_modified_time":"2025-09-03T11:31:49+00:00","og_image":[{"width":800,"height":532,"url":"https:\/\/strangercam.com\/wp-content\/uploads\/2021\/10\/Untitled-2.png","type":"image\/png"}],"twitter_card":"summary_large_image","twitter_site":"@strangercamapp","twitter_misc":{"Szacowany czas czytania":"5 minut"},"schema":{"@context":"https:\/\/schema.org","@graph":[{"@type":"WebPage","@id":"https:\/\/strangercam.com\/random-video-chat-online\/","url":"https:\/\/strangercam.com\/random-video-chat-online\/","name":"Losowy czat wideo online na Strangercam.com","isPartOf":{"@id":"https:\/\/strangercam.com\/#website"},"datePublished":"2025-08-28T15:28:59+00:00","dateModified":"2025-09-03T11:31:49+00:00","description":"Lubisz losowy czat wideo online? Join miliony na StrangerCam.com! Rozpocznij losowy czat wideo, w\u0142\u0105cz kamer\u0119 i natychmiast poznaj nieznajomych.","breadcrumb":{"@id":"https:\/\/strangercam.com\/random-video-chat-online\/#breadcrumb"},"inLanguage":"pl-PL","potentialAction":[{"@type":"ReadAction","target":["https:\/\/strangercam.com\/random-video-chat-online\/"]}]},{"@type":"BreadcrumbList","@id":"https:\/\/strangercam.com\/random-video-chat-online\/#breadcrumb","itemListElement":[{"@type":"ListItem","position":1,"name":"Home","item":"https:\/\/strangercam.com\/"},{"@type":"ListItem","position":2,"name":"Random Video Chat Online"}]},{"@type":"WebSite","@id":"https:\/\/strangercam.com\/#website","url":"https:\/\/strangercam.com\/","name":"Strangercam","description":"Losowy czat wideo z nieznajomymi","publisher":{"@id":"https:\/\/strangercam.com\/#organization"},"alternateName":"Strangercam.com","potentialAction":[{"@type":"SearchAction","target":{"@type":"EntryPoint","urlTemplate":"https:\/\/strangercam.com\/?s={search_term_string}"},"query-input":{"@type":"PropertyValueSpecification","valueRequired":true,"valueName":"search_term_string"}}],"inLanguage":"pl-PL"},{"@type":"Organization","@id":"https:\/\/strangercam.com\/#organization","name":"Strangercam","alternateName":"Strangercam.com","url":"https:\/\/strangercam.com\/","logo":{"@type":"ImageObject","inLanguage":"pl-PL","@id":"https:\/\/strangercam.com\/#\/schema\/logo\/image\/","url":"https:\/\/strangercam.com\/wp-content\/uploads\/2020\/11\/cropped-new-favicon-black.png","contentUrl":"https:\/\/strangercam.com\/wp-content\/uploads\/2020\/11\/cropped-new-favicon-black.png","width":512,"height":512,"caption":"Strangercam"},"image":{"@id":"https:\/\/strangercam.com\/#\/schema\/logo\/image\/"},"sameAs":["https:\/\/www.facebook.com\/strangercam","https:\/\/x.com\/strangercamapp"]}]}},"_links":{"self":[{"href":"https:\/\/strangercam.com\/pl\/wp-json\/wp\/v2\/pages\/3953","targetHints":{"allow":["GET"]}}],"collection":[{"href":"https:\/\/strangercam.com\/pl\/wp-json\/wp\/v2\/pages"}],"about":[{"href":"https:\/\/strangercam.com\/pl\/wp-json\/wp\/v2\/types\/page"}],"author":[{"embeddable":true,"href":"https:\/\/strangercam.com\/pl\/wp-json\/wp\/v2\/users\/8"}],"replies":[{"embeddable":true,"href":"https:\/\/strangercam.com\/pl\/wp-json\/wp\/v2\/comments?post=3953"}],"version-history":[{"count":2,"href":"https:\/\/strangercam.com\/pl\/wp-json\/wp\/v2\/pages\/3953\/revisions"}],"predecessor-version":[{"id":12979,"href":"https:\/\/strangercam.com\/pl\/wp-json\/wp\/v2\/pages\/3953\/revisions\/12979"}],"wp:attachment":[{"href":"https:\/\/strangercam.com\/pl\/wp-json\/wp\/v2\/media?parent=3953"}],"curies":[{"name":"wp","href":"https:\/\/api.w.org\/{rel}","templated":true}]}}