{"id":3935,"date":"2025-08-28T17:19:09","date_gmt":"2025-08-28T15:19:09","guid":{"rendered":"https:\/\/strangercam.com\/?page_id=3935"},"modified":"2025-09-03T13:31:40","modified_gmt":"2025-09-03T11:31:40","slug":"darmowy-losowy-czat","status":"publish","type":"page","link":"https:\/\/strangercam.com\/pl\/free-random-chat\/","title":{"rendered":"Darmowy losowy czat"},"content":{"rendered":"<p>Szukasz najlepszego sposobu na cieszenie si\u0119 darmowym randomem? <a href=\"https:\/\/strangercam.com\/pl\/chathub\/\">czat<\/a>? Nie jeste\u015b sam. Ka\u017cdego miesi\u0105ca miliony ludzi na ca\u0142ym \u015bwiecie szukaj\u0105 platform do czatowania, maj\u0105c nadziej\u0119 na natychmiastowe nawi\u0105zanie kontaktu z nowymi osobami - czy to dla zabawy, przyja\u017ani, wymiany kulturowej, czy te\u017c niezobowi\u0105zuj\u0105cego flirtu. W przeciwie\u0144stwie do medi\u00f3w spo\u0142eczno\u015bciowych lub aplikacji randkowych, kt\u00f3re cz\u0119sto wymagaj\u0105 nieko\u0144cz\u0105cego si\u0119 przesuwania lub powolnego przesy\u0142ania wiadomo\u015bci, darmowy czat losowy polega na natychmiastowych rozmowach twarz\u0105 w twarz z nieznajomymi.<\/p>\n<p>W 2025 roku platformy takie jak StrangerCam u\u0142atwiaj\u0105 rozpocz\u0119cie darmowego, losowego czatu - bez rejestracji, bez pobierania i bez ukrytych op\u0142at. Wystarczy klikn\u0105\u0107 przycisk i rozpocz\u0105\u0107 rozmow\u0119 z kim\u015b nowym z dowolnego miejsca na \u015bwiecie.<\/p>\n<p>Ten przewodnik obejmuje wszystko, co musisz wiedzie\u0107: czym jest darmowy czat losowy, dlaczego jest tak popularny, jak dzia\u0142a, funkcje, kt\u00f3rych powiniene\u015b szuka\u0107, por\u00f3wnania platform, wskaz\u00f3wki dotycz\u0105ce bezpiecze\u0144stwa i dlaczego StrangerCam jest obecnie jednym z najlepszych wybor\u00f3w.<\/p>\n<h2>Czym jest darmowy czat losowy?<\/h2>\n<p>Darmowy czat losowy to us\u0142uga online, kt\u00f3ra natychmiast \u0142\u0105czy ci\u0119 w pary z nieznajomymi w celu prowadzenia rozm\u00f3w na \u017cywo - za po\u015brednictwem tekstu, wideo lub obu. W przeciwie\u0144stwie do tradycyjnych czat\u00f3w, platformy do rozm\u00f3w losowych dzia\u0142aj\u0105 w czasie rzeczywistym i nie wymagaj\u0105 tworzenia profili ani rejestracji.<\/p>\n<p>Wystarczy si\u0119 zalogowa\u0107 (lub w wi\u0119kszo\u015bci przypadk\u00f3w w og\u00f3le si\u0119 nie logowa\u0107), nacisn\u0105\u0107 \u201cStart\u201d i natychmiast nawi\u0105za\u0107 po\u0142\u0105czenie z przypadkow\u0105 osob\u0105. Je\u015bli rozmowa nie przypadnie ci do gustu, po prostu kliknij \u201cDalej\u201d, aby <a href=\"https:\/\/strangercam.com\/pl\/coomeet\/\">spotkanie<\/a> kogo\u015b nowego. Do\u015bwiadczenie to jest spontaniczne, zabawne i ca\u0142kowicie nieprzewidywalne.<\/p>\n<h2>Dlaczego ludzie kochaj\u0105 darmowy czat<\/h2>\n<p>Popularno\u015b\u0107 darmowych czat\u00f3w losowych eksplodowa\u0142a w ci\u0105gu ostatniej dekady, a oto dlaczego:<\/p>\n<ul>\n<li>Natychmiastowa zabawa: Poznawaj nowych ludzi w kilka sekund.<\/li>\n<li>Spontaniczno\u015b\u0107: Ka\u017cda rozmowa jest inna - czasem zabawna, czasem zalotna, a czasem g\u0142\u0119boka.<\/li>\n<li>Brak fa\u0142szywych profili: Czat wideo dowodzi, \u017ce dana osoba jest prawdziwa.<\/li>\n<li>Bez zobowi\u0105za\u0144: Nie jest wymagana rejestracja ani podanie danych osobowych.<\/li>\n<li>Globalne po\u0142\u0105czenia: Czatuj z nieznajomymi z ca\u0142ego \u015bwiata.<\/li>\n<li>Pokonaj nud\u0119: Zabawny spos\u00f3b na zabicie czasu i nawi\u0105zanie nieoczekiwanych znajomo\u015bci.<\/li>\n<\/ul>\n<h2>Jak dzia\u0142a darmowy czat losowy?<\/h2>\n<p>1TP162Uzyskanie darmowej platformy czatu losowego jest szybkie i \u0142atwe:<\/p>\n<ol>\n<li>Otw\u00f3rz platform\u0119 na swoim urz\u0105dzeniu.<\/li>\n<li>Wybierz tryb czatu (wideo lub tekstowy).<\/li>\n<li>Zezw\u00f3l na dost\u0119p do kamery i mikrofonu (w przypadku czatu wideo).<\/li>\n<li>Kliknij \"Rozpocznij czat\", aby natychmiast po\u0142\u0105czy\u0107 si\u0119 z przypadkowym nieznajomym.<\/li>\n<li>Ciesz si\u0119 rozmow\u0105. Je\u015bli nie czujesz si\u0119 na si\u0142ach, naci\u015bnij \"Dalej\".<\/li>\n<\/ol>\n<p>Cykl ten mo\u017ce powtarza\u0107 si\u0119 w niesko\u0144czono\u015b\u0107, daj\u0105c nieograniczone mo\u017cliwo\u015bci poznawania nowych ludzi.<\/p>\n<h2>Najwa\u017cniejsze cechy, kt\u00f3rych nale\u017cy szuka\u0107<\/h2>\n<p>Nie wszystkie platformy czat\u00f3w losowych s\u0105 sobie r\u00f3wne. Oto, na co nale\u017cy zwr\u00f3ci\u0107 uwag\u0119, wybieraj\u0105c najlepsz\u0105 darmow\u0105 stron\u0119 z czatami losowymi:<\/p>\n<h3>1. Prawdziwie darmowy dost\u0119p<\/h3>\n<p>Niekt\u00f3re strony reklamuj\u0105 si\u0119 jako \"darmowe\", ale szybko przekierowuj\u0105 do p\u0142atnych witryn. Poszukaj nielimitowanego, prawdziwie darmowego czatu.<\/p>\n<h3>2. Rejestracja nie jest wymagana<\/h3>\n<p>Nie powinno by\u0107 konieczne tworzenie konta ani podawanie danych osobowych.<\/p>\n<h3>3. Wiele tryb\u00f3w czatu<\/h3>\n<p>Opcje czat\u00f3w wideo, audio lub tekstowych.<\/p>\n<h3>4. Filtry p\u0142ci i lokalizacji<\/h3>\n<p>Pomocne przy wyszukiwaniu okre\u015blonych typ\u00f3w os\u00f3b.<\/p>\n<h3>5. Narz\u0119dzia moderacji i bezpiecze\u0144stwa<\/h3>\n<p>Silne systemy zg\u0142aszania i blokowania zapewniaj\u0105 bezpiecze\u0144stwo spo\u0142eczno\u015bci.<\/p>\n<h3>6. Projekt przyjazny dla urz\u0105dze\u0144 mobilnych<\/h3>\n<p>Najlepsze platformy dzia\u0142aj\u0105 na telefonach, tabletach i komputerach stacjonarnych.<\/p>\n<h2>Najlepsze darmowe platformy czatu losowego w 2025 roku<\/h2>\n<p>Oto por\u00f3wnanie najpopularniejszych miejsc do darmowego, losowego czatowania:<\/p>\n<table>\n<thead>\n<tr>\n<th>Platforma<\/th>\n<th align=\"center\">Bezp\u0142atny dost\u0119p<\/th>\n<th align=\"center\">Tryb wideo<\/th>\n<th align=\"center\">Wymagana rejestracja<\/th>\n<th align=\"center\">Filtr p\u0142ci<\/th>\n<th align=\"center\">Moderacja<\/th>\n<th>Uwagi<\/th>\n<\/tr>\n<\/thead>\n<tbody>\n<tr>\n<td>StrangerCam<\/td>\n<td align=\"center\">\u2705<\/td>\n<td align=\"center\">\u2705<\/td>\n<td align=\"center\">\u274c<\/td>\n<td align=\"center\">\u2705 (Free)<\/td>\n<td align=\"center\">\u2705<\/td>\n<td>Najlepsze og\u00f3lnie, darmowe filtry wideo i p\u0142ci<\/td>\n<\/tr>\n<tr>\n<td><a href=\"https:\/\/strangercam.com\/pl\/chatroulette\/\">Chatroulette<\/a><\/td>\n<td align=\"center\">\u2705<\/td>\n<td align=\"center\">\u2705<\/td>\n<td align=\"center\">\u274c<\/td>\n<td align=\"center\">\u274c (p\u0142atne)<\/td>\n<td align=\"center\">\u2705<\/td>\n<td>Klasyczny, ale p\u0142atny filtr p\u0142ciowy<\/td>\n<\/tr>\n<tr>\n<td>Chatrandom<\/td>\n<td align=\"center\">\u2705<\/td>\n<td align=\"center\">\u2705<\/td>\n<td align=\"center\">\u274c<\/td>\n<td align=\"center\">\u274c (p\u0142atne)<\/td>\n<td align=\"center\">\u2705<\/td>\n<td>Popularne, ale zablokowane funkcje premium<\/td>\n<\/tr>\n<tr>\n<td><a href=\"https:\/\/strangercam.com\/pl\/ometv\/\">OmeTV<\/a><\/td>\n<td align=\"center\">\u2705<\/td>\n<td align=\"center\">\u2705<\/td>\n<td align=\"center\">\u274c<\/td>\n<td align=\"center\">\u274c<\/td>\n<td align=\"center\">\u2705<\/td>\n<td>Aplikacja mobilna, tylko losowo<\/td>\n<\/tr>\n<tr>\n<td>Shagle<\/td>\n<td align=\"center\">\u2705<\/td>\n<td align=\"center\">\u2705<\/td>\n<td align=\"center\">\u274c<\/td>\n<td align=\"center\">\u274c (p\u0142atne)<\/td>\n<td align=\"center\">\u2705<\/td>\n<td>Wysoka premia<\/td>\n<\/tr>\n<tr>\n<td>Emerald Chat<\/td>\n<td align=\"center\">\u2705<\/td>\n<td align=\"center\">\u2705<\/td>\n<td align=\"center\">\u274c<\/td>\n<td align=\"center\">\u274c<\/td>\n<td align=\"center\">\u2705<\/td>\n<td>System oparty na reputacji<\/td>\n<\/tr>\n<tr>\n<td>LuckyCrush<\/td>\n<td align=\"center\">\u274c<\/td>\n<td align=\"center\">\u2705<\/td>\n<td align=\"center\">\u2705<\/td>\n<td align=\"center\">\u2705<\/td>\n<td align=\"center\">\u2705<\/td>\n<td>Zawsze p\u0142atny czat oparty na p\u0142ci<\/td>\n<\/tr>\n<\/tbody>\n<\/table>\n<p>StrangerCam to jedna z niewielu platform, kt\u00f3ra oferuje darmowy czat z wideo, filtry prawdziwej p\u0142ci, brak rejestracji i nieograniczony dost\u0119p.<\/p>\n<h2>Dlaczego StrangerCam to najlepszy wyb\u00f3r na darmowy czat losowy?<\/h2>\n<p>StrangerCam sta\u0142o si\u0119 w 2025 roku najpopularniejszym miejscem dla u\u017cytkownik\u00f3w, kt\u00f3rzy chc\u0105 darmowego, losowego czatu. Oto dlaczego:<\/p>\n<h3>1. Prawdziwie darmowy i nieograniczony<\/h3>\n<p>Bez kredyt\u00f3w, bez pr\u00f3b, bez ogranicze\u0144.<\/p>\n<h3>2. Opcje wideo i tekstu<\/h3>\n<p>Wybierz, czy chcesz rozmawia\u0107 twarz\u0105 w twarz, czy tylko tekstowo.<\/p>\n<h3>3. Darmowy filtr p\u0142ci<\/h3>\n<p>Wybierz, z kim chcesz rozmawia\u0107 - m\u0119\u017cczyzn\u0105, kobiet\u0105 lub obojgiem - bez p\u0142acenia.<\/p>\n<h3>4. Nie jest wymagana rejestracja<\/h3>\n<p>Zachowaj anonimowo\u015b\u0107 podczas czatowania z nieznajomymi.<\/p>\n<h3>5. Globalna spo\u0142eczno\u015b\u0107<\/h3>\n<p>Poznawaj ludzi z ponad 100 kraj\u00f3w, o ka\u017cdej porze.<\/p>\n<h3>6. Bezpieczny i moderowany<\/h3>\n<p>Aktywna moderacja chroni przed botami i spamem.<\/p>\n<h2>Prawdziwe opinie u\u017cytkownik\u00f3w<\/h2>\n<blockquote><p><em>\"Szuka\u0142em darmowego czatu bez ukrytych koszt\u00f3w. StrangerCam by\u0142 pierwsz\u0105 stron\u0105, kt\u00f3ra faktycznie to zapewni\u0142a.\"<\/em><br \/>\n- Ryan, 24 lata<\/p><\/blockquote>\n<blockquote><p><em>\"Podoba mi si\u0119, \u017ce mog\u0119 wybra\u0107 wideo lub tekst. W niekt\u00f3re dni chc\u0119 po prostu pisa\u0107, a w inne mam ochot\u0119 porozmawia\u0107 twarz\u0105 w twarz\".<\/em><br \/>\n- Maria, 21 lat<\/p><\/blockquote>\n<blockquote><p><em>\"Filtr p\u0142ci faktycznie tu dzia\u0142a, w przeciwie\u0144stwie do innych tak zwanych darmowych stron\".<\/em><br \/>\n- Ethan, 28 lat<\/p><\/blockquote>\n<blockquote><p><em>\"Proste, zabawne i szybkie. Pozna\u0142em ju\u017c ludzi z wielu kraj\u00f3w\".<\/em><br \/>\n- Sophie, 22 lata<\/p><\/blockquote>\n<h2>Wskaz\u00f3wki dotycz\u0105ce bezpiecze\u0144stwa na darmowym czacie losowym<\/h2>\n<p>Przypadkowy czat mo\u017ce by\u0107 \u015bwietn\u0105 zabaw\u0105, ale wa\u017cne jest, aby zachowa\u0107 bezpiecze\u0144stwo:<\/p>\n<ul>\n<li>Nie udost\u0119pniaj danych osobowych, takich jak imi\u0119 i nazwisko, adres czy telefon.<\/li>\n<li>Pomijaj lub blokuj ka\u017cdego, kto sprawia, \u017ce czujesz si\u0119 niekomfortowo.<\/li>\n<li>Nigdy nie klikaj podejrzanych link\u00f3w.<\/li>\n<li>U\u017cyj neutralnego t\u0142a, aby unikn\u0105\u0107 ujawniania prywatnych szczeg\u00f3\u0142\u00f3w.<\/li>\n<li>Trzymaj si\u0119 funkcji platformy - w razie potrzeby u\u017cywaj przycisku raportowania.<\/li>\n<li>Przestrzegaj zasad dotycz\u0105cych wieku - je\u015bli masz mniej ni\u017c 18 lat, nie korzystaj z czat\u00f3w dla doros\u0142ych.<\/li>\n<\/ul>\n<h2>Jak zacz\u0105\u0107 - krok po kroku<\/h2>\n<p>Rozpocz\u0119cie darmowego losowego czatu zajmuje mniej ni\u017c minut\u0119:<\/p>\n<ol>\n<li>Otw\u00f3rz StrangerCam na swoim urz\u0105dzeniu.<\/li>\n<li>Wybierz, czy chcesz korzysta\u0107 z czatu wideo czy tekstowego.<\/li>\n<li>Zezw\u00f3l na dost\u0119p do kamery i mikrofonu (je\u015bli u\u017cywasz wideo).<\/li>\n<li>Kliknij przycisk Rozpocznij czat, aby natychmiast nawi\u0105za\u0107 po\u0142\u0105czenie.<\/li>\n<li>Naci\u015bnij Next w dowolnym momencie, aby pozna\u0107 kogo\u015b nowego.<\/li>\n<\/ol>\n<p>Szybko, prosto i za darmo.<\/p>\n<h2>Cz\u0119sto zadawane pytania<\/h2>\n<h3>Czy darmowy czat losowy jest naprawd\u0119 darmowy?<\/h3>\n<p>Tak, StrangerCam oferuje nieograniczon\u0105 liczb\u0119 losowych czat\u00f3w bez ukrytych op\u0142at.<\/p>\n<h3>Czy musz\u0119 si\u0119 zarejestrowa\u0107?<\/h3>\n<p>Nie. StrangerCam nie wymaga konta ani rejestracji.<\/p>\n<h3>Czy ludzie s\u0105 prawdziwi?<\/h3>\n<p>Tak. Dzi\u0119ki czatowi wideo jeste\u015b zawsze po\u0142\u0105czony z prawdziwymi u\u017cytkownikami.<\/p>\n<h3>Czy mog\u0119 u\u017cywa\u0107 go na telefonie kom\u00f3rkowym?<\/h3>\n<p>Tak, StrangerCam dzia\u0142a p\u0142ynnie na wszystkich urz\u0105dzeniach.<\/p>\n<h3>Czy jest to bezpieczne?<\/h3>\n<p>Tak, pod warunkiem przestrzegania podstawowych zasad bezpiecze\u0144stwa i korzystania z narz\u0119dzi moderacji StrangerCam.<\/p>\n<h2>Przemy\u015blenia ko\u0144cowe - wypr\u00f3buj darmowy czat losowy ju\u017c dzi\u015b<\/h2>\n<p>W 2025 r. darmowy czat losowy pozostaje jednym z naj\u0142atwiejszych i najfajniejszych sposob\u00f3w nawi\u0105zywania kontakt\u00f3w z nowymi osobami online. Jest spontaniczny, autentyczny i mo\u017ce po\u0142\u0105czy\u0107 ci\u0119 z nieznajomymi z dowolnego miejsca na \u015bwiecie w ci\u0105gu kilku sekund.<\/p>\n<p>Ale nie ka\u017cda platforma to zapewnia. Wiele witryn ukrywa istotne funkcje za p\u0142atnymi zaporami lub jest przepe\u0142nionych botami. W\u0142a\u015bnie dlatego StrangerCam jest najlepszym wyborem: jest naprawd\u0119 darmowy, anonimowy, moderowany i zawsze pe\u0142en ludzi gotowych do rozmowy.<\/p>\n<p>Gotowy, aby spr\u00f3bowa\u0107? Rozpocznij darmowy losowy czat ju\u017c teraz i zobacz, kogo spotkasz w przysz\u0142o\u015bci.<\/p>","protected":false},"excerpt":{"rendered":"<p>Are you looking for the best way to enjoy a free random chat? You\u2019re not alone. Millions of people worldwide search for random chat platforms every month, hoping to connect instantly with new people\u2014whether for fun, friendship, cultural exchange, or casual flirting. Unlike social media or dating apps, which often require endless swiping or slow [&hellip;]<\/p>\n","protected":false},"author":8,"featured_media":0,"parent":0,"menu_order":0,"comment_status":"closed","ping_status":"closed","template":"","meta":{"footnotes":""},"class_list":["post-3935","page","type-page","status-publish","hentry"],"yoast_head":"<!-- This site is optimized with the Yoast SEO plugin v27.4 - https:\/\/yoast.com\/product\/yoast-seo-wordpress\/ -->\n<title>Free Random Chat with Random Chat on Strangercam.com<\/title>\n<meta name=\"description\" content=\"Liking Free Random Chat? Join millions on StrangerCam.com! Start a random video chat, turn on your cam, and meet strangers instantly.\" \/>\n<meta name=\"robots\" content=\"index, follow, max-snippet:-1, max-image-preview:large, max-video-preview:-1\" \/>\n<link rel=\"canonical\" href=\"https:\/\/strangercam.com\/pl\/darmowy-losowy-czat\/\" \/>\n<meta property=\"og:locale\" content=\"pl_PL\" \/>\n<meta property=\"og:type\" content=\"article\" \/>\n<meta property=\"og:title\" content=\"Free Random Chat with Random Chat on Strangercam.com\" \/>\n<meta property=\"og:description\" content=\"Liking Free Random Chat? Join millions on StrangerCam.com! Start a random video chat, turn on your cam, and meet strangers instantly.\" \/>\n<meta property=\"og:url\" content=\"https:\/\/strangercam.com\/pl\/darmowy-losowy-czat\/\" \/>\n<meta property=\"og:site_name\" content=\"Strangercam\" \/>\n<meta property=\"article:publisher\" content=\"https:\/\/www.facebook.com\/strangercam\" \/>\n<meta property=\"article:modified_time\" content=\"2025-09-03T11:31:40+00:00\" \/>\n<meta property=\"og:image\" content=\"https:\/\/strangercam.com\/wp-content\/uploads\/2021\/10\/Untitled-2.png\" \/>\n\t<meta property=\"og:image:width\" content=\"800\" \/>\n\t<meta property=\"og:image:height\" content=\"532\" \/>\n\t<meta property=\"og:image:type\" content=\"image\/png\" \/>\n<meta name=\"twitter:card\" content=\"summary_large_image\" \/>\n<meta name=\"twitter:site\" content=\"@strangercamapp\" \/>\n<meta name=\"twitter:label1\" content=\"Szacowany czas czytania\" \/>\n\t<meta name=\"twitter:data1\" content=\"5 minut\" \/>\n<script type=\"application\/ld+json\" class=\"yoast-schema-graph\">{\"@context\":\"https:\\\/\\\/schema.org\",\"@graph\":[{\"@type\":\"WebPage\",\"@id\":\"https:\\\/\\\/strangercam.com\\\/free-random-chat\\\/\",\"url\":\"https:\\\/\\\/strangercam.com\\\/free-random-chat\\\/\",\"name\":\"Free Random Chat with Random Chat on Strangercam.com\",\"isPartOf\":{\"@id\":\"https:\\\/\\\/strangercam.com\\\/#website\"},\"datePublished\":\"2025-08-28T15:19:09+00:00\",\"dateModified\":\"2025-09-03T11:31:40+00:00\",\"description\":\"Liking Free Random Chat? Join millions on StrangerCam.com! Start a random video chat, turn on your cam, and meet strangers instantly.\",\"breadcrumb\":{\"@id\":\"https:\\\/\\\/strangercam.com\\\/free-random-chat\\\/#breadcrumb\"},\"inLanguage\":\"pl-PL\",\"potentialAction\":[{\"@type\":\"ReadAction\",\"target\":[\"https:\\\/\\\/strangercam.com\\\/free-random-chat\\\/\"]}]},{\"@type\":\"BreadcrumbList\",\"@id\":\"https:\\\/\\\/strangercam.com\\\/free-random-chat\\\/#breadcrumb\",\"itemListElement\":[{\"@type\":\"ListItem\",\"position\":1,\"name\":\"Home\",\"item\":\"https:\\\/\\\/strangercam.com\\\/\"},{\"@type\":\"ListItem\",\"position\":2,\"name\":\"Free Random Chat\"}]},{\"@type\":\"WebSite\",\"@id\":\"https:\\\/\\\/strangercam.com\\\/#website\",\"url\":\"https:\\\/\\\/strangercam.com\\\/\",\"name\":\"Strangercam\",\"description\":\"Random Video Chat with Strangers\",\"publisher\":{\"@id\":\"https:\\\/\\\/strangercam.com\\\/#organization\"},\"alternateName\":\"Strangercam.com\",\"potentialAction\":[{\"@type\":\"SearchAction\",\"target\":{\"@type\":\"EntryPoint\",\"urlTemplate\":\"https:\\\/\\\/strangercam.com\\\/?s={search_term_string}\"},\"query-input\":{\"@type\":\"PropertyValueSpecification\",\"valueRequired\":true,\"valueName\":\"search_term_string\"}}],\"inLanguage\":\"pl-PL\"},{\"@type\":\"Organization\",\"@id\":\"https:\\\/\\\/strangercam.com\\\/#organization\",\"name\":\"Strangercam\",\"alternateName\":\"Strangercam.com\",\"url\":\"https:\\\/\\\/strangercam.com\\\/\",\"logo\":{\"@type\":\"ImageObject\",\"inLanguage\":\"pl-PL\",\"@id\":\"https:\\\/\\\/strangercam.com\\\/#\\\/schema\\\/logo\\\/image\\\/\",\"url\":\"https:\\\/\\\/strangercam.com\\\/wp-content\\\/uploads\\\/2020\\\/11\\\/cropped-new-favicon-black.png\",\"contentUrl\":\"https:\\\/\\\/strangercam.com\\\/wp-content\\\/uploads\\\/2020\\\/11\\\/cropped-new-favicon-black.png\",\"width\":512,\"height\":512,\"caption\":\"Strangercam\"},\"image\":{\"@id\":\"https:\\\/\\\/strangercam.com\\\/#\\\/schema\\\/logo\\\/image\\\/\"},\"sameAs\":[\"https:\\\/\\\/www.facebook.com\\\/strangercam\",\"https:\\\/\\\/x.com\\\/strangercamapp\"]}]}<\/script>\n<!-- \/ Yoast SEO plugin. -->","yoast_head_json":{"title":"Darmowy losowy czat z losowym czatem na Strangercam.com","description":"Lubisz darmowy czat losowy? Join miliony na StrangerCam.com! Rozpocznij losowy czat wideo, w\u0142\u0105cz kamer\u0119 i natychmiast poznaj nieznajomych.","robots":{"index":"index","follow":"follow","max-snippet":"max-snippet:-1","max-image-preview":"max-image-preview:large","max-video-preview":"max-video-preview:-1"},"canonical":"https:\/\/strangercam.com\/pl\/darmowy-losowy-czat\/","og_locale":"pl_PL","og_type":"article","og_title":"Free Random Chat with Random Chat on Strangercam.com","og_description":"Liking Free Random Chat? Join millions on StrangerCam.com! Start a random video chat, turn on your cam, and meet strangers instantly.","og_url":"https:\/\/strangercam.com\/pl\/darmowy-losowy-czat\/","og_site_name":"Strangercam","article_publisher":"https:\/\/www.facebook.com\/strangercam","article_modified_time":"2025-09-03T11:31:40+00:00","og_image":[{"width":800,"height":532,"url":"https:\/\/strangercam.com\/wp-content\/uploads\/2021\/10\/Untitled-2.png","type":"image\/png"}],"twitter_card":"summary_large_image","twitter_site":"@strangercamapp","twitter_misc":{"Szacowany czas czytania":"5 minut"},"schema":{"@context":"https:\/\/schema.org","@graph":[{"@type":"WebPage","@id":"https:\/\/strangercam.com\/free-random-chat\/","url":"https:\/\/strangercam.com\/free-random-chat\/","name":"Darmowy losowy czat z losowym czatem na Strangercam.com","isPartOf":{"@id":"https:\/\/strangercam.com\/#website"},"datePublished":"2025-08-28T15:19:09+00:00","dateModified":"2025-09-03T11:31:40+00:00","description":"Lubisz darmowy czat losowy? Join miliony na StrangerCam.com! Rozpocznij losowy czat wideo, w\u0142\u0105cz kamer\u0119 i natychmiast poznaj nieznajomych.","breadcrumb":{"@id":"https:\/\/strangercam.com\/free-random-chat\/#breadcrumb"},"inLanguage":"pl-PL","potentialAction":[{"@type":"ReadAction","target":["https:\/\/strangercam.com\/free-random-chat\/"]}]},{"@type":"BreadcrumbList","@id":"https:\/\/strangercam.com\/free-random-chat\/#breadcrumb","itemListElement":[{"@type":"ListItem","position":1,"name":"Home","item":"https:\/\/strangercam.com\/"},{"@type":"ListItem","position":2,"name":"Free Random Chat"}]},{"@type":"WebSite","@id":"https:\/\/strangercam.com\/#website","url":"https:\/\/strangercam.com\/","name":"Strangercam","description":"Losowy czat wideo z nieznajomymi","publisher":{"@id":"https:\/\/strangercam.com\/#organization"},"alternateName":"Strangercam.com","potentialAction":[{"@type":"SearchAction","target":{"@type":"EntryPoint","urlTemplate":"https:\/\/strangercam.com\/?s={search_term_string}"},"query-input":{"@type":"PropertyValueSpecification","valueRequired":true,"valueName":"search_term_string"}}],"inLanguage":"pl-PL"},{"@type":"Organization","@id":"https:\/\/strangercam.com\/#organization","name":"Strangercam","alternateName":"Strangercam.com","url":"https:\/\/strangercam.com\/","logo":{"@type":"ImageObject","inLanguage":"pl-PL","@id":"https:\/\/strangercam.com\/#\/schema\/logo\/image\/","url":"https:\/\/strangercam.com\/wp-content\/uploads\/2020\/11\/cropped-new-favicon-black.png","contentUrl":"https:\/\/strangercam.com\/wp-content\/uploads\/2020\/11\/cropped-new-favicon-black.png","width":512,"height":512,"caption":"Strangercam"},"image":{"@id":"https:\/\/strangercam.com\/#\/schema\/logo\/image\/"},"sameAs":["https:\/\/www.facebook.com\/strangercam","https:\/\/x.com\/strangercamapp"]}]}},"_links":{"self":[{"href":"https:\/\/strangercam.com\/pl\/wp-json\/wp\/v2\/pages\/3935","targetHints":{"allow":["GET"]}}],"collection":[{"href":"https:\/\/strangercam.com\/pl\/wp-json\/wp\/v2\/pages"}],"about":[{"href":"https:\/\/strangercam.com\/pl\/wp-json\/wp\/v2\/types\/page"}],"author":[{"embeddable":true,"href":"https:\/\/strangercam.com\/pl\/wp-json\/wp\/v2\/users\/8"}],"replies":[{"embeddable":true,"href":"https:\/\/strangercam.com\/pl\/wp-json\/wp\/v2\/comments?post=3935"}],"version-history":[{"count":1,"href":"https:\/\/strangercam.com\/pl\/wp-json\/wp\/v2\/pages\/3935\/revisions"}],"predecessor-version":[{"id":12978,"href":"https:\/\/strangercam.com\/pl\/wp-json\/wp\/v2\/pages\/3935\/revisions\/12978"}],"wp:attachment":[{"href":"https:\/\/strangercam.com\/pl\/wp-json\/wp\/v2\/media?parent=3935"}],"curies":[{"name":"wp","href":"https:\/\/api.w.org\/{rel}","templated":true}]}}