{"id":3918,"date":"2025-08-28T17:12:57","date_gmt":"2025-08-28T15:12:57","guid":{"rendered":"https:\/\/strangercam.com\/?page_id=3918"},"modified":"2025-09-03T13:31:29","modified_gmt":"2025-09-03T11:31:29","slug":"rozmowa-wideo-z-nieznajomymi","status":"publish","type":"page","link":"https:\/\/strangercam.com\/pl\/talk-to-strangers-video-call\/","title":{"rendered":"Rozmowa wideo z nieznajomymi"},"content":{"rendered":"<p>Czy szuka\u0142e\u015b sposobu na rozmow\u0119 wideo z nieznajomymi? Nie jeste\u015b sam. Od czasu pojawienia si\u0119 losowych <a href=\"https:\/\/strangercam.com\/pl\/chathub\/\">czat<\/a> platformy takie jak <a href=\"https:\/\/strangercam.com\/pl\/omegle\/\">Omegle<\/a>, <a href=\"https:\/\/strangercam.com\/pl\/chatroulette\/\">Chatroulette<\/a>, i ich wsp\u00f3\u0142czesnych nast\u0119pc\u00f3w, miliony ludzi skorzysta\u0142y z po\u0142\u0105cze\u0144 wideo na \u017cywo z nieznajomymi, aby nawi\u0105za\u0107 nowe znajomo\u015bci, cieszy\u0107 si\u0119 swobodnymi rozmowami lub po prostu pokona\u0107 nud\u0119.<\/p>\n<p>Obecnie platformy takie jak StrangerCam sprawiaj\u0105, \u017ce korzystanie z darmowych rozm\u00f3w wideo z nieznajomymi jest \u0142atwiejsze ni\u017c kiedykolwiek - bez rejestracji, bez pobierania i bez ukrytych op\u0142at. Niezale\u017cnie od tego, czy chcesz swobodnie rozmawia\u0107, flirtowa\u0107, poznawa\u0107 r\u00f3\u017cne kultury, czy po prostu \u015bmia\u0107 si\u0119 z kim\u015b nowym, rozmowy wideo online z nieznajomymi zapewniaj\u0105 natychmiastowy dost\u0119p do prawdziwych ludzi na ca\u0142ym \u015bwiecie.<\/p>\n<p>W tym przewodniku om\u00f3wimy wszystko, co musisz wiedzie\u0107: czym s\u0105 rozmowy wideo z nieznajomymi, dlaczego s\u0105 tak popularne, jak dzia\u0142aj\u0105, jakich funkcji szuka\u0107, por\u00f3wnania najlepszych platform, wskaz\u00f3wki dotycz\u0105ce bezpiecze\u0144stwa i dlaczego StrangerCam jest jednym z najlepszych wybor\u00f3w w 2025 roku.<\/p>\n<h2>Co oznacza \"Rozmowa wideo z nieznajomymi\"?<\/h2>\n<p>Gdy rozmawiasz z nieznajomymi za po\u015brednictwem po\u0142\u0105czenia wideo, u\u017cywasz kamery internetowej i mikrofonu, aby natychmiast po\u0142\u0105czy\u0107 si\u0119 z przypadkowymi osobami online. W przeciwie\u0144stwie do sieci spo\u0142eczno\u015bciowych lub aplikacji randkowych, gdzie rozmowy mog\u0105 wydawa\u0107 si\u0119 wymuszone lub powolne, rozmowy wideo z nieznajomymi s\u0105 spontaniczne i prawdziwe.<\/p>\n<p>Nie musisz tworzy\u0107 profilu, przesy\u0142a\u0107 zdj\u0119\u0107 ani sp\u0119dza\u0107 godzin na przewijaniu. Wystarczy klikn\u0105\u0107 przycisk i ju\u017c mo\u017cesz stan\u0105\u0107 twarz\u0105 w twarz z kim\u015b nowym. Je\u015bli nie podoba ci si\u0119 czat, kliknij przycisk Dalej, a w ci\u0105gu kilku sekund zostaniesz po\u0142\u0105czony z kim\u015b innym.<\/p>\n<h2>Dlaczego ludzie uwielbiaj\u0105 darmowe rozmowy wideo z nieznajomymi?<\/h2>\n<p>Atrakcyjno\u015b\u0107 darmowych platform do rozm\u00f3w wideo z nieznajomymi jest oczywista:<\/p>\n<ul>\n<li>Prawdziwa interakcja mi\u0119dzyludzka - w przeciwie\u0144stwie do czatu tekstowego, wideo zapewnia, \u017ce rozmawiasz z prawdziw\u0105 osob\u0105.<\/li>\n<li>Spontaniczno\u015b\u0107 - Ka\u017cda rozmowa jest wyj\u0105tkowa, zaskakuj\u0105ca i nieprzewidywalna.<\/li>\n<li>Brak zobowi\u0105za\u0144 - nie wymaga zak\u0142adania konta ani rejestracji; mo\u017cesz odej\u015b\u0107 w dowolnym momencie.<\/li>\n<li>Globalny zasi\u0119g - natychmiastowe poznawanie nieznajomych z ca\u0142ego \u015bwiata.<\/li>\n<li>Przyja\u017a\u0144 i flirt - niekt\u00f3rzy u\u017cywaj\u0105 go do nawi\u0105zywania przyja\u017ani, inni do lekkiej, niezobowi\u0105zuj\u0105cej zabawy.<\/li>\n<li>Quick Escape - idealne rozwi\u0105zanie, gdy jeste\u015b znudzony lub chcesz odpocz\u0105\u0107.<\/li>\n<\/ul>\n<h2>Jak dzia\u0142a po\u0142\u0105czenie wideo z nieznajomym?<\/h2>\n<p>Proces jest szybki i przyjazny dla pocz\u0105tkuj\u0105cych:<\/p>\n<ol>\n<li>Otw\u00f3rz platform\u0119 (tak\u0105 jak StrangerCam) na swoim urz\u0105dzeniu.<\/li>\n<li>Zezw\u00f3l na dost\u0119p do kamery i mikrofonu.<\/li>\n<li>Kliknij \"Rozpocznij czat\". Zostaniesz natychmiast po\u0142\u0105czony z przypadkowym nieznajomym.<\/li>\n<li>Rozmowa na \u017cywo za po\u015brednictwem po\u0142\u0105czenia wideo.<\/li>\n<li>Kliknij \"Dalej\", je\u015bli chcesz pozna\u0107 kogo\u015b nowego.<\/li>\n<\/ol>\n<p>Ta prosta konfiguracja sprawia, \u017ce jest to jeden z najszybszych sposob\u00f3w \u0142\u0105czenia si\u0119 z lud\u017ami na ca\u0142ym \u015bwiecie.<\/p>\n<h2>Najwa\u017cniejsze cechy, kt\u00f3rych nale\u017cy szuka\u0107<\/h2>\n<p>Je\u015bli szukasz najlepszego miejsca do rozm\u00f3w wideo z nieznajomymi, oto najwa\u017cniejsze funkcje:<\/p>\n<h3>1. Prawdziwie darmowy dost\u0119p<\/h3>\n<p>Platforma powinna zapewnia\u0107 nieograniczony dost\u0119p bez zap\u00f3r.<\/p>\n<h3>2. Rejestracja nie jest wymagana<\/h3>\n<p>Najlepsze platformy nie wymagaj\u0105 kont, login\u00f3w ani danych osobowych.<\/p>\n<h3>3. Filtry p\u0142ci i lokalizacji<\/h3>\n<p>Wybierz, z kim chcesz rozmawia\u0107 - z dziewczynami, ch\u0142opakami lub osobami z okre\u015blonych kraj\u00f3w.<\/p>\n<h3>4. Silne umiarkowanie<\/h3>\n<p>Platformy powinny mie\u0107 narz\u0119dzia do zg\u0142aszania, blokowania i utrzymywania bezpiecznej przestrzeni.<\/p>\n<h3>5. Do\u015bwiadczenie przyjazne dla urz\u0105dze\u0144 mobilnych<\/h3>\n<p>Upewnij si\u0119, \u017ce platforma dzia\u0142a dobrze zar\u00f3wno na telefonach, jak i komputerach stacjonarnych.<\/p>\n<h3>6. Wysoka jako\u015b\u0107 obrazu i d\u017awi\u0119ku<\/h3>\n<p>Jasne i p\u0142ynne po\u0142\u0105czenia sprawiaj\u0105, \u017ce rozmowa jest przyjemniejsza.<\/p>\n<h2>Najlepsze platformy do rozm\u00f3w wideo z nieznajomymi w 2025 roku<\/h2>\n<p>Oto por\u00f3wnanie najlepszych platform do rozm\u00f3w wideo z nieznajomymi:<\/p>\n<table>\n<thead>\n<tr>\n<th>Platforma<\/th>\n<th align=\"center\">Bezp\u0142atny dost\u0119p<\/th>\n<th align=\"center\">Filtr p\u0142ci<\/th>\n<th align=\"center\">Wymagana rejestracja<\/th>\n<th align=\"center\">Wsparcie mobilne<\/th>\n<th align=\"center\">Moderacja<\/th>\n<th>Uwagi<\/th>\n<\/tr>\n<\/thead>\n<tbody>\n<tr>\n<td>StrangerCam<\/td>\n<td align=\"center\">\u2705<\/td>\n<td align=\"center\">\u2705 (Free)<\/td>\n<td align=\"center\">\u274c<\/td>\n<td align=\"center\">\u2705<\/td>\n<td align=\"center\">\u2705<\/td>\n<td>Najlepszy og\u00f3lny wyb\u00f3r, naprawd\u0119 darmowy<\/td>\n<\/tr>\n<tr>\n<td>Chatroulette<\/td>\n<td align=\"center\">\u2705<\/td>\n<td align=\"center\">\u274c (p\u0142atne)<\/td>\n<td align=\"center\">\u274c<\/td>\n<td align=\"center\">\u2705<\/td>\n<td align=\"center\">\u2705<\/td>\n<td>Klasyka, ale filtry p\u0142ciowe zablokowane<\/td>\n<\/tr>\n<tr>\n<td>Chatrandom<\/td>\n<td align=\"center\">\u2705<\/td>\n<td align=\"center\">\u274c (p\u0142atne)<\/td>\n<td align=\"center\">\u274c<\/td>\n<td align=\"center\">\u2705<\/td>\n<td align=\"center\">\u2705<\/td>\n<td>Du\u017ca baza u\u017cytkownik\u00f3w, filtry premium<\/td>\n<\/tr>\n<tr>\n<td><a href=\"https:\/\/strangercam.com\/pl\/ometv\/\">OmeTV<\/a><\/td>\n<td align=\"center\">\u2705<\/td>\n<td align=\"center\">\u274c<\/td>\n<td align=\"center\">\u274c<\/td>\n<td align=\"center\">\u2705<\/td>\n<td align=\"center\">\u2705<\/td>\n<td>Tylko losowo, dost\u0119pna aplikacja mobilna<\/td>\n<\/tr>\n<tr>\n<td>Shagle<\/td>\n<td align=\"center\">\u2705<\/td>\n<td align=\"center\">\u274c (p\u0142atne)<\/td>\n<td align=\"center\">\u274c<\/td>\n<td align=\"center\">\u2705<\/td>\n<td align=\"center\">\u2705<\/td>\n<td>Darmowy dost\u0119p, ale p\u0142atne filtry<\/td>\n<\/tr>\n<tr>\n<td><a href=\"https:\/\/strangercam.com\/pl\/coomeet\/\">CooMeet<\/a><\/td>\n<td align=\"center\">\u274c (Trial)<\/td>\n<td align=\"center\">\u2705<\/td>\n<td align=\"center\">\u2705<\/td>\n<td align=\"center\">\u2705<\/td>\n<td align=\"center\">\u2705<\/td>\n<td>P\u0142atne po ograniczonym bezp\u0142atnym okresie pr\u00f3bnym<\/td>\n<\/tr>\n<tr>\n<td>LuckyCrush<\/td>\n<td align=\"center\">\u274c<\/td>\n<td align=\"center\">\u2705<\/td>\n<td align=\"center\">\u2705<\/td>\n<td align=\"center\">\u2705<\/td>\n<td align=\"center\">\u2705<\/td>\n<td>Zawsze p\u0142atne czaty oparte na p\u0142ci<\/td>\n<\/tr>\n<\/tbody>\n<\/table>\n<p>W\u015br\u00f3d nich StrangerCam jest jedn\u0105 z jedynych platform, kt\u00f3ra oferuje bezp\u0142atne, nieograniczone rozmowy wideo z nieznajomymi z prawdziwym filtrem p\u0142ci i bez rejestracji.<\/p>\n<h2>Dlaczego StrangerCam to najlepszy wyb\u00f3r<\/h2>\n<p>StrangerCam wyr\u00f3\u017cnia si\u0119 w 2025 roku jako jeden z najbardziej zaufanych sposob\u00f3w na rozmow\u0119 wideo z nieznajomymi. Oto dlaczego:<\/p>\n<h3>1. Ca\u0142kowicie za darmo<\/h3>\n<p>Brak ukrytych koszt\u00f3w, pr\u00f3b lub system\u00f3w kredytowych.<\/p>\n<h3>2. Darmowy filtr p\u0142ci<\/h3>\n<p>W przeciwie\u0144stwie do wi\u0119kszo\u015bci konkurent\u00f3w, StrangerCam pozwala wybra\u0107, z kim chcesz si\u0119 spotka\u0107 - bez paywalli.<\/p>\n<h3>3. Brak rejestracji<\/h3>\n<p>Zachowaj anonimowo\u015b\u0107 i rozpocznij czat natychmiast.<\/p>\n<h3>4. Bezpieczny i moderowany<\/h3>\n<p>Zaawansowane funkcje raportowania i moderacja na \u017cywo sprawiaj\u0105, \u017ce \u015brodowisko jest bezpieczniejsze.<\/p>\n<h3>5. Globalna baza u\u017cytkownik\u00f3w<\/h3>\n<p>Nieznajomi z ponad 100 kraj\u00f3w s\u0105 online 24\/7.<\/p>\n<h3>6. Zoptymalizowany dla wszystkich urz\u0105dze\u0144<\/h3>\n<p>Dzia\u0142a doskonale zar\u00f3wno na urz\u0105dzeniach mobilnych, jak i komputerach stacjonarnych.<\/p>\n<h2>Prawdziwe opinie u\u017cytkownik\u00f3w<\/h2>\n<blockquote><p><em>\"Chcia\u0142em mie\u0107 miejsce, w kt\u00f3rym m\u00f3g\u0142bym rozmawia\u0107 z nieznajomymi za po\u015brednictwem po\u0142\u0105cze\u0144 wideo bez konieczno\u015bci p\u0142acenia. StrangerCam by\u0142a pierwsz\u0105 platform\u0105, kt\u00f3ra by\u0142a faktycznie darmowa\".<\/em><br \/>\n- Jake, 26 lat<\/p><\/blockquote>\n<blockquote><p><em>\"Czuj\u0119 si\u0119 bezpieczniej ni\u017c w innych witrynach, kt\u00f3re wypr\u00f3bowa\u0142em. Mog\u0119 natychmiast blokowa\u0107 i pomija\u0107 osoby, je\u015bli nie czuj\u0119 si\u0119 komfortowo\".<\/em><br \/>\n- Leah, 23 lata<\/p><\/blockquote>\n<blockquote><p><em>\"Filtr p\u0142ci dzia\u0142a bez dodatkowych op\u0142at, co w dzisiejszych czasach jest rzadko\u015bci\u0105\".<\/em><br \/>\n- Marcus, 29 lat<\/p><\/blockquote>\n<blockquote><p><em>\"Szybko, prosto i przyjemnie. Mam ju\u017c znajomych z trzech r\u00f3\u017cnych kraj\u00f3w\".<\/em><br \/>\n- Sophia, 21 lat<\/p><\/blockquote>\n<h2>Wskaz\u00f3wki dotycz\u0105ce bezpiecze\u0144stwa podczas rozm\u00f3w wideo z nieznajomymi<\/h2>\n<p>Chocia\u017c rozmowy wideo z nieznajomymi s\u0105 zabawne, bezpiecze\u0144stwo jest wa\u017cne:<\/p>\n<ul>\n<li>Nigdy nie udost\u0119pniaj danych osobowych (numeru telefonu, adresu, adresu e-mail).<\/li>\n<li>Unikaj klikania link\u00f3w wysy\u0142anych przez nieznajomych.<\/li>\n<li>U\u017cyj przycisku \"Dalej\", je\u015bli nie czujesz si\u0119 komfortowo.<\/li>\n<li>Sprawd\u017a swoj\u0105 przesz\u0142o\u015b\u0107, aby unikn\u0105\u0107 ujawniania prywatnych szczeg\u00f3\u0142\u00f3w.<\/li>\n<li>Trzymaj si\u0119 narz\u0119dzi platformy do blokowania i raportowania.<\/li>\n<li>Przestrzegaj zasad dotycz\u0105cych wieku - je\u015bli masz mniej ni\u017c 18 lat, nie korzystaj z platform dla doros\u0142ych.<\/li>\n<\/ul>\n<h2>Jak zacz\u0105\u0107 - krok po kroku<\/h2>\n<p>Rozpocz\u0119cie rozmowy wideo z nieznajomym zajmuje mniej ni\u017c minut\u0119:<\/p>\n<ol>\n<li>Otw\u00f3rz StrangerCam w przegl\u0105darce lub na urz\u0105dzeniu.<\/li>\n<li>Zezw\u00f3l na dost\u0119p do kamery internetowej i mikrofonu.<\/li>\n<li>Wybierz preferencje (takie jak filtry p\u0142ci).<\/li>\n<li>Kliknij przycisk Rozpocznij czat, aby natychmiast nawi\u0105za\u0107 po\u0142\u0105czenie.<\/li>\n<li>Rozmawiaj z nieznajomymi twarz\u0105 w twarz i klikaj Next w dowolnym momencie, aby rozpocz\u0105\u0107 nowy czat.<\/li>\n<\/ol>\n<p>Szybko, \u0142atwo i ca\u0142kowicie za darmo.<\/p>\n<h2>Cz\u0119sto zadawane pytania<\/h2>\n<h3>Czy rozmowa z nieznajomymi za po\u015brednictwem po\u0142\u0105czenia wideo jest naprawd\u0119 darmowa?<\/h3>\n<p>Tak, StrangerCam oferuje nielimitowane rozmowy wideo z nieznajomymi bez ukrytych koszt\u00f3w.<\/p>\n<h3>Czy musz\u0119 si\u0119 zarejestrowa\u0107?<\/h3>\n<p>Nie. StrangerCam nie wymaga rejestracji ani kont.<\/p>\n<h3>Czy ludzie s\u0105 prawdziwi?<\/h3>\n<p>Tak. Wideo na \u017cywo gwarantuje, \u017ce rozmawiasz z prawdziwymi lud\u017ami, a nie botami.<\/p>\n<h3>Czy mog\u0119 u\u017cywa\u0107 go na telefonie?<\/h3>\n<p>Tak, StrangerCam jest w pe\u0142ni przyjazny dla urz\u0105dze\u0144 mobilnych.<\/p>\n<h3>Czy jest to bezpieczne?<\/h3>\n<p>Tak, o ile przestrzegasz wskaz\u00f3wek bezpiecze\u0144stwa i korzystasz z narz\u0119dzi moderacji StrangerCam.<\/p>\n<h2>Przemy\u015blenia ko\u0144cowe - wypr\u00f3buj darmowe rozmowy wideo z nieznajomymi ju\u017c dzi\u015b<\/h2>\n<p>W 2025 roku jednym z naj\u0142atwiejszych i najfajniejszych sposob\u00f3w na poznanie nowych ludzi jest rozmowa z nieznajomymi za po\u015brednictwem po\u0142\u0105cze\u0144 wideo. Jest to spontaniczne, bezp\u0142atne i pozwala nawi\u0105za\u0107 prawdziwe znajomo\u015bci w kilka sekund.<\/p>\n<p>Ale nie wszystkie platformy to zapewniaj\u0105. Wiele witryn ukrywa filtry p\u0142ci za p\u0142atnymi zaporami lub wype\u0142nia swoje spo\u0142eczno\u015bci botami. Dlatego StrangerCam jest najlepszym wyborem: jest darmowy, bezpieczny, anonimowy i pe\u0142en globalnych u\u017cytkownik\u00f3w gotowych na spotkanie z Tob\u0105.<\/p>\n<p>Gotowy do nawi\u0105zania kontaktu? Rozpocznij darmow\u0105 rozmow\u0119 wideo z nieznajomymi ju\u017c dzi\u015b i zobacz, kogo spotkasz w przysz\u0142o\u015bci.<\/p>","protected":false},"excerpt":{"rendered":"<p>Have you been searching for a way to talk to strangers video call style? You\u2019re not alone. Since the rise of random chat platforms like Omegle, Chatroulette, and their modern successors, millions of people have turned to live video calls with strangers to make new friends, enjoy casual conversations, or simply beat boredom. Today, platforms [&hellip;]<\/p>\n","protected":false},"author":8,"featured_media":0,"parent":0,"menu_order":0,"comment_status":"closed","ping_status":"closed","template":"","meta":{"footnotes":""},"class_list":["post-3918","page","type-page","status-publish","hentry"],"yoast_head":"<!-- This site is optimized with the Yoast SEO plugin v27.4 - https:\/\/yoast.com\/product\/yoast-seo-wordpress\/ -->\n<title>Talk to Strangers Video Call on Strangercam.com<\/title>\n<meta name=\"description\" content=\"Liking Talk to Strangers Video Call? Join millions on StrangerCam.com! Start a random video chat, turn on your cam, and meet strangers instantly.\" \/>\n<meta name=\"robots\" content=\"index, follow, max-snippet:-1, max-image-preview:large, max-video-preview:-1\" \/>\n<link rel=\"canonical\" href=\"https:\/\/strangercam.com\/pl\/rozmowa-wideo-z-nieznajomymi\/\" \/>\n<meta property=\"og:locale\" content=\"pl_PL\" \/>\n<meta property=\"og:type\" content=\"article\" \/>\n<meta property=\"og:title\" content=\"Talk to Strangers Video Call on Strangercam.com\" \/>\n<meta property=\"og:description\" content=\"Liking Talk to Strangers Video Call? Join millions on StrangerCam.com! Start a random video chat, turn on your cam, and meet strangers instantly.\" \/>\n<meta property=\"og:url\" content=\"https:\/\/strangercam.com\/pl\/rozmowa-wideo-z-nieznajomymi\/\" \/>\n<meta property=\"og:site_name\" content=\"Strangercam\" \/>\n<meta property=\"article:publisher\" content=\"https:\/\/www.facebook.com\/strangercam\" \/>\n<meta property=\"article:modified_time\" content=\"2025-09-03T11:31:29+00:00\" \/>\n<meta property=\"og:image\" content=\"https:\/\/strangercam.com\/wp-content\/uploads\/2021\/10\/Untitled-2.png\" \/>\n\t<meta property=\"og:image:width\" content=\"800\" \/>\n\t<meta property=\"og:image:height\" content=\"532\" \/>\n\t<meta property=\"og:image:type\" content=\"image\/png\" \/>\n<meta name=\"twitter:card\" content=\"summary_large_image\" \/>\n<meta name=\"twitter:site\" content=\"@strangercamapp\" \/>\n<meta name=\"twitter:label1\" content=\"Szacowany czas czytania\" \/>\n\t<meta name=\"twitter:data1\" content=\"5 minut\" \/>\n<script type=\"application\/ld+json\" class=\"yoast-schema-graph\">{\"@context\":\"https:\\\/\\\/schema.org\",\"@graph\":[{\"@type\":\"WebPage\",\"@id\":\"https:\\\/\\\/strangercam.com\\\/talk-to-strangers-video-call\\\/\",\"url\":\"https:\\\/\\\/strangercam.com\\\/talk-to-strangers-video-call\\\/\",\"name\":\"Talk to Strangers Video Call on Strangercam.com\",\"isPartOf\":{\"@id\":\"https:\\\/\\\/strangercam.com\\\/#website\"},\"datePublished\":\"2025-08-28T15:12:57+00:00\",\"dateModified\":\"2025-09-03T11:31:29+00:00\",\"description\":\"Liking Talk to Strangers Video Call? Join millions on StrangerCam.com! Start a random video chat, turn on your cam, and meet strangers instantly.\",\"breadcrumb\":{\"@id\":\"https:\\\/\\\/strangercam.com\\\/talk-to-strangers-video-call\\\/#breadcrumb\"},\"inLanguage\":\"pl-PL\",\"potentialAction\":[{\"@type\":\"ReadAction\",\"target\":[\"https:\\\/\\\/strangercam.com\\\/talk-to-strangers-video-call\\\/\"]}]},{\"@type\":\"BreadcrumbList\",\"@id\":\"https:\\\/\\\/strangercam.com\\\/talk-to-strangers-video-call\\\/#breadcrumb\",\"itemListElement\":[{\"@type\":\"ListItem\",\"position\":1,\"name\":\"Home\",\"item\":\"https:\\\/\\\/strangercam.com\\\/\"},{\"@type\":\"ListItem\",\"position\":2,\"name\":\"Talk to Strangers Video Call\"}]},{\"@type\":\"WebSite\",\"@id\":\"https:\\\/\\\/strangercam.com\\\/#website\",\"url\":\"https:\\\/\\\/strangercam.com\\\/\",\"name\":\"Strangercam\",\"description\":\"Random Video Chat with Strangers\",\"publisher\":{\"@id\":\"https:\\\/\\\/strangercam.com\\\/#organization\"},\"alternateName\":\"Strangercam.com\",\"potentialAction\":[{\"@type\":\"SearchAction\",\"target\":{\"@type\":\"EntryPoint\",\"urlTemplate\":\"https:\\\/\\\/strangercam.com\\\/?s={search_term_string}\"},\"query-input\":{\"@type\":\"PropertyValueSpecification\",\"valueRequired\":true,\"valueName\":\"search_term_string\"}}],\"inLanguage\":\"pl-PL\"},{\"@type\":\"Organization\",\"@id\":\"https:\\\/\\\/strangercam.com\\\/#organization\",\"name\":\"Strangercam\",\"alternateName\":\"Strangercam.com\",\"url\":\"https:\\\/\\\/strangercam.com\\\/\",\"logo\":{\"@type\":\"ImageObject\",\"inLanguage\":\"pl-PL\",\"@id\":\"https:\\\/\\\/strangercam.com\\\/#\\\/schema\\\/logo\\\/image\\\/\",\"url\":\"https:\\\/\\\/strangercam.com\\\/wp-content\\\/uploads\\\/2020\\\/11\\\/cropped-new-favicon-black.png\",\"contentUrl\":\"https:\\\/\\\/strangercam.com\\\/wp-content\\\/uploads\\\/2020\\\/11\\\/cropped-new-favicon-black.png\",\"width\":512,\"height\":512,\"caption\":\"Strangercam\"},\"image\":{\"@id\":\"https:\\\/\\\/strangercam.com\\\/#\\\/schema\\\/logo\\\/image\\\/\"},\"sameAs\":[\"https:\\\/\\\/www.facebook.com\\\/strangercam\",\"https:\\\/\\\/x.com\\\/strangercamapp\"]}]}<\/script>\n<!-- \/ Yoast SEO plugin. -->","yoast_head_json":{"title":"Rozmowy wideo z nieznajomymi na Strangercam.com","description":"Lubisz rozmowy wideo z nieznajomymi? Join miliony na StrangerCam.com! Rozpocznij losowy czat wideo, w\u0142\u0105cz kamer\u0119 i natychmiast poznaj nieznajomych.","robots":{"index":"index","follow":"follow","max-snippet":"max-snippet:-1","max-image-preview":"max-image-preview:large","max-video-preview":"max-video-preview:-1"},"canonical":"https:\/\/strangercam.com\/pl\/rozmowa-wideo-z-nieznajomymi\/","og_locale":"pl_PL","og_type":"article","og_title":"Talk to Strangers Video Call on Strangercam.com","og_description":"Liking Talk to Strangers Video Call? Join millions on StrangerCam.com! Start a random video chat, turn on your cam, and meet strangers instantly.","og_url":"https:\/\/strangercam.com\/pl\/rozmowa-wideo-z-nieznajomymi\/","og_site_name":"Strangercam","article_publisher":"https:\/\/www.facebook.com\/strangercam","article_modified_time":"2025-09-03T11:31:29+00:00","og_image":[{"width":800,"height":532,"url":"https:\/\/strangercam.com\/wp-content\/uploads\/2021\/10\/Untitled-2.png","type":"image\/png"}],"twitter_card":"summary_large_image","twitter_site":"@strangercamapp","twitter_misc":{"Szacowany czas czytania":"5 minut"},"schema":{"@context":"https:\/\/schema.org","@graph":[{"@type":"WebPage","@id":"https:\/\/strangercam.com\/talk-to-strangers-video-call\/","url":"https:\/\/strangercam.com\/talk-to-strangers-video-call\/","name":"Rozmowy wideo z nieznajomymi na Strangercam.com","isPartOf":{"@id":"https:\/\/strangercam.com\/#website"},"datePublished":"2025-08-28T15:12:57+00:00","dateModified":"2025-09-03T11:31:29+00:00","description":"Lubisz rozmowy wideo z nieznajomymi? Join miliony na StrangerCam.com! Rozpocznij losowy czat wideo, w\u0142\u0105cz kamer\u0119 i natychmiast poznaj nieznajomych.","breadcrumb":{"@id":"https:\/\/strangercam.com\/talk-to-strangers-video-call\/#breadcrumb"},"inLanguage":"pl-PL","potentialAction":[{"@type":"ReadAction","target":["https:\/\/strangercam.com\/talk-to-strangers-video-call\/"]}]},{"@type":"BreadcrumbList","@id":"https:\/\/strangercam.com\/talk-to-strangers-video-call\/#breadcrumb","itemListElement":[{"@type":"ListItem","position":1,"name":"Home","item":"https:\/\/strangercam.com\/"},{"@type":"ListItem","position":2,"name":"Talk to Strangers Video Call"}]},{"@type":"WebSite","@id":"https:\/\/strangercam.com\/#website","url":"https:\/\/strangercam.com\/","name":"Strangercam","description":"Losowy czat wideo z nieznajomymi","publisher":{"@id":"https:\/\/strangercam.com\/#organization"},"alternateName":"Strangercam.com","potentialAction":[{"@type":"SearchAction","target":{"@type":"EntryPoint","urlTemplate":"https:\/\/strangercam.com\/?s={search_term_string}"},"query-input":{"@type":"PropertyValueSpecification","valueRequired":true,"valueName":"search_term_string"}}],"inLanguage":"pl-PL"},{"@type":"Organization","@id":"https:\/\/strangercam.com\/#organization","name":"Strangercam","alternateName":"Strangercam.com","url":"https:\/\/strangercam.com\/","logo":{"@type":"ImageObject","inLanguage":"pl-PL","@id":"https:\/\/strangercam.com\/#\/schema\/logo\/image\/","url":"https:\/\/strangercam.com\/wp-content\/uploads\/2020\/11\/cropped-new-favicon-black.png","contentUrl":"https:\/\/strangercam.com\/wp-content\/uploads\/2020\/11\/cropped-new-favicon-black.png","width":512,"height":512,"caption":"Strangercam"},"image":{"@id":"https:\/\/strangercam.com\/#\/schema\/logo\/image\/"},"sameAs":["https:\/\/www.facebook.com\/strangercam","https:\/\/x.com\/strangercamapp"]}]}},"_links":{"self":[{"href":"https:\/\/strangercam.com\/pl\/wp-json\/wp\/v2\/pages\/3918","targetHints":{"allow":["GET"]}}],"collection":[{"href":"https:\/\/strangercam.com\/pl\/wp-json\/wp\/v2\/pages"}],"about":[{"href":"https:\/\/strangercam.com\/pl\/wp-json\/wp\/v2\/types\/page"}],"author":[{"embeddable":true,"href":"https:\/\/strangercam.com\/pl\/wp-json\/wp\/v2\/users\/8"}],"replies":[{"embeddable":true,"href":"https:\/\/strangercam.com\/pl\/wp-json\/wp\/v2\/comments?post=3918"}],"version-history":[{"count":2,"href":"https:\/\/strangercam.com\/pl\/wp-json\/wp\/v2\/pages\/3918\/revisions"}],"predecessor-version":[{"id":12977,"href":"https:\/\/strangercam.com\/pl\/wp-json\/wp\/v2\/pages\/3918\/revisions\/12977"}],"wp:attachment":[{"href":"https:\/\/strangercam.com\/pl\/wp-json\/wp\/v2\/media?parent=3918"}],"curies":[{"name":"wp","href":"https:\/\/api.w.org\/{rel}","templated":true}]}}