{"id":3634,"date":"2025-08-18T13:16:01","date_gmt":"2025-08-18T11:16:01","guid":{"rendered":"https:\/\/strangercam.com\/?page_id=3634"},"modified":"2025-08-18T14:15:47","modified_gmt":"2025-08-18T12:15:47","slug":"losowe-polaczenie-wideo","status":"publish","type":"page","link":"https:\/\/strangercam.com\/pl\/random-video-call\/","title":{"rendered":"Losowe po\u0142\u0105czenie wideo"},"content":{"rendered":"<p>Czy szuka\u0142e\u015b najlepszego sposobu na cieszenie si\u0119 losow\u0105 rozmow\u0105 wideo? Nie jeste\u015b sam. Miliony ludzi na ca\u0142ym \u015bwiecie codziennie korzystaj\u0105 z platform do losowych po\u0142\u0105cze\u0144 wideo, aby pozna\u0107 nieznajomych, nawi\u0105za\u0107 nowe znajomo\u015bci, flirtowa\u0107 lub po prostu sp\u0119dzi\u0107 czas. W przeciwie\u0144stwie do medi\u00f3w spo\u0142eczno\u015bciowych lub aplikacji randkowych, gdzie rozmowy mog\u0105 wydawa\u0107 si\u0119 wymuszone lub powolne, losowe rozmowy wideo s\u0105 natychmiastowe, spontaniczne i prawdziwe.<\/p>\n<p>Dzi\u0119ki platformom takim jak StrangerCam mo\u017cesz ju\u017c teraz rozpocz\u0105\u0107 darmow\u0105, losow\u0105 rozmow\u0119 wideo - bez rejestracji, bez pobierania i bez ukrytych op\u0142at. Jest to jeden z naj\u0142atwiejszych sposob\u00f3w na \u0142\u0105czenie si\u0119 z lud\u017ami twarz\u0105 w twarz, z dowolnego miejsca na \u015bwiecie, w dowolnym czasie.<\/p>\n<p>Ten przewodnik wyja\u015bni wszystko, co musisz wiedzie\u0107 o losowych po\u0142\u0105czeniach wideo: jak dzia\u0142aj\u0105, dlaczego sta\u0142y si\u0119 tak popularne, najlepsze funkcje, kt\u00f3rych nale\u017cy szuka\u0107, por\u00f3wnania najlepszych platform, wskaz\u00f3wki dotycz\u0105ce bezpiecze\u0144stwa i dlaczego StrangerCam wyr\u00f3\u017cnia si\u0119 jako jeden z najlepszych wybor\u00f3w w 2025 roku.<\/p>\n<h2>Co to jest losowe po\u0142\u0105czenie wideo?<\/h2>\n<p>Losowa rozmowa wideo to funkcja online, kt\u00f3ra natychmiast \u0142\u0105czy Ci\u0119 z nieznajomym za po\u015brednictwem kamery internetowej na \u017cywo i d\u017awi\u0119ku. Nie wiesz, kogo spotkasz, dop\u00f3ki nie zostaniesz po\u0142\u0105czony - mo\u017ce to by\u0107 kto\u015b w pobli\u017cu lub kto\u015b oddalony o tysi\u0105ce mil.<\/p>\n<p>Pi\u0119kno losowych po\u0142\u0105cze\u0144 wideo polega na ich nieprzewidywalno\u015bci. Ka\u017cdy <a href=\"https:\/\/strangercam.com\/pl\/chathub\/\">czat<\/a> jest wyj\u0105tkowa. Mo\u017cesz pozna\u0107 nowego przyjaciela, podzieli\u0107 si\u0119 \u015bmiechem z kim\u015b z ca\u0142ego \u015bwiata lub po prostu odby\u0107 zabawn\u0105 dwuminutow\u0105 rozmow\u0119 przed klikni\u0119ciem \u201cDalej\u201d, aby spr\u00f3bowa\u0107 ponownie.<\/p>\n<h2>Dlaczego ludzie uwielbiaj\u0105 darmowe, losowe rozmowy wideo<\/h2>\n<p>Popularno\u015b\u0107 darmowych, losowych po\u0142\u0105cze\u0144 wideo znacznie wzros\u0142a w ci\u0105gu ostatniej dekady. Oto dlaczego:<\/p>\n<ul>\n<li>Spontaniczna zabawa - ka\u017cde po\u0142\u0105czenie jest niespodziank\u0105, dzi\u0119ki czemu do\u015bwiadczenie jest ekscytuj\u0105ce.<\/li>\n<li>Prawdziwe po\u0142\u0105czenia - w przeciwie\u0144stwie do czatu tekstowego, wideo na \u017cywo pokazuje prawdziw\u0105 osob\u0119, a nie wyselekcjonowany profil lub fa\u0142szywe konto.<\/li>\n<li>Brak zobowi\u0105za\u0144 - Nie ma potrzeby rejestracji, d\u0142ugich rejestracji ani szczeg\u00f3\u0142owych biografii. Wystarczy klikn\u0105\u0107 i gotowe.<\/li>\n<li>Og\u00f3lno\u015bwiatowy zasi\u0119g - natychmiastowe poznawanie ludzi z r\u00f3\u017cnych kultur i \u015brodowisk.<\/li>\n<li>Idealny na nud\u0119 - szybki spos\u00f3b na ucieczk\u0119 od rutyny i zainicjowanie nowych rozm\u00f3w.<\/li>\n<li>Przyja\u017a\u0144 lub flirt - niekt\u00f3rzy u\u017cywaj\u0105 go do nawi\u0105zywania nowych znajomo\u015bci; inni lubi\u0105 lekki, niezobowi\u0105zuj\u0105cy flirt.<\/li>\n<\/ul>\n<h2>Jak dzia\u0142aj\u0105 losowe po\u0142\u0105czenia wideo?<\/h2>\n<p>Korzystanie z us\u0142ugi losowych po\u0142\u0105cze\u0144 wideo jest szybkie i proste:<\/p>\n<ol>\n<li>Otw\u00f3rz platform\u0119 (przegl\u0105dark\u0119 stacjonarn\u0105 lub mobiln\u0105).<\/li>\n<li>Po wy\u015bwietleniu monitu zezw\u00f3l na dost\u0119p do kamery i mikrofonu.<\/li>\n<li>Kliknij \"Rozpocznij po\u0142\u0105czenie\". Zostaniesz natychmiast po\u0142\u0105czony z przypadkowym nieznajomym.<\/li>\n<li>Czat twarz\u0105 w twarz. Je\u015bli rozmowa Ci si\u0119 nie spodoba, naci\u015bnij \"Dalej\", aby przej\u015b\u0107 dalej.<\/li>\n<li>Powtarzaj tyle razy, ile chcesz. Wi\u0119kszo\u015b\u0107 us\u0142ug jest bezp\u0142atna i nieograniczona.<\/li>\n<\/ol>\n<p>Niekt\u00f3re platformy oferuj\u0105 r\u00f3wnie\u017c filtry p\u0142ci, preferencje lokalizacji, a nawet narz\u0119dzia do automatycznego t\u0142umaczenia rozm\u00f3w mi\u0119dzynarodowych.<\/p>\n<h2>Najwa\u017cniejsze funkcje, kt\u00f3rych nale\u017cy szuka\u0107 w platformie losowych po\u0142\u0105cze\u0144 wideo<\/h2>\n<p>Nie ka\u017cda witryna z losowymi po\u0142\u0105czeniami wideo jest taka sama. Oto czego powiniene\u015b szuka\u0107:<\/p>\n<h3>1. Prawdziwie darmowy dost\u0119p<\/h3>\n<p>Wiele witryn twierdzi, \u017ce s\u0105 bezp\u0142atne, ale szybko popychaj\u0105 ci\u0119 do p\u0142atnych witryn. Najlepsze platformy s\u0105 naprawd\u0119 darmowe.<\/p>\n<h3>2. Nie jest wymagana rejestracja<\/h3>\n<p>Unikaj platform, kt\u00f3re wymuszaj\u0105 rejestracj\u0119 lub udost\u0119pnianie danych osobowych.<\/p>\n<h3>3. Filtry p\u0142ci i lokalizacji<\/h3>\n<p>Je\u015bli chcesz mie\u0107 wi\u0119ksz\u0105 kontrol\u0119 nad tym, z kim rozmawiasz, filtry sprawi\u0105, \u017ce do\u015bwiadczenie b\u0119dzie p\u0142ynniejsze.<\/p>\n<h3>4. Bezpieczny umiar<\/h3>\n<p>Silne narz\u0119dzia raportowania i moderacja chroni\u0105 przed spamem, botami i nieodpowiednim zachowaniem.<\/p>\n<h3>5. Projekt przyjazny dla urz\u0105dze\u0144 mobilnych<\/h3>\n<p>Dobra platforma powinna dzia\u0142a\u0107 r\u00f3wnie dobrze na telefonie, jak i na komputerze.<\/p>\n<h3>6. Wysoka jako\u015b\u0107 obrazu i d\u017awi\u0119ku<\/h3>\n<p>Wyra\u017any obraz wideo bez op\u00f3\u017anie\u0144 jest niezb\u0119dny do przyjemnego czatowania.<\/p>\n<h2>Najlepsze platformy do losowych po\u0142\u0105cze\u0144 wideo w 2025 roku<\/h2>\n<p>Oto por\u00f3wnanie najpopularniejszych witryn do losowych po\u0142\u0105cze\u0144 wideo:<\/p>\n<table>\n<thead>\n<tr>\n<th>Platforma<\/th>\n<th align=\"center\">Bezp\u0142atny dost\u0119p<\/th>\n<th align=\"center\">Filtr p\u0142ci<\/th>\n<th align=\"center\">Wymagana rejestracja<\/th>\n<th align=\"center\">Wsparcie mobilne<\/th>\n<th align=\"center\">Moderacja<\/th>\n<th>Uwagi<\/th>\n<\/tr>\n<\/thead>\n<tbody>\n<tr>\n<td>StrangerCam<\/td>\n<td align=\"center\">\u2705<\/td>\n<td align=\"center\">\u2705 (Free)<\/td>\n<td align=\"center\">\u274c<\/td>\n<td align=\"center\">\u2705<\/td>\n<td align=\"center\">\u2705<\/td>\n<td>Najlepszy og\u00f3lny wyb\u00f3r, naprawd\u0119 darmowy<\/td>\n<\/tr>\n<tr>\n<td><a href=\"https:\/\/strangercam.com\/pl\/chatroulette\/\">Chatroulette<\/a><\/td>\n<td align=\"center\">\u2705<\/td>\n<td align=\"center\">\u274c (p\u0142atne)<\/td>\n<td align=\"center\">\u274c<\/td>\n<td align=\"center\">\u2705<\/td>\n<td align=\"center\">\u2705<\/td>\n<td>Klasyczna opcja, ale p\u0142atne filtry<\/td>\n<\/tr>\n<tr>\n<td>Chatrandom<\/td>\n<td align=\"center\">\u2705<\/td>\n<td align=\"center\">\u274c (p\u0142atne)<\/td>\n<td align=\"center\">\u274c<\/td>\n<td align=\"center\">\u2705<\/td>\n<td align=\"center\">\u2705<\/td>\n<td>Popularne, ale filtry zablokowane za op\u0142at\u0105<\/td>\n<\/tr>\n<tr>\n<td><a href=\"https:\/\/strangercam.com\/pl\/ometv\/\">OmeTV<\/a><\/td>\n<td align=\"center\">\u2705<\/td>\n<td align=\"center\">\u274c<\/td>\n<td align=\"center\">\u274c<\/td>\n<td align=\"center\">\u2705<\/td>\n<td align=\"center\">\u2705<\/td>\n<td>Aplikacja mobilna, tylko losowe dopasowanie<\/td>\n<\/tr>\n<tr>\n<td>Shagle<\/td>\n<td align=\"center\">\u2705<\/td>\n<td align=\"center\">\u274c (p\u0142atne)<\/td>\n<td align=\"center\">\u274c<\/td>\n<td align=\"center\">\u2705<\/td>\n<td align=\"center\">\u2705<\/td>\n<td>Wiele funkcji zablokowanych w wersji premium<\/td>\n<\/tr>\n<tr>\n<td><a href=\"https:\/\/strangercam.com\/pl\/coomeet\/\">CooMeet<\/a><\/td>\n<td align=\"center\">\u274c (Trial)<\/td>\n<td align=\"center\">\u2705<\/td>\n<td align=\"center\">\u2705<\/td>\n<td align=\"center\">\u2705<\/td>\n<td align=\"center\">\u2705<\/td>\n<td>P\u0142atne po ograniczonym bezp\u0142atnym okresie pr\u00f3bnym<\/td>\n<\/tr>\n<tr>\n<td>LuckyCrush<\/td>\n<td align=\"center\">\u274c<\/td>\n<td align=\"center\">\u2705<\/td>\n<td align=\"center\">\u2705<\/td>\n<td align=\"center\">\u2705<\/td>\n<td align=\"center\">\u2705<\/td>\n<td>Zawsze p\u0142atny, czat tylko ze wzgl\u0119du na p\u0142e\u0107<\/td>\n<\/tr>\n<\/tbody>\n<\/table>\n<p>StrangerCam to jedna z niewielu platform, kt\u00f3ra zapewnia bezp\u0142atne losowe rozmowy wideo z dzia\u0142aj\u0105cym filtrem p\u0142ci, bez rejestracji i nieograniczonego u\u017cytkowania.<\/p>\n<h2>Dlaczego StrangerCam to najlepsze miejsce na przypadkowe rozmowy wideo?<\/h2>\n<p>StrangerCam szybko sta\u0142 si\u0119 jednym z najbardziej zaufanych wybor\u00f3w dla os\u00f3b szukaj\u0105cych przypadkowych po\u0142\u0105cze\u0144 wideo. Oto dlaczego:<\/p>\n<h3>1. Ca\u0142kowicie za darmo<\/h3>\n<p>Nieograniczone losowe po\u0142\u0105czenia wideo bez ukrytych koszt\u00f3w.<\/p>\n<h3>2. Darmowy filtr p\u0142ci<\/h3>\n<p>Wybierz, kogo chcesz pozna\u0107 - m\u0119\u017cczyzn\u0119, kobiet\u0119 lub oboje - bez p\u0142acenia.<\/p>\n<h3>3. Brak rejestracji<\/h3>\n<p>Zachowaj anonimowo\u015b\u0107. Po prostu kliknij i czatuj natychmiast.<\/p>\n<h3>4. Bezpieczny i moderowany<\/h3>\n<p>Aktywne narz\u0119dzia do raportowania i systemy moderacji powstrzymuj\u0105 boty i nieodpowiednich u\u017cytkownik\u00f3w.<\/p>\n<h3>5. Globalna baza u\u017cytkownik\u00f3w<\/h3>\n<p>Ludzie z ca\u0142ego \u015bwiata s\u0105 online 24 godziny na dob\u0119, 7 dni w tygodniu, zapewniaj\u0105c \u015bwie\u017ce wra\u017cenia za ka\u017cdym razem.<\/p>\n<h3>6. Przyjazny dla urz\u0105dze\u0144 mobilnych<\/h3>\n<p>Zoptymalizowany pod k\u0105tem telefon\u00f3w, tablet\u00f3w i komputer\u00f3w dla p\u0142ynnych po\u0142\u0105cze\u0144 wideo w dowolnym miejscu.<\/p>\n<h2>Prawdziwe opinie u\u017cytkownik\u00f3w<\/h2>\n<blockquote><p><em>\"Wypr\u00f3bowa\u0142em inne strony, ale StrangerCam jest jedyn\u0105, w kt\u00f3rej losowe po\u0142\u0105czenia wideo by\u0142y faktycznie bezp\u0142atne bez ukrytych op\u0142at\".<\/em><br \/>\n- Jason, 26 lat<\/p><\/blockquote>\n<blockquote><p><em>\"Filtr p\u0142ci dzia\u0142a i nie musia\u0142em za niego p\u0142aci\u0107. Wreszcie platforma, kt\u00f3ra robi to, co m\u00f3wi!\"<\/em><br \/>\n- Emily, 23 lata<\/p><\/blockquote>\n<blockquote><p><em>\"Po\u0142\u0105czy\u0142em si\u0119 z lud\u017ami z pi\u0119ciu r\u00f3\u017cnych kraj\u00f3w w mniej ni\u017c godzin\u0119. To takie uzale\u017cniaj\u0105ce\".<\/em><br \/>\n- Ryan, 29 lat<\/p><\/blockquote>\n<blockquote><p><em>\u201cStrangerCam to najlepsza alternatywa dla <a href=\"https:\/\/strangercam.com\/pl\/omegle\/\">Omegle<\/a> Znalaz\u0142em. Darmowe, bezpieczne i zawsze pe\u0142ne ludzi online\u201d.\u201d<\/em><br \/>\n- Megan, 21 lat<\/p><\/blockquote>\n<h2>Wskaz\u00f3wki dotycz\u0105ce bezpiecze\u0144stwa podczas losowych po\u0142\u0105cze\u0144 wideo<\/h2>\n<p>Chocia\u017c przypadkowe rozmowy wideo s\u0105 zabawne, wa\u017cne jest, aby zachowa\u0107 bezpiecze\u0144stwo:<\/p>\n<ul>\n<li>Nigdy nie udost\u0119pniaj danych osobowych, takich jak adres, numer telefonu czy imi\u0119 i nazwisko.<\/li>\n<li>Nie klikaj link\u00f3w udost\u0119pnianych przez nieznajomych.<\/li>\n<li>U\u017cyj przycisku \"Dalej\", je\u015bli czujesz si\u0119 niekomfortowo.<\/li>\n<li>Sprawd\u017a swoj\u0105 przesz\u0142o\u015b\u0107, aby unikn\u0105\u0107 ujawniania prywatnych szczeg\u00f3\u0142\u00f3w.<\/li>\n<li>Zg\u0142aszaj nieodpowiednich u\u017cytkownik\u00f3w, aby zapewni\u0107 bezpiecze\u0144stwo spo\u0142eczno\u015bci.<\/li>\n<li>Je\u015bli masz mniej ni\u017c 18 lat, nie korzystaj z losowych platform po\u0142\u0105cze\u0144 wideo dla doros\u0142ych.<\/li>\n<\/ul>\n<h2>Jak zacz\u0105\u0107 - krok po kroku<\/h2>\n<p>Rozpocz\u0119cie losowego po\u0142\u0105czenia wideo zajmuje mniej ni\u017c minut\u0119:<\/p>\n<ol>\n<li>Otw\u00f3rz StrangerCam w przegl\u0105darce lub na urz\u0105dzeniu.<\/li>\n<li>Zezw\u00f3l na dost\u0119p do kamery i mikrofonu.<\/li>\n<li>Wybierz preferencje (w razie potrzeby filtr p\u0142ci).<\/li>\n<li>Kliknij przycisk Rozpocznij po\u0142\u0105czenie, aby natychmiast nawi\u0105za\u0107 po\u0142\u0105czenie.<\/li>\n<li>Czat twarz\u0105 w twarz. Kliknij Next w dowolnym momencie, aby pozna\u0107 kogo\u015b nowego.<\/li>\n<\/ol>\n<p>To wszystko - prosto, szybko i za darmo.<\/p>\n<h2>Przemy\u015blenia ko\u0144cowe - wypr\u00f3buj darmowe losowe rozmowy wideo ju\u017c teraz<\/h2>\n<p>W 2025 r. losowe rozmowy wideo s\u0105 jednym z najbardziej ekscytuj\u0105cych sposob\u00f3w nawi\u0105zywania kontakt\u00f3w z nowymi osobami online. S\u0105 szybkie, bezp\u0142atne, spontaniczne i zapewniaj\u0105 autentyczn\u0105 interakcj\u0119 mi\u0119dzyludzk\u0105 za jednym klikni\u0119ciem przycisku.<\/p>\n<p>Ale nie wszystkie platformy to zapewniaj\u0105. Wiele z nich ukrywa istotne funkcje, takie jak filtry p\u0142ci, za p\u0142atnymi zaporami lub zalewa swoje strony botami. Dlatego StrangerCam jest najlepszym wyborem: jest darmowy, bezpieczny, anonimowy i \u0142\u0105czy Ci\u0119 z prawdziwymi lud\u017ami na ca\u0142ym \u015bwiecie.<\/p>\n<p>Gotowy, aby tego do\u015bwiadczy\u0107? Wypr\u00f3buj bezp\u0142atn\u0105 losow\u0105 rozmow\u0119 wideo ju\u017c dzi\u015b i zobacz, kogo spotkasz w przysz\u0142o\u015bci.<\/p>","protected":false},"excerpt":{"rendered":"<p>Have you been searching for the best way to enjoy a random video call? You\u2019re not alone. Millions of people across the globe use random video call platforms every day to meet strangers, make new friends, flirt, or simply pass the time. Unlike social media or dating apps, where conversations can feel forced or slow, [&hellip;]<\/p>\n","protected":false},"author":8,"featured_media":0,"parent":0,"menu_order":0,"comment_status":"closed","ping_status":"closed","template":"","meta":{"footnotes":""},"class_list":["post-3634","page","type-page","status-publish","hentry"],"yoast_head":"<!-- This site is optimized with the Yoast SEO plugin v27.4 - https:\/\/yoast.com\/product\/yoast-seo-wordpress\/ -->\n<title>Random Video Call with Random Chat on Strangercam.com<\/title>\n<meta name=\"description\" content=\"Liking Random Video Call? Join millions on StrangerCam.com! Start a random video chat, turn on your cam, and meet strangers instantly.\" \/>\n<meta name=\"robots\" content=\"index, follow, max-snippet:-1, max-image-preview:large, max-video-preview:-1\" \/>\n<link rel=\"canonical\" href=\"https:\/\/strangercam.com\/pl\/losowe-polaczenie-wideo\/\" \/>\n<meta property=\"og:locale\" content=\"pl_PL\" \/>\n<meta property=\"og:type\" content=\"article\" \/>\n<meta property=\"og:title\" content=\"Random Video Call with Random Chat on Strangercam.com\" \/>\n<meta property=\"og:description\" content=\"Liking Random Video Call? Join millions on StrangerCam.com! Start a random video chat, turn on your cam, and meet strangers instantly.\" \/>\n<meta property=\"og:url\" content=\"https:\/\/strangercam.com\/pl\/losowe-polaczenie-wideo\/\" \/>\n<meta property=\"og:site_name\" content=\"Strangercam\" \/>\n<meta property=\"article:publisher\" content=\"https:\/\/www.facebook.com\/strangercam\" \/>\n<meta property=\"article:modified_time\" content=\"2025-08-18T12:15:47+00:00\" \/>\n<meta property=\"og:image\" content=\"https:\/\/strangercam.com\/wp-content\/uploads\/2021\/10\/Untitled-2.png\" \/>\n\t<meta property=\"og:image:width\" content=\"800\" \/>\n\t<meta property=\"og:image:height\" content=\"532\" \/>\n\t<meta property=\"og:image:type\" content=\"image\/png\" \/>\n<meta name=\"twitter:card\" content=\"summary_large_image\" \/>\n<meta name=\"twitter:site\" content=\"@strangercamapp\" \/>\n<meta name=\"twitter:label1\" content=\"Szacowany czas czytania\" \/>\n\t<meta name=\"twitter:data1\" content=\"5 minut\" \/>\n<script type=\"application\/ld+json\" class=\"yoast-schema-graph\">{\"@context\":\"https:\\\/\\\/schema.org\",\"@graph\":[{\"@type\":\"WebPage\",\"@id\":\"https:\\\/\\\/strangercam.com\\\/random-video-call\\\/\",\"url\":\"https:\\\/\\\/strangercam.com\\\/random-video-call\\\/\",\"name\":\"Random Video Call with Random Chat on Strangercam.com\",\"isPartOf\":{\"@id\":\"https:\\\/\\\/strangercam.com\\\/#website\"},\"datePublished\":\"2025-08-18T11:16:01+00:00\",\"dateModified\":\"2025-08-18T12:15:47+00:00\",\"description\":\"Liking Random Video Call? Join millions on StrangerCam.com! Start a random video chat, turn on your cam, and meet strangers instantly.\",\"breadcrumb\":{\"@id\":\"https:\\\/\\\/strangercam.com\\\/random-video-call\\\/#breadcrumb\"},\"inLanguage\":\"pl-PL\",\"potentialAction\":[{\"@type\":\"ReadAction\",\"target\":[\"https:\\\/\\\/strangercam.com\\\/random-video-call\\\/\"]}]},{\"@type\":\"BreadcrumbList\",\"@id\":\"https:\\\/\\\/strangercam.com\\\/random-video-call\\\/#breadcrumb\",\"itemListElement\":[{\"@type\":\"ListItem\",\"position\":1,\"name\":\"Home\",\"item\":\"https:\\\/\\\/strangercam.com\\\/\"},{\"@type\":\"ListItem\",\"position\":2,\"name\":\"Random Video Call\"}]},{\"@type\":\"WebSite\",\"@id\":\"https:\\\/\\\/strangercam.com\\\/#website\",\"url\":\"https:\\\/\\\/strangercam.com\\\/\",\"name\":\"Strangercam\",\"description\":\"Random Video Chat with Strangers\",\"publisher\":{\"@id\":\"https:\\\/\\\/strangercam.com\\\/#organization\"},\"alternateName\":\"Strangercam.com\",\"potentialAction\":[{\"@type\":\"SearchAction\",\"target\":{\"@type\":\"EntryPoint\",\"urlTemplate\":\"https:\\\/\\\/strangercam.com\\\/?s={search_term_string}\"},\"query-input\":{\"@type\":\"PropertyValueSpecification\",\"valueRequired\":true,\"valueName\":\"search_term_string\"}}],\"inLanguage\":\"pl-PL\"},{\"@type\":\"Organization\",\"@id\":\"https:\\\/\\\/strangercam.com\\\/#organization\",\"name\":\"Strangercam\",\"alternateName\":\"Strangercam.com\",\"url\":\"https:\\\/\\\/strangercam.com\\\/\",\"logo\":{\"@type\":\"ImageObject\",\"inLanguage\":\"pl-PL\",\"@id\":\"https:\\\/\\\/strangercam.com\\\/#\\\/schema\\\/logo\\\/image\\\/\",\"url\":\"https:\\\/\\\/strangercam.com\\\/wp-content\\\/uploads\\\/2020\\\/11\\\/cropped-new-favicon-black.png\",\"contentUrl\":\"https:\\\/\\\/strangercam.com\\\/wp-content\\\/uploads\\\/2020\\\/11\\\/cropped-new-favicon-black.png\",\"width\":512,\"height\":512,\"caption\":\"Strangercam\"},\"image\":{\"@id\":\"https:\\\/\\\/strangercam.com\\\/#\\\/schema\\\/logo\\\/image\\\/\"},\"sameAs\":[\"https:\\\/\\\/www.facebook.com\\\/strangercam\",\"https:\\\/\\\/x.com\\\/strangercamapp\"]}]}<\/script>\n<!-- \/ Yoast SEO plugin. -->","yoast_head_json":{"title":"Losowa rozmowa wideo z losowym czatem na Strangercam.com","description":"Lubisz losowe rozmowy wideo? Join miliony na StrangerCam.com! Rozpocznij losowy czat wideo, w\u0142\u0105cz kamer\u0119 i natychmiast poznaj nieznajomych.","robots":{"index":"index","follow":"follow","max-snippet":"max-snippet:-1","max-image-preview":"max-image-preview:large","max-video-preview":"max-video-preview:-1"},"canonical":"https:\/\/strangercam.com\/pl\/losowe-polaczenie-wideo\/","og_locale":"pl_PL","og_type":"article","og_title":"Random Video Call with Random Chat on Strangercam.com","og_description":"Liking Random Video Call? Join millions on StrangerCam.com! Start a random video chat, turn on your cam, and meet strangers instantly.","og_url":"https:\/\/strangercam.com\/pl\/losowe-polaczenie-wideo\/","og_site_name":"Strangercam","article_publisher":"https:\/\/www.facebook.com\/strangercam","article_modified_time":"2025-08-18T12:15:47+00:00","og_image":[{"width":800,"height":532,"url":"https:\/\/strangercam.com\/wp-content\/uploads\/2021\/10\/Untitled-2.png","type":"image\/png"}],"twitter_card":"summary_large_image","twitter_site":"@strangercamapp","twitter_misc":{"Szacowany czas czytania":"5 minut"},"schema":{"@context":"https:\/\/schema.org","@graph":[{"@type":"WebPage","@id":"https:\/\/strangercam.com\/random-video-call\/","url":"https:\/\/strangercam.com\/random-video-call\/","name":"Losowa rozmowa wideo z losowym czatem na Strangercam.com","isPartOf":{"@id":"https:\/\/strangercam.com\/#website"},"datePublished":"2025-08-18T11:16:01+00:00","dateModified":"2025-08-18T12:15:47+00:00","description":"Lubisz losowe rozmowy wideo? Join miliony na StrangerCam.com! Rozpocznij losowy czat wideo, w\u0142\u0105cz kamer\u0119 i natychmiast poznaj nieznajomych.","breadcrumb":{"@id":"https:\/\/strangercam.com\/random-video-call\/#breadcrumb"},"inLanguage":"pl-PL","potentialAction":[{"@type":"ReadAction","target":["https:\/\/strangercam.com\/random-video-call\/"]}]},{"@type":"BreadcrumbList","@id":"https:\/\/strangercam.com\/random-video-call\/#breadcrumb","itemListElement":[{"@type":"ListItem","position":1,"name":"Home","item":"https:\/\/strangercam.com\/"},{"@type":"ListItem","position":2,"name":"Random Video Call"}]},{"@type":"WebSite","@id":"https:\/\/strangercam.com\/#website","url":"https:\/\/strangercam.com\/","name":"Strangercam","description":"Losowy czat wideo z nieznajomymi","publisher":{"@id":"https:\/\/strangercam.com\/#organization"},"alternateName":"Strangercam.com","potentialAction":[{"@type":"SearchAction","target":{"@type":"EntryPoint","urlTemplate":"https:\/\/strangercam.com\/?s={search_term_string}"},"query-input":{"@type":"PropertyValueSpecification","valueRequired":true,"valueName":"search_term_string"}}],"inLanguage":"pl-PL"},{"@type":"Organization","@id":"https:\/\/strangercam.com\/#organization","name":"Strangercam","alternateName":"Strangercam.com","url":"https:\/\/strangercam.com\/","logo":{"@type":"ImageObject","inLanguage":"pl-PL","@id":"https:\/\/strangercam.com\/#\/schema\/logo\/image\/","url":"https:\/\/strangercam.com\/wp-content\/uploads\/2020\/11\/cropped-new-favicon-black.png","contentUrl":"https:\/\/strangercam.com\/wp-content\/uploads\/2020\/11\/cropped-new-favicon-black.png","width":512,"height":512,"caption":"Strangercam"},"image":{"@id":"https:\/\/strangercam.com\/#\/schema\/logo\/image\/"},"sameAs":["https:\/\/www.facebook.com\/strangercam","https:\/\/x.com\/strangercamapp"]}]}},"_links":{"self":[{"href":"https:\/\/strangercam.com\/pl\/wp-json\/wp\/v2\/pages\/3634","targetHints":{"allow":["GET"]}}],"collection":[{"href":"https:\/\/strangercam.com\/pl\/wp-json\/wp\/v2\/pages"}],"about":[{"href":"https:\/\/strangercam.com\/pl\/wp-json\/wp\/v2\/types\/page"}],"author":[{"embeddable":true,"href":"https:\/\/strangercam.com\/pl\/wp-json\/wp\/v2\/users\/8"}],"replies":[{"embeddable":true,"href":"https:\/\/strangercam.com\/pl\/wp-json\/wp\/v2\/comments?post=3634"}],"version-history":[{"count":2,"href":"https:\/\/strangercam.com\/pl\/wp-json\/wp\/v2\/pages\/3634\/revisions"}],"predecessor-version":[{"id":12970,"href":"https:\/\/strangercam.com\/pl\/wp-json\/wp\/v2\/pages\/3634\/revisions\/12970"}],"wp:attachment":[{"href":"https:\/\/strangercam.com\/pl\/wp-json\/wp\/v2\/media?parent=3634"}],"curies":[{"name":"wp","href":"https:\/\/api.w.org\/{rel}","templated":true}]}}