{"id":3516,"date":"2025-08-18T13:21:58","date_gmt":"2025-08-18T11:21:58","guid":{"rendered":"https:\/\/strangercam.com\/?page_id=3516"},"modified":"2025-08-18T14:14:10","modified_gmt":"2025-08-18T12:14:10","slug":"czat-wideo-z-nieznajomymi","status":"publish","type":"page","link":"https:\/\/strangercam.com\/pl\/video-chat-with-strangers\/","title":{"rendered":"Czat wideo z nieznajomymi"},"content":{"rendered":"<p>Szukasz najlepszego sposobu na wideo <a href=\"https:\/\/strangercam.com\/pl\/chathub\/\">czat<\/a> z nieznajomymi? Nie jeste\u015b sam. Od czasu powstania <a href=\"https:\/\/strangercam.com\/pl\/omegle\/\">Omegle<\/a>, <a href=\"https:\/\/strangercam.com\/pl\/chatroulette\/\">Chatroulette<\/a>, i podobnych platform, miliony ludzi na ca\u0142ym \u015bwiecie odkry\u0142y dreszczyk emocji zwi\u0105zany z natychmiastowym czatem wideo z przypadkowymi osobami na ca\u0142ym \u015bwiecie. W 2025 r. trend ten jest wi\u0119kszy ni\u017c kiedykolwiek - nowe platformy oferuj\u0105 bezpieczniejsze, p\u0142ynniejsze i bardziej anga\u017cuj\u0105ce do\u015bwiadczenia.<\/p>\n<p>Dzi\u0119ki nowoczesnym platformom, takim jak StrangerCam, mo\u017cesz cieszy\u0107 si\u0119 darmowym czatem wideo z nieznajomymi w dowolnym momencie - bez rejestracji, bez pobierania i bez ukrytych zap\u00f3r. Niezale\u017cnie od tego, czy chcesz pozna\u0107 nowych przyjaci\u00f3\u0142, flirtowa\u0107, \u0107wiczy\u0107 j\u0119zyki, czy po prostu pokona\u0107 nud\u0119, czat wideo z nieznajomymi jest jednym z najbardziej ekscytuj\u0105cych i spontanicznych sposob\u00f3w nawi\u0105zywania kontakt\u00f3w online.<\/p>\n<p>Ten przewodnik obejmuje wszystko, co musisz wiedzie\u0107: jak to dzia\u0142a, dlaczego jest popularne, funkcje, kt\u00f3rych nale\u017cy szuka\u0107, por\u00f3wnania najlepszych platform, wskaz\u00f3wki dotycz\u0105ce bezpiecze\u0144stwa i dlaczego StrangerCam jest jednym z najlepszych wybor\u00f3w do rozm\u00f3w wideo z nieznajomymi w 2025 roku.<\/p>\n<h2>Czym jest czat wideo z nieznajomymi?<\/h2>\n<p>Czat wideo z nieznajomymi to us\u0142uga online, kt\u00f3ra \u0142\u0105czy Ci\u0119 w pary z przypadkowymi osobami w celu prowadzenia rozm\u00f3w wideo na \u017cywo, jeden na jednego. Korzystaj\u0105c z kamery internetowej i mikrofonu, mo\u017cesz widzie\u0107 i s\u0142ysze\u0107 siebie nawzajem w czasie rzeczywistym.<\/p>\n<p>W przeciwie\u0144stwie do medi\u00f3w spo\u0142eczno\u015bciowych, gdzie interakcje s\u0105 wyselekcjonowane i cz\u0119sto sztuczne, rozmowy wideo z nieznajomymi s\u0105 surowe, autentyczne i nieprzewidywalne. Ka\u017cde klikni\u0119cie przycisku \"Dalej\" przynosi now\u0105 twarz i now\u0105 histori\u0119, dzi\u0119ki czemu jest to jedno z najbardziej ekscytuj\u0105cych do\u015bwiadcze\u0144 online dost\u0119pnych obecnie.<\/p>\n<h2>Dlaczego ludzie uwielbiaj\u0105 darmowe czaty wideo z nieznajomymi?<\/h2>\n<p>Popularno\u015b\u0107 darmowych czat\u00f3w wideo z nieznajomymi wynika z kilku kluczowych korzy\u015bci:<\/p>\n<ul>\n<li>Spontaniczno\u015b\u0107 i zaskoczenie - ka\u017cdy czat jest inny; nigdy nie wiesz, kogo spotkasz.<\/li>\n<li>Globalne przyja\u017anie - Nawi\u0105zuj kontakty z lud\u017ami z ca\u0142ego \u015bwiata, poznawaj nowe kultury i poszerzaj swoj\u0105 perspektyw\u0119.<\/li>\n<li>Brak fa\u0142szywych profili - wideo dowodzi, \u017ce dana osoba jest prawdziwa, w przeciwie\u0144stwie do aplikacji tekstowych pe\u0142nych bot\u00f3w i sum\u00f3w.<\/li>\n<li>Anonimowo\u015b\u0107 - konto nie jest wymagane; zachowaj prywatno\u015b\u0107, jak tylko chcesz.<\/li>\n<li>R\u00f3\u017cnorodno\u015b\u0107 intencji - niekt\u00f3rzy ludzie szukaj\u0105 zabawy, inni przyja\u017ani, a jeszcze inni niezobowi\u0105zuj\u0105cego flirtu.<\/li>\n<li>Natychmiastowa gratyfikacja - bez czekania na odpowiedzi lub przesuwania palcem w niesko\u0144czono\u015b\u0107 - natychmiastowe po\u0142\u0105czenia.<\/li>\n<\/ul>\n<h2>Jak dzia\u0142a czat wideo z nieznajomymi?<\/h2>\n<p>1TP162Uruchomienie czatu wideo z nieznajomymi jest proste i szybkie:<\/p>\n<ol>\n<li>Otw\u00f3rz platform\u0119 (stacjonarn\u0105 lub mobiln\u0105).<\/li>\n<li>Zezw\u00f3l na dost\u0119p do kamery internetowej i mikrofonu.<\/li>\n<li>Kliknij \"Start\", aby natychmiast po\u0142\u0105czy\u0107 si\u0119 z przypadkowym nieznajomym.<\/li>\n<li>Czat na \u017cywo twarz\u0105 w twarz. Je\u015bli nie jeste\u015b zainteresowany, kliknij \"Dalej\", aby pozna\u0107 kogo\u015b nowego.<\/li>\n<li>Powtarzaj w niesko\u0144czono\u015b\u0107 - proces jest szybki, przyjemny i darmowy.<\/li>\n<\/ol>\n<p>Niekt\u00f3re platformy zawieraj\u0105 r\u00f3wnie\u017c filtry p\u0142ci, dopasowanie na podstawie lokalizacji i narz\u0119dzia do t\u0142umaczenia, aby poprawi\u0107 wra\u017cenia.<\/p>\n<h2>Najwa\u017cniejsze cechy, kt\u00f3rych nale\u017cy szuka\u0107<\/h2>\n<p>Je\u015bli szukasz najlepszego miejsca do rozm\u00f3w wideo z nieznajomymi, oto najwa\u017cniejsze funkcje:<\/p>\n<h3>1. Prawdziwie darmowy dost\u0119p<\/h3>\n<p>Uwa\u017caj na platformy, kt\u00f3re m\u00f3wi\u0105 \"darmowy\", ale ograniczaj\u0105 czaty po kilku minutach. Szukaj nieograniczonego, bezp\u0142atnego u\u017cytkowania.<\/p>\n<h3>2. Rejestracja nie jest wymagana<\/h3>\n<p>Najlepsze strony nie wymagaj\u0105 zak\u0142adania konta ani podawania danych osobowych.<\/p>\n<h3>3. Filtry p\u0142ci i lokalizacji<\/h3>\n<p>Przydatne, je\u015bli chcesz rozmawia\u0107 z okre\u015blonymi typami os\u00f3b (na przyk\u0142ad tylko z dziewczynami lub osobami z Twojego kraju).<\/p>\n<h3>4. Silne umiarkowanie<\/h3>\n<p>Aktywne systemy raportowania i moderatorzy sprawiaj\u0105, \u017ce platforma jest bezpieczna i przyjemna.<\/p>\n<h3>5. Projekt przyjazny dla urz\u0105dze\u0144 mobilnych<\/h3>\n<p>Dobra platforma powinna dzia\u0142a\u0107 p\u0142ynnie na telefonach, tabletach i komputerach.<\/p>\n<h3>6. Wysoka jako\u015b\u0107 obrazu i d\u017awi\u0119ku<\/h3>\n<p>Wyra\u017ane po\u0142\u0105czenia zapewniaj\u0105 lepsze, bardziej naturalne wra\u017cenia.<\/p>\n<h2>Najlepsze platformy do czatu wideo z nieznajomymi w 2025 roku<\/h2>\n<p>Oto por\u00f3wnanie niekt\u00f3rych z najlepszych platform:<\/p>\n<table>\n<thead>\n<tr>\n<th>Platforma<\/th>\n<th align=\"center\">Bezp\u0142atne u\u017cytkowanie<\/th>\n<th align=\"center\">Filtr p\u0142ci<\/th>\n<th align=\"center\">Wymagana rejestracja<\/th>\n<th align=\"center\">Wsparcie mobilne<\/th>\n<th align=\"center\">Moderacja<\/th>\n<th>Uwagi<\/th>\n<\/tr>\n<\/thead>\n<tbody>\n<tr>\n<td>StrangerCam<\/td>\n<td align=\"center\">\u2705<\/td>\n<td align=\"center\">\u2705 (Free)<\/td>\n<td align=\"center\">\u274c<\/td>\n<td align=\"center\">\u2705<\/td>\n<td align=\"center\">\u2705<\/td>\n<td>Najlepszy darmowy czat wideo z nieznajomymi<\/td>\n<\/tr>\n<tr>\n<td>Chatroulette<\/td>\n<td align=\"center\">\u2705<\/td>\n<td align=\"center\">\u274c (p\u0142atne)<\/td>\n<td align=\"center\">\u274c<\/td>\n<td align=\"center\">\u2705<\/td>\n<td align=\"center\">\u2705<\/td>\n<td>Klasyka, ale filtry p\u0142ciowe zablokowane<\/td>\n<\/tr>\n<tr>\n<td>Chatrandom<\/td>\n<td align=\"center\">\u2705<\/td>\n<td align=\"center\">\u274c (p\u0142atne)<\/td>\n<td align=\"center\">\u274c<\/td>\n<td align=\"center\">\u2705<\/td>\n<td align=\"center\">\u2705<\/td>\n<td>Popularne, ale potrzebne s\u0105 aktualizacje filtr\u00f3w<\/td>\n<\/tr>\n<tr>\n<td><a href=\"https:\/\/strangercam.com\/pl\/ometv\/\">OmeTV<\/a><\/td>\n<td align=\"center\">\u2705<\/td>\n<td align=\"center\">\u274c<\/td>\n<td align=\"center\">\u274c<\/td>\n<td align=\"center\">\u2705<\/td>\n<td align=\"center\">\u2705<\/td>\n<td>Tylko losowe dopasowanie, dost\u0119pna aplikacja mobilna<\/td>\n<\/tr>\n<tr>\n<td>Shagle<\/td>\n<td align=\"center\">\u2705<\/td>\n<td align=\"center\">\u274c (p\u0142atne)<\/td>\n<td align=\"center\">\u274c<\/td>\n<td align=\"center\">\u2705<\/td>\n<td align=\"center\">\u2705<\/td>\n<td>Mocno promuje funkcje premium<\/td>\n<\/tr>\n<tr>\n<td><a href=\"https:\/\/strangercam.com\/pl\/coomeet\/\">CooMeet<\/a><\/td>\n<td align=\"center\">\u274c (Trial)<\/td>\n<td align=\"center\">\u2705<\/td>\n<td align=\"center\">\u2705<\/td>\n<td align=\"center\">\u2705<\/td>\n<td align=\"center\">\u2705<\/td>\n<td>W wi\u0119kszo\u015bci p\u0142atne po bezp\u0142atnym okresie pr\u00f3bnym<\/td>\n<\/tr>\n<tr>\n<td>LuckyCrush<\/td>\n<td align=\"center\">\u274c<\/td>\n<td align=\"center\">\u2705<\/td>\n<td align=\"center\">\u2705<\/td>\n<td align=\"center\">\u2705<\/td>\n<td align=\"center\">\u2705<\/td>\n<td>Zawsze p\u0142atny czat oparty na p\u0142ci<\/td>\n<\/tr>\n<\/tbody>\n<\/table>\n<p>W\u015br\u00f3d nich StrangerCam jest jedn\u0105 z niewielu platform oferuj\u0105cych prawdziwy darmowy czat wideo z nieznajomymi, wraz z dzia\u0142aj\u0105cym filtrem p\u0142ci i bez rejestracji.<\/p>\n<h2>Dlaczego StrangerCam jest najlepszym wyborem<\/h2>\n<p>Oto dlaczego StrangerCam jest uwa\u017cany za jedno z najlepszych miejsc do rozm\u00f3w wideo z nieznajomymi w 2025 roku:<\/p>\n<h3>1. 100% Bezp\u0142atnie i bez ogranicze\u0144<\/h3>\n<p>W przeciwie\u0144stwie do wielu konkurent\u00f3w, StrangerCam nie blokuje funkcji za p\u0142atnymi zaporami.<\/p>\n<h3>2. Darmowy filtr p\u0142ci<\/h3>\n<p>Spotykaj si\u0119 dok\u0142adnie z tymi, kt\u00f3rych chcesz - facetami, dziewczynami lub obojgiem - bez dodatkowych op\u0142at.<\/p>\n<h3>3. Brak rejestracji lub danych osobowych<\/h3>\n<p>Zachowaj anonimowo\u015b\u0107. Bez rejestracji, bez gromadzenia danych.<\/p>\n<h3>4. Globalna spo\u0142eczno\u015b\u0107<\/h3>\n<p>Nieznajomi z ponad 100 kraj\u00f3w s\u0105 online 24\/7.<\/p>\n<h3>5. Bezpieczny i moderowany<\/h3>\n<p>Dzi\u0119ki silnym narz\u0119dziom do raportowania i aktywnej moderacji \u015brodowisko jest bezpieczniejsze i bardziej przyjazne.<\/p>\n<h3>6. Przyjazny dla urz\u0105dze\u0144 mobilnych i komputer\u00f3w stacjonarnych<\/h3>\n<p>Korzystaj z niego na dowolnym urz\u0105dzeniu, zawsze i wsz\u0119dzie.<\/p>\n<h2>Prawdziwe opinie u\u017cytkownik\u00f3w<\/h2>\n<blockquote><p><em>\"Chcia\u0142em mie\u0107 platform\u0119 do rozm\u00f3w wideo z nieznajomymi po zamkni\u0119ciu Omegle i StrangerCam sta\u0142 si\u0119 moim ulubionym. Jest darmowa, szybka i pe\u0142na prawdziwych ludzi\".<\/em><br \/>\n- Adam, 27 lat<\/p><\/blockquote>\n<blockquote><p><em>\"W przeciwie\u0144stwie do innych stron, filtr p\u0142ci faktycznie dzia\u0142a za darmo. Mia\u0142em \u015bwietne rozmowy z lud\u017ami z ca\u0142ego \u015bwiata\".<\/em><br \/>\n- Sophia, 22 lata<\/p><\/blockquote>\n<blockquote><p><em>\"Bez pobierania aplikacji, bez rejestracji, tylko natychmiastowe po\u0142\u0105czenia. Dok\u0142adnie to, czego szuka\u0142em.\"<\/em><br \/>\n- Liam, 30<\/p><\/blockquote>\n<blockquote><p><em>\"Moderacja sprawia, \u017ce czuj\u0119 si\u0119 bezpiecznie. Je\u015bli kto\u015b jest niegrzeczny, mog\u0119 go natychmiast pomin\u0105\u0107 lub zg\u0142osi\u0107\".<\/em><br \/>\n- Isabella, 24<\/p><\/blockquote>\n<h2>Wskaz\u00f3wki dotycz\u0105ce bezpiecze\u0144stwa podczas wideorozm\u00f3w z nieznajomymi<\/h2>\n<p>Chocia\u017c przypadkowe rozmowy wideo s\u0105 zabawne, wa\u017cne jest, aby si\u0119 chroni\u0107:<\/p>\n<ul>\n<li>Nie udost\u0119pniaj danych osobowych (prawdziwego imienia i nazwiska, telefonu, adresu).<\/li>\n<li>Unikaj klikania link\u00f3w wysy\u0142anych przez nieznajomych.<\/li>\n<li>U\u017cyj przycisku \"Dalej\", je\u015bli czujesz si\u0119 niekomfortowo.<\/li>\n<li>Sprawd\u017a swoj\u0105 przesz\u0142o\u015b\u0107, aby unikn\u0105\u0107 pokazywania prywatnych informacji.<\/li>\n<li>Trzymaj si\u0119 narz\u0119dzi platformy (blokuj\/zg\u0142aszaj w razie potrzeby).<\/li>\n<li>Je\u015bli masz mniej ni\u017c 18 lat, nie korzystaj z platform czatowych dla doros\u0142ych.<\/li>\n<\/ul>\n<h2>Jak zacz\u0105\u0107 - krok po kroku<\/h2>\n<p>Rozpocz\u0119cie czatu wideo z nieznajomymi zajmuje mniej ni\u017c minut\u0119:<\/p>\n<ol>\n<li>Otw\u00f3rz StrangerCam na swoim urz\u0105dzeniu.<\/li>\n<li>Zezw\u00f3l na dost\u0119p do kamery i mikrofonu.<\/li>\n<li>Wybierz swoje preferencje (np. filtr p\u0142ci).<\/li>\n<li>Kliknij przycisk Rozpocznij czat, aby natychmiast nawi\u0105za\u0107 po\u0142\u0105czenie.<\/li>\n<li>Spotkaj si\u0119 z nieznajomymi twarz\u0105 w twarz i kliknij Next w dowolnym momencie.<\/li>\n<\/ol>\n<p>To wszystko - szybko, \u0142atwo i za darmo.<\/p>\n<h2>Przemy\u015blenia ko\u0144cowe - wypr\u00f3buj teraz darmowy czat wideo z nieznajomymi<\/h2>\n<p>W 2025 roku czat wideo z nieznajomymi pozostaje jednym z najbardziej ekscytuj\u0105cych sposob\u00f3w poznawania nowych ludzi online. Jest spontaniczny, autentyczny i natychmiast \u0142\u0105czy ci\u0119 z prawdziwymi lud\u017ami na ca\u0142ym \u015bwiecie. Ale nie wszystkie platformy spe\u0142niaj\u0105 swoje obietnice - niekt\u00f3re ograniczaj\u0105 funkcje lub wprowadzaj\u0105 zapory p\u0142atne.<\/p>\n<p>Dlatego StrangerCam wyr\u00f3\u017cnia si\u0119: jest darmowy, bezpieczny, anonimowy i globalny. Niezale\u017cnie od tego, czy chcesz si\u0119 zaprzyja\u017ani\u0107, pozna\u0107 dziewczyny, czy po prostu cieszy\u0107 si\u0119 przypadkowymi rozmowami, jest to jedna z najlepszych dost\u0119pnych obecnie opcji.<\/p>\n<p>Gotowy, aby si\u0119 po\u0142\u0105czy\u0107? Rozpocznij darmowy czat wideo z nieznajomymi i zobacz, kogo spotkasz w przysz\u0142o\u015bci.<\/p>","protected":false},"excerpt":{"rendered":"<p>Are you searching for the best way to video chat with strangers? You\u2019re not alone. Since the rise of Omegle, Chatroulette, and similar platforms, millions of people worldwide have discovered the thrill of instant video chat with random people across the globe. In 2025, the trend is bigger than ever\u2014with new platforms offering safer, smoother, [&hellip;]<\/p>\n","protected":false},"author":8,"featured_media":0,"parent":0,"menu_order":0,"comment_status":"closed","ping_status":"closed","template":"","meta":{"footnotes":""},"class_list":["post-3516","page","type-page","status-publish","hentry"],"yoast_head":"<!-- This site is optimized with the Yoast SEO plugin v27.4 - https:\/\/yoast.com\/product\/yoast-seo-wordpress\/ -->\n<title>Video Chat With Strangers with Random Chat on Strangercam.com<\/title>\n<meta name=\"description\" content=\"Liking Video Chat With Strangers? Join millions on StrangerCam.com! Start a random video chat, turn on your cam, and meet strangers instantly.\" \/>\n<meta name=\"robots\" content=\"index, follow, max-snippet:-1, max-image-preview:large, max-video-preview:-1\" \/>\n<link rel=\"canonical\" href=\"https:\/\/strangercam.com\/pl\/czat-wideo-z-nieznajomymi\/\" \/>\n<meta property=\"og:locale\" content=\"pl_PL\" \/>\n<meta property=\"og:type\" content=\"article\" \/>\n<meta property=\"og:title\" content=\"Video Chat With Strangers with Random Chat on Strangercam.com\" \/>\n<meta property=\"og:description\" content=\"Liking Video Chat With Strangers? Join millions on StrangerCam.com! Start a random video chat, turn on your cam, and meet strangers instantly.\" \/>\n<meta property=\"og:url\" content=\"https:\/\/strangercam.com\/pl\/czat-wideo-z-nieznajomymi\/\" \/>\n<meta property=\"og:site_name\" content=\"Strangercam\" \/>\n<meta property=\"article:publisher\" content=\"https:\/\/www.facebook.com\/strangercam\" \/>\n<meta property=\"article:modified_time\" content=\"2025-08-18T12:14:10+00:00\" \/>\n<meta property=\"og:image\" content=\"https:\/\/strangercam.com\/wp-content\/uploads\/2021\/10\/Untitled-2.png\" \/>\n\t<meta property=\"og:image:width\" content=\"800\" \/>\n\t<meta property=\"og:image:height\" content=\"532\" \/>\n\t<meta property=\"og:image:type\" content=\"image\/png\" \/>\n<meta name=\"twitter:card\" content=\"summary_large_image\" \/>\n<meta name=\"twitter:site\" content=\"@strangercamapp\" \/>\n<meta name=\"twitter:label1\" content=\"Szacowany czas czytania\" \/>\n\t<meta name=\"twitter:data1\" content=\"5 minut\" \/>\n<script type=\"application\/ld+json\" class=\"yoast-schema-graph\">{\"@context\":\"https:\\\/\\\/schema.org\",\"@graph\":[{\"@type\":\"WebPage\",\"@id\":\"https:\\\/\\\/strangercam.com\\\/video-chat-with-strangers\\\/\",\"url\":\"https:\\\/\\\/strangercam.com\\\/video-chat-with-strangers\\\/\",\"name\":\"Video Chat With Strangers with Random Chat on Strangercam.com\",\"isPartOf\":{\"@id\":\"https:\\\/\\\/strangercam.com\\\/#website\"},\"datePublished\":\"2025-08-18T11:21:58+00:00\",\"dateModified\":\"2025-08-18T12:14:10+00:00\",\"description\":\"Liking Video Chat With Strangers? Join millions on StrangerCam.com! Start a random video chat, turn on your cam, and meet strangers instantly.\",\"breadcrumb\":{\"@id\":\"https:\\\/\\\/strangercam.com\\\/video-chat-with-strangers\\\/#breadcrumb\"},\"inLanguage\":\"pl-PL\",\"potentialAction\":[{\"@type\":\"ReadAction\",\"target\":[\"https:\\\/\\\/strangercam.com\\\/video-chat-with-strangers\\\/\"]}]},{\"@type\":\"BreadcrumbList\",\"@id\":\"https:\\\/\\\/strangercam.com\\\/video-chat-with-strangers\\\/#breadcrumb\",\"itemListElement\":[{\"@type\":\"ListItem\",\"position\":1,\"name\":\"Home\",\"item\":\"https:\\\/\\\/strangercam.com\\\/\"},{\"@type\":\"ListItem\",\"position\":2,\"name\":\"Video Chat With Strangers\"}]},{\"@type\":\"WebSite\",\"@id\":\"https:\\\/\\\/strangercam.com\\\/#website\",\"url\":\"https:\\\/\\\/strangercam.com\\\/\",\"name\":\"Strangercam\",\"description\":\"Random Video Chat with Strangers\",\"publisher\":{\"@id\":\"https:\\\/\\\/strangercam.com\\\/#organization\"},\"alternateName\":\"Strangercam.com\",\"potentialAction\":[{\"@type\":\"SearchAction\",\"target\":{\"@type\":\"EntryPoint\",\"urlTemplate\":\"https:\\\/\\\/strangercam.com\\\/?s={search_term_string}\"},\"query-input\":{\"@type\":\"PropertyValueSpecification\",\"valueRequired\":true,\"valueName\":\"search_term_string\"}}],\"inLanguage\":\"pl-PL\"},{\"@type\":\"Organization\",\"@id\":\"https:\\\/\\\/strangercam.com\\\/#organization\",\"name\":\"Strangercam\",\"alternateName\":\"Strangercam.com\",\"url\":\"https:\\\/\\\/strangercam.com\\\/\",\"logo\":{\"@type\":\"ImageObject\",\"inLanguage\":\"pl-PL\",\"@id\":\"https:\\\/\\\/strangercam.com\\\/#\\\/schema\\\/logo\\\/image\\\/\",\"url\":\"https:\\\/\\\/strangercam.com\\\/wp-content\\\/uploads\\\/2020\\\/11\\\/cropped-new-favicon-black.png\",\"contentUrl\":\"https:\\\/\\\/strangercam.com\\\/wp-content\\\/uploads\\\/2020\\\/11\\\/cropped-new-favicon-black.png\",\"width\":512,\"height\":512,\"caption\":\"Strangercam\"},\"image\":{\"@id\":\"https:\\\/\\\/strangercam.com\\\/#\\\/schema\\\/logo\\\/image\\\/\"},\"sameAs\":[\"https:\\\/\\\/www.facebook.com\\\/strangercam\",\"https:\\\/\\\/x.com\\\/strangercamapp\"]}]}<\/script>\n<!-- \/ Yoast SEO plugin. -->","yoast_head_json":{"title":"Czat wideo z nieznajomymi z losowym czatem na Strangercam.com","description":"Lubisz czat wideo z nieznajomymi? Join miliony na StrangerCam.com! Rozpocznij losowy czat wideo, w\u0142\u0105cz kamer\u0119 i natychmiast poznaj nieznajomych.","robots":{"index":"index","follow":"follow","max-snippet":"max-snippet:-1","max-image-preview":"max-image-preview:large","max-video-preview":"max-video-preview:-1"},"canonical":"https:\/\/strangercam.com\/pl\/czat-wideo-z-nieznajomymi\/","og_locale":"pl_PL","og_type":"article","og_title":"Video Chat With Strangers with Random Chat on Strangercam.com","og_description":"Liking Video Chat With Strangers? Join millions on StrangerCam.com! Start a random video chat, turn on your cam, and meet strangers instantly.","og_url":"https:\/\/strangercam.com\/pl\/czat-wideo-z-nieznajomymi\/","og_site_name":"Strangercam","article_publisher":"https:\/\/www.facebook.com\/strangercam","article_modified_time":"2025-08-18T12:14:10+00:00","og_image":[{"width":800,"height":532,"url":"https:\/\/strangercam.com\/wp-content\/uploads\/2021\/10\/Untitled-2.png","type":"image\/png"}],"twitter_card":"summary_large_image","twitter_site":"@strangercamapp","twitter_misc":{"Szacowany czas czytania":"5 minut"},"schema":{"@context":"https:\/\/schema.org","@graph":[{"@type":"WebPage","@id":"https:\/\/strangercam.com\/video-chat-with-strangers\/","url":"https:\/\/strangercam.com\/video-chat-with-strangers\/","name":"Czat wideo z nieznajomymi z losowym czatem na Strangercam.com","isPartOf":{"@id":"https:\/\/strangercam.com\/#website"},"datePublished":"2025-08-18T11:21:58+00:00","dateModified":"2025-08-18T12:14:10+00:00","description":"Lubisz czat wideo z nieznajomymi? Join miliony na StrangerCam.com! Rozpocznij losowy czat wideo, w\u0142\u0105cz kamer\u0119 i natychmiast poznaj nieznajomych.","breadcrumb":{"@id":"https:\/\/strangercam.com\/video-chat-with-strangers\/#breadcrumb"},"inLanguage":"pl-PL","potentialAction":[{"@type":"ReadAction","target":["https:\/\/strangercam.com\/video-chat-with-strangers\/"]}]},{"@type":"BreadcrumbList","@id":"https:\/\/strangercam.com\/video-chat-with-strangers\/#breadcrumb","itemListElement":[{"@type":"ListItem","position":1,"name":"Home","item":"https:\/\/strangercam.com\/"},{"@type":"ListItem","position":2,"name":"Video Chat With Strangers"}]},{"@type":"WebSite","@id":"https:\/\/strangercam.com\/#website","url":"https:\/\/strangercam.com\/","name":"Strangercam","description":"Losowy czat wideo z nieznajomymi","publisher":{"@id":"https:\/\/strangercam.com\/#organization"},"alternateName":"Strangercam.com","potentialAction":[{"@type":"SearchAction","target":{"@type":"EntryPoint","urlTemplate":"https:\/\/strangercam.com\/?s={search_term_string}"},"query-input":{"@type":"PropertyValueSpecification","valueRequired":true,"valueName":"search_term_string"}}],"inLanguage":"pl-PL"},{"@type":"Organization","@id":"https:\/\/strangercam.com\/#organization","name":"Strangercam","alternateName":"Strangercam.com","url":"https:\/\/strangercam.com\/","logo":{"@type":"ImageObject","inLanguage":"pl-PL","@id":"https:\/\/strangercam.com\/#\/schema\/logo\/image\/","url":"https:\/\/strangercam.com\/wp-content\/uploads\/2020\/11\/cropped-new-favicon-black.png","contentUrl":"https:\/\/strangercam.com\/wp-content\/uploads\/2020\/11\/cropped-new-favicon-black.png","width":512,"height":512,"caption":"Strangercam"},"image":{"@id":"https:\/\/strangercam.com\/#\/schema\/logo\/image\/"},"sameAs":["https:\/\/www.facebook.com\/strangercam","https:\/\/x.com\/strangercamapp"]}]}},"_links":{"self":[{"href":"https:\/\/strangercam.com\/pl\/wp-json\/wp\/v2\/pages\/3516","targetHints":{"allow":["GET"]}}],"collection":[{"href":"https:\/\/strangercam.com\/pl\/wp-json\/wp\/v2\/pages"}],"about":[{"href":"https:\/\/strangercam.com\/pl\/wp-json\/wp\/v2\/types\/page"}],"author":[{"embeddable":true,"href":"https:\/\/strangercam.com\/pl\/wp-json\/wp\/v2\/users\/8"}],"replies":[{"embeddable":true,"href":"https:\/\/strangercam.com\/pl\/wp-json\/wp\/v2\/comments?post=3516"}],"version-history":[{"count":2,"href":"https:\/\/strangercam.com\/pl\/wp-json\/wp\/v2\/pages\/3516\/revisions"}],"predecessor-version":[{"id":12969,"href":"https:\/\/strangercam.com\/pl\/wp-json\/wp\/v2\/pages\/3516\/revisions\/12969"}],"wp:attachment":[{"href":"https:\/\/strangercam.com\/pl\/wp-json\/wp\/v2\/media?parent=3516"}],"curies":[{"name":"wp","href":"https:\/\/api.w.org\/{rel}","templated":true}]}}