{"id":3300,"date":"2021-05-09T21:47:49","date_gmt":"2021-05-09T19:47:49","guid":{"rendered":"https:\/\/strangercam.com\/?page_id=3300"},"modified":"2023-08-21T12:24:41","modified_gmt":"2023-08-21T10:24:41","slug":"chatpig","status":"publish","type":"page","link":"https:\/\/strangercam.com\/pl\/chatpig\/","title":{"rendered":"Chatpig"},"content":{"rendered":"<p>Technologie poprawiaj\u0105 si\u0119 z dnia na dzie\u0144, umo\u017cliwiaj\u0105c ludziom \u0142\u0105czenie si\u0119 z innymi tak szybko, jak to mo\u017cliwe. Zapewniaj\u0105 r\u00f3wnie\u017c sposoby na rozwijanie relacji na odleg\u0142o\u015b\u0107 i nawi\u0105zywanie nowych znajomo\u015bci za po\u015brednictwem portali randkowych i aplikacji. Portal randkowy Chatpig umo\u017cliwia cz\u0142onkom zapewnienie zabawy i ekscytacji po utworzeniu konta. Umo\u017cliwia u\u017cytkownikom \u0142atwe znajdowanie nowych przyjaci\u00f3\u0142 z r\u00f3\u017cnych \u015brodowisk. Ci, kt\u00f3rzy chc\u0105 zidentyfikowa\u0107 singli w danej lokalizacji, mog\u0105 wiele skorzysta\u0107 z witryny, poniewa\u017c zawiera ona dla nich doskona\u0142e funkcje. Ponadto witryna jest najlepsz\u0105 opcj\u0105 dla <a href=\"https:\/\/strangercam.com\/pl\/shagle\/\">doros\u0142y<\/a> cele randkowe, kt\u00f3re zaspokajaj\u0105 potrzeby u\u017cytkownik\u00f3w.<\/p>\n<h2>Jak za\u0142o\u017cy\u0107 konto na portalu randkowym Chatpig?<\/h2>\n<p>Proces rejestracji jest bardzo prosty, a nowi cz\u0142onkowie mog\u0105 kontynuowa\u0107 korzystanie z witryny jako go\u015bcie lub tworz\u0105c konto. Z drugiej strony, konieczne jest wybranie p\u0142ci i zaakceptowanie warunk\u00f3w na stronie przy wyborze opcji go\u015bcia. Nowi u\u017cytkownicy, kt\u00f3rzy chc\u0105 utworzy\u0107 konto, powinni mie\u0107 wa\u017cny adres e-mail i poda\u0107 pseudonim z silnym has\u0142em. Nale\u017cy wprowadzi\u0107 kod aktywacyjny, aby zweryfikowa\u0107 konto po otrzymaniu go poczt\u0105 elektroniczn\u0105.<\/p>\n<h3>Wi\u0119cej informacji o czatach przed kamerami dla doros\u0142ych<\/h3>\n<p>Serwis randkowy oferuje dla doros\u0142ych <a href=\"https:\/\/strangercam.com\/pl\/bazoocam\/\">krzywka<\/a> <a href=\"https:\/\/strangercam.com\/pl\/chatroulette\/\">czat<\/a> us\u0142ugi dla u\u017cytkownik\u00f3w do konwersacji z modelami i innymi osobami. U\u017cytkownik mo\u017ce zalogowa\u0107 si\u0119 na stronie u\u017cywaj\u0105c swojego pseudonimu i has\u0142a, aby rozpocz\u0105\u0107 rozmow\u0119 z innymi. Co wi\u0119cej, cz\u0142onkowie mog\u0105 nawet wybra\u0107 rodzaj kamery, kt\u00f3r\u0105 chc\u0105 po szczeg\u00f3\u0142owej ocenie kategorii. Jest to jedyna platforma czatu z kamerami internetowymi, na kt\u00f3rej u\u017cytkownicy mog\u0105 rozmawia\u0107 z m\u0119\u017cczyznami, kobietami, parami i innymi osobami. Poza tym mo\u017cna czatowa\u0107 z dowoln\u0105 p\u0142ci\u0105 bez u\u017cycia filtra p\u0142ci. U\u017cytkownicy powinni jednak szczeg\u00f3\u0142owo przestrzega\u0107 zasad i przepis\u00f3w podczas czatowania z <a href=\"https:\/\/strangercam.com\/pl\/wideo-rozmowa-z-dziewczynami\/\">dziewczyny<\/a>.<\/p>\n<h3>Jakie s\u0105 cechy modelu Chatpig?<\/h3>\n<p>Na stronie dost\u0119pnych jest kilka czat\u00f3w, w kt\u00f3rych mo\u017cna \u0142atwo znale\u017a\u0107 wielu gor\u0105cych ch\u0142opc\u00f3w i dziewcz\u0105t. Daje to mo\u017cliwo\u015b\u0107 wysy\u0142ania wiadomo\u015bci tekstowych, zdj\u0119\u0107 i emoji do innych os\u00f3b, kt\u00f3re pomog\u0105 zidentyfikowa\u0107 osoby o wsp\u00f3lnych zainteresowaniach. U\u017cytkownicy mog\u0105 nawet kupi\u0107 token na stronie, aby zosta\u0107 cz\u0142onkiem. Niekt\u00f3re inne funkcje oferowane przez witryn\u0119 obejmuj\u0105 wysokiej jako\u015bci interfejs, jako\u015b\u0107 odbiorc\u00f3w, bezpiecze\u0144stwo i prywatno\u015b\u0107, pokazuj\u0105c w ten spos\u00f3b sposoby na zapewnienie dobrego do\u015bwiadczenia. Jednocze\u015bnie rozs\u0105dnie jest przestrzega\u0107 zasad i warunk\u00f3w przed utworzeniem konta na stronie internetowej, kt\u00f3ra pomaga <a href=\"https:\/\/strangercam.com\/pl\/coomeet\/\">spotkanie<\/a> podstawowe potrzeby.<\/p>","protected":false},"excerpt":{"rendered":"<p>Technologies are improving day by day allowing people to connect with others as soon as possible. They also provide ways to develop long-distance relationships and make new friends through dating sites and apps. Chatpig dating website enables members to ensure fun and excitement after creating an account. It enables users to find new friends from [&hellip;]<\/p>\n","protected":false},"author":6,"featured_media":559,"parent":0,"menu_order":0,"comment_status":"closed","ping_status":"closed","template":"","meta":{"footnotes":""},"class_list":["post-3300","page","type-page","status-publish","has-post-thumbnail","hentry"],"yoast_head":"<!-- This site is optimized with the Yoast SEO plugin v26.9 - https:\/\/yoast.com\/product\/yoast-seo-wordpress\/ -->\n<title>Chatpig - Most Popular Video Chats - Cam on StrangerCam.com<\/title>\n<meta name=\"description\" content=\"Like Chatpig? Come chat with more than 5.000.000 strangers on Stranger Cam for Free! Turn on your cam and find new friends &amp; maby a match!\" \/>\n<meta name=\"robots\" content=\"index, follow, max-snippet:-1, max-image-preview:large, max-video-preview:-1\" \/>\n<link rel=\"canonical\" href=\"https:\/\/strangercam.com\/pl\/chatpig\/\" \/>\n<meta property=\"og:locale\" content=\"pl_PL\" \/>\n<meta property=\"og:type\" content=\"article\" \/>\n<meta property=\"og:title\" content=\"Chatpig - Most Popular Video Chats - Cam on StrangerCam.com\" \/>\n<meta property=\"og:description\" content=\"Like Chatpig? Come chat with more than 5.000.000 strangers on Stranger Cam for Free! Turn on your cam and find new friends &amp; maby a match!\" \/>\n<meta property=\"og:url\" content=\"https:\/\/strangercam.com\/pl\/chatpig\/\" \/>\n<meta property=\"og:site_name\" content=\"Strangercam\" \/>\n<meta property=\"article:publisher\" content=\"https:\/\/www.facebook.com\/strangercam\" \/>\n<meta property=\"article:modified_time\" content=\"2023-08-21T10:24:41+00:00\" \/>\n<meta property=\"og:image\" content=\"https:\/\/strangercam.com\/wp-content\/uploads\/2020\/11\/stranger-cam-1.png\" \/>\n\t<meta property=\"og:image:width\" content=\"800\" \/>\n\t<meta property=\"og:image:height\" content=\"800\" \/>\n\t<meta property=\"og:image:type\" content=\"image\/png\" \/>\n<meta name=\"twitter:card\" content=\"summary_large_image\" \/>\n<meta name=\"twitter:site\" content=\"@strangercamapp\" \/>\n<meta name=\"twitter:label1\" content=\"Szacowany czas czytania\" \/>\n\t<meta name=\"twitter:data1\" content=\"2 minuty\" \/>\n<script type=\"application\/ld+json\" class=\"yoast-schema-graph\">{\"@context\":\"https:\/\/schema.org\",\"@graph\":[{\"@type\":\"WebPage\",\"@id\":\"https:\/\/strangercam.com\/chatpig\/\",\"url\":\"https:\/\/strangercam.com\/chatpig\/\",\"name\":\"Chatpig - Most Popular Video Chats - Cam on StrangerCam.com\",\"isPartOf\":{\"@id\":\"https:\/\/strangercam.com\/#website\"},\"primaryImageOfPage\":{\"@id\":\"https:\/\/strangercam.com\/chatpig\/#primaryimage\"},\"image\":{\"@id\":\"https:\/\/strangercam.com\/chatpig\/#primaryimage\"},\"thumbnailUrl\":\"https:\/\/strangercam.com\/wp-content\/uploads\/2020\/11\/stranger-cam-1.png\",\"datePublished\":\"2021-05-09T19:47:49+00:00\",\"dateModified\":\"2023-08-21T10:24:41+00:00\",\"description\":\"Like Chatpig? Come chat with more than 5.000.000 strangers on Stranger Cam for Free! Turn on your cam and find new friends & maby a match!\",\"breadcrumb\":{\"@id\":\"https:\/\/strangercam.com\/chatpig\/#breadcrumb\"},\"inLanguage\":\"pl-PL\",\"potentialAction\":[{\"@type\":\"ReadAction\",\"target\":[\"https:\/\/strangercam.com\/chatpig\/\"]}]},{\"@type\":\"ImageObject\",\"inLanguage\":\"pl-PL\",\"@id\":\"https:\/\/strangercam.com\/chatpig\/#primaryimage\",\"url\":\"https:\/\/strangercam.com\/wp-content\/uploads\/2020\/11\/stranger-cam-1.png\",\"contentUrl\":\"https:\/\/strangercam.com\/wp-content\/uploads\/2020\/11\/stranger-cam-1.png\",\"width\":800,\"height\":800,\"caption\":\"stranger cam random video chat\"},{\"@type\":\"BreadcrumbList\",\"@id\":\"https:\/\/strangercam.com\/chatpig\/#breadcrumb\",\"itemListElement\":[{\"@type\":\"ListItem\",\"position\":1,\"name\":\"Home\",\"item\":\"https:\/\/strangercam.com\/\"},{\"@type\":\"ListItem\",\"position\":2,\"name\":\"Chatpig\"}]},{\"@type\":\"WebSite\",\"@id\":\"https:\/\/strangercam.com\/#website\",\"url\":\"https:\/\/strangercam.com\/\",\"name\":\"Strangercam\",\"description\":\"Random Video Chat with Strangers\",\"publisher\":{\"@id\":\"https:\/\/strangercam.com\/#organization\"},\"alternateName\":\"Strangercam.com\",\"potentialAction\":[{\"@type\":\"SearchAction\",\"target\":{\"@type\":\"EntryPoint\",\"urlTemplate\":\"https:\/\/strangercam.com\/?s={search_term_string}\"},\"query-input\":{\"@type\":\"PropertyValueSpecification\",\"valueRequired\":true,\"valueName\":\"search_term_string\"}}],\"inLanguage\":\"pl-PL\"},{\"@type\":\"Organization\",\"@id\":\"https:\/\/strangercam.com\/#organization\",\"name\":\"Strangercam\",\"alternateName\":\"Strangercam.com\",\"url\":\"https:\/\/strangercam.com\/\",\"logo\":{\"@type\":\"ImageObject\",\"inLanguage\":\"pl-PL\",\"@id\":\"https:\/\/strangercam.com\/#\/schema\/logo\/image\/\",\"url\":\"https:\/\/strangercam.com\/wp-content\/uploads\/2020\/11\/cropped-new-favicon-black.png\",\"contentUrl\":\"https:\/\/strangercam.com\/wp-content\/uploads\/2020\/11\/cropped-new-favicon-black.png\",\"width\":512,\"height\":512,\"caption\":\"Strangercam\"},\"image\":{\"@id\":\"https:\/\/strangercam.com\/#\/schema\/logo\/image\/\"},\"sameAs\":[\"https:\/\/www.facebook.com\/strangercam\",\"https:\/\/x.com\/strangercamapp\"]}]}<\/script>\n<!-- \/ Yoast SEO plugin. -->","yoast_head_json":{"title":"Chatpig - Najpopularniejsze czaty wideo - Kamera na StrangerCam.com","description":"Jak Chatpig? Przyjd\u017a na czat z ponad 5.000.000 nieznajomych na Stranger Cam za darmo! W\u0142\u0105cz kamer\u0119 i znajd\u017a nowych przyjaci\u00f3\u0142 i mo\u017ce mecz!","robots":{"index":"index","follow":"follow","max-snippet":"max-snippet:-1","max-image-preview":"max-image-preview:large","max-video-preview":"max-video-preview:-1"},"canonical":"https:\/\/strangercam.com\/pl\/chatpig\/","og_locale":"pl_PL","og_type":"article","og_title":"Chatpig - Most Popular Video Chats - Cam on StrangerCam.com","og_description":"Like Chatpig? Come chat with more than 5.000.000 strangers on Stranger Cam for Free! Turn on your cam and find new friends & maby a match!","og_url":"https:\/\/strangercam.com\/pl\/chatpig\/","og_site_name":"Strangercam","article_publisher":"https:\/\/www.facebook.com\/strangercam","article_modified_time":"2023-08-21T10:24:41+00:00","og_image":[{"width":800,"height":800,"url":"https:\/\/strangercam.com\/wp-content\/uploads\/2020\/11\/stranger-cam-1.png","type":"image\/png"}],"twitter_card":"summary_large_image","twitter_site":"@strangercamapp","twitter_misc":{"Szacowany czas czytania":"2 minuty"},"schema":{"@context":"https:\/\/schema.org","@graph":[{"@type":"WebPage","@id":"https:\/\/strangercam.com\/chatpig\/","url":"https:\/\/strangercam.com\/chatpig\/","name":"Chatpig - Najpopularniejsze czaty wideo - Kamera na StrangerCam.com","isPartOf":{"@id":"https:\/\/strangercam.com\/#website"},"primaryImageOfPage":{"@id":"https:\/\/strangercam.com\/chatpig\/#primaryimage"},"image":{"@id":"https:\/\/strangercam.com\/chatpig\/#primaryimage"},"thumbnailUrl":"https:\/\/strangercam.com\/wp-content\/uploads\/2020\/11\/stranger-cam-1.png","datePublished":"2021-05-09T19:47:49+00:00","dateModified":"2023-08-21T10:24:41+00:00","description":"Jak Chatpig? Przyjd\u017a na czat z ponad 5.000.000 nieznajomych na Stranger Cam za darmo! W\u0142\u0105cz kamer\u0119 i znajd\u017a nowych przyjaci\u00f3\u0142 i mo\u017ce mecz!","breadcrumb":{"@id":"https:\/\/strangercam.com\/chatpig\/#breadcrumb"},"inLanguage":"pl-PL","potentialAction":[{"@type":"ReadAction","target":["https:\/\/strangercam.com\/chatpig\/"]}]},{"@type":"ImageObject","inLanguage":"pl-PL","@id":"https:\/\/strangercam.com\/chatpig\/#primaryimage","url":"https:\/\/strangercam.com\/wp-content\/uploads\/2020\/11\/stranger-cam-1.png","contentUrl":"https:\/\/strangercam.com\/wp-content\/uploads\/2020\/11\/stranger-cam-1.png","width":800,"height":800,"caption":"stranger cam random video chat"},{"@type":"BreadcrumbList","@id":"https:\/\/strangercam.com\/chatpig\/#breadcrumb","itemListElement":[{"@type":"ListItem","position":1,"name":"Home","item":"https:\/\/strangercam.com\/"},{"@type":"ListItem","position":2,"name":"Chatpig"}]},{"@type":"WebSite","@id":"https:\/\/strangercam.com\/#website","url":"https:\/\/strangercam.com\/","name":"Strangercam","description":"Losowy czat wideo z nieznajomymi","publisher":{"@id":"https:\/\/strangercam.com\/#organization"},"alternateName":"Strangercam.com","potentialAction":[{"@type":"SearchAction","target":{"@type":"EntryPoint","urlTemplate":"https:\/\/strangercam.com\/?s={search_term_string}"},"query-input":{"@type":"PropertyValueSpecification","valueRequired":true,"valueName":"search_term_string"}}],"inLanguage":"pl-PL"},{"@type":"Organization","@id":"https:\/\/strangercam.com\/#organization","name":"Strangercam","alternateName":"Strangercam.com","url":"https:\/\/strangercam.com\/","logo":{"@type":"ImageObject","inLanguage":"pl-PL","@id":"https:\/\/strangercam.com\/#\/schema\/logo\/image\/","url":"https:\/\/strangercam.com\/wp-content\/uploads\/2020\/11\/cropped-new-favicon-black.png","contentUrl":"https:\/\/strangercam.com\/wp-content\/uploads\/2020\/11\/cropped-new-favicon-black.png","width":512,"height":512,"caption":"Strangercam"},"image":{"@id":"https:\/\/strangercam.com\/#\/schema\/logo\/image\/"},"sameAs":["https:\/\/www.facebook.com\/strangercam","https:\/\/x.com\/strangercamapp"]}]}},"_links":{"self":[{"href":"https:\/\/strangercam.com\/pl\/wp-json\/wp\/v2\/pages\/3300","targetHints":{"allow":["GET"]}}],"collection":[{"href":"https:\/\/strangercam.com\/pl\/wp-json\/wp\/v2\/pages"}],"about":[{"href":"https:\/\/strangercam.com\/pl\/wp-json\/wp\/v2\/types\/page"}],"author":[{"embeddable":true,"href":"https:\/\/strangercam.com\/pl\/wp-json\/wp\/v2\/users\/6"}],"replies":[{"embeddable":true,"href":"https:\/\/strangercam.com\/pl\/wp-json\/wp\/v2\/comments?post=3300"}],"version-history":[{"count":0,"href":"https:\/\/strangercam.com\/pl\/wp-json\/wp\/v2\/pages\/3300\/revisions"}],"wp:featuredmedia":[{"embeddable":true,"href":"https:\/\/strangercam.com\/pl\/wp-json\/wp\/v2\/media\/559"}],"wp:attachment":[{"href":"https:\/\/strangercam.com\/pl\/wp-json\/wp\/v2\/media?parent=3300"}],"curies":[{"name":"wp","href":"https:\/\/api.w.org\/{rel}","templated":true}]}}