{"id":3232,"date":"2021-05-09T21:30:30","date_gmt":"2021-05-09T19:30:30","guid":{"rendered":"https:\/\/strangercam.com\/?page_id=3232"},"modified":"2023-08-21T12:24:41","modified_gmt":"2023-08-21T10:24:41","slug":"faceflow","status":"publish","type":"page","link":"https:\/\/strangercam.com\/pl\/faceflow\/","title":{"rendered":"FaceFlow"},"content":{"rendered":"<p>Wyb\u00f3r portalu randkowego nie jest \u0142atwym zadaniem, poniewa\u017c nale\u017cy <a href=\"https:\/\/strangercam.com\/pl\/coomeet\/\">spotkanie<\/a> oczekiwania u\u017cytkownik\u00f3w. Witryna FaceFlow zapewnia metody odkrywania nowych przyjaci\u00f3\u0142 i bratnich dusz, kt\u00f3re maj\u0105 wsp\u00f3lne zainteresowania. Umo\u017cliwia u\u017cytkownikom nawi\u0105zywanie <a href=\"https:\/\/strangercam.com\/pl\/chat4free\/\">darmowy<\/a> <a href=\"https:\/\/strangercam.com\/pl\/rabbit-video-chat\/\">wideo<\/a> po\u0142\u0105czenia konferencyjne, pokazuj\u0105c w ten spos\u00f3b sposoby \u0142\u0105czenia si\u0119 z innymi w kr\u00f3tkim czasie. Proces rejestracji jest bardzo prosty, a nowi u\u017cytkownicy musz\u0105 poda\u0107 tylko kilka wa\u017cnych szczeg\u00f3\u0142\u00f3w. Poza tym platforma internetowa ma ogromn\u0105 baz\u0119 danych u\u017cytkownik\u00f3w, umo\u017cliwiaj\u0105c cz\u0142onkom prowadzenie rozm\u00f3w w oparciu o ich wybory.<\/p>\n<h2>Jak dzia\u0142a FaceFlow?<\/h2>\n<p>Strona randkowa FaceFlow obejmuje wiele czat\u00f3w, do kt\u00f3rych u\u017cytkownicy mog\u0105 wej\u015b\u0107 po utworzeniu konta. Mog\u0105 klikn\u0105\u0107 przycisk \"znajd\u017a losowego partnera\", kt\u00f3ry pozwoli im z \u0142atwo\u015bci\u0105 znale\u017a\u0107 losowe dopasowanie. Czaty umo\u017cliwiaj\u0105 u\u017cytkownikom komunikowanie si\u0119 z kilkoma osobami jednocze\u015bnie w celu znalezienia odpowiednich dopasowa\u0144. Z drugiej strony, pozwalaj\u0105 one u\u017cytkownikom wybiera\u0107 tylko osoby z s\u0105siedztwa. Losowy <a href=\"https:\/\/strangercam.com\/pl\/chatroulette\/\">czat<\/a> jest dost\u0119pna dla tych, kt\u00f3rzy chc\u0105 jak najszybciej nawi\u0105za\u0107 kontakt z nieznajomymi. Opcje wyszukiwania i filtry to inne funkcje oferowane przez witryn\u0119, kt\u00f3re pozwalaj\u0105 u\u017cytkownikom poznawa\u0107 ludzi w zale\u017cno\u015bci od ich pochodzenia.<\/p>\n<h3>Jakie s\u0105 cechy FaceFlow?<\/h3>\n<p>Portal randkowy FaceFlow oferuje unikalne funkcje dla u\u017cytkownik\u00f3w, pozwalaj\u0105c im zapewni\u0107 lepsze wra\u017cenia. Niekt\u00f3re z nich obejmuj\u0105 czat tekstowy, wiadomo\u015bci g\u0142osowe, profile u\u017cytkownik\u00f3w, publiczne pokoje rozm\u00f3w, udost\u0119pnianie plik\u00f3w, grupowe rozmowy wideo, rozmowy wideo 1 na 1 itp. Dzia\u0142a na wszystkich urz\u0105dzeniach, w tym telefonach kom\u00f3rkowych, aby jak najszybciej po\u0142\u0105czy\u0107 si\u0119 z innymi. Witryna jest \u0142atwa do zrozumienia i nawigowania dzi\u0119ki zaspokojeniu podstawowych potrzeb u\u017cytkownik\u00f3w. Cz\u0142onkowie mog\u0105 przesy\u0142a\u0107 swoje zdj\u0119cia i inne szczeg\u00f3\u0142y na stronie internetowej, aby w du\u017cym stopniu wp\u0142ywa\u0107 na innych.<\/p>\n<h3>Powody, dla kt\u00f3rych warto wybra\u0107 stron\u0119 FaceFlow<\/h3>\n<p>Serwis randkowy jest darmowy, umo\u017cliwiaj\u0105c cz\u0142onkom wykonywanie wysokiej jako\u015bci po\u0142\u0105cze\u0144 wideo. Poza tym daje mo\u017cliwo\u015b\u0107 oceny odbiorc\u00f3w na podstawie geografii, p\u0142ci, zainteresowa\u0144 i innych czynnik\u00f3w. Nie ma dedykowanej wersji mobilnej dost\u0119pnej dla u\u017cytkownik\u00f3w i powinni oni wybiera\u0107 tylko komputery stacjonarne, je\u015bli chodzi o randki. <a href=\"https:\/\/strangercam.com\/pl\/1v1-chat\/\">Jeden<\/a> mog\u0105 skontaktowa\u0107 si\u0119 z obs\u0142ug\u0105 klienta za po\u015brednictwem poczty elektronicznej, aby dowiedzie\u0107 si\u0119 wi\u0119cej o szczeg\u00f3\u0142ach. Witryna oferuje r\u00f3\u017cne rodzaje technik komunikacyjnych dla u\u017cytkownik\u00f3w, aby skutecznie komunikowa\u0107 si\u0119 z innymi. Nie ma potrzeby pobierania czegokolwiek podczas korzystania z witryny, a cz\u0142onkowie mog\u0105 znale\u017a\u0107 potencjalne dopasowania, gdy chc\u0105 budowa\u0107 relacje na odleg\u0142o\u015b\u0107.<\/p>","protected":false},"excerpt":{"rendered":"<p>Choosing a dating website is not an easy-going job because it should meet the expectations of users properly. FaceFlow website provides methods to discover new friends and soulmates who share common interests. It allows users to make free video conference calls thereby showing ways to connect with others in a quick turnaround time. The registration [&hellip;]<\/p>\n","protected":false},"author":6,"featured_media":559,"parent":0,"menu_order":0,"comment_status":"closed","ping_status":"closed","template":"","meta":{"footnotes":""},"class_list":["post-3232","page","type-page","status-publish","has-post-thumbnail","hentry"],"yoast_head":"<!-- This site is optimized with the Yoast SEO plugin v26.9 - https:\/\/yoast.com\/product\/yoast-seo-wordpress\/ -->\n<title>FaceFlow - Most Popular Video Chats - Cam on StrangerCam.com<\/title>\n<meta name=\"description\" content=\"Like FaceFlow? Come chat with more than 5.000.000 strangers on Stranger Cam for Free! Turn on your cam and find new friends &amp; maby a match!\" \/>\n<meta name=\"robots\" content=\"index, follow, max-snippet:-1, max-image-preview:large, max-video-preview:-1\" \/>\n<link rel=\"canonical\" href=\"https:\/\/strangercam.com\/pl\/faceflow\/\" \/>\n<meta property=\"og:locale\" content=\"pl_PL\" \/>\n<meta property=\"og:type\" content=\"article\" \/>\n<meta property=\"og:title\" content=\"FaceFlow - Most Popular Video Chats - Cam on StrangerCam.com\" \/>\n<meta property=\"og:description\" content=\"Like FaceFlow? Come chat with more than 5.000.000 strangers on Stranger Cam for Free! Turn on your cam and find new friends &amp; maby a match!\" \/>\n<meta property=\"og:url\" content=\"https:\/\/strangercam.com\/pl\/faceflow\/\" \/>\n<meta property=\"og:site_name\" content=\"Strangercam\" \/>\n<meta property=\"article:publisher\" content=\"https:\/\/www.facebook.com\/strangercam\" \/>\n<meta property=\"article:modified_time\" content=\"2023-08-21T10:24:41+00:00\" \/>\n<meta property=\"og:image\" content=\"https:\/\/strangercam.com\/wp-content\/uploads\/2020\/11\/stranger-cam-1.png\" \/>\n\t<meta property=\"og:image:width\" content=\"800\" \/>\n\t<meta property=\"og:image:height\" content=\"800\" \/>\n\t<meta property=\"og:image:type\" content=\"image\/png\" \/>\n<meta name=\"twitter:card\" content=\"summary_large_image\" \/>\n<meta name=\"twitter:site\" content=\"@strangercamapp\" \/>\n<meta name=\"twitter:label1\" content=\"Szacowany czas czytania\" \/>\n\t<meta name=\"twitter:data1\" content=\"2 minuty\" \/>\n<script type=\"application\/ld+json\" class=\"yoast-schema-graph\">{\"@context\":\"https:\/\/schema.org\",\"@graph\":[{\"@type\":\"WebPage\",\"@id\":\"https:\/\/strangercam.com\/faceflow\/\",\"url\":\"https:\/\/strangercam.com\/faceflow\/\",\"name\":\"FaceFlow - Most Popular Video Chats - Cam on StrangerCam.com\",\"isPartOf\":{\"@id\":\"https:\/\/strangercam.com\/#website\"},\"primaryImageOfPage\":{\"@id\":\"https:\/\/strangercam.com\/faceflow\/#primaryimage\"},\"image\":{\"@id\":\"https:\/\/strangercam.com\/faceflow\/#primaryimage\"},\"thumbnailUrl\":\"https:\/\/strangercam.com\/wp-content\/uploads\/2020\/11\/stranger-cam-1.png\",\"datePublished\":\"2021-05-09T19:30:30+00:00\",\"dateModified\":\"2023-08-21T10:24:41+00:00\",\"description\":\"Like FaceFlow? Come chat with more than 5.000.000 strangers on Stranger Cam for Free! Turn on your cam and find new friends & maby a match!\",\"breadcrumb\":{\"@id\":\"https:\/\/strangercam.com\/faceflow\/#breadcrumb\"},\"inLanguage\":\"pl-PL\",\"potentialAction\":[{\"@type\":\"ReadAction\",\"target\":[\"https:\/\/strangercam.com\/faceflow\/\"]}]},{\"@type\":\"ImageObject\",\"inLanguage\":\"pl-PL\",\"@id\":\"https:\/\/strangercam.com\/faceflow\/#primaryimage\",\"url\":\"https:\/\/strangercam.com\/wp-content\/uploads\/2020\/11\/stranger-cam-1.png\",\"contentUrl\":\"https:\/\/strangercam.com\/wp-content\/uploads\/2020\/11\/stranger-cam-1.png\",\"width\":800,\"height\":800,\"caption\":\"stranger cam random video chat\"},{\"@type\":\"BreadcrumbList\",\"@id\":\"https:\/\/strangercam.com\/faceflow\/#breadcrumb\",\"itemListElement\":[{\"@type\":\"ListItem\",\"position\":1,\"name\":\"Home\",\"item\":\"https:\/\/strangercam.com\/\"},{\"@type\":\"ListItem\",\"position\":2,\"name\":\"FaceFlow\"}]},{\"@type\":\"WebSite\",\"@id\":\"https:\/\/strangercam.com\/#website\",\"url\":\"https:\/\/strangercam.com\/\",\"name\":\"Strangercam\",\"description\":\"Random Video Chat with Strangers\",\"publisher\":{\"@id\":\"https:\/\/strangercam.com\/#organization\"},\"alternateName\":\"Strangercam.com\",\"potentialAction\":[{\"@type\":\"SearchAction\",\"target\":{\"@type\":\"EntryPoint\",\"urlTemplate\":\"https:\/\/strangercam.com\/?s={search_term_string}\"},\"query-input\":{\"@type\":\"PropertyValueSpecification\",\"valueRequired\":true,\"valueName\":\"search_term_string\"}}],\"inLanguage\":\"pl-PL\"},{\"@type\":\"Organization\",\"@id\":\"https:\/\/strangercam.com\/#organization\",\"name\":\"Strangercam\",\"alternateName\":\"Strangercam.com\",\"url\":\"https:\/\/strangercam.com\/\",\"logo\":{\"@type\":\"ImageObject\",\"inLanguage\":\"pl-PL\",\"@id\":\"https:\/\/strangercam.com\/#\/schema\/logo\/image\/\",\"url\":\"https:\/\/strangercam.com\/wp-content\/uploads\/2020\/11\/cropped-new-favicon-black.png\",\"contentUrl\":\"https:\/\/strangercam.com\/wp-content\/uploads\/2020\/11\/cropped-new-favicon-black.png\",\"width\":512,\"height\":512,\"caption\":\"Strangercam\"},\"image\":{\"@id\":\"https:\/\/strangercam.com\/#\/schema\/logo\/image\/\"},\"sameAs\":[\"https:\/\/www.facebook.com\/strangercam\",\"https:\/\/x.com\/strangercamapp\"]}]}<\/script>\n<!-- \/ Yoast SEO plugin. -->","yoast_head_json":{"title":"FaceFlow - Najpopularniejsze czaty wideo - Kamera na StrangerCam.com","description":"Jak FaceFlow? Przyjd\u017a na czat z ponad 5.000.000 nieznajomych na Stranger Cam za darmo! W\u0142\u0105cz kamer\u0119 i znajd\u017a nowych przyjaci\u00f3\u0142 i mo\u017ce mecz!","robots":{"index":"index","follow":"follow","max-snippet":"max-snippet:-1","max-image-preview":"max-image-preview:large","max-video-preview":"max-video-preview:-1"},"canonical":"https:\/\/strangercam.com\/pl\/faceflow\/","og_locale":"pl_PL","og_type":"article","og_title":"FaceFlow - Most Popular Video Chats - Cam on StrangerCam.com","og_description":"Like FaceFlow? Come chat with more than 5.000.000 strangers on Stranger Cam for Free! Turn on your cam and find new friends & maby a match!","og_url":"https:\/\/strangercam.com\/pl\/faceflow\/","og_site_name":"Strangercam","article_publisher":"https:\/\/www.facebook.com\/strangercam","article_modified_time":"2023-08-21T10:24:41+00:00","og_image":[{"width":800,"height":800,"url":"https:\/\/strangercam.com\/wp-content\/uploads\/2020\/11\/stranger-cam-1.png","type":"image\/png"}],"twitter_card":"summary_large_image","twitter_site":"@strangercamapp","twitter_misc":{"Szacowany czas czytania":"2 minuty"},"schema":{"@context":"https:\/\/schema.org","@graph":[{"@type":"WebPage","@id":"https:\/\/strangercam.com\/faceflow\/","url":"https:\/\/strangercam.com\/faceflow\/","name":"FaceFlow - Najpopularniejsze czaty wideo - Kamera na StrangerCam.com","isPartOf":{"@id":"https:\/\/strangercam.com\/#website"},"primaryImageOfPage":{"@id":"https:\/\/strangercam.com\/faceflow\/#primaryimage"},"image":{"@id":"https:\/\/strangercam.com\/faceflow\/#primaryimage"},"thumbnailUrl":"https:\/\/strangercam.com\/wp-content\/uploads\/2020\/11\/stranger-cam-1.png","datePublished":"2021-05-09T19:30:30+00:00","dateModified":"2023-08-21T10:24:41+00:00","description":"Jak FaceFlow? Przyjd\u017a na czat z ponad 5.000.000 nieznajomych na Stranger Cam za darmo! W\u0142\u0105cz kamer\u0119 i znajd\u017a nowych przyjaci\u00f3\u0142 i mo\u017ce mecz!","breadcrumb":{"@id":"https:\/\/strangercam.com\/faceflow\/#breadcrumb"},"inLanguage":"pl-PL","potentialAction":[{"@type":"ReadAction","target":["https:\/\/strangercam.com\/faceflow\/"]}]},{"@type":"ImageObject","inLanguage":"pl-PL","@id":"https:\/\/strangercam.com\/faceflow\/#primaryimage","url":"https:\/\/strangercam.com\/wp-content\/uploads\/2020\/11\/stranger-cam-1.png","contentUrl":"https:\/\/strangercam.com\/wp-content\/uploads\/2020\/11\/stranger-cam-1.png","width":800,"height":800,"caption":"stranger cam random video chat"},{"@type":"BreadcrumbList","@id":"https:\/\/strangercam.com\/faceflow\/#breadcrumb","itemListElement":[{"@type":"ListItem","position":1,"name":"Home","item":"https:\/\/strangercam.com\/"},{"@type":"ListItem","position":2,"name":"FaceFlow"}]},{"@type":"WebSite","@id":"https:\/\/strangercam.com\/#website","url":"https:\/\/strangercam.com\/","name":"Strangercam","description":"Losowy czat wideo z nieznajomymi","publisher":{"@id":"https:\/\/strangercam.com\/#organization"},"alternateName":"Strangercam.com","potentialAction":[{"@type":"SearchAction","target":{"@type":"EntryPoint","urlTemplate":"https:\/\/strangercam.com\/?s={search_term_string}"},"query-input":{"@type":"PropertyValueSpecification","valueRequired":true,"valueName":"search_term_string"}}],"inLanguage":"pl-PL"},{"@type":"Organization","@id":"https:\/\/strangercam.com\/#organization","name":"Strangercam","alternateName":"Strangercam.com","url":"https:\/\/strangercam.com\/","logo":{"@type":"ImageObject","inLanguage":"pl-PL","@id":"https:\/\/strangercam.com\/#\/schema\/logo\/image\/","url":"https:\/\/strangercam.com\/wp-content\/uploads\/2020\/11\/cropped-new-favicon-black.png","contentUrl":"https:\/\/strangercam.com\/wp-content\/uploads\/2020\/11\/cropped-new-favicon-black.png","width":512,"height":512,"caption":"Strangercam"},"image":{"@id":"https:\/\/strangercam.com\/#\/schema\/logo\/image\/"},"sameAs":["https:\/\/www.facebook.com\/strangercam","https:\/\/x.com\/strangercamapp"]}]}},"_links":{"self":[{"href":"https:\/\/strangercam.com\/pl\/wp-json\/wp\/v2\/pages\/3232","targetHints":{"allow":["GET"]}}],"collection":[{"href":"https:\/\/strangercam.com\/pl\/wp-json\/wp\/v2\/pages"}],"about":[{"href":"https:\/\/strangercam.com\/pl\/wp-json\/wp\/v2\/types\/page"}],"author":[{"embeddable":true,"href":"https:\/\/strangercam.com\/pl\/wp-json\/wp\/v2\/users\/6"}],"replies":[{"embeddable":true,"href":"https:\/\/strangercam.com\/pl\/wp-json\/wp\/v2\/comments?post=3232"}],"version-history":[{"count":0,"href":"https:\/\/strangercam.com\/pl\/wp-json\/wp\/v2\/pages\/3232\/revisions"}],"wp:featuredmedia":[{"embeddable":true,"href":"https:\/\/strangercam.com\/pl\/wp-json\/wp\/v2\/media\/559"}],"wp:attachment":[{"href":"https:\/\/strangercam.com\/pl\/wp-json\/wp\/v2\/media?parent=3232"}],"curies":[{"name":"wp","href":"https:\/\/api.w.org\/{rel}","templated":true}]}}