{"id":3215,"date":"2021-05-09T21:26:42","date_gmt":"2021-05-09T19:26:42","guid":{"rendered":"https:\/\/strangercam.com\/?page_id=3215"},"modified":"2023-08-21T12:24:41","modified_gmt":"2023-08-21T10:24:41","slug":"chatville","status":"publish","type":"page","link":"https:\/\/strangercam.com\/pl\/chatville\/","title":{"rendered":"Chatville"},"content":{"rendered":"<p>Portal randkowy pozwala u\u017cytkownikom nie tylko znale\u017a\u0107 przyjaci\u00f3\u0142, ale tak\u017ce pomaga budowa\u0107 relacje na odleg\u0142o\u015b\u0107 z innymi. Chatville to aplikacja z kamer\u0105 internetow\u0105 przeznaczona dla tych, kt\u00f3rzy chc\u0105 <a href=\"https:\/\/strangercam.com\/pl\/coomeet\/\">spotkanie<\/a> interesuj\u0105ce osoby w r\u00f3\u017cnych cz\u0119\u015bciach \u015bwiata z \u0142atwo\u015bci\u0105. Witryna umo\u017cliwia nawi\u0105zywanie nowych znajomo\u015bci z r\u00f3\u017cnych \u015brodowisk dzi\u0119ki najnowszym funkcjom. Pozwala r\u00f3wnie\u017c ludziom znale\u017a\u0107 najlepszych towarzyszy \u017cycia lub partner\u00f3w w oparciu o ich wybory. Ci, kt\u00f3rzy chc\u0105 szybko po\u0142\u0105czy\u0107 si\u0119 z innymi, mog\u0105 wybra\u0107 stron\u0119 internetow\u0105, kt\u00f3ra pomo\u017ce budowa\u0107 mi\u0142o\u015b\u0107, romans i przyja\u017a\u0144.<\/p>\n<h2>Jak korzysta\u0107 z Chatville?<\/h2>\n<p>Nowi cz\u0142onkowie, kt\u00f3rzy chc\u0105 korzysta\u0107 z Chatville, powinni jak najszybciej odwiedzi\u0107 stron\u0119 internetow\u0105 w celu utworzenia konta. Mog\u0105 nawet dostosowa\u0107 swoje profile i doda\u0107 szczeg\u00f3\u0142y o sobie, aby wywrze\u0107 wp\u0142yw na innych. Platforma internetowa pozwala u\u017cytkownikom zaprasza\u0107 znajomych z listy kontakt\u00f3w lub medi\u00f3w spo\u0142eczno\u015bciowych, kt\u00f3re pomagaj\u0105 z \u0142atwo\u015bci\u0105 znale\u017a\u0107 osoby o podobnych pogl\u0105dach. U\u017cytkownicy mog\u0105 rozpocz\u0105\u0107 rozmow\u0119 z innymi po wprowadzeniu <a href=\"https:\/\/strangercam.com\/pl\/chatroulette\/\">czat<\/a> pok\u00f3j. Ponadto mog\u0105 korzysta\u0107 z <a href=\"https:\/\/strangercam.com\/pl\/rabbit-video-chat\/\">wideo<\/a> W ten spos\u00f3b mo\u017cna rozmawia\u0107 z innymi, aby dzieli\u0107 si\u0119 swoimi pomys\u0142ami i innymi rzeczami. Kolejn\u0105 zalet\u0105 strony jest to, \u017ce daje ona mo\u017cliwo\u015b\u0107 \u0142atwego spotykania si\u0119 z przyjaci\u00f3\u0142mi w danej lokalizacji po ich zidentyfikowaniu.<\/p>\n<h3>Jakie s\u0105 cechy Chatville?<\/h3>\n<p>Serwis randkowy oferuje unikalne funkcje dla u\u017cytkownik\u00f3w, kt\u00f3re pozwalaj\u0105 im uzyska\u0107 lepsze wra\u017cenia z czatowania. Niekt\u00f3re z nich obejmuj\u0105 dost\u0119p na ca\u0142ym \u015bwiecie, <a href=\"https:\/\/strangercam.com\/pl\/chat4free\/\">darmowy<\/a> rejestracja, bezpiecze\u0144stwo, prywatno\u015b\u0107, emoji, wiadomo\u015bci tekstowe i tak dalej. Posiada r\u00f3\u017cne czaty, w kt\u00f3rych mo\u017cna rozmawia\u0107 z wieloma gor\u0105cymi ch\u0142opcami i dziewczynami. <a href=\"https:\/\/strangercam.com\/pl\/video-chat-with-girls\/\">dziewczyny<\/a>. Ponadto u\u017cytkownicy mog\u0105 kupowa\u0107 tokeny na samej stronie internetowej, aby zosta\u0107 cz\u0142onkiem. Ka\u017cdy, kto chce zosta\u0107 cz\u0142onkiem VIP, powinien kupi\u0107 co najmniej 270 token\u00f3w. Nowi u\u017cytkownicy mog\u0105 swobodnie wchodzi\u0107 do ka\u017cdego pokoju, ale powinni zna\u0107 ograniczenia przed odwiedzeniem czatu cz\u0142onkowskiego.<\/p>\n<h3>Czy Chatville jest bezpieczny?<\/h3>\n<p>Bezpiecze\u0144stwo jest najwa\u017cniejsz\u0105 cech\u0105, kt\u00f3r\u0105 nale\u017cy wzi\u0105\u0107 pod uwag\u0119 przy wyborze portalu randkowego. Chatville oferuje wysoki poziom ochrony dla u\u017cytkownik\u00f3w, kt\u00f3rzy chc\u0105 prowadzi\u0107 rozmowy z innymi. Poza tym mog\u0105 oni zg\u0142asza\u0107 do zespo\u0142u obs\u0142ugi klienta, gdy kto\u015b zachowuje si\u0119 niegrzecznie. Witryna pomaga w znacznym stopniu kontrolowa\u0107 ludzi, co daje sposoby na uzyskanie optymalnych wynik\u00f3w. Blokuje osoby, kt\u00f3re maj\u0105 wiele kont, pomagaj\u0105c w ten spos\u00f3b zapewni\u0107 wi\u0119ksze bezpiecze\u0144stwo. U\u017cytkownicy mog\u0105 zaprasza\u0107 innych do swoich pokoj\u00f3w, wysy\u0142aj\u0105c e-maile. Opcja filtrowania dost\u0119pna na stronie pozwala u\u017cytkownikom wybra\u0107 p\u0142e\u0107 lub grup\u0119 wiekow\u0105 na podstawie ich wybor\u00f3w.<\/p>","protected":false},"excerpt":{"rendered":"<p>A dating website allows users not only to find friends but also helps to build long-distance relationships with others. Chatville is a webcam application meant for those who want to meet interesting persons in different parts of the world with ease. The website gives ways to make new friends from different walks of life with [&hellip;]<\/p>\n","protected":false},"author":6,"featured_media":559,"parent":0,"menu_order":0,"comment_status":"closed","ping_status":"closed","template":"","meta":{"footnotes":""},"class_list":["post-3215","page","type-page","status-publish","has-post-thumbnail","hentry"],"yoast_head":"<!-- This site is optimized with the Yoast SEO plugin v27.4 - https:\/\/yoast.com\/product\/yoast-seo-wordpress\/ -->\n<title>Chatville - Most Popular Video Chats - Cam on StrangerCam.com<\/title>\n<meta name=\"description\" content=\"Like Chatville? Come chat with more than 5.000.000 strangers on Stranger Cam for Free! Turn on your cam and find new friends &amp; maby a match!\" \/>\n<meta name=\"robots\" content=\"index, follow, max-snippet:-1, max-image-preview:large, max-video-preview:-1\" \/>\n<link rel=\"canonical\" href=\"https:\/\/strangercam.com\/pl\/chatville\/\" \/>\n<meta property=\"og:locale\" content=\"pl_PL\" \/>\n<meta property=\"og:type\" content=\"article\" \/>\n<meta property=\"og:title\" content=\"Chatville - Most Popular Video Chats - Cam on StrangerCam.com\" \/>\n<meta property=\"og:description\" content=\"Like Chatville? Come chat with more than 5.000.000 strangers on Stranger Cam for Free! Turn on your cam and find new friends &amp; maby a match!\" \/>\n<meta property=\"og:url\" content=\"https:\/\/strangercam.com\/pl\/chatville\/\" \/>\n<meta property=\"og:site_name\" content=\"Strangercam\" \/>\n<meta property=\"article:publisher\" content=\"https:\/\/www.facebook.com\/strangercam\" \/>\n<meta property=\"article:modified_time\" content=\"2023-08-21T10:24:41+00:00\" \/>\n<meta property=\"og:image\" content=\"https:\/\/strangercam.com\/wp-content\/uploads\/2020\/11\/stranger-cam-1.png\" \/>\n\t<meta property=\"og:image:width\" content=\"800\" \/>\n\t<meta property=\"og:image:height\" content=\"800\" \/>\n\t<meta property=\"og:image:type\" content=\"image\/png\" \/>\n<meta name=\"twitter:card\" content=\"summary_large_image\" \/>\n<meta name=\"twitter:site\" content=\"@strangercamapp\" \/>\n<meta name=\"twitter:label1\" content=\"Szacowany czas czytania\" \/>\n\t<meta name=\"twitter:data1\" content=\"2 minuty\" \/>\n<script type=\"application\/ld+json\" class=\"yoast-schema-graph\">{\"@context\":\"https:\\\/\\\/schema.org\",\"@graph\":[{\"@type\":\"WebPage\",\"@id\":\"https:\\\/\\\/strangercam.com\\\/chatville\\\/\",\"url\":\"https:\\\/\\\/strangercam.com\\\/chatville\\\/\",\"name\":\"Chatville - Most Popular Video Chats - Cam on StrangerCam.com\",\"isPartOf\":{\"@id\":\"https:\\\/\\\/strangercam.com\\\/#website\"},\"primaryImageOfPage\":{\"@id\":\"https:\\\/\\\/strangercam.com\\\/chatville\\\/#primaryimage\"},\"image\":{\"@id\":\"https:\\\/\\\/strangercam.com\\\/chatville\\\/#primaryimage\"},\"thumbnailUrl\":\"https:\\\/\\\/strangercam.com\\\/wp-content\\\/uploads\\\/2020\\\/11\\\/stranger-cam-1.png\",\"datePublished\":\"2021-05-09T19:26:42+00:00\",\"dateModified\":\"2023-08-21T10:24:41+00:00\",\"description\":\"Like Chatville? Come chat with more than 5.000.000 strangers on Stranger Cam for Free! Turn on your cam and find new friends & maby a match!\",\"breadcrumb\":{\"@id\":\"https:\\\/\\\/strangercam.com\\\/chatville\\\/#breadcrumb\"},\"inLanguage\":\"pl-PL\",\"potentialAction\":[{\"@type\":\"ReadAction\",\"target\":[\"https:\\\/\\\/strangercam.com\\\/chatville\\\/\"]}]},{\"@type\":\"ImageObject\",\"inLanguage\":\"pl-PL\",\"@id\":\"https:\\\/\\\/strangercam.com\\\/chatville\\\/#primaryimage\",\"url\":\"https:\\\/\\\/strangercam.com\\\/wp-content\\\/uploads\\\/2020\\\/11\\\/stranger-cam-1.png\",\"contentUrl\":\"https:\\\/\\\/strangercam.com\\\/wp-content\\\/uploads\\\/2020\\\/11\\\/stranger-cam-1.png\",\"width\":800,\"height\":800,\"caption\":\"stranger cam random video chat\"},{\"@type\":\"BreadcrumbList\",\"@id\":\"https:\\\/\\\/strangercam.com\\\/chatville\\\/#breadcrumb\",\"itemListElement\":[{\"@type\":\"ListItem\",\"position\":1,\"name\":\"Home\",\"item\":\"https:\\\/\\\/strangercam.com\\\/\"},{\"@type\":\"ListItem\",\"position\":2,\"name\":\"Chatville\"}]},{\"@type\":\"WebSite\",\"@id\":\"https:\\\/\\\/strangercam.com\\\/#website\",\"url\":\"https:\\\/\\\/strangercam.com\\\/\",\"name\":\"Strangercam\",\"description\":\"Random Video Chat with Strangers\",\"publisher\":{\"@id\":\"https:\\\/\\\/strangercam.com\\\/#organization\"},\"alternateName\":\"Strangercam.com\",\"potentialAction\":[{\"@type\":\"SearchAction\",\"target\":{\"@type\":\"EntryPoint\",\"urlTemplate\":\"https:\\\/\\\/strangercam.com\\\/?s={search_term_string}\"},\"query-input\":{\"@type\":\"PropertyValueSpecification\",\"valueRequired\":true,\"valueName\":\"search_term_string\"}}],\"inLanguage\":\"pl-PL\"},{\"@type\":\"Organization\",\"@id\":\"https:\\\/\\\/strangercam.com\\\/#organization\",\"name\":\"Strangercam\",\"alternateName\":\"Strangercam.com\",\"url\":\"https:\\\/\\\/strangercam.com\\\/\",\"logo\":{\"@type\":\"ImageObject\",\"inLanguage\":\"pl-PL\",\"@id\":\"https:\\\/\\\/strangercam.com\\\/#\\\/schema\\\/logo\\\/image\\\/\",\"url\":\"https:\\\/\\\/strangercam.com\\\/wp-content\\\/uploads\\\/2020\\\/11\\\/cropped-new-favicon-black.png\",\"contentUrl\":\"https:\\\/\\\/strangercam.com\\\/wp-content\\\/uploads\\\/2020\\\/11\\\/cropped-new-favicon-black.png\",\"width\":512,\"height\":512,\"caption\":\"Strangercam\"},\"image\":{\"@id\":\"https:\\\/\\\/strangercam.com\\\/#\\\/schema\\\/logo\\\/image\\\/\"},\"sameAs\":[\"https:\\\/\\\/www.facebook.com\\\/strangercam\",\"https:\\\/\\\/x.com\\\/strangercamapp\"]}]}<\/script>\n<!-- \/ Yoast SEO plugin. -->","yoast_head_json":{"title":"Chatville - Najpopularniejsze czaty wideo - Kamera na StrangerCam.com","description":"Jak Chatville? Przyjd\u017a na czat z ponad 5.000.000 nieznajomych na Stranger Cam za darmo! W\u0142\u0105cz kamer\u0119 i znajd\u017a nowych przyjaci\u00f3\u0142 i mo\u017ce mecz!","robots":{"index":"index","follow":"follow","max-snippet":"max-snippet:-1","max-image-preview":"max-image-preview:large","max-video-preview":"max-video-preview:-1"},"canonical":"https:\/\/strangercam.com\/pl\/chatville\/","og_locale":"pl_PL","og_type":"article","og_title":"Chatville - Most Popular Video Chats - Cam on StrangerCam.com","og_description":"Like Chatville? Come chat with more than 5.000.000 strangers on Stranger Cam for Free! Turn on your cam and find new friends & maby a match!","og_url":"https:\/\/strangercam.com\/pl\/chatville\/","og_site_name":"Strangercam","article_publisher":"https:\/\/www.facebook.com\/strangercam","article_modified_time":"2023-08-21T10:24:41+00:00","og_image":[{"width":800,"height":800,"url":"https:\/\/strangercam.com\/wp-content\/uploads\/2020\/11\/stranger-cam-1.png","type":"image\/png"}],"twitter_card":"summary_large_image","twitter_site":"@strangercamapp","twitter_misc":{"Szacowany czas czytania":"2 minuty"},"schema":{"@context":"https:\/\/schema.org","@graph":[{"@type":"WebPage","@id":"https:\/\/strangercam.com\/chatville\/","url":"https:\/\/strangercam.com\/chatville\/","name":"Chatville - Najpopularniejsze czaty wideo - Kamera na StrangerCam.com","isPartOf":{"@id":"https:\/\/strangercam.com\/#website"},"primaryImageOfPage":{"@id":"https:\/\/strangercam.com\/chatville\/#primaryimage"},"image":{"@id":"https:\/\/strangercam.com\/chatville\/#primaryimage"},"thumbnailUrl":"https:\/\/strangercam.com\/wp-content\/uploads\/2020\/11\/stranger-cam-1.png","datePublished":"2021-05-09T19:26:42+00:00","dateModified":"2023-08-21T10:24:41+00:00","description":"Jak Chatville? Przyjd\u017a na czat z ponad 5.000.000 nieznajomych na Stranger Cam za darmo! W\u0142\u0105cz kamer\u0119 i znajd\u017a nowych przyjaci\u00f3\u0142 i mo\u017ce mecz!","breadcrumb":{"@id":"https:\/\/strangercam.com\/chatville\/#breadcrumb"},"inLanguage":"pl-PL","potentialAction":[{"@type":"ReadAction","target":["https:\/\/strangercam.com\/chatville\/"]}]},{"@type":"ImageObject","inLanguage":"pl-PL","@id":"https:\/\/strangercam.com\/chatville\/#primaryimage","url":"https:\/\/strangercam.com\/wp-content\/uploads\/2020\/11\/stranger-cam-1.png","contentUrl":"https:\/\/strangercam.com\/wp-content\/uploads\/2020\/11\/stranger-cam-1.png","width":800,"height":800,"caption":"stranger cam random video chat"},{"@type":"BreadcrumbList","@id":"https:\/\/strangercam.com\/chatville\/#breadcrumb","itemListElement":[{"@type":"ListItem","position":1,"name":"Home","item":"https:\/\/strangercam.com\/"},{"@type":"ListItem","position":2,"name":"Chatville"}]},{"@type":"WebSite","@id":"https:\/\/strangercam.com\/#website","url":"https:\/\/strangercam.com\/","name":"Strangercam","description":"Losowy czat wideo z nieznajomymi","publisher":{"@id":"https:\/\/strangercam.com\/#organization"},"alternateName":"Strangercam.com","potentialAction":[{"@type":"SearchAction","target":{"@type":"EntryPoint","urlTemplate":"https:\/\/strangercam.com\/?s={search_term_string}"},"query-input":{"@type":"PropertyValueSpecification","valueRequired":true,"valueName":"search_term_string"}}],"inLanguage":"pl-PL"},{"@type":"Organization","@id":"https:\/\/strangercam.com\/#organization","name":"Strangercam","alternateName":"Strangercam.com","url":"https:\/\/strangercam.com\/","logo":{"@type":"ImageObject","inLanguage":"pl-PL","@id":"https:\/\/strangercam.com\/#\/schema\/logo\/image\/","url":"https:\/\/strangercam.com\/wp-content\/uploads\/2020\/11\/cropped-new-favicon-black.png","contentUrl":"https:\/\/strangercam.com\/wp-content\/uploads\/2020\/11\/cropped-new-favicon-black.png","width":512,"height":512,"caption":"Strangercam"},"image":{"@id":"https:\/\/strangercam.com\/#\/schema\/logo\/image\/"},"sameAs":["https:\/\/www.facebook.com\/strangercam","https:\/\/x.com\/strangercamapp"]}]}},"_links":{"self":[{"href":"https:\/\/strangercam.com\/pl\/wp-json\/wp\/v2\/pages\/3215","targetHints":{"allow":["GET"]}}],"collection":[{"href":"https:\/\/strangercam.com\/pl\/wp-json\/wp\/v2\/pages"}],"about":[{"href":"https:\/\/strangercam.com\/pl\/wp-json\/wp\/v2\/types\/page"}],"author":[{"embeddable":true,"href":"https:\/\/strangercam.com\/pl\/wp-json\/wp\/v2\/users\/6"}],"replies":[{"embeddable":true,"href":"https:\/\/strangercam.com\/pl\/wp-json\/wp\/v2\/comments?post=3215"}],"version-history":[{"count":0,"href":"https:\/\/strangercam.com\/pl\/wp-json\/wp\/v2\/pages\/3215\/revisions"}],"wp:featuredmedia":[{"embeddable":true,"href":"https:\/\/strangercam.com\/pl\/wp-json\/wp\/v2\/media\/559"}],"wp:attachment":[{"href":"https:\/\/strangercam.com\/pl\/wp-json\/wp\/v2\/media?parent=3215"}],"curies":[{"name":"wp","href":"https:\/\/api.w.org\/{rel}","templated":true}]}}