{"id":3197,"date":"2021-05-09T21:20:36","date_gmt":"2021-05-09T19:20:36","guid":{"rendered":"https:\/\/strangercam.com\/?page_id=3197"},"modified":"2023-08-21T12:24:41","modified_gmt":"2023-08-21T10:24:41","slug":"chatous","status":"publish","type":"page","link":"https:\/\/strangercam.com\/pl\/chatous\/","title":{"rendered":"Chatous"},"content":{"rendered":"<p>Portal randkowy to odpowiednie miejsce dla tych, kt\u00f3rzy chc\u0105 <a href=\"https:\/\/strangercam.com\/pl\/coomeet\/\">spotkanie<\/a> ich wymarzone osoby, je\u015bli chodzi o zwi\u0105zki na odleg\u0142o\u015b\u0107. Jednocze\u015bnie nie wszystkie serwisy randkowe s\u0105 takie same i wymagaj\u0105 wi\u0119kszej uwagi. Wyb\u00f3r odpowiedniego portalu randkowego pozwala u\u017cytkownikom nawi\u0105zywa\u0107 nowe znajomo\u015bci i towarzystwo z r\u00f3\u017cnych dziedzin \u017cycia.<\/p>\n<p>W ludzkiej naturze istnieje naturalna potrzeba rozmawiania z nieznajomymi i dzielenia si\u0119 do\u015bwiadczeniami. Nie mo\u017cna tego ukrywa\u0107 przez d\u0142u\u017cszy czas. W ko\u0144cu trzeba p\u00f3j\u015b\u0107 w tym kierunku. W tym zdigitalizowanym \u015bwiecie jest to dost\u0119pne jak nigdy dot\u0105d. Chatous przyni\u00f3s\u0142 pot\u0119\u017cny system po\u0142\u0105czony ze sztuczn\u0105 inteligencj\u0105, aby pom\u00f3c spe\u0142ni\u0107 marzenia o rozmowach z nieznajomymi.<\/p>\n<p>Portal randkowy Chatous oferuje doskona\u0142e funkcje dla ch\u0142opc\u00f3w,\u00a0<a href=\"https:\/\/strangercam.com\/pl\/wideo-rozmowa-z-dziewczynami\/\">dziewczyny<\/a>W ten spos\u00f3b mo\u017cna szybko zidentyfikowa\u0107 osoby, kt\u00f3re szukaj\u0105 przyja\u017ani, zabawy lub mi\u0142o\u015bci. Witryna oferuje sposoby interakcji z innymi, aby pozna\u0107 ich zainteresowania i inne szczeg\u00f3\u0142y.<\/p>\n<h2>Prywatno\u015b\u0107 i kontrola<\/h2>\n<p>G\u0142\u00f3wnym zmartwieniem u\u017cytkownik\u00f3w, kt\u00f3rzy chc\u0105 korzysta\u0107 z platformy do czatowania online, jest prywatno\u015b\u0107 i bezpiecze\u0144stwo. Martwi\u0105 si\u0119, \u017ce zostan\u0105 zdemaskowani. Nikt nie chce anga\u017cowa\u0107 si\u0119 w nic, nie wiedz\u0105c, \u017ce jest bezpieczny.<\/p>\n<p>Serwisy randkowe Chatous proponuj\u0105 trwa\u0142e rozwi\u0105zania tego problemu u\u017cytkownik\u00f3w. Maj\u0105 silny system prywatno\u015bci i kontroli. Mo\u017cesz wybra\u0107, z kim chcesz rozmawia\u0107, a kogo chcesz ignorowa\u0107. Je\u015bli dana osoba zachowuje si\u0119 w spos\u00f3b seksualny i nie podobaj\u0105 ci si\u0119 jej ruchy, mo\u017cesz bezpo\u015brednio zg\u0142osi\u0107 t\u0119 osob\u0119 urz\u0119dnikom. Nast\u0119pnie podejm\u0105 oni niezb\u0119dne dzia\u0142ania przeciwko tej osobie.<\/p>\n<p>Chatous nie jest zbyt rygorystyczny, je\u015bli chodzi o zbieranie informacji o odwiedzaj\u0105cych. W ich polityce prywatno\u015bci wyra\u017anie wspomniano, \u017ce \"korzystaj\u0105c z Chatous, u\u017cytkownik wyra\u017anie wyra\u017ca zgod\u0119 na praktyki przetwarzania informacji opisane w niniejszej Polityce prywatno\u015bci\". Istniej\u0105 pewne luki w polityce prywatno\u015bci i udost\u0119pniania danych Chatous. Ze strony internetowej jasno wynika, \u017ce \"Istniej\u0105 jednak pewne okoliczno\u015bci, w kt\u00f3rych mo\u017cemy udost\u0119pnia\u0107 Twoje dane niekt\u00f3rym stronom trzecim bez dalszego powiadomienia\".<\/p>\n<h2>Logowanie i u\u017cytkowanie<\/h2>\n<p>Chatous oferuje prosty proces logowania. Najpierw nale\u017cy utworzy\u0107 konto. Aby rozpocz\u0105\u0107 czat, nale\u017cy zalogowa\u0107 si\u0119 na swoje konto. Musisz wybra\u0107 nazw\u0119 u\u017cytkownika, a nast\u0119pnie has\u0142o, aby zapewni\u0107 bezpiecze\u0144stwo swojego konta.<\/p>\n<p>Z funkcji mo\u017cna korzysta\u0107 bezpo\u015brednio po zalogowaniu. Witryna oferuje opcje p\u0142ci do wyboru. Mo\u017cesz wybra\u0107 p\u0142e\u0107 m\u0119sk\u0105 lub \u017ce\u0144sk\u0105 zgodnie z w\u0142asnymi upodobaniami. Musisz poda\u0107 sw\u00f3j wiek. Wiek jest wymagany, aby u\u017cytkownik siedz\u0105cy po drugiej stronie m\u00f3g\u0142 zobaczy\u0107 Tw\u00f3j wiek i odpowiednio zdecydowa\u0107.<\/p>\n<h2>Poznawanie nowych przyjaci\u00f3\u0142<\/h2>\n<p>Nawi\u0105zywanie nowych znajomo\u015bci to zawsze \u015bwietna zabawa. Mo\u017cesz rozmawia\u0107 z nieznajomymi na ca\u0142ym \u015bwiecie za pomoc\u0105 strony internetowej. Je\u015bli chcesz wiedzie\u0107, co dzieje si\u0119 w innych krajach i jakie kultury inni ludzie uwielbiaj\u0105 i lubi\u0105, powiniene\u015b skorzysta\u0107 z tej strony, aby porozmawia\u0107 z lud\u017ami.<\/p>\n<p>Witryna przekieruje Ci\u0119 do najbardziej odpowiedniej osoby, korzystaj\u0105c z podanych informacji. Nast\u0119pnie mo\u017cesz z ni\u0105 porozmawia\u0107 lub przej\u015b\u0107 do nast\u0119pnej osoby, je\u015bli pierwsza Ci si\u0119 nie spodoba.<\/p>\n<h2>Grupowe lub losowe<\/h2>\n<p>Mo\u017cna r\u00f3wnie\u017c wybra\u0107 <a href=\"https:\/\/strangercam.com\/pl\/chatroulette\/\">czat<\/a> w grupach lub pozwoli\u0107 systemowi sztucznej inteligencji na losowy wyb\u00f3r osoby. Obie te funkcje s\u0105 zabawne i zwi\u0119kszaj\u0105 szanse na potencjalne dopasowanie.<\/p>\n<p>Je\u015bli jeste\u015b ekstrawertykiem i lubisz przebywa\u0107 w\u015br\u00f3d ludzi, czat grupowy jest dla ciebie. W losowym wyborze chodzi bardziej o zabaw\u0119 i niespodziank\u0119.<br \/>\nJakie s\u0105 funkcje serwisu randkowego Chatous?<\/p>\n<p>Witryna randkowa oferuje unikalne funkcje dla u\u017cytkownik\u00f3w, pokazuj\u0105c w ten spos\u00f3b sposoby identyfikacji podobnie my\u015bl\u0105cych os\u00f3b, kt\u00f3re dziel\u0105 codzienne rzeczy. System dopasowywania zapewnia metody czatowania z przypadkowymi osobami lub nowymi znajomymi. Co wi\u0119cej, witryna umo\u017cliwia u\u017cytkownikom wysy\u0142anie wysokiej jako\u015bci zdj\u0119\u0107 do partnera na czacie za pomoc\u0105 kamery internetowej. Kolejn\u0105 zalet\u0105 witryny jest to, \u017ce umo\u017cliwia ona filtrowanie profili na podstawie ich lokalizacji, wieku, p\u0142ci i innych istotnych czynnik\u00f3w. U\u017cytkownicy mog\u0105 nawet wybra\u0107 hashtag, aby om\u00f3wi\u0107 temat z innymi, co pomo\u017ce rozwin\u0105\u0107 relacje.<\/p>\n<h2>Dodatkowe udogodnienia dost\u0119pne na stronie randkowej Chatous<\/h2>\n<p>Nowi cz\u0142onkowie mog\u0105 korzysta\u0107 z\u00a0<a href=\"https:\/\/strangercam.com\/pl\/chathub\/\">Losowy czat wideo<\/a> z mikrofonem i kamer\u0105. Witryna umo\u017cliwia r\u00f3wnie\u017c u\u017cytkownikom wysy\u0142anie wiadomo\u015bci tekstowych do innych os\u00f3b po ich odpowiednim wyselekcjonowaniu. Funkcja czatu tekstowego umo\u017cliwia wysy\u0142anie kr\u00f3tkich film\u00f3w, zdj\u0119\u0107 i wiadomo\u015bci g\u0142osowych do innych os\u00f3b. Jest wyposa\u017cony w innowacyjny, przyjazny dla u\u017cytkownika interfejs, kt\u00f3ry pozwala u\u017cytkownikom z \u0142atwo\u015bci\u0105 porusza\u0107 si\u0119 po nim na komputerach stacjonarnych i innych urz\u0105dzeniach. Ponadto cz\u0142onkowie b\u0119d\u0105 otrzymywa\u0107 powiadomienia w czasie rzeczywistym po utworzeniu konta w prostych krokach. Witryna oferuje u\u017cytkownikom chronion\u0105 to\u017csamo\u015b\u0107 i anonimowo\u015b\u0107, aby zminimalizowa\u0107 niepo\u017c\u0105dane problemy.<\/p>\n<h2>Jakie s\u0105 wady serwisu randkowego Chatous?<\/h2>\n<p>Chocia\u017c serwisy randkowe Chatous oferuj\u0105 u\u017cytkownikom kilka zalet, powinni oni r\u00f3wnie\u017c szczeg\u00f3\u0142owo pozna\u0107 ich wady. W aplikacji znajduje si\u0119 kilka kobiecych bot\u00f3w, kt\u00f3re zabior\u0105 u\u017cytkownik\u00f3w do niekt\u00f3rych <a href=\"https:\/\/strangercam.com\/pl\/rabbit-video-chat\/\">czat wideo<\/a> platform lub stron internetowych. Poza tym u\u017cytkownicy powinni przywi\u0105zywa\u0107 wi\u0119ksz\u0105 wag\u0119 do bezpiecze\u0144stwa podczas korzystania z witryny na komputerach stacjonarnych i urz\u0105dzeniach mobilnych. Nowi u\u017cytkownicy powinni przeczyta\u0107 recenzje przed utworzeniem konta. Funkcja hashtag\u00f3w ma kilka niedoci\u0105gni\u0119\u0107, a u\u017cytkownicy musz\u0105 by\u0107 ich \u015bwiadomi, gdy chc\u0105 rozmawia\u0107 z innymi. Mo\u017cna wybra\u0107 stron\u0119 internetow\u0105, aby om\u00f3wi\u0107 wi\u0119cej temat\u00f3w z kompatybilnymi osobami, kt\u00f3re b\u0119d\u0105 budowa\u0107 wi\u0119zi i relacje.<\/p>","protected":false},"excerpt":{"rendered":"<p>A dating website is a suitable place for those who want to meet their dream persons when it comes to long-distance relationships. At the same time, not all dating websites are the same that require more attention. Choosing the right dating website allows users to make new friends and companions from several streams of life. [&hellip;]<\/p>\n","protected":false},"author":6,"featured_media":559,"parent":0,"menu_order":0,"comment_status":"closed","ping_status":"closed","template":"","meta":{"footnotes":""},"class_list":["post-3197","page","type-page","status-publish","has-post-thumbnail","hentry"],"yoast_head":"<!-- This site is optimized with the Yoast SEO plugin v26.9 - https:\/\/yoast.com\/product\/yoast-seo-wordpress\/ -->\n<title>Chatous - Most Popular Video Chats - Cam on StrangerCam.com<\/title>\n<meta name=\"description\" content=\"Like Chatous? Come chat with more than 5.000.000 strangers on Stranger Cam for Free! Turn on your cam and find new friends &amp; maby a match!\" \/>\n<meta name=\"robots\" content=\"index, follow, max-snippet:-1, max-image-preview:large, max-video-preview:-1\" \/>\n<link rel=\"canonical\" href=\"https:\/\/strangercam.com\/pl\/chatous\/\" \/>\n<meta property=\"og:locale\" content=\"pl_PL\" \/>\n<meta property=\"og:type\" content=\"article\" \/>\n<meta property=\"og:title\" content=\"Chatous - Most Popular Video Chats - Cam on StrangerCam.com\" \/>\n<meta property=\"og:description\" content=\"Like Chatous? Come chat with more than 5.000.000 strangers on Stranger Cam for Free! Turn on your cam and find new friends &amp; maby a match!\" \/>\n<meta property=\"og:url\" content=\"https:\/\/strangercam.com\/pl\/chatous\/\" \/>\n<meta property=\"og:site_name\" content=\"Strangercam\" \/>\n<meta property=\"article:publisher\" content=\"https:\/\/www.facebook.com\/strangercam\" \/>\n<meta property=\"article:modified_time\" content=\"2023-08-21T10:24:41+00:00\" \/>\n<meta property=\"og:image\" content=\"https:\/\/strangercam.com\/wp-content\/uploads\/2020\/11\/stranger-cam-1.png\" \/>\n\t<meta property=\"og:image:width\" content=\"800\" \/>\n\t<meta property=\"og:image:height\" content=\"800\" \/>\n\t<meta property=\"og:image:type\" content=\"image\/png\" \/>\n<meta name=\"twitter:card\" content=\"summary_large_image\" \/>\n<meta name=\"twitter:site\" content=\"@strangercamapp\" \/>\n<meta name=\"twitter:label1\" content=\"Szacowany czas czytania\" \/>\n\t<meta name=\"twitter:data1\" content=\"4 minuty\" \/>\n<script type=\"application\/ld+json\" class=\"yoast-schema-graph\">{\"@context\":\"https:\/\/schema.org\",\"@graph\":[{\"@type\":\"WebPage\",\"@id\":\"https:\/\/strangercam.com\/chatous\/\",\"url\":\"https:\/\/strangercam.com\/chatous\/\",\"name\":\"Chatous - Most Popular Video Chats - Cam on StrangerCam.com\",\"isPartOf\":{\"@id\":\"https:\/\/strangercam.com\/#website\"},\"primaryImageOfPage\":{\"@id\":\"https:\/\/strangercam.com\/chatous\/#primaryimage\"},\"image\":{\"@id\":\"https:\/\/strangercam.com\/chatous\/#primaryimage\"},\"thumbnailUrl\":\"https:\/\/strangercam.com\/wp-content\/uploads\/2020\/11\/stranger-cam-1.png\",\"datePublished\":\"2021-05-09T19:20:36+00:00\",\"dateModified\":\"2023-08-21T10:24:41+00:00\",\"description\":\"Like Chatous? Come chat with more than 5.000.000 strangers on Stranger Cam for Free! Turn on your cam and find new friends & maby a match!\",\"breadcrumb\":{\"@id\":\"https:\/\/strangercam.com\/chatous\/#breadcrumb\"},\"inLanguage\":\"pl-PL\",\"potentialAction\":[{\"@type\":\"ReadAction\",\"target\":[\"https:\/\/strangercam.com\/chatous\/\"]}]},{\"@type\":\"ImageObject\",\"inLanguage\":\"pl-PL\",\"@id\":\"https:\/\/strangercam.com\/chatous\/#primaryimage\",\"url\":\"https:\/\/strangercam.com\/wp-content\/uploads\/2020\/11\/stranger-cam-1.png\",\"contentUrl\":\"https:\/\/strangercam.com\/wp-content\/uploads\/2020\/11\/stranger-cam-1.png\",\"width\":800,\"height\":800,\"caption\":\"stranger cam random video chat\"},{\"@type\":\"BreadcrumbList\",\"@id\":\"https:\/\/strangercam.com\/chatous\/#breadcrumb\",\"itemListElement\":[{\"@type\":\"ListItem\",\"position\":1,\"name\":\"Home\",\"item\":\"https:\/\/strangercam.com\/\"},{\"@type\":\"ListItem\",\"position\":2,\"name\":\"Chatous\"}]},{\"@type\":\"WebSite\",\"@id\":\"https:\/\/strangercam.com\/#website\",\"url\":\"https:\/\/strangercam.com\/\",\"name\":\"Strangercam\",\"description\":\"Random Video Chat with Strangers\",\"publisher\":{\"@id\":\"https:\/\/strangercam.com\/#organization\"},\"alternateName\":\"Strangercam.com\",\"potentialAction\":[{\"@type\":\"SearchAction\",\"target\":{\"@type\":\"EntryPoint\",\"urlTemplate\":\"https:\/\/strangercam.com\/?s={search_term_string}\"},\"query-input\":{\"@type\":\"PropertyValueSpecification\",\"valueRequired\":true,\"valueName\":\"search_term_string\"}}],\"inLanguage\":\"pl-PL\"},{\"@type\":\"Organization\",\"@id\":\"https:\/\/strangercam.com\/#organization\",\"name\":\"Strangercam\",\"alternateName\":\"Strangercam.com\",\"url\":\"https:\/\/strangercam.com\/\",\"logo\":{\"@type\":\"ImageObject\",\"inLanguage\":\"pl-PL\",\"@id\":\"https:\/\/strangercam.com\/#\/schema\/logo\/image\/\",\"url\":\"https:\/\/strangercam.com\/wp-content\/uploads\/2020\/11\/cropped-new-favicon-black.png\",\"contentUrl\":\"https:\/\/strangercam.com\/wp-content\/uploads\/2020\/11\/cropped-new-favicon-black.png\",\"width\":512,\"height\":512,\"caption\":\"Strangercam\"},\"image\":{\"@id\":\"https:\/\/strangercam.com\/#\/schema\/logo\/image\/\"},\"sameAs\":[\"https:\/\/www.facebook.com\/strangercam\",\"https:\/\/x.com\/strangercamapp\"]}]}<\/script>\n<!-- \/ Yoast SEO plugin. -->","yoast_head_json":{"title":"Chatous - Najpopularniejsze czaty wideo - Kamera na StrangerCam.com","description":"Jak Chatous? Przyjd\u017a na czat z ponad 5.000.000 nieznajomych na Stranger Cam za darmo! W\u0142\u0105cz kamer\u0119 i znajd\u017a nowych przyjaci\u00f3\u0142 i mo\u017ce mecz!","robots":{"index":"index","follow":"follow","max-snippet":"max-snippet:-1","max-image-preview":"max-image-preview:large","max-video-preview":"max-video-preview:-1"},"canonical":"https:\/\/strangercam.com\/pl\/chatous\/","og_locale":"pl_PL","og_type":"article","og_title":"Chatous - Most Popular Video Chats - Cam on StrangerCam.com","og_description":"Like Chatous? Come chat with more than 5.000.000 strangers on Stranger Cam for Free! Turn on your cam and find new friends & maby a match!","og_url":"https:\/\/strangercam.com\/pl\/chatous\/","og_site_name":"Strangercam","article_publisher":"https:\/\/www.facebook.com\/strangercam","article_modified_time":"2023-08-21T10:24:41+00:00","og_image":[{"width":800,"height":800,"url":"https:\/\/strangercam.com\/wp-content\/uploads\/2020\/11\/stranger-cam-1.png","type":"image\/png"}],"twitter_card":"summary_large_image","twitter_site":"@strangercamapp","twitter_misc":{"Szacowany czas czytania":"4 minuty"},"schema":{"@context":"https:\/\/schema.org","@graph":[{"@type":"WebPage","@id":"https:\/\/strangercam.com\/chatous\/","url":"https:\/\/strangercam.com\/chatous\/","name":"Chatous - Najpopularniejsze czaty wideo - Kamera na StrangerCam.com","isPartOf":{"@id":"https:\/\/strangercam.com\/#website"},"primaryImageOfPage":{"@id":"https:\/\/strangercam.com\/chatous\/#primaryimage"},"image":{"@id":"https:\/\/strangercam.com\/chatous\/#primaryimage"},"thumbnailUrl":"https:\/\/strangercam.com\/wp-content\/uploads\/2020\/11\/stranger-cam-1.png","datePublished":"2021-05-09T19:20:36+00:00","dateModified":"2023-08-21T10:24:41+00:00","description":"Jak Chatous? Przyjd\u017a na czat z ponad 5.000.000 nieznajomych na Stranger Cam za darmo! W\u0142\u0105cz kamer\u0119 i znajd\u017a nowych przyjaci\u00f3\u0142 i mo\u017ce mecz!","breadcrumb":{"@id":"https:\/\/strangercam.com\/chatous\/#breadcrumb"},"inLanguage":"pl-PL","potentialAction":[{"@type":"ReadAction","target":["https:\/\/strangercam.com\/chatous\/"]}]},{"@type":"ImageObject","inLanguage":"pl-PL","@id":"https:\/\/strangercam.com\/chatous\/#primaryimage","url":"https:\/\/strangercam.com\/wp-content\/uploads\/2020\/11\/stranger-cam-1.png","contentUrl":"https:\/\/strangercam.com\/wp-content\/uploads\/2020\/11\/stranger-cam-1.png","width":800,"height":800,"caption":"stranger cam random video chat"},{"@type":"BreadcrumbList","@id":"https:\/\/strangercam.com\/chatous\/#breadcrumb","itemListElement":[{"@type":"ListItem","position":1,"name":"Home","item":"https:\/\/strangercam.com\/"},{"@type":"ListItem","position":2,"name":"Chatous"}]},{"@type":"WebSite","@id":"https:\/\/strangercam.com\/#website","url":"https:\/\/strangercam.com\/","name":"Strangercam","description":"Losowy czat wideo z nieznajomymi","publisher":{"@id":"https:\/\/strangercam.com\/#organization"},"alternateName":"Strangercam.com","potentialAction":[{"@type":"SearchAction","target":{"@type":"EntryPoint","urlTemplate":"https:\/\/strangercam.com\/?s={search_term_string}"},"query-input":{"@type":"PropertyValueSpecification","valueRequired":true,"valueName":"search_term_string"}}],"inLanguage":"pl-PL"},{"@type":"Organization","@id":"https:\/\/strangercam.com\/#organization","name":"Strangercam","alternateName":"Strangercam.com","url":"https:\/\/strangercam.com\/","logo":{"@type":"ImageObject","inLanguage":"pl-PL","@id":"https:\/\/strangercam.com\/#\/schema\/logo\/image\/","url":"https:\/\/strangercam.com\/wp-content\/uploads\/2020\/11\/cropped-new-favicon-black.png","contentUrl":"https:\/\/strangercam.com\/wp-content\/uploads\/2020\/11\/cropped-new-favicon-black.png","width":512,"height":512,"caption":"Strangercam"},"image":{"@id":"https:\/\/strangercam.com\/#\/schema\/logo\/image\/"},"sameAs":["https:\/\/www.facebook.com\/strangercam","https:\/\/x.com\/strangercamapp"]}]}},"_links":{"self":[{"href":"https:\/\/strangercam.com\/pl\/wp-json\/wp\/v2\/pages\/3197","targetHints":{"allow":["GET"]}}],"collection":[{"href":"https:\/\/strangercam.com\/pl\/wp-json\/wp\/v2\/pages"}],"about":[{"href":"https:\/\/strangercam.com\/pl\/wp-json\/wp\/v2\/types\/page"}],"author":[{"embeddable":true,"href":"https:\/\/strangercam.com\/pl\/wp-json\/wp\/v2\/users\/6"}],"replies":[{"embeddable":true,"href":"https:\/\/strangercam.com\/pl\/wp-json\/wp\/v2\/comments?post=3197"}],"version-history":[{"count":0,"href":"https:\/\/strangercam.com\/pl\/wp-json\/wp\/v2\/pages\/3197\/revisions"}],"wp:featuredmedia":[{"embeddable":true,"href":"https:\/\/strangercam.com\/pl\/wp-json\/wp\/v2\/media\/559"}],"wp:attachment":[{"href":"https:\/\/strangercam.com\/pl\/wp-json\/wp\/v2\/media?parent=3197"}],"curies":[{"name":"wp","href":"https:\/\/api.w.org\/{rel}","templated":true}]}}