{"id":3171,"date":"2021-05-09T21:14:34","date_gmt":"2021-05-09T19:14:34","guid":{"rendered":"https:\/\/strangercam.com\/?page_id=3171"},"modified":"2023-08-21T11:40:39","modified_gmt":"2023-08-21T09:40:39","slug":"chatblink","status":"publish","type":"page","link":"https:\/\/strangercam.com\/pl\/chatblink\/","title":{"rendered":"Chatblink"},"content":{"rendered":"<p>Wi\u0119kszo\u015b\u0107 ludzi w dzisiejszych czasach lubi \u0142atwo znajdowa\u0107 nowych przyjaci\u00f3\u0142 w danej lokalizacji. W rezultacie serwisy randkowe zyskuj\u0105 na popularno\u015bci w r\u00f3\u017cnych cz\u0119\u015bciach \u015bwiata, poniewa\u017c zapewniaj\u0105 metody rozwijania mi\u0142o\u015bci i przyja\u017ani z innymi. Konieczna jest jednak ich szczeg\u00f3\u0142owa ocena, kt\u00f3ra pomo\u017ce odpowiednio wybra\u0107 ten w\u0142a\u015bciwy. Portal randkowy Chatblink to w\u0142a\u015bciwe miejsce dla tych, kt\u00f3rzy chc\u0105 wchodzi\u0107 w interakcje z innymi poprzez <a href=\"https:\/\/strangercam.com\/pl\/chatroulette\/\">czat<\/a> pokoje. Jest to <a href=\"https:\/\/strangercam.com\/pl\/chat4free\/\">darmowy<\/a> serwis randkowy umo\u017cliwiaj\u0105cy u\u017cytkownikom <a href=\"https:\/\/strangercam.com\/pl\/coomeet\/\">spotkanie<\/a> nowych przyjaci\u00f3\u0142 z \u0142atwo\u015bci\u0105.<\/p>\n<h2>Jakie s\u0105 najwa\u017cniejsze funkcje serwisu randkowego Chatblink?<\/h2>\n<p>Po utworzeniu konta u\u017cytkownik mo\u017ce znale\u017a\u0107 szeroki wyb\u00f3r pokoj\u00f3w czatowych na tej stronie. Najlepsze jest to, \u017ce pozwala u\u017cytkownikom szybko do\u0142\u0105czy\u0107 do pokoju, kt\u00f3ry odpowiada ich zainteresowaniom. U\u017cytkownicy mog\u0105 umawia\u0107 si\u0119 z atrakcyjnymi m\u0119\u017cczyznami i kobietami z r\u00f3\u017cnych cz\u0119\u015bci \u015bwiata<a href=\"https:\/\/cashpotresulttoday.com\/\">.<\/a> Czat tekstowy to kolejna opcja oferowana przez witryn\u0119, kt\u00f3ra umo\u017cliwia czatowanie z przypadkowymi u\u017cytkownikami online. Interfejs u\u017cytkownika witryny Chatblink jest prosty, umo\u017cliwiaj\u0105c u\u017cytkownikom jak najszybsze rozpocz\u0119cie pracy. Poza tym, strona przyczynia si\u0119 do ochrony danych klient\u00f3w, aby zminimalizowa\u0107 niechciane problemy.<\/p>\n<h3>Jak za\u0142o\u017cy\u0107 konto na stronie?<\/h3>\n<p>Nowi u\u017cytkownicy mog\u0105 utworzy\u0107 konto w witrynie, wprowadzaj\u0105c sw\u00f3j adres e-mail i has\u0142o. Powinni wybra\u0107 nazw\u0119 u\u017cytkownika po okre\u015bleniu p\u0142ci i wieku. Ka\u017cdy, kto posiada konto na Facebooku, mo\u017ce wprowadzi\u0107 nazw\u0119 u\u017cytkownika. <a href=\"https:\/\/strangercam.com\/pl\/chatroom2000\/\">chatroom<\/a> bezpo\u015brednio tak szybko, jak to mo\u017cliwe<a href=\"https:\/\/nlcbplaywheresults.com\/\">.<\/a> Umo\u017cliwia to znaczn\u0105 popraw\u0119 umiej\u0119tno\u015bci j\u0119zykowych i innych rzeczy po interakcji z innymi. Z drugiej strony, przed utworzeniem konta nale\u017cy szczeg\u00f3\u0142owo post\u0119powa\u0107 zgodnie z instrukcjami. Strona jest w\u0142a\u015bciw\u0105 opcj\u0105 dla tych, kt\u00f3rzy chc\u0105 unikn\u0105\u0107 samotno\u015bci i innych problem\u00f3w w \u017cyciu.<\/p>\n<h3>Dlaczego Chatblink jest najlepszym wyborem dla u\u017cytkownik\u00f3w?<\/h3>\n<p>Witryna pozwala u\u017cytkownikom wybiera\u0107 losowe czaty, gdy chc\u0105 rozmawia\u0107 z nieznajomymi z r\u00f3\u017cnych cz\u0119\u015bci \u015bwiata. Zapewnia sposoby na \u0142atwe znalezienie prawdziwych przyjaci\u00f3\u0142 i towarzyszy z r\u00f3\u017cnych \u015brodowisk. Strona oferuje r\u00f3wnie\u017c <a href=\"https:\/\/strangercam.com\/pl\/shagle\/\">doros\u0142y<\/a> serwisy randkowe dla m\u0119\u017cczyzn i kobiet, kt\u00f3rzy chc\u0105 dzieli\u0107 si\u0119 z nimi swoimi emocjami. Poniewa\u017c proces rejestracji jest bardzo prosty, u\u017cytkownicy mog\u0105 zaoszcz\u0119dzi\u0107 wi\u0119cej czasu. Co wi\u0119cej, pozwala u\u017cytkownikom znale\u017a\u0107 towarzyszy w r\u00f3\u017cnych kategoriach, pokazuj\u0105c w ten spos\u00f3b sposoby na rozwijanie wi\u0119zi. Nowi u\u017cytkownicy powinni zapozna\u0107 si\u0119 z regulaminem przed przyst\u0105pieniem do czatu na stronie.<\/p>","protected":false},"excerpt":{"rendered":"<p>Most people these days like to find new friends in a location easily. As a result, dating websites are gaining popularity in different parts of the world because they provide methods to grow love and friendship with others. However, it is necessary to evaluate them in detail that will help select the right one accordingly. [&hellip;]<\/p>\n","protected":false},"author":6,"featured_media":559,"parent":0,"menu_order":0,"comment_status":"closed","ping_status":"closed","template":"","meta":{"footnotes":""},"class_list":["post-3171","page","type-page","status-publish","has-post-thumbnail","hentry"],"yoast_head":"<!-- This site is optimized with the Yoast SEO plugin v26.9 - https:\/\/yoast.com\/product\/yoast-seo-wordpress\/ -->\n<title>Chatblink - Most Popular Video Chats - Cam on StrangerCam.com<\/title>\n<meta name=\"description\" content=\"Like Chatblink? Come chat with more than 5.000.000 strangers on Stranger Cam for Free! Turn on your cam and find new friends &amp; maby a match!\" \/>\n<meta name=\"robots\" content=\"index, follow, max-snippet:-1, max-image-preview:large, max-video-preview:-1\" \/>\n<link rel=\"canonical\" href=\"https:\/\/strangercam.com\/pl\/chatblink\/\" \/>\n<meta property=\"og:locale\" content=\"pl_PL\" \/>\n<meta property=\"og:type\" content=\"article\" \/>\n<meta property=\"og:title\" content=\"Chatblink - Most Popular Video Chats - Cam on StrangerCam.com\" \/>\n<meta property=\"og:description\" content=\"Like Chatblink? Come chat with more than 5.000.000 strangers on Stranger Cam for Free! Turn on your cam and find new friends &amp; maby a match!\" \/>\n<meta property=\"og:url\" content=\"https:\/\/strangercam.com\/pl\/chatblink\/\" \/>\n<meta property=\"og:site_name\" content=\"Strangercam\" \/>\n<meta property=\"article:publisher\" content=\"https:\/\/www.facebook.com\/strangercam\" \/>\n<meta property=\"article:modified_time\" content=\"2023-08-21T09:40:39+00:00\" \/>\n<meta property=\"og:image\" content=\"https:\/\/strangercam.com\/wp-content\/uploads\/2020\/11\/stranger-cam-1.png\" \/>\n\t<meta property=\"og:image:width\" content=\"800\" \/>\n\t<meta property=\"og:image:height\" content=\"800\" \/>\n\t<meta property=\"og:image:type\" content=\"image\/png\" \/>\n<meta name=\"twitter:card\" content=\"summary_large_image\" \/>\n<meta name=\"twitter:site\" content=\"@strangercamapp\" \/>\n<meta name=\"twitter:label1\" content=\"Szacowany czas czytania\" \/>\n\t<meta name=\"twitter:data1\" content=\"2 minuty\" \/>\n<script type=\"application\/ld+json\" class=\"yoast-schema-graph\">{\"@context\":\"https:\/\/schema.org\",\"@graph\":[{\"@type\":\"WebPage\",\"@id\":\"https:\/\/strangercam.com\/chatblink\/\",\"url\":\"https:\/\/strangercam.com\/chatblink\/\",\"name\":\"Chatblink - Most Popular Video Chats - Cam on StrangerCam.com\",\"isPartOf\":{\"@id\":\"https:\/\/strangercam.com\/#website\"},\"primaryImageOfPage\":{\"@id\":\"https:\/\/strangercam.com\/chatblink\/#primaryimage\"},\"image\":{\"@id\":\"https:\/\/strangercam.com\/chatblink\/#primaryimage\"},\"thumbnailUrl\":\"https:\/\/strangercam.com\/wp-content\/uploads\/2020\/11\/stranger-cam-1.png\",\"datePublished\":\"2021-05-09T19:14:34+00:00\",\"dateModified\":\"2023-08-21T09:40:39+00:00\",\"description\":\"Like Chatblink? Come chat with more than 5.000.000 strangers on Stranger Cam for Free! Turn on your cam and find new friends & maby a match!\",\"breadcrumb\":{\"@id\":\"https:\/\/strangercam.com\/chatblink\/#breadcrumb\"},\"inLanguage\":\"pl-PL\",\"potentialAction\":[{\"@type\":\"ReadAction\",\"target\":[\"https:\/\/strangercam.com\/chatblink\/\"]}]},{\"@type\":\"ImageObject\",\"inLanguage\":\"pl-PL\",\"@id\":\"https:\/\/strangercam.com\/chatblink\/#primaryimage\",\"url\":\"https:\/\/strangercam.com\/wp-content\/uploads\/2020\/11\/stranger-cam-1.png\",\"contentUrl\":\"https:\/\/strangercam.com\/wp-content\/uploads\/2020\/11\/stranger-cam-1.png\",\"width\":800,\"height\":800,\"caption\":\"stranger cam random video chat\"},{\"@type\":\"BreadcrumbList\",\"@id\":\"https:\/\/strangercam.com\/chatblink\/#breadcrumb\",\"itemListElement\":[{\"@type\":\"ListItem\",\"position\":1,\"name\":\"Home\",\"item\":\"https:\/\/strangercam.com\/\"},{\"@type\":\"ListItem\",\"position\":2,\"name\":\"Chatblink\"}]},{\"@type\":\"WebSite\",\"@id\":\"https:\/\/strangercam.com\/#website\",\"url\":\"https:\/\/strangercam.com\/\",\"name\":\"Strangercam\",\"description\":\"Random Video Chat with Strangers\",\"publisher\":{\"@id\":\"https:\/\/strangercam.com\/#organization\"},\"alternateName\":\"Strangercam.com\",\"potentialAction\":[{\"@type\":\"SearchAction\",\"target\":{\"@type\":\"EntryPoint\",\"urlTemplate\":\"https:\/\/strangercam.com\/?s={search_term_string}\"},\"query-input\":{\"@type\":\"PropertyValueSpecification\",\"valueRequired\":true,\"valueName\":\"search_term_string\"}}],\"inLanguage\":\"pl-PL\"},{\"@type\":\"Organization\",\"@id\":\"https:\/\/strangercam.com\/#organization\",\"name\":\"Strangercam\",\"alternateName\":\"Strangercam.com\",\"url\":\"https:\/\/strangercam.com\/\",\"logo\":{\"@type\":\"ImageObject\",\"inLanguage\":\"pl-PL\",\"@id\":\"https:\/\/strangercam.com\/#\/schema\/logo\/image\/\",\"url\":\"https:\/\/strangercam.com\/wp-content\/uploads\/2020\/11\/cropped-new-favicon-black.png\",\"contentUrl\":\"https:\/\/strangercam.com\/wp-content\/uploads\/2020\/11\/cropped-new-favicon-black.png\",\"width\":512,\"height\":512,\"caption\":\"Strangercam\"},\"image\":{\"@id\":\"https:\/\/strangercam.com\/#\/schema\/logo\/image\/\"},\"sameAs\":[\"https:\/\/www.facebook.com\/strangercam\",\"https:\/\/x.com\/strangercamapp\"]}]}<\/script>\n<!-- \/ Yoast SEO plugin. -->","yoast_head_json":{"title":"Chatblink - Najpopularniejsze czaty wideo - Kamera na StrangerCam.com","description":"Jak Chatblink? Przyjd\u017a na czat z ponad 5.000.000 nieznajomych na Stranger Cam za darmo! W\u0142\u0105cz kamer\u0119 i znajd\u017a nowych przyjaci\u00f3\u0142 i mo\u017ce mecz!","robots":{"index":"index","follow":"follow","max-snippet":"max-snippet:-1","max-image-preview":"max-image-preview:large","max-video-preview":"max-video-preview:-1"},"canonical":"https:\/\/strangercam.com\/pl\/chatblink\/","og_locale":"pl_PL","og_type":"article","og_title":"Chatblink - Most Popular Video Chats - Cam on StrangerCam.com","og_description":"Like Chatblink? Come chat with more than 5.000.000 strangers on Stranger Cam for Free! Turn on your cam and find new friends & maby a match!","og_url":"https:\/\/strangercam.com\/pl\/chatblink\/","og_site_name":"Strangercam","article_publisher":"https:\/\/www.facebook.com\/strangercam","article_modified_time":"2023-08-21T09:40:39+00:00","og_image":[{"width":800,"height":800,"url":"https:\/\/strangercam.com\/wp-content\/uploads\/2020\/11\/stranger-cam-1.png","type":"image\/png"}],"twitter_card":"summary_large_image","twitter_site":"@strangercamapp","twitter_misc":{"Szacowany czas czytania":"2 minuty"},"schema":{"@context":"https:\/\/schema.org","@graph":[{"@type":"WebPage","@id":"https:\/\/strangercam.com\/chatblink\/","url":"https:\/\/strangercam.com\/chatblink\/","name":"Chatblink - Najpopularniejsze czaty wideo - Kamera na StrangerCam.com","isPartOf":{"@id":"https:\/\/strangercam.com\/#website"},"primaryImageOfPage":{"@id":"https:\/\/strangercam.com\/chatblink\/#primaryimage"},"image":{"@id":"https:\/\/strangercam.com\/chatblink\/#primaryimage"},"thumbnailUrl":"https:\/\/strangercam.com\/wp-content\/uploads\/2020\/11\/stranger-cam-1.png","datePublished":"2021-05-09T19:14:34+00:00","dateModified":"2023-08-21T09:40:39+00:00","description":"Jak Chatblink? Przyjd\u017a na czat z ponad 5.000.000 nieznajomych na Stranger Cam za darmo! W\u0142\u0105cz kamer\u0119 i znajd\u017a nowych przyjaci\u00f3\u0142 i mo\u017ce mecz!","breadcrumb":{"@id":"https:\/\/strangercam.com\/chatblink\/#breadcrumb"},"inLanguage":"pl-PL","potentialAction":[{"@type":"ReadAction","target":["https:\/\/strangercam.com\/chatblink\/"]}]},{"@type":"ImageObject","inLanguage":"pl-PL","@id":"https:\/\/strangercam.com\/chatblink\/#primaryimage","url":"https:\/\/strangercam.com\/wp-content\/uploads\/2020\/11\/stranger-cam-1.png","contentUrl":"https:\/\/strangercam.com\/wp-content\/uploads\/2020\/11\/stranger-cam-1.png","width":800,"height":800,"caption":"stranger cam random video chat"},{"@type":"BreadcrumbList","@id":"https:\/\/strangercam.com\/chatblink\/#breadcrumb","itemListElement":[{"@type":"ListItem","position":1,"name":"Home","item":"https:\/\/strangercam.com\/"},{"@type":"ListItem","position":2,"name":"Chatblink"}]},{"@type":"WebSite","@id":"https:\/\/strangercam.com\/#website","url":"https:\/\/strangercam.com\/","name":"Strangercam","description":"Losowy czat wideo z nieznajomymi","publisher":{"@id":"https:\/\/strangercam.com\/#organization"},"alternateName":"Strangercam.com","potentialAction":[{"@type":"SearchAction","target":{"@type":"EntryPoint","urlTemplate":"https:\/\/strangercam.com\/?s={search_term_string}"},"query-input":{"@type":"PropertyValueSpecification","valueRequired":true,"valueName":"search_term_string"}}],"inLanguage":"pl-PL"},{"@type":"Organization","@id":"https:\/\/strangercam.com\/#organization","name":"Strangercam","alternateName":"Strangercam.com","url":"https:\/\/strangercam.com\/","logo":{"@type":"ImageObject","inLanguage":"pl-PL","@id":"https:\/\/strangercam.com\/#\/schema\/logo\/image\/","url":"https:\/\/strangercam.com\/wp-content\/uploads\/2020\/11\/cropped-new-favicon-black.png","contentUrl":"https:\/\/strangercam.com\/wp-content\/uploads\/2020\/11\/cropped-new-favicon-black.png","width":512,"height":512,"caption":"Strangercam"},"image":{"@id":"https:\/\/strangercam.com\/#\/schema\/logo\/image\/"},"sameAs":["https:\/\/www.facebook.com\/strangercam","https:\/\/x.com\/strangercamapp"]}]}},"_links":{"self":[{"href":"https:\/\/strangercam.com\/pl\/wp-json\/wp\/v2\/pages\/3171","targetHints":{"allow":["GET"]}}],"collection":[{"href":"https:\/\/strangercam.com\/pl\/wp-json\/wp\/v2\/pages"}],"about":[{"href":"https:\/\/strangercam.com\/pl\/wp-json\/wp\/v2\/types\/page"}],"author":[{"embeddable":true,"href":"https:\/\/strangercam.com\/pl\/wp-json\/wp\/v2\/users\/6"}],"replies":[{"embeddable":true,"href":"https:\/\/strangercam.com\/pl\/wp-json\/wp\/v2\/comments?post=3171"}],"version-history":[{"count":0,"href":"https:\/\/strangercam.com\/pl\/wp-json\/wp\/v2\/pages\/3171\/revisions"}],"wp:featuredmedia":[{"embeddable":true,"href":"https:\/\/strangercam.com\/pl\/wp-json\/wp\/v2\/media\/559"}],"wp:attachment":[{"href":"https:\/\/strangercam.com\/pl\/wp-json\/wp\/v2\/media?parent=3171"}],"curies":[{"name":"wp","href":"https:\/\/api.w.org\/{rel}","templated":true}]}}