{"id":3141,"date":"2021-05-09T21:04:53","date_gmt":"2021-05-09T19:04:53","guid":{"rendered":"https:\/\/strangercam.com\/?page_id=3141"},"modified":"2023-08-21T12:35:30","modified_gmt":"2023-08-21T10:35:30","slug":"paltalk","status":"publish","type":"page","link":"https:\/\/strangercam.com\/pl\/paltalk\/","title":{"rendered":"Paltalk"},"content":{"rendered":"<p>\u015awiat Internetu rozwija si\u0119 dzi\u015b, umo\u017cliwiaj\u0105c ludziom \u0142atwe nawi\u0105zywanie przyja\u017ani z innymi dzi\u0119ki pojawieniu si\u0119 portali randkowych i aplikacji. Paltalk to serwis randkowy, kt\u00f3ry dzia\u0142a dobrze na wszystkich urz\u0105dzeniach, w tym na telefonach kom\u00f3rkowych. Witryna zapewnia sposoby na znalezienie i <a href=\"https:\/\/strangercam.com\/pl\/coomeet\/\">spotkanie<\/a> nowe osoby w r\u00f3\u017cnych cz\u0119\u015bciach \u015bwiata dzi\u0119ki najnowszym funkcjom. Co wi\u0119cej, aplikacja pozwala u\u017cytkownikom zainstalowa\u0107 to samo w prostych krokach, umo\u017cliwiaj\u0105c u\u017cytkownikom wykonanie <a href=\"https:\/\/strangercam.com\/pl\/rabbit-video-chat\/\">wideo<\/a> \u0142atwo dzwoni\u0107. Daje nawet mo\u017cliwo\u015b\u0107 znalezienia os\u00f3b, kt\u00f3re maj\u0105 wsp\u00f3lne zainteresowania z innymi.<\/p>\n<h2>Jakie funkcje oferuje Paltalk?<\/h2>\n<p>Witryna oferuje kilka wyj\u0105tkowych funkcji dla u\u017cytkownik\u00f3w, umo\u017cliwiaj\u0105c im jak najszybsze \u0142\u0105czenie si\u0119 z innymi. Obejmuje t\u0119tni\u0105ce \u017cyciem czaty, w kt\u00f3rych cz\u0142onkowie mog\u0105 rozmawia\u0107 z wi\u0119ksz\u0105 liczb\u0105 os\u00f3b w tym samym czasie. Mo\u017cna wej\u015b\u0107 lub do\u0142\u0105czy\u0107 do <a href=\"https:\/\/strangercam.com\/pl\/chatroom2000\/\">chatroom<\/a> co bardzo pomo\u017ce w znalezieniu nieznajomych z r\u00f3\u017cnych cz\u0119\u015bci \u015bwiata. U\u017cytkownicy mog\u0105 wyszukiwa\u0107 pokoje czatowe w r\u00f3\u017cnych kategoriach i sprawdza\u0107 polityk\u0119 pokoju, aby wiedzie\u0107, czy im odpowiada. Inne funkcje oferowane przez witryn\u0119 obejmuj\u0105 filtry g\u0142osowe, zabawne filtry wideo, maski 3D, nowe t\u0142a, prezenty, naklejki itp.<\/p>\n<h3>Plusy i minusy Paltalk<\/h3>\n<p>Strona oferuje zar\u00f3wno <a href=\"https:\/\/strangercam.com\/pl\/chat4free\/\">darmowy<\/a> i us\u0142ug p\u0142atnych, pozwalaj\u0105c nowym cz\u0142onkom na ich wyb\u00f3r w zale\u017cno\u015bci od potrzeb. Umo\u017cliwia tworzenie zar\u00f3wno prywatnych, jak i publicznych us\u0142ug. <a href=\"https:\/\/strangercam.com\/pl\/chatroulette\/\">czat<\/a> pokoje, kt\u00f3re pomog\u0105 odkry\u0107 nowych przyjaci\u00f3\u0142 z r\u00f3\u017cnych \u015brodowisk. Co wi\u0119cej, platforma pokazuje nawet sposoby t\u0142umaczenia szczeg\u00f3\u0142\u00f3w w dziewi\u0119ciu r\u00f3\u017cnych j\u0119zykach podczas tworzenia konta. Jednocze\u015bnie cz\u0142onkowie wymagaj\u0105 subskrypcji premium, gdy chc\u0105 skorzysta\u0107 z dodatkowych funkcji. Reklamy i brak obs\u0142ugi klienta to niekt\u00f3re wady platformy randkowej Pal talk, kt\u00f3re mog\u0105 powodowa\u0107 pewne problemy. W zwi\u0105zku z tym, konieczne jest, aby oceni\u0107 je z wi\u0119ksz\u0105 uwag\u0105 przed skorzystaniem z czatu.<\/p>\n<h3>Jak za\u0142o\u017cy\u0107 konto w Paltalk?<\/h3>\n<p>Aby utworzy\u0107 konto w Paltalk, nale\u017cy posiada\u0107 wa\u017cny adres e-mail, aby proces rejestracji zako\u0144czy\u0142 si\u0119 powodzeniem. U\u017cytkownicy mog\u0105 nawet wprowadza\u0107 zmiany na stronie internetowej z zespo\u0142em obs\u0142ugi klienta. Po utworzeniu konta mog\u0105 zacz\u0105\u0107 wysy\u0142a\u0107 wiadomo\u015bci do innych os\u00f3b. Darmowy cz\u0142onek mo\u017ce uzyska\u0107 dost\u0119p do dw\u00f3ch okien kamery internetowej, aby ogl\u0105da\u0107 transmisje od innych cz\u0142onk\u00f3w. Na stronie mo\u017cna kupowa\u0107 i wysy\u0142a\u0107 wirtualne prezenty, kt\u00f3re pomog\u0105 budowa\u0107 relacje z innymi. Z drugiej strony, dobrze jest zapozna\u0107 si\u0119 z regulaminem przed rozpocz\u0119ciem korzystania z tego serwisu randkowego.<\/p>","protected":false},"excerpt":{"rendered":"<p>The internet world is expanding today allowing people to make friendships with others easily due to the emergence of dating sites and apps. Paltalk is a dating website that works well on all devices including mobile phones. The website provides ways to find and meet new people in different parts of the world with the [&hellip;]<\/p>\n","protected":false},"author":6,"featured_media":559,"parent":0,"menu_order":0,"comment_status":"closed","ping_status":"closed","template":"","meta":{"footnotes":""},"class_list":["post-3141","page","type-page","status-publish","has-post-thumbnail","hentry"],"yoast_head":"<!-- This site is optimized with the Yoast SEO plugin v26.9 - https:\/\/yoast.com\/product\/yoast-seo-wordpress\/ -->\n<title>Paltalk - Video Chat - Cam on StrangerCam.com<\/title>\n<meta name=\"description\" content=\"Like Paltalk? Come chat with more than 5.000.000 strangers on Stranger Cam for Free! Turn on your cam and find new friends &amp; maby a match!\" \/>\n<meta name=\"robots\" content=\"index, follow, max-snippet:-1, max-image-preview:large, max-video-preview:-1\" \/>\n<link rel=\"canonical\" href=\"https:\/\/strangercam.com\/pl\/paltalk\/\" \/>\n<meta property=\"og:locale\" content=\"pl_PL\" \/>\n<meta property=\"og:type\" content=\"article\" \/>\n<meta property=\"og:title\" content=\"Paltalk - Video Chat - Cam on StrangerCam.com\" \/>\n<meta property=\"og:description\" content=\"Like Paltalk? Come chat with more than 5.000.000 strangers on Stranger Cam for Free! Turn on your cam and find new friends &amp; maby a match!\" \/>\n<meta property=\"og:url\" content=\"https:\/\/strangercam.com\/pl\/paltalk\/\" \/>\n<meta property=\"og:site_name\" content=\"Strangercam\" \/>\n<meta property=\"article:publisher\" content=\"https:\/\/www.facebook.com\/strangercam\" \/>\n<meta property=\"article:modified_time\" content=\"2023-08-21T10:35:30+00:00\" \/>\n<meta property=\"og:image\" content=\"https:\/\/strangercam.com\/wp-content\/uploads\/2020\/11\/stranger-cam-1.png\" \/>\n\t<meta property=\"og:image:width\" content=\"800\" \/>\n\t<meta property=\"og:image:height\" content=\"800\" \/>\n\t<meta property=\"og:image:type\" content=\"image\/png\" \/>\n<meta name=\"twitter:card\" content=\"summary_large_image\" \/>\n<meta name=\"twitter:site\" content=\"@strangercamapp\" \/>\n<meta name=\"twitter:label1\" content=\"Szacowany czas czytania\" \/>\n\t<meta name=\"twitter:data1\" content=\"2 minuty\" \/>\n<script type=\"application\/ld+json\" class=\"yoast-schema-graph\">{\"@context\":\"https:\/\/schema.org\",\"@graph\":[{\"@type\":\"WebPage\",\"@id\":\"https:\/\/strangercam.com\/paltalk\/\",\"url\":\"https:\/\/strangercam.com\/paltalk\/\",\"name\":\"Paltalk - Video Chat - Cam on StrangerCam.com\",\"isPartOf\":{\"@id\":\"https:\/\/strangercam.com\/#website\"},\"primaryImageOfPage\":{\"@id\":\"https:\/\/strangercam.com\/paltalk\/#primaryimage\"},\"image\":{\"@id\":\"https:\/\/strangercam.com\/paltalk\/#primaryimage\"},\"thumbnailUrl\":\"https:\/\/strangercam.com\/wp-content\/uploads\/2020\/11\/stranger-cam-1.png\",\"datePublished\":\"2021-05-09T19:04:53+00:00\",\"dateModified\":\"2023-08-21T10:35:30+00:00\",\"description\":\"Like Paltalk? Come chat with more than 5.000.000 strangers on Stranger Cam for Free! Turn on your cam and find new friends & maby a match!\",\"breadcrumb\":{\"@id\":\"https:\/\/strangercam.com\/paltalk\/#breadcrumb\"},\"inLanguage\":\"pl-PL\",\"potentialAction\":[{\"@type\":\"ReadAction\",\"target\":[\"https:\/\/strangercam.com\/paltalk\/\"]}]},{\"@type\":\"ImageObject\",\"inLanguage\":\"pl-PL\",\"@id\":\"https:\/\/strangercam.com\/paltalk\/#primaryimage\",\"url\":\"https:\/\/strangercam.com\/wp-content\/uploads\/2020\/11\/stranger-cam-1.png\",\"contentUrl\":\"https:\/\/strangercam.com\/wp-content\/uploads\/2020\/11\/stranger-cam-1.png\",\"width\":800,\"height\":800,\"caption\":\"stranger cam random video chat\"},{\"@type\":\"BreadcrumbList\",\"@id\":\"https:\/\/strangercam.com\/paltalk\/#breadcrumb\",\"itemListElement\":[{\"@type\":\"ListItem\",\"position\":1,\"name\":\"Home\",\"item\":\"https:\/\/strangercam.com\/\"},{\"@type\":\"ListItem\",\"position\":2,\"name\":\"Paltalk\"}]},{\"@type\":\"WebSite\",\"@id\":\"https:\/\/strangercam.com\/#website\",\"url\":\"https:\/\/strangercam.com\/\",\"name\":\"Strangercam\",\"description\":\"Random Video Chat with Strangers\",\"publisher\":{\"@id\":\"https:\/\/strangercam.com\/#organization\"},\"alternateName\":\"Strangercam.com\",\"potentialAction\":[{\"@type\":\"SearchAction\",\"target\":{\"@type\":\"EntryPoint\",\"urlTemplate\":\"https:\/\/strangercam.com\/?s={search_term_string}\"},\"query-input\":{\"@type\":\"PropertyValueSpecification\",\"valueRequired\":true,\"valueName\":\"search_term_string\"}}],\"inLanguage\":\"pl-PL\"},{\"@type\":\"Organization\",\"@id\":\"https:\/\/strangercam.com\/#organization\",\"name\":\"Strangercam\",\"alternateName\":\"Strangercam.com\",\"url\":\"https:\/\/strangercam.com\/\",\"logo\":{\"@type\":\"ImageObject\",\"inLanguage\":\"pl-PL\",\"@id\":\"https:\/\/strangercam.com\/#\/schema\/logo\/image\/\",\"url\":\"https:\/\/strangercam.com\/wp-content\/uploads\/2020\/11\/cropped-new-favicon-black.png\",\"contentUrl\":\"https:\/\/strangercam.com\/wp-content\/uploads\/2020\/11\/cropped-new-favicon-black.png\",\"width\":512,\"height\":512,\"caption\":\"Strangercam\"},\"image\":{\"@id\":\"https:\/\/strangercam.com\/#\/schema\/logo\/image\/\"},\"sameAs\":[\"https:\/\/www.facebook.com\/strangercam\",\"https:\/\/x.com\/strangercamapp\"]}]}<\/script>\n<!-- \/ Yoast SEO plugin. -->","yoast_head_json":{"title":"Paltalk - Czat wideo - Kamera na StrangerCam.com","description":"Jak Paltalk? Przyjd\u017a na czat z ponad 5.000.000 nieznajomych na Stranger Cam za darmo! W\u0142\u0105cz kamer\u0119 i znajd\u017a nowych przyjaci\u00f3\u0142 i mo\u017ce mecz!","robots":{"index":"index","follow":"follow","max-snippet":"max-snippet:-1","max-image-preview":"max-image-preview:large","max-video-preview":"max-video-preview:-1"},"canonical":"https:\/\/strangercam.com\/pl\/paltalk\/","og_locale":"pl_PL","og_type":"article","og_title":"Paltalk - Video Chat - Cam on StrangerCam.com","og_description":"Like Paltalk? Come chat with more than 5.000.000 strangers on Stranger Cam for Free! Turn on your cam and find new friends & maby a match!","og_url":"https:\/\/strangercam.com\/pl\/paltalk\/","og_site_name":"Strangercam","article_publisher":"https:\/\/www.facebook.com\/strangercam","article_modified_time":"2023-08-21T10:35:30+00:00","og_image":[{"width":800,"height":800,"url":"https:\/\/strangercam.com\/wp-content\/uploads\/2020\/11\/stranger-cam-1.png","type":"image\/png"}],"twitter_card":"summary_large_image","twitter_site":"@strangercamapp","twitter_misc":{"Szacowany czas czytania":"2 minuty"},"schema":{"@context":"https:\/\/schema.org","@graph":[{"@type":"WebPage","@id":"https:\/\/strangercam.com\/paltalk\/","url":"https:\/\/strangercam.com\/paltalk\/","name":"Paltalk - Czat wideo - Kamera na StrangerCam.com","isPartOf":{"@id":"https:\/\/strangercam.com\/#website"},"primaryImageOfPage":{"@id":"https:\/\/strangercam.com\/paltalk\/#primaryimage"},"image":{"@id":"https:\/\/strangercam.com\/paltalk\/#primaryimage"},"thumbnailUrl":"https:\/\/strangercam.com\/wp-content\/uploads\/2020\/11\/stranger-cam-1.png","datePublished":"2021-05-09T19:04:53+00:00","dateModified":"2023-08-21T10:35:30+00:00","description":"Jak Paltalk? Przyjd\u017a na czat z ponad 5.000.000 nieznajomych na Stranger Cam za darmo! W\u0142\u0105cz kamer\u0119 i znajd\u017a nowych przyjaci\u00f3\u0142 i mo\u017ce mecz!","breadcrumb":{"@id":"https:\/\/strangercam.com\/paltalk\/#breadcrumb"},"inLanguage":"pl-PL","potentialAction":[{"@type":"ReadAction","target":["https:\/\/strangercam.com\/paltalk\/"]}]},{"@type":"ImageObject","inLanguage":"pl-PL","@id":"https:\/\/strangercam.com\/paltalk\/#primaryimage","url":"https:\/\/strangercam.com\/wp-content\/uploads\/2020\/11\/stranger-cam-1.png","contentUrl":"https:\/\/strangercam.com\/wp-content\/uploads\/2020\/11\/stranger-cam-1.png","width":800,"height":800,"caption":"stranger cam random video chat"},{"@type":"BreadcrumbList","@id":"https:\/\/strangercam.com\/paltalk\/#breadcrumb","itemListElement":[{"@type":"ListItem","position":1,"name":"Home","item":"https:\/\/strangercam.com\/"},{"@type":"ListItem","position":2,"name":"Paltalk"}]},{"@type":"WebSite","@id":"https:\/\/strangercam.com\/#website","url":"https:\/\/strangercam.com\/","name":"Strangercam","description":"Losowy czat wideo z nieznajomymi","publisher":{"@id":"https:\/\/strangercam.com\/#organization"},"alternateName":"Strangercam.com","potentialAction":[{"@type":"SearchAction","target":{"@type":"EntryPoint","urlTemplate":"https:\/\/strangercam.com\/?s={search_term_string}"},"query-input":{"@type":"PropertyValueSpecification","valueRequired":true,"valueName":"search_term_string"}}],"inLanguage":"pl-PL"},{"@type":"Organization","@id":"https:\/\/strangercam.com\/#organization","name":"Strangercam","alternateName":"Strangercam.com","url":"https:\/\/strangercam.com\/","logo":{"@type":"ImageObject","inLanguage":"pl-PL","@id":"https:\/\/strangercam.com\/#\/schema\/logo\/image\/","url":"https:\/\/strangercam.com\/wp-content\/uploads\/2020\/11\/cropped-new-favicon-black.png","contentUrl":"https:\/\/strangercam.com\/wp-content\/uploads\/2020\/11\/cropped-new-favicon-black.png","width":512,"height":512,"caption":"Strangercam"},"image":{"@id":"https:\/\/strangercam.com\/#\/schema\/logo\/image\/"},"sameAs":["https:\/\/www.facebook.com\/strangercam","https:\/\/x.com\/strangercamapp"]}]}},"_links":{"self":[{"href":"https:\/\/strangercam.com\/pl\/wp-json\/wp\/v2\/pages\/3141","targetHints":{"allow":["GET"]}}],"collection":[{"href":"https:\/\/strangercam.com\/pl\/wp-json\/wp\/v2\/pages"}],"about":[{"href":"https:\/\/strangercam.com\/pl\/wp-json\/wp\/v2\/types\/page"}],"author":[{"embeddable":true,"href":"https:\/\/strangercam.com\/pl\/wp-json\/wp\/v2\/users\/6"}],"replies":[{"embeddable":true,"href":"https:\/\/strangercam.com\/pl\/wp-json\/wp\/v2\/comments?post=3141"}],"version-history":[{"count":0,"href":"https:\/\/strangercam.com\/pl\/wp-json\/wp\/v2\/pages\/3141\/revisions"}],"wp:featuredmedia":[{"embeddable":true,"href":"https:\/\/strangercam.com\/pl\/wp-json\/wp\/v2\/media\/559"}],"wp:attachment":[{"href":"https:\/\/strangercam.com\/pl\/wp-json\/wp\/v2\/media?parent=3141"}],"curies":[{"name":"wp","href":"https:\/\/api.w.org\/{rel}","templated":true}]}}