{"id":3045,"date":"2025-08-18T13:16:48","date_gmt":"2025-08-18T11:16:48","guid":{"rendered":"https:\/\/strangercam.com\/?page_id=3045"},"modified":"2025-08-18T14:11:55","modified_gmt":"2025-08-18T12:11:55","slug":"wideo-rozmowa-z-dziewczynami","status":"publish","type":"page","link":"https:\/\/strangercam.com\/pl\/wideo-rozmowa-z-dziewczynami\/","title":{"rendered":"Czat wideo z dziewczynami"},"content":{"rendered":"<p>Szukasz najlepszego miejsca do nagrywania wideo? <a href=\"https:\/\/strangercam.com\/pl\/chathub\/\">czat<\/a> z dziewczynami? Nie jeste\u015b sam. Ka\u017cdego dnia tysi\u0105ce ludzi szuka w sieci prawdziwych, spontanicznych rozm\u00f3w z prawdziwymi kobietami z ca\u0142ego \u015bwiata. W przeciwie\u0144stwie do aplikacji randkowych, w kt\u00f3rych w niesko\u0144czono\u015b\u0107 przewijasz profile, lub medi\u00f3w spo\u0142eczno\u015bciowych, gdzie wszystko wydaje si\u0119 zainscenizowane, czat wideo na \u017cywo z dziewczynami jest natychmiastowy, prawdziwy i autentyczny.<\/p>\n<p>Dzi\u0119ki platformom takim jak StrangerCam, mo\u017cliwe jest teraz korzystanie z darmowych czat\u00f3w wideo z dziewczynami w dowolnym momencie, bez konieczno\u015bci zak\u0142adania konta, p\u0142acenia ukrytych op\u0142at lub pobierania aplikacji. Niezale\u017cnie od tego, czy chcesz si\u0119 zaprzyja\u017ani\u0107, flirtowa\u0107, czy po prostu sp\u0119dzi\u0107 czas, czat wideo z dziewczynami online nigdy nie by\u0142 \u0142atwiejszy ani bardziej dost\u0119pny.<\/p>\n<p>Ten przewodnik poka\u017ce ci wszystko, co musisz wiedzie\u0107: jak to dzia\u0142a, dlaczego ludzie to uwielbiaj\u0105, jakie funkcje s\u0105 najwa\u017cniejsze, wskaz\u00f3wki dotycz\u0105ce bezpiecze\u0144stwa i dlaczego StrangerCam jest jedn\u0105 z najlepszych platform do rozm\u00f3w wideo z dziewczynami w 2025 roku.<\/p>\n<h2>Czym jest czat wideo z dziewczynami?<\/h2>\n<p>Czat wideo z dziewczynami to interakcja na \u017cywo, twarz\u0105 w twarz online, w kt\u00f3rej \u0142\u0105czysz si\u0119 natychmiast z u\u017cytkowniczkami za pomoc\u0105 kamery internetowej i mikrofonu. Jest to nowoczesna wersja czat\u00f3w tekstowych, z t\u0105 r\u00f3\u017cnic\u0105, \u017ce mo\u017cesz widzie\u0107 i s\u0142ysze\u0107 osob\u0119, z kt\u00f3r\u0105 rozmawiasz.<\/p>\n<p>W przeciwie\u0144stwie do portali spo\u0142eczno\u015bciowych czy randkowych, gdzie rozpocz\u0119cie rozmowy zajmuje troch\u0119 czasu, czat wideo pozwala od razu przej\u015b\u0107 do prawdziwych interakcji. Bez przesuwania palcem, bez czekania na odpowied\u017a - po prostu natychmiastowe po\u0142\u0105czenie.<\/p>\n<h2>Dlaczego ludzie kochaj\u0105 darmowy czat wideo z dziewczynami<\/h2>\n<p>Rosn\u0105c\u0105 popularno\u015b\u0107 darmowych czat\u00f3w wideo z dziewczynami mo\u017cna wyja\u015bni\u0107 kilkoma prostymi przyczynami:<\/p>\n<ul>\n<li>Autentyczno\u015b\u0107: W przeciwie\u0144stwie do tekstu, wideo uniemo\u017cliwia fa\u0142szowanie tego, kim jeste\u015b. Wiesz, \u017ce rozmawiasz z prawdziw\u0105 osob\u0105.<\/li>\n<li>Natychmiastowe po\u0142\u0105czenie: Bez d\u0142ugich rejestracji, bez marnowania czasu - \u0142\u0105czysz si\u0119 natychmiast.<\/li>\n<li>Ekscytacja nieznanym: Ka\u017cdy czat jest wyj\u0105tkowy i za ka\u017cdym razem oferuje co\u015b innego.<\/li>\n<li>Przyja\u017a\u0144 i flirt: Niekt\u00f3rzy u\u017cywaj\u0105 go do znalezienia nowych przyjaci\u00f3\u0142, inni do nieszkodliwej zabawy i flirtowania.<\/li>\n<li>R\u00f3\u017cnorodno\u015b\u0107: Czatuj z dziewczynami z ca\u0142ego \u015bwiata, poznawaj nowe kultury i poszerzaj swoj\u0105 perspektyw\u0119.<\/li>\n<li>Dost\u0119pno\u015b\u0107: Platformy takie jak StrangerCam sprawiaj\u0105, \u017ce 100% jest darmowy i \u0142atwy w u\u017cyciu zar\u00f3wno na urz\u0105dzeniach mobilnych, jak i stacjonarnych.<\/li>\n<\/ul>\n<h2>Jak dzia\u0142a czat wideo z dziewczynami?<\/h2>\n<p>Rozpocz\u0119cie czatu wideo z dziewczynami jest proste, nawet dla pocz\u0105tkuj\u0105cych:<\/p>\n<ol>\n<li>Otw\u00f3rz platform\u0119 czatu wideo (tak\u0105 jak StrangerCam) na swoim telefonie lub komputerze.<\/li>\n<li>Po wy\u015bwietleniu monitu w\u0142\u0105cz kamer\u0119 internetow\u0105 i mikrofon.<\/li>\n<li>Wybierz preferencje, je\u015bli s\u0105 dost\u0119pne (na przyk\u0142ad wybierz dopasowanie tylko do kobiet).<\/li>\n<li>Kliknij \"Rozpocznij czat\". Zostaniesz natychmiast po\u0142\u0105czony z przypadkow\u0105 dziewczyn\u0105.<\/li>\n<li>Mi\u0142ej rozmowy! Je\u015bli nie masz ochoty na rozmow\u0119, kliknij \"Dalej\", aby pozna\u0107 kogo\u015b nowego.<\/li>\n<\/ol>\n<p>Ca\u0142y proces zajmuje mniej ni\u017c minut\u0119.<\/p>\n<h2>Najwa\u017cniejsze cechy, kt\u00f3rych nale\u017cy szuka\u0107<\/h2>\n<p>Nie ka\u017cda platforma reklamuj\u0105ca czat wideo z dziewczynami jest warta twojego czasu. Wiele z nich ukrywa funkcje za paywallami lub nie spe\u0142nia swoich obietnic. Oto czego nale\u017cy szuka\u0107:<\/p>\n<h3>1. Darmowe filtry p\u0142ci<\/h3>\n<p>Dzia\u0142aj\u0105cy filtr p\u0142ci jest niezb\u0119dny, je\u015bli chcesz pozna\u0107 dziewczyny. Uwa\u017caj na strony, kt\u00f3re go reklamuj\u0105, ale odblokowuj\u0105 dopiero po dokonaniu p\u0142atno\u015bci.<\/p>\n<h3>2. Nie jest wymagana rejestracja<\/h3>\n<p>Aby rozpocz\u0105\u0107 czat, nie trzeba tworzy\u0107 konta ani podawa\u0107 danych osobowych.<\/p>\n<h3>3. Silne umiarkowanie<\/h3>\n<p>Dobre platformy maj\u0105 aktywnych moderator\u00f3w i narz\u0119dzia do raportowania, aby utrzyma\u0107 bezpieczne i przyjazne \u015brodowisko.<\/p>\n<h3>4. Wysokiej jako\u015bci wideo<\/h3>\n<p>P\u0142ynny, niezawodny obraz i d\u017awi\u0119k sprawiaj\u0105, \u017ce rozmowy s\u0105 naturalne i przyjemne.<\/p>\n<h3>5. Projekt przyjazny dla urz\u0105dze\u0144 mobilnych<\/h3>\n<p>Powiniene\u015b mie\u0107 mo\u017cliwo\u015b\u0107 \u0142atwego prowadzenia rozm\u00f3w wideo z dziewczynami za pomoc\u0105 telefonu lub tabletu, a nie tylko komputera.<\/p>\n<h3>6. Globalna spo\u0142eczno\u015b\u0107<\/h3>\n<p>Wi\u0119ksza baza u\u017cytkownik\u00f3w oznacza wi\u0119ksz\u0105 r\u00f3\u017cnorodno\u015b\u0107 i wi\u0119cej szans na nawi\u0105zanie kontaktu z interesuj\u0105cymi osobami.<\/p>\n<h2>Najlepsze platformy do czatu wideo z dziewczynami w 2025 roku<\/h2>\n<p>Oto por\u00f3wnanie popularnych platform, kt\u00f3rych ludzie u\u017cywaj\u0105 do rozm\u00f3w wideo z dziewczynami:<\/p>\n<table>\n<thead>\n<tr>\n<th>Platforma<\/th>\n<th align=\"center\">Darmowy filtr p\u0142ci<\/th>\n<th align=\"center\">Wymagana rejestracja<\/th>\n<th align=\"center\">Wsparcie mobilne<\/th>\n<th align=\"center\">Moderacja<\/th>\n<th>Uwagi<\/th>\n<\/tr>\n<\/thead>\n<tbody>\n<tr>\n<td>StrangerCam<\/td>\n<td align=\"center\">\u2705<\/td>\n<td align=\"center\">\u274c<\/td>\n<td align=\"center\">\u2705<\/td>\n<td align=\"center\">\u2705<\/td>\n<td>100% darmowy, dzia\u0142aj\u0105cy filtr p\u0142ci<\/td>\n<\/tr>\n<tr>\n<td><a href=\"https:\/\/strangercam.com\/pl\/chatroulette\/\">Chatroulette<\/a><\/td>\n<td align=\"center\">\u274c (p\u0142atne)<\/td>\n<td align=\"center\">\u274c<\/td>\n<td align=\"center\">\u2705<\/td>\n<td align=\"center\">\u2705<\/td>\n<td>Klasyka, ale filtr p\u0142ci kosztuje<\/td>\n<\/tr>\n<tr>\n<td>Chatrandom<\/td>\n<td align=\"center\">\u274c (p\u0142atne)<\/td>\n<td align=\"center\">\u274c<\/td>\n<td align=\"center\">\u2705<\/td>\n<td align=\"center\">\u2705<\/td>\n<td>Popularny, ale z wieloma paywallami<\/td>\n<\/tr>\n<tr>\n<td><a href=\"https:\/\/strangercam.com\/pl\/ometv\/\">OmeTV<\/a><\/td>\n<td align=\"center\">\u274c<\/td>\n<td align=\"center\">\u274c<\/td>\n<td align=\"center\">\u2705<\/td>\n<td align=\"center\">\u2705<\/td>\n<td>Aplikacja mobilna, tylko losowo<\/td>\n<\/tr>\n<tr>\n<td>Shagle<\/td>\n<td align=\"center\">\u274c (p\u0142atne)<\/td>\n<td align=\"center\">\u274c<\/td>\n<td align=\"center\">\u2705<\/td>\n<td align=\"center\">\u2705<\/td>\n<td>Mocno naciska na aktualizacje<\/td>\n<\/tr>\n<tr>\n<td><a href=\"https:\/\/strangercam.com\/pl\/coomeet\/\">CooMeet<\/a><\/td>\n<td align=\"center\">(Tylko wersja pr\u00f3bna)<\/td>\n<td align=\"center\">\u2705<\/td>\n<td align=\"center\">\u2705<\/td>\n<td align=\"center\">\u2705<\/td>\n<td>P\u0142atne po kilku darmowych czatach<\/td>\n<\/tr>\n<tr>\n<td>LuckyCrush<\/td>\n<td align=\"center\">\u2705 (P\u0142atne)<\/td>\n<td align=\"center\">\u2705<\/td>\n<td align=\"center\">\u2705<\/td>\n<td align=\"center\">\u2705<\/td>\n<td>Dopasowanie ze wzgl\u0119du na p\u0142e\u0107, zawsze p\u0142atne<\/td>\n<\/tr>\n<\/tbody>\n<\/table>\n<p>StrangerCam to jedna z jedynych platform oferuj\u0105cych prawdziwy, darmowy filtr p\u0142ci i nieograniczone czaty wideo z dziewczynami - bez sztuczek, bez ukrytych op\u0142at.<\/p>\n<h2>Dlaczego StrangerCam to najlepsze miejsce do wideorozm\u00f3w z dziewczynami?<\/h2>\n<p>Je\u015bli chodzi o czat wideo z dziewczynami, StrangerCam ma kilka wyr\u00f3\u017cniaj\u0105cych si\u0119 zalet:<\/p>\n<h3>1. Prawdziwie darmowy i nieograniczony<\/h3>\n<p>Czatuj tak d\u0142ugo, jak chcesz, nie martwi\u0105c si\u0119 o kredyty, limity czy ukryte op\u0142aty.<\/p>\n<h3>2. Darmowy filtr p\u0142ci, kt\u00f3ry dzia\u0142a<\/h3>\n<p>W przeciwie\u0144stwie do wi\u0119kszo\u015bci witryn, StrangerCam pozwala wybiera\u0107 dziewczyny za darmo - bez paywalla.<\/p>\n<h3>3. Nie wymaga rejestracji ani pobierania<\/h3>\n<p>Nie potrzebujesz konta, adresu e-mail ani numeru telefonu. Po prostu kliknij i zacznij czatowa\u0107.<\/p>\n<h3>4. Bezpieczny i moderowany<\/h3>\n<p>Wbudowane raporty i aktywni moderatorzy pomagaj\u0105 utrzyma\u0107 pozytywn\u0105 spo\u0142eczno\u015b\u0107.<\/p>\n<h3>5. Globalna baza u\u017cytkownik\u00f3w p\u0142ci \u017ce\u0144skiej<\/h3>\n<p>Poznawaj dziewczyny z dziesi\u0105tek kraj\u00f3w o ka\u017cdej porze dnia.<\/p>\n<h3>6. Zoptymalizowany pod k\u0105tem urz\u0105dze\u0144 mobilnych i stacjonarnych<\/h3>\n<p>Niezale\u017cnie od tego, czy korzystasz z telefonu, tabletu czy komputera, StrangerCam dzia\u0142a p\u0142ynnie wsz\u0119dzie.<\/p>\n<h2>Prawdziwe opinie u\u017cytkownik\u00f3w<\/h2>\n<blockquote><p><em>\"Wi\u0119kszo\u015b\u0107 witryn twierdzi\u0142a, \u017ce mog\u0119 rozmawia\u0107 z dziewczynami za darmo, ale potem pr\u00f3bowa\u0142a pobiera\u0107 op\u0142aty. StrangerCam by\u0142a pierwsz\u0105 witryn\u0105, w kt\u00f3rej filtr p\u0142ci faktycznie dzia\u0142a\u0142 bez p\u0142acenia\".<\/em><br \/>\n- Ethan, 28 lat<\/p><\/blockquote>\n<blockquote><p><em>\"Jako kobieta czuj\u0119 si\u0119 tu bezpieczniej ni\u017c na innych platformach. Mog\u0119 pomija\u0107, blokowa\u0107 i zg\u0142asza\u0107 natychmiast, co sprawia, \u017ce czuj\u0119 si\u0119 bardziej komfortowo\".<\/em><br \/>\n- Laura, 24 lata<\/p><\/blockquote>\n<blockquote><p><em>\"Pozna\u0142em dziewczyny z Brazylii, Hiszpanii i USA w ci\u0105gu jednego wieczoru. To uzale\u017cniaj\u0105ce, ale zabawne\".<\/em><br \/>\n- David, 30<\/p><\/blockquote>\n<blockquote><p><em>\"Szybko, \u0142atwo i w\u0142a\u015bciwie za darmo. StrangerCam to m\u00f3j ulubiony serwis, gdy chc\u0119 rozmawia\u0107 z dziewczynami online\".<\/em><br \/>\n- Chris, 21 lat<\/p><\/blockquote>\n<h2>Wskaz\u00f3wki bezpiecze\u0144stwa dotycz\u0105ce czatu wideo z dziewczynami<\/h2>\n<p>Podobnie jak w przypadku ka\u017cdej platformy internetowej, bezpiecze\u0144stwo u\u017cytkownika powinno by\u0107 zawsze na pierwszym miejscu. Oto kilka zasad, kt\u00f3rych nale\u017cy przestrzega\u0107:<\/p>\n<ul>\n<li>Nie udost\u0119pniaj danych osobowych: Zachowaj swoje imi\u0119 i nazwisko, adres, telefon i adres e-mail w tajemnicy.<\/li>\n<li>Pomi\u0144, je\u015bli nie czujesz si\u0119 komfortowo: Je\u015bli rozmowa nie wydaje si\u0119 odpowiednia, kliknij \"Dalej\".<\/li>\n<li>Unikaj klikania link\u00f3w: Nie otwieraj link\u00f3w zewn\u0119trznych udost\u0119pnianych przez nieznajomych.<\/li>\n<li>Sprawd\u017a swoje t\u0142o: Upewnij si\u0119, \u017ce nic prywatnego nie jest widoczne za tob\u0105.<\/li>\n<li>Pozosta\u0144 anonimowy: U\u017cyj pseudonimu, je\u015bli zostaniesz poproszony o podanie nazwy u\u017cytkownika.<\/li>\n<li>Je\u015bli masz mniej ni\u017c 18 lat, nie korzystaj: Zawsze przestrzegaj ogranicze\u0144 wiekowych platformy.<\/li>\n<\/ul>\n<h2>Jak zacz\u0105\u0107 - krok po kroku<\/h2>\n<p>Rozpocz\u0119cie korzystania z czatu wideo z dziewczynami zajmuje mniej ni\u017c minut\u0119:<\/p>\n<ol>\n<li>Otw\u00f3rz StrangerCam na swoim urz\u0105dzeniu.<\/li>\n<li>Zezw\u00f3l na dost\u0119p do kamery i mikrofonu.<\/li>\n<li>Wybierz filtr p\u0142ci (wybierz \"dziewczynki\").<\/li>\n<li>Kliknij Rozpocznij czat, aby natychmiast uzyska\u0107 dopasowanie.<\/li>\n<li>Ciesz si\u0119 rozmow\u0105. Kliknij Dalej, aby przej\u015b\u0107 dalej w dowolnym momencie.<\/li>\n<\/ol>\n<p>To wszystko, czego potrzeba - szybko, prosto i za darmo.<\/p>\n<h2>Przemy\u015blenia ko\u0144cowe - wypr\u00f3buj darmowy czat wideo z dziewczynami ju\u017c teraz<\/h2>\n<p>Je\u015bli szukasz miejsca do wideorozm\u00f3w z dziewczynami, dobra wiadomo\u015b\u0107 jest taka, \u017ce w 2025 roku jest to \u0142atwiejsze ni\u017c kiedykolwiek. StrangerCam oferuje wszystko, czego potrzebujesz: darmowy filtr p\u0142ci, natychmiastowe dopasowanie, bezpieczn\u0105 moderacj\u0119 i globaln\u0105 spo\u0142eczno\u015b\u0107 kobiet dost\u0119pn\u0105 24\/7.<\/p>\n<p>Nie tra\u0107 czasu na platformy, kt\u00f3re obiecuj\u0105 darmowy czat wideo, ale ukrywaj\u0105 wszystko za subskrypcjami. Wybierz stron\u0119, kt\u00f3ra jest naprawd\u0119 darmowa, bezpieczna i zabawna.<\/p>\n<p>Gotowy na poznanie kogo\u015b nowego? Rozpocznij darmowy czat wideo z dziewczynami ju\u017c dzi\u015b i odkryj emocje spontanicznych po\u0142\u0105cze\u0144.<\/p>","protected":false},"excerpt":{"rendered":"<p>Are you searching for the best place to video chat with girls? You\u2019re not alone. Every day, thousands of people go online looking for genuine, spontaneous conversations with real women around the world. Unlike dating apps, where you scroll through profiles endlessly, or social media, where everything feels staged, live video chat with girls is [&hellip;]<\/p>\n","protected":false},"author":8,"featured_media":0,"parent":0,"menu_order":0,"comment_status":"closed","ping_status":"closed","template":"","meta":{"footnotes":""},"class_list":["post-3045","page","type-page","status-publish","hentry"],"yoast_head":"<!-- This site is optimized with the Yoast SEO plugin v26.9 - https:\/\/yoast.com\/product\/yoast-seo-wordpress\/ -->\n<title>Video Chat With Girls with Random Chat on Strangercam.com<\/title>\n<meta name=\"description\" content=\"Liking Video Chat With Girls? Join millions on StrangerCam.com! Start a random video chat, turn on your cam, and meet strangers instantly.\" \/>\n<meta name=\"robots\" content=\"index, follow, max-snippet:-1, max-image-preview:large, max-video-preview:-1\" \/>\n<link rel=\"canonical\" href=\"https:\/\/strangercam.com\/pl\/wideo-rozmowa-z-dziewczynami\/\" \/>\n<meta property=\"og:locale\" content=\"pl_PL\" \/>\n<meta property=\"og:type\" content=\"article\" \/>\n<meta property=\"og:title\" content=\"Video Chat With Girls with Random Chat on Strangercam.com\" \/>\n<meta property=\"og:description\" content=\"Liking Video Chat With Girls? Join millions on StrangerCam.com! Start a random video chat, turn on your cam, and meet strangers instantly.\" \/>\n<meta property=\"og:url\" content=\"https:\/\/strangercam.com\/pl\/wideo-rozmowa-z-dziewczynami\/\" \/>\n<meta property=\"og:site_name\" content=\"Strangercam\" \/>\n<meta property=\"article:publisher\" content=\"https:\/\/www.facebook.com\/strangercam\" \/>\n<meta property=\"article:modified_time\" content=\"2025-08-18T12:11:55+00:00\" \/>\n<meta property=\"og:image\" content=\"https:\/\/strangercam.com\/wp-content\/uploads\/2021\/10\/Untitled-2.png\" \/>\n\t<meta property=\"og:image:width\" content=\"800\" \/>\n\t<meta property=\"og:image:height\" content=\"532\" \/>\n\t<meta property=\"og:image:type\" content=\"image\/png\" \/>\n<meta name=\"twitter:card\" content=\"summary_large_image\" \/>\n<meta name=\"twitter:site\" content=\"@strangercamapp\" \/>\n<meta name=\"twitter:label1\" content=\"Szacowany czas czytania\" \/>\n\t<meta name=\"twitter:data1\" content=\"5 minut\" \/>\n<script type=\"application\/ld+json\" class=\"yoast-schema-graph\">{\"@context\":\"https:\/\/schema.org\",\"@graph\":[{\"@type\":\"WebPage\",\"@id\":\"https:\/\/strangercam.com\/video-chat-with-girls\/\",\"url\":\"https:\/\/strangercam.com\/video-chat-with-girls\/\",\"name\":\"Video Chat With Girls with Random Chat on Strangercam.com\",\"isPartOf\":{\"@id\":\"https:\/\/strangercam.com\/#website\"},\"datePublished\":\"2025-08-18T11:16:48+00:00\",\"dateModified\":\"2025-08-18T12:11:55+00:00\",\"description\":\"Liking Video Chat With Girls? Join millions on StrangerCam.com! Start a random video chat, turn on your cam, and meet strangers instantly.\",\"breadcrumb\":{\"@id\":\"https:\/\/strangercam.com\/video-chat-with-girls\/#breadcrumb\"},\"inLanguage\":\"pl-PL\",\"potentialAction\":[{\"@type\":\"ReadAction\",\"target\":[\"https:\/\/strangercam.com\/video-chat-with-girls\/\"]}]},{\"@type\":\"BreadcrumbList\",\"@id\":\"https:\/\/strangercam.com\/video-chat-with-girls\/#breadcrumb\",\"itemListElement\":[{\"@type\":\"ListItem\",\"position\":1,\"name\":\"Home\",\"item\":\"https:\/\/strangercam.com\/\"},{\"@type\":\"ListItem\",\"position\":2,\"name\":\"Video Chat With Girls\"}]},{\"@type\":\"WebSite\",\"@id\":\"https:\/\/strangercam.com\/#website\",\"url\":\"https:\/\/strangercam.com\/\",\"name\":\"Strangercam\",\"description\":\"Random Video Chat with Strangers\",\"publisher\":{\"@id\":\"https:\/\/strangercam.com\/#organization\"},\"alternateName\":\"Strangercam.com\",\"potentialAction\":[{\"@type\":\"SearchAction\",\"target\":{\"@type\":\"EntryPoint\",\"urlTemplate\":\"https:\/\/strangercam.com\/?s={search_term_string}\"},\"query-input\":{\"@type\":\"PropertyValueSpecification\",\"valueRequired\":true,\"valueName\":\"search_term_string\"}}],\"inLanguage\":\"pl-PL\"},{\"@type\":\"Organization\",\"@id\":\"https:\/\/strangercam.com\/#organization\",\"name\":\"Strangercam\",\"alternateName\":\"Strangercam.com\",\"url\":\"https:\/\/strangercam.com\/\",\"logo\":{\"@type\":\"ImageObject\",\"inLanguage\":\"pl-PL\",\"@id\":\"https:\/\/strangercam.com\/#\/schema\/logo\/image\/\",\"url\":\"https:\/\/strangercam.com\/wp-content\/uploads\/2020\/11\/cropped-new-favicon-black.png\",\"contentUrl\":\"https:\/\/strangercam.com\/wp-content\/uploads\/2020\/11\/cropped-new-favicon-black.png\",\"width\":512,\"height\":512,\"caption\":\"Strangercam\"},\"image\":{\"@id\":\"https:\/\/strangercam.com\/#\/schema\/logo\/image\/\"},\"sameAs\":[\"https:\/\/www.facebook.com\/strangercam\",\"https:\/\/x.com\/strangercamapp\"]}]}<\/script>\n<!-- \/ Yoast SEO plugin. -->","yoast_head_json":{"title":"Czat wideo z dziewczynami z losowym czatem na Strangercam.com","description":"Lubisz czat wideo z dziewczynami? Join miliony na StrangerCam.com! Rozpocznij losowy czat wideo, w\u0142\u0105cz kamer\u0119 i natychmiast poznawaj nieznajomych.","robots":{"index":"index","follow":"follow","max-snippet":"max-snippet:-1","max-image-preview":"max-image-preview:large","max-video-preview":"max-video-preview:-1"},"canonical":"https:\/\/strangercam.com\/pl\/wideo-rozmowa-z-dziewczynami\/","og_locale":"pl_PL","og_type":"article","og_title":"Video Chat With Girls with Random Chat on Strangercam.com","og_description":"Liking Video Chat With Girls? Join millions on StrangerCam.com! Start a random video chat, turn on your cam, and meet strangers instantly.","og_url":"https:\/\/strangercam.com\/pl\/wideo-rozmowa-z-dziewczynami\/","og_site_name":"Strangercam","article_publisher":"https:\/\/www.facebook.com\/strangercam","article_modified_time":"2025-08-18T12:11:55+00:00","og_image":[{"width":800,"height":532,"url":"https:\/\/strangercam.com\/wp-content\/uploads\/2021\/10\/Untitled-2.png","type":"image\/png"}],"twitter_card":"summary_large_image","twitter_site":"@strangercamapp","twitter_misc":{"Szacowany czas czytania":"5 minut"},"schema":{"@context":"https:\/\/schema.org","@graph":[{"@type":"WebPage","@id":"https:\/\/strangercam.com\/video-chat-with-girls\/","url":"https:\/\/strangercam.com\/video-chat-with-girls\/","name":"Czat wideo z dziewczynami z losowym czatem na Strangercam.com","isPartOf":{"@id":"https:\/\/strangercam.com\/#website"},"datePublished":"2025-08-18T11:16:48+00:00","dateModified":"2025-08-18T12:11:55+00:00","description":"Lubisz czat wideo z dziewczynami? Join miliony na StrangerCam.com! Rozpocznij losowy czat wideo, w\u0142\u0105cz kamer\u0119 i natychmiast poznawaj nieznajomych.","breadcrumb":{"@id":"https:\/\/strangercam.com\/video-chat-with-girls\/#breadcrumb"},"inLanguage":"pl-PL","potentialAction":[{"@type":"ReadAction","target":["https:\/\/strangercam.com\/video-chat-with-girls\/"]}]},{"@type":"BreadcrumbList","@id":"https:\/\/strangercam.com\/video-chat-with-girls\/#breadcrumb","itemListElement":[{"@type":"ListItem","position":1,"name":"Home","item":"https:\/\/strangercam.com\/"},{"@type":"ListItem","position":2,"name":"Video Chat With Girls"}]},{"@type":"WebSite","@id":"https:\/\/strangercam.com\/#website","url":"https:\/\/strangercam.com\/","name":"Strangercam","description":"Losowy czat wideo z nieznajomymi","publisher":{"@id":"https:\/\/strangercam.com\/#organization"},"alternateName":"Strangercam.com","potentialAction":[{"@type":"SearchAction","target":{"@type":"EntryPoint","urlTemplate":"https:\/\/strangercam.com\/?s={search_term_string}"},"query-input":{"@type":"PropertyValueSpecification","valueRequired":true,"valueName":"search_term_string"}}],"inLanguage":"pl-PL"},{"@type":"Organization","@id":"https:\/\/strangercam.com\/#organization","name":"Strangercam","alternateName":"Strangercam.com","url":"https:\/\/strangercam.com\/","logo":{"@type":"ImageObject","inLanguage":"pl-PL","@id":"https:\/\/strangercam.com\/#\/schema\/logo\/image\/","url":"https:\/\/strangercam.com\/wp-content\/uploads\/2020\/11\/cropped-new-favicon-black.png","contentUrl":"https:\/\/strangercam.com\/wp-content\/uploads\/2020\/11\/cropped-new-favicon-black.png","width":512,"height":512,"caption":"Strangercam"},"image":{"@id":"https:\/\/strangercam.com\/#\/schema\/logo\/image\/"},"sameAs":["https:\/\/www.facebook.com\/strangercam","https:\/\/x.com\/strangercamapp"]}]}},"_links":{"self":[{"href":"https:\/\/strangercam.com\/pl\/wp-json\/wp\/v2\/pages\/3045","targetHints":{"allow":["GET"]}}],"collection":[{"href":"https:\/\/strangercam.com\/pl\/wp-json\/wp\/v2\/pages"}],"about":[{"href":"https:\/\/strangercam.com\/pl\/wp-json\/wp\/v2\/types\/page"}],"author":[{"embeddable":true,"href":"https:\/\/strangercam.com\/pl\/wp-json\/wp\/v2\/users\/8"}],"replies":[{"embeddable":true,"href":"https:\/\/strangercam.com\/pl\/wp-json\/wp\/v2\/comments?post=3045"}],"version-history":[{"count":2,"href":"https:\/\/strangercam.com\/pl\/wp-json\/wp\/v2\/pages\/3045\/revisions"}],"predecessor-version":[{"id":12968,"href":"https:\/\/strangercam.com\/pl\/wp-json\/wp\/v2\/pages\/3045\/revisions\/12968"}],"wp:attachment":[{"href":"https:\/\/strangercam.com\/pl\/wp-json\/wp\/v2\/media?parent=3045"}],"curies":[{"name":"wp","href":"https:\/\/api.w.org\/{rel}","templated":true}]}}