{"id":201,"date":"2025-08-18T13:43:14","date_gmt":"2025-08-18T11:43:14","guid":{"rendered":"https:\/\/strangercam.com\/?page_id=201"},"modified":"2025-08-18T14:08:48","modified_gmt":"2025-08-18T12:08:48","slug":"losowy-czat-przed-kamera","status":"publish","type":"page","link":"https:\/\/strangercam.com\/pl\/random-cam-chat\/","title":{"rendered":"Losowy czat przed kamer\u0105"},"content":{"rendered":"<p>Szukasz dreszczyku losowych emocji? <a href=\"https:\/\/strangercam.com\/pl\/bazoocam\/\">krzywka<\/a> czat? Nie jeste\u015b sam. Od pocz\u0105tku istnienia <a href=\"https:\/\/strangercam.com\/pl\/omegle\/\">Omegle<\/a> oraz <a href=\"https:\/\/strangercam.com\/pl\/chatroulette\/\">Chatroulette<\/a>, miliony ludzi zwr\u00f3ci\u0142y si\u0119 w stron\u0119 losowo\u015bci <a href=\"https:\/\/strangercam.com\/pl\/cam-to-cam-chat\/\">czat przed kamer\u0105<\/a> aby pozna\u0107 nieznajomych natychmiast, twarz\u0105 w twarz. Pomys\u0142 jest prosty, ale pot\u0119\u017cny: w\u0142\u0105cz kamer\u0119 internetow\u0105, kliknij przycisk i po\u0142\u0105cz si\u0119 z kim\u015b nowym w ci\u0105gu kilku sekund.<\/p>\n<p>Obecnie platformy takie jak StrangerCam sprawiaj\u0105, \u017ce korzystanie z darmowych czat\u00f3w z przypadkowymi kamerkami bez rejestracji, pobierania lub ukrytych zap\u00f3r jest \u0142atwiejsze ni\u017c kiedykolwiek. Niezale\u017cnie od tego, czy szukasz przyja\u017ani, flirtu, wymiany kulturowej, czy po prostu sposobu na nud\u0119, czat z przypadkowymi kamerkami oferuje wyj\u0105tkowe wra\u017cenia online.<\/p>\n<p>W tym szczeg\u00f3\u0142owym przewodniku zbadamy, jak to dzia\u0142a, jakie funkcje s\u0105 najwa\u017cniejsze, dlaczego ludzie to uwielbiaj\u0105 i dlaczego StrangerCam wyr\u00f3\u017cnia si\u0119 jako jedno z najlepszych miejsc do losowego czatowania przed kamer\u0105 w 2025 roku.<\/p>\n<h2>Czym jest Random Cam Chat?<\/h2>\n<p>Random cam chat to us\u0142uga online, kt\u00f3ra umo\u017cliwia \u0142\u0105czenie si\u0119 w pary z nieznajomymi za po\u015brednictwem kamery internetowej i mikrofonu w celu prowadzenia rozm\u00f3w wideo na \u017cywo, jeden na jednego. Cz\u0119\u015b\u0107 \"losowa\" oznacza, \u017ce nigdy nie wiesz, kogo spotkasz - mo\u017ce to by\u0107 kto\u015b z twojego kraju lub kto\u015b z drugiego ko\u0144ca \u015bwiata.<\/p>\n<p>W przeciwie\u0144stwie do sieci spo\u0142eczno\u015bciowych lub aplikacji randkowych, czat z losow\u0105 kamer\u0105 usuwa filtry wyselekcjonowanych profili i biografii. Poznajesz ludzi na \u017cywo, w czasie rzeczywistym, bez \u017cadnych przygotowa\u0144. Je\u015bli rozmowa nie wydaje si\u0119 odpowiednia, wystarczy klikn\u0105\u0107 \"Dalej\", aby natychmiast po\u0142\u0105czy\u0107 si\u0119 z kim\u015b innym.<\/p>\n<h2>Dlaczego ludzie kochaj\u0105 darmowy czat przed kamer\u0105<\/h2>\n<p>Popularno\u015b\u0107 darmowych czat\u00f3w przed kamerami wynika z kilku kluczowych powod\u00f3w:<\/p>\n<ul>\n<li>Spontaniczno\u015b\u0107: ka\u017cda rozmowa jest niespodziank\u0105, co czyni j\u0105 ekscytuj\u0105c\u0105 i wci\u0105gaj\u0105c\u0105.<\/li>\n<li>Ludzkie po\u0142\u0105czenie: Szczeg\u00f3lnie w \u015bwiecie SMS-\u00f3w i medi\u00f3w spo\u0142eczno\u015bciowych interakcja twarz\u0105 w twarz jest od\u015bwie\u017caj\u0105ca.<\/li>\n<li>Anonimowo\u015b\u0107: Wi\u0119kszo\u015b\u0107 platform nie wymaga zak\u0142adania kont ani podawania danych osobowych. Mo\u017cesz pozosta\u0107 tak prywatny, jak chcesz.<\/li>\n<li>Wymiana kulturalna: Poznawaj ludzi z ca\u0142ego \u015bwiata, ucz si\u0119 o ich kulturach i dziel si\u0119 w\u0142asnymi do\u015bwiadczeniami.<\/li>\n<li>Brak fa\u0142szywych profili: Poniewa\u017c wideo jest na \u017cywo, wiesz, \u017ce rozmawiasz z prawdziwymi lud\u017ami, a nie botami lub sumami.<\/li>\n<li>Odstresowanie i zabawa: To \u0142atwy spos\u00f3b na relaks, \u015bmiech i swobodn\u0105 rozmow\u0119 bez presji.<\/li>\n<\/ul>\n<h2>Jak dzia\u0142a Random Cam Chat<\/h2>\n<p>Rozpocz\u0119cie korzystania z czatu z losow\u0105 kamer\u0105 jest proste:<\/p>\n<ol>\n<li>Otw\u00f3rz platform\u0119 na komputerze lub smartfonie.<\/li>\n<li>Zezw\u00f3l na dost\u0119p do kamery internetowej i mikrofonu.<\/li>\n<li>Kliknij \"Rozpocznij czat\". Zostaniesz natychmiast po\u0142\u0105czony z przypadkowym nieznajomym.<\/li>\n<li>Rozmawiaj twarz\u0105 w twarz. Zosta\u0144 tak d\u0142ugo, jak chcesz, lub kliknij \"Dalej\", aby prze\u0142\u0105czy\u0107 si\u0119 na kogo\u015b nowego.<\/li>\n<li>Powtarzaj bez ko\u0144ca. Wi\u0119kszo\u015b\u0107 platform oferuje nieograniczon\u0105 liczb\u0119 czat\u00f3w za darmo.<\/li>\n<\/ol>\n<p>Niekt\u00f3re witryny zawieraj\u0105 dodatki, takie jak filtry p\u0142ci, preferencje lokalizacji lub wbudowane narz\u0119dzia do t\u0142umaczenia, aby jeszcze bardziej u\u0142atwi\u0107 globalne czaty.<\/p>\n<h2>Najwa\u017cniejsze cechy, kt\u00f3rych nale\u017cy szuka\u0107<\/h2>\n<p>Nie wszystkie platformy czatowe s\u0105 sobie r\u00f3wne. Aby uzyska\u0107 najlepsze wra\u017cenia, oto na co nale\u017cy zwr\u00f3ci\u0107 uwag\u0119:<\/p>\n<h3>1. Prawdziwie darmowy dost\u0119p<\/h3>\n<p>Unikaj platform, kt\u00f3re obiecuj\u0105 darmowe czaty, ale zmuszaj\u0105 do p\u0142acenia. Najlepsze witryny umo\u017cliwiaj\u0105 nieograniczone korzystanie za darmo.<\/p>\n<h3>2. Nie jest wymagana rejestracja<\/h3>\n<p>Nie powiniene\u015b by\u0107 zmuszony do rejestrowania si\u0119 lub podawania danych osobowych, aby korzysta\u0107 z losowego czatu przed kamer\u0105.<\/p>\n<h3>3. Filtry p\u0142ci i lokalizacji<\/h3>\n<p>U\u0142atwiaj\u0105 one nawi\u0105zanie kontaktu z osobami, kt\u00f3rych szukasz.<\/p>\n<h3>4. Projekt przyjazny dla urz\u0105dze\u0144 mobilnych<\/h3>\n<p>Dobra platforma powinna dzia\u0142a\u0107 p\u0142ynnie zar\u00f3wno na komputerach stacjonarnych, jak i urz\u0105dzeniach mobilnych.<\/p>\n<h3>5. Silne umiarkowanie<\/h3>\n<p>Aktywna moderacja i narz\u0119dzia do zg\u0142aszania pomagaj\u0105 chroni\u0107 przestrze\u0144 przed nieodpowiednim zachowaniem.<\/p>\n<h3>6. Wysoka jako\u015b\u0107 obrazu i d\u017awi\u0119ku<\/h3>\n<p>P\u0142ynne, wyra\u017ane po\u0142\u0105czenia sprawiaj\u0105, \u017ce rozmowy s\u0105 przyjemniejsze.<\/p>\n<h2>Najlepsze platformy czatu z losowymi kamerami w 2025 roku<\/h2>\n<p>Oto por\u00f3wnanie najpopularniejszych platform do czatowania z przypadkowymi kamerkami:<\/p>\n<table>\n<thead>\n<tr>\n<th>Platforma<\/th>\n<th align=\"center\">Bezp\u0142atne u\u017cytkowanie<\/th>\n<th align=\"center\">Filtr p\u0142ci<\/th>\n<th align=\"center\">Wymagana rejestracja<\/th>\n<th align=\"center\">Wsparcie mobilne<\/th>\n<th>Uwagi<\/th>\n<\/tr>\n<\/thead>\n<tbody>\n<tr>\n<td>StrangerCam<\/td>\n<td align=\"center\">\u2705<\/td>\n<td align=\"center\">\u2705 (Free)<\/td>\n<td align=\"center\">\u274c<\/td>\n<td align=\"center\">\u2705<\/td>\n<td>Najlepszy wszechstronny wyb\u00f3r do darmowego czatu z losow\u0105 kamer\u0105<\/td>\n<\/tr>\n<tr>\n<td>Chatroulette<\/td>\n<td align=\"center\">\u2705<\/td>\n<td align=\"center\">\u274c (p\u0142atne)<\/td>\n<td align=\"center\">\u274c<\/td>\n<td align=\"center\">\u2705<\/td>\n<td>Klasyka, ale filtr p\u0142ci zablokowany<\/td>\n<\/tr>\n<tr>\n<td>Chatrandom<\/td>\n<td align=\"center\">\u2705<\/td>\n<td align=\"center\">\u274c (p\u0142atne)<\/td>\n<td align=\"center\">\u274c<\/td>\n<td align=\"center\">\u2705<\/td>\n<td>Du\u017ca baza u\u017cytkownik\u00f3w, p\u0142atne filtry<\/td>\n<\/tr>\n<tr>\n<td>OmeTV<\/td>\n<td align=\"center\">\u2705<\/td>\n<td align=\"center\">\u274c<\/td>\n<td align=\"center\">\u274c<\/td>\n<td align=\"center\">\u2705<\/td>\n<td>Dost\u0119pna aplikacja mobilna, tylko losowo<\/td>\n<\/tr>\n<tr>\n<td>Shagle<\/td>\n<td align=\"center\">\u2705<\/td>\n<td align=\"center\">\u274c (p\u0142atne)<\/td>\n<td align=\"center\">\u274c<\/td>\n<td align=\"center\">\u2705<\/td>\n<td>Darmowe czaty, ale p\u0142atne aktualizacje<\/td>\n<\/tr>\n<tr>\n<td><a href=\"https:\/\/strangercam.com\/pl\/coomeet\/\">CooMeet<\/a><\/td>\n<td align=\"center\">\u274c (Trial)<\/td>\n<td align=\"center\">\u2705<\/td>\n<td align=\"center\">\u2705<\/td>\n<td align=\"center\">\u2705<\/td>\n<td>Przewa\u017cnie wyp\u0142acane po zako\u0144czeniu okresu pr\u00f3bnego<\/td>\n<\/tr>\n<tr>\n<td>LuckyCrush<\/td>\n<td align=\"center\">\u274c<\/td>\n<td align=\"center\">\u2705<\/td>\n<td align=\"center\">\u2705<\/td>\n<td align=\"center\">\u2705<\/td>\n<td>Zawsze p\u0142atne, dopasowanie ze wzgl\u0119du na p\u0142e\u0107<\/td>\n<\/tr>\n<\/tbody>\n<\/table>\n<p>StrangerCam wyr\u00f3\u017cnia si\u0119 tym, \u017ce jest darmowy, bezpieczny i przyjazny dla filtr\u00f3w, w przeciwie\u0144stwie do wi\u0119kszo\u015bci konkurent\u00f3w, kt\u00f3rzy pobieraj\u0105 op\u0142aty za zaawansowane funkcje.<\/p>\n<h2>Dlaczego StrangerCam jest najlepszym wyborem do losowego czatu przed kamer\u0105?<\/h2>\n<p>Oto dlaczego StrangerCam jest jedn\u0105 z najlepszych platform w stylu Omegle w 2025 roku:<\/p>\n<h3>1. Ca\u0142kowicie za darmo<\/h3>\n<p>Brak ukrytych op\u0142at, kredyt\u00f3w lub ograniczonych wersji pr\u00f3bnych. Mo\u017cesz czatowa\u0107 tyle, ile chcesz, za darmo.<\/p>\n<h3>2. Rzeczywisty filtr p\u0142ci<\/h3>\n<p>W przeciwie\u0144stwie do wi\u0119kszo\u015bci darmowych stron, StrangerCam pozwala wybra\u0107 po\u0142\u0105czenie z m\u0119\u017cczyznami, kobietami lub obojgiem bez op\u0142at.<\/p>\n<h3>3. Konto nie jest wymagane<\/h3>\n<p>Zacznij czatowa\u0107 natychmiast. Nie jest wymagana rejestracja, e-mail ani dane osobowe.<\/p>\n<h3>4. Globalna spo\u0142eczno\u015b\u0107 24\/7<\/h3>\n<p>Zawsze aktywny, wi\u0119c nigdy nie zabraknie ci ludzi do poznania.<\/p>\n<h3>5. Zoptymalizowany pod k\u0105tem urz\u0105dze\u0144 mobilnych<\/h3>\n<p>Dzia\u0142a bezb\u0142\u0119dnie na telefonach, tabletach i komputerach.<\/p>\n<h3>6. Bezpieczny i moderowany<\/h3>\n<p>Dedykowani moderatorzy i narz\u0119dzia do raportowania sprawiaj\u0105, \u017ce platforma jest czysta i przyjemna.<\/p>\n<h2>Prawdziwe opinie u\u017cytkownik\u00f3w<\/h2>\n<blockquote><p><em>\"Wypr\u00f3bowa\u0142em wiele witryn czatowych od czasu zamkni\u0119cia Omegle, ale StrangerCam jest jedyn\u0105, kt\u00f3ra wydaje si\u0119 by\u0107 prawdziw\u0105 ofert\u0105. Jest darmowy i pe\u0142en prawdziwych ludzi\".<\/em><br \/>\n- Chris, 25 lat<\/p><\/blockquote>\n<blockquote><p><em>\"Filtr p\u0142ci faktycznie dzia\u0142a bez dodatkowych op\u0142at. To dla mnie wielka wygrana\".<\/em><br \/>\n- Marta, 23 lata<\/p><\/blockquote>\n<blockquote><p><em>\"W ci\u0105gu jednej nocy po\u0142\u0105czy\u0142em si\u0119 z lud\u017ami z pi\u0119ciu r\u00f3\u017cnych kraj\u00f3w. To \u015bwietny spos\u00f3b na poznanie nieznajomych\".<\/em><br \/>\n- Dylan, 30<\/p><\/blockquote>\n<blockquote><p><em>\"Darmowy, szybki i bezpieczny. StrangerCam jest teraz moim ulubionym miejscem do czatowania\".<\/em><br \/>\n- Leah, 20<\/p><\/blockquote>\n<h2>Wskaz\u00f3wki dotycz\u0105ce bezpiecze\u0144stwa podczas losowego czatu przed kamer\u0105<\/h2>\n<p>Aby jak najlepiej wykorzysta\u0107 darmowy czat z losow\u0105 kamer\u0105, zachowuj\u0105c przy tym bezpiecze\u0144stwo, pami\u0119taj o tych wskaz\u00f3wkach:<\/p>\n<ul>\n<li>Nie udost\u0119pniaj danych osobowych, takich jak imi\u0119 i nazwisko, adres czy numer telefonu.<\/li>\n<li>Pomijaj lub blokuj ka\u017cdego, kto sprawia, \u017ce czujesz si\u0119 niekomfortowo.<\/li>\n<li>Nigdy nie klikaj link\u00f3w wysy\u0142anych przez nieznajomych.<\/li>\n<li>Pami\u0119taj o swoim pochodzeniu, aby unikn\u0105\u0107 pokazywania prywatnych szczeg\u00f3\u0142\u00f3w.<\/li>\n<li>U\u017cywaj s\u0142uchawek, aby uzyska\u0107 wyra\u017aniejszy d\u017awi\u0119k i wi\u0119ksz\u0105 prywatno\u015b\u0107.<\/li>\n<li>Je\u015bli nie masz uko\u0144czonych 18 lat, unikaj korzystania z platform czatu z losowymi kamerami.<\/li>\n<\/ul>\n<h2>Jak zacz\u0105\u0107 - krok po kroku<\/h2>\n<p>1TP162Rozpocz\u0119cie losowego czatu z kamer\u0105 zajmuje mniej ni\u017c minut\u0119:<\/p>\n<ol>\n<li>Przejd\u017a do platformy w przegl\u0105darce lub telefonie.<\/li>\n<li>Zezw\u00f3l na dost\u0119p do kamery i mikrofonu.<\/li>\n<li>Naci\u015bnij \"Rozpocznij czat\".<\/li>\n<li>Natychmiastowe spotkanie z przypadkowym nieznajomym.<\/li>\n<li>Kliknij \"Dalej\" za ka\u017cdym razem, gdy chcesz prze\u0142\u0105czy\u0107 si\u0119 na kogo\u015b nowego.<\/li>\n<\/ol>\n<p>To wszystko - szybko, prosto i za darmo.<\/p>\n<h2>Przemy\u015blenia ko\u0144cowe - wypr\u00f3buj darmowy czat na losowej kamerze ju\u017c teraz<\/h2>\n<p>Losowy czat przed kamer\u0105 to jeden z najbardziej ekscytuj\u0105cych sposob\u00f3w nawi\u0105zywania kontakt\u00f3w online w 2025 roku. Jest to spontaniczna, zabawna i od\u015bwie\u017caj\u0105ca alternatywa dla medi\u00f3w spo\u0142eczno\u015bciowych lub aplikacji randkowych. Dzi\u0119ki platformom takim jak StrangerCam otrzymujesz prawdziwie darmowe do\u015bwiadczenie - bez rejestracji, bez paywalli i globalnej spo\u0142eczno\u015bci gotowej na spotkanie 24\/7.<\/p>\n<p>Nie tra\u0107 czasu na platformy, kt\u00f3re obiecuj\u0105 darmowy czat wideo, ale ukrywaj\u0105 wszystko za paywallem. Wybierz miejsce, w kt\u00f3rym mo\u017cesz \u0142\u0105czy\u0107 si\u0119, \u015bmia\u0107 i natychmiast nawi\u0105zywa\u0107 nowe znajomo\u015bci.<\/p>\n<p>Gotowy, aby tego do\u015bwiadczy\u0107? Wypr\u00f3buj darmowy czat przed kamer\u0105 ju\u017c dzi\u015b i zobacz, kogo spotkasz w przysz\u0142o\u015bci.<\/p>","protected":false},"excerpt":{"rendered":"<p>Are you looking for the thrill of random cam chat? You\u2019re not alone. Since the early days of Omegle and Chatroulette, millions of people have turned to random cam chat sites to meet strangers instantly, face-to-face. The idea is simple yet powerful: switch on your webcam, click a button, and get connected to someone new [&hellip;]<\/p>\n","protected":false},"author":8,"featured_media":0,"parent":0,"menu_order":0,"comment_status":"closed","ping_status":"closed","template":"","meta":{"footnotes":""},"class_list":["post-201","page","type-page","status-publish","hentry"],"yoast_head":"<!-- This site is optimized with the Yoast SEO plugin v27.4 - https:\/\/yoast.com\/product\/yoast-seo-wordpress\/ -->\n<title>Random Cam Chat with Random Chat on Strangercam.com<\/title>\n<meta name=\"description\" content=\"Liking Random Cam Chat? Join millions on StrangerCam.com! Start a random video chat, turn on your cam, and meet strangers instantly.\" \/>\n<meta name=\"robots\" content=\"index, follow, max-snippet:-1, max-image-preview:large, max-video-preview:-1\" \/>\n<link rel=\"canonical\" href=\"https:\/\/strangercam.com\/pl\/losowy-czat-przed-kamera\/\" \/>\n<meta property=\"og:locale\" content=\"pl_PL\" \/>\n<meta property=\"og:type\" content=\"article\" \/>\n<meta property=\"og:title\" content=\"Random Cam Chat with Random Chat on Strangercam.com\" \/>\n<meta property=\"og:description\" content=\"Liking Random Cam Chat? Join millions on StrangerCam.com! Start a random video chat, turn on your cam, and meet strangers instantly.\" \/>\n<meta property=\"og:url\" content=\"https:\/\/strangercam.com\/pl\/losowy-czat-przed-kamera\/\" \/>\n<meta property=\"og:site_name\" content=\"Strangercam\" \/>\n<meta property=\"article:publisher\" content=\"https:\/\/www.facebook.com\/strangercam\" \/>\n<meta property=\"article:modified_time\" content=\"2025-08-18T12:08:48+00:00\" \/>\n<meta property=\"og:image\" content=\"https:\/\/strangercam.com\/wp-content\/uploads\/2021\/10\/Untitled-2.png\" \/>\n\t<meta property=\"og:image:width\" content=\"800\" \/>\n\t<meta property=\"og:image:height\" content=\"532\" \/>\n\t<meta property=\"og:image:type\" content=\"image\/png\" \/>\n<meta name=\"twitter:card\" content=\"summary_large_image\" \/>\n<meta name=\"twitter:site\" content=\"@strangercamapp\" \/>\n<meta name=\"twitter:label1\" content=\"Szacowany czas czytania\" \/>\n\t<meta name=\"twitter:data1\" content=\"5 minut\" \/>\n<script type=\"application\/ld+json\" class=\"yoast-schema-graph\">{\"@context\":\"https:\\\/\\\/schema.org\",\"@graph\":[{\"@type\":\"WebPage\",\"@id\":\"https:\\\/\\\/strangercam.com\\\/random-cam-chat\\\/\",\"url\":\"https:\\\/\\\/strangercam.com\\\/random-cam-chat\\\/\",\"name\":\"Random Cam Chat with Random Chat on Strangercam.com\",\"isPartOf\":{\"@id\":\"https:\\\/\\\/strangercam.com\\\/#website\"},\"datePublished\":\"2025-08-18T11:43:14+00:00\",\"dateModified\":\"2025-08-18T12:08:48+00:00\",\"description\":\"Liking Random Cam Chat? Join millions on StrangerCam.com! Start a random video chat, turn on your cam, and meet strangers instantly.\",\"breadcrumb\":{\"@id\":\"https:\\\/\\\/strangercam.com\\\/random-cam-chat\\\/#breadcrumb\"},\"inLanguage\":\"pl-PL\",\"potentialAction\":[{\"@type\":\"ReadAction\",\"target\":[\"https:\\\/\\\/strangercam.com\\\/random-cam-chat\\\/\"]}]},{\"@type\":\"BreadcrumbList\",\"@id\":\"https:\\\/\\\/strangercam.com\\\/random-cam-chat\\\/#breadcrumb\",\"itemListElement\":[{\"@type\":\"ListItem\",\"position\":1,\"name\":\"Home\",\"item\":\"https:\\\/\\\/strangercam.com\\\/\"},{\"@type\":\"ListItem\",\"position\":2,\"name\":\"Random Cam Chat\"}]},{\"@type\":\"WebSite\",\"@id\":\"https:\\\/\\\/strangercam.com\\\/#website\",\"url\":\"https:\\\/\\\/strangercam.com\\\/\",\"name\":\"Strangercam\",\"description\":\"Random Video Chat with Strangers\",\"publisher\":{\"@id\":\"https:\\\/\\\/strangercam.com\\\/#organization\"},\"alternateName\":\"Strangercam.com\",\"potentialAction\":[{\"@type\":\"SearchAction\",\"target\":{\"@type\":\"EntryPoint\",\"urlTemplate\":\"https:\\\/\\\/strangercam.com\\\/?s={search_term_string}\"},\"query-input\":{\"@type\":\"PropertyValueSpecification\",\"valueRequired\":true,\"valueName\":\"search_term_string\"}}],\"inLanguage\":\"pl-PL\"},{\"@type\":\"Organization\",\"@id\":\"https:\\\/\\\/strangercam.com\\\/#organization\",\"name\":\"Strangercam\",\"alternateName\":\"Strangercam.com\",\"url\":\"https:\\\/\\\/strangercam.com\\\/\",\"logo\":{\"@type\":\"ImageObject\",\"inLanguage\":\"pl-PL\",\"@id\":\"https:\\\/\\\/strangercam.com\\\/#\\\/schema\\\/logo\\\/image\\\/\",\"url\":\"https:\\\/\\\/strangercam.com\\\/wp-content\\\/uploads\\\/2020\\\/11\\\/cropped-new-favicon-black.png\",\"contentUrl\":\"https:\\\/\\\/strangercam.com\\\/wp-content\\\/uploads\\\/2020\\\/11\\\/cropped-new-favicon-black.png\",\"width\":512,\"height\":512,\"caption\":\"Strangercam\"},\"image\":{\"@id\":\"https:\\\/\\\/strangercam.com\\\/#\\\/schema\\\/logo\\\/image\\\/\"},\"sameAs\":[\"https:\\\/\\\/www.facebook.com\\\/strangercam\",\"https:\\\/\\\/x.com\\\/strangercamapp\"]}]}<\/script>\n<!-- \/ Yoast SEO plugin. -->","yoast_head_json":{"title":"Random Cam Chat z Random Chat na Strangercam.com","description":"Lubisz losowy czat przed kamer\u0105? Join miliony na StrangerCam.com! Rozpocznij losowy czat wideo, w\u0142\u0105cz kamer\u0119 i natychmiast poznaj nieznajomych.","robots":{"index":"index","follow":"follow","max-snippet":"max-snippet:-1","max-image-preview":"max-image-preview:large","max-video-preview":"max-video-preview:-1"},"canonical":"https:\/\/strangercam.com\/pl\/losowy-czat-przed-kamera\/","og_locale":"pl_PL","og_type":"article","og_title":"Random Cam Chat with Random Chat on Strangercam.com","og_description":"Liking Random Cam Chat? Join millions on StrangerCam.com! Start a random video chat, turn on your cam, and meet strangers instantly.","og_url":"https:\/\/strangercam.com\/pl\/losowy-czat-przed-kamera\/","og_site_name":"Strangercam","article_publisher":"https:\/\/www.facebook.com\/strangercam","article_modified_time":"2025-08-18T12:08:48+00:00","og_image":[{"width":800,"height":532,"url":"https:\/\/strangercam.com\/wp-content\/uploads\/2021\/10\/Untitled-2.png","type":"image\/png"}],"twitter_card":"summary_large_image","twitter_site":"@strangercamapp","twitter_misc":{"Szacowany czas czytania":"5 minut"},"schema":{"@context":"https:\/\/schema.org","@graph":[{"@type":"WebPage","@id":"https:\/\/strangercam.com\/random-cam-chat\/","url":"https:\/\/strangercam.com\/random-cam-chat\/","name":"Random Cam Chat z Random Chat na Strangercam.com","isPartOf":{"@id":"https:\/\/strangercam.com\/#website"},"datePublished":"2025-08-18T11:43:14+00:00","dateModified":"2025-08-18T12:08:48+00:00","description":"Lubisz losowy czat przed kamer\u0105? Join miliony na StrangerCam.com! Rozpocznij losowy czat wideo, w\u0142\u0105cz kamer\u0119 i natychmiast poznaj nieznajomych.","breadcrumb":{"@id":"https:\/\/strangercam.com\/random-cam-chat\/#breadcrumb"},"inLanguage":"pl-PL","potentialAction":[{"@type":"ReadAction","target":["https:\/\/strangercam.com\/random-cam-chat\/"]}]},{"@type":"BreadcrumbList","@id":"https:\/\/strangercam.com\/random-cam-chat\/#breadcrumb","itemListElement":[{"@type":"ListItem","position":1,"name":"Home","item":"https:\/\/strangercam.com\/"},{"@type":"ListItem","position":2,"name":"Random Cam Chat"}]},{"@type":"WebSite","@id":"https:\/\/strangercam.com\/#website","url":"https:\/\/strangercam.com\/","name":"Strangercam","description":"Losowy czat wideo z nieznajomymi","publisher":{"@id":"https:\/\/strangercam.com\/#organization"},"alternateName":"Strangercam.com","potentialAction":[{"@type":"SearchAction","target":{"@type":"EntryPoint","urlTemplate":"https:\/\/strangercam.com\/?s={search_term_string}"},"query-input":{"@type":"PropertyValueSpecification","valueRequired":true,"valueName":"search_term_string"}}],"inLanguage":"pl-PL"},{"@type":"Organization","@id":"https:\/\/strangercam.com\/#organization","name":"Strangercam","alternateName":"Strangercam.com","url":"https:\/\/strangercam.com\/","logo":{"@type":"ImageObject","inLanguage":"pl-PL","@id":"https:\/\/strangercam.com\/#\/schema\/logo\/image\/","url":"https:\/\/strangercam.com\/wp-content\/uploads\/2020\/11\/cropped-new-favicon-black.png","contentUrl":"https:\/\/strangercam.com\/wp-content\/uploads\/2020\/11\/cropped-new-favicon-black.png","width":512,"height":512,"caption":"Strangercam"},"image":{"@id":"https:\/\/strangercam.com\/#\/schema\/logo\/image\/"},"sameAs":["https:\/\/www.facebook.com\/strangercam","https:\/\/x.com\/strangercamapp"]}]}},"_links":{"self":[{"href":"https:\/\/strangercam.com\/pl\/wp-json\/wp\/v2\/pages\/201","targetHints":{"allow":["GET"]}}],"collection":[{"href":"https:\/\/strangercam.com\/pl\/wp-json\/wp\/v2\/pages"}],"about":[{"href":"https:\/\/strangercam.com\/pl\/wp-json\/wp\/v2\/types\/page"}],"author":[{"embeddable":true,"href":"https:\/\/strangercam.com\/pl\/wp-json\/wp\/v2\/users\/8"}],"replies":[{"embeddable":true,"href":"https:\/\/strangercam.com\/pl\/wp-json\/wp\/v2\/comments?post=201"}],"version-history":[{"count":2,"href":"https:\/\/strangercam.com\/pl\/wp-json\/wp\/v2\/pages\/201\/revisions"}],"predecessor-version":[{"id":12967,"href":"https:\/\/strangercam.com\/pl\/wp-json\/wp\/v2\/pages\/201\/revisions\/12967"}],"wp:attachment":[{"href":"https:\/\/strangercam.com\/pl\/wp-json\/wp\/v2\/media?parent=201"}],"curies":[{"name":"wp","href":"https:\/\/api.w.org\/{rel}","templated":true}]}}