{"id":148,"date":"2025-08-18T12:34:38","date_gmt":"2025-08-18T10:34:38","guid":{"rendered":"https:\/\/strangercam.com\/?page_id=148"},"modified":"2025-08-18T14:02:52","modified_gmt":"2025-08-18T12:02:52","slug":"rozmowa-miedzy-kamerami","status":"publish","type":"page","link":"https:\/\/strangercam.com\/pl\/rozmowa-miedzy-kamerami\/","title":{"rendered":"Darmowy czat mi\u0119dzy kamerami"},"content":{"rendered":"<p>Je\u015bli kiedykolwiek chcia\u0142e\u015b pozna\u0107 kogo\u015b nowego twarz\u0105 w twarz bez wychodzenia z domu, <a href=\"https:\/\/strangercam.com\/pl\/bazoocam\/\">krzywka<\/a> do kamery <a href=\"https:\/\/strangercam.com\/pl\/chathub\/\">czat<\/a> to jeden z najbardziej ekscytuj\u0105cych sposob\u00f3w na zrobienie tego. W przeciwie\u0144stwie do czatu tekstowego, gdzie nigdy nie mo\u017cesz by\u0107 pewien, kto naprawd\u0119 jest po drugiej stronie, czat wideo cam to cam stawia ci\u0119 bezpo\u015brednio przed prawdziwymi lud\u017ami - natychmiast. A co najlepsze? Dzi\u0119ki platformom takim jak StrangerCam, mo\u017cesz cieszy\u0107 si\u0119 darmowym czatem cam to cam bez konieczno\u015bci rejestracji, p\u0142acenia lub pobierania aplikacji.<\/p>\n<p>W tym przewodniku zbadamy, jak dzia\u0142a czat cam to cam, dlaczego jest tak popularny, kt\u00f3re funkcje s\u0105 najwa\u017cniejsze i jak wybra\u0107 najlepsze platformy w 2025 roku. Niezale\u017cnie od tego, czy jeste\u015b tutaj, aby pozna\u0107 nowych przyjaci\u00f3\u0142, pozna\u0107 dziewczyny, flirtowa\u0107, czy po prostu wyleczy\u0107 si\u0119 z nudy, ten artyku\u0142 da ci wszystko, co musisz wiedzie\u0107.<\/p>\n<h2>Czym jest czat mi\u0119dzy kamerami?<\/h2>\n<p>Czat cam to cam to system czatu wideo na \u017cywo, w kt\u00f3rym dwie osoby \u0142\u0105cz\u0105 si\u0119 twarz\u0105 w twarz za pomoc\u0105 swoich kamer internetowych. W przeciwie\u0144stwie do serwis\u00f3w streamingowych lub sieci spo\u0142eczno\u015bciowych, cam to cam polega na interakcji w czasie rzeczywistym - natychmiast widzisz i s\u0142yszysz drug\u0105 osob\u0119, a ona widzi i s\u0142yszy ciebie.<\/p>\n<p>W przeciwie\u0144stwie do po\u0142\u0105cze\u0144 grupowych lub konferencji, rozmowy cam to cam s\u0105 zwykle jeden na jednego, co czyni je bardziej osobistymi, prywatnymi i spontanicznymi.<\/p>\n<h2>Dlaczego ludzie kochaj\u0105 darmowy czat przed kamer\u0105<\/h2>\n<p>Istniej\u0105 niezliczone powody, dla kt\u00f3rych ludzie gromadz\u0105 si\u0119 na darmowych platformach czatowych:<\/p>\n<ul>\n<li>Natychmiastowe po\u0142\u0105czenie - poznaj prawdziwych ludzi z ca\u0142ego \u015bwiata w ci\u0105gu kilku sekund.<\/li>\n<li>Brak fa\u0142szywych profili - poniewa\u017c jeste\u015b na \u017cywo, wiesz, \u017ce druga osoba jest prawdziwa.<\/li>\n<li>Spontaniczno\u015b\u0107 - ka\u017cdy czat jest niespodziank\u0105; nigdy nie wiesz, kogo spotkasz.<\/li>\n<li>Zabawa i rozrywka - idealny spos\u00f3b na zabicie nudy, \u0107wiczenie umiej\u0119tno\u015bci spo\u0142ecznych lub flirtowanie.<\/li>\n<li>Anonimowo\u015b\u0107 - wiele witryn umo\u017cliwia zachowanie anonimowo\u015bci - konto nie jest wymagane.<\/li>\n<li>Zero koszt\u00f3w - dzi\u0119ki odpowiedniej platformie nie musisz p\u0142aci\u0107 za czatowanie z nieznajomymi przez wideo.<\/li>\n<\/ul>\n<h2>Jak dzia\u0142a czat mi\u0119dzy kamerami<\/h2>\n<p>Proces ten jest niezwykle prosty:<\/p>\n<ol>\n<li>Otw\u00f3rz stron\u0119 czatu na komputerze lub urz\u0105dzeniu mobilnym.<\/li>\n<li>Po wy\u015bwietleniu monitu zezw\u00f3l na dost\u0119p do kamery i mikrofonu.<\/li>\n<li>Kliknij \"Start\" lub \"Dalej\". Zostaniesz natychmiast po\u0142\u0105czony z przypadkowym nieznajomym.<\/li>\n<li>Czat na \u017cywo przed kamer\u0105. Je\u015bli nie czujesz sympatii do danej osoby, naci\u015bnij \"Dalej\" i przejd\u017a dalej.<\/li>\n<li>Powtarzaj tyle razy, ile chcesz - czat jest darmowy i nieograniczony.<\/li>\n<\/ol>\n<p>Na niekt\u00f3rych platformach mo\u017cesz zastosowa\u0107 filtry p\u0142ci lub kraju, aby poprawi\u0107 swoje dopasowania.<\/p>\n<h2>Najwa\u017cniejsze cechy, kt\u00f3rych nale\u017cy szuka\u0107<\/h2>\n<p>Wybieraj\u0105c witryn\u0119 do czatowania przed kamer\u0105, oto, co jest najwa\u017cniejsze:<\/p>\n<ul>\n<li>Darmowy dost\u0119p - nielimitowane czaty bez zap\u00f3r.<\/li>\n<li>Filtry p\u0142ci i lokalizacji - mo\u017cliwo\u015b\u0107 wyboru, z kim chcesz rozmawia\u0107.<\/li>\n<li>Po\u0142\u0105czenia jednym klikni\u0119ciem - brak skomplikowanej konfiguracji.<\/li>\n<li>Przyjazny dla urz\u0105dze\u0144 mobilnych - dzia\u0142a p\u0142ynnie zar\u00f3wno na telefonach, jak i komputerach.<\/li>\n<li>Moderacja i bezpiecze\u0144stwo - Aktywna ochrona przed botami, oszustami i nieodpowiednimi tre\u015bciami.<\/li>\n<li>Rejestracja nie jest wymagana - prawdziwa anonimowo\u015b\u0107 i prywatno\u015b\u0107.<\/li>\n<\/ul>\n<h2>Darmowy czat przed kamer\u0105 vs p\u0142atny czat przed kamer\u0105<\/h2>\n<p>Nie wszystkie platformy czatowe typu cam to cam s\u0105 sobie r\u00f3wne. Niekt\u00f3re oferuj\u0105 darmowy dost\u0119p z prawdziwymi losowymi po\u0142\u0105czeniami, podczas gdy inne ograniczaj\u0105 funkcje za \u015bcianami p\u0142atno\u015bci.<\/p>\n<p>Oto ich por\u00f3wnanie:<\/p>\n<table>\n<thead>\n<tr>\n<th>Cecha<\/th>\n<th>Darmowy czat mi\u0119dzy kamerami<\/th>\n<th>P\u0142atny czat mi\u0119dzy kamerami<\/th>\n<\/tr>\n<\/thead>\n<tbody>\n<tr>\n<td>Koszt<\/td>\n<td>Darmowy na zawsze<\/td>\n<td>Subskrypcja lub kredyty<\/td>\n<\/tr>\n<tr>\n<td>Anonimowo\u015b\u0107<\/td>\n<td>Rejestracja nie jest wymagana<\/td>\n<td>Wymaga konta\/p\u0142atno\u015bci<\/td>\n<\/tr>\n<tr>\n<td>Filtr p\u0142ci<\/td>\n<td>Dost\u0119pne na niekt\u00f3rych darmowych platformach (takich jak StrangerCam)<\/td>\n<td>Zawsze w zestawie<\/td>\n<\/tr>\n<tr>\n<td>Moderacja<\/td>\n<td>Tak (na zaufanych bezp\u0142atnych platformach)<\/td>\n<td>Tak<\/td>\n<\/tr>\n<tr>\n<td>Najlepsze dla<\/td>\n<td>Swobodna, spontaniczna zabawa<\/td>\n<td>Powa\u017cne randki, niszowe zainteresowania<\/td>\n<\/tr>\n<\/tbody>\n<\/table>\n<p>Dla wi\u0119kszo\u015bci u\u017cytkownik\u00f3w darmowy czat cam to cam jest najlepszym wyborem - jest spontaniczny, anonimowy i \u0142atwy w u\u017cyciu.<\/p>\n<h2>Tabela por\u00f3wnawcza: Najlepsze strony do czatowania przed kamer\u0105 w 2025 roku<\/h2>\n<table>\n<thead>\n<tr>\n<th>Platforma<\/th>\n<th align=\"center\">Bezp\u0142atny dost\u0119p<\/th>\n<th align=\"center\">Filtr p\u0142ci<\/th>\n<th align=\"center\">Wymagana rejestracja<\/th>\n<th align=\"center\">Przyjazny dla urz\u0105dze\u0144 mobilnych<\/th>\n<th>Uwagi<\/th>\n<\/tr>\n<\/thead>\n<tbody>\n<tr>\n<td>StrangerCam<\/td>\n<td align=\"center\">\u2705<\/td>\n<td align=\"center\">\u2705 (Free)<\/td>\n<td align=\"center\">\u274c<\/td>\n<td align=\"center\">\u2705<\/td>\n<td>Najlepszy wszechstronny darmowy czat mi\u0119dzy kamerami<\/td>\n<\/tr>\n<tr>\n<td><a href=\"https:\/\/strangercam.com\/pl\/chatroulette\/\">Chatroulette<\/a><\/td>\n<td align=\"center\">\u2705<\/td>\n<td align=\"center\">\u274c (p\u0142atne)<\/td>\n<td align=\"center\">\u274c<\/td>\n<td align=\"center\">\u2705<\/td>\n<td>Klasyka, ale filtr p\u0142ci zablokowany<\/td>\n<\/tr>\n<tr>\n<td>Chatrandom<\/td>\n<td align=\"center\">\u2705<\/td>\n<td align=\"center\">\u274c (p\u0142atne)<\/td>\n<td align=\"center\">\u274c<\/td>\n<td align=\"center\">\u2705<\/td>\n<td>Popularne, ale filtry kosztuj\u0105<\/td>\n<\/tr>\n<tr>\n<td><a href=\"https:\/\/strangercam.com\/pl\/ometv\/\">OmeTV<\/a><\/td>\n<td align=\"center\">\u2705<\/td>\n<td align=\"center\">\u274c<\/td>\n<td align=\"center\">\u274c<\/td>\n<td align=\"center\">\u2705<\/td>\n<td>Dobra aplikacja, tylko losowa<\/td>\n<\/tr>\n<tr>\n<td>Shagle<\/td>\n<td align=\"center\">\u2705<\/td>\n<td align=\"center\">\u274c (p\u0142atne)<\/td>\n<td align=\"center\">\u274c<\/td>\n<td align=\"center\">\u2705<\/td>\n<td>Paywalle dla lepszego dopasowania<\/td>\n<\/tr>\n<tr>\n<td><a href=\"https:\/\/strangercam.com\/pl\/coomeet\/\">CooMeet<\/a><\/td>\n<td align=\"center\">\u274c (Trial)<\/td>\n<td align=\"center\">\u2705<\/td>\n<td align=\"center\">\u2705<\/td>\n<td align=\"center\">\u2705<\/td>\n<td>G\u0142\u00f3wnie p\u0142atna us\u0142uga<\/td>\n<\/tr>\n<tr>\n<td>LuckyCrush<\/td>\n<td align=\"center\">\u274c<\/td>\n<td align=\"center\">\u2705<\/td>\n<td align=\"center\">\u2705<\/td>\n<td align=\"center\">\u2705<\/td>\n<td>Zale\u017cne od p\u0142ci, ale zawsze p\u0142atne<\/td>\n<\/tr>\n<\/tbody>\n<\/table>\n<p>StrangerCam jest jedn\u0105 z niewielu platform oferuj\u0105cych darmowy czat z prawdziwymi filtrami p\u0142ci - co\u015b, co wi\u0119kszo\u015b\u0107 konkurent\u00f3w ukrywa za p\u0142atnymi zaporami.<\/p>\n<h2>Dlaczego StrangerCam to najlepsze miejsce na darmowy czat mi\u0119dzy kamerami?<\/h2>\n<p>Oto dlaczego StrangerCam wyr\u00f3\u017cnia si\u0119 jako najlepszy wyb\u00f3r w 2025 roku:<\/p>\n<h3>1. Naprawd\u0119 za darmo, bez rejestracji<\/h3>\n<p>Bez ukrytych op\u0142at, bez limit\u00f3w, bez logowania. Po prostu otw\u00f3rz i zacznij czatowa\u0107.<\/p>\n<h3>2. Filtr p\u0142ci, kt\u00f3ry faktycznie dzia\u0142a<\/h3>\n<p>W przeciwie\u0144stwie do innych \"darmowych\" witryn, StrangerCam pozwala filtrowa\u0107 dziewczyny, facet\u00f3w lub jedno i drugie bez pobierania op\u0142at.<\/p>\n<h3>3. Aktywne moderowanie<\/h3>\n<p>Prawdziwi moderatorzy i filtry AI powstrzymuj\u0105 boty i nieuczciwych u\u017cytkownik\u00f3w.<\/p>\n<h3>4. Projekt zoptymalizowany pod k\u0105tem urz\u0105dze\u0144 mobilnych<\/h3>\n<p>Niezale\u017cnie od tego, czy korzystasz z iPhone'a, Androida czy komputera stacjonarnego, czat jest p\u0142ynny i wysokiej jako\u015bci.<\/p>\n<h3>5. Globalna spo\u0142eczno\u015b\u0107<\/h3>\n<p>U\u017cytkownicy z ponad 100 kraj\u00f3w umo\u017cliwiaj\u0105 czatowanie 24\/7.<\/p>\n<h3>6. Anonimowo\u015b\u0107 i prywatno\u015b\u0107<\/h3>\n<p>Bez rejestracji, bez \u015bledzenia, bez przechowywania czat\u00f3w wideo.<\/p>\n<h2>Prawdziwe opinie u\u017cytkownik\u00f3w<\/h2>\n<blockquote><p><em>\"Wypr\u00f3bowa\u0142em kilka stron z kamerkami, ale StrangerCam jest jedyn\u0105, kt\u00f3ra faktycznie da\u0142a mi darmowe, nieograniczone czaty bez zmuszania mnie do p\u0142acenia. Filtr p\u0142ci jest du\u017cym plusem.\"<\/em><br \/>\n- Kevin, 29 lat<\/p><\/blockquote>\n<blockquote><p><em>\"Jako dziewczyna czuj\u0119 si\u0119 tu bezpieczniej, poniewa\u017c panuje tu odpowiedni umiar. Mog\u0119 natychmiast pomin\u0105\u0107, je\u015bli kto\u015b jest niegrzeczny\".<\/em><br \/>\n- Anna, 22 lata<\/p><\/blockquote>\n<blockquote><p><em>\"Dzia\u0142a idealnie na moim telefonie. W ci\u0105gu kilku minut rozmawia\u0142em z kim\u015b z W\u0142och. Darmowy czat cam to cam nie jest lepszy ni\u017c ten.\"<\/em><br \/>\n- David, 24 lata<\/p><\/blockquote>\n<h2>Wskaz\u00f3wki dotycz\u0105ce bezpiecze\u0144stwa na czacie Cam to Cam<\/h2>\n<p>Aby bezpiecznie korzysta\u0107 z czatu cam to cam:<\/p>\n<ul>\n<li>Nie udost\u0119pniaj danych osobowych (prawdziwego imienia i nazwiska, adresu, numeru telefonu).<\/li>\n<li>Unikaj klikania link\u00f3w wysy\u0142anych przez nieznajomych.<\/li>\n<li>U\u017cywaj przycisku \"Dalej\" swobodnie - nie pozosta\u0144 w czatach, kt\u00f3re wydaj\u0105 si\u0119 niekomfortowe.<\/li>\n<li>T\u0142o powinno by\u0107 neutralne, aby unikn\u0105\u0107 ujawniania danych osobowych.<\/li>\n<li>Natychmiast zg\u0142aszaj z\u0142e zachowanie.<\/li>\n<\/ul>\n<h2>Jak rozpocz\u0105\u0107 darmowy czat przed kamer\u0105 w kilka sekund?<\/h2>\n<ol>\n<li>Otw\u00f3rz platform\u0119.<\/li>\n<li>Zezw\u00f3l na dost\u0119p do kamery i mikrofonu.<\/li>\n<li>Wybierz swoje preferencje (np. filtr p\u0142ci).<\/li>\n<li>Kliknij \"Rozpocznij czat\".<\/li>\n<li>Ciesz si\u0119 po\u0142\u0105czeniem na \u017cywo mi\u0119dzy kamerami.<\/li>\n<\/ol>\n<p>Przej\u015bcie od znudzenia do rozmowy na \u017cywo z nieznajomym zajmuje mniej ni\u017c minut\u0119.<\/p>\n<h2>Przemy\u015blenia ko\u0144cowe - wypr\u00f3buj darmowy czat Cam to Cam ju\u017c dzi\u015b<\/h2>\n<p>W 2025 roku czat cam to cam pozostaje jednym z najlepszych sposob\u00f3w na poznawanie nowych ludzi, nawi\u0105zywanie przyja\u017ani i cieszenie si\u0119 spontanicznymi rozmowami. Jednak nie wszystkie platformy s\u0105 sobie r\u00f3wne. Wiele z nich pobiera op\u0142aty, ogranicza funkcje lub nie chroni u\u017cytkownik\u00f3w przed botami i spamem.<\/p>\n<p>W\u0142a\u015bnie dlatego darmowy czat cam to cam na StrangerCam wyr\u00f3\u017cnia si\u0119 na tle innych. Dzi\u0119ki prawdziwym filtrom p\u0142ci, natychmiastowemu dost\u0119powi, globalnym u\u017cytkownikom i \u015bcis\u0142ej moderacji, jest to jedno z najbezpieczniejszych i najprzyjemniejszych miejsc do poznawania nieznajomych online.<\/p>\n<p>Gotowy, aby spr\u00f3bowa\u0107? Wskocz na darmowy czat cam to cam ju\u017c teraz i zobacz, kogo spotkasz w przysz\u0142o\u015bci!<\/p>","protected":false},"excerpt":{"rendered":"<p>If you\u2019ve ever wanted to meet someone new face-to-face without leaving your home, cam to cam chat is one of the most exciting ways to do it. Unlike text chat, where you can never be sure who\u2019s really on the other side, cam to cam video chat puts you directly in front of real people\u2014instantly. [&hellip;]<\/p>\n","protected":false},"author":8,"featured_media":0,"parent":0,"menu_order":0,"comment_status":"closed","ping_status":"closed","template":"","meta":{"footnotes":""},"class_list":["post-148","page","type-page","status-publish","hentry"],"yoast_head":"<!-- This site is optimized with the Yoast SEO plugin v26.9 - https:\/\/yoast.com\/product\/yoast-seo-wordpress\/ -->\n<title>Free Cam to Cam Chat with Random Chat on Strangercam.com<\/title>\n<meta name=\"description\" content=\"Liking Free Cam to Cam Chat? Join millions on StrangerCam.com! Start a random video chat, turn on your cam, and meet strangers instantly.\" \/>\n<meta name=\"robots\" content=\"index, follow, max-snippet:-1, max-image-preview:large, max-video-preview:-1\" \/>\n<link rel=\"canonical\" href=\"https:\/\/strangercam.com\/pl\/rozmowa-miedzy-kamerami\/\" \/>\n<meta property=\"og:locale\" content=\"pl_PL\" \/>\n<meta property=\"og:type\" content=\"article\" \/>\n<meta property=\"og:title\" content=\"Free Cam to Cam Chat with Random Chat on Strangercam.com\" \/>\n<meta property=\"og:description\" content=\"Liking Free Cam to Cam Chat? Join millions on StrangerCam.com! Start a random video chat, turn on your cam, and meet strangers instantly.\" \/>\n<meta property=\"og:url\" content=\"https:\/\/strangercam.com\/pl\/rozmowa-miedzy-kamerami\/\" \/>\n<meta property=\"og:site_name\" content=\"Strangercam\" \/>\n<meta property=\"article:publisher\" content=\"https:\/\/www.facebook.com\/strangercam\" \/>\n<meta property=\"article:modified_time\" content=\"2025-08-18T12:02:52+00:00\" \/>\n<meta property=\"og:image\" content=\"https:\/\/strangercam.com\/wp-content\/uploads\/2021\/10\/Untitled-2.png\" \/>\n\t<meta property=\"og:image:width\" content=\"800\" \/>\n\t<meta property=\"og:image:height\" content=\"532\" \/>\n\t<meta property=\"og:image:type\" content=\"image\/png\" \/>\n<meta name=\"twitter:card\" content=\"summary_large_image\" \/>\n<meta name=\"twitter:site\" content=\"@strangercamapp\" \/>\n<meta name=\"twitter:label1\" content=\"Szacowany czas czytania\" \/>\n\t<meta name=\"twitter:data1\" content=\"5 minut\" \/>\n<script type=\"application\/ld+json\" class=\"yoast-schema-graph\">{\"@context\":\"https:\/\/schema.org\",\"@graph\":[{\"@type\":\"WebPage\",\"@id\":\"https:\/\/strangercam.com\/cam-to-cam-chat\/\",\"url\":\"https:\/\/strangercam.com\/cam-to-cam-chat\/\",\"name\":\"Free Cam to Cam Chat with Random Chat on Strangercam.com\",\"isPartOf\":{\"@id\":\"https:\/\/strangercam.com\/#website\"},\"datePublished\":\"2025-08-18T10:34:38+00:00\",\"dateModified\":\"2025-08-18T12:02:52+00:00\",\"description\":\"Liking Free Cam to Cam Chat? Join millions on StrangerCam.com! Start a random video chat, turn on your cam, and meet strangers instantly.\",\"breadcrumb\":{\"@id\":\"https:\/\/strangercam.com\/cam-to-cam-chat\/#breadcrumb\"},\"inLanguage\":\"pl-PL\",\"potentialAction\":[{\"@type\":\"ReadAction\",\"target\":[\"https:\/\/strangercam.com\/cam-to-cam-chat\/\"]}]},{\"@type\":\"BreadcrumbList\",\"@id\":\"https:\/\/strangercam.com\/cam-to-cam-chat\/#breadcrumb\",\"itemListElement\":[{\"@type\":\"ListItem\",\"position\":1,\"name\":\"Home\",\"item\":\"https:\/\/strangercam.com\/\"},{\"@type\":\"ListItem\",\"position\":2,\"name\":\"Free Cam to Cam Chat\"}]},{\"@type\":\"WebSite\",\"@id\":\"https:\/\/strangercam.com\/#website\",\"url\":\"https:\/\/strangercam.com\/\",\"name\":\"Strangercam\",\"description\":\"Random Video Chat with Strangers\",\"publisher\":{\"@id\":\"https:\/\/strangercam.com\/#organization\"},\"alternateName\":\"Strangercam.com\",\"potentialAction\":[{\"@type\":\"SearchAction\",\"target\":{\"@type\":\"EntryPoint\",\"urlTemplate\":\"https:\/\/strangercam.com\/?s={search_term_string}\"},\"query-input\":{\"@type\":\"PropertyValueSpecification\",\"valueRequired\":true,\"valueName\":\"search_term_string\"}}],\"inLanguage\":\"pl-PL\"},{\"@type\":\"Organization\",\"@id\":\"https:\/\/strangercam.com\/#organization\",\"name\":\"Strangercam\",\"alternateName\":\"Strangercam.com\",\"url\":\"https:\/\/strangercam.com\/\",\"logo\":{\"@type\":\"ImageObject\",\"inLanguage\":\"pl-PL\",\"@id\":\"https:\/\/strangercam.com\/#\/schema\/logo\/image\/\",\"url\":\"https:\/\/strangercam.com\/wp-content\/uploads\/2020\/11\/cropped-new-favicon-black.png\",\"contentUrl\":\"https:\/\/strangercam.com\/wp-content\/uploads\/2020\/11\/cropped-new-favicon-black.png\",\"width\":512,\"height\":512,\"caption\":\"Strangercam\"},\"image\":{\"@id\":\"https:\/\/strangercam.com\/#\/schema\/logo\/image\/\"},\"sameAs\":[\"https:\/\/www.facebook.com\/strangercam\",\"https:\/\/x.com\/strangercamapp\"]}]}<\/script>\n<!-- \/ Yoast SEO plugin. -->","yoast_head_json":{"title":"Darmowy czat mi\u0119dzy kamerami z losowym czatem na Strangercam.com","description":"Lubisz darmowy czat mi\u0119dzy kamerami? Join miliony na StrangerCam.com! Rozpocznij losowy czat wideo, w\u0142\u0105cz kamer\u0119 i natychmiast poznaj nieznajomych.","robots":{"index":"index","follow":"follow","max-snippet":"max-snippet:-1","max-image-preview":"max-image-preview:large","max-video-preview":"max-video-preview:-1"},"canonical":"https:\/\/strangercam.com\/pl\/rozmowa-miedzy-kamerami\/","og_locale":"pl_PL","og_type":"article","og_title":"Free Cam to Cam Chat with Random Chat on Strangercam.com","og_description":"Liking Free Cam to Cam Chat? Join millions on StrangerCam.com! Start a random video chat, turn on your cam, and meet strangers instantly.","og_url":"https:\/\/strangercam.com\/pl\/rozmowa-miedzy-kamerami\/","og_site_name":"Strangercam","article_publisher":"https:\/\/www.facebook.com\/strangercam","article_modified_time":"2025-08-18T12:02:52+00:00","og_image":[{"width":800,"height":532,"url":"https:\/\/strangercam.com\/wp-content\/uploads\/2021\/10\/Untitled-2.png","type":"image\/png"}],"twitter_card":"summary_large_image","twitter_site":"@strangercamapp","twitter_misc":{"Szacowany czas czytania":"5 minut"},"schema":{"@context":"https:\/\/schema.org","@graph":[{"@type":"WebPage","@id":"https:\/\/strangercam.com\/cam-to-cam-chat\/","url":"https:\/\/strangercam.com\/cam-to-cam-chat\/","name":"Darmowy czat mi\u0119dzy kamerami z losowym czatem na Strangercam.com","isPartOf":{"@id":"https:\/\/strangercam.com\/#website"},"datePublished":"2025-08-18T10:34:38+00:00","dateModified":"2025-08-18T12:02:52+00:00","description":"Lubisz darmowy czat mi\u0119dzy kamerami? Join miliony na StrangerCam.com! Rozpocznij losowy czat wideo, w\u0142\u0105cz kamer\u0119 i natychmiast poznaj nieznajomych.","breadcrumb":{"@id":"https:\/\/strangercam.com\/cam-to-cam-chat\/#breadcrumb"},"inLanguage":"pl-PL","potentialAction":[{"@type":"ReadAction","target":["https:\/\/strangercam.com\/cam-to-cam-chat\/"]}]},{"@type":"BreadcrumbList","@id":"https:\/\/strangercam.com\/cam-to-cam-chat\/#breadcrumb","itemListElement":[{"@type":"ListItem","position":1,"name":"Home","item":"https:\/\/strangercam.com\/"},{"@type":"ListItem","position":2,"name":"Free Cam to Cam Chat"}]},{"@type":"WebSite","@id":"https:\/\/strangercam.com\/#website","url":"https:\/\/strangercam.com\/","name":"Strangercam","description":"Losowy czat wideo z nieznajomymi","publisher":{"@id":"https:\/\/strangercam.com\/#organization"},"alternateName":"Strangercam.com","potentialAction":[{"@type":"SearchAction","target":{"@type":"EntryPoint","urlTemplate":"https:\/\/strangercam.com\/?s={search_term_string}"},"query-input":{"@type":"PropertyValueSpecification","valueRequired":true,"valueName":"search_term_string"}}],"inLanguage":"pl-PL"},{"@type":"Organization","@id":"https:\/\/strangercam.com\/#organization","name":"Strangercam","alternateName":"Strangercam.com","url":"https:\/\/strangercam.com\/","logo":{"@type":"ImageObject","inLanguage":"pl-PL","@id":"https:\/\/strangercam.com\/#\/schema\/logo\/image\/","url":"https:\/\/strangercam.com\/wp-content\/uploads\/2020\/11\/cropped-new-favicon-black.png","contentUrl":"https:\/\/strangercam.com\/wp-content\/uploads\/2020\/11\/cropped-new-favicon-black.png","width":512,"height":512,"caption":"Strangercam"},"image":{"@id":"https:\/\/strangercam.com\/#\/schema\/logo\/image\/"},"sameAs":["https:\/\/www.facebook.com\/strangercam","https:\/\/x.com\/strangercamapp"]}]}},"_links":{"self":[{"href":"https:\/\/strangercam.com\/pl\/wp-json\/wp\/v2\/pages\/148","targetHints":{"allow":["GET"]}}],"collection":[{"href":"https:\/\/strangercam.com\/pl\/wp-json\/wp\/v2\/pages"}],"about":[{"href":"https:\/\/strangercam.com\/pl\/wp-json\/wp\/v2\/types\/page"}],"author":[{"embeddable":true,"href":"https:\/\/strangercam.com\/pl\/wp-json\/wp\/v2\/users\/8"}],"replies":[{"embeddable":true,"href":"https:\/\/strangercam.com\/pl\/wp-json\/wp\/v2\/comments?post=148"}],"version-history":[{"count":2,"href":"https:\/\/strangercam.com\/pl\/wp-json\/wp\/v2\/pages\/148\/revisions"}],"predecessor-version":[{"id":12962,"href":"https:\/\/strangercam.com\/pl\/wp-json\/wp\/v2\/pages\/148\/revisions\/12962"}],"wp:attachment":[{"href":"https:\/\/strangercam.com\/pl\/wp-json\/wp\/v2\/media?parent=148"}],"curies":[{"name":"wp","href":"https:\/\/api.w.org\/{rel}","templated":true}]}}