{"id":1319,"date":"2021-04-06T11:11:22","date_gmt":"2021-04-06T09:11:22","guid":{"rendered":"https:\/\/strangercam.com\/?page_id=1319"},"modified":"2023-08-21T11:40:39","modified_gmt":"2023-08-21T09:40:39","slug":"camloo","status":"publish","type":"page","link":"https:\/\/strangercam.com\/pl\/camloo\/","title":{"rendered":"Camloo"},"content":{"rendered":"<p>Camloo to wideo na \u017cywo <a href=\"https:\/\/strangercam.com\/pl\/chatroulette\/\">czat<\/a> oprogramowanie, kt\u00f3re pomaga <a href=\"https:\/\/strangercam.com\/pl\/coomeet\/\">spotkanie<\/a> przypadkowych os\u00f3b przez Internet. Zalet\u0105 korzystania z Camloo jest to, \u017ce umo\u017cliwia \u0142\u0105czenie si\u0119 z r\u00f3\u017cnymi lud\u017ami na ca\u0142ym \u015bwiecie za pomoc\u0105 klikni\u0119cia palcem. Dzi\u0119ki najnowszej funkcji po\u0142\u0105cze\u0144 wideo mo\u017cna \u0142atwo nawi\u0105zywa\u0107 znajomo\u015bci poprzez przypadkowe pogaw\u0119dki, randki online, rozmowy i inne.<\/p>\n<p>Camloo pomaga poznawa\u0107 interesuj\u0105cych ludzi z ca\u0142ego \u015bwiata poprzez przypadkowe rozmowy. Co wi\u0119cej, ta aplikacja pozwala komunikowa\u0107 si\u0119 z nieznajomymi, aby natychmiast po\u0142\u0105czy\u0107 si\u0119 z energicznymi rozmowami.<\/p>\n<p>Na co czekasz, przyjd\u017a i do\u0142\u0105cz do tej interesuj\u0105cej spo\u0142eczno\u015bci Camloo?<\/p>\n<h2>Cechy Camloo<\/h2>\n<p>Poznawanie r\u00f3\u017cnych ludzi z ca\u0142ego \u015bwiata jest nie tylko \u0142atwe, ale tak\u017ce proste dzi\u0119ki Camloo. Je\u015bli jeste\u015b jednym z tych, kt\u00f3rzy z niecierpliwo\u015bci\u0105 czekaj\u0105 na randk\u0119, to Camloo jest idealn\u0105 platform\u0105 dla Ciebie. Dzi\u0119ki Camloo w smartfonie mo\u017cesz codziennie dokonywa\u0107 nowych odkry\u0107.<\/p>\n<p>Co wi\u0119cej, jest to idealna platforma do dzielenia si\u0119 swoimi uczuciami, pomys\u0142ami, a nawet osobistymi dyskusjami z kim\u015b.<br \/>\nCamloo mo\u017ce pom\u00f3c po\u0142\u0105czy\u0107 wszystkich ludzi w \u015bwiecie Internetu. Z Camloo w d\u0142oni nigdy nie poczujesz si\u0119 samotny. Funkcje Camloo pomog\u0105 natychmiast po\u0142\u0105czy\u0107 si\u0119 z partnerem.<\/p>\n<p>Teraz mo\u017cesz \u0142atwo i bez zak\u0142\u00f3ce\u0144 \u0142\u0105czy\u0107 si\u0119 z bardziej znacz\u0105cymi rozmowami z nieznajomymi z ca\u0142ego \u015bwiata.<\/p>\n<h2>Funkcje losowego czatu wideo<\/h2>\n<ul>\n<li>\u0141atwy czat - \u0141\u0105czenie si\u0119 z nieznajomymi w Camloo jest proste i \u0142atwe. Co wi\u0119cej, zapewnia r\u00f3wnie\u017c czat wideo bez \u017cadnych koszt\u00f3w. Mo\u017cesz nawet u\u017cy\u0107 bardziej spersonalizowanej wersji Camloo, kt\u00f3ra pomo\u017ce ci odkry\u0107 bardziej interesuj\u0105ce funkcje tej platformy.<\/li>\n<li>Znalezienie \u015bwietnego po\u0142\u0105czenia - Je\u015bli chcesz przej\u015b\u0107 do innego po\u0142\u0105czenia w Camloo, mo\u017cesz to zrobi\u0107 jak bu\u0142ka z mas\u0142em. Wystarczy nacisn\u0105\u0107 nast\u0119pn\u0105 strza\u0142k\u0119, aby <a href=\"https:\/\/strangercam.com\/pl\/american-random-video-call\/\">po\u0142\u0105czenie wideo<\/a> do innej osoby po zako\u0144czeniu poprzedniego po\u0142\u0105czenia. \u0141atwe, prawda?<\/li>\n<li>Nawi\u0105zywanie nowych znajomo\u015bci - spo\u0142eczno\u015b\u0107 Camloo czeka, aby\u015b codziennie poznawa\u0142 nowych i interesuj\u0105cych ludzi. Lepiej nie kaza\u0107 im na siebie czeka\u0107. Nawi\u0105zywanie nowych znajomo\u015bci i kontakty towarzyskie na tej wspania\u0142ej platformie s\u0105 nie tylko najlepsze, ale tak\u017ce idealne dla Ciebie.<\/li>\n<li>Zaprezentuj sw\u00f3j talent - Masz \u015bwietny g\u0142os? Czy tw\u00f3j taniec sprawia, \u017ce \u015bwiat ta\u0144czy za twoj\u0105 op\u0142at\u0105? W takim razie Camloo to najlepsza platforma, jakiej potrzebujesz. Camloo mo\u017ce wydoby\u0107 to, co najlepsze z twojego talentu i pom\u00f3c ci sta\u0107 si\u0119 supergwiazd\u0105.<\/li>\n<li>Czyste bezpiecze\u0144stwo - zesp\u00f3\u0142 Camloo ci\u0119\u017cko pracuje, aby czatowanie by\u0142o \u0142atwe i bezpieczne. To nie tylko sprawia, \u017ce nie musisz si\u0119 martwi\u0107, ale tak\u017ce bezstresowe od hakowania i innych kwestii bezpiecze\u0144stwa. Nigdy nie zapomnij sprawdzi\u0107 ich wskaz\u00f3wek dotycz\u0105cych prywatno\u015bci, aby uzyska\u0107 ca\u0142kowity spok\u00f3j ducha.<\/li>\n<\/ul>\n<h2>Plusy i minusy Camloo<\/h2>\n<p>Istnieje wiele aplikacji randkowych, ale Camloo jest inna. To nie tylko spos\u00f3b na poznanie przypadkowych ludzi, to spos\u00f3b na poznanie przypadkowych ludzi i dobr\u0105 zabaw\u0119. Ale czy naprawd\u0119 warto po\u015bwi\u0119ca\u0107 sw\u00f3j czas? Przyjrzyjmy si\u0119 zaletom i wadom Camloo.<\/p>\n<h4>PLUSY:<\/h4>\n<ul>\n<li style=\"font-weight: 400;\" aria-level=\"1\">Jest darmowa! Nie musisz nic p\u0142aci\u0107, aby korzysta\u0107 z aplikacji.<\/li>\n<li style=\"font-weight: 400;\" aria-level=\"1\">Jest \u0142atwy w u\u017cyciu. Interfejs jest prosty i nieskomplikowany.<\/li>\n<li style=\"font-weight: 400;\" aria-level=\"1\">Jest anonimowy. Nie musisz podawa\u0107 prawdziwego imienia i nazwiska ani \u017cadnych danych osobowych.<\/li>\n<li style=\"font-weight: 400;\" aria-level=\"1\">Jest szybki. Mo\u017cesz szybko przegl\u0105da\u0107 profile i znale\u017a\u0107 kogo\u015b do rozmowy.<\/li>\n<\/ul>\n<h4>KONS:<\/h4>\n<ul>\n<li style=\"font-weight: 400;\" aria-level=\"1\">Nie jest zbyt popularna. W aplikacji nie ma jeszcze wielu u\u017cytkownik\u00f3w, wi\u0119c opcje mog\u0105 by\u0107 ograniczone.<\/li>\n<li style=\"font-weight: 400;\" aria-level=\"1\">Nie jest zbyt dobrze znana. Camloo nie jest tak dobrze znana jak inne aplikacje randkowe, wi\u0119c znalezienie dopasowania mo\u017ce by\u0107 trudniejsze.<\/li>\n<\/ul>\n<h2>Jak korzysta\u0107 z Camloo?<\/h2>\n<p>Je\u015bli szukasz nowego sposobu na poznawanie przypadkowych os\u00f3b, Camloo to \u015bwietna opcja. Oto jak z niej korzysta\u0107:<\/p>\n<ol>\n<li style=\"font-weight: 400;\" aria-level=\"1\">Za\u0142\u00f3\u017c konto. B\u0119dziesz musia\u0142 poda\u0107 kilka podstawowych informacji, takich jak imi\u0119 i nazwisko oraz adres e-mail.<\/li>\n<li style=\"font-weight: 400;\" aria-level=\"1\">Po zalogowaniu zobaczysz list\u0119 wszystkich dost\u0119pnych u\u017cytkownik\u00f3w. Mo\u017cesz je przegl\u0105da\u0107 lub u\u017cy\u0107 funkcji wyszukiwania, aby znale\u017a\u0107 kogo\u015b konkretnego.<\/li>\n<li style=\"font-weight: 400;\" aria-level=\"1\">Gdy znajdziesz osob\u0119, z kt\u00f3r\u0105 chcesz porozmawia\u0107, po prostu kliknij jej imi\u0119, a zostaniesz przeniesiony na jej stron\u0119 profilow\u0105. Stamt\u0105d mo\u017cesz rozpocz\u0105\u0107 rozmow\u0119, wpisuj\u0105c tekst w polu tekstowym na dole strony.<\/li>\n<li style=\"font-weight: 400;\" aria-level=\"1\">To wszystko! Mo\u017cesz kontynuowa\u0107 rozmow\u0119 tak d\u0142ugo, jak chcesz, lub przej\u015b\u0107 do kogo\u015b innego w dowolnym momencie.<\/li>\n<\/ol>\n<h2>Dlaczego Camloo jest tak popularn\u0105 platform\u0105 do losowych rozm\u00f3w wideo?<\/h2>\n<p>Camloo to nowa platforma do losowych rozm\u00f3w wideo, kt\u00f3ra szturmem zdobywa internet. Istnieje wiele powod\u00f3w, dla kt\u00f3rych Camloo jest tak popularny, ale jednym z g\u0142\u00f3wnych jest to, \u017ce pozwala u\u017cytkownikom poznawa\u0107 nowych ludzi z ca\u0142ego \u015bwiata w zabawny i interaktywny spos\u00f3b.<\/p>\n<p>Innym powodem, dla kt\u00f3rego Camloo jest tak popularny, jest to, \u017ce jest to bardzo bezpieczny spos\u00f3b na czatowanie z nieznajomymi. Wszystkie rozmowy s\u0105 szyfrowane, a Camloo oferuje r\u00f3wnie\u017c szereg funkcji bezpiecze\u0144stwa, takich jak mo\u017cliwo\u015b\u0107 zg\u0142aszania u\u017cytkownik\u00f3w, kt\u00f3rzy zachowuj\u0105 si\u0119 niew\u0142a\u015bciwie.<\/p>\n<p>Je\u015bli wi\u0119c szukasz nowego i ekscytuj\u0105cego sposobu na poznanie przypadkowych ludzi z ca\u0142ego \u015bwiata, koniecznie sprawd\u017a Camloo!<\/p>\n<h2>Jak maksymalnie wykorzysta\u0107 Camloo?<\/h2>\n<p>Je\u015bli jeste\u015b kim\u015b, kto uwielbia poznawa\u0107 nowych ludzi i nawi\u0105zywa\u0107 przyja\u017anie, to Camloo jest idealn\u0105 platform\u0105 dla Ciebie. Camloo to nowy serwis spo\u0142eczno\u015bciowy, kt\u00f3ry pomaga \u0142\u0105czy\u0107 si\u0119 z przypadkowymi osobami z ca\u0142ego \u015bwiata. Mo\u017cesz u\u017cywa\u0107 Camloo do czatowania z nowymi przyjaci\u00f3\u0142mi, poznawania nowych ludzi, a nawet znajdowania mi\u0142o\u015bci. Ale jak najlepiej wykorzysta\u0107 Camloo? Oto kilka wskaz\u00f3wek:<\/p>\n<ol>\n<li style=\"font-weight: 400;\" aria-level=\"1\">\u00a0U\u017cyj funkcji wyszukiwania, aby znale\u017a\u0107 osoby, kt\u00f3re podzielaj\u0105 Twoje zainteresowania. W ten spos\u00f3b mo\u017cna \u0142atwiej rozpocz\u0105\u0107 rozmow\u0119.<\/li>\n<li style=\"font-weight: 400;\" aria-level=\"1\">\u00a0Do\u0142\u0105cz do grup i bierz udzia\u0142 w dyskusjach. To \u015bwietny spos\u00f3b na poznanie nowych ludzi i nawi\u0105zanie przyja\u017ani.<\/li>\n<li style=\"font-weight: 400;\" aria-level=\"1\">B\u0105d\u017a aktywny na stronie. Im bardziej jeste\u015b aktywny, tym wi\u0119ksze prawdopodobie\u0144stwo, \u017ce ludzie b\u0119d\u0105 chcieli zosta\u0107 Twoimi znajomymi.<\/li>\n<li style=\"font-weight: 400;\" aria-level=\"1\">B\u0105d\u017a sob\u0105! Nie b\u00f3j si\u0119 pokaza\u0107 swojej osobowo\u015bci na Camloo. To \u015bwietny spos\u00f3b na nawi\u0105zanie przyja\u017ani i poznanie nowych ludzi.<\/li>\n<\/ol>\n<h2>Czy Camloo jest bezpieczny?<\/h2>\n<p>Je\u015bli chodzi o randki online, bezpiecze\u0144stwo jest zawsze g\u0142\u00f3wnym zmartwieniem. Czy wi\u0119c Camloo jest bezpieczny? Kr\u00f3tka odpowied\u017a brzmi: tak, Camloo to bezpieczny spos\u00f3b na poznawanie nowych ludzi online. Oto kilka rzeczy, kt\u00f3re robimy, aby zapewni\u0107 bezpiecze\u0144stwo naszym cz\u0142onkom:<\/p>\n<p>Zezwalamy u\u017cytkownikom na rejestracj\u0119 wy\u0142\u0105cznie przy u\u017cyciu wa\u017cnego adresu e-mail. Pomaga nam to zweryfikowa\u0107 ka\u017cdego u\u017cytkownika i upewni\u0107 si\u0119, \u017ce jest tym, za kogo si\u0119 podaje.<\/p>\n<p>Stosujemy \u015bcis\u0142\u0105 polityk\u0119 antyspamow\u0105. Oznacza to, \u017ce u\u017cytkownicy mog\u0105 wysy\u0142a\u0107 wiadomo\u015bci tylko do tych u\u017cytkownik\u00f3w, kt\u00f3rzy wyrazili na to zgod\u0119. Pomaga to ograniczy\u0107 niechciane wiadomo\u015bci i spam.<\/p>\n<p>Moderujemy wszystkie profile i zdj\u0119cia przed ich opublikowaniem na stronie. Pomaga to zapewni\u0107, \u017ce wszyscy cz\u0142onkowie s\u0105 autentyczni i \u017ce nie ma fa\u0142szywych profili ani zdj\u0119\u0107.<\/p>\n<p>Mamy dedykowany zesp\u00f3\u0142 przedstawicieli obs\u0142ugi klienta, kt\u00f3rzy s\u0105 dost\u0119pni 24 godziny na dob\u0119, 7 dni w tygodniu, aby pom\u00f3c w przypadku jakichkolwiek w\u0105tpliwo\u015bci lub pyta\u0144.<\/p>\n<p>Mo\u017cesz by\u0107 wi\u0119c spokojny, Camloo to bezpieczny spos\u00f3b na poznawanie nowych os\u00f3b online.<\/p>\n<h2>\u015arodki zapobiegawcze, kt\u00f3re nale\u017cy podj\u0105\u0107 podczas korzystania z losowej platformy czatu wideo:<\/h2>\n<p>Podczas korzystania z dowolnego <a href=\"https:\/\/strangercam.com\/pl\/chathub\/\">Losowy czat wideo<\/a> Platforma, wa\u017cne jest, aby podj\u0105\u0107 pewne \u015brodki zapobiegawcze w celu zapewnienia sobie bezpiecze\u0144stwa. Oto kilka wskaz\u00f3wek:<\/p>\n<ul>\n<li style=\"font-weight: 400;\" aria-level=\"1\">Nigdy nie podawaj danych osobowych, takich jak imi\u0119 i nazwisko, adres czy numer telefonu.<\/li>\n<li style=\"font-weight: 400;\" aria-level=\"1\">Je\u015bli kto\u015b, z kim rozmawiasz na czacie, prosi o podanie danych osobowych, grzecznie odm\u00f3w i zako\u0144cz rozmow\u0119.<\/li>\n<li style=\"font-weight: 400;\" aria-level=\"1\">Unikaj wysy\u0142ania lub przyjmowania jakichkolwiek plik\u00f3w od os\u00f3b, kt\u00f3rych nie znasz. Pliki te mog\u0105 zawiera\u0107 wirusy lub z\u0142o\u015bliwe oprogramowanie, kt\u00f3re mo\u017ce uszkodzi\u0107 komputer.<\/li>\n<li style=\"font-weight: 400;\" aria-level=\"1\">Je\u015bli kiedykolwiek poczujesz si\u0119 niekomfortowo lub zagro\u017cony podczas czatu, natychmiast zako\u0144cz rozmow\u0119 i zg\u0142o\u015b u\u017cytkownika administratorom platformy.<\/li>\n<\/ul>\n<h2>Wnioski<\/h2>\n<p>Camloo to \u015bwietny spos\u00f3b na poznanie nowych ludzi, niezale\u017cnie od tego, czy szukasz mi\u0142o\u015bci, czy po prostu chcesz pozna\u0107 nowych przyjaci\u00f3\u0142. Najlepsz\u0105 cz\u0119\u015bci\u0105 Camloo jest to, \u017ce jest ca\u0142kowicie darmowy, wi\u0119c nie masz nic do stracenia, pr\u00f3buj\u0105c go. Zarejestruj si\u0119 ju\u017c dzi\u015b i zobacz, kogo spotkasz.<\/p>","protected":false},"excerpt":{"rendered":"<p>Camloo is a live video chat software that helps you to meet random people over the internet. The benefit of using Camloo is that enables you to connect with different people around the world with the click of your finger. With its latest video-enabled calling, you can make friends easily through random chit-chats, online dating, [&hellip;]<\/p>\n","protected":false},"author":6,"featured_media":559,"parent":0,"menu_order":0,"comment_status":"closed","ping_status":"closed","template":"","meta":{"footnotes":""},"class_list":["post-1319","page","type-page","status-publish","has-post-thumbnail","hentry"],"yoast_head":"<!-- This site is optimized with the Yoast SEO plugin v27.4 - https:\/\/yoast.com\/product\/yoast-seo-wordpress\/ -->\n<title>Camloo - Free Random Video Chat - Cam on StrangerCam.com<\/title>\n<meta name=\"description\" content=\"Like Camloo? Come chat with more than 5.000.000 strangers on Stranger Cam for Free! Turn on your cam and find new friends &amp; maby a match!\" \/>\n<meta name=\"robots\" content=\"index, follow, max-snippet:-1, max-image-preview:large, max-video-preview:-1\" \/>\n<link rel=\"canonical\" href=\"https:\/\/strangercam.com\/pl\/camloo\/\" \/>\n<meta property=\"og:locale\" content=\"pl_PL\" \/>\n<meta property=\"og:type\" content=\"article\" \/>\n<meta property=\"og:title\" content=\"Camloo - Free Random Video Chat - Cam on StrangerCam.com\" \/>\n<meta property=\"og:description\" content=\"Like Camloo? Come chat with more than 5.000.000 strangers on Stranger Cam for Free! Turn on your cam and find new friends &amp; maby a match!\" \/>\n<meta property=\"og:url\" content=\"https:\/\/strangercam.com\/pl\/camloo\/\" \/>\n<meta property=\"og:site_name\" content=\"Strangercam\" \/>\n<meta property=\"article:publisher\" content=\"https:\/\/www.facebook.com\/strangercam\" \/>\n<meta property=\"article:modified_time\" content=\"2023-08-21T09:40:39+00:00\" \/>\n<meta property=\"og:image\" content=\"https:\/\/strangercam.com\/wp-content\/uploads\/2020\/11\/stranger-cam-1.png\" \/>\n\t<meta property=\"og:image:width\" content=\"800\" \/>\n\t<meta property=\"og:image:height\" content=\"800\" \/>\n\t<meta property=\"og:image:type\" content=\"image\/png\" \/>\n<meta name=\"twitter:card\" content=\"summary_large_image\" \/>\n<meta name=\"twitter:site\" content=\"@strangercamapp\" \/>\n<meta name=\"twitter:label1\" content=\"Szacowany czas czytania\" \/>\n\t<meta name=\"twitter:data1\" content=\"7 minut\" \/>\n<script type=\"application\/ld+json\" class=\"yoast-schema-graph\">{\"@context\":\"https:\\\/\\\/schema.org\",\"@graph\":[{\"@type\":\"WebPage\",\"@id\":\"https:\\\/\\\/strangercam.com\\\/camloo\\\/\",\"url\":\"https:\\\/\\\/strangercam.com\\\/camloo\\\/\",\"name\":\"Camloo - Free Random Video Chat - Cam on StrangerCam.com\",\"isPartOf\":{\"@id\":\"https:\\\/\\\/strangercam.com\\\/#website\"},\"primaryImageOfPage\":{\"@id\":\"https:\\\/\\\/strangercam.com\\\/camloo\\\/#primaryimage\"},\"image\":{\"@id\":\"https:\\\/\\\/strangercam.com\\\/camloo\\\/#primaryimage\"},\"thumbnailUrl\":\"https:\\\/\\\/strangercam.com\\\/wp-content\\\/uploads\\\/2020\\\/11\\\/stranger-cam-1.png\",\"datePublished\":\"2021-04-06T09:11:22+00:00\",\"dateModified\":\"2023-08-21T09:40:39+00:00\",\"description\":\"Like Camloo? Come chat with more than 5.000.000 strangers on Stranger Cam for Free! Turn on your cam and find new friends & maby a match!\",\"breadcrumb\":{\"@id\":\"https:\\\/\\\/strangercam.com\\\/camloo\\\/#breadcrumb\"},\"inLanguage\":\"pl-PL\",\"potentialAction\":[{\"@type\":\"ReadAction\",\"target\":[\"https:\\\/\\\/strangercam.com\\\/camloo\\\/\"]}]},{\"@type\":\"ImageObject\",\"inLanguage\":\"pl-PL\",\"@id\":\"https:\\\/\\\/strangercam.com\\\/camloo\\\/#primaryimage\",\"url\":\"https:\\\/\\\/strangercam.com\\\/wp-content\\\/uploads\\\/2020\\\/11\\\/stranger-cam-1.png\",\"contentUrl\":\"https:\\\/\\\/strangercam.com\\\/wp-content\\\/uploads\\\/2020\\\/11\\\/stranger-cam-1.png\",\"width\":800,\"height\":800,\"caption\":\"stranger cam random video chat\"},{\"@type\":\"BreadcrumbList\",\"@id\":\"https:\\\/\\\/strangercam.com\\\/camloo\\\/#breadcrumb\",\"itemListElement\":[{\"@type\":\"ListItem\",\"position\":1,\"name\":\"Home\",\"item\":\"https:\\\/\\\/strangercam.com\\\/\"},{\"@type\":\"ListItem\",\"position\":2,\"name\":\"Camloo\"}]},{\"@type\":\"WebSite\",\"@id\":\"https:\\\/\\\/strangercam.com\\\/#website\",\"url\":\"https:\\\/\\\/strangercam.com\\\/\",\"name\":\"Strangercam\",\"description\":\"Random Video Chat with Strangers\",\"publisher\":{\"@id\":\"https:\\\/\\\/strangercam.com\\\/#organization\"},\"alternateName\":\"Strangercam.com\",\"potentialAction\":[{\"@type\":\"SearchAction\",\"target\":{\"@type\":\"EntryPoint\",\"urlTemplate\":\"https:\\\/\\\/strangercam.com\\\/?s={search_term_string}\"},\"query-input\":{\"@type\":\"PropertyValueSpecification\",\"valueRequired\":true,\"valueName\":\"search_term_string\"}}],\"inLanguage\":\"pl-PL\"},{\"@type\":\"Organization\",\"@id\":\"https:\\\/\\\/strangercam.com\\\/#organization\",\"name\":\"Strangercam\",\"alternateName\":\"Strangercam.com\",\"url\":\"https:\\\/\\\/strangercam.com\\\/\",\"logo\":{\"@type\":\"ImageObject\",\"inLanguage\":\"pl-PL\",\"@id\":\"https:\\\/\\\/strangercam.com\\\/#\\\/schema\\\/logo\\\/image\\\/\",\"url\":\"https:\\\/\\\/strangercam.com\\\/wp-content\\\/uploads\\\/2020\\\/11\\\/cropped-new-favicon-black.png\",\"contentUrl\":\"https:\\\/\\\/strangercam.com\\\/wp-content\\\/uploads\\\/2020\\\/11\\\/cropped-new-favicon-black.png\",\"width\":512,\"height\":512,\"caption\":\"Strangercam\"},\"image\":{\"@id\":\"https:\\\/\\\/strangercam.com\\\/#\\\/schema\\\/logo\\\/image\\\/\"},\"sameAs\":[\"https:\\\/\\\/www.facebook.com\\\/strangercam\",\"https:\\\/\\\/x.com\\\/strangercamapp\"]}]}<\/script>\n<!-- \/ Yoast SEO plugin. -->","yoast_head_json":{"title":"Camloo - Darmowy losowy czat wideo - Kamera na StrangerCam.com","description":"Jak Camloo? Przyjd\u017a na czat z ponad 5.000.000 nieznajomych na Stranger Cam za darmo! W\u0142\u0105cz kamer\u0119 i znajd\u017a nowych przyjaci\u00f3\u0142 i mo\u017ce mecz!","robots":{"index":"index","follow":"follow","max-snippet":"max-snippet:-1","max-image-preview":"max-image-preview:large","max-video-preview":"max-video-preview:-1"},"canonical":"https:\/\/strangercam.com\/pl\/camloo\/","og_locale":"pl_PL","og_type":"article","og_title":"Camloo - Free Random Video Chat - Cam on StrangerCam.com","og_description":"Like Camloo? Come chat with more than 5.000.000 strangers on Stranger Cam for Free! Turn on your cam and find new friends & maby a match!","og_url":"https:\/\/strangercam.com\/pl\/camloo\/","og_site_name":"Strangercam","article_publisher":"https:\/\/www.facebook.com\/strangercam","article_modified_time":"2023-08-21T09:40:39+00:00","og_image":[{"width":800,"height":800,"url":"https:\/\/strangercam.com\/wp-content\/uploads\/2020\/11\/stranger-cam-1.png","type":"image\/png"}],"twitter_card":"summary_large_image","twitter_site":"@strangercamapp","twitter_misc":{"Szacowany czas czytania":"7 minut"},"schema":{"@context":"https:\/\/schema.org","@graph":[{"@type":"WebPage","@id":"https:\/\/strangercam.com\/camloo\/","url":"https:\/\/strangercam.com\/camloo\/","name":"Camloo - Darmowy losowy czat wideo - Kamera na StrangerCam.com","isPartOf":{"@id":"https:\/\/strangercam.com\/#website"},"primaryImageOfPage":{"@id":"https:\/\/strangercam.com\/camloo\/#primaryimage"},"image":{"@id":"https:\/\/strangercam.com\/camloo\/#primaryimage"},"thumbnailUrl":"https:\/\/strangercam.com\/wp-content\/uploads\/2020\/11\/stranger-cam-1.png","datePublished":"2021-04-06T09:11:22+00:00","dateModified":"2023-08-21T09:40:39+00:00","description":"Jak Camloo? Przyjd\u017a na czat z ponad 5.000.000 nieznajomych na Stranger Cam za darmo! W\u0142\u0105cz kamer\u0119 i znajd\u017a nowych przyjaci\u00f3\u0142 i mo\u017ce mecz!","breadcrumb":{"@id":"https:\/\/strangercam.com\/camloo\/#breadcrumb"},"inLanguage":"pl-PL","potentialAction":[{"@type":"ReadAction","target":["https:\/\/strangercam.com\/camloo\/"]}]},{"@type":"ImageObject","inLanguage":"pl-PL","@id":"https:\/\/strangercam.com\/camloo\/#primaryimage","url":"https:\/\/strangercam.com\/wp-content\/uploads\/2020\/11\/stranger-cam-1.png","contentUrl":"https:\/\/strangercam.com\/wp-content\/uploads\/2020\/11\/stranger-cam-1.png","width":800,"height":800,"caption":"stranger cam random video chat"},{"@type":"BreadcrumbList","@id":"https:\/\/strangercam.com\/camloo\/#breadcrumb","itemListElement":[{"@type":"ListItem","position":1,"name":"Home","item":"https:\/\/strangercam.com\/"},{"@type":"ListItem","position":2,"name":"Camloo"}]},{"@type":"WebSite","@id":"https:\/\/strangercam.com\/#website","url":"https:\/\/strangercam.com\/","name":"Strangercam","description":"Losowy czat wideo z nieznajomymi","publisher":{"@id":"https:\/\/strangercam.com\/#organization"},"alternateName":"Strangercam.com","potentialAction":[{"@type":"SearchAction","target":{"@type":"EntryPoint","urlTemplate":"https:\/\/strangercam.com\/?s={search_term_string}"},"query-input":{"@type":"PropertyValueSpecification","valueRequired":true,"valueName":"search_term_string"}}],"inLanguage":"pl-PL"},{"@type":"Organization","@id":"https:\/\/strangercam.com\/#organization","name":"Strangercam","alternateName":"Strangercam.com","url":"https:\/\/strangercam.com\/","logo":{"@type":"ImageObject","inLanguage":"pl-PL","@id":"https:\/\/strangercam.com\/#\/schema\/logo\/image\/","url":"https:\/\/strangercam.com\/wp-content\/uploads\/2020\/11\/cropped-new-favicon-black.png","contentUrl":"https:\/\/strangercam.com\/wp-content\/uploads\/2020\/11\/cropped-new-favicon-black.png","width":512,"height":512,"caption":"Strangercam"},"image":{"@id":"https:\/\/strangercam.com\/#\/schema\/logo\/image\/"},"sameAs":["https:\/\/www.facebook.com\/strangercam","https:\/\/x.com\/strangercamapp"]}]}},"_links":{"self":[{"href":"https:\/\/strangercam.com\/pl\/wp-json\/wp\/v2\/pages\/1319","targetHints":{"allow":["GET"]}}],"collection":[{"href":"https:\/\/strangercam.com\/pl\/wp-json\/wp\/v2\/pages"}],"about":[{"href":"https:\/\/strangercam.com\/pl\/wp-json\/wp\/v2\/types\/page"}],"author":[{"embeddable":true,"href":"https:\/\/strangercam.com\/pl\/wp-json\/wp\/v2\/users\/6"}],"replies":[{"embeddable":true,"href":"https:\/\/strangercam.com\/pl\/wp-json\/wp\/v2\/comments?post=1319"}],"version-history":[{"count":0,"href":"https:\/\/strangercam.com\/pl\/wp-json\/wp\/v2\/pages\/1319\/revisions"}],"wp:featuredmedia":[{"embeddable":true,"href":"https:\/\/strangercam.com\/pl\/wp-json\/wp\/v2\/media\/559"}],"wp:attachment":[{"href":"https:\/\/strangercam.com\/pl\/wp-json\/wp\/v2\/media?parent=1319"}],"curies":[{"name":"wp","href":"https:\/\/api.w.org\/{rel}","templated":true}]}}