{"id":1311,"date":"2021-04-06T10:56:49","date_gmt":"2021-04-06T08:56:49","guid":{"rendered":"https:\/\/strangercam.com\/?page_id=1311"},"modified":"2023-08-21T12:24:41","modified_gmt":"2023-08-21T10:24:41","slug":"holla","status":"publish","type":"page","link":"https:\/\/strangercam.com\/pl\/holla\/","title":{"rendered":"Holla"},"content":{"rendered":"<p>Nigdy nie by\u0142o \u0142atwo po\u0142\u0105czy\u0107 si\u0119 i porozmawia\u0107 fizycznie jeden na jeden za po\u015brednictwem <a href=\"https:\/\/strangercam.com\/pl\/mili\/\">na \u017cywo<\/a> wideo <a href=\"https:\/\/strangercam.com\/pl\/chatroulette\/\">czat<\/a> z dalekimi krewnymi lub przyjaci\u00f3\u0142mi w dawnych czasach. Dzi\u015b czat wideo wyeliminowa\u0142 t\u0119 barier\u0119 i przeni\u00f3s\u0142 odleg\u0142o\u015b\u0107 tysi\u0105ca kilometr\u00f3w do domu. Mo\u017cesz teraz z \u0142atwo\u015bci\u0105 prowadzi\u0107 <a href=\"https:\/\/strangercam.com\/pl\/rabbit-video-chat\/\">czat wideo<\/a> z przyjaci\u00f3\u0142mi lub rodzin\u0105 w odleg\u0142ych krajach za po\u015brednictwem Holla.<\/p>\n<p>\u0141atwo dost\u0119pny w ponad 40 krajach, Holla jest uwa\u017cany za najlepszy czat wideo w 2020 roku. Mo\u017cesz prowadzi\u0107 rozmow\u0119 na \u017cywo <a href=\"https:\/\/strangercam.com\/pl\/amerykanskie-losowe-polaczenie-wideo\/\">po\u0142\u0105czenie wideo<\/a> ka\u017cdemu nieznajomemu z ca\u0142ego \u015bwiata. Platforma ta sk\u0142ada si\u0119 z ponad 30 milion\u00f3w zarejestrowanych u\u017cytkownik\u00f3w ze 190 r\u00f3\u017cnych kraj\u00f3w.<\/p>\n<h2>Zalety<\/h2>\n<ul>\n<li>Najlepsze oprogramowanie wideo - To oprogramowanie zosta\u0142o nagrodzone jako najlepsze oprogramowanie wideo w 2020 roku. Dzieje si\u0119 tak, poniewa\u017c oprogramowanie to pozwala komunikowa\u0107 si\u0119 z przypadkow\u0105 nieznajom\u0105 osob\u0105 za po\u015brednictwem czatu wideo, czatu g\u0142osowego, a nawet czatu tekstowego. Wszystkie te funkcje s\u0105 bezp\u0142atne. Co wi\u0119cej, pozwala nawi\u0105zywa\u0107 znajomo\u015bci na ca\u0142ym \u015bwiecie, po prostu przesuwaj\u0105c palcem i pozwala wybiera\u0107 spo\u015br\u00f3d tysi\u0119cy opcji.<br \/>\nNiezr\u00f3wnany d\u017awi\u0119k i<\/li>\n<li>Jako\u015b\u0107 - Holla zapewnia platform\u0119 do swobodnej rozmowy z przyjaci\u00f3\u0142mi, nieznajomymi, a nawet cz\u0142onkami rodziny mieszkaj\u0105cymi tysi\u0105ce kilometr\u00f3w dalej. Dzieje si\u0119 tak dlatego, \u017ce daje swobod\u0119 wyboru i komunikowania si\u0119 za pomoc\u0105 niepor\u00f3wnywalnego d\u017awi\u0119ku i jako\u015bci, dzi\u0119ki czemu po\u0142\u0105czenie nie zostanie zak\u0142\u00f3cone z powodu s\u0142abej jako\u015bci sieci lub d\u017awi\u0119ku.<\/li>\n<li>R\u00f3\u017cnorodno\u015b\u0107 funkcji - Ponadto oprogramowanie to jest dost\u0119pne do u\u017cytku w dowolnej sieci, takiej jak 3G, 4G, a nawet po\u0142\u0105czenie sieciowe Wi-Fi. Umo\u017cliwia r\u00f3wnie\u017c korzystanie z bezp\u0142atnego czatu wideo na \u017cywo, bezp\u0142atnego czatu g\u0142osowego na \u017cywo i bezp\u0142atnego czatu tekstowego. Holla zapewnia swoim u\u017cytkownikom funkcj\u0119 bezpo\u015brednich po\u0142\u0105cze\u0144 wideo na \u017cywo jeden na jednego. Wystarczy tylko wybra\u0107 p\u0142e\u0107 i preferowany region. Bezpieczny i solidny w u\u017cyciu, mo\u017cna \u0142atwo <a href=\"https:\/\/strangercam.com\/pl\/coomeet\/\">spotkanie<\/a> nowych ludzi na ca\u0142ym \u015bwiecie bez \u017cadnych k\u0142opot\u00f3w.<\/li>\n<\/ul>\n<h3>Kluczowe funkcje Holla<\/h3>\n<p>Korzystaj\u0105c z Holla, mo\u017cna spodziewa\u0107 si\u0119 wielu niespodzianek. Oznacza to, \u017ce podczas czatu wideo, a nawet podczas rozmowy z nieznanym nieznajomym, otrzymasz wiele niespodzianek. Co wi\u0119cej, nie jeste\u015b \u015bwiadomy, kogo spotkasz w nadchodz\u0105cej minucie. Wszyscy utalentowani m\u0142odzi ludzie pojawiaj\u0105 si\u0119 na tej platformie, aby spotyka\u0107 si\u0119 i nawi\u0105zywa\u0107 nowe znajomo\u015bci online poprzez rozmowy w czasie rzeczywistym.<\/p>\n<p>Ca\u0142a definicja darmowego czatu wideo na \u017cywo czeka na Ciebie z filtrami wideo i naklejkami, kt\u00f3re tworz\u0105 osza\u0142amiaj\u0105ce wra\u017cenia dla Ciebie. Holla jest darmowy, ale mo\u017cesz uzyska\u0107 dodatkowe funkcje premium, kt\u00f3re s\u0105 dost\u0119pne tylko w czacie wideo na \u017cywo z niestandardowym przesy\u0142aniem strumieniowym wideo i dopasowywaniem.<\/p>","protected":false},"excerpt":{"rendered":"<p>It was never easy to connect and talk one-on-one physically through a live video chat with your distant relative, or friends in earlier days. Today, video chatting has eliminated that barrier and brought a thousand kilometres of distance to your home. You can now easily hold a video chat with your friends, or family in [&hellip;]<\/p>\n","protected":false},"author":6,"featured_media":559,"parent":0,"menu_order":0,"comment_status":"closed","ping_status":"closed","template":"","meta":{"footnotes":""},"class_list":["post-1311","page","type-page","status-publish","has-post-thumbnail","hentry"],"yoast_head":"<!-- This site is optimized with the Yoast SEO plugin v26.9 - https:\/\/yoast.com\/product\/yoast-seo-wordpress\/ -->\n<title>Holla - Best Random Video Chat - Cam on StrangerCam.com<\/title>\n<meta name=\"description\" content=\"Like Holla? Come chat with more than 5.000.000 strangers on Stranger Cam for Free! Turn on your cam and find new friends &amp; maby a match!\" \/>\n<meta name=\"robots\" content=\"index, follow, max-snippet:-1, max-image-preview:large, max-video-preview:-1\" \/>\n<link rel=\"canonical\" href=\"https:\/\/strangercam.com\/pl\/holla\/\" \/>\n<meta property=\"og:locale\" content=\"pl_PL\" \/>\n<meta property=\"og:type\" content=\"article\" \/>\n<meta property=\"og:title\" content=\"Holla - Best Random Video Chat - Cam on StrangerCam.com\" \/>\n<meta property=\"og:description\" content=\"Like Holla? Come chat with more than 5.000.000 strangers on Stranger Cam for Free! Turn on your cam and find new friends &amp; maby a match!\" \/>\n<meta property=\"og:url\" content=\"https:\/\/strangercam.com\/pl\/holla\/\" \/>\n<meta property=\"og:site_name\" content=\"Strangercam\" \/>\n<meta property=\"article:publisher\" content=\"https:\/\/www.facebook.com\/strangercam\" \/>\n<meta property=\"article:modified_time\" content=\"2023-08-21T10:24:41+00:00\" \/>\n<meta property=\"og:image\" content=\"https:\/\/strangercam.com\/wp-content\/uploads\/2020\/11\/stranger-cam-1.png\" \/>\n\t<meta property=\"og:image:width\" content=\"800\" \/>\n\t<meta property=\"og:image:height\" content=\"800\" \/>\n\t<meta property=\"og:image:type\" content=\"image\/png\" \/>\n<meta name=\"twitter:card\" content=\"summary_large_image\" \/>\n<meta name=\"twitter:site\" content=\"@strangercamapp\" \/>\n<meta name=\"twitter:label1\" content=\"Szacowany czas czytania\" \/>\n\t<meta name=\"twitter:data1\" content=\"2 minuty\" \/>\n<script type=\"application\/ld+json\" class=\"yoast-schema-graph\">{\"@context\":\"https:\/\/schema.org\",\"@graph\":[{\"@type\":\"WebPage\",\"@id\":\"https:\/\/strangercam.com\/holla\/\",\"url\":\"https:\/\/strangercam.com\/holla\/\",\"name\":\"Holla - Best Random Video Chat - Cam on StrangerCam.com\",\"isPartOf\":{\"@id\":\"https:\/\/strangercam.com\/#website\"},\"primaryImageOfPage\":{\"@id\":\"https:\/\/strangercam.com\/holla\/#primaryimage\"},\"image\":{\"@id\":\"https:\/\/strangercam.com\/holla\/#primaryimage\"},\"thumbnailUrl\":\"https:\/\/strangercam.com\/wp-content\/uploads\/2020\/11\/stranger-cam-1.png\",\"datePublished\":\"2021-04-06T08:56:49+00:00\",\"dateModified\":\"2023-08-21T10:24:41+00:00\",\"description\":\"Like Holla? Come chat with more than 5.000.000 strangers on Stranger Cam for Free! Turn on your cam and find new friends & maby a match!\",\"breadcrumb\":{\"@id\":\"https:\/\/strangercam.com\/holla\/#breadcrumb\"},\"inLanguage\":\"pl-PL\",\"potentialAction\":[{\"@type\":\"ReadAction\",\"target\":[\"https:\/\/strangercam.com\/holla\/\"]}]},{\"@type\":\"ImageObject\",\"inLanguage\":\"pl-PL\",\"@id\":\"https:\/\/strangercam.com\/holla\/#primaryimage\",\"url\":\"https:\/\/strangercam.com\/wp-content\/uploads\/2020\/11\/stranger-cam-1.png\",\"contentUrl\":\"https:\/\/strangercam.com\/wp-content\/uploads\/2020\/11\/stranger-cam-1.png\",\"width\":800,\"height\":800,\"caption\":\"stranger cam random video chat\"},{\"@type\":\"BreadcrumbList\",\"@id\":\"https:\/\/strangercam.com\/holla\/#breadcrumb\",\"itemListElement\":[{\"@type\":\"ListItem\",\"position\":1,\"name\":\"Home\",\"item\":\"https:\/\/strangercam.com\/\"},{\"@type\":\"ListItem\",\"position\":2,\"name\":\"Holla\"}]},{\"@type\":\"WebSite\",\"@id\":\"https:\/\/strangercam.com\/#website\",\"url\":\"https:\/\/strangercam.com\/\",\"name\":\"Strangercam\",\"description\":\"Random Video Chat with Strangers\",\"publisher\":{\"@id\":\"https:\/\/strangercam.com\/#organization\"},\"alternateName\":\"Strangercam.com\",\"potentialAction\":[{\"@type\":\"SearchAction\",\"target\":{\"@type\":\"EntryPoint\",\"urlTemplate\":\"https:\/\/strangercam.com\/?s={search_term_string}\"},\"query-input\":{\"@type\":\"PropertyValueSpecification\",\"valueRequired\":true,\"valueName\":\"search_term_string\"}}],\"inLanguage\":\"pl-PL\"},{\"@type\":\"Organization\",\"@id\":\"https:\/\/strangercam.com\/#organization\",\"name\":\"Strangercam\",\"alternateName\":\"Strangercam.com\",\"url\":\"https:\/\/strangercam.com\/\",\"logo\":{\"@type\":\"ImageObject\",\"inLanguage\":\"pl-PL\",\"@id\":\"https:\/\/strangercam.com\/#\/schema\/logo\/image\/\",\"url\":\"https:\/\/strangercam.com\/wp-content\/uploads\/2020\/11\/cropped-new-favicon-black.png\",\"contentUrl\":\"https:\/\/strangercam.com\/wp-content\/uploads\/2020\/11\/cropped-new-favicon-black.png\",\"width\":512,\"height\":512,\"caption\":\"Strangercam\"},\"image\":{\"@id\":\"https:\/\/strangercam.com\/#\/schema\/logo\/image\/\"},\"sameAs\":[\"https:\/\/www.facebook.com\/strangercam\",\"https:\/\/x.com\/strangercamapp\"]}]}<\/script>\n<!-- \/ Yoast SEO plugin. -->","yoast_head_json":{"title":"Holla - Najlepszy losowy czat wideo - kamera na StrangerCam.com","description":"Jak Holla? Przyjd\u017a na czat z ponad 5.000.000 nieznajomych na Stranger Cam za darmo! W\u0142\u0105cz kamer\u0119 i znajd\u017a nowych przyjaci\u00f3\u0142 i mo\u017ce mecz!","robots":{"index":"index","follow":"follow","max-snippet":"max-snippet:-1","max-image-preview":"max-image-preview:large","max-video-preview":"max-video-preview:-1"},"canonical":"https:\/\/strangercam.com\/pl\/holla\/","og_locale":"pl_PL","og_type":"article","og_title":"Holla - Best Random Video Chat - Cam on StrangerCam.com","og_description":"Like Holla? Come chat with more than 5.000.000 strangers on Stranger Cam for Free! Turn on your cam and find new friends & maby a match!","og_url":"https:\/\/strangercam.com\/pl\/holla\/","og_site_name":"Strangercam","article_publisher":"https:\/\/www.facebook.com\/strangercam","article_modified_time":"2023-08-21T10:24:41+00:00","og_image":[{"width":800,"height":800,"url":"https:\/\/strangercam.com\/wp-content\/uploads\/2020\/11\/stranger-cam-1.png","type":"image\/png"}],"twitter_card":"summary_large_image","twitter_site":"@strangercamapp","twitter_misc":{"Szacowany czas czytania":"2 minuty"},"schema":{"@context":"https:\/\/schema.org","@graph":[{"@type":"WebPage","@id":"https:\/\/strangercam.com\/holla\/","url":"https:\/\/strangercam.com\/holla\/","name":"Holla - Najlepszy losowy czat wideo - kamera na StrangerCam.com","isPartOf":{"@id":"https:\/\/strangercam.com\/#website"},"primaryImageOfPage":{"@id":"https:\/\/strangercam.com\/holla\/#primaryimage"},"image":{"@id":"https:\/\/strangercam.com\/holla\/#primaryimage"},"thumbnailUrl":"https:\/\/strangercam.com\/wp-content\/uploads\/2020\/11\/stranger-cam-1.png","datePublished":"2021-04-06T08:56:49+00:00","dateModified":"2023-08-21T10:24:41+00:00","description":"Jak Holla? Przyjd\u017a na czat z ponad 5.000.000 nieznajomych na Stranger Cam za darmo! W\u0142\u0105cz kamer\u0119 i znajd\u017a nowych przyjaci\u00f3\u0142 i mo\u017ce mecz!","breadcrumb":{"@id":"https:\/\/strangercam.com\/holla\/#breadcrumb"},"inLanguage":"pl-PL","potentialAction":[{"@type":"ReadAction","target":["https:\/\/strangercam.com\/holla\/"]}]},{"@type":"ImageObject","inLanguage":"pl-PL","@id":"https:\/\/strangercam.com\/holla\/#primaryimage","url":"https:\/\/strangercam.com\/wp-content\/uploads\/2020\/11\/stranger-cam-1.png","contentUrl":"https:\/\/strangercam.com\/wp-content\/uploads\/2020\/11\/stranger-cam-1.png","width":800,"height":800,"caption":"stranger cam random video chat"},{"@type":"BreadcrumbList","@id":"https:\/\/strangercam.com\/holla\/#breadcrumb","itemListElement":[{"@type":"ListItem","position":1,"name":"Home","item":"https:\/\/strangercam.com\/"},{"@type":"ListItem","position":2,"name":"Holla"}]},{"@type":"WebSite","@id":"https:\/\/strangercam.com\/#website","url":"https:\/\/strangercam.com\/","name":"Strangercam","description":"Losowy czat wideo z nieznajomymi","publisher":{"@id":"https:\/\/strangercam.com\/#organization"},"alternateName":"Strangercam.com","potentialAction":[{"@type":"SearchAction","target":{"@type":"EntryPoint","urlTemplate":"https:\/\/strangercam.com\/?s={search_term_string}"},"query-input":{"@type":"PropertyValueSpecification","valueRequired":true,"valueName":"search_term_string"}}],"inLanguage":"pl-PL"},{"@type":"Organization","@id":"https:\/\/strangercam.com\/#organization","name":"Strangercam","alternateName":"Strangercam.com","url":"https:\/\/strangercam.com\/","logo":{"@type":"ImageObject","inLanguage":"pl-PL","@id":"https:\/\/strangercam.com\/#\/schema\/logo\/image\/","url":"https:\/\/strangercam.com\/wp-content\/uploads\/2020\/11\/cropped-new-favicon-black.png","contentUrl":"https:\/\/strangercam.com\/wp-content\/uploads\/2020\/11\/cropped-new-favicon-black.png","width":512,"height":512,"caption":"Strangercam"},"image":{"@id":"https:\/\/strangercam.com\/#\/schema\/logo\/image\/"},"sameAs":["https:\/\/www.facebook.com\/strangercam","https:\/\/x.com\/strangercamapp"]}]}},"_links":{"self":[{"href":"https:\/\/strangercam.com\/pl\/wp-json\/wp\/v2\/pages\/1311","targetHints":{"allow":["GET"]}}],"collection":[{"href":"https:\/\/strangercam.com\/pl\/wp-json\/wp\/v2\/pages"}],"about":[{"href":"https:\/\/strangercam.com\/pl\/wp-json\/wp\/v2\/types\/page"}],"author":[{"embeddable":true,"href":"https:\/\/strangercam.com\/pl\/wp-json\/wp\/v2\/users\/6"}],"replies":[{"embeddable":true,"href":"https:\/\/strangercam.com\/pl\/wp-json\/wp\/v2\/comments?post=1311"}],"version-history":[{"count":0,"href":"https:\/\/strangercam.com\/pl\/wp-json\/wp\/v2\/pages\/1311\/revisions"}],"wp:featuredmedia":[{"embeddable":true,"href":"https:\/\/strangercam.com\/pl\/wp-json\/wp\/v2\/media\/559"}],"wp:attachment":[{"href":"https:\/\/strangercam.com\/pl\/wp-json\/wp\/v2\/media?parent=1311"}],"curies":[{"name":"wp","href":"https:\/\/api.w.org\/{rel}","templated":true}]}}