{"id":13057,"date":"2025-10-24T10:20:35","date_gmt":"2025-10-24T08:20:35","guid":{"rendered":"https:\/\/strangercam.com\/?page_id=13057"},"modified":"2025-10-24T10:20:35","modified_gmt":"2025-10-24T08:20:35","slug":"umingle","status":"publish","type":"page","link":"https:\/\/strangercam.com\/pl\/umingle\/","title":{"rendered":"Umingle"},"content":{"rendered":"<p>W erze po Omegle dziesi\u0105tki losowych materia\u0142\u00f3w wideo <a href=\"https:\/\/strangercam.com\/pl\/chathub\/\">czat<\/a> Pojawi\u0142y si\u0119 platformy, z kt\u00f3rych wszystkie pr\u00f3buj\u0105 uchwyci\u0107 emocje spontanicznych rozm\u00f3w online. Niewielu jednak udaje si\u0119 po\u0142\u0105czy\u0107 prostot\u0119, szybko\u015b\u0107 i bezpiecze\u0144stwo w spos\u00f3b, kt\u00f3ry faktycznie dzia\u0142a. Umingle jest jednym z najnowszych graczy w tej przestrzeni - globaln\u0105 platform\u0105 do losowych rozm\u00f3w wideo stworzon\u0105 dla os\u00f3b, kt\u00f3re chc\u0105 <a href=\"https:\/\/strangercam.com\/pl\/coomeet\/\">spotkanie<\/a> obcy natychmiast, bez rejestracji i skomplikowanych funkcji.<\/p>\n<p>Zaprojektowany dla pokolenia, kt\u00f3re ceni sobie szybkie, autentyczne interakcje, Umingle wnosi nowoczesny akcent do klasycznego do\u015bwiadczenia \"rozmowy z nieznajomymi\". Ale jak wypada na tle uznanych marek, takich jak Ohmegle, Lotta i ChatRT? Przyjrzyjmy si\u0119 bli\u017cej.<\/p>\n<h2>Czym jest Umingle?<\/h2>\n<p>Umingle to darmowa platforma do losowych czat\u00f3w wideo, kt\u00f3ra \u0142\u0105czy u\u017cytkownik\u00f3w z ca\u0142ego \u015bwiata w celu prowadzenia rozm\u00f3w twarz\u0105 w twarz w czasie rzeczywistym. Nie musisz tworzy\u0107 konta, przesy\u0142a\u0107 zdj\u0119cia ani weryfikowa\u0107 swojej to\u017csamo\u015bci - po prostu kliknij \"Rozpocznij czat\", a zostaniesz natychmiast dopasowany do nieznajomego.<\/p>\n<p>Nazwa strony doskonale odzwierciedla jej cel: \"miesza\u0107 si\u0119\" online, swobodnie i swobodnie. W przeciwie\u0144stwie do aplikacji randkowych, kt\u00f3re wymagaj\u0105 biografii, przesuwania i nieko\u0144cz\u0105cego si\u0119 oczekiwania, Umingle zapewnia bezpo\u015bredni\u0105, spontaniczn\u0105 interakcj\u0119 od momentu przybycia.<\/p>\n<h2>Jaki jest cel Umingle?<\/h2>\n<p>Misja Umingle jest prosta: sprawi\u0107, by poznawanie ludzi online by\u0142o przyjemne, szybkie i beztarciowe.<\/p>\n<p>Jest przeznaczony dla u\u017cytkownik\u00f3w, kt\u00f3rzy<\/p>\n<ul>\n<li>T\u0119skni\u0119 za prostot\u0105 czatu wideo w stylu Omegle<\/li>\n<li>Chcesz anonimowo i bez presji poznawa\u0107 nowych ludzi?<\/li>\n<li>Preferuj\u0105 szybkie, spontaniczne rozmowy zamiast wyselekcjonowanych profili.<\/li>\n<li>Ciesz si\u0119 wymian\u0105 kulturow\u0105 i globalnymi kontaktami<\/li>\n<\/ul>\n<p>Niezale\u017cnie od tego, czy chcesz nawi\u0105za\u0107 przyja\u017anie, \u0107wiczy\u0107 j\u0119zyk, flirtowa\u0107, czy po prostu sp\u0119dzi\u0107 czas, Umingle tworzy przyjazn\u0105 cyfrow\u0105 przestrze\u0144 do autentycznej interakcji jeden na jednego.<\/p>\n<h2>Kluczowe cechy<\/h2>\n<p>1. Natychmiastowy losowy czat wideo<br \/>\nG\u0142\u00f3wn\u0105 cech\u0105 Umingle jest system czat\u00f3w wideo na \u017cywo jeden na jednego. Wystarczy jedno klikni\u0119cie, aby natychmiast po\u0142\u0105czy\u0107 si\u0119 z kim\u015b nowym. Nie ma kolejki, czasu oczekiwania ani rejestracji.<\/p>\n<p>2. Przycisk Pomi\u0144\/Nast\u0119pny<br \/>\nNie podoba Ci si\u0119 bie\u017c\u0105cy czat? Po prostu kliknij \"Dalej\", aby pomin\u0105\u0107 i dopasowa\u0107 si\u0119 do kogo\u015b innego. Jest to szybkie i p\u0142ynne, pozwalaj\u0105ce pozna\u0107 dziesi\u0105tki nowych os\u00f3b w ci\u0105gu kilku minut.<\/p>\n<p>3. Opcja czatu tekstowego<br \/>\nOpr\u00f3cz wideo, Umingle oferuje funkcj\u0119 czatu tekstowego, kt\u00f3ra jest idealna do prze\u0142amywania lod\u00f3w lub cichej rozmowy, gdy nie chcesz u\u017cywa\u0107 mikrofonu.<\/p>\n<p>4. 100% Anonimowe do\u015bwiadczenie<br \/>\nUmingle nie prosi o podanie imienia i nazwiska, adresu e-mail ani numeru telefonu. Twoja prywatno\u015b\u0107 jest szanowana od samego pocz\u0105tku, a Ty pozostajesz ca\u0142kowicie anonimowy podczas czat\u00f3w.<\/p>\n<p>5. Przyjazny dla urz\u0105dze\u0144 mobilnych i komputer\u00f3w stacjonarnych<br \/>\nPlatforma zosta\u0142a zaprojektowana tak, aby dzia\u0142a\u0107 idealnie zar\u00f3wno na przegl\u0105darkach stacjonarnych, jak i urz\u0105dzeniach mobilnych. Niezale\u017cnie od tego, czy korzystasz z telefonu, czy laptopa, interfejs p\u0142ynnie dostosowuje si\u0119 do p\u0142ynnych rozm\u00f3w wideo i tekstowych.<\/p>\n<p>6. Lekki, nowoczesny interfejs<br \/>\nUmingle charakteryzuje si\u0119 czystym, minimalistycznym wygl\u0105dem. Nie ma rozpraszaj\u0105cych wyskakuj\u0105cych okienek ani nadmiernych reklam - tylko du\u017ce okno wideo, intuicyjne przyciski i szybkie po\u0142\u0105czenia.<\/p>\n<p>7. Narz\u0119dzia raportowania i moderacji<br \/>\nBezpiecze\u0144stwo u\u017cytkownik\u00f3w jest najwy\u017cszym priorytetem. Je\u015bli napotkasz nieodpowiednie zachowanie, przycisk zg\u0142aszania pozwala natychmiast oznaczy\u0107 czat. Umingle wykorzystuje po\u0142\u0105czenie filtr\u00f3w AI i ludzkiej moderacji, aby utrzyma\u0107 bezpieczne \u015brodowisko.<\/p>\n<h2>Czy Umingle jest darmowy?<\/h2>\n<p>Tak - Umingle jest 100% darmowy w u\u017cyciu.<\/p>\n<p>Wszystkie podstawowe funkcje s\u0105 dost\u0119pne bez dodatkowych koszt\u00f3w:<\/p>\n<ul>\n<li>Nieograniczone losowe czaty wideo i tekstowe<\/li>\n<li>Funkcja natychmiastowego pomijania\/nast\u0119pnego<\/li>\n<li>Kompatybilno\u015b\u0107 z urz\u0105dzeniami mobilnymi i stacjonarnymi<\/li>\n<\/ul>\n<p>Nie ma \u017cadnych subskrypcji, monet ani p\u0142atnych aktualizacji. Platforma jest w pe\u0142ni dost\u0119pna dla wszystkich, wspierana przez lekkie reklamy, kt\u00f3re nie przeszkadzaj\u0105 w korzystaniu z czatu.<\/p>\n<h2>Kto u\u017cywa Umingle?<\/h2>\n<p>Umingle przyci\u0105ga zr\u00f3\u017cnicowan\u0105 i mi\u0119dzynarodow\u0105 publiczno\u015b\u0107, kt\u00f3ra lubi kontakty towarzyskie online:<\/p>\n<ul>\n<li>Przedzia\u0142 wiekowy: G\u0142\u00f3wnie 18-35 (\u015bci\u015ble dla doros\u0142ych, tylko 18+)<\/li>\n<li>Baza u\u017cytkownik\u00f3w: Studenci, podr\u00f3\u017cnicy, m\u0142odzi profesjonali\u015bci i zwykli czatowicze<\/li>\n<li>Kraje: Popularne w USA, Wielkiej Brytanii, Francji, Indiach, Brazylii i na Filipinach<\/li>\n<li>Motywacje: Poznawanie nowych przyjaci\u00f3\u0142, niezobowi\u0105zuj\u0105cy flirt, wymiana kulturowa, praktyka j\u0119zykowa lub po prostu ulga w nudzie.<\/li>\n<\/ul>\n<p>To, co sprawia, \u017ce Umingle jest atrakcyjne, to zr\u00f3wnowa\u017cona, przyjazna spo\u0142eczno\u015b\u0107. Chocia\u017c ma globalny zasi\u0119g, interfejs i moderacja pomagaj\u0105 utrzyma\u0107 bardziej pozytywne, pe\u0142ne szacunku \u015brodowisko ni\u017c wiele starszych platform czatowych.<\/p>\n<h2>Bezpiecze\u0144stwo, prywatno\u015b\u0107 i moderacja<\/h2>\n<p>Umingle rozumie, \u017ce anonimowo\u015b\u0107 mo\u017ce przyci\u0105ga\u0107 zar\u00f3wno najlepsze, jak i najgorsze zachowania online. Aby temu przeciwdzia\u0142a\u0107, stosuje silne \u015brodki bezpiecze\u0144stwa i moderacj\u0119 spo\u0142eczno\u015bci.<\/p>\n<h3>Prywatno\u015b\u0107<\/h3>\n<ul>\n<li>Nie jest wymagana rejestracja ani podanie danych osobowych<\/li>\n<li>Czaty nie s\u0105 nagrywane ani przechowywane<\/li>\n<li>Dost\u0119p do kamery internetowej i mikrofonu jest w pe\u0142ni kontrolowany przez u\u017cytkownika.<\/li>\n<li>Szyfrowanie HTTPS zapewnia bezpieczne po\u0142\u0105czenia<\/li>\n<\/ul>\n<h3>Moderacja<\/h3>\n<ul>\n<li>Wykrywanie tre\u015bci oparte na sztucznej inteligencji pomaga identyfikowa\u0107 nieodpowiednie zachowania<\/li>\n<li>Narz\u0119dzia raportowania u\u017cytkownik\u00f3w umo\u017cliwiaj\u0105 szybkie oznaczanie narusze\u0144<\/li>\n<li>Moderatorzy przegl\u0105daj\u0105 zg\u0142oszenia i usuwaj\u0105 sprawc\u00f3w powtarzaj\u0105cych si\u0119 wykrocze\u0144.<\/li>\n<\/ul>\n<h3>Wskaz\u00f3wki dotycz\u0105ce bezpiecze\u0144stwa<\/h3>\n<ul>\n<li>Nigdy nie udost\u0119pniaj danych osobowych, takich jak pe\u0142ne imi\u0119 i nazwisko, adres lub uchwyty medi\u00f3w spo\u0142eczno\u015bciowych.<\/li>\n<li>Zako\u0144cz rozmow\u0119, kt\u00f3ra sprawia, \u017ce czujesz si\u0119 niekomfortowo.<\/li>\n<li>W razie potrzeby u\u017cyj opcji \"Pomi\u0144\" i \"Zg\u0142o\u015b\".<\/li>\n<li>Traktuj ka\u017cd\u0105 interakcj\u0119 jako anonimow\u0105 i tymczasow\u0105<\/li>\n<\/ul>\n<h2>Do\u015bwiadczenie u\u017cytkownika i projektowanie<\/h2>\n<p>Umingle zapewnia p\u0142ynn\u0105, szybk\u0105 i przejrzyst\u0105 obs\u0142ug\u0119, kt\u00f3ra jest nowoczesna i intuicyjna:<\/p>\n<ul>\n<li>Strona g\u0142\u00f3wna: Prosty uk\u0142ad z widocznym przyciskiem \"Rozpocznij czat\" i jasnymi wytycznymi.<\/li>\n<li>Interfejs wideo: Du\u017ce panele wideo i \u0142atwo dost\u0119pne elementy steruj\u0105ce pomijaniem, tekstem i raportowaniem.<\/li>\n<li>Wydajno\u015b\u0107: Szybkie po\u0142\u0105czenia, minimalne op\u00f3\u017anienia i szybkie ponowne po\u0142\u0105czenia mi\u0119dzy czatami.<\/li>\n<li>Optymalizacja mobilna: Doskona\u0142a responsywno\u015b\u0107 na smartfonach i tabletach<\/li>\n<li>Styl wizualny: Czysty, minimalistyczny design skupiaj\u0105cy si\u0119 przede wszystkim na wideo, a nie na rozpraszaj\u0105cych elementach.<\/li>\n<\/ul>\n<p>Og\u00f3lnie rzecz bior\u0105c, Umingle sprawia wra\u017cenie profesjonalnego i lekkiego - unikaj\u0105c przestarza\u0142ego wygl\u0105du starszych witryn z losowymi czatami.<\/p>\n<h2>Umingle a inne platformy czatu losowego<\/h2>\n<p>Jak wypada Umingle w por\u00f3wnaniu z innymi alternatywami w stylu Omegle?<\/p>\n<table>\n<thead>\n<tr>\n<th>Cecha<\/th>\n<th>Umingle<\/th>\n<th><a href=\"https:\/\/strangercam.com\/pl\/omegle\/\">Omegle<\/a> (zamkni\u0119te)<\/th>\n<th>Ohmegle<\/th>\n<th>Lotta<\/th>\n<th>ChatRT<\/th>\n<th>MatchPub<\/th>\n<th><a href=\"https:\/\/strangercam.com\/pl\/ometv\/\">OmeTV<\/a><\/th>\n<\/tr>\n<\/thead>\n<tbody>\n<tr>\n<td>Losowy czat wideo<\/td>\n<td>Tak<\/td>\n<td>Tak<\/td>\n<td>Tak<\/td>\n<td>Tak<\/td>\n<td>Tak<\/td>\n<td>Tak<\/td>\n<td>Tak<\/td>\n<\/tr>\n<tr>\n<td>Opcja czatu tekstowego<\/td>\n<td>Tak<\/td>\n<td>Tak<\/td>\n<td>Tak<\/td>\n<td>Tak<\/td>\n<td>Tak<\/td>\n<td>Tak<\/td>\n<td>Tak<\/td>\n<\/tr>\n<tr>\n<td>Wymagana rejestracja<\/td>\n<td>Nie<\/td>\n<td>Nie<\/td>\n<td>Nie<\/td>\n<td>Nie<\/td>\n<td>Nie<\/td>\n<td>Nie<\/td>\n<td>Nie<\/td>\n<\/tr>\n<tr>\n<td>Przyjazny dla urz\u0105dze\u0144 mobilnych<\/td>\n<td>Doskona\u0142y<\/td>\n<td>S\u0142aby<\/td>\n<td>Doskona\u0142y<\/td>\n<td>Doskona\u0142y<\/td>\n<td>Doskona\u0142y<\/td>\n<td>Doskona\u0142y<\/td>\n<td>Dobry<\/td>\n<\/tr>\n<tr>\n<td>Filtry p\u0142ci\/regionu<\/td>\n<td>Nie<\/td>\n<td>Nie<\/td>\n<td>Nie<\/td>\n<td>Nie<\/td>\n<td>Nie<\/td>\n<td>Nie<\/td>\n<td>P\u0142atne<\/td>\n<\/tr>\n<tr>\n<td>Narz\u0119dzia moderacji<\/td>\n<td>Silny<\/td>\n<td>S\u0142aby<\/td>\n<td>Umiarkowany<\/td>\n<td>Dobry<\/td>\n<td>Silny<\/td>\n<td>Dobry<\/td>\n<td>Silny<\/td>\n<\/tr>\n<tr>\n<td>Bezp\u0142atne u\u017cytkowanie<\/td>\n<td>Tak<\/td>\n<td>Tak<\/td>\n<td>Tak<\/td>\n<td>Tak<\/td>\n<td>Tak<\/td>\n<td>Tak<\/td>\n<td>Tak\/P\u0142atne<\/td>\n<\/tr>\n<\/tbody>\n<\/table>\n<p>Podsumowanie: Umingle jest najbardziej por\u00f3wnywalny do ChatRT i Lotta - wszystkie s\u0105 darmowe, anonimowe i szybkie - ale wyr\u00f3\u017cnia si\u0119 czystszym interfejsem i p\u0142ynniejszym dzia\u0142aniem na urz\u0105dzeniach mobilnych. Chocia\u017c nie oferuje jeszcze zaawansowanych filtr\u00f3w, jego prostota jest cz\u0119\u015bci\u0105 jego uroku.<\/p>\n<h2>Plusy i minusy<\/h2>\n<p>Plusy:<\/p>\n<ul>\n<li>100% za darmo bez rejestracji<\/li>\n<li>Szybki i anonimowy losowy czat wideo<\/li>\n<li>Czysty, nowoczesny design i p\u0142ynne dzia\u0142anie<\/li>\n<li>Dzia\u0142a doskonale na urz\u0105dzeniach mobilnych i komputerach stacjonarnych<\/li>\n<li>Opcje natychmiastowego pomijania i czatu tekstowego<\/li>\n<li>Zaawansowane narz\u0119dzia do moderacji i raportowania<\/li>\n<\/ul>\n<p>Wady:<\/p>\n<ul>\n<li>Brak filtr\u00f3w p\u0142ci lub kraju<\/li>\n<li>Sporadyczni nieodpowiedni u\u017cytkownicy (wsp\u00f3lne dla wszystkich anonimowych witryn czatu)<\/li>\n<li>Wi\u0119cej u\u017cytkownik\u00f3w p\u0142ci m\u0119skiej ni\u017c \u017ce\u0144skiej<\/li>\n<li>Brak profilu lub systemu znajomych<\/li>\n<li>Wci\u0105\u017c ro\u015bnie baza u\u017cytkownik\u00f3w w por\u00f3wnaniu do starszych alternatyw.<\/li>\n<\/ul>\n<h2>Idealne przypadki u\u017cycia<\/h2>\n<p>Umingle jest idealny dla:<\/p>\n<ul>\n<li>Wentylatory Omegle i <a href=\"https:\/\/strangercam.com\/pl\/chatroulette\/\">Chatroulette<\/a> kt\u00f3rzy chc\u0105 nowoczesnego zamiennika<\/li>\n<li>Ludzie, kt\u00f3rzy lubi\u0105 anonimowe rozmowy jeden na jeden<\/li>\n<li>Osoby ucz\u0105ce si\u0119 j\u0119zyk\u00f3w lub podr\u00f3\u017cnicy odkrywaj\u0105cy globalne powi\u0105zania<\/li>\n<li>Studenci i m\u0142odzi doro\u015bli szukaj\u0105cy niezobowi\u0105zuj\u0105cych spotka\u0144 towarzyskich<\/li>\n<li>U\u017cytkownicy mobilni szukaj\u0105cy szybkiego, darmowego i losowego czatu wideo<\/li>\n<\/ul>\n<p>Mniej idealny dla:<\/p>\n<ul>\n<li>Niepe\u0142noletni u\u017cytkownicy (wy\u0142\u0105cznie 18+)<\/li>\n<li>Ci, kt\u00f3rzy chc\u0105 filtr\u00f3w randkowych lub opcji ponownego dopasowania<\/li>\n<li>Osoby szukaj\u0105ce d\u0142ugoterminowych po\u0142\u0105cze\u0144 lub profili spo\u0142eczno\u015bciowych<\/li>\n<\/ul>\n<p>Umingle to jedna z najbardziej obiecuj\u0105cych platform do losowych czat\u00f3w wideo w stylu Omegle w 2025 roku. Ujmuje wszystko, co sprawia\u0142o, \u017ce spontaniczne rozmowy online by\u0142y przyjemne - prostot\u0119, szybko\u015b\u0107 i globalny zasi\u0119g - jednocze\u015bnie aktualizuj\u0105c je o nowoczesny, przyjazny dla urz\u0105dze\u0144 mobilnych wygl\u0105d i silne narz\u0119dzia bezpiecze\u0144stwa.<\/p>\n<p>Je\u015bli szukasz szybkiego, darmowego i anonimowego sposobu na poznawanie nieznajomych online, Umingle zapewnia dok\u0142adnie to. Dzi\u0119ki p\u0142ynnemu dzia\u0142aniu, \u0142atwemu raportowaniu i przyjaznej bazie u\u017cytkownik\u00f3w, szybko staje si\u0119 jedn\u0105 z najlepszych nowych witryn do czatowania losowego w tym roku.<\/p>\n<p>Niezale\u017cnie od tego, czy chcesz si\u0119 zaprzyja\u017ani\u0107, flirtowa\u0107, czy po prostu sp\u0119dzi\u0107 czas, Umingle jest absolutnie warte wypr\u00f3bowania.<\/p>","protected":false},"excerpt":{"rendered":"<p>In the post-Omegle era, dozens of random video chat platforms have emerged, all trying to capture the excitement of spontaneous online conversations. Few, however, manage to combine simplicity, speed, and safety in a way that actually works. Umingle is one of the newest entrants in this space \u2014 a global random video chat platform built [&hellip;]<\/p>\n","protected":false},"author":6,"featured_media":0,"parent":0,"menu_order":0,"comment_status":"closed","ping_status":"closed","template":"","meta":{"footnotes":""},"class_list":["post-13057","page","type-page","status-publish","hentry"],"yoast_head":"<!-- This site is optimized with the Yoast SEO plugin v26.9 - https:\/\/yoast.com\/product\/yoast-seo-wordpress\/ -->\n<title>Umingle - Chat with Strangers - StrangerCam.com<\/title>\n<meta name=\"description\" content=\"Like Umingle? Come chat with more than 5.000.000 strangers on Strangercam for Free! Turn on your cam and find new friends &amp; maby a match!\" \/>\n<meta name=\"robots\" content=\"index, follow, max-snippet:-1, max-image-preview:large, max-video-preview:-1\" \/>\n<link rel=\"canonical\" href=\"https:\/\/strangercam.com\/pl\/umingle\/\" \/>\n<meta property=\"og:locale\" content=\"pl_PL\" \/>\n<meta property=\"og:type\" content=\"article\" \/>\n<meta property=\"og:title\" content=\"Umingle - Chat with Strangers - StrangerCam.com\" \/>\n<meta property=\"og:description\" content=\"Like Umingle? Come chat with more than 5.000.000 strangers on Strangercam for Free! Turn on your cam and find new friends &amp; maby a match!\" \/>\n<meta property=\"og:url\" content=\"https:\/\/strangercam.com\/pl\/umingle\/\" \/>\n<meta property=\"og:site_name\" content=\"Strangercam\" \/>\n<meta property=\"article:publisher\" content=\"https:\/\/www.facebook.com\/strangercam\" \/>\n<meta property=\"og:image\" content=\"https:\/\/strangercam.com\/wp-content\/uploads\/2021\/10\/Untitled-2.png\" \/>\n\t<meta property=\"og:image:width\" content=\"800\" \/>\n\t<meta property=\"og:image:height\" content=\"532\" \/>\n\t<meta property=\"og:image:type\" content=\"image\/png\" \/>\n<meta name=\"twitter:card\" content=\"summary_large_image\" \/>\n<meta name=\"twitter:site\" content=\"@strangercamapp\" \/>\n<meta name=\"twitter:label1\" content=\"Szacowany czas czytania\" \/>\n\t<meta name=\"twitter:data1\" content=\"6 minut\" \/>\n<script type=\"application\/ld+json\" class=\"yoast-schema-graph\">{\"@context\":\"https:\/\/schema.org\",\"@graph\":[{\"@type\":\"WebPage\",\"@id\":\"https:\/\/strangercam.com\/umingle\/\",\"url\":\"https:\/\/strangercam.com\/umingle\/\",\"name\":\"Umingle - Chat with Strangers - StrangerCam.com\",\"isPartOf\":{\"@id\":\"https:\/\/strangercam.com\/#website\"},\"datePublished\":\"2025-10-24T08:20:35+00:00\",\"description\":\"Like Umingle? Come chat with more than 5.000.000 strangers on Strangercam for Free! Turn on your cam and find new friends & maby a match!\",\"breadcrumb\":{\"@id\":\"https:\/\/strangercam.com\/umingle\/#breadcrumb\"},\"inLanguage\":\"pl-PL\",\"potentialAction\":[{\"@type\":\"ReadAction\",\"target\":[\"https:\/\/strangercam.com\/umingle\/\"]}]},{\"@type\":\"BreadcrumbList\",\"@id\":\"https:\/\/strangercam.com\/umingle\/#breadcrumb\",\"itemListElement\":[{\"@type\":\"ListItem\",\"position\":1,\"name\":\"Home\",\"item\":\"https:\/\/strangercam.com\/\"},{\"@type\":\"ListItem\",\"position\":2,\"name\":\"Umingle\"}]},{\"@type\":\"WebSite\",\"@id\":\"https:\/\/strangercam.com\/#website\",\"url\":\"https:\/\/strangercam.com\/\",\"name\":\"Strangercam\",\"description\":\"Random Video Chat with Strangers\",\"publisher\":{\"@id\":\"https:\/\/strangercam.com\/#organization\"},\"alternateName\":\"Strangercam.com\",\"potentialAction\":[{\"@type\":\"SearchAction\",\"target\":{\"@type\":\"EntryPoint\",\"urlTemplate\":\"https:\/\/strangercam.com\/?s={search_term_string}\"},\"query-input\":{\"@type\":\"PropertyValueSpecification\",\"valueRequired\":true,\"valueName\":\"search_term_string\"}}],\"inLanguage\":\"pl-PL\"},{\"@type\":\"Organization\",\"@id\":\"https:\/\/strangercam.com\/#organization\",\"name\":\"Strangercam\",\"alternateName\":\"Strangercam.com\",\"url\":\"https:\/\/strangercam.com\/\",\"logo\":{\"@type\":\"ImageObject\",\"inLanguage\":\"pl-PL\",\"@id\":\"https:\/\/strangercam.com\/#\/schema\/logo\/image\/\",\"url\":\"https:\/\/strangercam.com\/wp-content\/uploads\/2020\/11\/cropped-new-favicon-black.png\",\"contentUrl\":\"https:\/\/strangercam.com\/wp-content\/uploads\/2020\/11\/cropped-new-favicon-black.png\",\"width\":512,\"height\":512,\"caption\":\"Strangercam\"},\"image\":{\"@id\":\"https:\/\/strangercam.com\/#\/schema\/logo\/image\/\"},\"sameAs\":[\"https:\/\/www.facebook.com\/strangercam\",\"https:\/\/x.com\/strangercamapp\"]}]}<\/script>\n<!-- \/ Yoast SEO plugin. -->","yoast_head_json":{"title":"Umingle - Czat z nieznajomymi - StrangerCam.com","description":"Jak Umingle? Przyjd\u017a na czat z ponad 5.000.000 nieznajomych na Strangercam za darmo! W\u0142\u0105cz kamer\u0119 i znajd\u017a nowych przyjaci\u00f3\u0142 i mo\u017ce mecz!","robots":{"index":"index","follow":"follow","max-snippet":"max-snippet:-1","max-image-preview":"max-image-preview:large","max-video-preview":"max-video-preview:-1"},"canonical":"https:\/\/strangercam.com\/pl\/umingle\/","og_locale":"pl_PL","og_type":"article","og_title":"Umingle - Chat with Strangers - StrangerCam.com","og_description":"Like Umingle? Come chat with more than 5.000.000 strangers on Strangercam for Free! Turn on your cam and find new friends & maby a match!","og_url":"https:\/\/strangercam.com\/pl\/umingle\/","og_site_name":"Strangercam","article_publisher":"https:\/\/www.facebook.com\/strangercam","og_image":[{"width":800,"height":532,"url":"https:\/\/strangercam.com\/wp-content\/uploads\/2021\/10\/Untitled-2.png","type":"image\/png"}],"twitter_card":"summary_large_image","twitter_site":"@strangercamapp","twitter_misc":{"Szacowany czas czytania":"6 minut"},"schema":{"@context":"https:\/\/schema.org","@graph":[{"@type":"WebPage","@id":"https:\/\/strangercam.com\/umingle\/","url":"https:\/\/strangercam.com\/umingle\/","name":"Umingle - Czat z nieznajomymi - StrangerCam.com","isPartOf":{"@id":"https:\/\/strangercam.com\/#website"},"datePublished":"2025-10-24T08:20:35+00:00","description":"Jak Umingle? Przyjd\u017a na czat z ponad 5.000.000 nieznajomych na Strangercam za darmo! W\u0142\u0105cz kamer\u0119 i znajd\u017a nowych przyjaci\u00f3\u0142 i mo\u017ce mecz!","breadcrumb":{"@id":"https:\/\/strangercam.com\/umingle\/#breadcrumb"},"inLanguage":"pl-PL","potentialAction":[{"@type":"ReadAction","target":["https:\/\/strangercam.com\/umingle\/"]}]},{"@type":"BreadcrumbList","@id":"https:\/\/strangercam.com\/umingle\/#breadcrumb","itemListElement":[{"@type":"ListItem","position":1,"name":"Home","item":"https:\/\/strangercam.com\/"},{"@type":"ListItem","position":2,"name":"Umingle"}]},{"@type":"WebSite","@id":"https:\/\/strangercam.com\/#website","url":"https:\/\/strangercam.com\/","name":"Strangercam","description":"Losowy czat wideo z nieznajomymi","publisher":{"@id":"https:\/\/strangercam.com\/#organization"},"alternateName":"Strangercam.com","potentialAction":[{"@type":"SearchAction","target":{"@type":"EntryPoint","urlTemplate":"https:\/\/strangercam.com\/?s={search_term_string}"},"query-input":{"@type":"PropertyValueSpecification","valueRequired":true,"valueName":"search_term_string"}}],"inLanguage":"pl-PL"},{"@type":"Organization","@id":"https:\/\/strangercam.com\/#organization","name":"Strangercam","alternateName":"Strangercam.com","url":"https:\/\/strangercam.com\/","logo":{"@type":"ImageObject","inLanguage":"pl-PL","@id":"https:\/\/strangercam.com\/#\/schema\/logo\/image\/","url":"https:\/\/strangercam.com\/wp-content\/uploads\/2020\/11\/cropped-new-favicon-black.png","contentUrl":"https:\/\/strangercam.com\/wp-content\/uploads\/2020\/11\/cropped-new-favicon-black.png","width":512,"height":512,"caption":"Strangercam"},"image":{"@id":"https:\/\/strangercam.com\/#\/schema\/logo\/image\/"},"sameAs":["https:\/\/www.facebook.com\/strangercam","https:\/\/x.com\/strangercamapp"]}]}},"_links":{"self":[{"href":"https:\/\/strangercam.com\/pl\/wp-json\/wp\/v2\/pages\/13057","targetHints":{"allow":["GET"]}}],"collection":[{"href":"https:\/\/strangercam.com\/pl\/wp-json\/wp\/v2\/pages"}],"about":[{"href":"https:\/\/strangercam.com\/pl\/wp-json\/wp\/v2\/types\/page"}],"author":[{"embeddable":true,"href":"https:\/\/strangercam.com\/pl\/wp-json\/wp\/v2\/users\/6"}],"replies":[{"embeddable":true,"href":"https:\/\/strangercam.com\/pl\/wp-json\/wp\/v2\/comments?post=13057"}],"version-history":[{"count":1,"href":"https:\/\/strangercam.com\/pl\/wp-json\/wp\/v2\/pages\/13057\/revisions"}],"predecessor-version":[{"id":13058,"href":"https:\/\/strangercam.com\/pl\/wp-json\/wp\/v2\/pages\/13057\/revisions\/13058"}],"wp:attachment":[{"href":"https:\/\/strangercam.com\/pl\/wp-json\/wp\/v2\/media?parent=13057"}],"curies":[{"name":"wp","href":"https:\/\/api.w.org\/{rel}","templated":true}]}}