{"id":1303,"date":"2025-08-05T10:30:38","date_gmt":"2025-08-05T08:30:38","guid":{"rendered":"https:\/\/strangercam.com\/?page_id=1303"},"modified":"2025-08-05T10:41:12","modified_gmt":"2025-08-05T08:41:12","slug":"aplikacja-malpy","status":"publish","type":"page","link":"https:\/\/strangercam.com\/pl\/monkey-app\/","title":{"rendered":"Monkey App"},"content":{"rendered":"<p>Poniewa\u017c \u015bwiat wideo online <a href=\"https:\/\/strangercam.com\/pl\/chatroulette\/\">czat<\/a> Wraz z rozwojem sieci spo\u0142eczno\u015bciowych stale pojawiaj\u0105 si\u0119 nowe aplikacje, kt\u00f3re zaspokajaj\u0105 potrzeby m\u0142odszej, bardziej mobilnej publiczno\u015bci. Monkey App to jedna z takich platform, \u0142\u0105cz\u0105ca w sobie emocje zwi\u0105zane z <a href=\"https:\/\/strangercam.com\/pl\/chathub\/\">Losowy czat wideo<\/a> z odkryciami spo\u0142eczno\u015bciowymi i kr\u00f3tkimi formami wideo - tworz\u0105c wyj\u0105tkow\u0105 przestrze\u0144, kt\u00f3ra jest cz\u0119\u015bci\u0105 <a href=\"https:\/\/strangercam.com\/pl\/omegle\/\">Omegle<\/a>, po cz\u0119\u015bci TikTok, a po cz\u0119\u015bci spotkanie grupowe.<\/p>\n<p>Ale czy Monkey App si\u0119 wyr\u00f3\u017cnia? Czy jest bezpieczna, wci\u0105gaj\u0105ca i warta swojego czasu? W tej dog\u0142\u0119bnej recenzji omawiamy wszystko, co musisz wiedzie\u0107 o Monkey: jak dzia\u0142a, jakie funkcje oferuje, dla kogo jest przeznaczony i jak wypada w por\u00f3wnaniu z innymi wiod\u0105cymi czatami wideo i platformami spo\u0142eczno\u015bciowymi.<\/p>\n<h2>Co to jest Monkey App?<\/h2>\n<p>Monkey App to mobilna platforma do losowych rozm\u00f3w wideo i odkrywania spo\u0142eczno\u015bci, kt\u00f3ra \u0142\u0105czy u\u017cytkownik\u00f3w w celu prowadzenia rozm\u00f3w wideo na \u017cywo, jeden na jednego i interaktywnych pokoi grupowych. Uruchomiona w 2016 roku i od tego czasu kilkakrotnie wznawiana, Monkey jest szczeg\u00f3lnie popularna w\u015br\u00f3d pokolenia Z i m\u0142odszych milenials\u00f3w, oferuj\u0105c do\u015bwiadczenie, kt\u00f3re jest tak samo zwi\u0105zane z zabaw\u0105 i kreatywno\u015bci\u0105, jak z poznawaniem nowych ludzi.<\/p>\n<p>W przeciwie\u0144stwie do klasycznych witryn z losowymi czatami, kt\u00f3re koncentruj\u0105 si\u0119 wy\u0142\u0105cznie na anonimowo\u015bci, Monkey zawiera elementy medi\u00f3w spo\u0142eczno\u015bciowych, z profilami u\u017cytkownik\u00f3w, kr\u00f3tkimi klipami wideo i popularnymi tre\u015bciami - dzi\u0119ki czemu jest to jedna z najbardziej t\u0119tni\u0105cych \u017cyciem spo\u0142eczno\u015bci czat\u00f3w wideo.<\/p>\n<h2>Jaki jest cel Monkey App?<\/h2>\n<p>Misj\u0105 Monkey App jest uczynienie spotka\u0144 towarzyskich online spontanicznymi, kreatywnymi i zabawnymi. Aplikacja ma na celu:<\/p>\n<ul>\n<li>Natychmiastowe \u0142\u0105czenie ludzi za po\u015brednictwem wideo na \u017cywo i czatu grupowego<\/li>\n<li>Zach\u0119caj do kreatywnej ekspresji poprzez wst\u0119py wideo, klipy i popularne tre\u015bci.<\/li>\n<li>Wspieranie bezpiecznej, przyjaznej m\u0142odzie\u017cy przestrzeni dla prawdziwych interakcji i przyja\u017ani.<\/li>\n<\/ul>\n<p>Monkey to nie tylko losowa aplikacja do czatowania; to pe\u0142ne do\u015bwiadczenie odkrywania spo\u0142eczno\u015bci dla pokolenia TikTok - takie, w kt\u00f3rym mo\u017cesz zaprezentowa\u0107 swoj\u0105 osobowo\u015b\u0107, odkrywa\u0107 nowe trendy i budowa\u0107 globaln\u0105 sie\u0107 znajomych w czasie rzeczywistym.<\/p>\n<h2>Kluczowe cechy<\/h2>\n<p>1. Losowy czat wideo jeden na jednego<br \/>\nRdzeniem Monkey jest natychmiastowe dopasowywanie wideo na \u017cywo. Stuknij \"Start\", a zostaniesz sparowany z innym u\u017cytkownikiem w celu szybkiego czatu mi\u0119dzy kamerami - zwykle trwaj\u0105cego 15 sekund, ale mo\u017cesz wsp\u00f3lnie zgodzi\u0107 si\u0119 na przed\u0142u\u017cenie sesji w celu d\u0142u\u017cszej rozmowy.<\/p>\n<p>2. Grupowe pokoje wideo (\"Huby\")<br \/>\nMonkey pozwala u\u017cytkownikom do\u0142\u0105cza\u0107 lub tworzy\u0107 tematyczne \"huby\" - wirtualne pokoje grupowe oparte na zainteresowaniach, muzyce, grach lub trendach. Tutaj wielu u\u017cytkownik\u00f3w mo\u017ce prowadzi\u0107 rozmowy wideo, wchodzi\u0107 w interakcje za po\u015brednictwem tekstu i wysy\u0142a\u0107 reakcje w \u017cywej, imprezowej atmosferze.<\/p>\n<p>3. Profile spo\u0142eczno\u015bciowe i klipy wideo<br \/>\nW przeciwie\u0144stwie do starych aplikacji do czatowania, Monkey umo\u017cliwia utworzenie profilu ze zdj\u0119ciem, wiekiem i zainteresowaniami. Mo\u017cesz przesy\u0142a\u0107 kr\u00f3tkie filmy wprowadzaj\u0105ce lub klipy (podobne do TikTok), u\u0142atwiaj\u0105c innym odkrywanie i \u0142\u0105czenie si\u0119 z Tob\u0105 na podstawie osobowo\u015bci.<\/p>\n<p>4. Popularne tre\u015bci i tabele wynik\u00f3w<br \/>\nMonkey oferuje sekcje \"trend\u00f3w\" i \"wyr\u00f3\u017cnionych\" u\u017cytkownik\u00f3w, prezentuj\u0105c popularne profile i kreatywne klipy wideo. U\u017cytkownicy mog\u0105 awansowa\u0107 w rankingach poprzez aktywno\u015b\u0107, dzi\u0119ki czemu platforma jest konkurencyjna i interaktywna.<\/p>\n<p>5. Czat tekstowy i wiadomo\u015bci b\u0142yskawiczne<br \/>\nJe\u015bli nie jeste\u015b gotowy na wideo, Monkey oferuje r\u00f3wnie\u017c czat tekstowy. Mo\u017cesz wysy\u0142a\u0107 bezpo\u015brednie wiadomo\u015bci, emoji lub do\u0142\u0105cza\u0107 do trwaj\u0105cych w\u0105tk\u00f3w tekstowych w hubach.<\/p>\n<p>6. Filtry dopasowuj\u0105ce<br \/>\nU\u017cytkownicy premium mog\u0105 korzysta\u0107 z filtr\u00f3w p\u0142ci i regionu, aby uzyska\u0107 bardziej dopasowane wra\u017cenia, podczas gdy u\u017cytkownicy bezp\u0142atni mog\u0105 korzysta\u0107 z losowych po\u0142\u0105cze\u0144 globalnych.<\/p>\n<p>7. Narz\u0119dzia raportowania i bezpiecze\u0144stwa<br \/>\nMonkey zapewnia narz\u0119dzia do raportowania, blokowania i moderowania w aplikacji. Platforma wykorzystuje r\u00f3wnie\u017c moderacj\u0119 AI, aby czaty by\u0142y pozytywne i wolne od obra\u017aliwych lub nieodpowiednich tre\u015bci.<\/p>\n<h2>Czy Monkey App jest darmowy?<\/h2>\n<p>Monkey mo\u017cna pobra\u0107 i u\u017cywa\u0107 bezp\u0142atnie, z dost\u0119pem do podstawowego losowego czatu wideo, hub\u00f3w i podstawowych wiadomo\u015bci. Jednak niekt\u00f3re funkcje premium, takie jak zaawansowane filtry dopasowuj\u0105ce, rozszerzone czaty wideo lub ulepszenia profilu, mog\u0105 wymaga\u0107 zakup\u00f3w w aplikacji lub subskrypcji.<\/p>\n<p>Wszyscy u\u017cytkownicy mog\u0105:<\/p>\n<ul>\n<li>Czaty wideo na \u017cywo i koncentratory grupowe Join<\/li>\n<li>Przegl\u0105daj i \u0142\u0105cz si\u0119 z popularnymi profilami<\/li>\n<li>Utw\u00f3rz profil osobisty i przesy\u0142aj klipy<\/li>\n<li>Korzystanie z narz\u0119dzi bezpiecze\u0144stwa i moderacji<\/li>\n<\/ul>\n<p>Funkcje premium (p\u0142atne) obejmuj\u0105:<\/p>\n<ul>\n<li>Dopasowanie pod wzgl\u0119dem p\u0142ci i regionu<\/li>\n<li>Nieograniczone dodawanie czasu w czatach<\/li>\n<li>Priorytetowa ekspozycja w sekcjach trend\u00f3w<\/li>\n<\/ul>\n<p>Ceny s\u0105 konkurencyjne w stosunku do innych aplikacji spo\u0142eczno\u015bciowych i s\u0105 jasno przedstawione na stronie sklepu aplikacji.<\/p>\n<h2>Kto u\u017cywa Monkey App?<\/h2>\n<p>Monkey jest przeznaczony dla m\u0142odych, mi\u0119dzynarodowych, aktywnych spo\u0142ecznie odbiorc\u00f3w:<\/p>\n<ul>\n<li>Wiek: 18-25 to podstawowa grupa demograficzna (Monkey jest \u015bci\u015ble 18+)<\/li>\n<li>Lokalizacje: Stany Zjednoczone, Kanada, Wielka Brytania, Europa, Brazylia, Indie, Azja Po\u0142udniowo-Wschodnia i inne<\/li>\n<li>U\u017cytkownicy: Studenci, tw\u00f3rcy, muzycy, influencerzy i osoby poszukuj\u0105ce spontanicznej, kreatywnej interakcji<\/li>\n<\/ul>\n<p>Platforma przyci\u0105ga ludzi, kt\u00f3rzy kochaj\u0105 tre\u015bci w stylu TikTok, lubi\u0105 poznawa\u0107 nowych przyjaci\u00f3\u0142 lub po prostu chc\u0105 w zabawny spos\u00f3b sp\u0119dza\u0107 czas i dzieli\u0107 si\u0119 swoj\u0105 osobowo\u015bci\u0105 ze \u015bwiatem.<\/p>\n<h2>Bezpiecze\u0144stwo, prywatno\u015b\u0107 i moderacja<\/h2>\n<p>Monkey App zdaje sobie spraw\u0119 ze znaczenia bezpiecze\u0144stwa, zw\u0142aszcza dla swoich m\u0142odych odbiorc\u00f3w, i stosuje kilka \u015brodk\u00f3w:<\/p>\n<h3>Prywatno\u015b\u0107<\/h3>\n<ul>\n<li>U\u017cytkownicy mog\u0105 kontrolowa\u0107 to, co udost\u0119pniaj\u0105 na swoim profilu<\/li>\n<li>Czaty nie s\u0105 publicznie archiwizowane ani przeszukiwalne.<\/li>\n<li>Udost\u0119pnianie osobistych danych kontaktowych na czatach publicznych jest niedozwolone.<\/li>\n<\/ul>\n<h3>Moderacja<\/h3>\n<ul>\n<li>Filtrowanie tre\u015bci oparte na sztucznej inteligencji: Wykrywa nago\u015b\u0107, nadu\u017cycia lub naruszenia zasad.<\/li>\n<li>R\u0119czne zg\u0142aszanie i blokowanie: U\u017cytkownicy mog\u0105 natychmiast oznacza\u0107 nieodpowiednie zachowania<\/li>\n<li>Wytyczne dla spo\u0142eczno\u015bci: Surowe zasady dotycz\u0105ce zastraszania, n\u0119kania i udost\u0119pniania tre\u015bci.<\/li>\n<\/ul>\n<p>Monkey zosta\u0142a zaprojektowana jako pozytywna, przyjazna m\u0142odzie\u017cy platforma, ale podobnie jak w przypadku ka\u017cdej aplikacji do czatowania na \u017cywo, u\u017cytkownicy powinni zachowa\u0107 ostro\u017cno\u015b\u0107 i unika\u0107 udost\u0119pniania danych osobowych nieznajomym.<\/p>\n<h2>Do\u015bwiadczenie u\u017cytkownika i projektowanie<\/h2>\n<p>Projekt Monkey jest m\u0142odzie\u0144czy, intuicyjny i zoptymalizowany pod k\u0105tem urz\u0105dze\u0144 mobilnych:<\/p>\n<ul>\n<li>Aplikacja uruchamia si\u0119 z czystym, przesuwanym interfejsem z wyra\u017anymi opcjami czatu, do\u0142\u0105czania do hub\u00f3w lub przegl\u0105dania popularnych tre\u015bci<\/li>\n<li>Profile i okna wideo s\u0105 du\u017ce i \u0142atwe w nawigacji.<\/li>\n<li>Kolorowe ikony, animacje i integracja z muzyk\u0105 nadaj\u0105 aplikacji zabawny, imprezowy charakter.<\/li>\n<li>Powiadomienia i wiadomo\u015bci s\u0105 proste i nieinwazyjne.<\/li>\n<\/ul>\n<p>Wydajno\u015b\u0107 jest p\u0142ynna zar\u00f3wno na urz\u0105dzeniach z Androidem, jak i iOS, z cz\u0119stymi aktualizacjami i nowymi funkcjami dodawanymi w celu utrzymania \u015bwie\u017co\u015bci.<\/p>\n<h2>Monkey App vs inne aplikacje do czatu wideo i wyszukiwania spo\u0142eczno\u015bciowego<\/h2>\n<p>Jak Monkey wypada na tle innych wiod\u0105cych platform do czat\u00f3w wideo?<\/p>\n<table>\n<thead>\n<tr>\n<th>Cecha<\/th>\n<th>Ma\u0142pa<\/th>\n<th><a href=\"https:\/\/strangercam.com\/pl\/ometv\/\">OmeTV<\/a><\/th>\n<th>Azar<\/th>\n<th>ChitChatTV<\/th>\n<th>Yubo<\/th>\n<\/tr>\n<\/thead>\n<tbody>\n<tr>\n<td>Czat wideo jeden na jednego<\/td>\n<td>Tak<\/td>\n<td>Tak<\/td>\n<td>Tak<\/td>\n<td>Tak<\/td>\n<td>Tak<\/td>\n<\/tr>\n<tr>\n<td>Grupowe pokoje wideo<\/td>\n<td>Tak<\/td>\n<td>Nie<\/td>\n<td>Nie<\/td>\n<td>Nie<\/td>\n<td>Tak<\/td>\n<\/tr>\n<tr>\n<td>Profile spo\u0142eczno\u015bciowe\/klipy<\/td>\n<td>Tak<\/td>\n<td>Nie<\/td>\n<td>Tak<\/td>\n<td>Nie<\/td>\n<td>Tak<\/td>\n<\/tr>\n<tr>\n<td>Filtry dopasowuj\u0105ce<\/td>\n<td>P\u0142atne<\/td>\n<td>P\u0142atne<\/td>\n<td>P\u0142atne<\/td>\n<td>Nie<\/td>\n<td>Ograniczony<\/td>\n<\/tr>\n<tr>\n<td>Bezp\u0142atne u\u017cytkowanie<\/td>\n<td>Tak<\/td>\n<td>Tak<\/td>\n<td>Tak<\/td>\n<td>Tak<\/td>\n<td>Tak<\/td>\n<\/tr>\n<tr>\n<td>Popularne tre\u015bci<\/td>\n<td>Tak<\/td>\n<td>Nie<\/td>\n<td>Nie<\/td>\n<td>Nie<\/td>\n<td>Tak<\/td>\n<\/tr>\n<tr>\n<td>Koncentracja na wieku<\/td>\n<td>18-25<\/td>\n<td>18+<\/td>\n<td>18+<\/td>\n<td>18+<\/td>\n<td>18-25<\/td>\n<\/tr>\n<tr>\n<td>Projektowanie zorientowane na urz\u0105dzenia mobilne<\/td>\n<td>Tak<\/td>\n<td>Tak<\/td>\n<td>Tak<\/td>\n<td>Tak<\/td>\n<td>Tak<\/td>\n<\/tr>\n<\/tbody>\n<\/table>\n<p>Podsumowanie: Monkey wyr\u00f3\u017cnia si\u0119 po\u0142\u0105czeniem czatu wideo na \u017cywo, kreatywnych tre\u015bci, pokoi grupowych i zabawnego, konkurencyjnego elementu spo\u0142eczno\u015bciowego. Mniej chodzi tu o czyst\u0105 anonimowo\u015b\u0107, a bardziej o odkrywanie i wyra\u017canie osobowo\u015bci w czasie rzeczywistym.<\/p>\n<h2>Plusy i minusy<\/h2>\n<p>Plusy:<\/p>\n<ul>\n<li>Darmowy, natychmiastowy czat wideo z nieznajomymi na ca\u0142ym \u015bwiecie<\/li>\n<li>Unikalne centra grupowe do tematycznych spotka\u0144 wideo<\/li>\n<li>Zabawne, kreatywne funkcje spo\u0142eczno\u015bciowe i dostosowywanie profilu<\/li>\n<li>M\u0142oda, t\u0119tni\u0105ca \u017cyciem spo\u0142eczno\u015b\u0107<\/li>\n<li>Filtry dopasowania premium i rozszerzone opcje czatu<\/li>\n<li>Silne narz\u0119dzia bezpiecze\u0144stwa i moderacji<\/li>\n<\/ul>\n<p>Wady:<\/p>\n<ul>\n<li>Zaprojektowany dla os\u00f3b w wieku 18-25 lat, wi\u0119c starsi u\u017cytkownicy mog\u0105 czu\u0107 si\u0119 nie na miejscu.<\/li>\n<li>Zakupy w aplikacji dla niekt\u00f3rych filtr\u00f3w i funkcji<\/li>\n<li>Niekt\u00f3rzy u\u017cytkownicy mog\u0105 nadu\u017cywa\u0107 platformy, pomimo moderacji<\/li>\n<li>Wymagana aplikacja mobilna - brak wersji przegl\u0105darkowej dla u\u017cytkownik\u00f3w komputer\u00f3w stacjonarnych<\/li>\n<li>Szybkie tempo mo\u017ce nie odpowiada\u0107 ka\u017cdemu<\/li>\n<\/ul>\n<h2>Idealne przypadki u\u017cycia<\/h2>\n<p>Monkey jest idealny dla:<\/p>\n<ul>\n<li>M\u0142odzi doro\u015bli, kt\u00f3rzy chc\u0105 <a href=\"https:\/\/strangercam.com\/pl\/coomeet\/\">spotkanie<\/a> nowych ludzi w \u017cywym, kreatywnym \u015brodowisku online<\/li>\n<li>Fani TikTok lub Instagram Reels, kt\u00f3rzy r\u00f3wnie\u017c lubi\u0105 rozmowy na \u017cywo<\/li>\n<li>U\u017cytkownicy, kt\u00f3rzy chc\u0105 do\u0142\u0105czy\u0107 do grupowych spotka\u0144 wideo lub tematycznych pokoi spo\u0142eczno\u015bciowych<\/li>\n<li>Tw\u00f3rcy, muzycy lub influencerzy szukaj\u0105cy ekspozycji i zaanga\u017cowania odbiorc\u00f3w<\/li>\n<\/ul>\n<p>Mniej idealny dla:<\/p>\n<ul>\n<li>U\u017cytkownicy szukaj\u0105cy czysto anonimowego lub tekstowego czatu<\/li>\n<li>Doro\u015bli powy\u017cej 30 roku \u017cycia (atmosfera bardzo zbli\u017cona do Gen Z)<\/li>\n<li>Osoby bez dost\u0119pu do kompatybilnego urz\u0105dzenia mobilnego<\/li>\n<\/ul>\n<p>Monkey App to wiod\u0105cy czat wideo i platforma spo\u0142eczno\u015bciowa dla pokolenia Z w 2025 roku. \u0141\u0105czy w sobie spontaniczno\u015b\u0107 klasycznego czatu losowego z kreatywno\u015bci\u0105 i spo\u0142eczno\u015bci\u0105 nowoczesnych aplikacji spo\u0142eczno\u015bciowych, dzi\u0119ki czemu jest zabawny, bezpieczny i bardzo anga\u017cuj\u0105cy dla m\u0142odych ludzi na ca\u0142ym \u015bwiecie.<\/p>\n<p>Niezale\u017cnie od tego, czy chcesz rozmawia\u0107 jeden na jednego, do\u0142\u0105czy\u0107 do grupowego spotkania, czy te\u017c udost\u0119pnia\u0107 w\u0142asne filmy i zainteresowania, Monkey oferuje zabawn\u0105 i wyj\u0105tkow\u0105 przestrze\u0144 do nawi\u0105zywania kontakt\u00f3w. Je\u015bli szukasz szybkiego, wizualnego i spo\u0142eczno\u015bciowego sposobu na nawi\u0105zywanie nowych znajomo\u015bci i wyra\u017canie siebie, Monkey App jest absolutnie warty wypr\u00f3bowania.<\/p>","protected":false},"excerpt":{"rendered":"<p>As the world of online video chat and social networking evolves, new apps are constantly emerging to cater to the needs of a younger, more mobile-first audience. Monkey App is one such platform, blending the thrill of random video chat with social discovery and short-form video\u2014creating a unique space that feels part Omegle, part TikTok, [&hellip;]<\/p>\n","protected":false},"author":6,"featured_media":0,"parent":0,"menu_order":0,"comment_status":"closed","ping_status":"closed","template":"","meta":{"footnotes":""},"class_list":["post-1303","page","type-page","status-publish","hentry"],"yoast_head":"<!-- This site is optimized with the Yoast SEO plugin v27.4 - https:\/\/yoast.com\/product\/yoast-seo-wordpress\/ -->\n<title>Monkey App - Random Video Chat Omegle - StrangerCam.com<\/title>\n<meta name=\"description\" content=\"Like Monkey App? Come chat with more than 5.000.000 strangers on Strangercam for Free! Turn on your cam and find new friends &amp; maby a match!\" \/>\n<meta name=\"robots\" content=\"index, follow, max-snippet:-1, max-image-preview:large, max-video-preview:-1\" \/>\n<link rel=\"canonical\" href=\"https:\/\/strangercam.com\/pl\/aplikacja-malpy\/\" \/>\n<meta property=\"og:locale\" content=\"pl_PL\" \/>\n<meta property=\"og:type\" content=\"article\" \/>\n<meta property=\"og:title\" content=\"Monkey App - Random Video Chat Omegle - StrangerCam.com\" \/>\n<meta property=\"og:description\" content=\"Like Monkey App? Come chat with more than 5.000.000 strangers on Strangercam for Free! Turn on your cam and find new friends &amp; maby a match!\" \/>\n<meta property=\"og:url\" content=\"https:\/\/strangercam.com\/pl\/aplikacja-malpy\/\" \/>\n<meta property=\"og:site_name\" content=\"Strangercam\" \/>\n<meta property=\"article:publisher\" content=\"https:\/\/www.facebook.com\/strangercam\" \/>\n<meta property=\"article:modified_time\" content=\"2025-08-05T08:41:12+00:00\" \/>\n<meta property=\"og:image\" content=\"https:\/\/strangercam.com\/wp-content\/uploads\/2021\/10\/Untitled-2.png\" \/>\n\t<meta property=\"og:image:width\" content=\"800\" \/>\n\t<meta property=\"og:image:height\" content=\"532\" \/>\n\t<meta property=\"og:image:type\" content=\"image\/png\" \/>\n<meta name=\"twitter:card\" content=\"summary_large_image\" \/>\n<meta name=\"twitter:site\" content=\"@strangercamapp\" \/>\n<meta name=\"twitter:label1\" content=\"Szacowany czas czytania\" \/>\n\t<meta name=\"twitter:data1\" content=\"6 minut\" \/>\n<script type=\"application\/ld+json\" class=\"yoast-schema-graph\">{\"@context\":\"https:\\\/\\\/schema.org\",\"@graph\":[{\"@type\":\"WebPage\",\"@id\":\"https:\\\/\\\/strangercam.com\\\/monkey-app\\\/\",\"url\":\"https:\\\/\\\/strangercam.com\\\/monkey-app\\\/\",\"name\":\"Monkey App - Random Video Chat Omegle - StrangerCam.com\",\"isPartOf\":{\"@id\":\"https:\\\/\\\/strangercam.com\\\/#website\"},\"datePublished\":\"2025-08-05T08:30:38+00:00\",\"dateModified\":\"2025-08-05T08:41:12+00:00\",\"description\":\"Like Monkey App? Come chat with more than 5.000.000 strangers on Strangercam for Free! Turn on your cam and find new friends & maby a match!\",\"breadcrumb\":{\"@id\":\"https:\\\/\\\/strangercam.com\\\/monkey-app\\\/#breadcrumb\"},\"inLanguage\":\"pl-PL\",\"potentialAction\":[{\"@type\":\"ReadAction\",\"target\":[\"https:\\\/\\\/strangercam.com\\\/monkey-app\\\/\"]}]},{\"@type\":\"BreadcrumbList\",\"@id\":\"https:\\\/\\\/strangercam.com\\\/monkey-app\\\/#breadcrumb\",\"itemListElement\":[{\"@type\":\"ListItem\",\"position\":1,\"name\":\"Home\",\"item\":\"https:\\\/\\\/strangercam.com\\\/\"},{\"@type\":\"ListItem\",\"position\":2,\"name\":\"Monkey App\"}]},{\"@type\":\"WebSite\",\"@id\":\"https:\\\/\\\/strangercam.com\\\/#website\",\"url\":\"https:\\\/\\\/strangercam.com\\\/\",\"name\":\"Strangercam\",\"description\":\"Random Video Chat with Strangers\",\"publisher\":{\"@id\":\"https:\\\/\\\/strangercam.com\\\/#organization\"},\"alternateName\":\"Strangercam.com\",\"potentialAction\":[{\"@type\":\"SearchAction\",\"target\":{\"@type\":\"EntryPoint\",\"urlTemplate\":\"https:\\\/\\\/strangercam.com\\\/?s={search_term_string}\"},\"query-input\":{\"@type\":\"PropertyValueSpecification\",\"valueRequired\":true,\"valueName\":\"search_term_string\"}}],\"inLanguage\":\"pl-PL\"},{\"@type\":\"Organization\",\"@id\":\"https:\\\/\\\/strangercam.com\\\/#organization\",\"name\":\"Strangercam\",\"alternateName\":\"Strangercam.com\",\"url\":\"https:\\\/\\\/strangercam.com\\\/\",\"logo\":{\"@type\":\"ImageObject\",\"inLanguage\":\"pl-PL\",\"@id\":\"https:\\\/\\\/strangercam.com\\\/#\\\/schema\\\/logo\\\/image\\\/\",\"url\":\"https:\\\/\\\/strangercam.com\\\/wp-content\\\/uploads\\\/2020\\\/11\\\/cropped-new-favicon-black.png\",\"contentUrl\":\"https:\\\/\\\/strangercam.com\\\/wp-content\\\/uploads\\\/2020\\\/11\\\/cropped-new-favicon-black.png\",\"width\":512,\"height\":512,\"caption\":\"Strangercam\"},\"image\":{\"@id\":\"https:\\\/\\\/strangercam.com\\\/#\\\/schema\\\/logo\\\/image\\\/\"},\"sameAs\":[\"https:\\\/\\\/www.facebook.com\\\/strangercam\",\"https:\\\/\\\/x.com\\\/strangercamapp\"]}]}<\/script>\n<!-- \/ Yoast SEO plugin. -->","yoast_head_json":{"title":"Monkey App - Losowy czat wideo Omegle - StrangerCam.com","description":"Jak Monkey App? Przyjd\u017a na czat z ponad 5.000.000 nieznajomych na Strangercam za darmo! W\u0142\u0105cz kamer\u0119 i znajd\u017a nowych przyjaci\u00f3\u0142 i mo\u017ce mecz!","robots":{"index":"index","follow":"follow","max-snippet":"max-snippet:-1","max-image-preview":"max-image-preview:large","max-video-preview":"max-video-preview:-1"},"canonical":"https:\/\/strangercam.com\/pl\/aplikacja-malpy\/","og_locale":"pl_PL","og_type":"article","og_title":"Monkey App - Random Video Chat Omegle - StrangerCam.com","og_description":"Like Monkey App? Come chat with more than 5.000.000 strangers on Strangercam for Free! Turn on your cam and find new friends & maby a match!","og_url":"https:\/\/strangercam.com\/pl\/aplikacja-malpy\/","og_site_name":"Strangercam","article_publisher":"https:\/\/www.facebook.com\/strangercam","article_modified_time":"2025-08-05T08:41:12+00:00","og_image":[{"width":800,"height":532,"url":"https:\/\/strangercam.com\/wp-content\/uploads\/2021\/10\/Untitled-2.png","type":"image\/png"}],"twitter_card":"summary_large_image","twitter_site":"@strangercamapp","twitter_misc":{"Szacowany czas czytania":"6 minut"},"schema":{"@context":"https:\/\/schema.org","@graph":[{"@type":"WebPage","@id":"https:\/\/strangercam.com\/monkey-app\/","url":"https:\/\/strangercam.com\/monkey-app\/","name":"Monkey App - Losowy czat wideo Omegle - StrangerCam.com","isPartOf":{"@id":"https:\/\/strangercam.com\/#website"},"datePublished":"2025-08-05T08:30:38+00:00","dateModified":"2025-08-05T08:41:12+00:00","description":"Jak Monkey App? Przyjd\u017a na czat z ponad 5.000.000 nieznajomych na Strangercam za darmo! W\u0142\u0105cz kamer\u0119 i znajd\u017a nowych przyjaci\u00f3\u0142 i mo\u017ce mecz!","breadcrumb":{"@id":"https:\/\/strangercam.com\/monkey-app\/#breadcrumb"},"inLanguage":"pl-PL","potentialAction":[{"@type":"ReadAction","target":["https:\/\/strangercam.com\/monkey-app\/"]}]},{"@type":"BreadcrumbList","@id":"https:\/\/strangercam.com\/monkey-app\/#breadcrumb","itemListElement":[{"@type":"ListItem","position":1,"name":"Home","item":"https:\/\/strangercam.com\/"},{"@type":"ListItem","position":2,"name":"Monkey App"}]},{"@type":"WebSite","@id":"https:\/\/strangercam.com\/#website","url":"https:\/\/strangercam.com\/","name":"Strangercam","description":"Losowy czat wideo z nieznajomymi","publisher":{"@id":"https:\/\/strangercam.com\/#organization"},"alternateName":"Strangercam.com","potentialAction":[{"@type":"SearchAction","target":{"@type":"EntryPoint","urlTemplate":"https:\/\/strangercam.com\/?s={search_term_string}"},"query-input":{"@type":"PropertyValueSpecification","valueRequired":true,"valueName":"search_term_string"}}],"inLanguage":"pl-PL"},{"@type":"Organization","@id":"https:\/\/strangercam.com\/#organization","name":"Strangercam","alternateName":"Strangercam.com","url":"https:\/\/strangercam.com\/","logo":{"@type":"ImageObject","inLanguage":"pl-PL","@id":"https:\/\/strangercam.com\/#\/schema\/logo\/image\/","url":"https:\/\/strangercam.com\/wp-content\/uploads\/2020\/11\/cropped-new-favicon-black.png","contentUrl":"https:\/\/strangercam.com\/wp-content\/uploads\/2020\/11\/cropped-new-favicon-black.png","width":512,"height":512,"caption":"Strangercam"},"image":{"@id":"https:\/\/strangercam.com\/#\/schema\/logo\/image\/"},"sameAs":["https:\/\/www.facebook.com\/strangercam","https:\/\/x.com\/strangercamapp"]}]}},"_links":{"self":[{"href":"https:\/\/strangercam.com\/pl\/wp-json\/wp\/v2\/pages\/1303","targetHints":{"allow":["GET"]}}],"collection":[{"href":"https:\/\/strangercam.com\/pl\/wp-json\/wp\/v2\/pages"}],"about":[{"href":"https:\/\/strangercam.com\/pl\/wp-json\/wp\/v2\/types\/page"}],"author":[{"embeddable":true,"href":"https:\/\/strangercam.com\/pl\/wp-json\/wp\/v2\/users\/6"}],"replies":[{"embeddable":true,"href":"https:\/\/strangercam.com\/pl\/wp-json\/wp\/v2\/comments?post=1303"}],"version-history":[{"count":1,"href":"https:\/\/strangercam.com\/pl\/wp-json\/wp\/v2\/pages\/1303\/revisions"}],"predecessor-version":[{"id":12953,"href":"https:\/\/strangercam.com\/pl\/wp-json\/wp\/v2\/pages\/1303\/revisions\/12953"}],"wp:attachment":[{"href":"https:\/\/strangercam.com\/pl\/wp-json\/wp\/v2\/media?parent=1303"}],"curies":[{"name":"wp","href":"https:\/\/api.w.org\/{rel}","templated":true}]}}