{"id":13024,"date":"2025-09-10T11:58:44","date_gmt":"2025-09-10T09:58:44","guid":{"rendered":"https:\/\/strangercam.com\/?page_id=13024"},"modified":"2025-09-10T11:58:57","modified_gmt":"2025-09-10T09:58:57","slug":"airtalk","status":"publish","type":"page","link":"https:\/\/strangercam.com\/pl\/airtalk\/","title":{"rendered":"AirTALK"},"content":{"rendered":"<p>Zapotrzebowanie na szybkie, anonimowe i spontaniczne wideo <a href=\"https:\/\/strangercam.com\/pl\/chathub\/\">czat<\/a> platformy szybko si\u0119 rozwin\u0119\u0142y od czasu zamkni\u0119cia Omegle. Nowe aplikacje i strony internetowe \u015bcigaj\u0105 si\u0119, aby sta\u0107 si\u0119 kolejnym du\u017cym miejscem do przypadkowych rozm\u00f3w. AirTALK jest jedn\u0105 ze \u015bwie\u017cych nazw w tej przestrzeni - oferuje natychmiastowy czat wideo jeden na jednego z nieznajomymi, w po\u0142\u0105czeniu z lekk\u0105, przyjazn\u0105 dla urz\u0105dze\u0144 mobilnych konstrukcj\u0105, kt\u00f3ra u\u0142atwia \u0142\u0105czenie si\u0119 z lud\u017ami na ca\u0142ym \u015bwiecie.<\/p>\n<p>Ale jak AirTALK wypada w 2025 roku? Czy jest to prawdziwy <a href=\"https:\/\/strangercam.com\/pl\/omegle\/\">Omegle<\/a> AirTALK jest alternatyw\u0105 i czy wnosi co\u015b nowego? W tej recenzji zbadamy wszystko, co musisz wiedzie\u0107 o AirTALK: jego cel, funkcje, odbiorc\u00f3w, \u015brodki bezpiecze\u0144stwa, zalety i wady oraz por\u00f3wnanie z innymi platformami do losowych czat\u00f3w wideo.<\/p>\n<h2>Czym jest AirTALK?<\/h2>\n<p>AirTALK to losowa aplikacja i witryna do rozm\u00f3w wideo, kt\u00f3ra pozwala u\u017cytkownikom <a href=\"https:\/\/strangercam.com\/pl\/coomeet\/\">spotkanie<\/a> Nieznajomi natychmiast dzi\u0119ki rozmowom wideo na \u017cywo jeden na jednego. Podobnie jak Omegle i <a href=\"https:\/\/strangercam.com\/pl\/chatroulette\/\">Chatroulette<\/a> Przed nim AirTALK nie wymaga skomplikowanego procesu rejestracji - wystarczy dotkn\u0105\u0107, aby rozpocz\u0105\u0107, a natychmiast zostaniesz sparowany z kim\u015b nowym.<\/p>\n<p>K\u0142adzie nacisk na prostot\u0119, anonimowo\u015b\u0107 i szybko\u015b\u0107. W przeciwie\u0144stwie do aplikacji spo\u0142eczno\u015bciowych, w kt\u00f3rych dominuj\u0105 profile i algorytmy, AirTALK koncentruje si\u0119 na \u017cywej, nieskryptowanej interakcji. Projekt jest elegancki, czasy \u0142adowania s\u0105 szybkie, a optymalizacja mobilna u\u0142atwia korzystanie z niego w podr\u00f3\u017cy.<\/p>\n<h2>Jaki jest cel AirTALK?<\/h2>\n<p>Misj\u0105 AirTALK jest uczynienie globalnej komunikacji \u0142atw\u0105 i przyjemn\u0105. Platforma istnieje dla os\u00f3b, kt\u00f3re:<\/p>\n<ul>\n<li>Chcesz anonimowej alternatywy dla Omegle?<\/li>\n<li>Ciesz si\u0119 spotkaniami z nieznajomymi na czacie wideo w czasie rzeczywistym<\/li>\n<li>Preferuj\u0105 szybkie, spontaniczne rozmowy zamiast wyselekcjonowanych kana\u0142\u00f3w spo\u0142eczno\u015bciowych.<\/li>\n<li>Szukasz zabawnego, bezpiecznego i darmowego pogromcy nudy?<\/li>\n<\/ul>\n<p>Pomy\u015bl o AirTALK jako o wirtualnym miejscu spotka\u0144, w kt\u00f3rym nigdy nie wiesz, kogo spotkasz - idealnym do czatowania, \u0107wiczenia j\u0119zyk\u00f3w, nawi\u0105zywania przyja\u017ani lub po prostu cieszenia si\u0119 nieskryptowan\u0105 interakcj\u0105.<\/p>\n<h2>Kluczowe cechy<\/h2>\n<p>1. Natychmiastowy losowy czat wideo<br \/>\nPodstawow\u0105 funkcj\u0105 jest czat wideo na \u017cywo jeden na jednego. Zostajesz natychmiast sparowany z innym u\u017cytkownikiem online w celu przeprowadzenia prywatnej rozmowy. Bez poczekalni, bez kolejek - po prostu szybkie dopasowanie.<\/p>\n<p>2. Przycisk Pomi\u0144\/Nast\u0119pny<br \/>\nNie podoba ci si\u0119 czat? Kliknij \"Dalej\", aby natychmiast przej\u015b\u0107 dalej. Funkcja pomijania sprawia, \u017ce przegl\u0105danie rozm\u00f3w jest szybkie i p\u0142ynne.<\/p>\n<p>3. Opcja czatu tekstowego<br \/>\nAirTALK obs\u0142uguje r\u00f3wnie\u017c wiadomo\u015bci tekstowe wraz z wideo. Jest to przydatne do prze\u0142amywania lod\u00f3w, pokonywania barier j\u0119zykowych lub gdy nie chcesz w\u0142\u0105cza\u0107 mikrofonu.<\/p>\n<p>4. Rejestracja nie jest wymagana<br \/>\nNie trzeba tworzy\u0107 konta ani udost\u0119pnia\u0107 danych osobowych. AirTALK zosta\u0142 stworzony z my\u015bl\u0105 o anonimowo\u015bci, pozwalaj\u0105c u\u017cytkownikom od razu przej\u015b\u0107 do czatu.<\/p>\n<p>5. Przyjazny dla urz\u0105dze\u0144 mobilnych i komputer\u00f3w stacjonarnych<br \/>\nPlatforma zosta\u0142a zaprojektowana z my\u015bl\u0105 o urz\u0105dzeniach mobilnych, ale dzia\u0142a r\u00f3wnie p\u0142ynnie na komputerach stacjonarnych. Niezale\u017cnie od tego, czy korzystasz z telefonu, czy laptopa, interfejs dostosowuje si\u0119, zapewniaj\u0105c zoptymalizowane wra\u017cenia.<\/p>\n<p>6. Lekka, nowoczesna konstrukcja<br \/>\nAirTALK ma przejrzysty, minimalistyczny interfejs. Okna wideo s\u0105 du\u017ce i przejrzyste, a elementy steruj\u0105ce - pomijanie, wyciszanie, raportowanie - s\u0105 \u0142atwe do znalezienia.<\/p>\n<p>7. Narz\u0119dzia bezpiecze\u0144stwa i raportowania<br \/>\nKa\u017cdy czat zawiera przycisk zg\u0142aszania, dzi\u0119ki czemu u\u017cytkownicy mog\u0105 oznaczy\u0107 nieodpowiednie zachowanie. Moderatorzy i filtry oparte na sztucznej inteligencji pomagaj\u0105 egzekwowa\u0107 zasady spo\u0142eczno\u015bci.<\/p>\n<h2>Czy AirTALK jest darmowy?<\/h2>\n<p>Tak, AirTALK jest ca\u0142kowicie darmowy. Wszystkie najwa\u017cniejsze funkcje - czat wideo, czat tekstowy, pomijanie i raportowanie - s\u0105 dost\u0119pne bez \u017cadnych op\u0142at.<\/p>\n<p>S\u0105 to:<\/p>\n<ul>\n<li>Brak subskrypcji<\/li>\n<li>Brak system\u00f3w token\u00f3w<\/li>\n<li>Brak ukrytych zap\u00f3r<\/li>\n<\/ul>\n<p>Platforma mo\u017ce wy\u015bwietla\u0107 lekkie reklamy w celu pokrycia koszt\u00f3w operacyjnych, ale nie przeszkadzaj\u0105 one w korzystaniu z czatu.<\/p>\n<h2>Kto korzysta z AirTALK?<\/h2>\n<p>AirTALK przyci\u0105ga zr\u00f3\u017cnicowan\u0105, mi\u0119dzynarodow\u0105 publiczno\u015b\u0107:<\/p>\n<ul>\n<li>Przedzia\u0142 wiekowy: G\u0142\u00f3wnie 18-35 (\u015bci\u015ble doro\u015bli, tylko 18+)<\/li>\n<li>Typy u\u017cytkownik\u00f3w: Studenci, m\u0142odzi profesjonali\u015bci, podr\u00f3\u017cnicy i zwykli czatowicze<\/li>\n<li>Geografia: Popularny w Stanach Zjednoczonych, Europie, Ameryce Po\u0142udniowej, Indiach i Azji Po\u0142udniowo-Wschodniej.<\/li>\n<li>Motywacje: Poznawanie nowych przyjaci\u00f3\u0142, \u0107wiczenie j\u0119zyk\u00f3w, niezobowi\u0105zuj\u0105cy flirt, wymiana kulturowa lub po prostu sp\u0119dzanie czasu.<\/li>\n<\/ul>\n<p>Ze wzgl\u0119du na now\u0105 premier\u0119, odbiorcy AirTALK s\u0105 m\u0142odsi i obeznani z technologi\u0105, zw\u0142aszcza ci, kt\u00f3rzy wcze\u015bniej korzystali z Omegle, a teraz szukaj\u0105 alternatyw.<\/p>\n<h2>Bezpiecze\u0144stwo, prywatno\u015b\u0107 i moderacja<\/h2>\n<p>AirTALK k\u0142adzie du\u017cy nacisk na bezpiecze\u0144stwo i prywatno\u015b\u0107 u\u017cytkownik\u00f3w.<\/p>\n<h3>Prywatno\u015b\u0107<\/h3>\n<ul>\n<li>Nie s\u0105 wymagane \u017cadne dane osobowe, adresy e-mail ani numery telefon\u00f3w<\/li>\n<li>Czaty nie s\u0105 nagrywane ani przechowywane<\/li>\n<li>U\u017cytkownicy pozostaj\u0105 anonimowi, chyba \u017ce zdecyduj\u0105 si\u0119 udost\u0119pni\u0107 informacje<\/li>\n<\/ul>\n<h3>Moderacja<\/h3>\n<ul>\n<li>Zg\u0142aszanie na czacie: Natychmiastowe oznaczanie obra\u017aliwych lub nieodpowiednich zachowa\u0144.<\/li>\n<li>Filtry oparte na sztucznej inteligencji: Wykrywanie tre\u015bci o charakterze wulgarnym i blokowanie os\u00f3b naruszaj\u0105cych prawo<\/li>\n<li>Ludzka moderacja: Przegl\u0105danie raport\u00f3w i egzekwowanie zakaz\u00f3w dla recydywist\u00f3w.<\/li>\n<\/ul>\n<h3>Wskaz\u00f3wki dotycz\u0105ce bezpiecze\u0144stwa<\/h3>\n<ul>\n<li>Nie udost\u0119pniaj poufnych danych (imi\u0119 i nazwisko, adres, media spo\u0142eczno\u015bciowe).<\/li>\n<li>Zako\u0144cz rozmow\u0119, kt\u00f3ra wydaje si\u0119 niekomfortowa.<\/li>\n<li>U\u017cyj opcji \"Pomi\u0144\" i \"Zg\u0142o\u015b\", aby zachowa\u0107 pozytywne wra\u017cenia.<\/li>\n<\/ul>\n<h2>Do\u015bwiadczenie u\u017cytkownika i projektowanie<\/h2>\n<p>AirTALK zapewnia p\u0142ynn\u0105 i przyjemn\u0105 obs\u0142ug\u0119:<\/p>\n<ul>\n<li>Strona g\u0142\u00f3wna: Prosty uk\u0142ad z du\u017cym przyciskiem \"Rozpocznij czat\" i wytycznymi dla spo\u0142eczno\u015bci.<\/li>\n<li>Interfejs czatu wideo: Wyra\u017ane okna wideo z intuicyjnymi przyciskami pomijania i wyciszania<\/li>\n<li>Optymalizacja mobilna: Dzia\u0142a szybko na telefonach, z responsywn\u0105 konstrukcj\u0105 dla wszystkich rozmiar\u00f3w ekranu.<\/li>\n<li>Wydajno\u015b\u0107: Minimalne op\u00f3\u017anienia, kr\u00f3tkie czasy \u0142adowania i p\u0142ynne przej\u015bcia mi\u0119dzy czatami.<\/li>\n<\/ul>\n<p>W por\u00f3wnaniu ze starszymi, niezgrabnymi witrynami do losowego czatowania, AirTALK jest lekki, nowoczesny i dopracowany.<\/p>\n<h2>AirTALK vs inne platformy czatu losowego<\/h2>\n<p>Jak AirTALK wypada na tle innych alternatyw Omegle?<\/p>\n<table>\n<thead>\n<tr>\n<th>Cecha<\/th>\n<th>AirTALK<\/th>\n<th>Omegle (zamkni\u0119ty)<\/th>\n<th>Ohmegle<\/th>\n<th>Lotta<\/th>\n<th>MatchPub<\/th>\n<th><a href=\"https:\/\/strangercam.com\/pl\/ometv\/\">OmeTV<\/a><\/th>\n<th>Chato<\/th>\n<\/tr>\n<\/thead>\n<tbody>\n<tr>\n<td>Czat wideo<\/td>\n<td>Tak<\/td>\n<td>Tak<\/td>\n<td>Tak<\/td>\n<td>Tak<\/td>\n<td>Tak<\/td>\n<td>Tak<\/td>\n<td>Tak<\/td>\n<\/tr>\n<tr>\n<td>Czat tekstowy<\/td>\n<td>Tak<\/td>\n<td>Tak<\/td>\n<td>Tak<\/td>\n<td>Tak<\/td>\n<td>Tak<\/td>\n<td>Tak<\/td>\n<td>Tak<\/td>\n<\/tr>\n<tr>\n<td>Wymagana rejestracja<\/td>\n<td>Nie<\/td>\n<td>Nie<\/td>\n<td>Nie<\/td>\n<td>Nie<\/td>\n<td>Nie<\/td>\n<td>Nie<\/td>\n<td>Nie<\/td>\n<\/tr>\n<tr>\n<td>Wsparcie mobilne<\/td>\n<td>Doskona\u0142y<\/td>\n<td>S\u0142aby<\/td>\n<td>Doskona\u0142y<\/td>\n<td>Doskona\u0142y<\/td>\n<td>Doskona\u0142y<\/td>\n<td>Dobry<\/td>\n<td>Doskona\u0142y<\/td>\n<\/tr>\n<tr>\n<td>Filtry p\u0142ci\/regionu<\/td>\n<td>Nie<\/td>\n<td>Nie<\/td>\n<td>Nie<\/td>\n<td>Nie<\/td>\n<td>Nie<\/td>\n<td>P\u0142atne<\/td>\n<td>Nie<\/td>\n<\/tr>\n<tr>\n<td>Narz\u0119dzia moderacji<\/td>\n<td>Silny<\/td>\n<td>S\u0142aby<\/td>\n<td>Umiarkowany<\/td>\n<td>Dobry<\/td>\n<td>Dobry<\/td>\n<td>Silny<\/td>\n<td>Dobry<\/td>\n<\/tr>\n<tr>\n<td>Bezp\u0142atne u\u017cytkowanie<\/td>\n<td>Tak<\/td>\n<td>Tak<\/td>\n<td>Tak<\/td>\n<td>Tak<\/td>\n<td>Tak<\/td>\n<td>Tak\/P\u0142atne<\/td>\n<td>Tak<\/td>\n<\/tr>\n<\/tbody>\n<\/table>\n<p>Podsumowanie: AirTALK jest najbardziej zbli\u017cony do Lotta, MatchPub i Chato - szybki, prosty, darmowy i anonimowy. W przeciwie\u0144stwie do OmeTV, nie oferuje filtr\u00f3w premium, ale jego czysty wygl\u0105d i p\u0142ynna obs\u0142uga mobilna wyr\u00f3\u017cniaj\u0105 go.<\/p>\n<h2>Plusy i minusy<\/h2>\n<p>Plusy:<\/p>\n<ul>\n<li>Bezp\u0142atne i anonimowe, nie wymaga rejestracji<\/li>\n<li>Szybkie, p\u0142ynne po\u0142\u0105czenia wideo i czat tekstowy<\/li>\n<li>Lekki, nowoczesny interfejs<\/li>\n<li>Projekt zoptymalizowany pod k\u0105tem urz\u0105dze\u0144 mobilnych<\/li>\n<li>Globalna, zr\u00f3\u017cnicowana baza u\u017cytkownik\u00f3w<\/li>\n<li>Efektywne funkcje pomijania i raportowania<\/li>\n<\/ul>\n<p>Wady:<\/p>\n<ul>\n<li>Brak filtr\u00f3w p\u0142ci lub lokalizacji<\/li>\n<li>Sporadyczne nara\u017cenie na nieodpowiednie zachowanie (wsp\u00f3lne dla wszystkich anonimowych witryn czatu)<\/li>\n<li>Wi\u0119cej u\u017cytkownik\u00f3w p\u0142ci m\u0119skiej ni\u017c \u017ce\u0144skiej<\/li>\n<li>Brak profili u\u017cytkownik\u00f3w, list znajomych lub mo\u017cliwo\u015bci ponownego nawi\u0105zania kontaktu z by\u0142ymi u\u017cytkownikami.<\/li>\n<li>Wci\u0105\u017c rozwija swoj\u0105 spo\u0142eczno\u015b\u0107 w por\u00f3wnaniu do wi\u0119kszych alternatyw<\/li>\n<\/ul>\n<h2>Idealne przypadki u\u017cycia<\/h2>\n<p>AirTALK jest idealny dla:<\/p>\n<ul>\n<li>Fani Omegle i Chatroulette szukaj\u0105cy nowoczesnego zamiennika<\/li>\n<li>Osoby szukaj\u0105ce szybkich, anonimowych rozm\u00f3w bez rejestracji<\/li>\n<li>Studenci i podr\u00f3\u017cnicy, kt\u00f3rzy lubi\u0105 wymian\u0119 kulturow\u0105<\/li>\n<li>Osoby ucz\u0105ce si\u0119 j\u0119zyka \u0107wicz\u0105 z prawdziwymi lud\u017ami na ca\u0142ym \u015bwiecie<\/li>\n<li>U\u017cytkownicy urz\u0105dze\u0144 mobilnych, kt\u00f3rzy chc\u0105 p\u0142ynnego czatu wideo w podr\u00f3\u017cy<\/li>\n<\/ul>\n<p>Mniej idealny dla:<\/p>\n<ul>\n<li>U\u017cytkownicy poni\u017cej 18 roku \u017cycia (wy\u0142\u0105cznie doro\u015bli)<\/li>\n<li>Ci, kt\u00f3rzy szukaj\u0105 filtr\u00f3w ukierunkowanych na randki lub wyselekcjonowanych dopasowa\u0144<\/li>\n<li>Ludzie, kt\u00f3rzy chc\u0105 mie\u0107 d\u0142ugoterminowe kontakty lub listy znajomych<\/li>\n<\/ul>\n<p>AirTALK to jedna z najbardziej obiecuj\u0105cych nowych alternatyw Omegle w 2025 roku. Oferuje szybkie, anonimowe i bezp\u0142atne czaty wideo jeden na jednego w przejrzystym, przyjaznym dla urz\u0105dze\u0144 mobilnych pakiecie. Dzi\u0119ki solidnej ochronie prywatno\u015bci i \u0142atwym w u\u017cyciu narz\u0119dziom do raportowania, wydaje si\u0119 bezpieczniejsza i bardziej dopracowana ni\u017c wiele starszych platform.<\/p>\n<p>Je\u015bli szukasz nowoczesnego, niezawodnego sposobu na czatowanie z nieznajomymi na ca\u0142ym \u015bwiecie - czy to dla zabawy, \u0107wiczenia j\u0119zyka, czy swobodnej rozmowy - AirTALK jest absolutnie warty wypr\u00f3bowania.<\/p>","protected":false},"excerpt":{"rendered":"<p>The demand for fast, anonymous, and spontaneous video chat platforms has grown rapidly since Omegle\u2019s shutdown. New apps and websites are racing to become the next big destination for random conversations. AirTALK is one of the fresh names in this space\u2014offering instant one-on-one video chat with strangers, combined with a lightweight, mobile-friendly design that makes [&hellip;]<\/p>\n","protected":false},"author":6,"featured_media":0,"parent":0,"menu_order":0,"comment_status":"closed","ping_status":"closed","template":"","meta":{"footnotes":""},"class_list":["post-13024","page","type-page","status-publish","hentry"],"yoast_head":"<!-- This site is optimized with the Yoast SEO plugin v27.4 - https:\/\/yoast.com\/product\/yoast-seo-wordpress\/ -->\n<title>AirTALK - Voice Call with Strangers - StrangerCam.com<\/title>\n<meta name=\"description\" content=\"Like AirTALK? Come chat with more than 5.000.000 strangers on Strangercam for Free! Turn on your cam and find new friends &amp; maby a match!\" \/>\n<meta name=\"robots\" content=\"index, follow, max-snippet:-1, max-image-preview:large, max-video-preview:-1\" \/>\n<link rel=\"canonical\" href=\"https:\/\/strangercam.com\/pl\/airtalk\/\" \/>\n<meta property=\"og:locale\" content=\"pl_PL\" \/>\n<meta property=\"og:type\" content=\"article\" \/>\n<meta property=\"og:title\" content=\"AirTALK - Voice Call with Strangers - StrangerCam.com\" \/>\n<meta property=\"og:description\" content=\"Like AirTALK? Come chat with more than 5.000.000 strangers on Strangercam for Free! Turn on your cam and find new friends &amp; maby a match!\" \/>\n<meta property=\"og:url\" content=\"https:\/\/strangercam.com\/pl\/airtalk\/\" \/>\n<meta property=\"og:site_name\" content=\"Strangercam\" \/>\n<meta property=\"article:publisher\" content=\"https:\/\/www.facebook.com\/strangercam\" \/>\n<meta property=\"article:modified_time\" content=\"2025-09-10T09:58:57+00:00\" \/>\n<meta property=\"og:image\" content=\"https:\/\/strangercam.com\/wp-content\/uploads\/2021\/10\/Untitled-2.png\" \/>\n\t<meta property=\"og:image:width\" content=\"800\" \/>\n\t<meta property=\"og:image:height\" content=\"532\" \/>\n\t<meta property=\"og:image:type\" content=\"image\/png\" \/>\n<meta name=\"twitter:card\" content=\"summary_large_image\" \/>\n<meta name=\"twitter:site\" content=\"@strangercamapp\" \/>\n<meta name=\"twitter:label1\" content=\"Szacowany czas czytania\" \/>\n\t<meta name=\"twitter:data1\" content=\"5 minut\" \/>\n<script type=\"application\/ld+json\" class=\"yoast-schema-graph\">{\"@context\":\"https:\\\/\\\/schema.org\",\"@graph\":[{\"@type\":\"WebPage\",\"@id\":\"https:\\\/\\\/strangercam.com\\\/airtalk\\\/\",\"url\":\"https:\\\/\\\/strangercam.com\\\/airtalk\\\/\",\"name\":\"AirTALK - Voice Call with Strangers - StrangerCam.com\",\"isPartOf\":{\"@id\":\"https:\\\/\\\/strangercam.com\\\/#website\"},\"datePublished\":\"2025-09-10T09:58:44+00:00\",\"dateModified\":\"2025-09-10T09:58:57+00:00\",\"description\":\"Like AirTALK? Come chat with more than 5.000.000 strangers on Strangercam for Free! Turn on your cam and find new friends & maby a match!\",\"breadcrumb\":{\"@id\":\"https:\\\/\\\/strangercam.com\\\/airtalk\\\/#breadcrumb\"},\"inLanguage\":\"pl-PL\",\"potentialAction\":[{\"@type\":\"ReadAction\",\"target\":[\"https:\\\/\\\/strangercam.com\\\/airtalk\\\/\"]}]},{\"@type\":\"BreadcrumbList\",\"@id\":\"https:\\\/\\\/strangercam.com\\\/airtalk\\\/#breadcrumb\",\"itemListElement\":[{\"@type\":\"ListItem\",\"position\":1,\"name\":\"Home\",\"item\":\"https:\\\/\\\/strangercam.com\\\/\"},{\"@type\":\"ListItem\",\"position\":2,\"name\":\"AirTALK\"}]},{\"@type\":\"WebSite\",\"@id\":\"https:\\\/\\\/strangercam.com\\\/#website\",\"url\":\"https:\\\/\\\/strangercam.com\\\/\",\"name\":\"Strangercam\",\"description\":\"Random Video Chat with Strangers\",\"publisher\":{\"@id\":\"https:\\\/\\\/strangercam.com\\\/#organization\"},\"alternateName\":\"Strangercam.com\",\"potentialAction\":[{\"@type\":\"SearchAction\",\"target\":{\"@type\":\"EntryPoint\",\"urlTemplate\":\"https:\\\/\\\/strangercam.com\\\/?s={search_term_string}\"},\"query-input\":{\"@type\":\"PropertyValueSpecification\",\"valueRequired\":true,\"valueName\":\"search_term_string\"}}],\"inLanguage\":\"pl-PL\"},{\"@type\":\"Organization\",\"@id\":\"https:\\\/\\\/strangercam.com\\\/#organization\",\"name\":\"Strangercam\",\"alternateName\":\"Strangercam.com\",\"url\":\"https:\\\/\\\/strangercam.com\\\/\",\"logo\":{\"@type\":\"ImageObject\",\"inLanguage\":\"pl-PL\",\"@id\":\"https:\\\/\\\/strangercam.com\\\/#\\\/schema\\\/logo\\\/image\\\/\",\"url\":\"https:\\\/\\\/strangercam.com\\\/wp-content\\\/uploads\\\/2020\\\/11\\\/cropped-new-favicon-black.png\",\"contentUrl\":\"https:\\\/\\\/strangercam.com\\\/wp-content\\\/uploads\\\/2020\\\/11\\\/cropped-new-favicon-black.png\",\"width\":512,\"height\":512,\"caption\":\"Strangercam\"},\"image\":{\"@id\":\"https:\\\/\\\/strangercam.com\\\/#\\\/schema\\\/logo\\\/image\\\/\"},\"sameAs\":[\"https:\\\/\\\/www.facebook.com\\\/strangercam\",\"https:\\\/\\\/x.com\\\/strangercamapp\"]}]}<\/script>\n<!-- \/ Yoast SEO plugin. -->","yoast_head_json":{"title":"AirTALK - Rozmowy g\u0142osowe z nieznajomymi - StrangerCam.com","description":"Lubisz AirTALK? Przyjd\u017a na czat z ponad 5.000.000 nieznajomych na Strangercam za darmo! W\u0142\u0105cz kamer\u0119 i znajd\u017a nowych przyjaci\u00f3\u0142 i mo\u017ce mecz!","robots":{"index":"index","follow":"follow","max-snippet":"max-snippet:-1","max-image-preview":"max-image-preview:large","max-video-preview":"max-video-preview:-1"},"canonical":"https:\/\/strangercam.com\/pl\/airtalk\/","og_locale":"pl_PL","og_type":"article","og_title":"AirTALK - Voice Call with Strangers - StrangerCam.com","og_description":"Like AirTALK? Come chat with more than 5.000.000 strangers on Strangercam for Free! Turn on your cam and find new friends & maby a match!","og_url":"https:\/\/strangercam.com\/pl\/airtalk\/","og_site_name":"Strangercam","article_publisher":"https:\/\/www.facebook.com\/strangercam","article_modified_time":"2025-09-10T09:58:57+00:00","og_image":[{"width":800,"height":532,"url":"https:\/\/strangercam.com\/wp-content\/uploads\/2021\/10\/Untitled-2.png","type":"image\/png"}],"twitter_card":"summary_large_image","twitter_site":"@strangercamapp","twitter_misc":{"Szacowany czas czytania":"5 minut"},"schema":{"@context":"https:\/\/schema.org","@graph":[{"@type":"WebPage","@id":"https:\/\/strangercam.com\/airtalk\/","url":"https:\/\/strangercam.com\/airtalk\/","name":"AirTALK - Rozmowy g\u0142osowe z nieznajomymi - StrangerCam.com","isPartOf":{"@id":"https:\/\/strangercam.com\/#website"},"datePublished":"2025-09-10T09:58:44+00:00","dateModified":"2025-09-10T09:58:57+00:00","description":"Lubisz AirTALK? Przyjd\u017a na czat z ponad 5.000.000 nieznajomych na Strangercam za darmo! W\u0142\u0105cz kamer\u0119 i znajd\u017a nowych przyjaci\u00f3\u0142 i mo\u017ce mecz!","breadcrumb":{"@id":"https:\/\/strangercam.com\/airtalk\/#breadcrumb"},"inLanguage":"pl-PL","potentialAction":[{"@type":"ReadAction","target":["https:\/\/strangercam.com\/airtalk\/"]}]},{"@type":"BreadcrumbList","@id":"https:\/\/strangercam.com\/airtalk\/#breadcrumb","itemListElement":[{"@type":"ListItem","position":1,"name":"Home","item":"https:\/\/strangercam.com\/"},{"@type":"ListItem","position":2,"name":"AirTALK"}]},{"@type":"WebSite","@id":"https:\/\/strangercam.com\/#website","url":"https:\/\/strangercam.com\/","name":"Strangercam","description":"Losowy czat wideo z nieznajomymi","publisher":{"@id":"https:\/\/strangercam.com\/#organization"},"alternateName":"Strangercam.com","potentialAction":[{"@type":"SearchAction","target":{"@type":"EntryPoint","urlTemplate":"https:\/\/strangercam.com\/?s={search_term_string}"},"query-input":{"@type":"PropertyValueSpecification","valueRequired":true,"valueName":"search_term_string"}}],"inLanguage":"pl-PL"},{"@type":"Organization","@id":"https:\/\/strangercam.com\/#organization","name":"Strangercam","alternateName":"Strangercam.com","url":"https:\/\/strangercam.com\/","logo":{"@type":"ImageObject","inLanguage":"pl-PL","@id":"https:\/\/strangercam.com\/#\/schema\/logo\/image\/","url":"https:\/\/strangercam.com\/wp-content\/uploads\/2020\/11\/cropped-new-favicon-black.png","contentUrl":"https:\/\/strangercam.com\/wp-content\/uploads\/2020\/11\/cropped-new-favicon-black.png","width":512,"height":512,"caption":"Strangercam"},"image":{"@id":"https:\/\/strangercam.com\/#\/schema\/logo\/image\/"},"sameAs":["https:\/\/www.facebook.com\/strangercam","https:\/\/x.com\/strangercamapp"]}]}},"_links":{"self":[{"href":"https:\/\/strangercam.com\/pl\/wp-json\/wp\/v2\/pages\/13024","targetHints":{"allow":["GET"]}}],"collection":[{"href":"https:\/\/strangercam.com\/pl\/wp-json\/wp\/v2\/pages"}],"about":[{"href":"https:\/\/strangercam.com\/pl\/wp-json\/wp\/v2\/types\/page"}],"author":[{"embeddable":true,"href":"https:\/\/strangercam.com\/pl\/wp-json\/wp\/v2\/users\/6"}],"replies":[{"embeddable":true,"href":"https:\/\/strangercam.com\/pl\/wp-json\/wp\/v2\/comments?post=13024"}],"version-history":[{"count":1,"href":"https:\/\/strangercam.com\/pl\/wp-json\/wp\/v2\/pages\/13024\/revisions"}],"predecessor-version":[{"id":13025,"href":"https:\/\/strangercam.com\/pl\/wp-json\/wp\/v2\/pages\/13024\/revisions\/13025"}],"wp:attachment":[{"href":"https:\/\/strangercam.com\/pl\/wp-json\/wp\/v2\/media?parent=13024"}],"curies":[{"name":"wp","href":"https:\/\/api.w.org\/{rel}","templated":true}]}}