{"id":13022,"date":"2025-09-10T11:55:23","date_gmt":"2025-09-10T09:55:23","guid":{"rendered":"https:\/\/strangercam.com\/?page_id=13022"},"modified":"2025-09-10T11:55:34","modified_gmt":"2025-09-10T09:55:34","slug":"buzzcast","status":"publish","type":"page","link":"https:\/\/strangercam.com\/pl\/buzzcast\/","title":{"rendered":"Buzzcast"},"content":{"rendered":"<p>Granica mi\u0119dzy losowym wideo <a href=\"https:\/\/strangercam.com\/pl\/chatroulette\/\">czat<\/a>, W ostatnim czasie coraz bardziej zacieraj\u0105 si\u0119 granice mi\u0119dzy streamingiem na \u017cywo a sieciami spo\u0142eczno\u015bciowymi. BuzzCast jest doskona\u0142ym przyk\u0142adem tego trendu - spo\u0142eczno\u015bciowa platforma wideo, na kt\u00f3rej u\u017cytkownicy mog\u0105 transmitowa\u0107 na \u017cywo, odkrywa\u0107 nowych znajomych, do\u0142\u0105cza\u0107 do losowych czat\u00f3w wideo i wchodzi\u0107 w interakcje za po\u015brednictwem prezent\u00f3w i spo\u0142eczno\u015bci. Pierwotnie uruchomiony jako aplikacja do transmisji na \u017cywo, BuzzCast sta\u0142 si\u0119 pe\u0142noprawn\u0105 platform\u0105 spo\u0142eczno\u015bciow\u0105 z milionami u\u017cytkownik\u00f3w na ca\u0142ym \u015bwiecie.<\/p>\n<p>Ale czy BuzzCast jest wart Twojego czasu w 2025 roku? Jak wypada na tle innych aplikacji, takich jak Bigo Live, Azar czy Monkey? W tej szczeg\u00f3\u0142owej recenzji zbadamy, co oferuje BuzzCast, dla kogo jest przeznaczony i czy naprawd\u0119 wyr\u00f3\u017cnia si\u0119 na stale zat\u0142oczonym rynku czat\u00f3w spo\u0142eczno\u015bciowych.<\/p>\n<h2>Czym jest BuzzCast?<\/h2>\n<p>BuzzCast to mobilna aplikacja do streamingu na \u017cywo i czatu wideo dost\u0119pna na iOS i Androida. Platforma \u0142\u0105czy w sobie elementy streamingu w stylu Twitcha, kr\u00f3tkich film\u00f3w w stylu TikTok i losowego czatu w stylu Omegle. U\u017cytkownicy mog\u0105:<\/p>\n<ul>\n<li>Prowadzenie transmisji na \u017cywo i interakcja z widzami w czasie rzeczywistym<\/li>\n<li>Ogl\u0105daj i anga\u017cuj si\u0119 w transmisje na \u017cywo z ca\u0142ego \u015bwiata<\/li>\n<li>Join losowe rozmowy wideo jeden na jeden z <a href=\"https:\/\/strangercam.com\/pl\/coomeet\/\">spotkanie<\/a> nowi ludzie<\/li>\n<li>Wysy\u0142aj i odbieraj wirtualne prezenty, aby wspiera\u0107 streamer\u00f3w lub sprawi\u0107, by rozmowy by\u0142y bardziej anga\u017cuj\u0105ce.<\/li>\n<\/ul>\n<p>Aplikacja reklamuje si\u0119 jako sie\u0107 spo\u0142eczno\u015bciowa, a nie tylko narz\u0119dzie komunikacji. Zach\u0119ca ludzi do prezentowania swoich talent\u00f3w, osobowo\u015bci i stylu \u017cycia poprzez wideo na \u017cywo.<\/p>\n<h2>Jaki jest cel BuzzCast?<\/h2>\n<p>Misj\u0105 BuzzCast jest stworzenie globalnej sceny dla interakcji, kreatywno\u015bci i nawi\u0105zywania kontakt\u00f3w. BuzzCast wype\u0142nia luk\u0119 mi\u0119dzy rozrywk\u0105 spo\u0142eczno\u015bciow\u0105 a komunikacj\u0105 poprzez:<\/p>\n<ul>\n<li>Daj\u0105c ka\u017cdemu narz\u0119dzia do transmitowania siebie do publiczno\u015bci na ca\u0142ym \u015bwiecie<\/li>\n<li>Umo\u017cliwienie u\u017cytkownikom losowego \u0142\u0105czenia si\u0119 z nieznajomymi w celu prowadzenia spontanicznych rozm\u00f3w.<\/li>\n<li>Stworzenie systemu monetyzacji, w kt\u00f3rym streamerzy mog\u0105 zarabia\u0107 na prezentach.<\/li>\n<li>Oferuj\u0105c bardziej interaktywn\u0105, osobist\u0105 alternatyw\u0119 dla TikTok czy Instagrama.<\/li>\n<\/ul>\n<p>Jest to aplikacja zaprojektowana zar\u00f3wno dla tw\u00f3rc\u00f3w tre\u015bci, jak i dla odkrywc\u00f3w spo\u0142eczno\u015bciowych - tych, kt\u00f3rzy chc\u0105 zar\u00f3wno ogl\u0105da\u0107, jak i uczestniczy\u0107.<\/p>\n<h2>Kluczowe cechy<\/h2>\n<p>1. Transmisja na \u017cywo<br \/>\nSercem BuzzCast jest funkcja transmisji na \u017cywo. U\u017cytkownicy mog\u0105 transmitowa\u0107 siebie, wyst\u0119powa\u0107, czatowa\u0107 lub po prostu dzieli\u0107 si\u0119 swoim codziennym \u017cyciem, podczas gdy widzowie mog\u0105 komentowa\u0107 i wysy\u0142a\u0107 prezenty.<\/p>\n<p>2. Losowy czat wideo jeden na jednego<br \/>\nDla tych, kt\u00f3rzy wol\u0105 spontaniczne rozmowy, BuzzCast zawiera tryb losowego czatu wideo podobny do <a href=\"https:\/\/strangercam.com\/pl\/omegle\/\">Omegle<\/a> lub Azar. Wystarczy jedno klikni\u0119cie, aby sparowa\u0107 si\u0119 z kim\u015b nowym na prywatny czat przed kamer\u0105.<\/p>\n<p>3. Wirtualne prezenty i monety<br \/>\nBuzzCast wykorzystuje system wirtualnej waluty. Widzowie mog\u0105 kupowa\u0107 monety i u\u017cywa\u0107 ich do wysy\u0142ania prezent\u00f3w (takich jak emoji, animacje lub wirtualne przedmioty) do streamer\u00f3w. Popularni streamerzy mog\u0105 zamieni\u0107 je na rzeczywiste zarobki.<\/p>\n<p>4. Profile spo\u0142eczno\u015bciowe<br \/>\nKa\u017cdy u\u017cytkownik ma sw\u00f3j profil ze zdj\u0119ciami, filmami i danymi osobowymi. Sprawia to, \u017ce BuzzCast bardziej przypomina hybryd\u0119 aplikacji randkowej i platformy do transmisji na \u017cywo, poniewa\u017c mo\u017cna \u015bledzi\u0107, wysy\u0142a\u0107 wiadomo\u015bci i wchodzi\u0107 w interakcje poza czatami na \u017cywo.<\/p>\n<p>5. Kr\u00f3tkie filmy i klipy<br \/>\nOpr\u00f3cz transmisji na \u017cywo, BuzzCast obs\u0142uguje przesy\u0142anie kr\u00f3tkich klip\u00f3w, podobnie jak TikTok, u\u0142atwiaj\u0105c u\u017cytkownikom przyci\u0105gni\u0119cie uwagi i zwi\u0119kszenie liczby obserwuj\u0105cych.<\/p>\n<p>6. Integracja czatu tekstowego<br \/>\nOpr\u00f3cz wideo, u\u017cytkownicy mog\u0105 wysy\u0142a\u0107 wiadomo\u015bci tekstowe, emotikony i naklejki, aby o\u017cywi\u0107 rozmowy.<\/p>\n<p>7. Globalny zasi\u0119g<br \/>\nBuzzCast \u0142\u0105czy u\u017cytkownik\u00f3w z ca\u0142ego \u015bwiata. Dzi\u0119ki barierom j\u0119zykowym z\u0142agodzonym przez emoji, wideo i narz\u0119dzia do t\u0142umaczenia na \u017cywo, jest to prawdziwie mi\u0119dzynarodowa platforma. <a href=\"https:\/\/strangercam.com\/pl\/chathub\/\">piasta<\/a>.<\/p>\n<h2>Czy BuzzCast jest darmowy?<\/h2>\n<p>Tak, BuzzCast mo\u017cna pobra\u0107 i u\u017cywa\u0107 bezp\u0142atnie. Mo\u017cesz ogl\u0105da\u0107 transmisje, do\u0142\u0105cza\u0107 do czat\u00f3w i wchodzi\u0107 w interakcje bez p\u0142acenia.<\/p>\n<p>System monetyzacji aplikacji opiera si\u0119 jednak na zakupach w aplikacji:<\/p>\n<ul>\n<li>Kupowanie monet do wysy\u0142ania wirtualnych prezent\u00f3w<\/li>\n<li>Odblokowanie niekt\u00f3rych funkcji czatu premium<\/li>\n<li>Zwi\u0119kszanie widoczno\u015bci profilu<\/li>\n<\/ul>\n<p>Streamerzy korzystaj\u0105 z tych zakup\u00f3w, uzyskuj\u0105c rzeczywisty doch\u00f3d, tworz\u0105c \u017cyw\u0105 gospodark\u0119 w aplikacji.<\/p>\n<h2>Kto korzysta z BuzzCast?<\/h2>\n<p>Odbiorcy BuzzCast s\u0105 zr\u00f3\u017cnicowani, ale sk\u0142aniaj\u0105 si\u0119 ku m\u0142odszym, aktywnym spo\u0142ecznie u\u017cytkownikom:<\/p>\n<ul>\n<li>Przedzia\u0142 wiekowy: G\u0142\u00f3wnie 18-30 lat, cho\u0107 uczestnicz\u0105 doro\u015bli w ka\u017cdym wieku.<\/li>\n<li>Globalny zasi\u0119g: Popularny w Azji, na Bliskim Wschodzie, w Ameryce P\u00f3\u0142nocnej i cz\u0119\u015bci Europy.<\/li>\n<li>Baza u\u017cytkownik\u00f3w:\n<ul>\n<li>Widzowie: Osoby szukaj\u0105ce rozrywki, muzyki, stylu \u017cycia lub strumieni spo\u0142eczno\u015bciowych<\/li>\n<li>Tw\u00f3rcy: Streamerzy dziel\u0105cy si\u0119 talentami, rozmawiaj\u0105cy lub buduj\u0105cy spo\u0142eczno\u015bci.<\/li>\n<li>Eksploratorzy spo\u0142eczno\u015bci: U\u017cytkownicy, kt\u00f3rzy chc\u0105 przypadkowych rozm\u00f3w jeden na jeden lub swobodnych rozm\u00f3w globalnych.<\/li>\n<\/ul>\n<\/li>\n<\/ul>\n<p>BuzzCast przemawia do tych, kt\u00f3rzy lubi\u0105 kreatywno\u015b\u0107 TikTok, spontaniczno\u015b\u0107 Omegle i interaktywn\u0105 kultur\u0119 na \u017cywo Bigo Live - wszystko w jednej aplikacji.<\/p>\n<h2>Bezpiecze\u0144stwo, prywatno\u015b\u0107 i moderacja<\/h2>\n<p>BuzzCast stosuje kilka \u015brodk\u00f3w, aby platforma by\u0142a bezpieczna i przyjazna:<\/p>\n<h3>Prywatno\u015b\u0107<\/h3>\n<ul>\n<li>Konta wymagaj\u0105 podstawowej rejestracji (e-mail, telefon lub login spo\u0142eczno\u015bciowy).<\/li>\n<li>U\u017cytkownicy mog\u0105 kontrolowa\u0107 to, co jest wy\u015bwietlane na ich profilu.<\/li>\n<li>Prywatne rozmowy nie s\u0105 wy\u015bwietlane publicznie<\/li>\n<\/ul>\n<h3>Moderacja<\/h3>\n<ul>\n<li>Narz\u0119dzia AI wykrywaj\u0105 nago\u015b\u0107, obra\u017aliwy j\u0119zyk i spam<\/li>\n<li>Funkcje raportowania umo\u017cliwiaj\u0105 u\u017cytkownikom oznaczanie nieodpowiednich zachowa\u0144.<\/li>\n<li>Moderatorzy sprawdzaj\u0105 oznaczone tre\u015bci i egzekwuj\u0105 bany<\/li>\n<\/ul>\n<h3>Wskaz\u00f3wki dotycz\u0105ce bezpiecze\u0144stwa<\/h3>\n<ul>\n<li>Nie udost\u0119pniaj poufnych danych osobowych podczas transmisji na \u017cywo lub czat\u00f3w.<\/li>\n<li>Korzystaj z narz\u0119dzi do blokowania\/raportowania, je\u015bli kto\u015b jest obra\u017aliwy lub nieodpowiedni.<\/li>\n<li>Pami\u0119taj, \u017ce prezenty wi\u0105\u017c\u0105 si\u0119 z prawdziwymi pieni\u0119dzmi - wydawaj je odpowiedzialnie<\/li>\n<\/ul>\n<h2>Do\u015bwiadczenie u\u017cytkownika i projektowanie<\/h2>\n<p>BuzzCast oferuje jasny, nowoczesny i nastawiony na rozrywk\u0119 design:<\/p>\n<ul>\n<li>Strona g\u0142\u00f3wna: Zawiera popularne strumienie, polecanych tw\u00f3rc\u00f3w i szybki dost\u0119p do czatu wideo.<\/li>\n<li>Interfejs transmisji strumieniowej: Du\u017ce okno wideo z komentarzami na \u017cywo i paskiem prezent\u00f3w dla \u0142atwej interakcji<\/li>\n<li>Interfejs czatu: Proste elementy steruj\u0105ce do rozpoczynania, pomijania lub zg\u0142aszania rozmowy<\/li>\n<li>Wydajno\u015b\u0107: P\u0142ynne przesy\u0142anie strumieniowe i czat wideo zar\u00f3wno przez Wi-Fi, jak i mobiln\u0105 transmisj\u0119 danych, z minimalnym op\u00f3\u017anieniem<\/li>\n<li>Mobile-first: Zoptymalizowany dla system\u00f3w iOS i Android, z cz\u0119stymi aktualizacjami i poprawkami b\u0142\u0119d\u00f3w.<\/li>\n<\/ul>\n<p>Aplikacja \u0142\u0105czy w sobie estetyk\u0119 sieci spo\u0142eczno\u015bciowych z funkcjami rozrywkowymi, dzi\u0119ki czemu jest wci\u0105gaj\u0105ca, ale nie przyt\u0142aczaj\u0105ca.<\/p>\n<h2>BuzzCast a inne platformy<\/h2>\n<p>Jak wypada BuzzCast na tle innych aplikacji do streamowania na \u017cywo i losowych czat\u00f3w?<\/p>\n<table>\n<thead>\n<tr>\n<th>Cecha<\/th>\n<th>BuzzCast<\/th>\n<th>Bigo Live<\/th>\n<th>Azar<\/th>\n<th>Ma\u0142pa<\/th>\n<th>TikTok<\/th>\n<\/tr>\n<\/thead>\n<tbody>\n<tr>\n<td>Transmisja na \u017cywo<\/td>\n<td>Tak<\/td>\n<td>Tak<\/td>\n<td>Nie<\/td>\n<td>Nie<\/td>\n<td>Tak<\/td>\n<\/tr>\n<tr>\n<td>Losowy czat wideo<\/td>\n<td>Tak<\/td>\n<td>Nie<\/td>\n<td>Tak<\/td>\n<td>Tak<\/td>\n<td>Nie<\/td>\n<\/tr>\n<tr>\n<td>System wirtualnych prezent\u00f3w<\/td>\n<td>Tak<\/td>\n<td>Tak<\/td>\n<td>Tak<\/td>\n<td>Ograniczony<\/td>\n<td>Tak<\/td>\n<\/tr>\n<tr>\n<td>Kr\u00f3tka zawarto\u015b\u0107 wideo<\/td>\n<td>Tak<\/td>\n<td>Nie<\/td>\n<td>Nie<\/td>\n<td>Nie<\/td>\n<td>Tak<\/td>\n<\/tr>\n<tr>\n<td>Profile spo\u0142eczno\u015bciowe<\/td>\n<td>Tak<\/td>\n<td>Tak<\/td>\n<td>Tak<\/td>\n<td>Tak<\/td>\n<td>Tak<\/td>\n<\/tr>\n<tr>\n<td>Bezp\u0142atne u\u017cytkowanie<\/td>\n<td>Tak<\/td>\n<td>Tak<\/td>\n<td>Tak<\/td>\n<td>Tak<\/td>\n<td>Tak<\/td>\n<\/tr>\n<tr>\n<td>Monetyzacja dla tw\u00f3rc\u00f3w<\/td>\n<td>Tak<\/td>\n<td>Tak<\/td>\n<td>Tak<\/td>\n<td>Ograniczony<\/td>\n<td>Tak<\/td>\n<\/tr>\n<\/tbody>\n<\/table>\n<p>Podsumowanie: BuzzCast najlepiej opisa\u0107 jako platform\u0119 hybrydow\u0105, \u0142\u0105cz\u0105c\u0105 funkcje Bigo Live i Azar z elementami TikTok. Ta mieszanka sprawia, \u017ce jest ona bardziej wszechstronna ni\u017c aplikacje jednozadaniowe.<\/p>\n<h2>Plusy i minusy<\/h2>\n<p>Plusy:<\/p>\n<ul>\n<li>Darmowy z milionami u\u017cytkownik\u00f3w na ca\u0142ym \u015bwiecie<\/li>\n<li>\u0141\u0105czy streaming na \u017cywo, kr\u00f3tkie wideo i losowy czat na jednej platformie.<\/li>\n<li>Wirtualne prezenty pozwalaj\u0105 tw\u00f3rcom zarabia\u0107 pieni\u0105dze<\/li>\n<li>Przyjazny dla urz\u0105dze\u0144 mobilnych, z p\u0142ynnym dzia\u0142aniem<\/li>\n<li>Silna spo\u0142eczno\u015b\u0107 i mi\u0119dzynarodowy zasi\u0119g<\/li>\n<li>Zabawny, interaktywny design z naklejkami, emotikonami i narz\u0119dziami spo\u0142eczno\u015bciowymi<\/li>\n<\/ul>\n<p>Wady:<\/p>\n<ul>\n<li>Du\u017cy nacisk na zakupy w aplikacji w celu podarowania i wzmocnienia.<\/li>\n<li>Niekt\u00f3re tre\u015bci mog\u0105 omin\u0105\u0107 moderacj\u0119<\/li>\n<li>Bardziej skoncentrowany na rozrywce ni\u017c czysto anonimowym czacie<\/li>\n<li>Mo\u017ce uzale\u017cnia\u0107 dzi\u0119ki grywalizacji i monetyzacji.<\/li>\n<li>Wymaga rejestracji (nie jest w pe\u0142ni anonimowy jak alternatywy Omegle)<\/li>\n<\/ul>\n<h2>Idealne przypadki u\u017cycia<\/h2>\n<p>BuzzCast jest idealny dla:<\/p>\n<ul>\n<li>Aspiruj\u0105cy tw\u00f3rcy tre\u015bci, kt\u00f3rzy chc\u0105 streamowa\u0107 i zarabia\u0107 dzi\u0119ki prezentom<\/li>\n<li>Widzowie szukaj\u0105cy rozrywki na \u017cywo i interakcji spo\u0142ecznych<\/li>\n<li>Doro\u015bli szukaj\u0105cy po\u0142\u0105czenia przypadkowych czat\u00f3w i ustrukturyzowanych sieci spo\u0142eczno\u015bciowych<\/li>\n<li>Fani TikTok lub Bigo Live, kt\u00f3rzy chc\u0105 bardziej interaktywnej platformy<\/li>\n<\/ul>\n<p>Mniej idealny dla:<\/p>\n<ul>\n<li>U\u017cytkownicy szukaj\u0105cy czysto anonimowego czatu wideo (jak Omegle lub Lotta)<\/li>\n<li>Ci, kt\u00f3rzy nie lubi\u0105 zakup\u00f3w w aplikacji lub ekonomii wirtualnych prezent\u00f3w<\/li>\n<li>Osoby poszukuj\u0105ce profesjonalnych narz\u0119dzi do komunikacji<\/li>\n<\/ul>\n<p>BuzzCast to jedna z najbardziej wszechstronnych platform spo\u0142eczno\u015bciowych w 2025 roku, \u0142\u0105cz\u0105ca streaming na \u017cywo, losowy czat wideo i kr\u00f3tkie filmy w jednej aplikacji. Po\u0142\u0105czenie rozrywki i interakcji sprawia, \u017ce wyr\u00f3\u017cnia si\u0119 ona na tle aplikacji o jednym przeznaczeniu, a jej model monetyzacji zapewnia zaanga\u017cowanie tw\u00f3rc\u00f3w.<\/p>\n<p>Je\u015bli szukasz aplikacji, kt\u00f3ra \u0142\u0105czy w sobie spontaniczno\u015b\u0107 Omegle, zabaw\u0119 Monkey i kreatywno\u015b\u0107 TikTok, BuzzCast jest absolutnie warty wypr\u00f3bowania. Niezale\u017cnie od tego, czy jeste\u015b streamerem, widzem, czy po prostu chcesz pozna\u0107 ludzi z ca\u0142ego \u015bwiata, BuzzCast zapewnia \u017cywe, nowoczesne do\u015bwiadczenie spo\u0142eczno\u015bciowe.<\/p>","protected":false},"excerpt":{"rendered":"<p>The line between random video chat, live streaming, and social networking is becoming increasingly blurred. BuzzCast is a prime example of this trend\u2014a social video platform where users can livestream, discover new friends, join random video chats, and interact through gifts and communities. Originally launched as a live streaming app, BuzzCast has grown into a [&hellip;]<\/p>\n","protected":false},"author":6,"featured_media":0,"parent":0,"menu_order":0,"comment_status":"closed","ping_status":"closed","template":"","meta":{"footnotes":""},"class_list":["post-13022","page","type-page","status-publish","hentry"],"yoast_head":"<!-- This site is optimized with the Yoast SEO plugin v26.9 - https:\/\/yoast.com\/product\/yoast-seo-wordpress\/ -->\n<title>Buzzcast - Live Stream, Live Video Chat - StrangerCam.com<\/title>\n<meta name=\"description\" content=\"Like Buzzcast? Come chat with more than 5.000.000 strangers on Strangercam for Free! Turn on your cam and find new friends &amp; maby a match!\" \/>\n<meta name=\"robots\" content=\"index, follow, max-snippet:-1, max-image-preview:large, max-video-preview:-1\" \/>\n<link rel=\"canonical\" href=\"https:\/\/strangercam.com\/pl\/buzzcast\/\" \/>\n<meta property=\"og:locale\" content=\"pl_PL\" \/>\n<meta property=\"og:type\" content=\"article\" \/>\n<meta property=\"og:title\" content=\"Buzzcast - Live Stream, Live Video Chat - StrangerCam.com\" \/>\n<meta property=\"og:description\" content=\"Like Buzzcast? Come chat with more than 5.000.000 strangers on Strangercam for Free! Turn on your cam and find new friends &amp; maby a match!\" \/>\n<meta property=\"og:url\" content=\"https:\/\/strangercam.com\/pl\/buzzcast\/\" \/>\n<meta property=\"og:site_name\" content=\"Strangercam\" \/>\n<meta property=\"article:publisher\" content=\"https:\/\/www.facebook.com\/strangercam\" \/>\n<meta property=\"article:modified_time\" content=\"2025-09-10T09:55:34+00:00\" \/>\n<meta property=\"og:image\" content=\"https:\/\/strangercam.com\/wp-content\/uploads\/2021\/10\/Untitled-2.png\" \/>\n\t<meta property=\"og:image:width\" content=\"800\" \/>\n\t<meta property=\"og:image:height\" content=\"532\" \/>\n\t<meta property=\"og:image:type\" content=\"image\/png\" \/>\n<meta name=\"twitter:card\" content=\"summary_large_image\" \/>\n<meta name=\"twitter:site\" content=\"@strangercamapp\" \/>\n<meta name=\"twitter:label1\" content=\"Szacowany czas czytania\" \/>\n\t<meta name=\"twitter:data1\" content=\"6 minut\" \/>\n<script type=\"application\/ld+json\" class=\"yoast-schema-graph\">{\"@context\":\"https:\/\/schema.org\",\"@graph\":[{\"@type\":\"WebPage\",\"@id\":\"https:\/\/strangercam.com\/buzzcast\/\",\"url\":\"https:\/\/strangercam.com\/buzzcast\/\",\"name\":\"Buzzcast - Live Stream, Live Video Chat - StrangerCam.com\",\"isPartOf\":{\"@id\":\"https:\/\/strangercam.com\/#website\"},\"datePublished\":\"2025-09-10T09:55:23+00:00\",\"dateModified\":\"2025-09-10T09:55:34+00:00\",\"description\":\"Like Buzzcast? Come chat with more than 5.000.000 strangers on Strangercam for Free! Turn on your cam and find new friends & maby a match!\",\"breadcrumb\":{\"@id\":\"https:\/\/strangercam.com\/buzzcast\/#breadcrumb\"},\"inLanguage\":\"pl-PL\",\"potentialAction\":[{\"@type\":\"ReadAction\",\"target\":[\"https:\/\/strangercam.com\/buzzcast\/\"]}]},{\"@type\":\"BreadcrumbList\",\"@id\":\"https:\/\/strangercam.com\/buzzcast\/#breadcrumb\",\"itemListElement\":[{\"@type\":\"ListItem\",\"position\":1,\"name\":\"Home\",\"item\":\"https:\/\/strangercam.com\/\"},{\"@type\":\"ListItem\",\"position\":2,\"name\":\"Buzzcast\"}]},{\"@type\":\"WebSite\",\"@id\":\"https:\/\/strangercam.com\/#website\",\"url\":\"https:\/\/strangercam.com\/\",\"name\":\"Strangercam\",\"description\":\"Random Video Chat with Strangers\",\"publisher\":{\"@id\":\"https:\/\/strangercam.com\/#organization\"},\"alternateName\":\"Strangercam.com\",\"potentialAction\":[{\"@type\":\"SearchAction\",\"target\":{\"@type\":\"EntryPoint\",\"urlTemplate\":\"https:\/\/strangercam.com\/?s={search_term_string}\"},\"query-input\":{\"@type\":\"PropertyValueSpecification\",\"valueRequired\":true,\"valueName\":\"search_term_string\"}}],\"inLanguage\":\"pl-PL\"},{\"@type\":\"Organization\",\"@id\":\"https:\/\/strangercam.com\/#organization\",\"name\":\"Strangercam\",\"alternateName\":\"Strangercam.com\",\"url\":\"https:\/\/strangercam.com\/\",\"logo\":{\"@type\":\"ImageObject\",\"inLanguage\":\"pl-PL\",\"@id\":\"https:\/\/strangercam.com\/#\/schema\/logo\/image\/\",\"url\":\"https:\/\/strangercam.com\/wp-content\/uploads\/2020\/11\/cropped-new-favicon-black.png\",\"contentUrl\":\"https:\/\/strangercam.com\/wp-content\/uploads\/2020\/11\/cropped-new-favicon-black.png\",\"width\":512,\"height\":512,\"caption\":\"Strangercam\"},\"image\":{\"@id\":\"https:\/\/strangercam.com\/#\/schema\/logo\/image\/\"},\"sameAs\":[\"https:\/\/www.facebook.com\/strangercam\",\"https:\/\/x.com\/strangercamapp\"]}]}<\/script>\n<!-- \/ Yoast SEO plugin. -->","yoast_head_json":{"title":"Buzzcast - Transmisja na \u017cywo, czat wideo na \u017cywo - StrangerCam.com","description":"Jak Buzzcast? Przyjd\u017a na czat z ponad 5.000.000 nieznajomych na Strangercam za darmo! W\u0142\u0105cz kamer\u0119 i znajd\u017a nowych przyjaci\u00f3\u0142 i mo\u017ce mecz!","robots":{"index":"index","follow":"follow","max-snippet":"max-snippet:-1","max-image-preview":"max-image-preview:large","max-video-preview":"max-video-preview:-1"},"canonical":"https:\/\/strangercam.com\/pl\/buzzcast\/","og_locale":"pl_PL","og_type":"article","og_title":"Buzzcast - Live Stream, Live Video Chat - StrangerCam.com","og_description":"Like Buzzcast? Come chat with more than 5.000.000 strangers on Strangercam for Free! Turn on your cam and find new friends & maby a match!","og_url":"https:\/\/strangercam.com\/pl\/buzzcast\/","og_site_name":"Strangercam","article_publisher":"https:\/\/www.facebook.com\/strangercam","article_modified_time":"2025-09-10T09:55:34+00:00","og_image":[{"width":800,"height":532,"url":"https:\/\/strangercam.com\/wp-content\/uploads\/2021\/10\/Untitled-2.png","type":"image\/png"}],"twitter_card":"summary_large_image","twitter_site":"@strangercamapp","twitter_misc":{"Szacowany czas czytania":"6 minut"},"schema":{"@context":"https:\/\/schema.org","@graph":[{"@type":"WebPage","@id":"https:\/\/strangercam.com\/buzzcast\/","url":"https:\/\/strangercam.com\/buzzcast\/","name":"Buzzcast - Transmisja na \u017cywo, czat wideo na \u017cywo - StrangerCam.com","isPartOf":{"@id":"https:\/\/strangercam.com\/#website"},"datePublished":"2025-09-10T09:55:23+00:00","dateModified":"2025-09-10T09:55:34+00:00","description":"Jak Buzzcast? Przyjd\u017a na czat z ponad 5.000.000 nieznajomych na Strangercam za darmo! W\u0142\u0105cz kamer\u0119 i znajd\u017a nowych przyjaci\u00f3\u0142 i mo\u017ce mecz!","breadcrumb":{"@id":"https:\/\/strangercam.com\/buzzcast\/#breadcrumb"},"inLanguage":"pl-PL","potentialAction":[{"@type":"ReadAction","target":["https:\/\/strangercam.com\/buzzcast\/"]}]},{"@type":"BreadcrumbList","@id":"https:\/\/strangercam.com\/buzzcast\/#breadcrumb","itemListElement":[{"@type":"ListItem","position":1,"name":"Home","item":"https:\/\/strangercam.com\/"},{"@type":"ListItem","position":2,"name":"Buzzcast"}]},{"@type":"WebSite","@id":"https:\/\/strangercam.com\/#website","url":"https:\/\/strangercam.com\/","name":"Strangercam","description":"Losowy czat wideo z nieznajomymi","publisher":{"@id":"https:\/\/strangercam.com\/#organization"},"alternateName":"Strangercam.com","potentialAction":[{"@type":"SearchAction","target":{"@type":"EntryPoint","urlTemplate":"https:\/\/strangercam.com\/?s={search_term_string}"},"query-input":{"@type":"PropertyValueSpecification","valueRequired":true,"valueName":"search_term_string"}}],"inLanguage":"pl-PL"},{"@type":"Organization","@id":"https:\/\/strangercam.com\/#organization","name":"Strangercam","alternateName":"Strangercam.com","url":"https:\/\/strangercam.com\/","logo":{"@type":"ImageObject","inLanguage":"pl-PL","@id":"https:\/\/strangercam.com\/#\/schema\/logo\/image\/","url":"https:\/\/strangercam.com\/wp-content\/uploads\/2020\/11\/cropped-new-favicon-black.png","contentUrl":"https:\/\/strangercam.com\/wp-content\/uploads\/2020\/11\/cropped-new-favicon-black.png","width":512,"height":512,"caption":"Strangercam"},"image":{"@id":"https:\/\/strangercam.com\/#\/schema\/logo\/image\/"},"sameAs":["https:\/\/www.facebook.com\/strangercam","https:\/\/x.com\/strangercamapp"]}]}},"_links":{"self":[{"href":"https:\/\/strangercam.com\/pl\/wp-json\/wp\/v2\/pages\/13022","targetHints":{"allow":["GET"]}}],"collection":[{"href":"https:\/\/strangercam.com\/pl\/wp-json\/wp\/v2\/pages"}],"about":[{"href":"https:\/\/strangercam.com\/pl\/wp-json\/wp\/v2\/types\/page"}],"author":[{"embeddable":true,"href":"https:\/\/strangercam.com\/pl\/wp-json\/wp\/v2\/users\/6"}],"replies":[{"embeddable":true,"href":"https:\/\/strangercam.com\/pl\/wp-json\/wp\/v2\/comments?post=13022"}],"version-history":[{"count":1,"href":"https:\/\/strangercam.com\/pl\/wp-json\/wp\/v2\/pages\/13022\/revisions"}],"predecessor-version":[{"id":13023,"href":"https:\/\/strangercam.com\/pl\/wp-json\/wp\/v2\/pages\/13022\/revisions\/13023"}],"wp:attachment":[{"href":"https:\/\/strangercam.com\/pl\/wp-json\/wp\/v2\/media?parent=13022"}],"curies":[{"name":"wp","href":"https:\/\/api.w.org\/{rel}","templated":true}]}}