{"id":13020,"date":"2025-09-10T11:53:09","date_gmt":"2025-09-10T09:53:09","guid":{"rendered":"https:\/\/strangercam.com\/?page_id=13020"},"modified":"2025-09-10T11:53:09","modified_gmt":"2025-09-10T09:53:09","slug":"chato","status":"publish","type":"page","link":"https:\/\/strangercam.com\/pl\/chato\/","title":{"rendered":"Chato"},"content":{"rendered":"<p>Z <a href=\"https:\/\/strangercam.com\/pl\/omegle\/\">Omegle<\/a> W ostatnich latach pojawi\u0142a si\u0119 fala nowych platform, kt\u00f3re maj\u0105 wype\u0142ni\u0107 luk\u0119 dla os\u00f3b, kt\u00f3re nadal chc\u0105 anonimowych, przypadkowych rozm\u00f3w z nieznajomymi online. Chato jest jednym z nowszych konkurent\u00f3w w 2025 roku, pozycjonuj\u0105c si\u0119 jako szybka, bezp\u0142atna i przyjazna dla urz\u0105dze\u0144 mobilnych alternatywa Omegle. Jego cel jest prosty: wideo jeden na jednego <a href=\"https:\/\/strangercam.com\/pl\/chathub\/\">czat<\/a> z nieznajomymi, bez konieczno\u015bci rejestracji, pobierania lub korzystania ze skomplikowanych funkcji.<\/p>\n<p>Ale czy Chato spe\u0142nia obietnic\u0119 bycia najlepsz\u0105 witryn\u0105 do losowego czatowania? Jak bezpieczny jest ten serwis, kto z niego korzysta i jak wypada w por\u00f3wnaniu z innymi alternatywami, takimi jak Lotta, Ohmegle i MatchPub? W tej recenzji omawiamy wszystko, co musisz wiedzie\u0107 o Chato, zanim zaczniesz korzysta\u0107.<\/p>\n<h2>Co to jest Chato?<\/h2>\n<p>Chato to oparty na przegl\u0105darce losowy czat wideo, kt\u00f3ry \u0142\u0105czy nieznajomych na ca\u0142ym \u015bwiecie w celu prowadzenia prywatnych rozm\u00f3w twarz\u0105 w twarz na \u017cywo. Podobnie jak Omegle, nie wymaga on rejestracji - wystarczy klikn\u0105\u0107 \"Start\", w\u0142\u0105czy\u0107 kamer\u0119 i mikrofon, by natychmiast zosta\u0107 dopasowanym do kogo\u015b nowego.<\/p>\n<p>Platforma k\u0142adzie nacisk na prostot\u0119 i szybko\u015b\u0107, skupiaj\u0105c si\u0119 na konwersacjach, a nie na funkcjach. Nowoczesny wygl\u0105d Chato i p\u0142ynna wydajno\u015b\u0107 mobilna sprawiaj\u0105, \u017ce jest to atrakcyjna opcja dla u\u017cytkownik\u00f3w zm\u0119czonych niezgrabnymi, przestarza\u0142ymi witrynami.<\/p>\n<h2>Jaki jest cel Chato?<\/h2>\n<p>Misj\u0105 Chato jest odtworzenie emocji zwi\u0105zanych z anonimowymi rozmowami online, kt\u00f3re rozs\u0142awi\u0142y Omegle, przy jednoczesnej poprawie u\u017cyteczno\u015bci i bezpiecze\u0144stwa. Jej cele obejmuj\u0105:<\/p>\n<ul>\n<li>Spontaniczne czaty jeden na jeden bez konieczno\u015bci podawania danych osobowych.<\/li>\n<li>Oferuj\u0105c bezp\u0142atn\u0105, \u0142atwo dost\u0119pn\u0105 platform\u0119, kt\u00f3ra dzia\u0142a natychmiast na komputerach stacjonarnych i urz\u0105dzeniach mobilnych.<\/li>\n<li>Tworzenie przyjaznego, bezpiecznego \u015brodowiska dla u\u017cytkownik\u00f3w globalnych w celu <a href=\"https:\/\/strangercam.com\/pl\/coomeet\/\">spotkanie<\/a> nowi ludzie<\/li>\n<li>Daj\u0105c u\u017cytkownikom swobod\u0119 pomini\u0119cia, przej\u015bcia dalej lub pozostania tak d\u0142ugo, jak chc\u0105.<\/li>\n<\/ul>\n<p>Niezale\u017cnie od tego, czy chcesz nawi\u0105za\u0107 znajomo\u015bci, \u0107wiczy\u0107 j\u0119zyki, swobodnie flirtowa\u0107, czy po prostu zabi\u0107 nud\u0119, Chato oferuje lekk\u0105 przestrze\u0144 do nawi\u0105zywania kontakt\u00f3w z nieznajomymi.<\/p>\n<h2>Kluczowe cechy<\/h2>\n<p>1. Natychmiastowy losowy czat wideo<br \/>\nSercem Chato s\u0105 prywatne rozmowy jeden na jednego przed kamer\u0105. Mecze s\u0105 natychmiastowe, bez kolejek i op\u00f3\u017anie\u0144, co pozwala na szybkie kontakty towarzyskie.<\/p>\n<p>2. Przycisk Pomi\u0144\/Nast\u0119pny<br \/>\nNie podoba ci si\u0119 czat? Naci\u015bnij \"Dalej\", aby natychmiast przej\u015b\u0107 do innego u\u017cytkownika. Ta mechanika szybkiego prze\u0142\u0105czania sprawia, \u017ce wszystko jest zabawne i dynamiczne.<\/p>\n<p>3. Opcja czatu tekstowego<br \/>\nOpr\u00f3cz wideo, Chato umo\u017cliwia tak\u017ce wysy\u0142anie wiadomo\u015bci tekstowych podczas sesji. Jest to przydatne do prze\u0142amywania lod\u00f3w, pokonywania barier j\u0119zykowych lub cichej rozmowy bez d\u017awi\u0119ku.<\/p>\n<p>4. Rejestracja nie jest wymagana<br \/>\nChato nie wymaga konta, adresu e-mail ani numeru telefonu. Dzi\u0119ki temu do\u015bwiadczenie jest w pe\u0142ni anonimowe i bezproblemowe.<\/p>\n<p>5. Kompatybilno\u015b\u0107 z urz\u0105dzeniami mobilnymi i stacjonarnymi<br \/>\nPlatforma jest zoptymalizowana dla wszystkich urz\u0105dze\u0144. Niezale\u017cnie od tego, czy korzystasz z laptopa, czy smartfona, Chato \u0142aduje si\u0119 szybko i dzia\u0142a p\u0142ynnie.<\/p>\n<p>6. Narz\u0119dzia raportowania i blokowania<br \/>\nChato zawiera przycisk zg\u0142aszania na ka\u017cdym czacie, umo\u017cliwiaj\u0105c u\u017cytkownikom oznaczanie obra\u017aliwych lub nieodpowiednich zachowa\u0144. Narz\u0119dzia blokuj\u0105ce pomagaj\u0105 zapobiega\u0107 ponownym spotkaniom z uci\u0105\u017cliwymi u\u017cytkownikami.<\/p>\n<p>7. Lekka, minimalistyczna konstrukcja<br \/>\nInterfejs jest nowoczesny i nie rozprasza uwagi. Du\u017ce okna wideo i proste elementy steruj\u0105ce pozwalaj\u0105 skupi\u0107 si\u0119 na rozmowie.<\/p>\n<h2>Czy Chato jest wolny?<\/h2>\n<p>Tak, Chato jest 100% darmowe w u\u017cyciu. W przeciwie\u0144stwie do niekt\u00f3rych konkurent\u00f3w, nie ukrywa funkcji za subskrypcjami lub tokenami.<\/p>\n<p>Mo\u017cesz:<\/p>\n<ul>\n<li>Rozpoczynanie nieograniczonych czat\u00f3w z nieznajomymi<\/li>\n<li>Korzystanie z czatu tekstowego obok wideo<\/li>\n<li>Pomijaj i raportuj tak cz\u0119sto, jak to konieczne<\/li>\n<li>Dost\u0119p do platformy z telefonu kom\u00f3rkowego lub komputera<\/li>\n<\/ul>\n<p>Witryna mo\u017ce zawiera\u0107 lekkie reklamy wspieraj\u0105ce dzia\u0142anie, ale nie ma \u017cadnych ukrytych op\u0142at ani funkcji premium.<\/p>\n<h2>Kto u\u017cywa Chato?<\/h2>\n<p>Publiczno\u015b\u0107 Chato jest zr\u00f3\u017cnicowana, a u\u017cytkownicy loguj\u0105 si\u0119 z ca\u0142ego \u015bwiata:<\/p>\n<ul>\n<li>Wiek: G\u0142\u00f3wnie 18-35 (wy\u0142\u0105cznie 18+)<\/li>\n<li>Lokalizacje: Aktywni u\u017cytkownicy z USA, Wielkiej Brytanii, Europy, Indii, Brazylii i Azji Po\u0142udniowo-Wschodniej<\/li>\n<li>Motywacje: Poznawanie nowych znajomych, niezobowi\u0105zuj\u0105cy flirt, praktyka j\u0119zykowa lub po prostu zabicie czasu.<\/li>\n<\/ul>\n<p>Ze wzgl\u0119du na swoj\u0105 dost\u0119pno\u015b\u0107 i darmowy model, Chato ma tendencj\u0119 do przyci\u0105gania szerokiego zakresu osobowo\u015bci. Podobnie jak w przypadku wi\u0119kszo\u015bci losowych witryn czatowych, baza u\u017cytkownik\u00f3w opiera si\u0119 na m\u0119\u017cczyznach, cho\u0107 udzia\u0142 kobiet ro\u015bnie wraz z popraw\u0105 moderacji.<\/p>\n<h2>Bezpiecze\u0144stwo, prywatno\u015b\u0107 i moderacja<\/h2>\n<p>Chato r\u00f3wnowa\u017cy anonimowo\u015b\u0107 z funkcjami bezpiecze\u0144stwa, aby zapewni\u0107 bezpieczne \u015brodowisko dla u\u017cytkownik\u00f3w:<\/p>\n<h3>Prywatno\u015b\u0107<\/h3>\n<ul>\n<li>Nie jest wymagana rejestracja ani podanie danych osobowych<\/li>\n<li>Czaty nie s\u0105 zapisywane ani rejestrowane<\/li>\n<li>Dost\u0119p do kamery internetowej i mikrofonu jest tymczasowy i zawsze pod kontrol\u0105 u\u017cytkownika.<\/li>\n<\/ul>\n<h3>Moderacja<\/h3>\n<ul>\n<li>Zg\u0142aszanie na czacie w celu oznaczenia obra\u017aliwych lub obel\u017cywych u\u017cytkownik\u00f3w.<\/li>\n<li>Monitorowanie tre\u015bci oparte na sztucznej inteligencji w celu ograniczenia tre\u015bci jednoznacznych lub szkodliwych<\/li>\n<li>Ludzka moderacja w celu egzekwowania zakaz\u00f3w dla os\u00f3b \u0142ami\u0105cych zasady<\/li>\n<\/ul>\n<h3>Wskaz\u00f3wki dotycz\u0105ce bezpiecznego u\u017cytkowania<\/h3>\n<ul>\n<li>Unikaj udost\u0119pniania danych osobowych (imi\u0119 i nazwisko, adres, media spo\u0142eczno\u015bciowe).<\/li>\n<li>U\u017cywaj opcji \"Pomi\u0144\" i \"Zg\u0142o\u015b\", gdy czujesz si\u0119 niekomfortowo.<\/li>\n<li>Traktuj interakcje jako tymczasowe i anonimowe<\/li>\n<\/ul>\n<h2>Do\u015bwiadczenie u\u017cytkownika i projektowanie<\/h2>\n<p>Chato zosta\u0142 zaprojektowany z my\u015bl\u0105 o prostocie i szybko\u015bci:<\/p>\n<ul>\n<li>Strona g\u0142\u00f3wna: Zawiera pogrubiony przycisk \"Rozpocznij czat\" oraz szybkie informacje o zasadach i prywatno\u015bci.<\/li>\n<li>Interfejs wideo: Du\u017ce, wyra\u017ane okna wideo z intuicyjnymi elementami steruj\u0105cymi do pomijania, wyciszania i raportowania.<\/li>\n<li>Wydajno\u015b\u0107: P\u0142ynne przej\u015bcia mi\u0119dzy czatami z minimalnym op\u00f3\u017anieniem<\/li>\n<li>Wra\u017cenia mobilne: Zoptymalizowany pod k\u0105tem ma\u0142ych ekran\u00f3w, przyjazny dla dotyku i szybko \u0142aduj\u0105cy si\u0119.<\/li>\n<\/ul>\n<p>W przeciwie\u0144stwie do starszych witryn, Chato unika ba\u0142aganu, nadmiernych reklam lub myl\u0105cych menu, dzi\u0119ki czemu do\u015bwiadczenie jest lekkie i przyjemne.<\/p>\n<h2>Chato vs inne platformy losowych czat\u00f3w wideo<\/h2>\n<p>Jak wypada Chato w por\u00f3wnaniu z innymi stronami w stylu Omegle?<\/p>\n<table>\n<thead>\n<tr>\n<th>Cecha<\/th>\n<th>Chato<\/th>\n<th>Omegle (zamkni\u0119ty)<\/th>\n<th>Ohmegle<\/th>\n<th>Lotta<\/th>\n<th>MatchPub<\/th>\n<th><a href=\"https:\/\/strangercam.com\/pl\/ometv\/\">OmeTV<\/a><\/th>\n<\/tr>\n<\/thead>\n<tbody>\n<tr>\n<td>Czat wideo<\/td>\n<td>Tak<\/td>\n<td>Tak<\/td>\n<td>Tak<\/td>\n<td>Tak<\/td>\n<td>Tak<\/td>\n<td>Tak<\/td>\n<\/tr>\n<tr>\n<td>Czat tekstowy<\/td>\n<td>Tak<\/td>\n<td>Tak<\/td>\n<td>Tak<\/td>\n<td>Tak<\/td>\n<td>Tak<\/td>\n<td>Tak<\/td>\n<\/tr>\n<tr>\n<td>Wymagana rejestracja<\/td>\n<td>Nie<\/td>\n<td>Nie<\/td>\n<td>Nie<\/td>\n<td>Nie<\/td>\n<td>Nie<\/td>\n<td>Nie<\/td>\n<\/tr>\n<tr>\n<td>Wsparcie mobilne<\/td>\n<td>Doskona\u0142y<\/td>\n<td>S\u0142aby<\/td>\n<td>Doskona\u0142y<\/td>\n<td>Doskona\u0142y<\/td>\n<td>Doskona\u0142y<\/td>\n<td>Dobry<\/td>\n<\/tr>\n<tr>\n<td>Filtry p\u0142ci\/regionu<\/td>\n<td>Nie<\/td>\n<td>Nie<\/td>\n<td>Nie<\/td>\n<td>Nie<\/td>\n<td>Nie<\/td>\n<td>P\u0142atne<\/td>\n<\/tr>\n<tr>\n<td>Narz\u0119dzia moderacji<\/td>\n<td>Dobry<\/td>\n<td>S\u0142aby<\/td>\n<td>Umiarkowany<\/td>\n<td>Dobry<\/td>\n<td>Dobry<\/td>\n<td>Silny<\/td>\n<\/tr>\n<tr>\n<td>Bezp\u0142atne u\u017cytkowanie<\/td>\n<td>Tak<\/td>\n<td>Tak<\/td>\n<td>Tak<\/td>\n<td>Tak<\/td>\n<td>Tak<\/td>\n<td>Tak\/P\u0142atne<\/td>\n<\/tr>\n<\/tbody>\n<\/table>\n<p>Podsumowanie: Chato jest najbardziej zbli\u017cony duchem do Lotta i MatchPub - szybki, darmowy, anonimowy i lekki. Chocia\u017c nie oferuje zaawansowanych filtr\u00f3w, takich jak OmeTV, wyr\u00f3\u017cnia si\u0119 \u0142atwo\u015bci\u0105 obs\u0142ugi i wydajno\u015bci\u0105 mobiln\u0105.<\/p>\n<h2>Plusy i minusy<\/h2>\n<p>Plusy:<\/p>\n<ul>\n<li>100% darmowy, nie wymaga rejestracji<\/li>\n<li>W pe\u0142ni anonimowy czat<\/li>\n<li>Szybkie, p\u0142ynne dopasowanie i przej\u015bcia<\/li>\n<li>Nowoczesny interfejs zoptymalizowany pod k\u0105tem urz\u0105dze\u0144 mobilnych<\/li>\n<li>Proste narz\u0119dzia do pomijania i raportowania<\/li>\n<li>Mi\u0119dzynarodowa, zr\u00f3\u017cnicowana baza u\u017cytkownik\u00f3w<\/li>\n<\/ul>\n<p>Wady:<\/p>\n<ul>\n<li>Brak filtr\u00f3w p\u0142ci lub lokalizacji<\/li>\n<li>Sporadyczne nara\u017cenie na niew\u0142a\u015bciwe zachowanie (wsp\u00f3lne dla wszystkich anonimowych platform)<\/li>\n<li>Wi\u0119cej u\u017cytkownik\u00f3w p\u0142ci m\u0119skiej ni\u017c \u017ce\u0144skiej<\/li>\n<li>Brak profili, list znajomych lub funkcji ponownego dopasowania<\/li>\n<li>Wci\u0105\u017c buduje baz\u0119 u\u017cytkownik\u00f3w w por\u00f3wnaniu do starszych alternatyw<\/li>\n<\/ul>\n<h2>Idealne przypadki u\u017cycia<\/h2>\n<p>Chato jest idealny dla:<\/p>\n<ul>\n<li>Wentylatory Omegle i <a href=\"https:\/\/strangercam.com\/pl\/chatroulette\/\">Chatroulette<\/a> poszukiwanie nowoczesnego zamiennika<\/li>\n<li>Osoby pragn\u0105ce szybkich, anonimowych czat\u00f3w bez konieczno\u015bci rejestrowania si\u0119<\/li>\n<li>Studenci, podr\u00f3\u017cnicy i osoby ucz\u0105ce si\u0119 j\u0119zyk\u00f3w zainteresowane wymian\u0105 kulturow\u0105<\/li>\n<li>Doro\u015bli szukaj\u0105cy swobodnej, spontanicznej interakcji na ca\u0142ym \u015bwiecie<\/li>\n<li>U\u017cytkownicy mobilni, kt\u00f3rzy chc\u0105 p\u0142ynnego i niezawodnego dzia\u0142ania w podr\u00f3\u017cy<\/li>\n<\/ul>\n<p>Mniej idealny dla:<\/p>\n<ul>\n<li>U\u017cytkownicy poni\u017cej 18 roku \u017cycia (wy\u0142\u0105cznie doro\u015bli)<\/li>\n<li>Ci, kt\u00f3rzy chc\u0105 zaawansowanych filtr\u00f3w do randek lub dopasowywania<\/li>\n<li>Osoby szukaj\u0105ce d\u0142ugoterminowych profili lub po\u0142\u0105cze\u0144<\/li>\n<\/ul>\n<p>Chato to jedna z najbardziej obiecuj\u0105cych nowych alternatyw Omegle w 2025 roku, zapewniaj\u0105ca szybkie, anonimowe czaty wideo w nowoczesnym, przyjaznym dla urz\u0105dze\u0144 mobilnych pakiecie. Darmowy model bez konieczno\u015bci rejestracji zapewnia dost\u0119pno\u015b\u0107, a silne narz\u0119dzia do ochrony prywatno\u015bci i raportowania pomagaj\u0105 stworzy\u0107 bezpieczniejsze \u015brodowisko ni\u017c starsze witryny.<\/p>\n<p>Je\u015bli szukasz lekkiej, \u0142atwej w u\u017cyciu platformy do poznawania nieznajomych na ca\u0142ym \u015bwiecie - czy to dla zabawy, przyja\u017ani, czy te\u017c niezobowi\u0105zuj\u0105cego flirtu - Chato jest absolutnie warte wypr\u00f3bowania. Przywraca spontaniczno\u015b\u0107 Omegle, jednocze\u015bnie aktualizuj\u0105c do\u015bwiadczenie dla wsp\u00f3\u0142czesnych u\u017cytkownik\u00f3w.<\/p>","protected":false},"excerpt":{"rendered":"<p>With Omegle gone, a wave of new platforms has appeared to fill the gap for people who still want anonymous, random conversations with strangers online. Chato is one of the newer contenders in 2025, positioning itself as a fast, free, and mobile-friendly Omegle alternative. Its focus is simple: one-on-one video chat with strangers, without the [&hellip;]<\/p>\n","protected":false},"author":6,"featured_media":0,"parent":0,"menu_order":0,"comment_status":"closed","ping_status":"closed","template":"","meta":{"footnotes":""},"class_list":["post-13020","page","type-page","status-publish","hentry"],"yoast_head":"<!-- This site is optimized with the Yoast SEO plugin v27.4 - https:\/\/yoast.com\/product\/yoast-seo-wordpress\/ -->\n<title>Chato - Video Chat &amp; Have Fun - StrangerCam.com<\/title>\n<meta name=\"description\" content=\"Like Chato? Come chat with more than 5.000.000 strangers on Strangercam for Free! Turn on your cam and find new friends &amp; maby a match!\" \/>\n<meta name=\"robots\" content=\"index, follow, max-snippet:-1, max-image-preview:large, max-video-preview:-1\" \/>\n<link rel=\"canonical\" href=\"https:\/\/strangercam.com\/pl\/chato\/\" \/>\n<meta property=\"og:locale\" content=\"pl_PL\" \/>\n<meta property=\"og:type\" content=\"article\" \/>\n<meta property=\"og:title\" content=\"Chato - Video Chat &amp; Have Fun - StrangerCam.com\" \/>\n<meta property=\"og:description\" content=\"Like Chato? Come chat with more than 5.000.000 strangers on Strangercam for Free! Turn on your cam and find new friends &amp; maby a match!\" \/>\n<meta property=\"og:url\" content=\"https:\/\/strangercam.com\/pl\/chato\/\" \/>\n<meta property=\"og:site_name\" content=\"Strangercam\" \/>\n<meta property=\"article:publisher\" content=\"https:\/\/www.facebook.com\/strangercam\" \/>\n<meta property=\"og:image\" content=\"https:\/\/strangercam.com\/wp-content\/uploads\/2021\/10\/Untitled-2.png\" \/>\n\t<meta property=\"og:image:width\" content=\"800\" \/>\n\t<meta property=\"og:image:height\" content=\"532\" \/>\n\t<meta property=\"og:image:type\" content=\"image\/png\" \/>\n<meta name=\"twitter:card\" content=\"summary_large_image\" \/>\n<meta name=\"twitter:site\" content=\"@strangercamapp\" \/>\n<meta name=\"twitter:label1\" content=\"Szacowany czas czytania\" \/>\n\t<meta name=\"twitter:data1\" content=\"5 minut\" \/>\n<script type=\"application\/ld+json\" class=\"yoast-schema-graph\">{\"@context\":\"https:\\\/\\\/schema.org\",\"@graph\":[{\"@type\":\"WebPage\",\"@id\":\"https:\\\/\\\/strangercam.com\\\/chato\\\/\",\"url\":\"https:\\\/\\\/strangercam.com\\\/chato\\\/\",\"name\":\"Chato - Video Chat & Have Fun - StrangerCam.com\",\"isPartOf\":{\"@id\":\"https:\\\/\\\/strangercam.com\\\/#website\"},\"datePublished\":\"2025-09-10T09:53:09+00:00\",\"description\":\"Like Chato? Come chat with more than 5.000.000 strangers on Strangercam for Free! Turn on your cam and find new friends & maby a match!\",\"breadcrumb\":{\"@id\":\"https:\\\/\\\/strangercam.com\\\/chato\\\/#breadcrumb\"},\"inLanguage\":\"pl-PL\",\"potentialAction\":[{\"@type\":\"ReadAction\",\"target\":[\"https:\\\/\\\/strangercam.com\\\/chato\\\/\"]}]},{\"@type\":\"BreadcrumbList\",\"@id\":\"https:\\\/\\\/strangercam.com\\\/chato\\\/#breadcrumb\",\"itemListElement\":[{\"@type\":\"ListItem\",\"position\":1,\"name\":\"Home\",\"item\":\"https:\\\/\\\/strangercam.com\\\/\"},{\"@type\":\"ListItem\",\"position\":2,\"name\":\"Chato\"}]},{\"@type\":\"WebSite\",\"@id\":\"https:\\\/\\\/strangercam.com\\\/#website\",\"url\":\"https:\\\/\\\/strangercam.com\\\/\",\"name\":\"Strangercam\",\"description\":\"Random Video Chat with Strangers\",\"publisher\":{\"@id\":\"https:\\\/\\\/strangercam.com\\\/#organization\"},\"alternateName\":\"Strangercam.com\",\"potentialAction\":[{\"@type\":\"SearchAction\",\"target\":{\"@type\":\"EntryPoint\",\"urlTemplate\":\"https:\\\/\\\/strangercam.com\\\/?s={search_term_string}\"},\"query-input\":{\"@type\":\"PropertyValueSpecification\",\"valueRequired\":true,\"valueName\":\"search_term_string\"}}],\"inLanguage\":\"pl-PL\"},{\"@type\":\"Organization\",\"@id\":\"https:\\\/\\\/strangercam.com\\\/#organization\",\"name\":\"Strangercam\",\"alternateName\":\"Strangercam.com\",\"url\":\"https:\\\/\\\/strangercam.com\\\/\",\"logo\":{\"@type\":\"ImageObject\",\"inLanguage\":\"pl-PL\",\"@id\":\"https:\\\/\\\/strangercam.com\\\/#\\\/schema\\\/logo\\\/image\\\/\",\"url\":\"https:\\\/\\\/strangercam.com\\\/wp-content\\\/uploads\\\/2020\\\/11\\\/cropped-new-favicon-black.png\",\"contentUrl\":\"https:\\\/\\\/strangercam.com\\\/wp-content\\\/uploads\\\/2020\\\/11\\\/cropped-new-favicon-black.png\",\"width\":512,\"height\":512,\"caption\":\"Strangercam\"},\"image\":{\"@id\":\"https:\\\/\\\/strangercam.com\\\/#\\\/schema\\\/logo\\\/image\\\/\"},\"sameAs\":[\"https:\\\/\\\/www.facebook.com\\\/strangercam\",\"https:\\\/\\\/x.com\\\/strangercamapp\"]}]}<\/script>\n<!-- \/ Yoast SEO plugin. -->","yoast_head_json":{"title":"Chato - Czat wideo i dobra zabawa - StrangerCam.com","description":"Jak Chato? Przyjd\u017a na czat z ponad 5.000.000 nieznajomych na Strangercam za darmo! W\u0142\u0105cz kamer\u0119 i znajd\u017a nowych przyjaci\u00f3\u0142 i mo\u017ce mecz!","robots":{"index":"index","follow":"follow","max-snippet":"max-snippet:-1","max-image-preview":"max-image-preview:large","max-video-preview":"max-video-preview:-1"},"canonical":"https:\/\/strangercam.com\/pl\/chato\/","og_locale":"pl_PL","og_type":"article","og_title":"Chato - Video Chat & Have Fun - StrangerCam.com","og_description":"Like Chato? Come chat with more than 5.000.000 strangers on Strangercam for Free! Turn on your cam and find new friends & maby a match!","og_url":"https:\/\/strangercam.com\/pl\/chato\/","og_site_name":"Strangercam","article_publisher":"https:\/\/www.facebook.com\/strangercam","og_image":[{"width":800,"height":532,"url":"https:\/\/strangercam.com\/wp-content\/uploads\/2021\/10\/Untitled-2.png","type":"image\/png"}],"twitter_card":"summary_large_image","twitter_site":"@strangercamapp","twitter_misc":{"Szacowany czas czytania":"5 minut"},"schema":{"@context":"https:\/\/schema.org","@graph":[{"@type":"WebPage","@id":"https:\/\/strangercam.com\/chato\/","url":"https:\/\/strangercam.com\/chato\/","name":"Chato - Czat wideo i dobra zabawa - StrangerCam.com","isPartOf":{"@id":"https:\/\/strangercam.com\/#website"},"datePublished":"2025-09-10T09:53:09+00:00","description":"Jak Chato? Przyjd\u017a na czat z ponad 5.000.000 nieznajomych na Strangercam za darmo! W\u0142\u0105cz kamer\u0119 i znajd\u017a nowych przyjaci\u00f3\u0142 i mo\u017ce mecz!","breadcrumb":{"@id":"https:\/\/strangercam.com\/chato\/#breadcrumb"},"inLanguage":"pl-PL","potentialAction":[{"@type":"ReadAction","target":["https:\/\/strangercam.com\/chato\/"]}]},{"@type":"BreadcrumbList","@id":"https:\/\/strangercam.com\/chato\/#breadcrumb","itemListElement":[{"@type":"ListItem","position":1,"name":"Home","item":"https:\/\/strangercam.com\/"},{"@type":"ListItem","position":2,"name":"Chato"}]},{"@type":"WebSite","@id":"https:\/\/strangercam.com\/#website","url":"https:\/\/strangercam.com\/","name":"Strangercam","description":"Losowy czat wideo z nieznajomymi","publisher":{"@id":"https:\/\/strangercam.com\/#organization"},"alternateName":"Strangercam.com","potentialAction":[{"@type":"SearchAction","target":{"@type":"EntryPoint","urlTemplate":"https:\/\/strangercam.com\/?s={search_term_string}"},"query-input":{"@type":"PropertyValueSpecification","valueRequired":true,"valueName":"search_term_string"}}],"inLanguage":"pl-PL"},{"@type":"Organization","@id":"https:\/\/strangercam.com\/#organization","name":"Strangercam","alternateName":"Strangercam.com","url":"https:\/\/strangercam.com\/","logo":{"@type":"ImageObject","inLanguage":"pl-PL","@id":"https:\/\/strangercam.com\/#\/schema\/logo\/image\/","url":"https:\/\/strangercam.com\/wp-content\/uploads\/2020\/11\/cropped-new-favicon-black.png","contentUrl":"https:\/\/strangercam.com\/wp-content\/uploads\/2020\/11\/cropped-new-favicon-black.png","width":512,"height":512,"caption":"Strangercam"},"image":{"@id":"https:\/\/strangercam.com\/#\/schema\/logo\/image\/"},"sameAs":["https:\/\/www.facebook.com\/strangercam","https:\/\/x.com\/strangercamapp"]}]}},"_links":{"self":[{"href":"https:\/\/strangercam.com\/pl\/wp-json\/wp\/v2\/pages\/13020","targetHints":{"allow":["GET"]}}],"collection":[{"href":"https:\/\/strangercam.com\/pl\/wp-json\/wp\/v2\/pages"}],"about":[{"href":"https:\/\/strangercam.com\/pl\/wp-json\/wp\/v2\/types\/page"}],"author":[{"embeddable":true,"href":"https:\/\/strangercam.com\/pl\/wp-json\/wp\/v2\/users\/6"}],"replies":[{"embeddable":true,"href":"https:\/\/strangercam.com\/pl\/wp-json\/wp\/v2\/comments?post=13020"}],"version-history":[{"count":1,"href":"https:\/\/strangercam.com\/pl\/wp-json\/wp\/v2\/pages\/13020\/revisions"}],"predecessor-version":[{"id":13021,"href":"https:\/\/strangercam.com\/pl\/wp-json\/wp\/v2\/pages\/13020\/revisions\/13021"}],"wp:attachment":[{"href":"https:\/\/strangercam.com\/pl\/wp-json\/wp\/v2\/media?parent=13020"}],"curies":[{"name":"wp","href":"https:\/\/api.w.org\/{rel}","templated":true}]}}