{"id":13018,"date":"2025-09-10T11:48:32","date_gmt":"2025-09-10T09:48:32","guid":{"rendered":"https:\/\/strangercam.com\/?page_id=13018"},"modified":"2025-09-10T11:48:32","modified_gmt":"2025-09-10T09:48:32","slug":"matchpub","status":"publish","type":"page","link":"https:\/\/strangercam.com\/pl\/matchpub\/","title":{"rendered":"MatchPub"},"content":{"rendered":"<p>Zapotrzebowanie na spontaniczne, anonimowe wideo <a href=\"https:\/\/strangercam.com\/pl\/chathub\/\">czat<\/a> platform wci\u0105\u017c ro\u015bnie, poniewa\u017c ludzie szukaj\u0105 nowych sposob\u00f3w na kontakty towarzyskie online. Po zamkni\u0119ciu <a href=\"https:\/\/strangercam.com\/pl\/omegle\/\">Omegle<\/a>, Na rynku pojawi\u0142o si\u0119 wiele alternatywnych rozwi\u0105za\u0144, z kt\u00f3rych ka\u017cde oferuje w\u0142asn\u0105 wariacj\u0119 na temat tej formu\u0142y. MatchPub jest jedn\u0105 z nowszych platform w tej przestrzeni - \u0142\u0105czy w sobie emocje zwi\u0105zane z losowym dopasowywaniem wideo z \u017cyw\u0105, spo\u0142eczn\u0105 atmosfer\u0105, kt\u00f3ra sprawia, \u017ce czuje si\u0119 jak cyfrowe miejsce spotka\u0144, a nie tylko kolejna aplikacja do czatowania.<\/p>\n<p>Ale czy MatchPub naprawd\u0119 wyr\u00f3\u017cnia si\u0119 w 2025 roku? Jak wypada w por\u00f3wnaniu z innymi witrynami w stylu Omegle, takimi jak ChitChatTV, Lotta i Ohmegle? W tej recenzji zajmiemy si\u0119 wszystkim, co musisz wiedzie\u0107 o MatchPub: jego funkcjami, baz\u0105 u\u017cytkownik\u00f3w, standardami bezpiecze\u0144stwa, zaletami i wadami oraz tym, czy jest wart twojego czasu.<\/p>\n<h2>Czym jest MatchPub?<\/h2>\n<p>MatchPub to oparty na przegl\u0105darce losowy czat wideo przeznaczony do natychmiastowego \u0142\u0105czenia nieznajomych w celu prowadzenia rozm\u00f3w wideo jeden na jednego. Podobnie jak Omegle i <a href=\"https:\/\/strangercam.com\/pl\/chatroulette\/\">Chatroulette<\/a> MatchPub zapewnia prostot\u0119: nie musisz si\u0119 rejestrowa\u0107, tworzy\u0107 profilu ani pobiera\u0107 aplikacji. Zamiast tego mo\u017cesz w ci\u0105gu kilku sekund przej\u015b\u0107 do czatu na \u017cywo.<\/p>\n<p>Motyw \"pubu\" odzwierciedla jego misj\u0119: MatchPub ma na celu odtworzenie swobodnej, towarzyskiej atmosfery poznawania nowych ludzi w barze lub kawiarni, ale w \u015brodowisku cyfrowym. Zosta\u0142 zaprojektowany tak, aby by\u0142 przyjazny, go\u015bcinny i globalny.<\/p>\n<h2>Jaki jest cel MatchPub?<\/h2>\n<p>Celem MatchPub jest sprawienie, aby poznawanie nowych ludzi online by\u0142o tak \u0142atwe i przyjemne, jak nawi\u0105zywanie rozmowy w prawdziwym \u017cyciu. Jest przeznaczony dla u\u017cytkownik\u00f3w, kt\u00f3rzy s\u0105 zm\u0119czeni mocno wyselekcjonowanymi aplikacjami spo\u0142eczno\u015bciowymi, skomplikowanymi rejestracjami lub nieko\u0144cz\u0105cym si\u0119 przesuwaniem. Zamiast tego k\u0142adzie nacisk na:<\/p>\n<ul>\n<li>Spontaniczno\u015b\u0107: <a href=\"https:\/\/strangercam.com\/pl\/coomeet\/\">Spotkanie<\/a> kogo\u015b nowego za pomoc\u0105 jednego klikni\u0119cia<\/li>\n<li>Anonimowo\u015b\u0107: Nie s\u0105 wymagane \u017cadne profile ani dane osobowe<\/li>\n<li>Globalny zasi\u0119g: Czatuj z lud\u017ami z ca\u0142ego \u015bwiata<\/li>\n<li>Spo\u0142eczno\u015b\u0107: Zabawna, swobodna przestrze\u0144, kt\u00f3ra wydaje si\u0119 mniej anonimowa ni\u017c Omegle, ale bardziej przyst\u0119pna ni\u017c aplikacja randkowa.<\/li>\n<\/ul>\n<p>Niezale\u017cnie od tego, czy chcesz si\u0119 zaprzyja\u017ani\u0107, \u0107wiczy\u0107 j\u0119zyk, flirtowa\u0107, czy po prostu sp\u0119dzi\u0107 czas, MatchPub zapewnia przestrze\u0144 do swobodnej, nieskryptowanej rozmowy.<\/p>\n<h2>Kluczowe cechy<\/h2>\n<p>1. Losowy czat wideo jeden na jednego<br \/>\nPodstawow\u0105 funkcj\u0105 MatchPub s\u0105 prywatne rozmowy przed kamer\u0105 z nieznajomymi. Dopasowanie jest natychmiastowe, a ka\u017cda sesja to szansa na poznanie kogo\u015b zupe\u0142nie nowego.<\/p>\n<p>2. Przycisk Pomi\u0144\/Nast\u0119pny<br \/>\nNie podoba ci si\u0119 czat? Naci\u015bnij \"Dalej\" i natychmiast przejd\u017a do innego u\u017cytkownika. Nie ma \u017cadnych kar za pomijanie, a po\u0142\u0105czenia \u0142aduj\u0105 si\u0119 szybko.<\/p>\n<p>3. Tryb czatu tekstowego<br \/>\nDla u\u017cytkownik\u00f3w, kt\u00f3rzy wol\u0105 pisa\u0107 na klawiaturze - lub gdy wideo nie jest opcj\u0105 - MatchPub oferuje r\u00f3wnie\u017c tryb czatu tekstowego. Jest to \u015bwietne rozwi\u0105zanie do prze\u0142amywania lod\u00f3w lub dla os\u00f3b z ograniczeniami przepustowo\u015bci.<\/p>\n<p>4. Rejestracja nie jest wymagana<br \/>\nMatchPub jest ca\u0142kowicie anonimowy. Nie musisz si\u0119 rejestrowa\u0107, tworzy\u0107 konta ani podawa\u0107 danych osobowych. Po prostu kliknij i zacznij czatowa\u0107.<\/p>\n<p>5. Kompatybilno\u015b\u0107 z urz\u0105dzeniami mobilnymi i stacjonarnymi<br \/>\nStrona dzia\u0142a p\u0142ynnie zar\u00f3wno na komputerach stacjonarnych, jak i przegl\u0105darkach mobilnych. Jej przejrzysty, responsywny wygl\u0105d sprawia, \u017ce korzystanie z niej na telefonie jest r\u00f3wnie \u0142atwe, jak na komputerze.<\/p>\n<p>6. Narz\u0119dzia raportowania i blokowania<br \/>\nWidoczny przycisk \"Zg\u0142o\u015b\" pozwala u\u017cytkownikom oznaczy\u0107 nieodpowiednie zachowanie. Mo\u017cesz tak\u017ce zablokowa\u0107 przeszkadzaj\u0105cych partner\u00f3w na czacie, zapewniaj\u0105c bardziej pozytywne wra\u017cenia.<\/p>\n<p>7. Lekka i szybka konstrukcja<br \/>\nMatchPub \u0142aduje si\u0119 szybko i p\u0142ynnie przechodzi mi\u0119dzy czatami, nawet na urz\u0105dzeniach \u015bredniej klasy i sieciach kom\u00f3rkowych.<\/p>\n<h2>Czy MatchPub jest darmowy?<\/h2>\n<p>Tak, MatchPub jest darmowy w 100%. Wszystkie jego podstawowe funkcje - czat wideo, czat tekstowy, pomijanie i raportowanie - s\u0105 dost\u0119pne dla ka\u017cdego.<\/p>\n<p>S\u0105 to:<\/p>\n<ul>\n<li>Brak subskrypcji<\/li>\n<li>Brak \u017ceton\u00f3w lub kredyt\u00f3w<\/li>\n<li>Brak ukrytych koszt\u00f3w<\/li>\n<\/ul>\n<p>Platforma mo\u017ce wy\u015bwietla\u0107 lekkie reklamy w celu pokrycia koszt\u00f3w, ale s\u0105 one nieinwazyjne i nie przeszkadzaj\u0105 w korzystaniu z czatu.<\/p>\n<h2>Kto korzysta z MatchPub?<\/h2>\n<p>MatchPub przyci\u0105ga globaln\u0105 publiczno\u015b\u0107 zwyk\u0142ych czatownik\u00f3w, w tym:<\/p>\n<ul>\n<li>Wiek: G\u0142\u00f3wnie 18-35 (wy\u0142\u0105cznie doro\u015bli, tylko 18+)<\/li>\n<li>Lokalizacje: U\u017cytkownicy z USA, Wielkiej Brytanii, Europy, Indii, Brazylii, Azji Po\u0142udniowo-Wschodniej i nie tylko<\/li>\n<li>Powody do\u0142\u0105czenia: Nawi\u0105zywanie przyja\u017ani, \u0107wiczenie j\u0119zyk\u00f3w, niezobowi\u0105zuj\u0105cy flirt, odkrywanie kultury lub po prostu sp\u0119dzanie czasu.<\/li>\n<\/ul>\n<p>W por\u00f3wnaniu ze starszymi platformami, MatchPub wydaje si\u0119 m\u0142odszy i \u015bwie\u017cszy, przemawiaj\u0105c szczeg\u00f3lnie do os\u00f3b, kt\u00f3re lubi\u0105 spontaniczno\u015b\u0107 Omegle, ale chc\u0105 p\u0142ynniejszego, bardziej nowoczesnego do\u015bwiadczenia.<\/p>\n<h2>Bezpiecze\u0144stwo, prywatno\u015b\u0107 i moderacja<\/h2>\n<p>MatchPub zdaje sobie spraw\u0119, \u017ce anonimowy czat wi\u0105\u017ce si\u0119 z ryzykiem, dlatego wbudowa\u0142 narz\u0119dzia promuj\u0105ce bezpiecze\u0144stwo i prywatno\u015b\u0107.<\/p>\n<h3>Prywatno\u015b\u0107<\/h3>\n<ul>\n<li>Nie jest wymagane konto ani dane osobowe<\/li>\n<li>\u017badne czaty nie s\u0105 zapisywane, nagrywane ani upubliczniane.<\/li>\n<li>Przez ca\u0142y czas masz kontrol\u0119 nad kamer\u0105 i mikrofonem<\/li>\n<\/ul>\n<h3>Moderacja<\/h3>\n<ul>\n<li>Zg\u0142aszanie na czacie: Szybko oznaczaj nieodpowiednie tre\u015bci lub n\u0119kanie.<\/li>\n<li>Filtry tre\u015bci oparte na sztucznej inteligencji: Wykrywanie i ograniczanie obra\u017aliwych lub jednoznacznych zachowa\u0144<\/li>\n<li>Moderatorzy: Przegl\u0105danie raport\u00f3w i egzekwowanie zakaz\u00f3w dla recydywist\u00f3w.<\/li>\n<\/ul>\n<h3>Wskaz\u00f3wki dla u\u017cytkownik\u00f3w<\/h3>\n<ul>\n<li>Nigdy nie udost\u0119pniaj danych osobowych na czacie<\/li>\n<li>W razie potrzeby u\u017cyj przycisk\u00f3w pomijania i raportowania<\/li>\n<li>Trzymaj si\u0119 lekkich, swobodnych rozm\u00f3w, dop\u00f3ki nie zaufasz swojemu partnerowi na czacie.<\/li>\n<\/ul>\n<h2>Do\u015bwiadczenie u\u017cytkownika i projektowanie<\/h2>\n<p>MatchPub zapewnia przejrzysty, nowoczesny i intuicyjny design:<\/p>\n<ul>\n<li>Strona g\u0142\u00f3wna zawiera wyra\u017any przycisk \"Rozpocznij czat\" i podstawowe wytyczne dla spo\u0142eczno\u015bci<\/li>\n<li>Okna wideo s\u0105 du\u017ce, wyra\u017ane i responsywne<\/li>\n<li>Przyciski pomijania, wyciszania i raportowania s\u0105 \u0142atwe do znalezienia i u\u017cycia.<\/li>\n<li>Wersje mobilne i stacjonarne dzia\u0142aj\u0105 r\u00f3wnie p\u0142ynnie i niezawodnie<\/li>\n<li>Czasy \u0142adowania s\u0105 kr\u00f3tkie, a przej\u015bcia mi\u0119dzy czatami natychmiastowe.<\/li>\n<\/ul>\n<p>W przeciwie\u0144stwie do zagraconych lub pe\u0142nych reklam witryn, MatchPub jest \u015bwie\u017cy i minimalistyczny, koncentruj\u0105c si\u0119 na rozmowie.<\/p>\n<h2>MatchPub vs inne platformy losowego czatu wideo<\/h2>\n<p>Jak MatchPub wypada na tle swoich g\u0142\u00f3wnych konkurent\u00f3w?<\/p>\n<table>\n<thead>\n<tr>\n<th>Cecha<\/th>\n<th>MatchPub<\/th>\n<th>Omegle (zamkni\u0119ty)<\/th>\n<th>Ohmegle<\/th>\n<th><a href=\"https:\/\/strangercam.com\/pl\/ometv\/\">OmeTV<\/a><\/th>\n<th>Lotta<\/th>\n<th>ChitChatTV<\/th>\n<\/tr>\n<\/thead>\n<tbody>\n<tr>\n<td>Losowy czat wideo<\/td>\n<td>Tak<\/td>\n<td>Tak<\/td>\n<td>Tak<\/td>\n<td>Tak<\/td>\n<td>Tak<\/td>\n<td>Tak<\/td>\n<\/tr>\n<tr>\n<td>Opcja czatu tekstowego<\/td>\n<td>Tak<\/td>\n<td>Tak<\/td>\n<td>Tak<\/td>\n<td>Tak<\/td>\n<td>Tak<\/td>\n<td>Tak<\/td>\n<\/tr>\n<tr>\n<td>Wymagana rejestracja<\/td>\n<td>Nie<\/td>\n<td>Nie<\/td>\n<td>Nie<\/td>\n<td>Nie<\/td>\n<td>Nie<\/td>\n<td>Nie<\/td>\n<\/tr>\n<tr>\n<td>Przyjazny dla urz\u0105dze\u0144 mobilnych<\/td>\n<td>Doskona\u0142y<\/td>\n<td>S\u0142aby<\/td>\n<td>Doskona\u0142y<\/td>\n<td>Dobry<\/td>\n<td>Doskona\u0142y<\/td>\n<td>Doskona\u0142y<\/td>\n<\/tr>\n<tr>\n<td>Filtry p\u0142ci\/regionu<\/td>\n<td>Nie<\/td>\n<td>Nie<\/td>\n<td>Nie<\/td>\n<td>P\u0142atne<\/td>\n<td>Nie<\/td>\n<td>Nie<\/td>\n<\/tr>\n<tr>\n<td>Narz\u0119dzia moderacji<\/td>\n<td>Dobry<\/td>\n<td>S\u0142aby<\/td>\n<td>Umiarkowany<\/td>\n<td>Silny<\/td>\n<td>Dobry<\/td>\n<td>Dobry<\/td>\n<\/tr>\n<tr>\n<td>Bezp\u0142atne u\u017cytkowanie<\/td>\n<td>Tak<\/td>\n<td>Tak<\/td>\n<td>Tak<\/td>\n<td>Tak\/P\u0142atne<\/td>\n<td>Tak<\/td>\n<td>Tak<\/td>\n<\/tr>\n<\/tbody>\n<\/table>\n<p>Podsumowanie: MatchPub jest najbardziej zbli\u017cony duchem do Ohmegle i Lotta - szybki, darmowy, anonimowy i nowoczesny. Nie oferuje zaawansowanych filtr\u00f3w jak OmeTV, ale nadrabia to prostot\u0105 i \u0142atwo\u015bci\u0105 u\u017cytkowania.<\/p>\n<h2>Plusy i minusy<\/h2>\n<p>Plusy:<\/p>\n<ul>\n<li>100% za darmo, nie wymaga rejestracji<\/li>\n<li>Anonimowy i prywatny czat<\/li>\n<li>Nowoczesny, responsywny design dla komputer\u00f3w stacjonarnych i urz\u0105dze\u0144 mobilnych<\/li>\n<li>Szybkie, stabilne po\u0142\u0105czenia wideo i czat tekstowy<\/li>\n<li>Proste narz\u0119dzia do pomijania i raportowania<\/li>\n<li>Mi\u0119dzynarodowa, zr\u00f3\u017cnicowana baza u\u017cytkownik\u00f3w<\/li>\n<\/ul>\n<p>Wady:<\/p>\n<ul>\n<li>Brak filtr\u00f3w p\u0142ci lub lokalizacji<\/li>\n<li>Sporadyczne nieodpowiednie tre\u015bci (wsp\u00f3lne dla wszystkich anonimowych platform czatu)<\/li>\n<li>Wi\u0119cej u\u017cytkownik\u00f3w p\u0142ci m\u0119skiej ni\u017c \u017ce\u0144skiej<\/li>\n<li>Brak profili u\u017cytkownik\u00f3w i historii czat\u00f3w<\/li>\n<li>Brak mo\u017cliwo\u015bci ponownego nawi\u0105zania kontaktu z poprzednimi u\u017cytkownikami<\/li>\n<\/ul>\n<h2>Idealne przypadki u\u017cycia<\/h2>\n<p>MatchPub jest idealny dla:<\/p>\n<ul>\n<li>Fani Omegle i Chatroulette szukaj\u0105cy nowoczesnego zamiennika<\/li>\n<li>Doro\u015bli szukaj\u0105cy spontanicznego, niezobowi\u0105zuj\u0105cego czatu z nieznajomymi<\/li>\n<li>Podr\u00f3\u017cnicy, studenci i osoby ucz\u0105ce si\u0119 j\u0119zyk\u00f3w obcych zainteresowane globaln\u0105 konwersacj\u0105<\/li>\n<li>Osoby, kt\u00f3re ceni\u0105 sobie anonimowo\u015b\u0107 i nie lubi\u0105 rejestrowa\u0107 si\u0119 w aplikacjach lub kontach.<\/li>\n<li>Ka\u017cdy, kto chce zabi\u0107 czas i odby\u0107 niezaplanowane spotkania towarzyskie<\/li>\n<\/ul>\n<p>Jest mniej idealny dla:<\/p>\n<ul>\n<li>U\u017cytkownicy poni\u017cej 18 roku \u017cycia (wy\u0142\u0105cznie doro\u015bli)<\/li>\n<li>Ci, kt\u00f3rzy szukaj\u0105 filtr\u00f3w randkowych lub wyselekcjonowanych dopasowa\u0144<\/li>\n<li>Osoby pragn\u0105ce d\u0142ugoterminowych po\u0142\u0105cze\u0144 lub mo\u017cliwo\u015bci ponownego nawi\u0105zania kontaktu z czatami z przesz\u0142o\u015bci<\/li>\n<\/ul>\n<p>MatchPub to jedna z najlepszych nowych platform do losowych czat\u00f3w wideo w stylu Omegle w 2025 roku. \u0141\u0105czy w sobie natychmiastowe, anonimowe po\u0142\u0105czenia z nowoczesnym interfejsem, wysok\u0105 wydajno\u015bci\u0105 mobiln\u0105 i prostymi, ale skutecznymi narz\u0119dziami moderacyjnymi.<\/p>\n<p>Je\u015bli szukasz platformy, kt\u00f3ra zapewnia emocje Omegle z p\u0142ynniejszym wygl\u0105dem i \u015bwie\u017csz\u0105 spo\u0142eczno\u015bci\u0105, MatchPub jest absolutnie warty wypr\u00f3bowania. Jest bezp\u0142atna, szybka i zabawna - idealne miejsce do odkrywania nowych twarzy i rozm\u00f3w z ca\u0142ego \u015bwiata.<\/p>","protected":false},"excerpt":{"rendered":"<p>The demand for spontaneous, anonymous video chat platforms continues to grow as people seek new ways to socialize online. Following the closure of Omegle, a variety of alternatives have appeared, each offering their own twist on the formula. MatchPub is one of the newer platforms in this space\u2014combining the excitement of random video matching with [&hellip;]<\/p>\n","protected":false},"author":6,"featured_media":0,"parent":0,"menu_order":0,"comment_status":"closed","ping_status":"closed","template":"","meta":{"footnotes":""},"class_list":["post-13018","page","type-page","status-publish","hentry"],"yoast_head":"<!-- This site is optimized with the Yoast SEO plugin v27.4 - https:\/\/yoast.com\/product\/yoast-seo-wordpress\/ -->\n<title>MatchPub - Live 1:1 Video Chat - StrangerCam.com<\/title>\n<meta name=\"description\" content=\"Like MatchPub? Come chat with more than 5.000.000 strangers on Strangercam for Free! Turn on your cam and find new friends &amp; maby a match!\" \/>\n<meta name=\"robots\" content=\"index, follow, max-snippet:-1, max-image-preview:large, max-video-preview:-1\" \/>\n<link rel=\"canonical\" href=\"https:\/\/strangercam.com\/pl\/matchpub\/\" \/>\n<meta property=\"og:locale\" content=\"pl_PL\" \/>\n<meta property=\"og:type\" content=\"article\" \/>\n<meta property=\"og:title\" content=\"MatchPub - Live 1:1 Video Chat - StrangerCam.com\" \/>\n<meta property=\"og:description\" content=\"Like MatchPub? Come chat with more than 5.000.000 strangers on Strangercam for Free! Turn on your cam and find new friends &amp; maby a match!\" \/>\n<meta property=\"og:url\" content=\"https:\/\/strangercam.com\/pl\/matchpub\/\" \/>\n<meta property=\"og:site_name\" content=\"Strangercam\" \/>\n<meta property=\"article:publisher\" content=\"https:\/\/www.facebook.com\/strangercam\" \/>\n<meta property=\"og:image\" content=\"https:\/\/strangercam.com\/wp-content\/uploads\/2021\/10\/Untitled-2.png\" \/>\n\t<meta property=\"og:image:width\" content=\"800\" \/>\n\t<meta property=\"og:image:height\" content=\"532\" \/>\n\t<meta property=\"og:image:type\" content=\"image\/png\" \/>\n<meta name=\"twitter:card\" content=\"summary_large_image\" \/>\n<meta name=\"twitter:site\" content=\"@strangercamapp\" \/>\n<meta name=\"twitter:label1\" content=\"Szacowany czas czytania\" \/>\n\t<meta name=\"twitter:data1\" content=\"6 minut\" \/>\n<script type=\"application\/ld+json\" class=\"yoast-schema-graph\">{\"@context\":\"https:\\\/\\\/schema.org\",\"@graph\":[{\"@type\":\"WebPage\",\"@id\":\"https:\\\/\\\/strangercam.com\\\/matchpub\\\/\",\"url\":\"https:\\\/\\\/strangercam.com\\\/matchpub\\\/\",\"name\":\"MatchPub - Live 1:1 Video Chat - StrangerCam.com\",\"isPartOf\":{\"@id\":\"https:\\\/\\\/strangercam.com\\\/#website\"},\"datePublished\":\"2025-09-10T09:48:32+00:00\",\"description\":\"Like MatchPub? Come chat with more than 5.000.000 strangers on Strangercam for Free! Turn on your cam and find new friends & maby a match!\",\"breadcrumb\":{\"@id\":\"https:\\\/\\\/strangercam.com\\\/matchpub\\\/#breadcrumb\"},\"inLanguage\":\"pl-PL\",\"potentialAction\":[{\"@type\":\"ReadAction\",\"target\":[\"https:\\\/\\\/strangercam.com\\\/matchpub\\\/\"]}]},{\"@type\":\"BreadcrumbList\",\"@id\":\"https:\\\/\\\/strangercam.com\\\/matchpub\\\/#breadcrumb\",\"itemListElement\":[{\"@type\":\"ListItem\",\"position\":1,\"name\":\"Home\",\"item\":\"https:\\\/\\\/strangercam.com\\\/\"},{\"@type\":\"ListItem\",\"position\":2,\"name\":\"MatchPub\"}]},{\"@type\":\"WebSite\",\"@id\":\"https:\\\/\\\/strangercam.com\\\/#website\",\"url\":\"https:\\\/\\\/strangercam.com\\\/\",\"name\":\"Strangercam\",\"description\":\"Random Video Chat with Strangers\",\"publisher\":{\"@id\":\"https:\\\/\\\/strangercam.com\\\/#organization\"},\"alternateName\":\"Strangercam.com\",\"potentialAction\":[{\"@type\":\"SearchAction\",\"target\":{\"@type\":\"EntryPoint\",\"urlTemplate\":\"https:\\\/\\\/strangercam.com\\\/?s={search_term_string}\"},\"query-input\":{\"@type\":\"PropertyValueSpecification\",\"valueRequired\":true,\"valueName\":\"search_term_string\"}}],\"inLanguage\":\"pl-PL\"},{\"@type\":\"Organization\",\"@id\":\"https:\\\/\\\/strangercam.com\\\/#organization\",\"name\":\"Strangercam\",\"alternateName\":\"Strangercam.com\",\"url\":\"https:\\\/\\\/strangercam.com\\\/\",\"logo\":{\"@type\":\"ImageObject\",\"inLanguage\":\"pl-PL\",\"@id\":\"https:\\\/\\\/strangercam.com\\\/#\\\/schema\\\/logo\\\/image\\\/\",\"url\":\"https:\\\/\\\/strangercam.com\\\/wp-content\\\/uploads\\\/2020\\\/11\\\/cropped-new-favicon-black.png\",\"contentUrl\":\"https:\\\/\\\/strangercam.com\\\/wp-content\\\/uploads\\\/2020\\\/11\\\/cropped-new-favicon-black.png\",\"width\":512,\"height\":512,\"caption\":\"Strangercam\"},\"image\":{\"@id\":\"https:\\\/\\\/strangercam.com\\\/#\\\/schema\\\/logo\\\/image\\\/\"},\"sameAs\":[\"https:\\\/\\\/www.facebook.com\\\/strangercam\",\"https:\\\/\\\/x.com\\\/strangercamapp\"]}]}<\/script>\n<!-- \/ Yoast SEO plugin. -->","yoast_head_json":{"title":"MatchPub - Czat wideo na \u017cywo 1:1 - StrangerCam.com","description":"Lubisz MatchPub? Przyjd\u017a na czat z ponad 5.000.000 nieznajomych na Strangercam za darmo! W\u0142\u0105cz kamer\u0119 i znajd\u017a nowych przyjaci\u00f3\u0142 i mo\u017ce mecz!","robots":{"index":"index","follow":"follow","max-snippet":"max-snippet:-1","max-image-preview":"max-image-preview:large","max-video-preview":"max-video-preview:-1"},"canonical":"https:\/\/strangercam.com\/pl\/matchpub\/","og_locale":"pl_PL","og_type":"article","og_title":"MatchPub - Live 1:1 Video Chat - StrangerCam.com","og_description":"Like MatchPub? Come chat with more than 5.000.000 strangers on Strangercam for Free! Turn on your cam and find new friends & maby a match!","og_url":"https:\/\/strangercam.com\/pl\/matchpub\/","og_site_name":"Strangercam","article_publisher":"https:\/\/www.facebook.com\/strangercam","og_image":[{"width":800,"height":532,"url":"https:\/\/strangercam.com\/wp-content\/uploads\/2021\/10\/Untitled-2.png","type":"image\/png"}],"twitter_card":"summary_large_image","twitter_site":"@strangercamapp","twitter_misc":{"Szacowany czas czytania":"6 minut"},"schema":{"@context":"https:\/\/schema.org","@graph":[{"@type":"WebPage","@id":"https:\/\/strangercam.com\/matchpub\/","url":"https:\/\/strangercam.com\/matchpub\/","name":"MatchPub - Czat wideo na \u017cywo 1:1 - StrangerCam.com","isPartOf":{"@id":"https:\/\/strangercam.com\/#website"},"datePublished":"2025-09-10T09:48:32+00:00","description":"Lubisz MatchPub? Przyjd\u017a na czat z ponad 5.000.000 nieznajomych na Strangercam za darmo! W\u0142\u0105cz kamer\u0119 i znajd\u017a nowych przyjaci\u00f3\u0142 i mo\u017ce mecz!","breadcrumb":{"@id":"https:\/\/strangercam.com\/matchpub\/#breadcrumb"},"inLanguage":"pl-PL","potentialAction":[{"@type":"ReadAction","target":["https:\/\/strangercam.com\/matchpub\/"]}]},{"@type":"BreadcrumbList","@id":"https:\/\/strangercam.com\/matchpub\/#breadcrumb","itemListElement":[{"@type":"ListItem","position":1,"name":"Home","item":"https:\/\/strangercam.com\/"},{"@type":"ListItem","position":2,"name":"MatchPub"}]},{"@type":"WebSite","@id":"https:\/\/strangercam.com\/#website","url":"https:\/\/strangercam.com\/","name":"Strangercam","description":"Losowy czat wideo z nieznajomymi","publisher":{"@id":"https:\/\/strangercam.com\/#organization"},"alternateName":"Strangercam.com","potentialAction":[{"@type":"SearchAction","target":{"@type":"EntryPoint","urlTemplate":"https:\/\/strangercam.com\/?s={search_term_string}"},"query-input":{"@type":"PropertyValueSpecification","valueRequired":true,"valueName":"search_term_string"}}],"inLanguage":"pl-PL"},{"@type":"Organization","@id":"https:\/\/strangercam.com\/#organization","name":"Strangercam","alternateName":"Strangercam.com","url":"https:\/\/strangercam.com\/","logo":{"@type":"ImageObject","inLanguage":"pl-PL","@id":"https:\/\/strangercam.com\/#\/schema\/logo\/image\/","url":"https:\/\/strangercam.com\/wp-content\/uploads\/2020\/11\/cropped-new-favicon-black.png","contentUrl":"https:\/\/strangercam.com\/wp-content\/uploads\/2020\/11\/cropped-new-favicon-black.png","width":512,"height":512,"caption":"Strangercam"},"image":{"@id":"https:\/\/strangercam.com\/#\/schema\/logo\/image\/"},"sameAs":["https:\/\/www.facebook.com\/strangercam","https:\/\/x.com\/strangercamapp"]}]}},"_links":{"self":[{"href":"https:\/\/strangercam.com\/pl\/wp-json\/wp\/v2\/pages\/13018","targetHints":{"allow":["GET"]}}],"collection":[{"href":"https:\/\/strangercam.com\/pl\/wp-json\/wp\/v2\/pages"}],"about":[{"href":"https:\/\/strangercam.com\/pl\/wp-json\/wp\/v2\/types\/page"}],"author":[{"embeddable":true,"href":"https:\/\/strangercam.com\/pl\/wp-json\/wp\/v2\/users\/6"}],"replies":[{"embeddable":true,"href":"https:\/\/strangercam.com\/pl\/wp-json\/wp\/v2\/comments?post=13018"}],"version-history":[{"count":1,"href":"https:\/\/strangercam.com\/pl\/wp-json\/wp\/v2\/pages\/13018\/revisions"}],"predecessor-version":[{"id":13019,"href":"https:\/\/strangercam.com\/pl\/wp-json\/wp\/v2\/pages\/13018\/revisions\/13019"}],"wp:attachment":[{"href":"https:\/\/strangercam.com\/pl\/wp-json\/wp\/v2\/media?parent=13018"}],"curies":[{"name":"wp","href":"https:\/\/api.w.org\/{rel}","templated":true}]}}