{"id":12954,"date":"2025-08-05T10:47:17","date_gmt":"2025-08-05T08:47:17","guid":{"rendered":"https:\/\/strangercam.com\/?page_id=12954"},"modified":"2025-08-05T10:47:38","modified_gmt":"2025-08-05T08:47:38","slug":"darmowa-aplikacja-do-rozmow-wideo-z-przypadkowa-dziewczyna","status":"publish","type":"page","link":"https:\/\/strangercam.com\/pl\/free-video-call-app-with-random-girl\/","title":{"rendered":"Darmowa aplikacja do rozm\u00f3w wideo z przypadkow\u0105 dziewczyn\u0105"},"content":{"rendered":"<p>Szukasz darmowej aplikacji do rozm\u00f3w wideo z przypadkowymi dziewczynami? Nie jeste\u015b sam. Miliony ludzi ka\u017cdego miesi\u0105ca szukaj\u0105 prawdziwych, spontanicznych czat\u00f3w wideo z nowymi lud\u017ami - zw\u0142aszcza z dziewczynami, kt\u00f3re s\u0105 zabawne, przyjazne i zainteresowane poznaniem kogo\u015b nowego. Niezale\u017cnie od tego, czy czujesz si\u0119 samotny, znudzony, czy po prostu ciekawy, znalezienie odpowiedniej platformy robi r\u00f3\u017cnic\u0119.<\/p>\n<p>W tym kompleksowym przewodniku odkryjesz wszystko, co musisz wiedzie\u0107: jak dzia\u0142aj\u0105 te aplikacje, jakich funkcji szuka\u0107, wskaz\u00f3wki dotycz\u0105ce bezpiecze\u0144stwa oraz szczeg\u00f3\u0142owe por\u00f3wnanie najlepszych witryn i aplikacji. Na koniec dowiesz si\u0119, dlaczego StrangerCam wyr\u00f3\u017cnia si\u0119 jako jeden z najlepszych wybor\u00f3w, je\u015bli chcesz skorzysta\u0107 z darmowej aplikacji do rozm\u00f3w wideo z przypadkow\u0105 dziewczyn\u0105 - i jak zacz\u0105\u0107 ju\u017c dzi\u015b.<\/p>\n<h2>Co to jest darmowa aplikacja do rozm\u00f3w wideo z przypadkow\u0105 dziewczyn\u0105?<\/h2>\n<p>Darmowa aplikacja do rozm\u00f3w wideo z przypadkow\u0105 dziewczyn\u0105 to aplikacja internetowa lub mobilna, kt\u00f3ra umo\u017cliwia natychmiastowe \u0142\u0105czenie si\u0119 za pomoc\u0105 kamery internetowej i mikrofonu z przypadkowymi u\u017cytkowniczkami z ca\u0142ego \u015bwiata. Wystarczy, \u017ce wejdziesz na stron\u0119, naci\u015bniesz przycisk i w ci\u0105gu kilku sekund zostaniesz dopasowany do dziewczyny, kt\u00f3ra r\u00f3wnie\u017c chce si\u0119 z Tob\u0105 spotka\u0107. <a href=\"https:\/\/strangercam.com\/pl\/chathub\/\">czat<\/a>. Nie ma potrzeby rejestracji, p\u0142atno\u015bci ani udost\u0119pniania danych osobowych.<\/p>\n<p>Aplikacje te zyska\u0142y na popularno\u015bci dzi\u0119ki swojej prostocie i ekscytacji zwi\u0105zanej ze spotkaniem kogo\u015b nowego twarz\u0105 w twarz. Chocia\u017c technologia stoj\u0105ca za nimi jest podobna do narz\u0119dzi do wideokonferencji, koncentruje si\u0119 na zabawie, przypadkowych odkryciach spo\u0142ecznych - a nie na pracy czy biznesie.<\/p>\n<h2>Dlaczego ludzie szukaj\u0105 losowych czat\u00f3w wideo z dziewczynami?<\/h2>\n<p>Wzrost popularno\u015bci s\u0142\u00f3w kluczowych takich jak \"darmowa aplikacja do rozm\u00f3w wideo z przypadkow\u0105 dziewczyn\u0105\" pokazuje rosn\u0105cy trend:<\/p>\n<ul>\n<li>Samotno\u015b\u0107 i izolacja: Wielu u\u017cytkownik\u00f3w, zw\u0142aszcza po pandemii, pragnie prawdziwej interakcji, ale nie chce korzysta\u0107 z tradycyjnych aplikacji randkowych lub medi\u00f3w spo\u0142eczno\u015bciowych.<\/li>\n<li>Ekscytacja nieznanym: Nie wiedz\u0105c, kogo spotkasz, czujesz dreszczyk emocji - ka\u017cda rozmowa jest niespodziank\u0105.<\/li>\n<li>Nawi\u0105zywanie znajomo\u015bci lub flirtowanie: Niekt\u00f3rzy u\u017cytkownicy chc\u0105 po prostu porozmawia\u0107, nawi\u0105za\u0107 nowe znajomo\u015bci lub cieszy\u0107 si\u0119 nieszkodliwym flirtem w bezpiecznym, kontrolowanym \u015brodowisku.<\/li>\n<li>Unikanie podr\u00f3bek i bot\u00f3w: W przeciwie\u0144stwie do czatu tekstowego, czat wideo pomaga odfiltrowa\u0107 boty i oszust\u00f3w, dzi\u0119ki czemu wiesz, \u017ce rozmawiasz z prawdziw\u0105 osob\u0105.<\/li>\n<\/ul>\n<h2>Jak dzia\u0142aj\u0105 te aplikacje?<\/h2>\n<p>Podstawowy przep\u0142yw darmowej aplikacji do rozm\u00f3w wideo z przypadkow\u0105 dziewczyn\u0105 jest niezwykle prosty:<\/p>\n<ol>\n<li>Dost\u0119p do aplikacji lub witryny na telefonie lub komputerze. Wersje internetowe nie wymagaj\u0105 instalacji.<\/li>\n<li>Przyznaj dost\u0119p do kamery i mikrofonu po wy\u015bwietleniu monitu. Jest to wymagane w przypadku czatu wideo na \u017cywo.<\/li>\n<li>Naci\u015bnij \"Start\" lub \"Dalej\". Aplikacja natychmiast dopasuje Ci\u0119 do losowego u\u017cytkownika - cz\u0119sto filtrowanego wed\u0142ug p\u0142ci lub lokalizacji.<\/li>\n<li>Czat na \u017cywo przez wideo. Je\u015bli nie czujesz tej atmosfery, po prostu kliknij \"Dalej\", aby przej\u015b\u0107 dalej.<\/li>\n<li>Na prawdziwie darmowych platformach nie jest wymagana rejestracja ani p\u0142atno\u015b\u0107.<\/li>\n<\/ol>\n<p>Niekt\u00f3re platformy zawieraj\u0105 funkcje, takie jak filtry p\u0142ci, dopasowanie na podstawie lokalizacji, t\u0142umaczenie na czacie i narz\u0119dzia do raportowania, kt\u00f3re zwi\u0119kszaj\u0105 komfort i bezpiecze\u0144stwo u\u017cytkownika.<\/p>\n<h2>Najwa\u017cniejsze cechy, kt\u00f3rych nale\u017cy szuka\u0107<\/h2>\n<p>Wybieraj\u0105c najlepsz\u0105 darmow\u0105 aplikacj\u0119 do rozm\u00f3w wideo z przypadkow\u0105 dziewczyn\u0105, oto na co powiniene\u015b zwr\u00f3ci\u0107 uwag\u0119:<\/p>\n<h3>1. Oryginalne filtry p\u0142ci<\/h3>\n<p>Wielu u\u017cytkownik\u00f3w szuka dziewczyn, ale nie ka\u017cda aplikacja oferuje prawdziwy wyb\u00f3r p\u0142ci. Niekt\u00f3re podszywaj\u0105 si\u0119 pod t\u0119 funkcj\u0119 lub udost\u0119pniaj\u0105 j\u0105 tylko p\u0142atnym u\u017cytkownikom. Poszukaj platform, kt\u00f3re zapewniaj\u0105 bezp\u0142atny i prawdziwy filtr p\u0142ci.<\/p>\n<h3>2. Rejestracja nie jest wymagana<\/h3>\n<p>Najlepsze platformy pozwalaj\u0105 od razu przej\u015b\u0107 do czatu - nie jest wymagane konto ani logowanie.<\/p>\n<h3>3. Przyjazny dla urz\u0105dze\u0144 mobilnych i komputer\u00f3w stacjonarnych<\/h3>\n<p>Responsywny design lub dedykowane aplikacje zapewniaj\u0105 mo\u017cliwo\u015b\u0107 korzystania z us\u0142ugi na dowolnym urz\u0105dzeniu, od laptopa po telefon.<\/p>\n<h3>4. Prywatno\u015b\u0107 i bezpiecze\u0144stwo<\/h3>\n<p>Zaawansowane szyfrowanie, brak gromadzenia danych i funkcje takie jak opcje \"rozmycia\" lub \"maskowania\" pomagaj\u0105 zapewni\u0107 bezpiecze\u0144stwo czat\u00f3w wideo.<\/p>\n<h3>5. Moderacja i raportowanie u\u017cytkownik\u00f3w<\/h3>\n<p>Aktywna moderacja i \u0142atwe zg\u0142aszanie sprawiaj\u0105, \u017ce spo\u0142eczno\u015b\u0107 jest bezpieczna i wolna od nadu\u017cy\u0107, spamu i nieodpowiednich tre\u015bci.<\/p>\n<h3>6. Brak ukrytych koszt\u00f3w<\/h3>\n<p>Prawdziwie darmowa aplikacja nie za\u017c\u0105da nagle pieni\u0119dzy ani nie ograniczy ci\u0119 po kilku czatach.<\/p>\n<h2>Najlepsze darmowe aplikacje do rozm\u00f3w wideo z przypadkow\u0105 dziewczyn\u0105 (2025)<\/h2>\n<p>Rzu\u0107my okiem na por\u00f3wnanie najlepszych platform dla u\u017cytkownik\u00f3w, kt\u00f3rzy chc\u0105 prowadzi\u0107 rozmowy wideo z przypadkowymi dziewczynami. Ta tabela podsumowuje kluczowe funkcje:<\/p>\n<table>\n<thead>\n<tr>\n<th>Platforma<\/th>\n<th align=\"center\">Darmowy filtr p\u0142ci<\/th>\n<th align=\"center\">Brak rejestracji<\/th>\n<th align=\"center\">Wsparcie mobilne<\/th>\n<th align=\"center\">\u015acis\u0142y umiar<\/th>\n<th>Uwagi<\/th>\n<\/tr>\n<\/thead>\n<tbody>\n<tr>\n<td>StrangerCam<\/td>\n<td align=\"center\">\u2705<\/td>\n<td align=\"center\">\u2705<\/td>\n<td align=\"center\">\u2705<\/td>\n<td align=\"center\">\u2705<\/td>\n<td>100% darmowy filtr rzeczywistej p\u0142ci<\/td>\n<\/tr>\n<tr>\n<td><a href=\"https:\/\/strangercam.com\/pl\/chatroulette\/\">Chatroulette<\/a><\/td>\n<td align=\"center\">\u274c (p\u0142atne)<\/td>\n<td align=\"center\">\u2705<\/td>\n<td align=\"center\">\u2705<\/td>\n<td align=\"center\">\u2705<\/td>\n<td>Filtr p\u0142ci paywalled<\/td>\n<\/tr>\n<tr>\n<td>Chatrandom<\/td>\n<td align=\"center\">\u274c (p\u0142atne)<\/td>\n<td align=\"center\">\u2705<\/td>\n<td align=\"center\">\u2705<\/td>\n<td align=\"center\">\u2705<\/td>\n<td>Filtr p\u0142ci paywalled<\/td>\n<\/tr>\n<tr>\n<td><a href=\"https:\/\/strangercam.com\/pl\/ometv\/\">OmeTV<\/a><\/td>\n<td align=\"center\">\u274c (Losowo)<\/td>\n<td align=\"center\">\u2705<\/td>\n<td align=\"center\">\u2705<\/td>\n<td align=\"center\">\u2705<\/td>\n<td>Brak wiarygodnego wyboru p\u0142ci<\/td>\n<\/tr>\n<tr>\n<td>Shagle<\/td>\n<td align=\"center\">\u274c (p\u0142atne)<\/td>\n<td align=\"center\">\u2705<\/td>\n<td align=\"center\">\u2705<\/td>\n<td align=\"center\">\u2705<\/td>\n<td>Filtr p\u0142ci paywalled<\/td>\n<\/tr>\n<tr>\n<td><a href=\"https:\/\/strangercam.com\/pl\/coomeet\/\">CooMeet<\/a><\/td>\n<td align=\"center\">(Bezp\u0142atna wersja pr\u00f3bna)<\/td>\n<td align=\"center\">\u274c<\/td>\n<td align=\"center\">\u2705<\/td>\n<td align=\"center\">\u2705<\/td>\n<td>Tylko kilka pierwszych czat\u00f3w za darmo, potem p\u0142atne<\/td>\n<\/tr>\n<tr>\n<td>LuckyCrush<\/td>\n<td align=\"center\">\u2705 (P\u0142atne)<\/td>\n<td align=\"center\">\u274c<\/td>\n<td align=\"center\">\u2705<\/td>\n<td align=\"center\">\u2705<\/td>\n<td>Dopasowanie p\u0142ci tylko dla p\u0142atnych u\u017cytkownik\u00f3w<\/td>\n<\/tr>\n<\/tbody>\n<\/table>\n<p>StrangerCam to jedna z niewielu platform, kt\u00f3ra oferuje prawdziwie darmowy, niewymagaj\u0105cy rejestracji filtr prawdziwej p\u0142ci do rozm\u00f3w wideo z dziewczynami.<\/p>\n<h2>Dlaczego StrangerCam jest najlepszym wyborem<\/h2>\n<p>Je\u015bli Twoim celem jest znalezienie darmowej aplikacji do rozm\u00f3w wideo z przypadkow\u0105 dziewczyn\u0105, StrangerCam oferuje kilka unikalnych korzy\u015bci, kt\u00f3re wyr\u00f3\u017cniaj\u0105 j\u0105 w 2025 roku:<\/p>\n<h3>1. Oryginalne z\u0142\u0105cza \u017ce\u0144skie<\/h3>\n<p>W przeciwie\u0144stwie do wi\u0119kszo\u015bci konkurent\u00f3w, StrangerCam oferuje prawdziwy, dzia\u0142aj\u0105cy filtr p\u0142ci bez pobierania op\u0142at. Je\u015bli chcesz spotyka\u0107 si\u0119 i czatowa\u0107 z dziewczynami, a nie przypadkowymi facetami lub botami, jeste\u015b we w\u0142a\u015bciwym miejscu.<\/p>\n<h3>2. 100% Bezp\u0142atnie i bez rejestracji<\/h3>\n<p>Zacznij czatowa\u0107 natychmiast - bez e-maila, bez logowania, bez op\u0142at i bez limit\u00f3w.<\/p>\n<h3>3. Nowoczesny, przejrzysty interfejs<\/h3>\n<p>Zoptymalizowana pod k\u0105tem urz\u0105dze\u0144 mobilnych i przyjazna dla u\u017cytkownika konstrukcja oznacza p\u0142ynn\u0105 jako\u015b\u0107 obrazu i d\u017awi\u0119ku na ka\u017cdym urz\u0105dzeniu.<\/p>\n<h3>4. Silna moderacja i prywatno\u015b\u0107<\/h3>\n<p>StrangerCam ma solidne narz\u0119dzia do raportowania, aktywn\u0105 moderacj\u0119 i rygorystyczny system antybotowy, aby czaty by\u0142y bezpieczne i przyjemne. Mo\u017cesz natychmiast zablokowa\u0107, zg\u0142osi\u0107 lub pomin\u0105\u0107 dowoln\u0105 osob\u0119.<\/p>\n<h3>5. Zr\u00f3\u017cnicowana globalna baza u\u017cytkownik\u00f3w<\/h3>\n<p>Poznawaj dziewczyny z ca\u0142ego \u015bwiata, 24\/7. Niezale\u017cnie od tego, czy szukasz kogo\u015b blisko domu, czy chcesz rozmawia\u0107 na czacie mi\u0119dzynarodowym, zawsze znajdziesz kogo\u015b nowego.<\/p>\n<h3>6. Zabawne, spontaniczne do\u015bwiadczenie<\/h3>\n<p>Bez profili, bez przesuwania, bez presji. Po prostu kliknij i po\u0142\u0105cz si\u0119 z prawdziwymi dziewczynami, za darmo.<\/p>\n<h2>Prawdziwe opinie u\u017cytkownik\u00f3w<\/h2>\n<p>Wci\u0105\u017c nie jeste\u015b pewien? Oto kilka prawdziwych do\u015bwiadcze\u0144 u\u017cytkownik\u00f3w, kt\u00f3rzy znale\u017ali to, czego szukali:<\/p>\n<blockquote><p><em>\"Wypr\u00f3bowa\u0142em kilka aplikacji, ale StrangerCam by\u0142a jedyn\u0105, w kt\u00f3rej faktycznie mog\u0142em spotyka\u0107 si\u0119 i rozmawia\u0107 z prawdziwymi dziewczynami za darmo. \u017badnych ukrytych paywalli, po prostu kliknij i rozmawiaj!\"<\/em><br \/>\n- Daniel, 27 lat<\/p><\/blockquote>\n<blockquote><p><em>\"Jako kobiecie podoba mi si\u0119 to, \u017ce mog\u0119 wybra\u0107, z kim chc\u0119 rozmawia\u0107 i czu\u0107 si\u0119 bezpiecznie. Jest umiar i opcja natychmiastowego pomini\u0119cia, je\u015bli kto\u015b sprawia, \u017ce czuj\u0119 si\u0119 niekomfortowo\".<\/em><br \/>\n- Samantha, 22 lata<\/p><\/blockquote>\n<blockquote><p><em>\"Fajnie, \u017ce nie trzeba si\u0119 rejestrowa\u0107. Rozmawia\u0142em z kim\u015b z Brazylii w ci\u0105gu minuty od do\u0142\u0105czenia. Fajny spos\u00f3b na sp\u0119dzenie wieczoru\".<\/em><br \/>\n- Alex, 24 lata<\/p><\/blockquote>\n<blockquote><p><em>\"By\u0142em sceptyczny co do tego, \u017ce filtr p\u0142ci jest darmowy, ale dzia\u0142a. Pozna\u0142em kilka naprawd\u0119 fajnych dziewczyn, z kt\u00f3rymi mog\u0142em porozmawia\u0107 i nigdy nie zap\u0142aci\u0142em ani centa\".<\/em><br \/>\n- Mike, 31 lat<\/p><\/blockquote>\n<h2>Wskaz\u00f3wki dotycz\u0105ce bezpiecze\u0144stwa czat\u00f3w wideo online<\/h2>\n<p>Podczas korzystania z dowolnej bezp\u0142atnej aplikacji do po\u0142\u0105cze\u0144 wideo, bezpiecze\u0144stwo i prywatno\u015b\u0107 powinny by\u0107 zawsze na pierwszym miejscu. Oto najwa\u017cniejsze wskaz\u00f3wki:<\/p>\n<h3>1. Nigdy nie udost\u0119pniaj danych osobowych<\/h3>\n<p>Nie podawaj nieznajomym swojego prawdziwego imienia i nazwiska, adresu, numeru telefonu ani \u017cadnych osobistych danych kontaktowych.<\/p>\n<h3>2. Korzystanie z element\u00f3w steruj\u0105cych platformy<\/h3>\n<p>Je\u015bli kto\u015b sprawi, \u017ce poczujesz si\u0119 niekomfortowo, natychmiast u\u017cyj przycisk\u00f3w \"Dalej\", \"Zablokuj\" lub \"Zg\u0142o\u015b\".<\/p>\n<h3>3. Uwa\u017caj na oszustwa<\/h3>\n<p>Nigdy nie wysy\u0142aj pieni\u0119dzy, nie klikaj podejrzanych link\u00f3w ani nie akceptuj pr\u00f3\u015bb o opuszczenie platformy na rzecz innej aplikacji do czatowania.<\/p>\n<h3>4. Sprawd\u017a swoj\u0105 przesz\u0142o\u015b\u0107<\/h3>\n<p>Uwa\u017caj na to, co kamera pokazuje za tob\u0105, aby unikn\u0105\u0107 ujawnienia danych osobowych.<\/p>\n<h3>5. Je\u015bli masz mniej ni\u017c 18 lat, nie korzystaj z czatu dla doros\u0142ych<\/h3>\n<p>Zawsze przestrzegaj ogranicze\u0144 wiekowych i nigdy nie korzystaj z losowych aplikacji do czat\u00f3w wideo, je\u015bli nie masz wymaganego wieku.<\/p>\n<h3>6. U\u017cyj pseudonimu<\/h3>\n<p>Je\u015bli platforma pozwala wybra\u0107 nazw\u0119 u\u017cytkownika lub nazw\u0119 wy\u015bwietlan\u0105, nie u\u017cywaj prawdziwego imienia i nazwiska.<\/p>\n<h2>Jak zacz\u0105\u0107 - krok po kroku<\/h2>\n<p>Rozpocz\u0119cie korzystania z darmowej aplikacji do rozm\u00f3w wideo z przypadkow\u0105 dziewczyn\u0105 jest proste i zajmuje mniej ni\u017c minut\u0119. Oto jak to zrobi\u0107:<\/p>\n<ol>\n<li>Otw\u00f3rz platform\u0119 (na telefonie lub komputerze).<\/li>\n<li>Po wy\u015bwietleniu monitu zezw\u00f3l na dost\u0119p do kamery i mikrofonu.<\/li>\n<li>Wybierz preferowan\u0105 p\u0142e\u0107 (wybierz \"dziewczyna\" lub \"kobieta\", je\u015bli jest dost\u0119pna).<\/li>\n<li>Kliknij \"Rozpocznij\" lub \"Po\u0142\u0105cz\". Zostaniesz natychmiast dopasowany do losowej dziewczyny.<\/li>\n<li>Mi\u0142ej rozmowy! Je\u015bli chcesz pozna\u0107 kogo\u015b innego, po prostu naci\u015bnij \"Dalej\".<\/li>\n<li>Powtarzaj tyle razy, ile chcesz - to 100% za darmo i bez ogranicze\u0144.<\/li>\n<\/ol>\n<p>Pro tip: U\u017cywaj s\u0142uchawek dla lepszej jako\u015bci d\u017awi\u0119ku i prywatno\u015bci.<\/p>\n<h2>Cz\u0119sto zadawane pytania<\/h2>\n<h3>Czy rozmowy wideo z przypadkowymi dziewczynami s\u0105 naprawd\u0119 darmowe?<\/h3>\n<p>Tak, StrangerCam i kilka innych platform pozwala na czatowanie z dziewczynami za darmo - bez konieczno\u015bci p\u0142acenia, kredyt\u00f3w czy posiadania konta premium.<\/p>\n<h3>Czy musz\u0119 si\u0119 zarejestrowa\u0107 lub za\u0142o\u017cy\u0107 konto?<\/h3>\n<p>Nie. Najlepsze darmowe aplikacje do rozm\u00f3w wideo nie wymagaj\u0105 rejestracji ani e-maila, aby rozpocz\u0105\u0107.<\/p>\n<h3>Czy ludzie, kt\u00f3rych spotykam, s\u0105 prawdziwi?<\/h3>\n<p>Na StrangerCam aktywna moderacja i weryfikacja wideo pomagaj\u0105 upewni\u0107 si\u0119, \u017ce czatujesz z prawdziwymi u\u017cytkownikami, a nie botami lub podr\u00f3bkami.<\/p>\n<h3>Czy mog\u0119 u\u017cywa\u0107 telefonu?<\/h3>\n<p>Tak. StrangerCam jest w pe\u0142ni przyjazny dla urz\u0105dze\u0144 mobilnych, wi\u0119c mo\u017cesz czatowa\u0107 z dowolnego nowoczesnego telefonu lub tabletu.<\/p>\n<h3>Czy jest to bezpieczne?<\/h3>\n<p>Chocia\u017c StrangerCam oferuje silne funkcje prywatno\u015bci i bezpiecze\u0144stwa, nale\u017cy zawsze przestrzega\u0107 podstawowych zasad bezpiecze\u0144stwa w Internecie (patrz wskaz\u00f3wki dotycz\u0105ce bezpiecze\u0144stwa powy\u017cej).<\/p>\n<h3>Czy mog\u0119 rozmawia\u0107 tylko z dziewczynami?<\/h3>\n<p>Tak, filtr p\u0142ci StrangerCam pozwala wybra\u0107 dopasowanie tylko do kobiet - za darmo.<\/p>\n<p>Je\u015bli kiedykolwiek szuka\u0142e\u015b darmowej aplikacji do rozm\u00f3w wideo z przypadkow\u0105 dziewczyn\u0105, to dobra wiadomo\u015b\u0107 jest taka, \u017ce ona naprawd\u0119 istnieje i w 2025 roku jest lepsza ni\u017c kiedykolwiek. StrangerCam \u0142\u0105czy w sobie nowoczesny, intuicyjny design z prawdziwie darmowym filtrem p\u0142ci i moderacj\u0105 w czasie rzeczywistym, tworz\u0105c jeden z najlepszych czat\u00f3w wideo online.<\/p>\n<p>Nie tra\u0107 czasu na aplikacje, kt\u00f3re obiecuj\u0105 darmowy czat wideo, ale zmuszaj\u0105 ci\u0119 do p\u0142acenia lub rejestrowania si\u0119 tylko po to, by rozmawia\u0107 z dziewczynami. Wybierz platform\u0119, na kt\u00f3rej mo\u017cesz \u0142\u0105czy\u0107 si\u0119, \u015bmia\u0107 i nawi\u0105zywa\u0107 nowe znajomo\u015bci natychmiast i za darmo.<\/p>\n<p>Gotowy na poznanie kogo\u015b nowego? Wypr\u00f3buj darmow\u0105 aplikacj\u0119 do rozm\u00f3w wideo ju\u017c teraz i do\u015bwiadcz emocji zwi\u0105zanych z losowym czatem wideo z prawdziwymi dziewczynami - bez zobowi\u0105za\u0144.<\/p>","protected":false},"excerpt":{"rendered":"<p>Are you searching for a free video call app with random girls? You\u2019re not alone. Millions of people every month are looking for genuine, spontaneous video chats with new people \u2013 especially with girls who are fun, friendly, and interested in meeting someone new. Whether you\u2019re feeling lonely, bored, or just curious, finding the right [&hellip;]<\/p>\n","protected":false},"author":8,"featured_media":0,"parent":0,"menu_order":0,"comment_status":"closed","ping_status":"closed","template":"","meta":{"footnotes":""},"class_list":["post-12954","page","type-page","status-publish","hentry"],"yoast_head":"<!-- This site is optimized with the Yoast SEO plugin v27.4 - https:\/\/yoast.com\/product\/yoast-seo-wordpress\/ -->\n<title>Free Video Call App With Random Girl - StrangerCam.com<\/title>\n<meta name=\"description\" content=\"Free Video Call App With Random Girl anonymously with over 5.000.000 strangers. No Sign-Up Required! Cam with strangers on StrangerCam.com.\" \/>\n<meta name=\"robots\" content=\"index, follow, max-snippet:-1, max-image-preview:large, max-video-preview:-1\" \/>\n<link rel=\"canonical\" href=\"https:\/\/strangercam.com\/pl\/darmowa-aplikacja-do-rozmow-wideo-z-przypadkowa-dziewczyna\/\" \/>\n<meta property=\"og:locale\" content=\"pl_PL\" \/>\n<meta property=\"og:type\" content=\"article\" \/>\n<meta property=\"og:title\" content=\"Free Video Call App With Random Girl - StrangerCam.com\" \/>\n<meta property=\"og:description\" content=\"Free Video Call App With Random Girl anonymously with over 5.000.000 strangers. No Sign-Up Required! Cam with strangers on StrangerCam.com.\" \/>\n<meta property=\"og:url\" content=\"https:\/\/strangercam.com\/pl\/darmowa-aplikacja-do-rozmow-wideo-z-przypadkowa-dziewczyna\/\" \/>\n<meta property=\"og:site_name\" content=\"Strangercam\" \/>\n<meta property=\"article:publisher\" content=\"https:\/\/www.facebook.com\/strangercam\" \/>\n<meta property=\"article:modified_time\" content=\"2025-08-05T08:47:38+00:00\" \/>\n<meta property=\"og:image\" content=\"https:\/\/strangercam.com\/wp-content\/uploads\/2021\/10\/Untitled-2.png\" \/>\n\t<meta property=\"og:image:width\" content=\"800\" \/>\n\t<meta property=\"og:image:height\" content=\"532\" \/>\n\t<meta property=\"og:image:type\" content=\"image\/png\" \/>\n<meta name=\"twitter:card\" content=\"summary_large_image\" \/>\n<meta name=\"twitter:site\" content=\"@strangercamapp\" \/>\n<meta name=\"twitter:label1\" content=\"Szacowany czas czytania\" \/>\n\t<meta name=\"twitter:data1\" content=\"7 minut\" \/>\n<script type=\"application\/ld+json\" class=\"yoast-schema-graph\">{\"@context\":\"https:\\\/\\\/schema.org\",\"@graph\":[{\"@type\":\"WebPage\",\"@id\":\"https:\\\/\\\/strangercam.com\\\/free-video-call-app-with-random-girl\\\/\",\"url\":\"https:\\\/\\\/strangercam.com\\\/free-video-call-app-with-random-girl\\\/\",\"name\":\"Free Video Call App With Random Girl - StrangerCam.com\",\"isPartOf\":{\"@id\":\"https:\\\/\\\/strangercam.com\\\/#website\"},\"datePublished\":\"2025-08-05T08:47:17+00:00\",\"dateModified\":\"2025-08-05T08:47:38+00:00\",\"description\":\"Free Video Call App With Random Girl anonymously with over 5.000.000 strangers. No Sign-Up Required! Cam with strangers on StrangerCam.com.\",\"breadcrumb\":{\"@id\":\"https:\\\/\\\/strangercam.com\\\/free-video-call-app-with-random-girl\\\/#breadcrumb\"},\"inLanguage\":\"pl-PL\",\"potentialAction\":[{\"@type\":\"ReadAction\",\"target\":[\"https:\\\/\\\/strangercam.com\\\/free-video-call-app-with-random-girl\\\/\"]}]},{\"@type\":\"BreadcrumbList\",\"@id\":\"https:\\\/\\\/strangercam.com\\\/free-video-call-app-with-random-girl\\\/#breadcrumb\",\"itemListElement\":[{\"@type\":\"ListItem\",\"position\":1,\"name\":\"Home\",\"item\":\"https:\\\/\\\/strangercam.com\\\/\"},{\"@type\":\"ListItem\",\"position\":2,\"name\":\"Free Video Call App With Random Girl\"}]},{\"@type\":\"WebSite\",\"@id\":\"https:\\\/\\\/strangercam.com\\\/#website\",\"url\":\"https:\\\/\\\/strangercam.com\\\/\",\"name\":\"Strangercam\",\"description\":\"Random Video Chat with Strangers\",\"publisher\":{\"@id\":\"https:\\\/\\\/strangercam.com\\\/#organization\"},\"alternateName\":\"Strangercam.com\",\"potentialAction\":[{\"@type\":\"SearchAction\",\"target\":{\"@type\":\"EntryPoint\",\"urlTemplate\":\"https:\\\/\\\/strangercam.com\\\/?s={search_term_string}\"},\"query-input\":{\"@type\":\"PropertyValueSpecification\",\"valueRequired\":true,\"valueName\":\"search_term_string\"}}],\"inLanguage\":\"pl-PL\"},{\"@type\":\"Organization\",\"@id\":\"https:\\\/\\\/strangercam.com\\\/#organization\",\"name\":\"Strangercam\",\"alternateName\":\"Strangercam.com\",\"url\":\"https:\\\/\\\/strangercam.com\\\/\",\"logo\":{\"@type\":\"ImageObject\",\"inLanguage\":\"pl-PL\",\"@id\":\"https:\\\/\\\/strangercam.com\\\/#\\\/schema\\\/logo\\\/image\\\/\",\"url\":\"https:\\\/\\\/strangercam.com\\\/wp-content\\\/uploads\\\/2020\\\/11\\\/cropped-new-favicon-black.png\",\"contentUrl\":\"https:\\\/\\\/strangercam.com\\\/wp-content\\\/uploads\\\/2020\\\/11\\\/cropped-new-favicon-black.png\",\"width\":512,\"height\":512,\"caption\":\"Strangercam\"},\"image\":{\"@id\":\"https:\\\/\\\/strangercam.com\\\/#\\\/schema\\\/logo\\\/image\\\/\"},\"sameAs\":[\"https:\\\/\\\/www.facebook.com\\\/strangercam\",\"https:\\\/\\\/x.com\\\/strangercamapp\"]}]}<\/script>\n<!-- \/ Yoast SEO plugin. -->","yoast_head_json":{"title":"Darmowa aplikacja do rozm\u00f3w wideo z przypadkow\u0105 dziewczyn\u0105 - StrangerCam.com","description":"Darmowa aplikacja do rozm\u00f3w wideo z przypadkow\u0105 dziewczyn\u0105 anonimowo z ponad 5 000 000 nieznajomych. Rejestracja nie jest wymagana! Cam z nieznajomymi na StrangerCam.com.","robots":{"index":"index","follow":"follow","max-snippet":"max-snippet:-1","max-image-preview":"max-image-preview:large","max-video-preview":"max-video-preview:-1"},"canonical":"https:\/\/strangercam.com\/pl\/darmowa-aplikacja-do-rozmow-wideo-z-przypadkowa-dziewczyna\/","og_locale":"pl_PL","og_type":"article","og_title":"Free Video Call App With Random Girl - StrangerCam.com","og_description":"Free Video Call App With Random Girl anonymously with over 5.000.000 strangers. No Sign-Up Required! Cam with strangers on StrangerCam.com.","og_url":"https:\/\/strangercam.com\/pl\/darmowa-aplikacja-do-rozmow-wideo-z-przypadkowa-dziewczyna\/","og_site_name":"Strangercam","article_publisher":"https:\/\/www.facebook.com\/strangercam","article_modified_time":"2025-08-05T08:47:38+00:00","og_image":[{"width":800,"height":532,"url":"https:\/\/strangercam.com\/wp-content\/uploads\/2021\/10\/Untitled-2.png","type":"image\/png"}],"twitter_card":"summary_large_image","twitter_site":"@strangercamapp","twitter_misc":{"Szacowany czas czytania":"7 minut"},"schema":{"@context":"https:\/\/schema.org","@graph":[{"@type":"WebPage","@id":"https:\/\/strangercam.com\/free-video-call-app-with-random-girl\/","url":"https:\/\/strangercam.com\/free-video-call-app-with-random-girl\/","name":"Darmowa aplikacja do rozm\u00f3w wideo z przypadkow\u0105 dziewczyn\u0105 - StrangerCam.com","isPartOf":{"@id":"https:\/\/strangercam.com\/#website"},"datePublished":"2025-08-05T08:47:17+00:00","dateModified":"2025-08-05T08:47:38+00:00","description":"Darmowa aplikacja do rozm\u00f3w wideo z przypadkow\u0105 dziewczyn\u0105 anonimowo z ponad 5 000 000 nieznajomych. Rejestracja nie jest wymagana! Cam z nieznajomymi na StrangerCam.com.","breadcrumb":{"@id":"https:\/\/strangercam.com\/free-video-call-app-with-random-girl\/#breadcrumb"},"inLanguage":"pl-PL","potentialAction":[{"@type":"ReadAction","target":["https:\/\/strangercam.com\/free-video-call-app-with-random-girl\/"]}]},{"@type":"BreadcrumbList","@id":"https:\/\/strangercam.com\/free-video-call-app-with-random-girl\/#breadcrumb","itemListElement":[{"@type":"ListItem","position":1,"name":"Home","item":"https:\/\/strangercam.com\/"},{"@type":"ListItem","position":2,"name":"Free Video Call App With Random Girl"}]},{"@type":"WebSite","@id":"https:\/\/strangercam.com\/#website","url":"https:\/\/strangercam.com\/","name":"Strangercam","description":"Losowy czat wideo z nieznajomymi","publisher":{"@id":"https:\/\/strangercam.com\/#organization"},"alternateName":"Strangercam.com","potentialAction":[{"@type":"SearchAction","target":{"@type":"EntryPoint","urlTemplate":"https:\/\/strangercam.com\/?s={search_term_string}"},"query-input":{"@type":"PropertyValueSpecification","valueRequired":true,"valueName":"search_term_string"}}],"inLanguage":"pl-PL"},{"@type":"Organization","@id":"https:\/\/strangercam.com\/#organization","name":"Strangercam","alternateName":"Strangercam.com","url":"https:\/\/strangercam.com\/","logo":{"@type":"ImageObject","inLanguage":"pl-PL","@id":"https:\/\/strangercam.com\/#\/schema\/logo\/image\/","url":"https:\/\/strangercam.com\/wp-content\/uploads\/2020\/11\/cropped-new-favicon-black.png","contentUrl":"https:\/\/strangercam.com\/wp-content\/uploads\/2020\/11\/cropped-new-favicon-black.png","width":512,"height":512,"caption":"Strangercam"},"image":{"@id":"https:\/\/strangercam.com\/#\/schema\/logo\/image\/"},"sameAs":["https:\/\/www.facebook.com\/strangercam","https:\/\/x.com\/strangercamapp"]}]}},"_links":{"self":[{"href":"https:\/\/strangercam.com\/pl\/wp-json\/wp\/v2\/pages\/12954","targetHints":{"allow":["GET"]}}],"collection":[{"href":"https:\/\/strangercam.com\/pl\/wp-json\/wp\/v2\/pages"}],"about":[{"href":"https:\/\/strangercam.com\/pl\/wp-json\/wp\/v2\/types\/page"}],"author":[{"embeddable":true,"href":"https:\/\/strangercam.com\/pl\/wp-json\/wp\/v2\/users\/8"}],"replies":[{"embeddable":true,"href":"https:\/\/strangercam.com\/pl\/wp-json\/wp\/v2\/comments?post=12954"}],"version-history":[{"count":1,"href":"https:\/\/strangercam.com\/pl\/wp-json\/wp\/v2\/pages\/12954\/revisions"}],"predecessor-version":[{"id":12955,"href":"https:\/\/strangercam.com\/pl\/wp-json\/wp\/v2\/pages\/12954\/revisions\/12955"}],"wp:attachment":[{"href":"https:\/\/strangercam.com\/pl\/wp-json\/wp\/v2\/media?parent=12954"}],"curies":[{"name":"wp","href":"https:\/\/api.w.org\/{rel}","templated":true}]}}