{"id":12946,"date":"2025-07-28T12:00:33","date_gmt":"2025-07-28T10:00:33","guid":{"rendered":"https:\/\/strangercam.com\/?page_id=12946"},"modified":"2025-07-28T12:00:33","modified_gmt":"2025-07-28T10:00:33","slug":"zeechat","status":"publish","type":"page","link":"https:\/\/strangercam.com\/pl\/zeechat\/","title":{"rendered":"Zeechat"},"content":{"rendered":"<p>Wraz z utrzymuj\u0105c\u0105 si\u0119 popularno\u015bci\u0105 losowych czat\u00f3w wideo, fala nowych platform zaspokaja potrzeby u\u017cytkownik\u00f3w poszukuj\u0105cych nowych, anonimowych sposob\u00f3w na <a href=\"https:\/\/strangercam.com\/pl\/coomeet\/\">spotkanie<\/a> ludzi na ca\u0142ym \u015bwiecie. Zeechat to jeden z najnowszych graczy, kt\u00f3rego celem jest odtworzenie szybkiego, spontanicznego dreszczyku emocji <a href=\"https:\/\/strangercam.com\/pl\/omegle\/\">Omegle<\/a> i Chatroulette - dodaj\u0105c jednocze\u015bnie nowoczesny design, solidne funkcje bezpiecze\u0144stwa i p\u0142ynn\u0105 kompatybilno\u015b\u0107 z urz\u0105dzeniami mobilnymi.<\/p>\n<p>Ale czy Zeechat naprawd\u0119 wyr\u00f3\u017cnia si\u0119 w zat\u0142oczonym polu alternatyw Omegle? Czy jest \u0142atwy w u\u017cyciu, bezpieczny i wart czasu w 2025 roku? W tej szczeg\u00f3\u0142owej recenzji badamy wszystko, co musisz wiedzie\u0107: jak dzia\u0142a Zeechat, jego kluczowe funkcje, narz\u0119dzia bezpiecze\u0144stwa, baz\u0119 u\u017cytkownik\u00f3w i jak wypada w por\u00f3wnaniu z najlepszymi konkurentami w przestrzeni losowych czat\u00f3w wideo.<\/p>\n<h2>Co to jest Zeechat?<\/h2>\n<p>Zeechat to oparty na przegl\u0105darce losowy czat wideo, kt\u00f3ry natychmiast \u0142\u0105czy u\u017cytkownik\u00f3w w celu prowadzenia rozm\u00f3w jeden na jednego z nieznajomymi na ca\u0142ym \u015bwiecie. Podobnie jak oryginalny Omegle, Zeechat k\u0142adzie nacisk na anonimowo\u015b\u0107, szybko\u015b\u0107 i prostot\u0119 - nie wymaga rejestracji, pobierania aplikacji ani podawania danych osobowych.<\/p>\n<p>Za pomoc\u0105 jednego klikni\u0119cia u\u017cytkownicy s\u0105 dopasowywani do prywatnego czatu wideo. Niezale\u017cnie od tego, czy chcesz flirtowa\u0107, nawi\u0105zywa\u0107 znajomo\u015bci, \u0107wiczy\u0107 j\u0119zyki, czy po prostu cieszy\u0107 si\u0119 swobodnymi spotkaniami towarzyskimi, Zeechat sprawia, \u017ce jest to \u0142atwe i dost\u0119pne, a wszystko to przy zachowaniu prywatno\u015bci.<\/p>\n<h2>Jaki jest cel Zeechat?<\/h2>\n<p>G\u0142\u00f3wn\u0105 misj\u0105 Zeechat jest o\u017cywienie emocji zwi\u0105zanych z anonimowymi, nieskryptowanymi spotkaniami online, \u0142\u0105cz\u0105cymi ludzi z r\u00f3\u017cnych kultur i \u015brodowisk na czacie na \u017cywo, twarz\u0105 w twarz. Zeechat wyr\u00f3\u017cnia si\u0119 z kilku powod\u00f3w:<\/p>\n<ul>\n<li>Prawdziwa anonimowo\u015b\u0107: Nie s\u0105 wymagane \u017cadne konta, nazwy u\u017cytkownika ani dane osobowe.<\/li>\n<li>Natychmiastowe po\u0142\u0105czenia: Szybkie kojarzenie z nieznajomymi, bez poczekalni<\/li>\n<li>Nowoczesny wygl\u0105d dostosowany do urz\u0105dze\u0144 mobilnych: Przejrzysty, responsywny interfejs dla ka\u017cdego urz\u0105dzenia<\/li>\n<li>Podej\u015bcie oparte na bezpiecze\u0144stwie: Proaktywna moderacja i przyjazne dla u\u017cytkownika narz\u0119dzia raportowania<\/li>\n<\/ul>\n<p>Niezale\u017cnie od tego, czy szukasz prawdziwej rozmowy, wymiany kulturowej, lekkiego flirtu, czy po prostu nudy, Zeechat oferuje niskobarierowy spos\u00f3b \u0142\u0105czenia si\u0119 ze \u015bwiatem.<\/p>\n<h2>Kluczowe cechy<\/h2>\n<p>1. Natychmiastowy losowy czat wideo<br \/>\nSercem Zeechat jest dopasowanie wideo jeden na jednego. Kliknij \"Rozpocznij czat\", zezw\u00f3l na dost\u0119p do kamery i mikrofonu, a zostaniesz sparowany z innym u\u017cytkownikiem z dowolnego miejsca na \u015bwiecie - bez konieczno\u015bci logowania lub pobierania.<\/p>\n<p>2. Opcja czatu tekstowego<br \/>\nDla tych, kt\u00f3rzy stroni\u0105 od kamer, maj\u0105 wolne po\u0142\u0105czenia lub po prostu wol\u0105 pisa\u0107 na klawiaturze, Zeechat umo\u017cliwia wysy\u0142anie wiadomo\u015bci wraz z wideo. Ten podw\u00f3jny tryb jest idealny do prze\u0142amywania lod\u00f3w lub niwelowania r\u00f3\u017cnic j\u0119zykowych.<\/p>\n<p>3. Przycisk szybkiego pomijania\/nast\u0119pnego<br \/>\nJe\u015bli rozmowa nie jest w Twoim stylu, po prostu naci\u015bnij \"Next\", aby przej\u015b\u0107 dalej. Silnik dopasowuj\u0105cy Zeechat zapewnia minimalne op\u00f3\u017anienia mi\u0119dzy czatami, dzi\u0119ki czemu do\u015bwiadczenie jest zabawne i dynamiczne.<\/p>\n<p>4. 100% Bezp\u0142atnie i bez rejestracji<br \/>\nWszystkie funkcje s\u0105 dost\u0119pne za darmo, bez rejestracji lub procesu rejestracji. Zapewnia to maksymaln\u0105 prywatno\u015b\u0107 i bezproblemow\u0105 obs\u0142ug\u0119.<\/p>\n<p>5. Nowoczesny, przyjazny dla urz\u0105dze\u0144 mobilnych design<br \/>\nInterfejs Zeechat jest responsywny i zoptymalizowany pod k\u0105tem obs\u0142ugi dotykowej, oferuj\u0105c tak\u0105 sam\u0105 p\u0142ynno\u015b\u0107 dzia\u0142ania na smartfonach, tabletach i komputerach stacjonarnych.<\/p>\n<p>6. Wbudowane narz\u0119dzia do moderacji i raportowania<br \/>\nAby Zeechat by\u0142o bezpieczne i przyjazne, ka\u017cdy czat zawiera widoczny przycisk \"Zg\u0142o\u015b\". U\u017cytkownicy mog\u0105 natychmiast oznacza\u0107 wszelkie nieodpowiednie zachowania, podczas gdy moderatorzy i narz\u0119dzia oparte na sztucznej inteligencji monitoruj\u0105 nadu\u017cycia lub naruszenia tre\u015bci.<\/p>\n<p>7. Mi\u0119dzynarodowa baza u\u017cytkownik\u00f3w<br \/>\nDzi\u0119ki u\u017cytkownikom z dziesi\u0105tek kraj\u00f3w online 24\/7, Zeechat jest tyglem kultur, co czyni go doskona\u0142\u0105 platform\u0105 do \u0107wicze\u0144 j\u0119zykowych i zawierania mi\u0119dzynarodowych przyja\u017ani.<\/p>\n<h2>Czy Zeechat jest darmowy?<\/h2>\n<p>Tak, Zeechat jest 100% darmowy w u\u017cyciu. Nie ma \u017cadnych ukrytych op\u0142at, subskrypcji ani paywalli za podstawowy czat wideo lub tekstowy. Platforma mo\u017ce wy\u015bwietla\u0107 lekkie, dyskretne reklamy w celu pokrycia koszt\u00f3w, ale nigdy nie blokuj\u0105 one ani nie pogarszaj\u0105 podstawowych wra\u017ce\u0144 z czatowania.<\/p>\n<p>Wszyscy u\u017cytkownicy maj\u0105 r\u00f3wny dost\u0119p do:<\/p>\n<ul>\n<li>Nieograniczone sesje czatu wideo i tekstowego<\/li>\n<li>Funkcja pomijania\/nast\u0119pnego<\/li>\n<li>Narz\u0119dzia do raportowania i blokowania<\/li>\n<li>Pe\u0142na obs\u0142uga komputer\u00f3w stacjonarnych i urz\u0105dze\u0144 mobilnych<\/li>\n<\/ul>\n<h2>Kto u\u017cywa Zeechat?<\/h2>\n<p>Proste, pozbawione barier podej\u015bcie Zeechat przyci\u0105ga szerok\u0105 mi\u0119dzynarodow\u0105 publiczno\u015b\u0107, w tym:<\/p>\n<ul>\n<li>Wiek: G\u0142\u00f3wnie doro\u015bli w wieku 18-35 lat, z rygorystycznymi wymaganiami 18+.<\/li>\n<li>Geografia: U\u017cytkownicy z Ameryki P\u00f3\u0142nocnej, Europy, Indii, Azji Po\u0142udniowo-Wschodniej, Brazylii i innych kraj\u00f3w.<\/li>\n<li>Zainteresowania: Nawi\u0105zywanie nowych znajomo\u015bci, wymiana j\u0119zykowa, flirt, spotkania towarzyskie, rozrywka<\/li>\n<\/ul>\n<p>Platforma przemawia do student\u00f3w, podr\u00f3\u017cnik\u00f3w, cyfrowych nomad\u00f3w i ka\u017cdego, kto szuka szczerych lub beztroskich rozm\u00f3w poza swoim zwyk\u0142ym kr\u0119giem spo\u0142ecznym.<\/p>\n<p>Jak w przypadku wi\u0119kszo\u015bci <a href=\"https:\/\/strangercam.com\/pl\/bazoocam\/\">krzywka<\/a> Na czatach jest zazwyczaj wi\u0119cej u\u017cytkownik\u00f3w p\u0142ci m\u0119skiej ni\u017c \u017ce\u0144skiej, ale r\u00f3wnowaga p\u0142ci powoli si\u0119 poprawia wraz ze wzrostem reputacji platformy.<\/p>\n<h2>Bezpiecze\u0144stwo, prywatno\u015b\u0107 i moderacja<\/h2>\n<p>Zeechat k\u0142adzie du\u017cy nacisk na bezpiecze\u0144stwo i prywatno\u015b\u0107 u\u017cytkownik\u00f3w, stosuj\u0105c kilka wa\u017cnych \u015brodk\u00f3w:<\/p>\n<h3>Prywatno\u015b\u0107<\/h3>\n<ul>\n<li>Nie jest wymagana rejestracja, e-mail ani dane osobowe<\/li>\n<li>\u017badne czaty nie s\u0105 zapisywane, przechowywane ani przeszukiwane.<\/li>\n<li>Dost\u0119p do kamery internetowej i mikrofonu jest oparty na sesji i zawsze pod kontrol\u0105 u\u017cytkownika.<\/li>\n<\/ul>\n<h3>Moderacja<\/h3>\n<ul>\n<li>Zg\u0142aszanie na czacie: Natychmiastowe oznaczanie obra\u017aliwych lub nieodpowiednich u\u017cytkownik\u00f3w.<\/li>\n<li>Monitorowanie tre\u015bci oparte na sztucznej inteligencji: Wykrywa nago\u015b\u0107 i naruszenia zasad w czasie rzeczywistym.<\/li>\n<li>Aktywni moderatorzy: Przegl\u0105danie raport\u00f3w i egzekwowanie zakaz\u00f3w dla recydywist\u00f3w.<\/li>\n<\/ul>\n<h3>Najlepsze praktyki u\u017cytkownika<\/h3>\n<ul>\n<li>Nigdy nie udost\u0119pniaj danych osobowych na czacie<\/li>\n<li>U\u017cyj przycisk\u00f3w \"Dalej\" i \"Zg\u0142o\u015b\" swobodnie<\/li>\n<li>Opu\u015b\u0107 lub pomi\u0144 ka\u017cd\u0105 rozmow\u0119, kt\u00f3ra wydaje si\u0119 niekomfortowa.<\/li>\n<li>Zeechat jest przeznaczony wy\u0142\u0105cznie dla os\u00f3b doros\u0142ych (18+)<\/li>\n<\/ul>\n<h2>Do\u015bwiadczenie u\u017cytkownika i projektowanie<\/h2>\n<p>Design Zeechat jest nowoczesny, przejrzysty i wysoce intuicyjny:<\/p>\n<ul>\n<li>Strona g\u0142\u00f3wna oferuje pogrubiony przycisk \"Rozpocznij czat\" z informacjami o prywatno\u015bci i bezpiecze\u0144stwie.<\/li>\n<li>Okna wideo s\u0105 du\u017ce i przejrzyste, z widocznymi elementami steruj\u0105cymi pomijaniem, wyciszaniem i raportowaniem.<\/li>\n<li>Strona \u0142aduje si\u0119 szybko i p\u0142ynnie przechodzi mi\u0119dzy czatami, z minimalnym op\u00f3\u017anieniem<\/li>\n<li>Wersje mobilne i stacjonarne oferuj\u0105 te same funkcje i niezawodn\u0105 wydajno\u015b\u0107<\/li>\n<\/ul>\n<p>Nie ma wyskakuj\u0105cych okienek, agresywnych reklam ani skomplikowanych menu, dzi\u0119ki czemu Zeechat jest \u0142atwy w u\u017cyciu zar\u00f3wno dla nowych, jak i do\u015bwiadczonych czatownik\u00f3w.<\/p>\n<h2>Zeechat vs inne losowe platformy czat\u00f3w wideo<\/h2>\n<p>Jak Zeechat wypada na tle innych wiod\u0105cych stron z losowymi czatami?<\/p>\n<table>\n<thead>\n<tr>\n<th>Cecha<\/th>\n<th>Zeechat<\/th>\n<th>Omegle (zamkni\u0119ty)<\/th>\n<th>Ohmegle<\/th>\n<th>Chaty<\/th>\n<th><a href=\"https:\/\/strangercam.com\/pl\/ometv\/\">OmeTV<\/a><\/th>\n<th>Lotta<\/th>\n<\/tr>\n<\/thead>\n<tbody>\n<tr>\n<td>Czat wideo<\/td>\n<td>Tak<\/td>\n<td>Tak<\/td>\n<td>Tak<\/td>\n<td>Tak<\/td>\n<td>Tak<\/td>\n<td>Tak<\/td>\n<\/tr>\n<tr>\n<td>Czat tekstowy<\/td>\n<td>Tak<\/td>\n<td>Tak<\/td>\n<td>Tak<\/td>\n<td>Tak<\/td>\n<td>Tak<\/td>\n<td>Tak<\/td>\n<\/tr>\n<tr>\n<td>Wymagana rejestracja<\/td>\n<td>Nie<\/td>\n<td>Nie<\/td>\n<td>Nie<\/td>\n<td>Nie<\/td>\n<td>Nie<\/td>\n<td>Nie<\/td>\n<\/tr>\n<tr>\n<td>Wsparcie mobilne<\/td>\n<td>Doskona\u0142y<\/td>\n<td>S\u0142aby<\/td>\n<td>Doskona\u0142y<\/td>\n<td>Doskona\u0142y<\/td>\n<td>Dobry<\/td>\n<td>Doskona\u0142y<\/td>\n<\/tr>\n<tr>\n<td>Narz\u0119dzia moderacji<\/td>\n<td>Silny<\/td>\n<td>S\u0142aby<\/td>\n<td>Umiarkowany<\/td>\n<td>Umiarkowany<\/td>\n<td>Silny<\/td>\n<td>Dobry<\/td>\n<\/tr>\n<tr>\n<td>Bezp\u0142atne u\u017cytkowanie<\/td>\n<td>Tak<\/td>\n<td>Tak<\/td>\n<td>Tak<\/td>\n<td>Tak<\/td>\n<td>Tak\/P\u0142atne<\/td>\n<td>Tak<\/td>\n<\/tr>\n<tr>\n<td>Filtry p\u0142ci\/regionu<\/td>\n<td>Nie<\/td>\n<td>Nie<\/td>\n<td>Nie<\/td>\n<td>Nie<\/td>\n<td>P\u0142atne<\/td>\n<td>Nie<\/td>\n<\/tr>\n<\/tbody>\n<\/table>\n<p>Podsumowanie: Mocne strony Zeechat to nowoczesny, minimalistyczny interfejs, szybkie dopasowywanie i przyst\u0119pna, w pe\u0142ni anonimowa obs\u0142uga. Chocia\u017c nie oferuje zaawansowanych filtr\u00f3w ani dodatk\u00f3w premium, jest to jeden z naj\u0142atwiejszych sposob\u00f3w anonimowego czatowania z nowymi osobami w dowolnym miejscu i czasie.<\/p>\n<h2>Plusy i minusy<\/h2>\n<p>Plusy:<\/p>\n<ul>\n<li>100% darmowy, natychmiastowy dost\u0119p - nie wymaga rejestracji<\/li>\n<li>Anonimowo\u015b\u0107 i silna kontrola prywatno\u015bci<\/li>\n<li>Szybki, stabilny czat wideo i tekstowy<\/li>\n<li>Nowoczesny, przyjazny dla urz\u0105dze\u0144 mobilnych interfejs<\/li>\n<li>Solidna moderacja i raportowanie u\u017cytkownik\u00f3w<\/li>\n<li>Mi\u0119dzynarodowa, wielokulturowa baza u\u017cytkownik\u00f3w<\/li>\n<\/ul>\n<p>Wady:<\/p>\n<ul>\n<li>Brak filtr\u00f3w p\u0142ci lub regionu (dopasowanie jest w pe\u0142ni losowe)<\/li>\n<li>Sporadyczne nieodpowiednie tre\u015bci (wsp\u00f3lne dla wszystkich anonimowych witryn czatu)<\/li>\n<li>Wi\u0119cej u\u017cytkownik\u00f3w p\u0142ci m\u0119skiej ni\u017c \u017ce\u0144skiej<\/li>\n<li>Brak profili u\u017cytkownik\u00f3w i historii czat\u00f3w<\/li>\n<li>Brak mo\u017cliwo\u015bci ponownego po\u0142\u0105czenia z poprzednimi u\u017cytkownikami<\/li>\n<\/ul>\n<h2>Idealne przypadki u\u017cycia<\/h2>\n<p>Zeechat jest idealny dla:<\/p>\n<ul>\n<li>Fani Omegle, <a href=\"https:\/\/strangercam.com\/pl\/chatroulette\/\">Chatroulette<\/a>, lub Ohmegle szukaj\u0105cy nowoczesnej, bezproblemowej alternatywy<\/li>\n<li>Doro\u015bli szukaj\u0105cy spontanicznych czat\u00f3w wideo z lud\u017ami z ca\u0142ego \u015bwiata<\/li>\n<li>Osoby ucz\u0105ce si\u0119 j\u0119zyk\u00f3w, podr\u00f3\u017cnicy i ekspaci pragn\u0105cy autentycznej wymiany kulturowej<\/li>\n<li>Ka\u017cdy znudzony i szukaj\u0105cy nieskryptowanej interakcji twarz\u0105 w twarz<\/li>\n<li>U\u017cytkownicy, kt\u00f3rzy ceni\u0105 sobie anonimowo\u015b\u0107 i nie chc\u0105 si\u0119 rejestrowa\u0107 ani instalowa\u0107 aplikacji.<\/li>\n<\/ul>\n<p>Mniej idealny dla:<\/p>\n<ul>\n<li>U\u017cytkownicy poni\u017cej 18 roku \u017cycia (wy\u0142\u0105cznie doro\u015bli)<\/li>\n<li>Ci, kt\u00f3rzy szukaj\u0105 filtr\u00f3w randkowych lub wyselekcjonowanych dopasowa\u0144<\/li>\n<li>Osoby chc\u0105ce mie\u0107 trwa\u0142e profile lub listy znajomych<\/li>\n<\/ul>\n<p>Zeechat to jedna z najbardziej obiecuj\u0105cych nowych platform losowych czat\u00f3w wideo w 2025 roku, \u0142\u0105cz\u0105ca natychmiastowe, anonimowe po\u0142\u0105czenia z przejrzystym interfejsem i proaktywnymi narz\u0119dziami bezpiecze\u0144stwa. Wnosi zabaw\u0119 i emocje klasycznego czatu w stylu Zeechat do nowej generacji - na komputerze lub telefonie kom\u00f3rkowym, zawsze za darmo i zawsze prywatnie.<\/p>\n<p>Je\u015bli chcesz pozna\u0107 nowych ludzi, cieszy\u0107 si\u0119 nieskryptowanymi rozmowami lub po prostu do\u015bwiadczy\u0107 dreszczyku losowego czatu wideo bez \u017cadnych k\u0142opot\u00f3w, Zeechat jest absolutnie warty wypr\u00f3bowania.<\/p>","protected":false},"excerpt":{"rendered":"<p>With the continued popularity of random video chat, a wave of new platforms is catering to users seeking fresh, anonymous ways to meet people worldwide. Zeechat is one of the newest entrants, aiming to recapture the fast, spontaneous thrill of Omegle and Chatroulette\u2014while adding modern design, robust safety features, and seamless mobile compatibility. But does [&hellip;]<\/p>\n","protected":false},"author":6,"featured_media":0,"parent":0,"menu_order":0,"comment_status":"closed","ping_status":"closed","template":"","meta":{"footnotes":""},"class_list":["post-12946","page","type-page","status-publish","hentry"],"yoast_head":"<!-- This site is optimized with the Yoast SEO plugin v27.4 - https:\/\/yoast.com\/product\/yoast-seo-wordpress\/ -->\n<title>Zeechat - Live Video Chat, Online Video Call - StrangerCam<\/title>\n<meta name=\"description\" content=\"Like Zeechat? Come chat with more than 5.000.000 strangers on Stranger Cam for Free! Turn on your cam and find new friends &amp; maby a match!\" \/>\n<meta name=\"robots\" content=\"index, follow, max-snippet:-1, max-image-preview:large, max-video-preview:-1\" \/>\n<link rel=\"canonical\" href=\"https:\/\/strangercam.com\/pl\/zeechat\/\" \/>\n<meta property=\"og:locale\" content=\"pl_PL\" \/>\n<meta property=\"og:type\" content=\"article\" \/>\n<meta property=\"og:title\" content=\"Zeechat - Live Video Chat, Online Video Call - StrangerCam\" \/>\n<meta property=\"og:description\" content=\"Like Zeechat? Come chat with more than 5.000.000 strangers on Stranger Cam for Free! Turn on your cam and find new friends &amp; maby a match!\" \/>\n<meta property=\"og:url\" content=\"https:\/\/strangercam.com\/pl\/zeechat\/\" \/>\n<meta property=\"og:site_name\" content=\"Strangercam\" \/>\n<meta property=\"article:publisher\" content=\"https:\/\/www.facebook.com\/strangercam\" \/>\n<meta property=\"og:image\" content=\"https:\/\/strangercam.com\/wp-content\/uploads\/2021\/10\/Untitled-2.png\" \/>\n\t<meta property=\"og:image:width\" content=\"800\" \/>\n\t<meta property=\"og:image:height\" content=\"532\" \/>\n\t<meta property=\"og:image:type\" content=\"image\/png\" \/>\n<meta name=\"twitter:card\" content=\"summary_large_image\" \/>\n<meta name=\"twitter:site\" content=\"@strangercamapp\" \/>\n<meta name=\"twitter:label1\" content=\"Szacowany czas czytania\" \/>\n\t<meta name=\"twitter:data1\" content=\"6 minut\" \/>\n<script type=\"application\/ld+json\" class=\"yoast-schema-graph\">{\"@context\":\"https:\\\/\\\/schema.org\",\"@graph\":[{\"@type\":\"WebPage\",\"@id\":\"https:\\\/\\\/strangercam.com\\\/zeechat\\\/\",\"url\":\"https:\\\/\\\/strangercam.com\\\/zeechat\\\/\",\"name\":\"Zeechat - Live Video Chat, Online Video Call - StrangerCam\",\"isPartOf\":{\"@id\":\"https:\\\/\\\/strangercam.com\\\/#website\"},\"datePublished\":\"2025-07-28T10:00:33+00:00\",\"description\":\"Like Zeechat? Come chat with more than 5.000.000 strangers on Stranger Cam for Free! Turn on your cam and find new friends & maby a match!\",\"breadcrumb\":{\"@id\":\"https:\\\/\\\/strangercam.com\\\/zeechat\\\/#breadcrumb\"},\"inLanguage\":\"pl-PL\",\"potentialAction\":[{\"@type\":\"ReadAction\",\"target\":[\"https:\\\/\\\/strangercam.com\\\/zeechat\\\/\"]}]},{\"@type\":\"BreadcrumbList\",\"@id\":\"https:\\\/\\\/strangercam.com\\\/zeechat\\\/#breadcrumb\",\"itemListElement\":[{\"@type\":\"ListItem\",\"position\":1,\"name\":\"Home\",\"item\":\"https:\\\/\\\/strangercam.com\\\/\"},{\"@type\":\"ListItem\",\"position\":2,\"name\":\"Zeechat\"}]},{\"@type\":\"WebSite\",\"@id\":\"https:\\\/\\\/strangercam.com\\\/#website\",\"url\":\"https:\\\/\\\/strangercam.com\\\/\",\"name\":\"Strangercam\",\"description\":\"Random Video Chat with Strangers\",\"publisher\":{\"@id\":\"https:\\\/\\\/strangercam.com\\\/#organization\"},\"alternateName\":\"Strangercam.com\",\"potentialAction\":[{\"@type\":\"SearchAction\",\"target\":{\"@type\":\"EntryPoint\",\"urlTemplate\":\"https:\\\/\\\/strangercam.com\\\/?s={search_term_string}\"},\"query-input\":{\"@type\":\"PropertyValueSpecification\",\"valueRequired\":true,\"valueName\":\"search_term_string\"}}],\"inLanguage\":\"pl-PL\"},{\"@type\":\"Organization\",\"@id\":\"https:\\\/\\\/strangercam.com\\\/#organization\",\"name\":\"Strangercam\",\"alternateName\":\"Strangercam.com\",\"url\":\"https:\\\/\\\/strangercam.com\\\/\",\"logo\":{\"@type\":\"ImageObject\",\"inLanguage\":\"pl-PL\",\"@id\":\"https:\\\/\\\/strangercam.com\\\/#\\\/schema\\\/logo\\\/image\\\/\",\"url\":\"https:\\\/\\\/strangercam.com\\\/wp-content\\\/uploads\\\/2020\\\/11\\\/cropped-new-favicon-black.png\",\"contentUrl\":\"https:\\\/\\\/strangercam.com\\\/wp-content\\\/uploads\\\/2020\\\/11\\\/cropped-new-favicon-black.png\",\"width\":512,\"height\":512,\"caption\":\"Strangercam\"},\"image\":{\"@id\":\"https:\\\/\\\/strangercam.com\\\/#\\\/schema\\\/logo\\\/image\\\/\"},\"sameAs\":[\"https:\\\/\\\/www.facebook.com\\\/strangercam\",\"https:\\\/\\\/x.com\\\/strangercamapp\"]}]}<\/script>\n<!-- \/ Yoast SEO plugin. -->","yoast_head_json":{"title":"Zeechat - Czat wideo na \u017cywo, rozmowa wideo online - StrangerCam","description":"Jak Zeechat? Przyjd\u017a na czat z ponad 5.000.000 nieznajomych na Stranger Cam za darmo! W\u0142\u0105cz kamer\u0119 i znajd\u017a nowych przyjaci\u00f3\u0142 i mo\u017ce mecz!","robots":{"index":"index","follow":"follow","max-snippet":"max-snippet:-1","max-image-preview":"max-image-preview:large","max-video-preview":"max-video-preview:-1"},"canonical":"https:\/\/strangercam.com\/pl\/zeechat\/","og_locale":"pl_PL","og_type":"article","og_title":"Zeechat - Live Video Chat, Online Video Call - StrangerCam","og_description":"Like Zeechat? Come chat with more than 5.000.000 strangers on Stranger Cam for Free! Turn on your cam and find new friends & maby a match!","og_url":"https:\/\/strangercam.com\/pl\/zeechat\/","og_site_name":"Strangercam","article_publisher":"https:\/\/www.facebook.com\/strangercam","og_image":[{"width":800,"height":532,"url":"https:\/\/strangercam.com\/wp-content\/uploads\/2021\/10\/Untitled-2.png","type":"image\/png"}],"twitter_card":"summary_large_image","twitter_site":"@strangercamapp","twitter_misc":{"Szacowany czas czytania":"6 minut"},"schema":{"@context":"https:\/\/schema.org","@graph":[{"@type":"WebPage","@id":"https:\/\/strangercam.com\/zeechat\/","url":"https:\/\/strangercam.com\/zeechat\/","name":"Zeechat - Czat wideo na \u017cywo, rozmowa wideo online - StrangerCam","isPartOf":{"@id":"https:\/\/strangercam.com\/#website"},"datePublished":"2025-07-28T10:00:33+00:00","description":"Jak Zeechat? Przyjd\u017a na czat z ponad 5.000.000 nieznajomych na Stranger Cam za darmo! W\u0142\u0105cz kamer\u0119 i znajd\u017a nowych przyjaci\u00f3\u0142 i mo\u017ce mecz!","breadcrumb":{"@id":"https:\/\/strangercam.com\/zeechat\/#breadcrumb"},"inLanguage":"pl-PL","potentialAction":[{"@type":"ReadAction","target":["https:\/\/strangercam.com\/zeechat\/"]}]},{"@type":"BreadcrumbList","@id":"https:\/\/strangercam.com\/zeechat\/#breadcrumb","itemListElement":[{"@type":"ListItem","position":1,"name":"Home","item":"https:\/\/strangercam.com\/"},{"@type":"ListItem","position":2,"name":"Zeechat"}]},{"@type":"WebSite","@id":"https:\/\/strangercam.com\/#website","url":"https:\/\/strangercam.com\/","name":"Strangercam","description":"Losowy czat wideo z nieznajomymi","publisher":{"@id":"https:\/\/strangercam.com\/#organization"},"alternateName":"Strangercam.com","potentialAction":[{"@type":"SearchAction","target":{"@type":"EntryPoint","urlTemplate":"https:\/\/strangercam.com\/?s={search_term_string}"},"query-input":{"@type":"PropertyValueSpecification","valueRequired":true,"valueName":"search_term_string"}}],"inLanguage":"pl-PL"},{"@type":"Organization","@id":"https:\/\/strangercam.com\/#organization","name":"Strangercam","alternateName":"Strangercam.com","url":"https:\/\/strangercam.com\/","logo":{"@type":"ImageObject","inLanguage":"pl-PL","@id":"https:\/\/strangercam.com\/#\/schema\/logo\/image\/","url":"https:\/\/strangercam.com\/wp-content\/uploads\/2020\/11\/cropped-new-favicon-black.png","contentUrl":"https:\/\/strangercam.com\/wp-content\/uploads\/2020\/11\/cropped-new-favicon-black.png","width":512,"height":512,"caption":"Strangercam"},"image":{"@id":"https:\/\/strangercam.com\/#\/schema\/logo\/image\/"},"sameAs":["https:\/\/www.facebook.com\/strangercam","https:\/\/x.com\/strangercamapp"]}]}},"_links":{"self":[{"href":"https:\/\/strangercam.com\/pl\/wp-json\/wp\/v2\/pages\/12946","targetHints":{"allow":["GET"]}}],"collection":[{"href":"https:\/\/strangercam.com\/pl\/wp-json\/wp\/v2\/pages"}],"about":[{"href":"https:\/\/strangercam.com\/pl\/wp-json\/wp\/v2\/types\/page"}],"author":[{"embeddable":true,"href":"https:\/\/strangercam.com\/pl\/wp-json\/wp\/v2\/users\/6"}],"replies":[{"embeddable":true,"href":"https:\/\/strangercam.com\/pl\/wp-json\/wp\/v2\/comments?post=12946"}],"version-history":[{"count":1,"href":"https:\/\/strangercam.com\/pl\/wp-json\/wp\/v2\/pages\/12946\/revisions"}],"predecessor-version":[{"id":12947,"href":"https:\/\/strangercam.com\/pl\/wp-json\/wp\/v2\/pages\/12946\/revisions\/12947"}],"wp:attachment":[{"href":"https:\/\/strangercam.com\/pl\/wp-json\/wp\/v2\/media?parent=12946"}],"curies":[{"name":"wp","href":"https:\/\/api.w.org\/{rel}","templated":true}]}}