{"id":12944,"date":"2025-07-28T11:56:56","date_gmt":"2025-07-28T09:56:56","guid":{"rendered":"https:\/\/strangercam.com\/?page_id=12944"},"modified":"2025-07-28T11:56:56","modified_gmt":"2025-07-28T09:56:56","slug":"lotta","status":"publish","type":"page","link":"https:\/\/strangercam.com\/pl\/lotta\/","title":{"rendered":"Lotta"},"content":{"rendered":"<p>Podobnie jak klasyczne platformy losowych czat\u00f3w wideo, takie jak <a href=\"https:\/\/strangercam.com\/pl\/omegle\/\">Omegle<\/a> Po znikni\u0119ciu z centrum uwagi, pojawia si\u0119 nowa fala witryn oferuj\u0105cych u\u017cytkownikom te same spontaniczne, anonimowe do\u015bwiadczenia - z nowoczesnym akcentem. Lotta to jedna z najnowszych i najszybciej rozwijaj\u0105cych si\u0119 alternatyw w 2025 roku, \u0142\u0105cz\u0105ca w sobie podstawowe emocje zwi\u0105zane z losowym czatem mi\u0119dzy kamerkami z wi\u0119ksz\u0105 szybko\u015bci\u0105, bezpiecze\u0144stwem i eleganckim, mobilnym interfejsem.<\/p>\n<p>Ale czy Lotta jest wart twojego czasu? Czy wyr\u00f3\u017cnia si\u0119 na tle innych nowych witryn do czat\u00f3w wideo w stylu Omegle? W tej kompleksowej recenzji om\u00f3wimy wszystko, co musisz wiedzie\u0107: jak dzia\u0142a Lotta, jakie funkcje oferuje, kto z niego korzysta i jak wypada w por\u00f3wnaniu z innymi g\u0142\u00f3wnymi platformami czatu losowego w 2025 roku.<\/p>\n<h2>Co to jest Lotta?<\/h2>\n<p>Lotta to oparta na przegl\u0105darce, losowa platforma czatu wideo przeznaczona do natychmiastowych, anonimowych po\u0142\u0105cze\u0144 z nieznajomymi z ca\u0142ego \u015bwiata. U\u017cytkownicy mog\u0105 do\u0142\u0105czy\u0107 za pomoc\u0105 jednego klikni\u0119cia - nie jest wymagana rejestracja, tworzenie profili ani pobieranie aplikacji. Witryna zosta\u0142a stworzona z my\u015bl\u0105 o szybko\u015bci i prostocie, umo\u017cliwiaj\u0105c rozpocz\u0119cie czat\u00f3w wideo na \u017cywo w ci\u0105gu kilku sekund.<\/p>\n<p>Podobnie jak oryginalny Omegle, Lotta dopasowuje u\u017cytkownik\u00f3w jeden na jednego do prywatnych rozm\u00f3w wideo. Ale tam, gdzie interfejs Omegle wydaje si\u0119 teraz przestarza\u0142y, a jego moderacja niesp\u00f3jna, Lotta zapewnia bardziej nowoczesne, bezpieczne i przyjazne dla u\u017cytkownika do\u015bwiadczenie, a wszystko to przy zachowaniu 100% za darmo.<\/p>\n<h2>Jaki jest cel Lotta?<\/h2>\n<p>Lotta zosta\u0142 stworzony, aby o\u017cywi\u0107 magi\u0119 anonimowych, losowych rozm\u00f3w wideo, kt\u00f3re sprawi\u0142y, \u017ce Omegle sta\u0142 si\u0119 fenomenem kulturowym, ale z kluczowymi ulepszeniami dla dzisiejszych u\u017cytkownik\u00f3w:<\/p>\n<ul>\n<li>Spontaniczne spotkania twarz\u0105 w twarz: <a href=\"https:\/\/strangercam.com\/pl\/coomeet\/\">Spotkanie<\/a> kogo\u015b nowego, w dowolnym czasie i z dowolnego miejsca.<\/li>\n<li>Prawdziwa anonimowo\u015b\u0107: Brak profili, brak rejestracji, brak medi\u00f3w spo\u0142eczno\u015bciowych.<\/li>\n<li>Nowoczesne bezpiecze\u0144stwo i umiar: Rozmowy powinny by\u0107 bezpieczne i przyjazne.<\/li>\n<li>Szybki i bezproblemowy dost\u0119p: Rozpocznij czat natychmiast na komputerze lub urz\u0105dzeniu mobilnym.<\/li>\n<\/ul>\n<p>Niezale\u017cnie od tego, czy chcesz nawi\u0105za\u0107 nowe znajomo\u015bci, po\u0107wiczy\u0107 j\u0119zyk, poflirtowa\u0107, czy po prostu porozmawia\u0107 z nieznajomym, Lotta jest przeznaczony dla Ciebie.<\/p>\n<h2>Kluczowe cechy<\/h2>\n<p>1. Losowy czat wideo jeden na jednego<br \/>\nPodstawow\u0105 funkcj\u0105 Lotta jest natychmiastowy, prywatny czat mi\u0119dzy kamerami. Kliknij \"Start\", w\u0142\u0105cz kamer\u0119 internetow\u0105 i mikrofon, a zostaniesz dopasowany w ci\u0105gu kilku sekund. \u017badnych nazw u\u017cytkownik\u00f3w ani biografii - tylko ty i nieznajomy, twarz\u0105 w twarz.<\/p>\n<p>2. Opcja czatu tekstowego<br \/>\nOpr\u00f3cz wideo, Lotta pozwala u\u017cytkownikom wysy\u0142a\u0107 wiadomo\u015bci tekstowe w ramach czatu. Jest to pomocne w prze\u0142amywaniu lod\u00f3w, radzeniu sobie z barierami j\u0119zykowymi lub je\u015bli wolisz nie m\u00f3wi\u0107 g\u0142o\u015bno.<\/p>\n<p>3. Przycisk Dalej\/Przeskocz<br \/>\nJe\u015bli nie czujesz tego klimatu, po prostu naci\u015bnij \"Dalej\", aby natychmiast zosta\u0107 dopasowanym do kogo\u015b nowego. Nie ma \u017cadnych kar ani ogranicze\u0144 co do cz\u0119stotliwo\u015bci przeskakiwania.<\/p>\n<p>4. 100% Anonimowy, bez rejestracji<br \/>\nNie musisz si\u0119 rejestrowa\u0107, tworzy\u0107 profilu ani udost\u0119pnia\u0107 \u017cadnych danych osobowych. Wszystkie sesje s\u0105 tymczasowe i prywatne, dzi\u0119ki czemu Lotta jest jednym z najbardziej anonimowych czat\u00f3w online.<\/p>\n<p>5. Nowoczesny, zoptymalizowany pod k\u0105tem urz\u0105dze\u0144 mobilnych design<br \/>\nLotta dzia\u0142a p\u0142ynnie zar\u00f3wno w przegl\u0105darkach stacjonarnych, jak i mobilnych. Interfejs jest przejrzysty i responsywny, co u\u0142atwia czatowanie na telefonie, tablecie lub laptopie - bez konieczno\u015bci pobierania plik\u00f3w.<\/p>\n<p>6. Narz\u0119dzia moderacji i raportowania<br \/>\nAby zapewni\u0107 bezpiecze\u0144stwo platformy, Lotta zapewnia przycisk zg\u0142aszania na czacie i wykorzystuje po\u0142\u0105czenie automatycznej (opartej na sztucznej inteligencji) i ludzkiej moderacji. U\u017cytkownicy mog\u0105 natychmiast oznacza\u0107 nieodpowiednie tre\u015bci lub zachowania.<\/p>\n<p>7. Szybkie dopasowanie i niskie op\u00f3\u017anienia<br \/>\nSilnik dopasowuj\u0105cy Lotta zosta\u0142 zbudowany z my\u015bl\u0105 o szybko\u015bci. Po\u0142\u0105czenia wideo s\u0105 szybkie i stabilne, z minimalnym op\u00f3\u017anieniem - nawet w godzinach pracy lub na urz\u0105dzeniach mobilnych.<\/p>\n<h2>Czy Lotta jest darmowy?<\/h2>\n<p>Tak, Lotta jest ca\u0142kowicie darmowy. Wszystkie podstawowe funkcje - czat wideo, czat tekstowy i nieograniczone pomijanie - s\u0105 dost\u0119pne dla ka\u017cdego, bez ukrytych zap\u00f3r ani poziom\u00f3w subskrypcji.<\/p>\n<p>Witryna mo\u017ce zawiera\u0107 lekkie, nieinwazyjne reklamy w celu wsparcia operacji, ale nigdy nie przerywaj\u0105 one korzystania z czatu ani nie ograniczaj\u0105 dost\u0119pu.<\/p>\n<h2>Kto u\u017cywa Lotta?<\/h2>\n<p>Lotta szybko buduje zr\u00f3\u017cnicowan\u0105, globaln\u0105 baz\u0119 u\u017cytkownik\u00f3w, w tym:<\/p>\n<ul>\n<li>Wiek: G\u0142\u00f3wnie 18-35 (wy\u0142\u0105cznie doro\u015bli)<\/li>\n<li>Lokalizacje: U\u017cytkownicy ze Stan\u00f3w Zjednoczonych, Kanady, Wielkiej Brytanii, Niemiec, Indii, Brazylii, Azji Po\u0142udniowo-Wschodniej i nie tylko<\/li>\n<li>Zainteresowania: Flirtowanie, nawi\u0105zywanie znajomo\u015bci, wymiana j\u0119zykowa, swobodna rozmowa, odkrywanie kultury<\/li>\n<\/ul>\n<p>Poniewa\u017c jest nowy, Lotta ma tendencj\u0119 do przyci\u0105gania zaawansowanych technologicznie u\u017cytkownik\u00f3w, student\u00f3w i tych, kt\u00f3rzy t\u0119skni\u0105 za nieskryptowan\u0105 energi\u0105 klasycznego Omegle. Podzia\u0142 na p\u0142e\u0107 jest podobny do innych <a href=\"https:\/\/strangercam.com\/pl\/bazoocam\/\">krzywka<\/a> czat\u00f3w, z wi\u0119ksz\u0105 liczb\u0105 u\u017cytkownik\u00f3w p\u0142ci m\u0119skiej ni\u017c \u017ce\u0144skiej, ale udzia\u0142 kobiet ro\u015bnie wraz ze wzrostem popularno\u015bci i reputacji serwisu.<\/p>\n<h2>Bezpiecze\u0144stwo, prywatno\u015b\u0107 i moderacja<\/h2>\n<p>Lotta zdaje sobie spraw\u0119, \u017ce anonimowo\u015b\u0107 niesie ze sob\u0105 zar\u00f3wno wolno\u015b\u0107, jak i ryzyko. Platforma przyjmuje proaktywne podej\u015bcie do bezpiecze\u0144stwa i prywatno\u015bci u\u017cytkownik\u00f3w:<\/p>\n<h3>Prywatno\u015b\u0107<\/h3>\n<ul>\n<li>Nie wymaga rejestracji ani podawania danych osobowych<\/li>\n<li>Czaty nie s\u0105 nagrywane ani przechowywane<\/li>\n<li>Przez ca\u0142y czas kontrolujesz swoj\u0105 kamer\u0119 internetow\u0105\/mikrofon<\/li>\n<li>Brak udost\u0119pniania IP partnerom czatu<\/li>\n<\/ul>\n<h3>Moderacja<\/h3>\n<ul>\n<li>Przycisk zg\u0142aszania na czacie: Natychmiastowe oznaczanie niew\u0142a\u015bciwego lub obra\u017aliwego zachowania.<\/li>\n<li>Filtrowanie tre\u015bci oparte na sztucznej inteligencji: Wykrywa i blokuje okre\u015blone naruszenia w czasie rzeczywistym.<\/li>\n<li>Moderatorzy: Przegl\u0105daj\u0105 raporty i egzekwuj\u0105 zasady platformy<\/li>\n<\/ul>\n<h3>Najlepsze praktyki<\/h3>\n<ul>\n<li>Nigdy nie udost\u0119pniaj danych osobowych na czacie<\/li>\n<li>U\u017cyj przycisk\u00f3w \"Dalej\" i \"Zg\u0142o\u015b\", gdy poczujesz si\u0119 niekomfortowo.<\/li>\n<li>Pami\u0119taj, \u017ce wszystkie interakcje odbywaj\u0105 si\u0119 z nieznajomymi; zachowaj zwyk\u0142\u0105 ostro\u017cno\u015b\u0107 w Internecie<\/li>\n<\/ul>\n<h2>Do\u015bwiadczenie u\u017cytkownika i projektowanie<\/h2>\n<p>Interfejs u\u017cytkownika Lotta jest jedn\u0105 z jego najlepszych cech. Jest nowoczesny, minimalistyczny i nie rozprasza uwagi:<\/p>\n<ul>\n<li>Strona g\u0142\u00f3wna przedstawia pogrubiony przycisk \"Rozpocznij czat\" z jasnymi informacjami o prywatno\u015bci i zasadami<\/li>\n<li>W ci\u0105gu kilku sekund jeste\u015b dopasowany i rozmawiasz na \u017cywo<\/li>\n<li>Okna wideo s\u0105 du\u017ce, z p\u0142ynnym sterowaniem wyciszaniem, pomijaniem i raportowaniem<\/li>\n<li>Interfejs mobilny jest tak samo przejrzysty i u\u017cyteczny jak wersja desktopowa<\/li>\n<\/ul>\n<p>Lotta unika wyskakuj\u0105cych okienek, nadmiernych reklam i monit\u00f3w o rejestracj\u0119, dzi\u0119ki czemu czat za ka\u017cdym razem jest p\u0142ynny i przyjemny.<\/p>\n<h2>Lotta vs inne platformy losowych czat\u00f3w wideo<\/h2>\n<p>Jak wypada por\u00f3wnanie Lotta z alternatywami Omegle w 2025 roku?<\/p>\n<table>\n<thead>\n<tr>\n<th>Cecha<\/th>\n<th>Lotta<\/th>\n<th>Omegle (zamkni\u0119ty)<\/th>\n<th>Ohmegle<\/th>\n<th><a href=\"https:\/\/strangercam.com\/pl\/ometv\/\">OmeTV<\/a><\/th>\n<th>Chaty<\/th>\n<th>ChitChatTV<\/th>\n<\/tr>\n<\/thead>\n<tbody>\n<tr>\n<td>Czat wideo<\/td>\n<td>Tak<\/td>\n<td>Tak<\/td>\n<td>Tak<\/td>\n<td>Tak<\/td>\n<td>Tak<\/td>\n<td>Tak<\/td>\n<\/tr>\n<tr>\n<td>Czat tekstowy<\/td>\n<td>Tak<\/td>\n<td>Tak<\/td>\n<td>Tak<\/td>\n<td>Tak<\/td>\n<td>Tak<\/td>\n<td>Tak<\/td>\n<\/tr>\n<tr>\n<td>Wymagana rejestracja<\/td>\n<td>Nie<\/td>\n<td>Nie<\/td>\n<td>Nie<\/td>\n<td>Nie<\/td>\n<td>Nie<\/td>\n<td>Nie<\/td>\n<\/tr>\n<tr>\n<td>Wsparcie mobilne<\/td>\n<td>Doskona\u0142y<\/td>\n<td>S\u0142aby<\/td>\n<td>Doskona\u0142y<\/td>\n<td>Dobry<\/td>\n<td>Doskona\u0142y<\/td>\n<td>Doskona\u0142y<\/td>\n<\/tr>\n<tr>\n<td>Filtr p\u0142ci\/regionu<\/td>\n<td>Nie<\/td>\n<td>Nie<\/td>\n<td>Nie<\/td>\n<td>P\u0142atne<\/td>\n<td>Nie<\/td>\n<td>Nie<\/td>\n<\/tr>\n<tr>\n<td>Moderacja\/sprawozdawczo\u015b\u0107<\/td>\n<td>Dobry<\/td>\n<td>S\u0142aby<\/td>\n<td>Umiarkowany<\/td>\n<td>Silny<\/td>\n<td>Umiarkowany<\/td>\n<td>Dobry<\/td>\n<\/tr>\n<tr>\n<td>Bezp\u0142atne u\u017cytkowanie<\/td>\n<td>Tak<\/td>\n<td>Tak<\/td>\n<td>Tak<\/td>\n<td>Tak\/P\u0142atne<\/td>\n<td>Tak<\/td>\n<td>Tak<\/td>\n<\/tr>\n<\/tbody>\n<\/table>\n<p>Podsumowanie: Lotta rywalizuje z Ohmegle, Chaty i ChitChatTV pod wzgl\u0119dem szybko\u015bci i \u0142atwo\u015bci u\u017cytkowania, ale wyr\u00f3\u017cnia si\u0119 \u015bwie\u017cym wygl\u0105dem i p\u0142ynno\u015bci\u0105 dzia\u0142ania, szczeg\u00f3lnie dla nowych u\u017cytkownik\u00f3w i os\u00f3b korzystaj\u0105cych z urz\u0105dze\u0144 mobilnych.<\/p>\n<h2>Plusy i minusy<\/h2>\n<p>Plusy:<\/p>\n<ul>\n<li>100% darmowy, natychmiastowy dost\u0119p - nie wymaga rejestracji<\/li>\n<li>W pe\u0142ni anonimowy i prywatny<\/li>\n<li>Szybkie, stabilne po\u0142\u0105czenia wideo i czat tekstowy<\/li>\n<li>Elegancki, nowoczesny i zoptymalizowany pod k\u0105tem urz\u0105dze\u0144 mobilnych interfejs<\/li>\n<li>Solidne narz\u0119dzia do raportowania i moderacji<\/li>\n<li>\u015awietny do swobodnych, nieskryptowanych rozm\u00f3w na ca\u0142ym \u015bwiecie<\/li>\n<\/ul>\n<p>Wady:<\/p>\n<ul>\n<li>Brak filtr\u00f3w p\u0142ci lub lokalizacji (dopasowania s\u0105 losowe)<\/li>\n<li>Sporadyczne nara\u017cenie na nieodpowiednie zachowanie (pomimo umiaru)<\/li>\n<li>Brak profili u\u017cytkownik\u00f3w, list znajomych lub mo\u017cliwo\u015bci ponownego po\u0142\u0105czenia.<\/li>\n<li>Wi\u0119cej u\u017cytkownik\u00f3w p\u0142ci m\u0119skiej ni\u017c \u017ce\u0144skiej (powszechne w tej niszy)<\/li>\n<li>Platforma wci\u0105\u017c powi\u0119ksza swoj\u0105 baz\u0119 u\u017cytkownik\u00f3w w por\u00f3wnaniu do starszych gigant\u00f3w<\/li>\n<\/ul>\n<h2>Idealne przypadki u\u017cycia<\/h2>\n<p>Lotta jest idealny dla:<\/p>\n<p>Fani Omegle, <a href=\"https:\/\/strangercam.com\/pl\/chatroulette\/\">Chatroulette<\/a>, lub Ohmegle szukaj\u0105cy nowej platformy<\/p>\n<p>U\u017cytkownicy, kt\u00f3rzy chc\u0105 szybkiego, anonimowego czatu wideo bez rejestracji.<\/p>\n<p>Osoby ucz\u0105ce si\u0119 j\u0119zyk\u00f3w, ekspaci i podr\u00f3\u017cnicy pragn\u0105cy globalnych rozm\u00f3w<\/p>\n<p>Osoby szukaj\u0105ce spontanicznych spotka\u0144 towarzyskich, zabawy lub pogromcy nudy<\/p>\n<p>Jest mniej idealny dla:<\/p>\n<ul>\n<li>Ci, kt\u00f3rzy szukaj\u0105 funkcji randkowych lub filtr\u00f3w u\u017cytkownika<\/li>\n<li>U\u017cytkownicy poni\u017cej 18 roku \u017cycia (\u015bcis\u0142y wym\u00f3g wieku)<\/li>\n<li>Osoby chc\u0105ce ponownie nawi\u0105za\u0107 kontakt z konkretnymi u\u017cytkownikami lub zbudowa\u0107 d\u0142ugoterminowe czaty.<\/li>\n<\/ul>\n<p>Lotta to jeden z najlepszych nowych czat\u00f3w wideo w stylu Omegle w 2025 roku, zapewniaj\u0105cy natychmiastowe, anonimowe po\u0142\u0105czenia z nieznajomymi w nowoczesnym, przyjaznym dla u\u017cytkownika pakiecie. Brak rejestracji, szybkie dopasowywanie i silny nacisk na prywatno\u015b\u0107 i bezpiecze\u0144stwo sprawiaj\u0105, \u017ce jest to godny nast\u0119pca klasycznego losowego czatu wideo.<\/p>\n<p>Je\u015bli chcesz pozna\u0107 nowych ludzi, zaprzyja\u017ani\u0107 si\u0119, poflirtowa\u0107 lub po prostu porozmawia\u0107 w czasie rzeczywistym z kim\u015b z ca\u0142ego \u015bwiata - MTP154T jest absolutnie warty wypr\u00f3bowania. Jego \u015bwie\u017cy wygl\u0105d, niezawodna wydajno\u015b\u0107 i przyst\u0119pne funkcje sprawiaj\u0105, \u017ce jest to najlepszy wyb\u00f3r dla nowej generacji przypadkowych czatownik\u00f3w.<\/p>","protected":false},"excerpt":{"rendered":"<p>As classic random video chat platforms like Omegle fade from the spotlight, a new wave of sites is stepping up to offer users the same spontaneous, anonymous experience\u2014with a modern twist. Lotta is one of the newest and fastest-growing alternatives in 2025, combining the core excitement of random cam-to-cam chat with improved speed, security, and [&hellip;]<\/p>\n","protected":false},"author":6,"featured_media":0,"parent":0,"menu_order":0,"comment_status":"closed","ping_status":"closed","template":"","meta":{"footnotes":""},"class_list":["post-12944","page","type-page","status-publish","hentry"],"yoast_head":"<!-- This site is optimized with the Yoast SEO plugin v27.4 - https:\/\/yoast.com\/product\/yoast-seo-wordpress\/ -->\n<title>Lotta - Meet Strangers &amp; Video Chat Online - StrangerCam<\/title>\n<meta name=\"description\" content=\"Like Lotta? Come chat with more than 5.000.000 strangers on Stranger Cam for Free! Turn on your cam and find new friends &amp; maby a match!\" \/>\n<meta name=\"robots\" content=\"index, follow, max-snippet:-1, max-image-preview:large, max-video-preview:-1\" \/>\n<link rel=\"canonical\" href=\"https:\/\/strangercam.com\/pl\/lotta\/\" \/>\n<meta property=\"og:locale\" content=\"pl_PL\" \/>\n<meta property=\"og:type\" content=\"article\" \/>\n<meta property=\"og:title\" content=\"Lotta - Meet Strangers &amp; Video Chat Online - StrangerCam\" \/>\n<meta property=\"og:description\" content=\"Like Lotta? Come chat with more than 5.000.000 strangers on Stranger Cam for Free! Turn on your cam and find new friends &amp; maby a match!\" \/>\n<meta property=\"og:url\" content=\"https:\/\/strangercam.com\/pl\/lotta\/\" \/>\n<meta property=\"og:site_name\" content=\"Strangercam\" \/>\n<meta property=\"article:publisher\" content=\"https:\/\/www.facebook.com\/strangercam\" \/>\n<meta property=\"og:image\" content=\"https:\/\/strangercam.com\/wp-content\/uploads\/2021\/10\/Untitled-2.png\" \/>\n\t<meta property=\"og:image:width\" content=\"800\" \/>\n\t<meta property=\"og:image:height\" content=\"532\" \/>\n\t<meta property=\"og:image:type\" content=\"image\/png\" \/>\n<meta name=\"twitter:card\" content=\"summary_large_image\" \/>\n<meta name=\"twitter:site\" content=\"@strangercamapp\" \/>\n<meta name=\"twitter:label1\" content=\"Szacowany czas czytania\" \/>\n\t<meta name=\"twitter:data1\" content=\"6 minut\" \/>\n<script type=\"application\/ld+json\" class=\"yoast-schema-graph\">{\"@context\":\"https:\\\/\\\/schema.org\",\"@graph\":[{\"@type\":\"WebPage\",\"@id\":\"https:\\\/\\\/strangercam.com\\\/lotta\\\/\",\"url\":\"https:\\\/\\\/strangercam.com\\\/lotta\\\/\",\"name\":\"Lotta - Meet Strangers & Video Chat Online - StrangerCam\",\"isPartOf\":{\"@id\":\"https:\\\/\\\/strangercam.com\\\/#website\"},\"datePublished\":\"2025-07-28T09:56:56+00:00\",\"description\":\"Like Lotta? Come chat with more than 5.000.000 strangers on Stranger Cam for Free! Turn on your cam and find new friends & maby a match!\",\"breadcrumb\":{\"@id\":\"https:\\\/\\\/strangercam.com\\\/lotta\\\/#breadcrumb\"},\"inLanguage\":\"pl-PL\",\"potentialAction\":[{\"@type\":\"ReadAction\",\"target\":[\"https:\\\/\\\/strangercam.com\\\/lotta\\\/\"]}]},{\"@type\":\"BreadcrumbList\",\"@id\":\"https:\\\/\\\/strangercam.com\\\/lotta\\\/#breadcrumb\",\"itemListElement\":[{\"@type\":\"ListItem\",\"position\":1,\"name\":\"Home\",\"item\":\"https:\\\/\\\/strangercam.com\\\/\"},{\"@type\":\"ListItem\",\"position\":2,\"name\":\"Lotta\"}]},{\"@type\":\"WebSite\",\"@id\":\"https:\\\/\\\/strangercam.com\\\/#website\",\"url\":\"https:\\\/\\\/strangercam.com\\\/\",\"name\":\"Strangercam\",\"description\":\"Random Video Chat with Strangers\",\"publisher\":{\"@id\":\"https:\\\/\\\/strangercam.com\\\/#organization\"},\"alternateName\":\"Strangercam.com\",\"potentialAction\":[{\"@type\":\"SearchAction\",\"target\":{\"@type\":\"EntryPoint\",\"urlTemplate\":\"https:\\\/\\\/strangercam.com\\\/?s={search_term_string}\"},\"query-input\":{\"@type\":\"PropertyValueSpecification\",\"valueRequired\":true,\"valueName\":\"search_term_string\"}}],\"inLanguage\":\"pl-PL\"},{\"@type\":\"Organization\",\"@id\":\"https:\\\/\\\/strangercam.com\\\/#organization\",\"name\":\"Strangercam\",\"alternateName\":\"Strangercam.com\",\"url\":\"https:\\\/\\\/strangercam.com\\\/\",\"logo\":{\"@type\":\"ImageObject\",\"inLanguage\":\"pl-PL\",\"@id\":\"https:\\\/\\\/strangercam.com\\\/#\\\/schema\\\/logo\\\/image\\\/\",\"url\":\"https:\\\/\\\/strangercam.com\\\/wp-content\\\/uploads\\\/2020\\\/11\\\/cropped-new-favicon-black.png\",\"contentUrl\":\"https:\\\/\\\/strangercam.com\\\/wp-content\\\/uploads\\\/2020\\\/11\\\/cropped-new-favicon-black.png\",\"width\":512,\"height\":512,\"caption\":\"Strangercam\"},\"image\":{\"@id\":\"https:\\\/\\\/strangercam.com\\\/#\\\/schema\\\/logo\\\/image\\\/\"},\"sameAs\":[\"https:\\\/\\\/www.facebook.com\\\/strangercam\",\"https:\\\/\\\/x.com\\\/strangercamapp\"]}]}<\/script>\n<!-- \/ Yoast SEO plugin. -->","yoast_head_json":{"title":"Lotta - Poznaj nieznajomych i czat wideo online - StrangerCam","description":"Jak Lotta? Przyjd\u017a na czat z ponad 5.000.000 nieznajomych na Stranger Cam za darmo! W\u0142\u0105cz kamer\u0119 i znajd\u017a nowych przyjaci\u00f3\u0142 i mo\u017ce mecz!","robots":{"index":"index","follow":"follow","max-snippet":"max-snippet:-1","max-image-preview":"max-image-preview:large","max-video-preview":"max-video-preview:-1"},"canonical":"https:\/\/strangercam.com\/pl\/lotta\/","og_locale":"pl_PL","og_type":"article","og_title":"Lotta - Meet Strangers & Video Chat Online - StrangerCam","og_description":"Like Lotta? Come chat with more than 5.000.000 strangers on Stranger Cam for Free! Turn on your cam and find new friends & maby a match!","og_url":"https:\/\/strangercam.com\/pl\/lotta\/","og_site_name":"Strangercam","article_publisher":"https:\/\/www.facebook.com\/strangercam","og_image":[{"width":800,"height":532,"url":"https:\/\/strangercam.com\/wp-content\/uploads\/2021\/10\/Untitled-2.png","type":"image\/png"}],"twitter_card":"summary_large_image","twitter_site":"@strangercamapp","twitter_misc":{"Szacowany czas czytania":"6 minut"},"schema":{"@context":"https:\/\/schema.org","@graph":[{"@type":"WebPage","@id":"https:\/\/strangercam.com\/lotta\/","url":"https:\/\/strangercam.com\/lotta\/","name":"Lotta - Poznaj nieznajomych i czat wideo online - StrangerCam","isPartOf":{"@id":"https:\/\/strangercam.com\/#website"},"datePublished":"2025-07-28T09:56:56+00:00","description":"Jak Lotta? Przyjd\u017a na czat z ponad 5.000.000 nieznajomych na Stranger Cam za darmo! W\u0142\u0105cz kamer\u0119 i znajd\u017a nowych przyjaci\u00f3\u0142 i mo\u017ce mecz!","breadcrumb":{"@id":"https:\/\/strangercam.com\/lotta\/#breadcrumb"},"inLanguage":"pl-PL","potentialAction":[{"@type":"ReadAction","target":["https:\/\/strangercam.com\/lotta\/"]}]},{"@type":"BreadcrumbList","@id":"https:\/\/strangercam.com\/lotta\/#breadcrumb","itemListElement":[{"@type":"ListItem","position":1,"name":"Home","item":"https:\/\/strangercam.com\/"},{"@type":"ListItem","position":2,"name":"Lotta"}]},{"@type":"WebSite","@id":"https:\/\/strangercam.com\/#website","url":"https:\/\/strangercam.com\/","name":"Strangercam","description":"Losowy czat wideo z nieznajomymi","publisher":{"@id":"https:\/\/strangercam.com\/#organization"},"alternateName":"Strangercam.com","potentialAction":[{"@type":"SearchAction","target":{"@type":"EntryPoint","urlTemplate":"https:\/\/strangercam.com\/?s={search_term_string}"},"query-input":{"@type":"PropertyValueSpecification","valueRequired":true,"valueName":"search_term_string"}}],"inLanguage":"pl-PL"},{"@type":"Organization","@id":"https:\/\/strangercam.com\/#organization","name":"Strangercam","alternateName":"Strangercam.com","url":"https:\/\/strangercam.com\/","logo":{"@type":"ImageObject","inLanguage":"pl-PL","@id":"https:\/\/strangercam.com\/#\/schema\/logo\/image\/","url":"https:\/\/strangercam.com\/wp-content\/uploads\/2020\/11\/cropped-new-favicon-black.png","contentUrl":"https:\/\/strangercam.com\/wp-content\/uploads\/2020\/11\/cropped-new-favicon-black.png","width":512,"height":512,"caption":"Strangercam"},"image":{"@id":"https:\/\/strangercam.com\/#\/schema\/logo\/image\/"},"sameAs":["https:\/\/www.facebook.com\/strangercam","https:\/\/x.com\/strangercamapp"]}]}},"_links":{"self":[{"href":"https:\/\/strangercam.com\/pl\/wp-json\/wp\/v2\/pages\/12944","targetHints":{"allow":["GET"]}}],"collection":[{"href":"https:\/\/strangercam.com\/pl\/wp-json\/wp\/v2\/pages"}],"about":[{"href":"https:\/\/strangercam.com\/pl\/wp-json\/wp\/v2\/types\/page"}],"author":[{"embeddable":true,"href":"https:\/\/strangercam.com\/pl\/wp-json\/wp\/v2\/users\/6"}],"replies":[{"embeddable":true,"href":"https:\/\/strangercam.com\/pl\/wp-json\/wp\/v2\/comments?post=12944"}],"version-history":[{"count":1,"href":"https:\/\/strangercam.com\/pl\/wp-json\/wp\/v2\/pages\/12944\/revisions"}],"predecessor-version":[{"id":12945,"href":"https:\/\/strangercam.com\/pl\/wp-json\/wp\/v2\/pages\/12944\/revisions\/12945"}],"wp:attachment":[{"href":"https:\/\/strangercam.com\/pl\/wp-json\/wp\/v2\/media?parent=12944"}],"curies":[{"name":"wp","href":"https:\/\/api.w.org\/{rel}","templated":true}]}}