{"id":12942,"date":"2025-07-28T11:02:46","date_gmt":"2025-07-28T09:02:46","guid":{"rendered":"https:\/\/strangercam.com\/?page_id=12942"},"modified":"2025-07-28T11:02:46","modified_gmt":"2025-07-28T09:02:46","slug":"chatiwi","status":"publish","type":"page","link":"https:\/\/strangercam.com\/pl\/chatiwi\/","title":{"rendered":"Chatiwi"},"content":{"rendered":"<p>\u015awiat online <a href=\"https:\/\/strangercam.com\/pl\/chatroulette\/\">czat<\/a> Pokoje szybko ewoluowa\u0142y, ale zapotrzebowanie na proste, natychmiastowe i anonimowe platformy spo\u0142eczno\u015bciowe jest silniejsze ni\u017c kiedykolwiek. Podczas gdy starsze strony, takie jak <a href=\"https:\/\/strangercam.com\/pl\/chatiw\/\">Chatiw<\/a> oraz <a href=\"https:\/\/strangercam.com\/pl\/chatib\/\">Chatib<\/a> Aby nad\u0105\u017cy\u0107 za oczekiwaniami wsp\u00f3\u0142czesnych u\u017cytkownik\u00f3w, Chatiwi wkracza jako nowa alternatywa - oferuj\u0105c klasyczne pokoje rozm\u00f3w na \u017cywo, prywatne wiadomo\u015bci i przyjazn\u0105, globaln\u0105 spo\u0142eczno\u015b\u0107 w jednej bezp\u0142atnej, \u0142atwo dost\u0119pnej platformie.<\/p>\n<p>Jak wi\u0119c Chatiwi wypada na tle gigant\u00f3w, kt\u00f3rzy go zainspirowali? Czy jest naprawd\u0119 darmowy, bezpieczny i przyjazny dla u\u017cytkownika? W tej szczeg\u00f3\u0142owej recenzji zbadamy, co oferuje Chatiwi, kto z niego korzysta i jak wypada na tle innych wiod\u0105cych platform czatowych w 2025 roku.<\/p>\n<h2>Co to jest Chatiwi?<\/h2>\n<p>Chatiwi to nowoczesna, oparta na przegl\u0105darce witryna z pokojami rozm\u00f3w, zainspirowana prostot\u0105 i dost\u0119pno\u015bci\u0105 klasycznych platform, takich jak Chatiw i Chatib. Jego podstawow\u0105 obietnic\u0105 jest natychmiastowe \u0142\u0105czenie ludzi z ca\u0142ego \u015bwiata - nie wymaga rejestracji ani pobierania. Niezale\u017cnie od tego, czy jeste\u015b zainteresowany publicznymi pokojami rozm\u00f3w, czy prywatnymi rozmowami jeden na jeden, Chatiwi pozwala ci wzi\u0105\u0107 udzia\u0142 w akcji za pomoc\u0105 jednego klikni\u0119cia i pseudonimu.<\/p>\n<p>Dzi\u0119ki naciskowi na przejrzysty wygl\u0105d, responsywn\u0105 kompatybilno\u015b\u0107 z urz\u0105dzeniami mobilnymi i bezpieczne \u015brodowisko czatu, Chatiwi szybko staje si\u0119 ulubie\u0144cem u\u017cytkownik\u00f3w szukaj\u0105cych prawdziwych rozm\u00f3w i nowych znajomych online.<\/p>\n<h2>Jaki jest cel Chatiwi?<\/h2>\n<p>Misj\u0105 Chatiwi jest uczynienie spotka\u0144 towarzyskich online przyjemnymi, szybkimi i naprawd\u0119 dost\u0119pnymi dla wszystkich. W przeciwie\u0144stwie do aplikacji, kt\u00f3re wymagaj\u0105 rozbudowanej rejestracji, tworzenia profilu lub instalacji aplikacji, Chatiwi sprowadza wszystko do podstaw - \u0142\u0105czenia prawdziwych ludzi na czacie na \u017cywo na tematy, na kt\u00f3rych im zale\u017cy.<\/p>\n<p>Kluczowe cele obejmuj\u0105:<\/p>\n<ul>\n<li>Udost\u0119pnianie otwartych, tematycznych czat\u00f3w do dyskusji grupowych<\/li>\n<li>Umo\u017cliwienie p\u0142ynnych prywatnych czat\u00f3w dla bardziej osobistych kontakt\u00f3w<\/li>\n<li>Tworzenie przyjaznego \u015brodowiska dla ludzi z r\u00f3\u017cnych \u015brodowisk, w r\u00f3\u017cnym wieku i o r\u00f3\u017cnych zainteresowaniach.<\/li>\n<li>Zapewnienie, \u017ce ka\u017cdy mo\u017ce natychmiast do\u0142\u0105czy\u0107 do rozmowy, bez barier.<\/li>\n<\/ul>\n<p>Niezale\u017cnie od tego, czy chcesz porozmawia\u0107 o muzyce, hobby, wydarzeniach na \u015bwiecie, czy po prostu przywita\u0107 si\u0119 z kim\u015b nowym, Chatiwi oferuje elastyczn\u0105 przestrze\u0144 do tego.<\/p>\n<h2>Kluczowe cechy<\/h2>\n<p>1. Publiczne pokoje rozm\u00f3w na \u017cywo<br \/>\nG\u0142\u00f3wn\u0105 atrakcj\u0105 Chatiwi jest r\u00f3\u017cnorodno\u015b\u0107 otwartych, tematycznych pokoj\u00f3w rozm\u00f3w. Od \u201cCzatu og\u00f3lnego\u201d po pokoje o specjalnych zainteresowaniach, u\u017cytkownicy mog\u0105 do\u0142\u0105czy\u0107 do dowolnej dyskusji za pomoc\u0105 jednego klikni\u0119cia, rozmawia\u0107 w czasie rzeczywistym i <a href=\"https:\/\/strangercam.com\/pl\/coomeet\/\">spotkanie<\/a> ludzi z ca\u0142ego \u015bwiata.<\/p>\n<p>2. Prywatny czat jeden na jednego<br \/>\nChcesz prowadzi\u0107 bardziej osobiste rozmowy? Chatiwi pozwala u\u017cytkownikom przej\u015b\u0107 z publicznych pokoj\u00f3w do prywatnych wiadomo\u015bci, umo\u017cliwiaj\u0105c g\u0142\u0119bsze kontakty, przyjazne porady lub poufne dyskusje.<\/p>\n<p>3. Rejestracja nie jest wymagana<br \/>\nPodobnie jak najlepsze oldskulowe serwisy czatowe, Chatiwi umo\u017cliwia natychmiastowe rozpocz\u0119cie czatowania. Wystarczy wybra\u0107 pseudonim - nie jest wymagany adres e-mail, numer telefonu ani media spo\u0142eczno\u015bciowe.<\/p>\n<p>4. Przyjazny dla wielu urz\u0105dze\u0144 i urz\u0105dze\u0144 mobilnych<br \/>\nChatiwi jest w pe\u0142ni responsywny i dzia\u0142a p\u0142ynnie zar\u00f3wno w przegl\u0105darkach stacjonarnych, jak i mobilnych, dzi\u0119ki czemu idealnie nadaje si\u0119 do czatowania w podr\u00f3\u017cy.<\/p>\n<p>5. Prosty, nowoczesny interfejs<br \/>\nPrzejrzysty wygl\u0105d strony ogranicza rozpraszanie uwagi do minimum. Komunikaty s\u0105 jasne, pokoje \u0142atwe w nawigacji, a niezb\u0119dne elementy steruj\u0105ce (wyciszanie, blokowanie, zg\u0142aszanie) s\u0105 zawsze pod r\u0119k\u0105.<\/p>\n<p>6. Narz\u0119dzia bezpiecze\u0144stwa i moderacji u\u017cytkownik\u00f3w<br \/>\nChatiwi wykorzystuje po\u0142\u0105czenie moderator\u00f3w na \u017cywo i funkcji raportowania w pokoju, aby pom\u00f3c w utrzymaniu bezpiecznego i pe\u0142nego szacunku \u015brodowiska.<\/p>\n<p>7. Szeroki zakres temat\u00f3w<br \/>\nOd regionalnych czat\u00f3w po specjalne grupy zainteresowa\u0144 - ka\u017cdy znajdzie tu miejsce dla siebie, niezale\u017cnie od tego, czy chce porozmawia\u0107 o muzyce, sporcie, \u017cyciu, czy po prostu sp\u0119dzi\u0107 czas.<\/p>\n<h2>Czy Chatiwi jest darmowy?<\/h2>\n<p>Chatiwi jest 100% darmowy w u\u017cyciu. Nie ma \u017cadnych ukrytych op\u0142at, subskrypcji ani zap\u00f3r. Wszystkie funkcje - pokoje publiczne, prywatne wiadomo\u015bci i narz\u0119dzia moderacyjne - s\u0105 dost\u0119pne dla ka\u017cdego.<\/p>\n<p>Platforma mo\u017ce wy\u015bwietla\u0107 lekkie, nieinwazyjne reklamy w celu wsparcia witryny, ale nigdy nie zak\u0142\u00f3caj\u0105 one korzystania z czatu.<\/p>\n<h2>Kto u\u017cywa Chatiwi?<\/h2>\n<p>Chatiwi przyci\u0105ga globaln\u0105, zr\u00f3\u017cnicowan\u0105 baz\u0119 u\u017cytkownik\u00f3w, podobnie jak Chatiw i Chatib. Typowi u\u017cytkownicy obejmuj\u0105:<\/p>\n<ul>\n<li>Doro\u015bli w wieku 18-40 lat, cho\u0107 w\u015br\u00f3d uczestnik\u00f3w s\u0105 zar\u00f3wno osoby starsze, jak i m\u0142odsze.<\/li>\n<li>Ludzie z Ameryki P\u00f3\u0142nocnej, Europy, Ameryki Po\u0142udniowej, Indii i Bliskiego Wschodu<\/li>\n<li>Studenci, profesjonali\u015bci, podr\u00f3\u017cnicy, emigranci i ka\u017cdy, kto szuka przyja\u017ani lub swobodnej rozmowy<\/li>\n<\/ul>\n<p>Najcz\u0119stsze powody do\u0142\u0105czenia do Chatiwi:<\/p>\n<ul>\n<li>Nawi\u0105zywanie nowych znajomo\u015bci i poszerzanie kr\u0119gu towarzyskiego<\/li>\n<li>Sp\u0119dzanie czasu, relaks lub ucieczka od codziennego stresu<\/li>\n<li>Omawianie hobby, muzyki, kultury lub wydarze\u0144 na \u015bwiecie<\/li>\n<li>Szukanie porady, dzielenie si\u0119 historiami lub po prostu rozmowa dla zabawy<\/li>\n<\/ul>\n<p>R\u00f3\u017cnorodno\u015b\u0107 pokoj\u00f3w czatu zapewnia, \u017ce ka\u017cdy mo\u017ce znale\u017a\u0107 przestrze\u0144, w kt\u00f3rej czuje si\u0119 komfortowo i jest w\u0142\u0105czony.<\/p>\n<h2>Bezpiecze\u0144stwo, prywatno\u015b\u0107 i moderacja<\/h2>\n<p>Chatiwi k\u0142adzie nacisk na prywatno\u015b\u0107 u\u017cytkownik\u00f3w i bezpieczn\u0105 konwersacj\u0119. Oto, w jaki spos\u00f3b platforma jest bezpieczna i przyjazna dla u\u017cytkownik\u00f3w:<\/p>\n<h3>Prywatno\u015b\u0107<\/h3>\n<ul>\n<li>Nie trzeba tworzy\u0107 konta ani podawa\u0107 danych osobowych<\/li>\n<li>Czaty nie s\u0105 publicznie archiwizowane ani przeszukiwalne.<\/li>\n<li>U\u017cytkownicy wchodz\u0105 w interakcje za po\u015brednictwem wybranych pseudonim\u00f3w<\/li>\n<\/ul>\n<h3>Moderacja<\/h3>\n<ul>\n<li>Moderatorzy na \u017cywo nadzoruj\u0105 pokoje publiczne w godzinach szczytu<\/li>\n<li>Zg\u0142aszanie i blokowanie na czacie umo\u017cliwia u\u017cytkownikom oznaczanie nieodpowiednich zachowa\u0144 lub spamu.<\/li>\n<li>Jasne wytyczne spo\u0142eczno\u015bci przeciwko zastraszaniu, n\u0119kaniu i destrukcyjnemu zachowaniu.<\/li>\n<\/ul>\n<h3>Kontrola u\u017cytkownika<\/h3>\n<ul>\n<li>Natychmiastowe blokowanie lub wyciszanie uci\u0105\u017cliwych u\u017cytkownik\u00f3w<\/li>\n<li>\u0141atwe prze\u0142\u0105czanie pokoi lub zmiana pseudonimu w dowolnym momencie<\/li>\n<li>Przej\u015bcie do prywatnych czat\u00f3w tylko z zaufanymi u\u017cytkownikami<\/li>\n<\/ul>\n<p>Chocia\u017c \u017caden pok\u00f3j czatowy nie mo\u017ce zagwarantowa\u0107 doskona\u0142ych wra\u017ce\u0144, aktywna moderacja Chatiwi i narz\u0119dzia bezpiecze\u0144stwa oparte na u\u017cytkownikach sprawiaj\u0105, \u017ce jest to lepszy wyb\u00f3r ni\u017c wi\u0119kszo\u015b\u0107, je\u015bli chodzi o pe\u0142ne szacunku, przyjazne rozmowy.<\/p>\n<h2>Do\u015bwiadczenie u\u017cytkownika i projektowanie<\/h2>\n<p>Chatiwi zapewnia p\u0142ynn\u0105 i intuicyjn\u0105 obs\u0142ug\u0119 czatu:<\/p>\n<ul>\n<li>Strona g\u0142\u00f3wna oferuje \u0142atwy wyb\u00f3r pokoju i wprowadzanie pseudonimu<\/li>\n<li>Pokoje czatu \u0142aduj\u0105 si\u0119 b\u0142yskawicznie, nawet na urz\u0105dzeniach mobilnych<\/li>\n<li>Dostarczanie wiadomo\u015bci jest szybkie i niezawodne, nawet w godzinach wzmo\u017conego ruchu.<\/li>\n<li>Powiadomienia i zaproszenia do prywatnych czat\u00f3w s\u0105 \u0142atwe w zarz\u0105dzaniu<\/li>\n<li>Elementy steruj\u0105ce blokowaniem, wyciszaniem lub raportowaniem s\u0105 widoczne i \u0142atwe w u\u017cyciu.<\/li>\n<\/ul>\n<p>Chatiwi unika ba\u0142aganu, wyskakuj\u0105cych okienek i myl\u0105cych menu, dzi\u0119ki czemu jest dost\u0119pny dla u\u017cytkownik\u00f3w w ka\u017cdym wieku i z r\u00f3\u017cnych \u015brodowisk technicznych.<\/p>\n<h2>Chatiwi vs inne platformy z pokojami rozm\u00f3w<\/h2>\n<p>Jak Chatiwi wypada na tle swoich poprzednik\u00f3w i konkurent\u00f3w?<\/p>\n<table>\n<thead>\n<tr>\n<th>Cecha<\/th>\n<th>Chatiwi<\/th>\n<th>Chatiw<\/th>\n<th>Chatib<\/th>\n<th>OnlineFreeChat<\/th>\n<th><a href=\"https:\/\/strangercam.com\/pl\/wireclub\/\">Wireclub<\/a><\/th>\n<\/tr>\n<\/thead>\n<tbody>\n<tr>\n<td>Bezp\u0142atny dost\u0119p<\/td>\n<td>Tak<\/td>\n<td>Tak<\/td>\n<td>Tak<\/td>\n<td>Tak<\/td>\n<td>Tak<\/td>\n<\/tr>\n<tr>\n<td>Rejestracja nie jest wymagana<\/td>\n<td>Tak<\/td>\n<td>Tak<\/td>\n<td>Tak<\/td>\n<td>Tak<\/td>\n<td>Nie<\/td>\n<\/tr>\n<tr>\n<td>Tematyczne pokoje rozm\u00f3w<\/td>\n<td>Tak<\/td>\n<td>Tak<\/td>\n<td>Tak<\/td>\n<td>Tak<\/td>\n<td>Tak<\/td>\n<\/tr>\n<tr>\n<td>Prywatne wiadomo\u015bci<\/td>\n<td>Tak<\/td>\n<td>Tak<\/td>\n<td>Tak<\/td>\n<td>Tak<\/td>\n<td>Tak<\/td>\n<\/tr>\n<tr>\n<td>Wsparcie mobilne<\/td>\n<td>Doskona\u0142y<\/td>\n<td>Dobry<\/td>\n<td>Dobry<\/td>\n<td>Doskona\u0142y<\/td>\n<td>Dobry<\/td>\n<\/tr>\n<tr>\n<td>Narz\u0119dzia moderacji<\/td>\n<td>Silny<\/td>\n<td>Umiarkowany<\/td>\n<td>Umiarkowany<\/td>\n<td>Silny<\/td>\n<td>Silny<\/td>\n<\/tr>\n<tr>\n<td>Reklamy<\/td>\n<td>Minimalny<\/td>\n<td>Tak<\/td>\n<td>Tak<\/td>\n<td>Minimalny<\/td>\n<td>Tak<\/td>\n<\/tr>\n<\/tbody>\n<\/table>\n<p>Podsumowanie: Chatiwi dor\u00f3wnuje lub przewy\u017csza swoich rywali w ka\u017cdym wa\u017cnym obszarze - oferuj\u0105c natychmiastowy, bezp\u0142atny dost\u0119p, nowoczesny wygl\u0105d i skuteczn\u0105 moderacj\u0119, z lepsz\u0105 obs\u0142ug\u0105 mobiln\u0105 i bardziej przyjazn\u0105 atmosfer\u0105 spo\u0142eczno\u015bci.<\/p>\n<h2>Plusy i minusy<\/h2>\n<p>Plusy:<\/p>\n<ul>\n<li>100% darmowy i anonimowy czat<\/li>\n<li>Nie jest wymagana rejestracja ani pobieranie<\/li>\n<li>Przyjazna, aktywna globalna baza u\u017cytkownik\u00f3w<\/li>\n<li>Opcje czatu grupowego i prywatnego<\/li>\n<li>Szybki, nowoczesny interfejs z siln\u0105 obs\u0142ug\u0105 urz\u0105dze\u0144 mobilnych<\/li>\n<li>Aktywna moderacja i solidne narz\u0119dzia bezpiecze\u0144stwa<\/li>\n<\/ul>\n<p>Wady:<\/p>\n<ul>\n<li>Brak czatu wideo (tylko tekstowy)<\/li>\n<li>Sporadyczni uci\u0105\u017cliwi u\u017cytkownicy, cho\u0107 zwykle szybko sobie z nimi radz\u0105.<\/li>\n<li>Brak d\u0142ugoterminowych profili lub historii u\u017cytkownik\u00f3w<\/li>\n<li>Popularno\u015b\u0107 pokoi mo\u017ce si\u0119 zmienia\u0107 poza godzinami szczytu.<\/li>\n<\/ul>\n<h2>Idealne przypadki u\u017cycia<\/h2>\n<p>Chatiwi jest idealny dla:<\/p>\n<ul>\n<li>Ka\u017cdy, komu podoba\u0142 si\u0119 klasyczny Chatiw lub Chatib, ale chce bardziej nowoczesnego, przyjaznego dla urz\u0105dze\u0144 mobilnych do\u015bwiadczenia<\/li>\n<li>Osoby szukaj\u0105ce szybkiego, darmowego i \u0142atwego sposobu na czatowanie z nieznajomymi<\/li>\n<li>Ekspaci, podr\u00f3\u017cnicy lub osoby ucz\u0105ce si\u0119 j\u0119zyk\u00f3w, kt\u00f3re chc\u0105 nawi\u0105za\u0107 kontakt na ca\u0142ym \u015bwiecie<\/li>\n<li>U\u017cytkownicy ceni\u0105cy prywatno\u015b\u0107 i prostot\u0119 w kontaktach towarzyskich online<\/li>\n<\/ul>\n<p>Mniej idealny dla:<\/p>\n<ul>\n<li>Osoby poszukuj\u0105ce platform do czat\u00f3w wideo<\/li>\n<li>U\u017cytkownicy poni\u017cej 18 roku \u017cycia (platforma jest przeznaczona wy\u0142\u0105cznie dla doros\u0142ych)<\/li>\n<li>Osoby szukaj\u0105ce zaawansowanych funkcji dopasowywania lub randkowania<\/li>\n<\/ul>\n<p>Chatiwi to najwy\u017cszej klasy alternatywa dla Chatiw i Chatib, oferuj\u0105ca to, co najlepsze w klasycznych czatach online w nowoczesnym wydaniu. Szybki, darmowy, anonimowy i przystosowany do urz\u0105dze\u0144 mobilnych, jest to jeden z naj\u0142atwiejszych sposob\u00f3w na poznanie nowych ludzi, nawi\u0105zanie przyja\u017ani lub cieszenie si\u0119 o\u017cywionym czatem grupowym w 2025 roku.<\/p>\n<p>Dzi\u0119ki skutecznej moderacji, przyjaznemu dla u\u017cytkownika projektowi i przyjaznej globalnej spo\u0142eczno\u015bci, Chatiwi zapewnia dok\u0142adnie to, czego u\u017cytkownicy oczekuj\u0105 od platformy czatu - spontaniczn\u0105, autentyczn\u0105 i bezpieczn\u0105 rozmow\u0119, zawsze i wsz\u0119dzie.<\/p>\n<p>Je\u015bli szukasz prostego, dost\u0119pnego pokoju czatowego, do kt\u00f3rego mo\u017cesz do\u0142\u0105czy\u0107 ju\u017c dzi\u015b, Chatiwi jest absolutnie warty wypr\u00f3bowania.<\/p>","protected":false},"excerpt":{"rendered":"<p>The world of online chat rooms has evolved rapidly, but the demand for simple, instant, and anonymous social platforms is stronger than ever. As older sites like Chatiw and Chatib struggle to keep up with modern user expectations, Chatiwi steps in as a new alternative\u2014offering classic live chat rooms, private messaging, and a friendly, global [&hellip;]<\/p>\n","protected":false},"author":6,"featured_media":0,"parent":0,"menu_order":0,"comment_status":"closed","ping_status":"closed","template":"","meta":{"footnotes":""},"class_list":["post-12942","page","type-page","status-publish","hentry"],"yoast_head":"<!-- This site is optimized with the Yoast SEO plugin v27.4 - https:\/\/yoast.com\/product\/yoast-seo-wordpress\/ -->\n<title>Chatiwi - Your Anonymous Encrypted Chat - StrangerCam<\/title>\n<meta name=\"description\" content=\"Like Chatiwi? Come chat with more than 5.000.000 strangers on Stranger Cam for Free! Turn on your cam and find new friends &amp; maby a match!\" \/>\n<meta name=\"robots\" content=\"index, follow, max-snippet:-1, max-image-preview:large, max-video-preview:-1\" \/>\n<link rel=\"canonical\" href=\"https:\/\/strangercam.com\/pl\/chatiwi\/\" \/>\n<meta property=\"og:locale\" content=\"pl_PL\" \/>\n<meta property=\"og:type\" content=\"article\" \/>\n<meta property=\"og:title\" content=\"Chatiwi - Your Anonymous Encrypted Chat - StrangerCam\" \/>\n<meta property=\"og:description\" content=\"Like Chatiwi? Come chat with more than 5.000.000 strangers on Stranger Cam for Free! Turn on your cam and find new friends &amp; maby a match!\" \/>\n<meta property=\"og:url\" content=\"https:\/\/strangercam.com\/pl\/chatiwi\/\" \/>\n<meta property=\"og:site_name\" content=\"Strangercam\" \/>\n<meta property=\"article:publisher\" content=\"https:\/\/www.facebook.com\/strangercam\" \/>\n<meta property=\"og:image\" content=\"https:\/\/strangercam.com\/wp-content\/uploads\/2021\/10\/Untitled-2.png\" \/>\n\t<meta property=\"og:image:width\" content=\"800\" \/>\n\t<meta property=\"og:image:height\" content=\"532\" \/>\n\t<meta property=\"og:image:type\" content=\"image\/png\" \/>\n<meta name=\"twitter:card\" content=\"summary_large_image\" \/>\n<meta name=\"twitter:site\" content=\"@strangercamapp\" \/>\n<meta name=\"twitter:label1\" content=\"Szacowany czas czytania\" \/>\n\t<meta name=\"twitter:data1\" content=\"6 minut\" \/>\n<script type=\"application\/ld+json\" class=\"yoast-schema-graph\">{\"@context\":\"https:\\\/\\\/schema.org\",\"@graph\":[{\"@type\":\"WebPage\",\"@id\":\"https:\\\/\\\/strangercam.com\\\/chatiwi\\\/\",\"url\":\"https:\\\/\\\/strangercam.com\\\/chatiwi\\\/\",\"name\":\"Chatiwi - Your Anonymous Encrypted Chat - StrangerCam\",\"isPartOf\":{\"@id\":\"https:\\\/\\\/strangercam.com\\\/#website\"},\"datePublished\":\"2025-07-28T09:02:46+00:00\",\"description\":\"Like Chatiwi? Come chat with more than 5.000.000 strangers on Stranger Cam for Free! Turn on your cam and find new friends & maby a match!\",\"breadcrumb\":{\"@id\":\"https:\\\/\\\/strangercam.com\\\/chatiwi\\\/#breadcrumb\"},\"inLanguage\":\"pl-PL\",\"potentialAction\":[{\"@type\":\"ReadAction\",\"target\":[\"https:\\\/\\\/strangercam.com\\\/chatiwi\\\/\"]}]},{\"@type\":\"BreadcrumbList\",\"@id\":\"https:\\\/\\\/strangercam.com\\\/chatiwi\\\/#breadcrumb\",\"itemListElement\":[{\"@type\":\"ListItem\",\"position\":1,\"name\":\"Home\",\"item\":\"https:\\\/\\\/strangercam.com\\\/\"},{\"@type\":\"ListItem\",\"position\":2,\"name\":\"Chatiwi\"}]},{\"@type\":\"WebSite\",\"@id\":\"https:\\\/\\\/strangercam.com\\\/#website\",\"url\":\"https:\\\/\\\/strangercam.com\\\/\",\"name\":\"Strangercam\",\"description\":\"Random Video Chat with Strangers\",\"publisher\":{\"@id\":\"https:\\\/\\\/strangercam.com\\\/#organization\"},\"alternateName\":\"Strangercam.com\",\"potentialAction\":[{\"@type\":\"SearchAction\",\"target\":{\"@type\":\"EntryPoint\",\"urlTemplate\":\"https:\\\/\\\/strangercam.com\\\/?s={search_term_string}\"},\"query-input\":{\"@type\":\"PropertyValueSpecification\",\"valueRequired\":true,\"valueName\":\"search_term_string\"}}],\"inLanguage\":\"pl-PL\"},{\"@type\":\"Organization\",\"@id\":\"https:\\\/\\\/strangercam.com\\\/#organization\",\"name\":\"Strangercam\",\"alternateName\":\"Strangercam.com\",\"url\":\"https:\\\/\\\/strangercam.com\\\/\",\"logo\":{\"@type\":\"ImageObject\",\"inLanguage\":\"pl-PL\",\"@id\":\"https:\\\/\\\/strangercam.com\\\/#\\\/schema\\\/logo\\\/image\\\/\",\"url\":\"https:\\\/\\\/strangercam.com\\\/wp-content\\\/uploads\\\/2020\\\/11\\\/cropped-new-favicon-black.png\",\"contentUrl\":\"https:\\\/\\\/strangercam.com\\\/wp-content\\\/uploads\\\/2020\\\/11\\\/cropped-new-favicon-black.png\",\"width\":512,\"height\":512,\"caption\":\"Strangercam\"},\"image\":{\"@id\":\"https:\\\/\\\/strangercam.com\\\/#\\\/schema\\\/logo\\\/image\\\/\"},\"sameAs\":[\"https:\\\/\\\/www.facebook.com\\\/strangercam\",\"https:\\\/\\\/x.com\\\/strangercamapp\"]}]}<\/script>\n<!-- \/ Yoast SEO plugin. -->","yoast_head_json":{"title":"Chatiwi - Tw\u00f3j anonimowy szyfrowany czat - StrangerCam","description":"Jak Chatiwi? Przyjd\u017a na czat z ponad 5.000.000 nieznajomych na Stranger Cam za darmo! W\u0142\u0105cz kamer\u0119 i znajd\u017a nowych przyjaci\u00f3\u0142 i mo\u017ce mecz!","robots":{"index":"index","follow":"follow","max-snippet":"max-snippet:-1","max-image-preview":"max-image-preview:large","max-video-preview":"max-video-preview:-1"},"canonical":"https:\/\/strangercam.com\/pl\/chatiwi\/","og_locale":"pl_PL","og_type":"article","og_title":"Chatiwi - Your Anonymous Encrypted Chat - StrangerCam","og_description":"Like Chatiwi? Come chat with more than 5.000.000 strangers on Stranger Cam for Free! Turn on your cam and find new friends & maby a match!","og_url":"https:\/\/strangercam.com\/pl\/chatiwi\/","og_site_name":"Strangercam","article_publisher":"https:\/\/www.facebook.com\/strangercam","og_image":[{"width":800,"height":532,"url":"https:\/\/strangercam.com\/wp-content\/uploads\/2021\/10\/Untitled-2.png","type":"image\/png"}],"twitter_card":"summary_large_image","twitter_site":"@strangercamapp","twitter_misc":{"Szacowany czas czytania":"6 minut"},"schema":{"@context":"https:\/\/schema.org","@graph":[{"@type":"WebPage","@id":"https:\/\/strangercam.com\/chatiwi\/","url":"https:\/\/strangercam.com\/chatiwi\/","name":"Chatiwi - Tw\u00f3j anonimowy szyfrowany czat - StrangerCam","isPartOf":{"@id":"https:\/\/strangercam.com\/#website"},"datePublished":"2025-07-28T09:02:46+00:00","description":"Jak Chatiwi? Przyjd\u017a na czat z ponad 5.000.000 nieznajomych na Stranger Cam za darmo! W\u0142\u0105cz kamer\u0119 i znajd\u017a nowych przyjaci\u00f3\u0142 i mo\u017ce mecz!","breadcrumb":{"@id":"https:\/\/strangercam.com\/chatiwi\/#breadcrumb"},"inLanguage":"pl-PL","potentialAction":[{"@type":"ReadAction","target":["https:\/\/strangercam.com\/chatiwi\/"]}]},{"@type":"BreadcrumbList","@id":"https:\/\/strangercam.com\/chatiwi\/#breadcrumb","itemListElement":[{"@type":"ListItem","position":1,"name":"Home","item":"https:\/\/strangercam.com\/"},{"@type":"ListItem","position":2,"name":"Chatiwi"}]},{"@type":"WebSite","@id":"https:\/\/strangercam.com\/#website","url":"https:\/\/strangercam.com\/","name":"Strangercam","description":"Losowy czat wideo z nieznajomymi","publisher":{"@id":"https:\/\/strangercam.com\/#organization"},"alternateName":"Strangercam.com","potentialAction":[{"@type":"SearchAction","target":{"@type":"EntryPoint","urlTemplate":"https:\/\/strangercam.com\/?s={search_term_string}"},"query-input":{"@type":"PropertyValueSpecification","valueRequired":true,"valueName":"search_term_string"}}],"inLanguage":"pl-PL"},{"@type":"Organization","@id":"https:\/\/strangercam.com\/#organization","name":"Strangercam","alternateName":"Strangercam.com","url":"https:\/\/strangercam.com\/","logo":{"@type":"ImageObject","inLanguage":"pl-PL","@id":"https:\/\/strangercam.com\/#\/schema\/logo\/image\/","url":"https:\/\/strangercam.com\/wp-content\/uploads\/2020\/11\/cropped-new-favicon-black.png","contentUrl":"https:\/\/strangercam.com\/wp-content\/uploads\/2020\/11\/cropped-new-favicon-black.png","width":512,"height":512,"caption":"Strangercam"},"image":{"@id":"https:\/\/strangercam.com\/#\/schema\/logo\/image\/"},"sameAs":["https:\/\/www.facebook.com\/strangercam","https:\/\/x.com\/strangercamapp"]}]}},"_links":{"self":[{"href":"https:\/\/strangercam.com\/pl\/wp-json\/wp\/v2\/pages\/12942","targetHints":{"allow":["GET"]}}],"collection":[{"href":"https:\/\/strangercam.com\/pl\/wp-json\/wp\/v2\/pages"}],"about":[{"href":"https:\/\/strangercam.com\/pl\/wp-json\/wp\/v2\/types\/page"}],"author":[{"embeddable":true,"href":"https:\/\/strangercam.com\/pl\/wp-json\/wp\/v2\/users\/6"}],"replies":[{"embeddable":true,"href":"https:\/\/strangercam.com\/pl\/wp-json\/wp\/v2\/comments?post=12942"}],"version-history":[{"count":1,"href":"https:\/\/strangercam.com\/pl\/wp-json\/wp\/v2\/pages\/12942\/revisions"}],"predecessor-version":[{"id":12943,"href":"https:\/\/strangercam.com\/pl\/wp-json\/wp\/v2\/pages\/12942\/revisions\/12943"}],"wp:attachment":[{"href":"https:\/\/strangercam.com\/pl\/wp-json\/wp\/v2\/media?parent=12942"}],"curies":[{"name":"wp","href":"https:\/\/api.w.org\/{rel}","templated":true}]}}