{"id":12911,"date":"2025-07-14T13:50:19","date_gmt":"2025-07-14T11:50:19","guid":{"rendered":"https:\/\/strangercam.com\/?page_id=12911"},"modified":"2025-07-14T13:50:34","modified_gmt":"2025-07-14T11:50:34","slug":"onlinefreechat","status":"publish","type":"page","link":"https:\/\/strangercam.com\/pl\/onlinefreechat\/","title":{"rendered":"OnlineFreeChat"},"content":{"rendered":"<p>W erze cyfrowej, zdominowanej przez sieci spo\u0142eczno\u015bciowe i komunikatory internetowe, tradycyjne <a href=\"https:\/\/strangercam.com\/pl\/chatroulette\/\">czat<\/a> zaskakuj\u0105co powr\u00f3ci\u0142y do \u0142ask. Na czele tego renesansu stoi OnlineFreeChat, nowoczesna platforma czatowa po\u015bwi\u0119cona darmowym, \u0142atwo dost\u0119pnym pokojom czatowym na \u017cywo dla ka\u017cdego, kto chce <a href=\"https:\/\/strangercam.com\/pl\/coomeet\/\">spotkanie<\/a> poznawa\u0107 nowych ludzi, nawi\u0105zywa\u0107 znajomo\u015bci lub cieszy\u0107 si\u0119 spontanicznymi rozmowami online - bez rejestracji lub pobierania.<\/p>\n<p>Ale czym OnlineFreeChat wyr\u00f3\u017cnia si\u0119 na tle konkurencji? Czy jest naprawd\u0119 darmowy, czy jest bezpieczny i dla kogo jest najlepszy? W tej szczeg\u00f3\u0142owej recenzji badamy funkcje, wra\u017cenia u\u017cytkownika i spo\u0142eczno\u015b\u0107 OnlineFreeChat, aby\u015b m\u00f3g\u0142 zdecydowa\u0107, czy jest to w\u0142a\u015bciwe miejsce do rozpocz\u0119cia nast\u0119pnej rozmowy online.<\/p>\n<h2>Co to jest OnlineFreeChat?<\/h2>\n<p>OnlineFreeChat to przegl\u0105darkowa platforma czatowa oferuj\u0105ca szeroki wyb\u00f3r tematycznych pokoj\u00f3w czatowych na \u017cywo i opcji czatu jeden na jednego. W przeciwie\u0144stwie do wielu nowoczesnych aplikacji, kt\u00f3re wymagaj\u0105 rejestracji lub instalacji aplikacji, OnlineFreeChat zapewnia natychmiastowy dost\u0119p - wystarczy odwiedzi\u0107 witryn\u0119, wybra\u0107 pok\u00f3j i rozpocz\u0105\u0107 rozmow\u0119 z lud\u017ami z ca\u0142ego \u015bwiata.<\/p>\n<p>Platforma nawi\u0105zuje do z\u0142otej ery klasycznych pokoj\u00f3w czatowych, ale aktualizuje do\u015bwiadczenie na rok 2025 dzi\u0119ki nowoczesnemu, przejrzystemu interfejsowi oraz skupieniu si\u0119 na bezpiecze\u0144stwie i przyjazno\u015bci dla u\u017cytkownika. Niezale\u017cnie od tego, czy chcesz do\u0142\u0105czy\u0107 do zat\u0142oczonego pokoju publicznego, czy rozpocz\u0105\u0107 prywatny czat, OnlineFreeChat sprawia, \u017ce jest to \u0142atwe i dost\u0119pne.<\/p>\n<h2>Jaki jest cel OnlineFreeChat?<\/h2>\n<p>OnlineFreeChat ma na celu o\u017cywienie i unowocze\u015bnienie otwartego czatu - stworzenie przestrzeni, w kt\u00f3rej ka\u017cdy mo\u017ce do\u0142\u0105czy\u0107 do rozm\u00f3w na r\u00f3\u017cne tematy, nawi\u0105zywa\u0107 znajomo\u015bci i cieszy\u0107 si\u0119 interakcj\u0105 na \u017cywo bez barier.<\/p>\n<p>G\u0142\u00f3wne cele to:<\/p>\n<ul>\n<li>\u0141\u0105czenie ludzi na ca\u0142ym \u015bwiecie w czatach grupowych w czasie rzeczywistym<\/li>\n<li>Oferuj bezpieczne, moderowane przestrzenie do rozm\u00f3w i spotka\u0144 towarzyskich.<\/li>\n<li>Natychmiastowa obs\u0142uga czatu bez konieczno\u015bci rejestracji dla wszystkich u\u017cytkownik\u00f3w.<\/li>\n<li>Elastyczna alternatywa dla medi\u00f3w spo\u0142eczno\u015bciowych i komunikator\u00f3w internetowych<\/li>\n<\/ul>\n<p>Niezale\u017cnie od tego, czy chcesz porozmawia\u0107 o hobby, \u017cyciu, zwi\u0105zkach, podr\u00f3\u017cach, czy po prostu chcesz si\u0119 zabawi\u0107 i pozna\u0107 nowych ludzi, OnlineFreeChat oferuje prosty i przyjazny spos\u00f3b na zrobienie tego.<\/p>\n<h2>Kluczowe cechy<\/h2>\n<p>1. Publiczne pokoje rozm\u00f3w na \u017cywo<br \/>\nG\u0142\u00f3wn\u0105 funkcj\u0105 OnlineFreeChat jest szereg grupowych czat\u00f3w na \u017cywo. Pokoje te s\u0105 zorganizowane wed\u0142ug temat\u00f3w lub zainteresowa\u0144 - takich jak czat og\u00f3lny, przyja\u017a\u0144, gry, czat lokalny, muzyka i inne. U\u017cytkownicy mog\u0105 do\u0142\u0105czy\u0107 do dowolnego pokoju, uczestniczy\u0107 w trwaj\u0105cych rozmowach lub po prostu obserwowa\u0107, dop\u00f3ki nie b\u0119d\u0105 gotowi do przy\u0142\u0105czenia si\u0119.<\/p>\n<p>2. Prywatne czaty jeden na jednego<br \/>\nOpr\u00f3cz publicznych pokoj\u00f3w, u\u017cytkownicy mog\u0105 inicjowa\u0107 prywatne rozmowy z innymi cz\u0142onkami. Funkcja ta pozwala na bardziej osobist\u0105 interakcj\u0119, umo\u017cliwiaj\u0105c p\u0142ynne przechodzenie od dyskusji grupowych do bezpo\u015brednich czat\u00f3w.<\/p>\n<p>3. Rejestracja nie jest wymagana<br \/>\nJednym z najbardziej atrakcyjnych aspekt\u00f3w OnlineFreeChat jest to, \u017ce mo\u017cesz zacz\u0105\u0107 czatowa\u0107 bez tworzenia konta. Wybierz pseudonim, pok\u00f3j i od razu stajesz si\u0119 cz\u0119\u015bci\u0105 rozmowy.<\/p>\n<p>4. Kompatybilno\u015b\u0107 z wieloma urz\u0105dzeniami<br \/>\nPlatforma dzia\u0142a p\u0142ynnie zar\u00f3wno na komputerach stacjonarnych, jak i przegl\u0105darkach mobilnych. Responsywny design zapewnia mo\u017cliwo\u015b\u0107 uczestniczenia w czatach na telefonie, tablecie lub laptopie bez konieczno\u015bci instalowania czegokolwiek.<\/p>\n<p>5. Przyjazny, nowoczesny interfejs<br \/>\nOnlineFreeChat posiada prosty, przyjazny dla u\u017cytkownika interfejs. Wiadomo\u015bci s\u0105 przejrzyste, czaty \u0142atwe do przegl\u0105dania, a elementy steruj\u0105ce do wyciszania, blokowania lub zg\u0142aszania u\u017cytkownik\u00f3w s\u0105 zawsze dost\u0119pne.<\/p>\n<p>6. Narz\u0119dzia moderacji i bezpiecze\u0144stwa u\u017cytkownik\u00f3w<br \/>\nWitryna wykorzystuje moderator\u00f3w i funkcje raportowania, aby pom\u00f3c w utrzymaniu pozytywnego \u015brodowiska. U\u017cytkownicy mog\u0105 szybko zablokowa\u0107 lub zg\u0142osi\u0107 ka\u017cdego, kto narusza wytyczne czatu, pomagaj\u0105c w utrzymaniu szacunku i przyjemnych rozm\u00f3w.<\/p>\n<p>7. Szeroki zakres temat\u00f3w czatu<br \/>\nDzi\u0119ki dziesi\u0105tkom pokoi tematycznych i regularnym aktualizacjom, znajdziesz miejsca po\u015bwi\u0119cone niemal ka\u017cdemu tematowi - dzi\u0119ki czemu \u0142atwo znajdziesz podobnie my\u015bl\u0105cych partner\u00f3w do czatu lub odkryjesz nowe zainteresowania.<\/p>\n<h2>Czy OnlineFreeChat jest darmowy?<\/h2>\n<p>Tak, OnlineFreeChat jest darmowy w 100%. Wszystkie podstawowe funkcje - w tym do\u0142\u0105czanie do pokoi publicznych, prywatne wiadomo\u015bci i korzystanie z narz\u0119dzi bezpiecze\u0144stwa - s\u0105 dost\u0119pne bez op\u0142at. Dost\u0119pne s\u0105:<\/p>\n<ul>\n<li>Brak op\u0142at abonamentowych<\/li>\n<li>Brak kont premium<\/li>\n<li>Brak ukrytych koszt\u00f3w<\/li>\n<\/ul>\n<p>Niekt\u00f3re reklamy mog\u0105 by\u0107 obecne w celu wsparcia platformy, ale s\u0105 one nieinwazyjne i nie wp\u0142ywaj\u0105 na wra\u017cenia z czatu.<\/p>\n<h2>Kto korzysta z OnlineFreeChat?<\/h2>\n<p>OnlineFreeChat przyci\u0105ga zr\u00f3\u017cnicowan\u0105, mi\u0119dzynarodow\u0105 publiczno\u015b\u0107. U\u017cytkownicy to mi\u0119dzy innymi:<\/p>\n<ul>\n<li>Doro\u015bli w ka\u017cdym wieku, zazwyczaj 18-40 lat<\/li>\n<li>Ludzie z Ameryki P\u00f3\u0142nocnej, Europy, Indii, Azji Po\u0142udniowo-Wschodniej i Ameryki \u0141aci\u0144skiej<\/li>\n<li>Studenci, profesjonali\u015bci, podr\u00f3\u017cnicy i wszyscy szukaj\u0105cy swobodnej rozmowy online<\/li>\n<\/ul>\n<p>Najcz\u0119stsze powody, dla kt\u00f3rych ludzie korzystaj\u0105 z OnlineFreeChat to:<\/p>\n<ul>\n<li>Nawi\u0105zywanie nowych znajomo\u015bci lub poszerzanie kr\u0119gu znajomych<\/li>\n<li>Sp\u0119dzanie czasu i ucieczka od nudy<\/li>\n<li>Rozmowy o hobby, muzyce, filmach i \u017cyciu codziennym<\/li>\n<li>Poszukiwanie przyjaznych porad lub dzielenie si\u0119 do\u015bwiadczeniami w grupie wsparcia<\/li>\n<\/ul>\n<p>R\u00f3\u017cnorodno\u015b\u0107 pokoj\u00f3w rozm\u00f3w na platformie zapewnia, \u017ce ka\u017cdy - od nie\u015bmia\u0142ych nowicjuszy po do\u015bwiadczonych czatownik\u00f3w - mo\u017ce znale\u017a\u0107 przestrze\u0144, w kt\u00f3rej czuje si\u0119 komfortowo.<\/p>\n<h2>Bezpiecze\u0144stwo, prywatno\u015b\u0107 i moderacja<\/h2>\n<p>OnlineFreeChat zobowi\u0105zuje si\u0119 do zapewnienia bezpiecznego, pe\u0142nego szacunku \u015brodowiska dla wszystkich u\u017cytkownik\u00f3w. Oto jak chroni prywatno\u015b\u0107 i wspiera bezpiecze\u0144stwo u\u017cytkownik\u00f3w:<\/p>\n<h3>Prywatno\u015b\u0107<\/h3>\n<ul>\n<li>Nie jest wymagana rejestracja ani podanie danych osobowych<\/li>\n<li>U\u017cytkownicy wybieraj\u0105 pseudonimy; prawdziwe imiona i nazwiska nie s\u0105 konieczne<\/li>\n<li>Czaty nie s\u0105 publicznie archiwizowane ani przeszukiwalne.<\/li>\n<\/ul>\n<h3>Moderacja<\/h3>\n<ul>\n<li>Aktywni ludzcy moderatorzy nadzoruj\u0105 najbardziej ruchliwe pokoje<\/li>\n<li>Funkcje raportowania i blokowania s\u0105 dost\u0119pne 24 godziny na dob\u0119, 7 dni w tygodniu.<\/li>\n<li>Wytyczne zabraniaj\u0105 n\u0119kania, spamowania i nieodpowiedniego zachowania.<\/li>\n<li>Powtarzaj\u0105ce si\u0119 wykroczenia s\u0105 blokowane na platformie<\/li>\n<\/ul>\n<h3>Kontrola u\u017cytkownika<\/h3>\n<ul>\n<li>Natychmiastowe blokowanie lub wyciszanie u\u017cytkownik\u00f3w zak\u0142\u00f3caj\u0105cych czat<\/li>\n<li>Wybierz, czy chcesz pozosta\u0107 w pokojach publicznych, czy przej\u015b\u0107 do rozm\u00f3w prywatnych.<\/li>\n<li>Zmiana pseudonimu lub pokoju w dowolnym momencie<\/li>\n<\/ul>\n<p>Chocia\u017c \u017caden otwarty pok\u00f3j czatowy nie mo\u017ce zagwarantowa\u0107 idealnego do\u015bwiadczenia, po\u0142\u0105czenie moderacji i narz\u0119dzi u\u017cytkownika OnlineFreeChat czyni go bezpieczniejszym ni\u017c wi\u0119kszo\u015b\u0107 klasycznych platform czatowych.<\/p>\n<h2>Do\u015bwiadczenie u\u017cytkownika i projektowanie<\/h2>\n<p>OnlineFreeChat zosta\u0142 zaprojektowany z my\u015bl\u0105 o szybkim, bezproblemowym czatowaniu:<\/p>\n<ul>\n<li>Strona g\u0142\u00f3wna \u0142aduje si\u0119 szybko z przejrzystymi kategoriami pomieszcze\u0144<\/li>\n<li>Do\u0142\u0105cz do pokoju jednym klikni\u0119ciem i od razu rozpocznij rozmow\u0119<\/li>\n<li>Wiadomo\u015bci pojawiaj\u0105 si\u0119 natychmiast, bez op\u00f3\u017anie\u0144, nawet w zat\u0142oczonych pomieszczeniach.<\/li>\n<li>Przyjazny dla urz\u0105dze\u0144 mobilnych uk\u0142ad dostosowuje si\u0119 do mniejszych ekran\u00f3w, umo\u017cliwiaj\u0105c czatowanie w podr\u00f3\u017cy<\/li>\n<li>Elementy steruj\u0105ce powiadomieniami, blokowaniem i raportowaniem s\u0105 intuicyjne.<\/li>\n<\/ul>\n<p>Projekt strony k\u0142adzie nacisk na spo\u0142eczno\u015b\u0107 i dost\u0119pno\u015b\u0107 - u\u0142atwiaj\u0105c uczestnictwo ka\u017cdemu, niezale\u017cnie od do\u015bwiadczenia technicznego.<\/p>\n<h2>OnlineFreeChat vs inne platformy z pokojami rozm\u00f3w<\/h2>\n<p>Jak wypada OnlineFreeChat na tle innych wiod\u0105cych stron z czatami na \u017cywo?<\/p>\n<table>\n<thead>\n<tr>\n<th>Cecha<\/th>\n<th>OnlineFreeChat<\/th>\n<th><a href=\"https:\/\/strangercam.com\/pl\/chat-avenue\/\">Chat Avenue<\/a><\/th>\n<th>Chatib<\/th>\n<th><a href=\"https:\/\/strangercam.com\/pl\/chatzy\/\">Chatzy<\/a><\/th>\n<th>Wireclub<\/th>\n<\/tr>\n<\/thead>\n<tbody>\n<tr>\n<td>Bezp\u0142atny dost\u0119p<\/td>\n<td>Tak<\/td>\n<td>Tak<\/td>\n<td>Tak<\/td>\n<td>Tak<\/td>\n<td>Tak<\/td>\n<\/tr>\n<tr>\n<td>Rejestracja nie jest wymagana<\/td>\n<td>Tak<\/td>\n<td>Nie<\/td>\n<td>Tak<\/td>\n<td>Tak<\/td>\n<td>Nie<\/td>\n<\/tr>\n<tr>\n<td>Tematyczne pokoje rozm\u00f3w<\/td>\n<td>Tak<\/td>\n<td>Tak<\/td>\n<td>Tak<\/td>\n<td>Nie<\/td>\n<td>Tak<\/td>\n<\/tr>\n<tr>\n<td>Prywatne wiadomo\u015bci<\/td>\n<td>Tak<\/td>\n<td>Tak<\/td>\n<td>Tak<\/td>\n<td>Tak<\/td>\n<td>Tak<\/td>\n<\/tr>\n<tr>\n<td>Wsparcie mobilne<\/td>\n<td>Doskona\u0142y<\/td>\n<td>Dobry<\/td>\n<td>Dobry<\/td>\n<td>Dobry<\/td>\n<td>Dobry<\/td>\n<\/tr>\n<tr>\n<td>Narz\u0119dzia moderacji<\/td>\n<td>Silny<\/td>\n<td>Umiarkowany<\/td>\n<td>Umiarkowany<\/td>\n<td>Umiarkowany<\/td>\n<td>Silny<\/td>\n<\/tr>\n<tr>\n<td>Reklamy<\/td>\n<td>Minimalny<\/td>\n<td>Tak<\/td>\n<td>Tak<\/td>\n<td>Minimalny<\/td>\n<td>Tak<\/td>\n<\/tr>\n<\/tbody>\n<\/table>\n<p>Podsumowanie: OnlineFreeChat wyr\u00f3\u017cnia si\u0119 przejrzystym interfejsem, natychmiastowym dost\u0119pem i szerok\u0105 gam\u0105 czat\u00f3w tematycznych. Dor\u00f3wnuje lub przewy\u017csza konkurent\u00f3w pod wzgl\u0119dem bezpiecze\u0144stwa u\u017cytkownik\u00f3w i kompatybilno\u015bci z urz\u0105dzeniami mobilnymi, a dodatkow\u0105 zalet\u0105 jest brak konieczno\u015bci rejestracji.<\/p>\n<h2>Plusy i minusy<\/h2>\n<p>Plusy:<\/p>\n<ul>\n<li>100% darmowy z natychmiastowym dost\u0119pem<\/li>\n<li>Nie jest wymagana rejestracja ani pobieranie plik\u00f3w<\/li>\n<li>Szeroki wyb\u00f3r tematycznych czat\u00f3w na \u017cywo<\/li>\n<li>Przyjazny dla u\u017cytkownika zar\u00f3wno na komputerach stacjonarnych, jak i urz\u0105dzeniach mobilnych<\/li>\n<li>Aktywna moderacja i \u0142atwe w u\u017cyciu narz\u0119dzia do raportowania<\/li>\n<li>Opcje czatu prywatnego do rozm\u00f3w jeden na jeden<\/li>\n<\/ul>\n<p>Wady:<\/p>\n<ul>\n<li>Brak czatu wideo lub <a href=\"https:\/\/strangercam.com\/pl\/bazoocam\/\">krzywka<\/a> funkcje (tylko tekstowe)<\/li>\n<li>Niekt\u00f3rzy u\u017cytkownicy mog\u0105 szybko roz\u0142\u0105cza\u0107 si\u0119 lub opuszcza\u0107 pokoje<\/li>\n<li>Sporadyczni uci\u0105\u017cliwi u\u017cytkownicy, pomimo moderacji<\/li>\n<li>Brak d\u0142ugoterminowych profili lub list znajomych<\/li>\n<\/ul>\n<h2>Idealne przypadki u\u017cycia<\/h2>\n<p>OnlineFreeChat jest idealny dla:<\/p>\n<ul>\n<li>Ka\u017cdy, kto szuka bezpiecznego, bezp\u0142atnego i \u0142atwego sposobu na czat online<\/li>\n<li>U\u017cytkownicy lubi\u0105cy tematyczne dyskusje grupowe lub poznawanie nowych os\u00f3b<\/li>\n<li>Osoby szukaj\u0105ce alternatywy dla medi\u00f3w spo\u0142eczno\u015bciowych i komunikator\u00f3w internetowych<\/li>\n<li>Podr\u00f3\u017cni, emigranci i osoby ucz\u0105ce si\u0119 j\u0119zyk\u00f3w, kt\u00f3re chc\u0105 interakcji w czasie rzeczywistym<\/li>\n<li>Osoby preferuj\u0105ce anonimowo\u015b\u0107 i prywatno\u015b\u0107 w rozmowach online<\/li>\n<\/ul>\n<p>Mo\u017ce by\u0107 mniej idealny dla:<\/p>\n<ul>\n<li>Ci, kt\u00f3rzy szukaj\u0105 czatu wideo<\/li>\n<li>U\u017cytkownicy poni\u017cej 18 roku \u017cycia (platforma jest przeznaczona dla doros\u0142ych)<\/li>\n<li>Osoby szukaj\u0105ce zaawansowanych funkcji randkowania lub dopasowywania<\/li>\n<\/ul>\n<h2>Werdykt ko\u0144cowy<\/h2>\n<p>OnlineFreeChat to jedna z najlepszych platform czat\u00f3w na \u017cywo dost\u0119pnych w 2025 roku, \u0142\u0105cz\u0105ca dost\u0119pno\u015b\u0107 klasycznych czat\u00f3w z nowoczesnymi funkcjami bezpiecze\u0144stwa i u\u017cyteczno\u015bci. Natychmiastowy dost\u0119p, szeroki zakres temat\u00f3w i przyjazne, moderowane \u015brodowisko sprawiaj\u0105, \u017ce jest to najlepszy wyb\u00f3r dla ka\u017cdego, kto chce rozmawia\u0107, nawi\u0105zywa\u0107 znajomo\u015bci lub po prostu dobrze si\u0119 bawi\u0107 online.<\/p>\n<p>Je\u015bli szukasz prostego, bezpiecznego i naprawd\u0119 darmowego sposobu na \u0142\u0105czenie si\u0119 z innymi na ca\u0142ym \u015bwiecie, OnlineFreeChat jest absolutnie warty wypr\u00f3bowania - niezale\u017cnie od tego, czy chcesz o\u017cywionego czatu grupowego, czy cichej prywatnej rozmowy.<\/p>","protected":false},"excerpt":{"rendered":"<p>In a digital age dominated by social networks and instant messaging apps, traditional chat rooms have made a surprising comeback. Leading this renaissance is OnlineFreeChat, a modern chat platform dedicated to free, easy-to-access live chat rooms for anyone looking to meet new people, make friends, or enjoy spontaneous online conversations\u2014without registration or downloads. But how [&hellip;]<\/p>\n","protected":false},"author":6,"featured_media":0,"parent":0,"menu_order":0,"comment_status":"closed","ping_status":"closed","template":"","meta":{"footnotes":""},"class_list":["post-12911","page","type-page","status-publish","hentry"],"yoast_head":"<!-- This site is optimized with the Yoast SEO plugin v27.4 - https:\/\/yoast.com\/product\/yoast-seo-wordpress\/ -->\n<title>OnlineFreeChat - Live Online Chat Rooms on StrangerCam.com<\/title>\n<meta name=\"description\" content=\"Like OnlineFreeChat? Come chat with more than 5.000.000 strangers on Stranger Cam for Free! Turn on your cam and find new friends &amp; maby a match!\" \/>\n<meta name=\"robots\" content=\"index, follow, max-snippet:-1, max-image-preview:large, max-video-preview:-1\" \/>\n<link rel=\"canonical\" href=\"https:\/\/strangercam.com\/pl\/onlinefreechat\/\" \/>\n<meta property=\"og:locale\" content=\"pl_PL\" \/>\n<meta property=\"og:type\" content=\"article\" \/>\n<meta property=\"og:title\" content=\"OnlineFreeChat - Live Online Chat Rooms on StrangerCam.com\" \/>\n<meta property=\"og:description\" content=\"Like OnlineFreeChat? Come chat with more than 5.000.000 strangers on Stranger Cam for Free! Turn on your cam and find new friends &amp; maby a match!\" \/>\n<meta property=\"og:url\" content=\"https:\/\/strangercam.com\/pl\/onlinefreechat\/\" \/>\n<meta property=\"og:site_name\" content=\"Strangercam\" \/>\n<meta property=\"article:publisher\" content=\"https:\/\/www.facebook.com\/strangercam\" \/>\n<meta property=\"article:modified_time\" content=\"2025-07-14T11:50:34+00:00\" \/>\n<meta property=\"og:image\" content=\"https:\/\/strangercam.com\/wp-content\/uploads\/2021\/10\/Untitled-2.png\" \/>\n\t<meta property=\"og:image:width\" content=\"800\" \/>\n\t<meta property=\"og:image:height\" content=\"532\" \/>\n\t<meta property=\"og:image:type\" content=\"image\/png\" \/>\n<meta name=\"twitter:card\" content=\"summary_large_image\" \/>\n<meta name=\"twitter:site\" content=\"@strangercamapp\" \/>\n<meta name=\"twitter:label1\" content=\"Szacowany czas czytania\" \/>\n\t<meta name=\"twitter:data1\" content=\"6 minut\" \/>\n<script type=\"application\/ld+json\" class=\"yoast-schema-graph\">{\"@context\":\"https:\\\/\\\/schema.org\",\"@graph\":[{\"@type\":\"WebPage\",\"@id\":\"https:\\\/\\\/strangercam.com\\\/onlinefreechat\\\/\",\"url\":\"https:\\\/\\\/strangercam.com\\\/onlinefreechat\\\/\",\"name\":\"OnlineFreeChat - Live Online Chat Rooms on StrangerCam.com\",\"isPartOf\":{\"@id\":\"https:\\\/\\\/strangercam.com\\\/#website\"},\"datePublished\":\"2025-07-14T11:50:19+00:00\",\"dateModified\":\"2025-07-14T11:50:34+00:00\",\"description\":\"Like OnlineFreeChat? Come chat with more than 5.000.000 strangers on Stranger Cam for Free! Turn on your cam and find new friends & maby a match!\",\"breadcrumb\":{\"@id\":\"https:\\\/\\\/strangercam.com\\\/onlinefreechat\\\/#breadcrumb\"},\"inLanguage\":\"pl-PL\",\"potentialAction\":[{\"@type\":\"ReadAction\",\"target\":[\"https:\\\/\\\/strangercam.com\\\/onlinefreechat\\\/\"]}]},{\"@type\":\"BreadcrumbList\",\"@id\":\"https:\\\/\\\/strangercam.com\\\/onlinefreechat\\\/#breadcrumb\",\"itemListElement\":[{\"@type\":\"ListItem\",\"position\":1,\"name\":\"Home\",\"item\":\"https:\\\/\\\/strangercam.com\\\/\"},{\"@type\":\"ListItem\",\"position\":2,\"name\":\"OnlineFreeChat\"}]},{\"@type\":\"WebSite\",\"@id\":\"https:\\\/\\\/strangercam.com\\\/#website\",\"url\":\"https:\\\/\\\/strangercam.com\\\/\",\"name\":\"Strangercam\",\"description\":\"Random Video Chat with Strangers\",\"publisher\":{\"@id\":\"https:\\\/\\\/strangercam.com\\\/#organization\"},\"alternateName\":\"Strangercam.com\",\"potentialAction\":[{\"@type\":\"SearchAction\",\"target\":{\"@type\":\"EntryPoint\",\"urlTemplate\":\"https:\\\/\\\/strangercam.com\\\/?s={search_term_string}\"},\"query-input\":{\"@type\":\"PropertyValueSpecification\",\"valueRequired\":true,\"valueName\":\"search_term_string\"}}],\"inLanguage\":\"pl-PL\"},{\"@type\":\"Organization\",\"@id\":\"https:\\\/\\\/strangercam.com\\\/#organization\",\"name\":\"Strangercam\",\"alternateName\":\"Strangercam.com\",\"url\":\"https:\\\/\\\/strangercam.com\\\/\",\"logo\":{\"@type\":\"ImageObject\",\"inLanguage\":\"pl-PL\",\"@id\":\"https:\\\/\\\/strangercam.com\\\/#\\\/schema\\\/logo\\\/image\\\/\",\"url\":\"https:\\\/\\\/strangercam.com\\\/wp-content\\\/uploads\\\/2020\\\/11\\\/cropped-new-favicon-black.png\",\"contentUrl\":\"https:\\\/\\\/strangercam.com\\\/wp-content\\\/uploads\\\/2020\\\/11\\\/cropped-new-favicon-black.png\",\"width\":512,\"height\":512,\"caption\":\"Strangercam\"},\"image\":{\"@id\":\"https:\\\/\\\/strangercam.com\\\/#\\\/schema\\\/logo\\\/image\\\/\"},\"sameAs\":[\"https:\\\/\\\/www.facebook.com\\\/strangercam\",\"https:\\\/\\\/x.com\\\/strangercamapp\"]}]}<\/script>\n<!-- \/ Yoast SEO plugin. -->","yoast_head_json":{"title":"OnlineFreeChat - Pokoje czat online na \u017cywo na StrangerCam.com","description":"Jak OnlineFreeChat? Przyjd\u017a na czat z ponad 5.000.000 nieznajomych na Stranger Cam za darmo! W\u0142\u0105cz kamer\u0119 i znajd\u017a nowych przyjaci\u00f3\u0142 i mo\u017ce mecz!","robots":{"index":"index","follow":"follow","max-snippet":"max-snippet:-1","max-image-preview":"max-image-preview:large","max-video-preview":"max-video-preview:-1"},"canonical":"https:\/\/strangercam.com\/pl\/onlinefreechat\/","og_locale":"pl_PL","og_type":"article","og_title":"OnlineFreeChat - Live Online Chat Rooms on StrangerCam.com","og_description":"Like OnlineFreeChat? Come chat with more than 5.000.000 strangers on Stranger Cam for Free! Turn on your cam and find new friends & maby a match!","og_url":"https:\/\/strangercam.com\/pl\/onlinefreechat\/","og_site_name":"Strangercam","article_publisher":"https:\/\/www.facebook.com\/strangercam","article_modified_time":"2025-07-14T11:50:34+00:00","og_image":[{"width":800,"height":532,"url":"https:\/\/strangercam.com\/wp-content\/uploads\/2021\/10\/Untitled-2.png","type":"image\/png"}],"twitter_card":"summary_large_image","twitter_site":"@strangercamapp","twitter_misc":{"Szacowany czas czytania":"6 minut"},"schema":{"@context":"https:\/\/schema.org","@graph":[{"@type":"WebPage","@id":"https:\/\/strangercam.com\/onlinefreechat\/","url":"https:\/\/strangercam.com\/onlinefreechat\/","name":"OnlineFreeChat - Pokoje czat online na \u017cywo na StrangerCam.com","isPartOf":{"@id":"https:\/\/strangercam.com\/#website"},"datePublished":"2025-07-14T11:50:19+00:00","dateModified":"2025-07-14T11:50:34+00:00","description":"Jak OnlineFreeChat? Przyjd\u017a na czat z ponad 5.000.000 nieznajomych na Stranger Cam za darmo! W\u0142\u0105cz kamer\u0119 i znajd\u017a nowych przyjaci\u00f3\u0142 i mo\u017ce mecz!","breadcrumb":{"@id":"https:\/\/strangercam.com\/onlinefreechat\/#breadcrumb"},"inLanguage":"pl-PL","potentialAction":[{"@type":"ReadAction","target":["https:\/\/strangercam.com\/onlinefreechat\/"]}]},{"@type":"BreadcrumbList","@id":"https:\/\/strangercam.com\/onlinefreechat\/#breadcrumb","itemListElement":[{"@type":"ListItem","position":1,"name":"Home","item":"https:\/\/strangercam.com\/"},{"@type":"ListItem","position":2,"name":"OnlineFreeChat"}]},{"@type":"WebSite","@id":"https:\/\/strangercam.com\/#website","url":"https:\/\/strangercam.com\/","name":"Strangercam","description":"Losowy czat wideo z nieznajomymi","publisher":{"@id":"https:\/\/strangercam.com\/#organization"},"alternateName":"Strangercam.com","potentialAction":[{"@type":"SearchAction","target":{"@type":"EntryPoint","urlTemplate":"https:\/\/strangercam.com\/?s={search_term_string}"},"query-input":{"@type":"PropertyValueSpecification","valueRequired":true,"valueName":"search_term_string"}}],"inLanguage":"pl-PL"},{"@type":"Organization","@id":"https:\/\/strangercam.com\/#organization","name":"Strangercam","alternateName":"Strangercam.com","url":"https:\/\/strangercam.com\/","logo":{"@type":"ImageObject","inLanguage":"pl-PL","@id":"https:\/\/strangercam.com\/#\/schema\/logo\/image\/","url":"https:\/\/strangercam.com\/wp-content\/uploads\/2020\/11\/cropped-new-favicon-black.png","contentUrl":"https:\/\/strangercam.com\/wp-content\/uploads\/2020\/11\/cropped-new-favicon-black.png","width":512,"height":512,"caption":"Strangercam"},"image":{"@id":"https:\/\/strangercam.com\/#\/schema\/logo\/image\/"},"sameAs":["https:\/\/www.facebook.com\/strangercam","https:\/\/x.com\/strangercamapp"]}]}},"_links":{"self":[{"href":"https:\/\/strangercam.com\/pl\/wp-json\/wp\/v2\/pages\/12911","targetHints":{"allow":["GET"]}}],"collection":[{"href":"https:\/\/strangercam.com\/pl\/wp-json\/wp\/v2\/pages"}],"about":[{"href":"https:\/\/strangercam.com\/pl\/wp-json\/wp\/v2\/types\/page"}],"author":[{"embeddable":true,"href":"https:\/\/strangercam.com\/pl\/wp-json\/wp\/v2\/users\/6"}],"replies":[{"embeddable":true,"href":"https:\/\/strangercam.com\/pl\/wp-json\/wp\/v2\/comments?post=12911"}],"version-history":[{"count":1,"href":"https:\/\/strangercam.com\/pl\/wp-json\/wp\/v2\/pages\/12911\/revisions"}],"predecessor-version":[{"id":12912,"href":"https:\/\/strangercam.com\/pl\/wp-json\/wp\/v2\/pages\/12911\/revisions\/12912"}],"wp:attachment":[{"href":"https:\/\/strangercam.com\/pl\/wp-json\/wp\/v2\/media?parent=12911"}],"curies":[{"name":"wp","href":"https:\/\/api.w.org\/{rel}","templated":true}]}}