{"id":12909,"date":"2025-07-14T13:45:54","date_gmt":"2025-07-14T11:45:54","guid":{"rendered":"https:\/\/strangercam.com\/?page_id=12909"},"modified":"2025-07-14T13:46:15","modified_gmt":"2025-07-14T11:46:15","slug":"fox-video-chat","status":"publish","type":"page","link":"https:\/\/strangercam.com\/pl\/fox-video-chat\/","title":{"rendered":"Fox Video Chat"},"content":{"rendered":"<p>Poszukiwanie idealnego losowego wideo <a href=\"https:\/\/strangercam.com\/pl\/chathub\/\">czat<\/a> poniewa\u017c u\u017cytkownicy szukaj\u0105 bezpiecznych, anonimowych i zabawnych alternatyw dla klasyk\u00f3w, takich jak <a href=\"https:\/\/strangercam.com\/pl\/omegle\/\">Omegle<\/a> oraz <a href=\"https:\/\/strangercam.com\/pl\/chatroulette\/\">Chatroulette<\/a>. Fox Video Chat to jedna z najnowszych platform, kt\u00f3ra przyci\u0105gn\u0119\u0142a uwag\u0119 globalnej spo\u0142eczno\u015bci czatu, obiecuj\u0105c szybkie po\u0142\u0105czenia, \u0142atw\u0105 obs\u0142ug\u0119 i przyjazne \u015brodowisko do poznawania nieznajomych online.<\/p>\n<p>Ale czy Fox Video Chat spe\u0142nia swoje obietnice? Jak wypada na tle innych platform w 2025 roku? W tej szczeg\u00f3\u0142owej recenzji zbadamy wszystko, co musisz wiedzie\u0107 o Fox Video Chat - jego funkcje, baz\u0119 u\u017cytkownik\u00f3w, narz\u0119dzia bezpiecze\u0144stwa i dlaczego mo\u017ce to by\u0107 twoje nowe ulubione miejsce do spontanicznych rozm\u00f3w online.<\/p>\n<h2>Czym jest Fox Video Chat?<\/h2>\n<p>Fox Video Chat to oparty na przegl\u0105darce, losowy czat wideo jeden na jednego, przeznaczony dla u\u017cytkownik\u00f3w, kt\u00f3rzy chc\u0105 natychmiast po\u0142\u0105czy\u0107 si\u0119 z nieznajomymi z ca\u0142ego \u015bwiata. Bez konieczno\u015bci rejestracji lub pobierania, Fox Video Chat stawia prostot\u0119 i szybko\u015b\u0107 na pierwszym miejscu.<\/p>\n<p>Podobnie jak jego duchowi poprzednicy, Fox Video Chat losowo \u0142\u0105czy ci\u0119 z innym u\u017cytkownikiem w celu prowadzenia prywatnej rozmowy za po\u015brednictwem kamery internetowej i mikrofonu. Niezale\u017cnie od tego, czy chcesz si\u0119 zaprzyja\u017ani\u0107, flirtowa\u0107, \u0107wiczy\u0107 nowy j\u0119zyk, czy po prostu sp\u0119dzi\u0107 czas, Fox Video Chat oferuje \u0142atwy, beztarciowy spos\u00f3b anga\u017cowania si\u0119 w czaty wideo w czasie rzeczywistym.<\/p>\n<h2>Jaki jest cel czatu wideo Fox?<\/h2>\n<p>Misj\u0105 Fox Video Chat jest sprawienie, by poznawanie nowych ludzi online by\u0142o proste, zabawne i bezpieczne. Platforma przemawia do tych, kt\u00f3rzy:<\/p>\n<ul>\n<li>Ch\u0119\u0107 anonimowej, nieskryptowanej interakcji twarz\u0105 w twarz<\/li>\n<li>T\u0119sknisz za klasycznym do\u015bwiadczeniem Omegle, ale pragniesz nowoczesnych funkcji i czystszego \u015brodowiska<\/li>\n<li>szukaj\u0105 kontakt\u00f3w towarzyskich, rozrywki lub wymiany kulturalnej<\/li>\n<li>Ceni\u0105 sobie prywatno\u015b\u0107 i nie chc\u0105 si\u0119 rejestrowa\u0107 ani tworzy\u0107 profilu publicznego.<\/li>\n<\/ul>\n<p>Fox Video Chat eliminuje kana\u0142y spo\u0142eczno\u015bciowe, wyselekcjonowane profile i algorytmy dopasowywania, aby skupi\u0107 si\u0119 na surowym dreszczyku przypadkowych spotka\u0144 w czasie rzeczywistym.<\/p>\n<h2>Kluczowe cechy<\/h2>\n<p>1. Losowy czat wideo jeden na jednego<br \/>\nSercem Fox Video Chat s\u0105 szybkie, anonimowe rozmowy mi\u0119dzy kamerami. U\u017cytkownicy s\u0105 natychmiast dopasowywani do prywatnych czat\u00f3w wideo, z mo\u017cliwo\u015bci\u0105 pomini\u0119cia lub kontynuowania w dowolnym momencie.<\/p>\n<p>2. Przycisk Pomi\u0144\/Nast\u0119pny<br \/>\nJe\u015bli czat nie jest odpowiedni, mo\u017cesz szybko przej\u015b\u0107 dalej za pomoc\u0105 przycisku Dalej. Przej\u015bcia mi\u0119dzy u\u017cytkownikami s\u0105 p\u0142ynne, dzi\u0119ki czemu interakcje s\u0105 dynamiczne i ekscytuj\u0105ce.<\/p>\n<p>3. Opcja czatu tekstowego<br \/>\nFox Video Chat oferuje r\u00f3wnie\u017c tryb tylko tekstowy. Jest to idealne rozwi\u0105zanie dla u\u017cytkownik\u00f3w, kt\u00f3rzy wstydz\u0105 si\u0119 kamery, maj\u0105 ograniczon\u0105 przepustowo\u015b\u0107 lub po prostu wol\u0105 pisa\u0107 ni\u017c rozmawia\u0107.<\/p>\n<p>4. Rejestracja nie jest wymagana<br \/>\nJedn\u0105 z najwi\u0119kszych zalet jest ca\u0142kowita anonimowo\u015b\u0107 - nie s\u0105 wymagane \u017cadne konta, nazwy u\u017cytkownika ani adresy e-mail. Wystarczy zezwoli\u0107 na dost\u0119p do kamery i mikrofonu i mo\u017cna zaczyna\u0107.<\/p>\n<p>5. Kompatybilno\u015b\u0107 z urz\u0105dzeniami mobilnymi i stacjonarnymi<br \/>\nPlatforma jest w pe\u0142ni zoptymalizowana pod k\u0105tem przegl\u0105darek stacjonarnych i mobilnych. Niezale\u017cnie od tego, czy korzystasz z telefonu, tabletu czy laptopa, interfejs Fox Video Chat dostosowuje si\u0119, zapewniaj\u0105c p\u0142ynn\u0105 obs\u0142ug\u0119.<\/p>\n<p>6. Czysty, nowoczesny interfejs<br \/>\nFox Video Chat oferuje minimalny i intuicyjny interfejs u\u017cytkownika. Nacisk k\u0142adziony jest na du\u017ce okna wideo, proste elementy steruj\u0105ce i uk\u0142ad bez rozpraszania uwagi. Wszystko jest \u0142atwe do znalezienia i u\u017cycia.<\/p>\n<p>7. Narz\u0119dzia raportowania i moderacji<br \/>\nBezpiecze\u0144stwo u\u017cytkownik\u00f3w jest wspierane przez widoczny przycisk zg\u0142aszania. Nieodpowiedni u\u017cytkownicy mog\u0105 zosta\u0107 oznaczeni, a Fox Video Chat wykorzystuje zar\u00f3wno ludzkich moderator\u00f3w, jak i podstawow\u0105 sztuczn\u0105 inteligencj\u0119, aby pom\u00f3c w utrzymaniu przyjaznego i bezpiecznego \u015brodowiska.<\/p>\n<h2>Czy Fox Video Chat jest darmowy?<\/h2>\n<p>Tak, aplikacja jest ca\u0142kowicie darmowa. Wszystkie funkcje - w tym czat wideo i tekstowy, pomijanie i raportowanie - s\u0105 dost\u0119pne dla wszystkich u\u017cytkownik\u00f3w bez op\u0142at, subskrypcji lub zakup\u00f3w w aplikacji.<\/p>\n<p>Fox Video Chat mo\u017ce wy\u015bwietla\u0107 sporadyczne, nieinwazyjne reklamy w celu wsparcia swojej dzia\u0142alno\u015bci, ale nie ma \u017cadnych ukrytych koszt\u00f3w ani zablokowanych funkcji.<\/p>\n<h2>Kto korzysta z czatu wideo Fox?<\/h2>\n<p>Fox Video Chat szybko zyska\u0142 zr\u00f3\u017cnicowan\u0105 i mi\u0119dzynarodow\u0105 baz\u0119 u\u017cytkownik\u00f3w, przyci\u0105gaj\u0105c ich do siebie:<\/p>\n<ul>\n<li>Wiek: G\u0142\u00f3wnie 18-35, cho\u0107 otwarte dla wszystkich doros\u0142ych (18+)<\/li>\n<li>Lokalizacje: U\u017cytkownicy z USA, Wielkiej Brytanii, Indii, Niemiec, Brazylii, Filipin i nie tylko<\/li>\n<li>Zainteresowania: Spotkania towarzyskie, flirtowanie, \u0107wiczenie j\u0119zyk\u00f3w, nawi\u0105zywanie znajomo\u015bci lub niezobowi\u0105zuj\u0105ca rozrywka<\/li>\n<\/ul>\n<p>Aktywni s\u0105 zar\u00f3wno u\u017cytkownicy p\u0142ci m\u0119skiej, jak i \u017ce\u0144skiej, cho\u0107 - jak to zwykle bywa w przypadku platform do losowego czatowania - przewa\u017caj\u0105 m\u0119\u017cczy\u017ani. Atrakcyjno\u015b\u0107 polega na spontaniczno\u015bci: nigdy nie wiesz, kogo spotkasz. <a href=\"https:\/\/strangercam.com\/pl\/coomeet\/\">spotkanie<\/a> Nast\u0119pny.<\/p>\n<h2>Bezpiecze\u0144stwo, prywatno\u015b\u0107 i moderacja<\/h2>\n<p>Fox Video Chat uznaje potrzeb\u0119 prywatno\u015bci i bezpiecze\u0144stwa u\u017cytkownika w losowym czacie wideo, wdra\u017caj\u0105c kilka zabezpiecze\u0144:<\/p>\n<h3>Prywatno\u015b\u0107<\/h3>\n<ul>\n<li>Brak rejestracji lub tworzenia konta: U\u017cytkownicy pozostaj\u0105 anonimowi przez ca\u0142y czas.<\/li>\n<li>Dane nie s\u0105 gromadzone: Nie s\u0105 wymagane \u017cadne nazwiska, adresy e-mail ani numery telefon\u00f3w.<\/li>\n<li>Brak nagra\u0144: Czaty nie s\u0105 zapisywane ani przechowywane.<\/li>\n<\/ul>\n<h3>Moderacja<\/h3>\n<ul>\n<li>Raportowanie na czacie: U\u017cytkownicy mog\u0105 szybko zg\u0142asza\u0107 obra\u017aliwe lub obel\u017cywe zachowania.<\/li>\n<li>Wykrywanie AI: Podstawowe filtry pomagaj\u0105 wykrywa\u0107 nago\u015b\u0107 lub tre\u015bci erotyczne.<\/li>\n<li>Ludzka moderacja: Zg\u0142oszenia s\u0105 weryfikowane, a osoby powtarzaj\u0105ce wykroczenia s\u0105 banowane.<\/li>\n<\/ul>\n<h3>Najlepsze praktyki<\/h3>\n<ul>\n<li>Nigdy nie udost\u0119pniaj danych osobowych na czacie.<\/li>\n<li>W razie potrzeby u\u017cywaj przycisk\u00f3w \"Dalej\" i \"Zg\u0142o\u015b\".<\/li>\n<li>Unikaj anga\u017cowania si\u0119 w rozmowy z podejrzanymi u\u017cytkownikami i prowad\u017a je w spos\u00f3b lekki i pe\u0142en szacunku.<\/li>\n<\/ul>\n<h2>Do\u015bwiadczenie u\u017cytkownika i projektowanie<\/h2>\n<p>Nowoczesny, lekki interfejs Fox Video Chat zosta\u0142 stworzony z my\u015bl\u0105 o szybkim i przyjemnym czatowaniu:<\/p>\n<ul>\n<li>Strona g\u0142\u00f3wna zawiera du\u017cy przycisk \"Start\", informacje o prywatno\u015bci i zasady.<\/li>\n<li>Kana\u0142y wideo s\u0105 du\u017ce i wyra\u017ane, z \u0142atwym dost\u0119pem do funkcji wyciszania, pomijania i raportowania.<\/li>\n<li>Przej\u015bcia na czacie s\u0105 szybkie, z minimalnymi przestojami mi\u0119dzy meczami.<\/li>\n<li>Witryna jest zoptymalizowana pod k\u0105tem szybkiego \u0142adowania i p\u0142ynnego dzia\u0142ania nawet na urz\u0105dzeniach \u015bredniej klasy.<\/li>\n<\/ul>\n<p>Obs\u0142uga mobilna jest szczeg\u00f3lnie dobra, dzi\u0119ki czemu Fox Video Chat jest \u015bwietn\u0105 opcj\u0105 do czatowania w podr\u00f3\u017cy.<\/p>\n<h2>Fox Video Chat a inne platformy do losowego czatowania<\/h2>\n<p>Jak Fox Video Chat wypada w por\u00f3wnaniu z innymi najlepszymi witrynami do czat\u00f3w wideo w 2025 roku?<\/p>\n<table>\n<thead>\n<tr>\n<th>Cecha<\/th>\n<th>Fox Video Chat<\/th>\n<th>Omegle (zamkni\u0119ty)<\/th>\n<th>Chatroulette<\/th>\n<th>Chatrandom<\/th>\n<th>Ohmegle<\/th>\n<\/tr>\n<\/thead>\n<tbody>\n<tr>\n<td>Losowy czat wideo<\/td>\n<td>Tak<\/td>\n<td>Tak<\/td>\n<td>Tak<\/td>\n<td>Tak<\/td>\n<td>Tak<\/td>\n<\/tr>\n<tr>\n<td>Opcja czatu tekstowego<\/td>\n<td>Tak<\/td>\n<td>Tak<\/td>\n<td>Nie<\/td>\n<td>Tak<\/td>\n<td>Tak<\/td>\n<\/tr>\n<tr>\n<td>Wymagana rejestracja<\/td>\n<td>Nie<\/td>\n<td>Nie<\/td>\n<td>Nie<\/td>\n<td>Opcjonalnie<\/td>\n<td>Nie<\/td>\n<\/tr>\n<tr>\n<td>Wsparcie mobilne<\/td>\n<td>Doskona\u0142y<\/td>\n<td>S\u0142aby<\/td>\n<td>Dobry<\/td>\n<td>Dobry<\/td>\n<td>Doskona\u0142y<\/td>\n<\/tr>\n<tr>\n<td>Narz\u0119dzia moderacji<\/td>\n<td>Umiarkowany<\/td>\n<td>Minimalny<\/td>\n<td>S\u0142aby<\/td>\n<td>Umiarkowany<\/td>\n<td>Umiarkowany<\/td>\n<\/tr>\n<tr>\n<td>Bezp\u0142atne u\u017cytkowanie<\/td>\n<td>Tak<\/td>\n<td>Tak<\/td>\n<td>Tak<\/td>\n<td>Tak\/P\u0142atne<\/td>\n<td>Tak<\/td>\n<\/tr>\n<tr>\n<td>Filtry p\u0142ci\/regionu<\/td>\n<td>Nie<\/td>\n<td>Nie<\/td>\n<td>Nie<\/td>\n<td>P\u0142atne<\/td>\n<td>Nie<\/td>\n<\/tr>\n<\/tbody>\n<\/table>\n<p>Podsumowanie: zapewnia wra\u017cenia najbardziej zbli\u017cone do oryginalnego Omegle, z czystszym interfejsem i lepsz\u0105 obs\u0142ug\u0105 mobiln\u0105 ni\u017c wielu konkurent\u00f3w. Narz\u0119dzia moderacyjne s\u0105 coraz lepsze, ale prawdziw\u0105 zalet\u0105 jest prostota i szybko\u015b\u0107 strony.<\/p>\n<h2>Plusy i minusy<\/h2>\n<p>Plusy:<\/p>\n<ul>\n<li>100% darmowy i anonimowy<\/li>\n<li>Nie jest wymagana rejestracja ani pobieranie plik\u00f3w<\/li>\n<li>Szybkie, p\u0142ynne dopasowanie i przej\u015bcia czatu<\/li>\n<li>Przejrzysty, intuicyjny interfejs dla komputer\u00f3w stacjonarnych i urz\u0105dze\u0144 mobilnych<\/li>\n<li>Dost\u0119pne tryby czatu wideo i tekstowego<\/li>\n<li>Globalna baza u\u017cytkownik\u00f3w<\/li>\n<\/ul>\n<p>Wady:<\/p>\n<ul>\n<li>Brak filtrowania wed\u0142ug p\u0142ci lub lokalizacji<\/li>\n<li>Sporadyczne nara\u017cenie na nieodpowiednie zachowanie (wsp\u00f3lne dla wszystkich losowych witryn czatu)<\/li>\n<li>Wi\u0119cej u\u017cytkownik\u00f3w p\u0142ci m\u0119skiej ni\u017c \u017ce\u0144skiej<\/li>\n<li>Brak profili lub mo\u017cliwo\u015bci ponownego nawi\u0105zania kontaktu z by\u0142ymi u\u017cytkownikami.<\/li>\n<\/ul>\n<h2>Idealne przypadki u\u017cycia<\/h2>\n<p>Czat wideo jest idealny dla:<\/p>\n<ul>\n<li>U\u017cytkownicy nostalgicznie wspominaj\u0105 klasyczne platformy czatu losowego<\/li>\n<li>Osoby szukaj\u0105ce spontanicznej rozmowy z nieznajomymi<\/li>\n<li>Osoby ucz\u0105ce si\u0119 j\u0119zyka, kt\u00f3re chc\u0105 \u0107wiczy\u0107 w czasie rzeczywistym<\/li>\n<li>Podr\u00f3\u017cni i ekspaci szukaj\u0105cy mi\u0119dzynarodowych po\u0142\u0105cze\u0144<\/li>\n<li>Ka\u017cdy, kto szuka odskoczni od nudy bez zobowi\u0105za\u0144 i rejestracji<\/li>\n<\/ul>\n<p>Jest mniej idealny dla:<\/p>\n<ul>\n<li>Ci, kt\u00f3rzy szukaj\u0105 funkcji randkowych lub wyselekcjonowanych dopasowa\u0144<\/li>\n<li>U\u017cytkownicy poni\u017cej 18 roku \u017cycia (platforma jest przeznaczona wy\u0142\u0105cznie dla doros\u0142ych)<\/li>\n<li>Osoby chc\u0105ce ponownie nawi\u0105za\u0107 kontakt lub \u015bledzi\u0107 dawnych partner\u00f3w na czacie<\/li>\n<\/ul>\n<h2>Werdykt ko\u0144cowy<\/h2>\n<p>Fox Video Chat to doskona\u0142y wyb\u00f3r dla ka\u017cdego, kto chce odzyska\u0107 zabaw\u0119 i emocje zwi\u0105zane z losowymi rozmowami wideo online w 2025 roku. Jego anonimowe podej\u015bcie bez konieczno\u015bci rejestracji, w po\u0142\u0105czeniu z szybkim i nowoczesnym interfejsem, sprawia, \u017ce jest to jedna z najbardziej dost\u0119pnych i przyjemnych platform do ruletki na czacie.<\/p>\n<p>Niezale\u017cnie od tego, czy szukasz nowych znajomych, niezobowi\u0105zuj\u0105cego flirtu, czy po prostu ciekawego sposobu na sp\u0119dzenie czasu, oferuje bezpieczne, lekkie i ca\u0142kowicie bezp\u0142atne \u015brodowisko do spontanicznych globalnych po\u0142\u0105cze\u0144. Nie jest za\u015bmiecona profilami, dodatkowymi ofertami ani natr\u0119tnymi reklamami - to czysty, szybki i anonimowy czat.<\/p>\n<p>Je\u015bli chcesz nowoczesnej odmiany do\u015bwiadczenia Omegle, jest to absolutnie warte wypr\u00f3bowania.<\/p>","protected":false},"excerpt":{"rendered":"<p>The search for the perfect random video chat site continues as users seek safe, anonymous, and fun alternatives to classics like Omegle and Chatroulette. Fox Video Chat is one of the latest platforms to catch the eye of the global chat community, promising fast connections, easy use, and a friendly environment for meeting strangers online. [&hellip;]<\/p>\n","protected":false},"author":6,"featured_media":0,"parent":0,"menu_order":0,"comment_status":"closed","ping_status":"closed","template":"","meta":{"footnotes":""},"class_list":["post-12909","page","type-page","status-publish","hentry"],"yoast_head":"<!-- This site is optimized with the Yoast SEO plugin v26.9 - https:\/\/yoast.com\/product\/yoast-seo-wordpress\/ -->\n<title>Fox Video Chat - Video Chat with Strangers on StrangerCam.com<\/title>\n<meta name=\"description\" content=\"Like Fox Video Chat? Come chat with more than 5.000.000 strangers on Stranger Cam for Free! Turn on your cam and find new friends &amp; maby a match!\" \/>\n<meta name=\"robots\" content=\"index, follow, max-snippet:-1, max-image-preview:large, max-video-preview:-1\" \/>\n<link rel=\"canonical\" href=\"https:\/\/strangercam.com\/pl\/fox-video-chat\/\" \/>\n<meta property=\"og:locale\" content=\"pl_PL\" \/>\n<meta property=\"og:type\" content=\"article\" \/>\n<meta property=\"og:title\" content=\"Fox Video Chat - Video Chat with Strangers on StrangerCam.com\" \/>\n<meta property=\"og:description\" content=\"Like Fox Video Chat? Come chat with more than 5.000.000 strangers on Stranger Cam for Free! Turn on your cam and find new friends &amp; maby a match!\" \/>\n<meta property=\"og:url\" content=\"https:\/\/strangercam.com\/pl\/fox-video-chat\/\" \/>\n<meta property=\"og:site_name\" content=\"Strangercam\" \/>\n<meta property=\"article:publisher\" content=\"https:\/\/www.facebook.com\/strangercam\" \/>\n<meta property=\"article:modified_time\" content=\"2025-07-14T11:46:15+00:00\" \/>\n<meta property=\"og:image\" content=\"https:\/\/strangercam.com\/wp-content\/uploads\/2021\/10\/Untitled-2.png\" \/>\n\t<meta property=\"og:image:width\" content=\"800\" \/>\n\t<meta property=\"og:image:height\" content=\"532\" \/>\n\t<meta property=\"og:image:type\" content=\"image\/png\" \/>\n<meta name=\"twitter:card\" content=\"summary_large_image\" \/>\n<meta name=\"twitter:site\" content=\"@strangercamapp\" \/>\n<meta name=\"twitter:label1\" content=\"Szacowany czas czytania\" \/>\n\t<meta name=\"twitter:data1\" content=\"6 minut\" \/>\n<script type=\"application\/ld+json\" class=\"yoast-schema-graph\">{\"@context\":\"https:\/\/schema.org\",\"@graph\":[{\"@type\":\"WebPage\",\"@id\":\"https:\/\/strangercam.com\/fox-video-chat\/\",\"url\":\"https:\/\/strangercam.com\/fox-video-chat\/\",\"name\":\"Fox Video Chat - Video Chat with Strangers on StrangerCam.com\",\"isPartOf\":{\"@id\":\"https:\/\/strangercam.com\/#website\"},\"datePublished\":\"2025-07-14T11:45:54+00:00\",\"dateModified\":\"2025-07-14T11:46:15+00:00\",\"description\":\"Like Fox Video Chat? Come chat with more than 5.000.000 strangers on Stranger Cam for Free! Turn on your cam and find new friends & maby a match!\",\"breadcrumb\":{\"@id\":\"https:\/\/strangercam.com\/fox-video-chat\/#breadcrumb\"},\"inLanguage\":\"pl-PL\",\"potentialAction\":[{\"@type\":\"ReadAction\",\"target\":[\"https:\/\/strangercam.com\/fox-video-chat\/\"]}]},{\"@type\":\"BreadcrumbList\",\"@id\":\"https:\/\/strangercam.com\/fox-video-chat\/#breadcrumb\",\"itemListElement\":[{\"@type\":\"ListItem\",\"position\":1,\"name\":\"Home\",\"item\":\"https:\/\/strangercam.com\/\"},{\"@type\":\"ListItem\",\"position\":2,\"name\":\"Fox Video Chat\"}]},{\"@type\":\"WebSite\",\"@id\":\"https:\/\/strangercam.com\/#website\",\"url\":\"https:\/\/strangercam.com\/\",\"name\":\"Strangercam\",\"description\":\"Random Video Chat with Strangers\",\"publisher\":{\"@id\":\"https:\/\/strangercam.com\/#organization\"},\"alternateName\":\"Strangercam.com\",\"potentialAction\":[{\"@type\":\"SearchAction\",\"target\":{\"@type\":\"EntryPoint\",\"urlTemplate\":\"https:\/\/strangercam.com\/?s={search_term_string}\"},\"query-input\":{\"@type\":\"PropertyValueSpecification\",\"valueRequired\":true,\"valueName\":\"search_term_string\"}}],\"inLanguage\":\"pl-PL\"},{\"@type\":\"Organization\",\"@id\":\"https:\/\/strangercam.com\/#organization\",\"name\":\"Strangercam\",\"alternateName\":\"Strangercam.com\",\"url\":\"https:\/\/strangercam.com\/\",\"logo\":{\"@type\":\"ImageObject\",\"inLanguage\":\"pl-PL\",\"@id\":\"https:\/\/strangercam.com\/#\/schema\/logo\/image\/\",\"url\":\"https:\/\/strangercam.com\/wp-content\/uploads\/2020\/11\/cropped-new-favicon-black.png\",\"contentUrl\":\"https:\/\/strangercam.com\/wp-content\/uploads\/2020\/11\/cropped-new-favicon-black.png\",\"width\":512,\"height\":512,\"caption\":\"Strangercam\"},\"image\":{\"@id\":\"https:\/\/strangercam.com\/#\/schema\/logo\/image\/\"},\"sameAs\":[\"https:\/\/www.facebook.com\/strangercam\",\"https:\/\/x.com\/strangercamapp\"]}]}<\/script>\n<!-- \/ Yoast SEO plugin. -->","yoast_head_json":{"title":"Fox Video Chat - Czat wideo z nieznajomymi na StrangerCam.com","description":"Jak Fox Video Chat? Przyjd\u017a na czat z ponad 5.000.000 nieznajomych na Stranger Cam za darmo! W\u0142\u0105cz kamer\u0119 i znajd\u017a nowych przyjaci\u00f3\u0142 i mo\u017ce mecz!","robots":{"index":"index","follow":"follow","max-snippet":"max-snippet:-1","max-image-preview":"max-image-preview:large","max-video-preview":"max-video-preview:-1"},"canonical":"https:\/\/strangercam.com\/pl\/fox-video-chat\/","og_locale":"pl_PL","og_type":"article","og_title":"Fox Video Chat - Video Chat with Strangers on StrangerCam.com","og_description":"Like Fox Video Chat? Come chat with more than 5.000.000 strangers on Stranger Cam for Free! Turn on your cam and find new friends & maby a match!","og_url":"https:\/\/strangercam.com\/pl\/fox-video-chat\/","og_site_name":"Strangercam","article_publisher":"https:\/\/www.facebook.com\/strangercam","article_modified_time":"2025-07-14T11:46:15+00:00","og_image":[{"width":800,"height":532,"url":"https:\/\/strangercam.com\/wp-content\/uploads\/2021\/10\/Untitled-2.png","type":"image\/png"}],"twitter_card":"summary_large_image","twitter_site":"@strangercamapp","twitter_misc":{"Szacowany czas czytania":"6 minut"},"schema":{"@context":"https:\/\/schema.org","@graph":[{"@type":"WebPage","@id":"https:\/\/strangercam.com\/fox-video-chat\/","url":"https:\/\/strangercam.com\/fox-video-chat\/","name":"Fox Video Chat - Czat wideo z nieznajomymi na StrangerCam.com","isPartOf":{"@id":"https:\/\/strangercam.com\/#website"},"datePublished":"2025-07-14T11:45:54+00:00","dateModified":"2025-07-14T11:46:15+00:00","description":"Jak Fox Video Chat? Przyjd\u017a na czat z ponad 5.000.000 nieznajomych na Stranger Cam za darmo! W\u0142\u0105cz kamer\u0119 i znajd\u017a nowych przyjaci\u00f3\u0142 i mo\u017ce mecz!","breadcrumb":{"@id":"https:\/\/strangercam.com\/fox-video-chat\/#breadcrumb"},"inLanguage":"pl-PL","potentialAction":[{"@type":"ReadAction","target":["https:\/\/strangercam.com\/fox-video-chat\/"]}]},{"@type":"BreadcrumbList","@id":"https:\/\/strangercam.com\/fox-video-chat\/#breadcrumb","itemListElement":[{"@type":"ListItem","position":1,"name":"Home","item":"https:\/\/strangercam.com\/"},{"@type":"ListItem","position":2,"name":"Fox Video Chat"}]},{"@type":"WebSite","@id":"https:\/\/strangercam.com\/#website","url":"https:\/\/strangercam.com\/","name":"Strangercam","description":"Losowy czat wideo z nieznajomymi","publisher":{"@id":"https:\/\/strangercam.com\/#organization"},"alternateName":"Strangercam.com","potentialAction":[{"@type":"SearchAction","target":{"@type":"EntryPoint","urlTemplate":"https:\/\/strangercam.com\/?s={search_term_string}"},"query-input":{"@type":"PropertyValueSpecification","valueRequired":true,"valueName":"search_term_string"}}],"inLanguage":"pl-PL"},{"@type":"Organization","@id":"https:\/\/strangercam.com\/#organization","name":"Strangercam","alternateName":"Strangercam.com","url":"https:\/\/strangercam.com\/","logo":{"@type":"ImageObject","inLanguage":"pl-PL","@id":"https:\/\/strangercam.com\/#\/schema\/logo\/image\/","url":"https:\/\/strangercam.com\/wp-content\/uploads\/2020\/11\/cropped-new-favicon-black.png","contentUrl":"https:\/\/strangercam.com\/wp-content\/uploads\/2020\/11\/cropped-new-favicon-black.png","width":512,"height":512,"caption":"Strangercam"},"image":{"@id":"https:\/\/strangercam.com\/#\/schema\/logo\/image\/"},"sameAs":["https:\/\/www.facebook.com\/strangercam","https:\/\/x.com\/strangercamapp"]}]}},"_links":{"self":[{"href":"https:\/\/strangercam.com\/pl\/wp-json\/wp\/v2\/pages\/12909","targetHints":{"allow":["GET"]}}],"collection":[{"href":"https:\/\/strangercam.com\/pl\/wp-json\/wp\/v2\/pages"}],"about":[{"href":"https:\/\/strangercam.com\/pl\/wp-json\/wp\/v2\/types\/page"}],"author":[{"embeddable":true,"href":"https:\/\/strangercam.com\/pl\/wp-json\/wp\/v2\/users\/6"}],"replies":[{"embeddable":true,"href":"https:\/\/strangercam.com\/pl\/wp-json\/wp\/v2\/comments?post=12909"}],"version-history":[{"count":1,"href":"https:\/\/strangercam.com\/pl\/wp-json\/wp\/v2\/pages\/12909\/revisions"}],"predecessor-version":[{"id":12910,"href":"https:\/\/strangercam.com\/pl\/wp-json\/wp\/v2\/pages\/12909\/revisions\/12910"}],"wp:attachment":[{"href":"https:\/\/strangercam.com\/pl\/wp-json\/wp\/v2\/media?parent=12909"}],"curies":[{"name":"wp","href":"https:\/\/api.w.org\/{rel}","templated":true}]}}