{"id":12905,"date":"2025-07-14T13:38:21","date_gmt":"2025-07-14T11:38:21","guid":{"rendered":"https:\/\/strangercam.com\/?page_id=12905"},"modified":"2025-07-14T13:38:21","modified_gmt":"2025-07-14T11:38:21","slug":"stranger-space","status":"publish","type":"page","link":"https:\/\/strangercam.com\/pl\/stranger-space\/","title":{"rendered":"Obca przestrze\u0144"},"content":{"rendered":"<p>Przy tak wielu losowych filmach <a href=\"https:\/\/strangercam.com\/pl\/chathub\/\">czat<\/a> W\u015br\u00f3d platform walcz\u0105cych o uwag\u0119 w 2025 roku rzadko mo\u017cna znale\u017a\u0107 witryn\u0119, kt\u00f3ra r\u00f3wnowa\u017cy anonimowo\u015b\u0107, bezpiecze\u0144stwo i nowoczesne wra\u017cenia u\u017cytkownika tak dobrze, jak Stranger Space. Zaprojektowany dla u\u017cytkownik\u00f3w, kt\u00f3rzy chc\u0105 spontanicznych kontakt\u00f3w twarz\u0105 w twarz - ale bez pu\u0142apek, kt\u00f3re n\u0119ka\u0142y starsze platformy - Stranger Space wyr\u00f3\u017cnia si\u0119 inteligentnymi wyborami projektowymi, wbudowan\u0105 moderacj\u0105 i \u015bwie\u017c\u0105, przyjazn\u0105 atmosfer\u0105.<\/p>\n<p>Ale czy Stranger Space jest najlepszym nowym miejscem do rozm\u00f3w wideo z nieznajomymi? Czy jest bezpieczna, \u0142atwa w u\u017cyciu i naprawd\u0119 zabawna? W tej szczeg\u00f3\u0142owej recenzji om\u00f3wimy wszystko, co musisz wiedzie\u0107: jak to dzia\u0142a, kto z niego korzysta, co go wyr\u00f3\u017cnia i jak wypada w por\u00f3wnaniu z innymi najlepszymi witrynami do czat\u00f3w wideo w 2025 roku.<\/p>\n<h2>Czym jest Stranger Space?<\/h2>\n<p>Stranger Space to darmowa, oparta na przegl\u0105darce platforma do losowych rozm\u00f3w wideo, kt\u00f3ra natychmiast \u0142\u0105czy Ci\u0119 z nieznajomymi z ca\u0142ego \u015bwiata. U\u017cytkownicy mog\u0105 prowadzi\u0107 prywatne rozmowy wideo jeden na jednego lub prze\u0142\u0105czy\u0107 si\u0119 na czat tekstowy, a wszystko to bez konieczno\u015bci tworzenia konta lub pobierania jakiejkolwiek aplikacji.<\/p>\n<p>Nacisk k\u0142adziony jest na \u0142atw\u0105, anonimow\u0105 komunikacj\u0119 w czasie rzeczywistym. Wystarczy otworzy\u0107 witryn\u0119, w\u0142\u0105czy\u0107 kamer\u0119 internetow\u0105 i mikrofon, a nast\u0119pnie klikn\u0105\u0107, aby rozpocz\u0105\u0107 czat. Przejrzysty interfejs i nowoczesny wygl\u0105d Stranger Space oznaczaj\u0105, \u017ce mo\u017cesz porozmawia\u0107 z kim\u015b nowym w ci\u0105gu kilku sekund.<\/p>\n<h2>Jaki jest cel Stranger Space?<\/h2>\n<p>Misj\u0105 Stranger Space jest o\u017cywienie emocji i prostoty klasycznych platform do losowego czatowania - przy jednoczesnym wyeliminowaniu niedoci\u0105gni\u0119\u0107 w zakresie bezpiecze\u0144stwa, prywatno\u015bci i u\u017cyteczno\u015bci, kt\u00f3re sprawi\u0142y, \u017ce witryny takie jak <a href=\"https:\/\/strangercam.com\/pl\/omegle\/\">Omegle<\/a> nies\u0142awny.<\/p>\n<p>Stranger Space zosta\u0142 stworzony dla:<\/p>\n<ul>\n<li>Ludzie, kt\u00f3rzy chc\u0105 spontanicznej, nieskryptowanej interakcji twarz\u0105 w twarz<\/li>\n<li>U\u017cytkownicy ceni\u0105cy anonimowo\u015b\u0107 i prywatno\u015b\u0107 danych<\/li>\n<li>Ka\u017cdy, kto jest zm\u0119czony nieko\u0144cz\u0105cymi si\u0119 profilami, kana\u0142ami spo\u0142eczno\u015bciowymi i przesuwaniem<\/li>\n<li>Osoby ucz\u0105ce si\u0119 j\u0119zyk\u00f3w obcych i podr\u00f3\u017cnicy pragn\u0105cy poszerzy\u0107 swoje horyzonty<\/li>\n<\/ul>\n<p>Przede wszystkim chodzi o szybkie i bezpieczne \u0142\u0105czenie ludzi, pozwalaj\u0105ce pozna\u0107 nowe kultury, pomys\u0142y i przyja\u017anie - lub po prostu wy\u0142adowa\u0107 si\u0119 po d\u0142ugim dniu.<\/p>\n<h2>Kluczowe cechy<\/h2>\n<p>1. Anonimowy czat wideo jeden na jednego<br \/>\nRdzeniem Stranger Space jest prywatny, losowy czat wideo. Kliknij, aby rozpocz\u0105\u0107, a zostaniesz natychmiast sparowany z innym u\u017cytkownikiem w dowolnym miejscu na \u015bwiecie. Nie ma kont, nie s\u0105 wymagane \u017cadne dane osobowe, a ka\u017cda rozmowa jest wyj\u0105tkowa.<\/p>\n<p>2. Przycisk Pomi\u0144\/Nast\u0119pny<br \/>\nJe\u015bli rozmowa nie idzie dobrze lub po prostu jeste\u015b gotowy na zmian\u0119, po prostu naci\u015bnij \"Dalej\". Zostaniesz natychmiast po\u0142\u0105czony z innym u\u017cytkownikiem. Ten szybki cykl sprawia, \u017ce do\u015bwiadczenie jest \u015bwie\u017ce i dynamiczne.<\/p>\n<p>3. Opcja czatu tekstowego<br \/>\nDla tych, kt\u00f3rzy stroni\u0105 od kamer lub maj\u0105 problemy z przepustowo\u015bci\u0105, Stranger Space oferuje tryb tylko tekstowy. Mo\u017cesz prze\u0142\u0105cza\u0107 si\u0119 mi\u0119dzy tekstem a wideo wed\u0142ug w\u0142asnego uznania, dzi\u0119ki czemu jest wszechstronny dla wszystkich rodzaj\u00f3w u\u017cytkownik\u00f3w.<\/p>\n<p>4. Bez rejestracji i pobierania<br \/>\nNie musisz tworzy\u0107 konta, zak\u0142ada\u0107 profilu ani pobiera\u0107 \u017cadnego oprogramowania. Stranger Space dzia\u0142a bezpo\u015brednio w przegl\u0105darce na komputerach i urz\u0105dzeniach mobilnych.<\/p>\n<p>5. Nowoczesny, responsywny design<br \/>\nStranger Space wyr\u00f3\u017cnia si\u0119 eleganckim, minimalistycznym interfejsem. Strona \u0142aduje si\u0119 szybko, elementy steruj\u0105ce s\u0105 \u0142atwe do znalezienia, a jako\u015b\u0107 wideo jest doskona\u0142a - nawet w przegl\u0105darkach mobilnych.<\/p>\n<p>6. Narz\u0119dzia bezpiecze\u0144stwa i moderacji<br \/>\nStranger Space stawia na bezpiecze\u0144stwo z widocznym przyciskiem zg\u0142aszania na ka\u017cdym czacie, podstawowym wykrywaniem nago\u015bci i nadu\u017cy\u0107 opartym na sztucznej inteligencji oraz moderacj\u0105 w czasie rzeczywistym w godzinach szczytu.<\/p>\n<p>7. Wieloj\u0119zyczna i mi\u0119dzynarodowa baza u\u017cytkownik\u00f3w<br \/>\nPlatforma obs\u0142uguje u\u017cytkownik\u00f3w na ca\u0142ym \u015bwiecie, dzi\u0119ki czemu jest doskona\u0142ym miejscem do \u0107wiczenia j\u0119zyk\u00f3w, odkrywania nowych kultur lub po prostu nawi\u0105zywania znajomo\u015bci z daleka.<\/p>\n<h2>Czy Stranger Space jest darmowe?<\/h2>\n<p>Tak, gra Stranger Space jest ca\u0142kowicie darmowa. Nie ma \u017cadnych op\u0142at:<\/p>\n<ul>\n<li>Paywalle lub subskrypcje<\/li>\n<li>Monety, tokeny lub zakupy w aplikacji<\/li>\n<li>Zablokowane funkcje<\/li>\n<\/ul>\n<p>Wszyscy u\u017cytkownicy maj\u0105 dost\u0119p zar\u00f3wno do czatu wideo, jak i tekstowego, funkcji pomijania i funkcji moderacji. Platforma mo\u017ce wy\u015bwietla\u0107 nieinwazyjne reklamy w celu pokrycia koszt\u00f3w, ale nie zak\u0142\u00f3caj\u0105 one g\u0142\u00f3wnego do\u015bwiadczenia czatu.<\/p>\n<h2>Kto korzysta ze Stranger Space?<\/h2>\n<p>Nowoczesny wygl\u0105d i funkcje bezpiecze\u0144stwa platformy przyci\u0105gaj\u0105 zr\u00f3\u017cnicowan\u0105, globaln\u0105 baz\u0119 u\u017cytkownik\u00f3w. Wi\u0119kszo\u015b\u0107 u\u017cytkownik\u00f3w to:<\/p>\n<ul>\n<li>Wiek od 18 do 35 lat (platforma jest przeznaczona wy\u0142\u0105cznie dla doros\u0142ych)<\/li>\n<li>Ze Stan\u00f3w Zjednoczonych, Wielkiej Brytanii, Indii, Niemiec, Brazylii, Kanady i Azji Po\u0142udniowo-Wschodniej<\/li>\n<li>Podzia\u0142 na osoby szukaj\u0105ce przyjaznej rozmowy, wymiany j\u0119zykowej i niezobowi\u0105zuj\u0105cego flirtu<\/li>\n<\/ul>\n<p>W przeciwie\u0144stwie do niekt\u00f3rych witryn z czatami wideo, zaanga\u017cowanie Stranger Space w bezpiecze\u0144stwo i prywatno\u015b\u0107 oznacza, \u017ce jest on atrakcyjny zar\u00f3wno dla m\u0119\u017cczyzn, jak i kobiet, z bardziej zr\u00f3wnowa\u017conym udzia\u0142em p\u0142ci ni\u017c typowy w tej niszy.<\/p>\n<h2>Bezpiecze\u0144stwo, prywatno\u015b\u0107 i moderacja<\/h2>\n<p>Bezpiecze\u0144stwo i prywatno\u015b\u0107 s\u0105 priorytetami dla Stranger Space i wida\u0107 to na kilka kluczowych sposob\u00f3w:<\/p>\n<h3>Prywatno\u015b\u0107<\/h3>\n<ul>\n<li>Brak rejestracji lub tworzenia profilu<\/li>\n<li>Rozmowy nigdy nie s\u0105 nagrywane ani przechowywane<\/li>\n<li>Kamera internetowa i mikrofon s\u0105 aktywne tylko podczas sesji.<\/li>\n<li>\u017badne dane osobowe nie s\u0105 gromadzone ani udost\u0119pniane innym u\u017cytkownikom<\/li>\n<\/ul>\n<h3>Moderacja<\/h3>\n<ul>\n<li>Zg\u0142aszanie nadu\u017cy\u0107, nago\u015bci lub spamu na czacie<\/li>\n<li>Wykrywanie oparte na sztucznej inteligencji w celu automatycznego oznaczania nieodpowiednich tre\u015bci<\/li>\n<li>R\u0119czne moderowanie w okresach wzmo\u017conego ruchu<\/li>\n<li>Szybkie bany dla powtarzaj\u0105cych si\u0119 przest\u0119pc\u00f3w<\/li>\n<\/ul>\n<h3>Wytyczne dla u\u017cytkownik\u00f3w<\/h3>\n<ul>\n<li>Platforma jest przeznaczona wy\u0142\u0105cznie dla os\u00f3b doros\u0142ych (18+).<\/li>\n<li>U\u017cytkownikom zdecydowanie odradza si\u0119 udost\u0119pnianie danych osobowych<\/li>\n<li>Standardy spo\u0142eczno\u015bci zabraniaj\u0105 nago\u015bci, n\u0119kania i nielegalnej dzia\u0142alno\u015bci.<\/li>\n<\/ul>\n<p>Systemy te wsp\u00f3\u0142pracuj\u0105 ze sob\u0105, aby stworzy\u0107 bezpieczniejsze, bardziej przyjazne \u015brodowisko czatu - chocia\u017c, podobnie jak w przypadku wszystkich anonimowych platform, pozostaje pewne ryzyko i u\u017cytkownicy powinni zawsze zachowa\u0107 ostro\u017cno\u015b\u0107.<\/p>\n<h2>Do\u015bwiadczenie u\u017cytkownika i projektowanie<\/h2>\n<p>Stranger Space zapewnia nowoczesn\u0105, szybk\u0105 i przejrzyst\u0105 rozgrywk\u0119:<\/p>\n<ul>\n<li>Strona g\u0142\u00f3wna oferuje prosty przycisk \"Start\", kr\u00f3tkie informacje o bezpiecze\u0144stwie i bezpo\u015bredni dost\u0119p do czatu<\/li>\n<li>Materia\u0142y wideo s\u0105 du\u017ce, wyra\u017ane i dobrze dostosowuj\u0105 si\u0119 do r\u00f3\u017cnych rozmiar\u00f3w ekranu.<\/li>\n<li>Przyciski \"Dalej\", \"Zg\u0142o\u015b\", wyciszania i prze\u0142\u0105czania mi\u0119dzy tekstem a wideo s\u0105 zawsze widoczne i \u0142atwe w u\u017cyciu.<\/li>\n<\/ul>\n<p>Zar\u00f3wno na komputerach stacjonarnych, jak i urz\u0105dzeniach mobilnych, czasy \u0142adowania s\u0105 kr\u00f3tkie, a platforma dzia\u0142a p\u0142ynnie. W przeciwie\u0144stwie do starszych witryn, Stranger Space wydaje si\u0119 by\u0107 stworzona specjalnie z my\u015bl\u0105 o dzisiejszych pr\u0119dko\u015bciach i urz\u0105dzeniach internetowych.<\/p>\n<h2>Stranger Space a inne platformy losowych czat\u00f3w wideo<\/h2>\n<p>Jak wypada Stranger Space w por\u00f3wnaniu z innymi wiod\u0105cymi witrynami do czat\u00f3w wideo?<\/p>\n<table>\n<thead>\n<tr>\n<th>Cecha<\/th>\n<th>Obca przestrze\u0144<\/th>\n<th>Ohmegle<\/th>\n<th><a href=\"https:\/\/strangercam.com\/pl\/ometv\/\">OmeTV<\/a><\/th>\n<th>Chatrandom<\/th>\n<th>Chaty<\/th>\n<\/tr>\n<\/thead>\n<tbody>\n<tr>\n<td>Czat wideo<\/td>\n<td>Tak<\/td>\n<td>Tak<\/td>\n<td>Tak<\/td>\n<td>Tak<\/td>\n<td>Tak<\/td>\n<\/tr>\n<tr>\n<td>Opcja czatu tekstowego<\/td>\n<td>Tak<\/td>\n<td>Tak<\/td>\n<td>Tak<\/td>\n<td>Tak<\/td>\n<td>Tak<\/td>\n<\/tr>\n<tr>\n<td>Wymagana rejestracja<\/td>\n<td>Nie<\/td>\n<td>Nie<\/td>\n<td>Nie<\/td>\n<td>Opcjonalnie<\/td>\n<td>Nie<\/td>\n<\/tr>\n<tr>\n<td>Przyjazny dla urz\u0105dze\u0144 mobilnych<\/td>\n<td>Doskona\u0142y<\/td>\n<td>Doskona\u0142y<\/td>\n<td>Dobry<\/td>\n<td>Dobry<\/td>\n<td>Doskona\u0142y<\/td>\n<\/tr>\n<tr>\n<td>Moderacja\/sprawozdawczo\u015b\u0107<\/td>\n<td>Silny<\/td>\n<td>Umiarkowany<\/td>\n<td>Silny<\/td>\n<td>Umiarkowany<\/td>\n<td>Umiarkowany<\/td>\n<\/tr>\n<tr>\n<td>Bezp\u0142atne u\u017cytkowanie<\/td>\n<td>Tak<\/td>\n<td>Tak<\/td>\n<td>Tak<\/td>\n<td>Tak\/P\u0142atne<\/td>\n<td>Tak<\/td>\n<\/tr>\n<tr>\n<td>Filtry p\u0142ci\/regionu<\/td>\n<td>Nie<\/td>\n<td>Nie<\/td>\n<td>P\u0142atne<\/td>\n<td>P\u0142atne<\/td>\n<td>Nie<\/td>\n<\/tr>\n<\/tbody>\n<\/table>\n<p>Podsumowanie: Stranger Space jest najbardziej zbli\u017cony duchem do Ohmegle i Chaty, ale wyr\u00f3\u017cnia si\u0119 nowoczesnym interfejsem u\u017cytkownika i bardziej proaktywn\u0105 moderacj\u0105. W przeciwie\u0144stwie do OmeTV i Chatrandom, nie blokuje funkcji za paywallem ani nie wymaga rejestracji.<\/p>\n<h2>Plusy i minusy<\/h2>\n<p>Plusy:<\/p>\n<ul>\n<li>Ca\u0142kowicie za darmo i anonimowo<\/li>\n<li>Nie jest wymagana rejestracja ani pobieranie<\/li>\n<li>Nowoczesny, przyjazny dla urz\u0105dze\u0144 mobilnych design<\/li>\n<li>Silne funkcje moderacji i bezpiecze\u0144stwa<\/li>\n<li>Szybkie, proste dopasowywanie i pomijanie<\/li>\n<li>Globalna, wieloj\u0119zyczna baza u\u017cytkownik\u00f3w<\/li>\n<\/ul>\n<p>Wady:<\/p>\n<ul>\n<li>Brak filtr\u00f3w p\u0142ci lub regionu (dopasowania s\u0105 w pe\u0142ni losowe).<\/li>\n<li>Sporadyczne nieodpowiednie tre\u015bci, pomimo moderacji<\/li>\n<li>Brak profili, historii u\u017cytkownik\u00f3w lub opcji ponownego dopasowania<\/li>\n<li>Niekt\u00f3rzy u\u017cytkownicy mog\u0105 szybko si\u0119 roz\u0142\u0105cza\u0107 lub cz\u0119sto pomija\u0107.<\/li>\n<\/ul>\n<h2>Idealne przypadki u\u017cycia<\/h2>\n<p>Stranger Space jest idealny dla:<\/p>\n<ul>\n<li>U\u017cytkownicy, kt\u00f3rzy chc\u0105 czystego, spontanicznego czatu wideo lub tekstowego<\/li>\n<li>Ka\u017cdy, kto ceni sobie prywatno\u015b\u0107 i przejrzysty, nowoczesny interfejs<\/li>\n<li>Osoby ucz\u0105ce si\u0119 j\u0119zyk\u00f3w i odkrywcy kultury<\/li>\n<li>Osoby szukaj\u0105ce sposobu na nud\u0119 lub przyjazn\u0105 rozmow\u0119<\/li>\n<li>Doro\u015bli szukaj\u0105cy bezpieczniejszej alternatywy dla czatu legacy <a href=\"https:\/\/strangercam.com\/pl\/chatroulette\/\">ruletka<\/a> strony<\/li>\n<\/ul>\n<p>Jest mniej odpowiedni dla:<\/p>\n<ul>\n<li>Ci, kt\u00f3rzy szukaj\u0105 wyselekcjonowanych funkcji randkowych lub swatania<\/li>\n<li>Niepe\u0142noletni u\u017cytkownicy (wy\u0142\u0105cznie 18+)<\/li>\n<li>Ludzie, kt\u00f3rzy chc\u0105 filtr\u00f3w dla p\u0142ci, kraju lub zainteresowa\u0144<\/li>\n<\/ul>\n<h2>Werdykt ko\u0144cowy<\/h2>\n<p>Stranger Space to jedna z najlepiej zaprojektowanych i najbezpieczniejszych platform losowych czat\u00f3w wideo dost\u0119pnych w 2025 roku. Skupiaj\u0105c si\u0119 na anonimowo\u015bci, nowoczesnej u\u017cyteczno\u015bci i ochronie u\u017cytkownik\u00f3w, wprowadza klasyczn\u0105 ruletk\u0119 czatow\u0105 w now\u0105 er\u0119 - bez ba\u0142aganu i ryzyka, kt\u00f3re kiedy\u015b definiowa\u0142y ten gatunek.<\/p>\n<p>Je\u015bli szukasz miejsca do <a href=\"https:\/\/strangercam.com\/pl\/coomeet\/\">spotkanie<\/a> Aby pozna\u0107 nieznajomych z ca\u0142ego \u015bwiata, prowadzi\u0107 nieskryptowane rozmowy lub po prostu poczu\u0107 dreszczyk emocji zwi\u0105zany z anonimowym czatem wideo, warto wypr\u00f3bowa\u0107 Stranger Space. Uproszczony interfejs, szybkie dopasowywanie i proaktywna moderacja sprawiaj\u0105, \u017ce jest to doskona\u0142y wyb\u00f3r dla ka\u017cdego, kto pragnie kontaktu mi\u0119dzyludzkiego w czasie rzeczywistym - bez rejestracji, bez pobierania, bez \u017cadnych zobowi\u0105za\u0144.<\/p>","protected":false},"excerpt":{"rendered":"<p>With so many random video chat platforms vying for attention in 2025, it\u2019s rare to find a site that balances anonymity, safety, and a modern user experience as well as Stranger Space. Designed for users who want spontaneous face-to-face connections\u2014but without the pitfalls that plagued older platforms\u2014Stranger Space sets itself apart through smart design choices, [&hellip;]<\/p>\n","protected":false},"author":6,"featured_media":0,"parent":0,"menu_order":0,"comment_status":"closed","ping_status":"closed","template":"","meta":{"footnotes":""},"class_list":["post-12905","page","type-page","status-publish","hentry"],"yoast_head":"<!-- This site is optimized with the Yoast SEO plugin v27.4 - https:\/\/yoast.com\/product\/yoast-seo-wordpress\/ -->\n<title>Stranger Space - Talk to Strangers for Free on StrangerCam.com<\/title>\n<meta name=\"description\" content=\"Like Stranger Space? Come chat with more than 5.000.000 strangers on Stranger Cam for Free! Turn on your cam and find new friends &amp; maby a match!\" \/>\n<meta name=\"robots\" content=\"index, follow, max-snippet:-1, max-image-preview:large, max-video-preview:-1\" \/>\n<link rel=\"canonical\" href=\"https:\/\/strangercam.com\/pl\/stranger-space\/\" \/>\n<meta property=\"og:locale\" content=\"pl_PL\" \/>\n<meta property=\"og:type\" content=\"article\" \/>\n<meta property=\"og:title\" content=\"Stranger Space - Talk to Strangers for Free on StrangerCam.com\" \/>\n<meta property=\"og:description\" content=\"Like Stranger Space? Come chat with more than 5.000.000 strangers on Stranger Cam for Free! Turn on your cam and find new friends &amp; maby a match!\" \/>\n<meta property=\"og:url\" content=\"https:\/\/strangercam.com\/pl\/stranger-space\/\" \/>\n<meta property=\"og:site_name\" content=\"Strangercam\" \/>\n<meta property=\"article:publisher\" content=\"https:\/\/www.facebook.com\/strangercam\" \/>\n<meta property=\"og:image\" content=\"https:\/\/strangercam.com\/wp-content\/uploads\/2021\/10\/Untitled-2.png\" \/>\n\t<meta property=\"og:image:width\" content=\"800\" \/>\n\t<meta property=\"og:image:height\" content=\"532\" \/>\n\t<meta property=\"og:image:type\" content=\"image\/png\" \/>\n<meta name=\"twitter:card\" content=\"summary_large_image\" \/>\n<meta name=\"twitter:site\" content=\"@strangercamapp\" \/>\n<meta name=\"twitter:label1\" content=\"Szacowany czas czytania\" \/>\n\t<meta name=\"twitter:data1\" content=\"6 minut\" \/>\n<script type=\"application\/ld+json\" class=\"yoast-schema-graph\">{\"@context\":\"https:\\\/\\\/schema.org\",\"@graph\":[{\"@type\":\"WebPage\",\"@id\":\"https:\\\/\\\/strangercam.com\\\/stranger-space\\\/\",\"url\":\"https:\\\/\\\/strangercam.com\\\/stranger-space\\\/\",\"name\":\"Stranger Space - Talk to Strangers for Free on StrangerCam.com\",\"isPartOf\":{\"@id\":\"https:\\\/\\\/strangercam.com\\\/#website\"},\"datePublished\":\"2025-07-14T11:38:21+00:00\",\"description\":\"Like Stranger Space? Come chat with more than 5.000.000 strangers on Stranger Cam for Free! Turn on your cam and find new friends & maby a match!\",\"breadcrumb\":{\"@id\":\"https:\\\/\\\/strangercam.com\\\/stranger-space\\\/#breadcrumb\"},\"inLanguage\":\"pl-PL\",\"potentialAction\":[{\"@type\":\"ReadAction\",\"target\":[\"https:\\\/\\\/strangercam.com\\\/stranger-space\\\/\"]}]},{\"@type\":\"BreadcrumbList\",\"@id\":\"https:\\\/\\\/strangercam.com\\\/stranger-space\\\/#breadcrumb\",\"itemListElement\":[{\"@type\":\"ListItem\",\"position\":1,\"name\":\"Home\",\"item\":\"https:\\\/\\\/strangercam.com\\\/\"},{\"@type\":\"ListItem\",\"position\":2,\"name\":\"Stranger Space\"}]},{\"@type\":\"WebSite\",\"@id\":\"https:\\\/\\\/strangercam.com\\\/#website\",\"url\":\"https:\\\/\\\/strangercam.com\\\/\",\"name\":\"Strangercam\",\"description\":\"Random Video Chat with Strangers\",\"publisher\":{\"@id\":\"https:\\\/\\\/strangercam.com\\\/#organization\"},\"alternateName\":\"Strangercam.com\",\"potentialAction\":[{\"@type\":\"SearchAction\",\"target\":{\"@type\":\"EntryPoint\",\"urlTemplate\":\"https:\\\/\\\/strangercam.com\\\/?s={search_term_string}\"},\"query-input\":{\"@type\":\"PropertyValueSpecification\",\"valueRequired\":true,\"valueName\":\"search_term_string\"}}],\"inLanguage\":\"pl-PL\"},{\"@type\":\"Organization\",\"@id\":\"https:\\\/\\\/strangercam.com\\\/#organization\",\"name\":\"Strangercam\",\"alternateName\":\"Strangercam.com\",\"url\":\"https:\\\/\\\/strangercam.com\\\/\",\"logo\":{\"@type\":\"ImageObject\",\"inLanguage\":\"pl-PL\",\"@id\":\"https:\\\/\\\/strangercam.com\\\/#\\\/schema\\\/logo\\\/image\\\/\",\"url\":\"https:\\\/\\\/strangercam.com\\\/wp-content\\\/uploads\\\/2020\\\/11\\\/cropped-new-favicon-black.png\",\"contentUrl\":\"https:\\\/\\\/strangercam.com\\\/wp-content\\\/uploads\\\/2020\\\/11\\\/cropped-new-favicon-black.png\",\"width\":512,\"height\":512,\"caption\":\"Strangercam\"},\"image\":{\"@id\":\"https:\\\/\\\/strangercam.com\\\/#\\\/schema\\\/logo\\\/image\\\/\"},\"sameAs\":[\"https:\\\/\\\/www.facebook.com\\\/strangercam\",\"https:\\\/\\\/x.com\\\/strangercamapp\"]}]}<\/script>\n<!-- \/ Yoast SEO plugin. -->","yoast_head_json":{"title":"Stranger Space - Rozmawiaj z nieznajomymi za darmo na StrangerCam.com","description":"Jak Stranger Space? Wejd\u017a na czat z ponad 5.000.000 nieznajomych na Stranger Cam za darmo! W\u0142\u0105cz kamer\u0119 i znajd\u017a nowych przyjaci\u00f3\u0142 i mo\u017ce mecz!","robots":{"index":"index","follow":"follow","max-snippet":"max-snippet:-1","max-image-preview":"max-image-preview:large","max-video-preview":"max-video-preview:-1"},"canonical":"https:\/\/strangercam.com\/pl\/stranger-space\/","og_locale":"pl_PL","og_type":"article","og_title":"Stranger Space - Talk to Strangers for Free on StrangerCam.com","og_description":"Like Stranger Space? Come chat with more than 5.000.000 strangers on Stranger Cam for Free! Turn on your cam and find new friends & maby a match!","og_url":"https:\/\/strangercam.com\/pl\/stranger-space\/","og_site_name":"Strangercam","article_publisher":"https:\/\/www.facebook.com\/strangercam","og_image":[{"width":800,"height":532,"url":"https:\/\/strangercam.com\/wp-content\/uploads\/2021\/10\/Untitled-2.png","type":"image\/png"}],"twitter_card":"summary_large_image","twitter_site":"@strangercamapp","twitter_misc":{"Szacowany czas czytania":"6 minut"},"schema":{"@context":"https:\/\/schema.org","@graph":[{"@type":"WebPage","@id":"https:\/\/strangercam.com\/stranger-space\/","url":"https:\/\/strangercam.com\/stranger-space\/","name":"Stranger Space - Rozmawiaj z nieznajomymi za darmo na StrangerCam.com","isPartOf":{"@id":"https:\/\/strangercam.com\/#website"},"datePublished":"2025-07-14T11:38:21+00:00","description":"Jak Stranger Space? Wejd\u017a na czat z ponad 5.000.000 nieznajomych na Stranger Cam za darmo! W\u0142\u0105cz kamer\u0119 i znajd\u017a nowych przyjaci\u00f3\u0142 i mo\u017ce mecz!","breadcrumb":{"@id":"https:\/\/strangercam.com\/stranger-space\/#breadcrumb"},"inLanguage":"pl-PL","potentialAction":[{"@type":"ReadAction","target":["https:\/\/strangercam.com\/stranger-space\/"]}]},{"@type":"BreadcrumbList","@id":"https:\/\/strangercam.com\/stranger-space\/#breadcrumb","itemListElement":[{"@type":"ListItem","position":1,"name":"Home","item":"https:\/\/strangercam.com\/"},{"@type":"ListItem","position":2,"name":"Stranger Space"}]},{"@type":"WebSite","@id":"https:\/\/strangercam.com\/#website","url":"https:\/\/strangercam.com\/","name":"Strangercam","description":"Losowy czat wideo z nieznajomymi","publisher":{"@id":"https:\/\/strangercam.com\/#organization"},"alternateName":"Strangercam.com","potentialAction":[{"@type":"SearchAction","target":{"@type":"EntryPoint","urlTemplate":"https:\/\/strangercam.com\/?s={search_term_string}"},"query-input":{"@type":"PropertyValueSpecification","valueRequired":true,"valueName":"search_term_string"}}],"inLanguage":"pl-PL"},{"@type":"Organization","@id":"https:\/\/strangercam.com\/#organization","name":"Strangercam","alternateName":"Strangercam.com","url":"https:\/\/strangercam.com\/","logo":{"@type":"ImageObject","inLanguage":"pl-PL","@id":"https:\/\/strangercam.com\/#\/schema\/logo\/image\/","url":"https:\/\/strangercam.com\/wp-content\/uploads\/2020\/11\/cropped-new-favicon-black.png","contentUrl":"https:\/\/strangercam.com\/wp-content\/uploads\/2020\/11\/cropped-new-favicon-black.png","width":512,"height":512,"caption":"Strangercam"},"image":{"@id":"https:\/\/strangercam.com\/#\/schema\/logo\/image\/"},"sameAs":["https:\/\/www.facebook.com\/strangercam","https:\/\/x.com\/strangercamapp"]}]}},"_links":{"self":[{"href":"https:\/\/strangercam.com\/pl\/wp-json\/wp\/v2\/pages\/12905","targetHints":{"allow":["GET"]}}],"collection":[{"href":"https:\/\/strangercam.com\/pl\/wp-json\/wp\/v2\/pages"}],"about":[{"href":"https:\/\/strangercam.com\/pl\/wp-json\/wp\/v2\/types\/page"}],"author":[{"embeddable":true,"href":"https:\/\/strangercam.com\/pl\/wp-json\/wp\/v2\/users\/6"}],"replies":[{"embeddable":true,"href":"https:\/\/strangercam.com\/pl\/wp-json\/wp\/v2\/comments?post=12905"}],"version-history":[{"count":1,"href":"https:\/\/strangercam.com\/pl\/wp-json\/wp\/v2\/pages\/12905\/revisions"}],"predecessor-version":[{"id":12906,"href":"https:\/\/strangercam.com\/pl\/wp-json\/wp\/v2\/pages\/12905\/revisions\/12906"}],"wp:attachment":[{"href":"https:\/\/strangercam.com\/pl\/wp-json\/wp\/v2\/media?parent=12905"}],"curies":[{"name":"wp","href":"https:\/\/api.w.org\/{rel}","templated":true}]}}