{"id":12903,"date":"2025-07-14T13:33:31","date_gmt":"2025-07-14T11:33:31","guid":{"rendered":"https:\/\/strangercam.com\/?page_id=12903"},"modified":"2025-07-14T13:33:31","modified_gmt":"2025-07-14T11:33:31","slug":"chaty","status":"publish","type":"page","link":"https:\/\/strangercam.com\/pl\/chaty\/","title":{"rendered":"Chaty"},"content":{"rendered":"<p>Poniewa\u017c apetyt na spontaniczne, bezpo\u015brednie wideo <a href=\"https:\/\/strangercam.com\/pl\/chathub\/\">czat<\/a> wci\u0105\u017c ro\u015bnie, pojawi\u0142a si\u0119 nowa generacja platform, aby wype\u0142ni\u0107 luk\u0119 pozostawion\u0105 przez <a href=\"https:\/\/strangercam.com\/pl\/omegle\/\">Omegle<\/a> oraz <a href=\"https:\/\/strangercam.com\/pl\/chatroulette\/\">Chatroulette<\/a>. Chaty jest jednym z takich konkurent\u00f3w, zaprojektowanym dla u\u017cytkownik\u00f3w, kt\u00f3rzy pragn\u0105 natychmiastowych, anonimowych czat\u00f3w wideo bez konieczno\u015bci rejestracji, tworzenia profilu lub pobierania aplikacji.<\/p>\n<p>Z obietnic\u0105 \"spotkania nieznajomych z ca\u0142ego \u015bwiata w kilka sekund\", Chaty pozycjonuje si\u0119 jako przyjazna dla u\u017cytkownika, nowoczesna alternatywa dla klasycznego formatu losowego czatu. Ale jak wypada na tle konkurencji w 2025 roku? Czy jest bezpieczna, \u0142atwa w u\u017cyciu i warta swojego czasu?<\/p>\n<p>W tej kompleksowej recenzji zbadamy dok\u0142adnie, czym jest Chaty, jak dzia\u0142a, jakie funkcje oferuje, kto z niego korzysta i jak wypada w por\u00f3wnaniu z innymi najlepszymi witrynami do czat\u00f3w wideo.<\/p>\n<h2>Czym jest Chaty?<\/h2>\n<p>Chaty to darmowa, przegl\u0105darkowa witryna do losowych czat\u00f3w wideo, kt\u00f3ra \u0142\u0105czy u\u017cytkownik\u00f3w z ca\u0142ego \u015bwiata w celu prowadzenia rozm\u00f3w w czasie rzeczywistym, jeden na jednego. Do\u015bwiadczenie jest proste i anonimowe - wystarczy klikn\u0105\u0107, aby rozpocz\u0105\u0107, w\u0142\u0105czy\u0107 kamer\u0119 i mikrofon, a natychmiast zostaniesz dopasowany do nieznajomego.<\/p>\n<p>Nie ma potrzeby tworzenia konta, podawania adresu e-mail ani pobierania aplikacji. Chaty skupia si\u0119 na tym, co najwa\u017cniejsze: szybkim dost\u0119pie, p\u0142ynnej jako\u015bci wideo i prostym interfejsie, kt\u00f3ry umo\u017cliwia czatowanie w kilka sekund.<\/p>\n<p>Strona jest atrakcyjna dla ka\u017cdego, kto szuka:<\/p>\n<ul>\n<li>Swobodna interakcja w czasie rzeczywistym<\/li>\n<li>Zalotny lub przyjacielski czat wideo z nieznajomymi<\/li>\n<li>Praktyka j\u0119zykowa lub wymiana kulturowa<\/li>\n<li>Spos\u00f3b na zabicie czasu lub <a href=\"https:\/\/strangercam.com\/pl\/coomeet\/\">spotkanie<\/a> nowe osoby anonimowo<\/li>\n<\/ul>\n<h2>Jaki jest cel Chaty?<\/h2>\n<p>G\u0142\u00f3wnym celem Chaty jest przywr\u00f3cenie klasycznego do\u015bwiadczenia losowego czatu, ale z lepsz\u0105 technologi\u0105 i bezpieczniejszym, bardziej przyjaznym dla u\u017cytkownika interfejsem. W dobie wysoce wyselekcjonowanych aplikacji randkowych, kana\u0142\u00f3w spo\u0142eczno\u015bciowych i platform streamingowych, Chaty wyr\u00f3\u017cnia si\u0119 skupieniem si\u0119 na czystych, niefiltrowanych relacjach mi\u0119dzyludzkich - bez biografii, przeci\u0105gni\u0119\u0107 i integracji z mediami spo\u0142eczno\u015bciowymi.<\/p>\n<p>Jest przeznaczony dla:<\/p>\n<ul>\n<li>U\u017cytkownicy zm\u0119czeni nieko\u0144cz\u0105cym si\u0119 przewijaniem i dopasowywaniem w aplikacjach randkowych<\/li>\n<li>Ka\u017cdy, kto szuka natychmiastowego, bezstresowego sposobu na poznanie nowych ludzi<\/li>\n<li>Osoby ceni\u0105ce prywatno\u015b\u0107 i anonimowo\u015b\u0107 w czatach online<\/li>\n<li>Globalni u\u017cytkownicy szukaj\u0105cy nowoczesnej alternatywy dla Omegle lub Chatroulette<\/li>\n<\/ul>\n<h2>Kluczowe cechy<\/h2>\n<p>1. Losowy czat wideo jeden na jednego<br \/>\nPodstawow\u0105 funkcj\u0105 Chaty jest natychmiastowe, anonimowe po\u0142\u0105czenie wideo. U\u017cytkownik jest losowo \u0142\u0105czony z innym u\u017cytkownikiem online w celu przeprowadzenia prywatnej rozmowy twarz\u0105 w twarz. Je\u015bli nie podoba ci si\u0119 czat, po prostu kliknij \"Dalej\", aby przej\u015b\u0107 dalej.<\/p>\n<p>2. Bez rejestracji lub pobierania aplikacji<br \/>\nCa\u0142e do\u015bwiadczenie odbywa si\u0119 w przegl\u0105darce internetowej. Nie trzeba si\u0119 rejestrowa\u0107, tworzy\u0107 profilu ani instalowa\u0107 \u017cadnego oprogramowania. Dzi\u0119ki temu dane osobowe pozostaj\u0105 prywatne, a proces wdra\u017cania jest tak szybki, jak to tylko mo\u017cliwe.<\/p>\n<p>3. Szybkie dopasowywanie i pomijanie<br \/>\nBackend Chaty zosta\u0142 zbudowany z my\u015bl\u0105 o szybko\u015bci. Nowe mecze \u0142aduj\u0105 si\u0119 szybko, a przej\u015bcia mi\u0119dzy czatami s\u0105 p\u0142ynne - nawet w przegl\u0105darkach mobilnych.<\/p>\n<p>4. Opcja czatu tekstowego<br \/>\nDla tych, kt\u00f3rzy wol\u0105 pisa\u0107 na klawiaturze, maj\u0105 ograniczon\u0105 przepustowo\u015b\u0107 lub stroni\u0105 od kamer, Chaty oferuje r\u00f3wnie\u017c tryb czatu tekstowego. Tryby mo\u017cna prze\u0142\u0105cza\u0107 w dowolnym momencie.<\/p>\n<p>5. Projekt przyjazny dla urz\u0105dze\u0144 mobilnych<br \/>\nChaty dzia\u0142a bezb\u0142\u0119dnie zar\u00f3wno na przegl\u0105darkach stacjonarnych, jak i mobilnych. Interfejs jest responsywny i zoptymalizowany pod k\u0105tem obs\u0142ugi dotykowej, zapewniaj\u0105c p\u0142ynne dzia\u0142anie niezale\u017cnie od tego, czy korzystasz z laptopa, tabletu czy smartfona.<\/p>\n<p>6. Proste sterowanie<br \/>\nDu\u017ce okna wideo, wyra\u017ane przyciski \"Dalej\" i \"Zg\u0142o\u015b\" oraz intuicyjny uk\u0142ad zapewniaj\u0105 p\u0142ynn\u0105 obs\u0142ug\u0119. Mo\u017cesz wyciszy\u0107 mikrofon, pomin\u0105\u0107 u\u017cytkownika lub zg\u0142osi\u0107 nieodpowiednie zachowanie jednym dotkni\u0119ciem.<\/p>\n<p>7. Narz\u0119dzia raportowania i moderacji<br \/>\nBezpiecze\u0144stwo u\u017cytkownik\u00f3w jest wspierane przez raportowanie na czacie. Obra\u017aliwi lub nieodpowiedni u\u017cytkownicy mog\u0105 zosta\u0107 oznaczeni do sprawdzenia, a Chaty wykorzystuje po\u0142\u0105czenie ludzkiej moderacji i podstawowej sztucznej inteligencji, aby pom\u00f3c w utrzymaniu bezpiecznego \u015brodowiska.<\/p>\n<h2>Czy Chaty jest darmowe?<\/h2>\n<p>Tak, Chaty jest ca\u0142kowicie darmowe. Nie ma \u017cadnych op\u0142at:<\/p>\n<ul>\n<li>Paywalle<\/li>\n<li>Subskrypcje<\/li>\n<li>Zakupy w aplikacji<\/li>\n<li>Kredyty lub systemy token\u00f3w<\/li>\n<\/ul>\n<p>Wszyscy u\u017cytkownicy maj\u0105 r\u00f3wny dost\u0119p do pe\u0142nej funkcjonalno\u015bci platformy. Chaty mo\u017ce wy\u015bwietla\u0107 reklamy \u015bwietlne w celu pokrycia koszt\u00f3w operacyjnych, ale nie zak\u0142\u00f3caj\u0105 one korzystania z czatu ani nie wymagaj\u0105 interakcji.<\/p>\n<h2>Kto korzysta z Chaty?<\/h2>\n<p>Chaty przyci\u0105ga szerok\u0105 mi\u0119dzynarodow\u0105 baz\u0119 u\u017cytkownik\u00f3w. Wi\u0119kszo\u015b\u0107 u\u017cytkownik\u00f3w nale\u017cy do grupy wiekowej 18-35 lat, a stosunek p\u0142ci jest podobny do innych losowych witryn czatowych (wi\u0119cej m\u0119\u017cczyzn, ale aktywne kobiety, zw\u0142aszcza w godzinach szczytu).<\/p>\n<p>Typowe profile u\u017cytkownik\u00f3w obejmuj\u0105:<\/p>\n<ul>\n<li>Studenci i m\u0142odzi profesjonali\u015bci<\/li>\n<li>Podr\u00f3\u017cnicy i cyfrowi nomadzi<\/li>\n<li>Osoby ucz\u0105ce si\u0119 j\u0119zyka szukaj\u0105 prawdziwych partner\u00f3w do rozmowy<\/li>\n<li>Osoby szukaj\u0105ce zabawy, flirtu lub przyjaznej interakcji<\/li>\n<li>Ka\u017cdy, kto t\u0119skni za surowymi, spontanicznymi po\u0142\u0105czeniami klasycznego Omegle<\/li>\n<\/ul>\n<p>Poniewa\u017c nie ma rejestracji, baza u\u017cytkownik\u00f3w Chaty jest p\u0142ynna i zawsze si\u0119 zmienia. Spotkasz tu u\u017cytkownik\u00f3w ze Stan\u00f3w Zjednoczonych, Wielkiej Brytanii, Indii, Niemiec, Brazylii i nie tylko, dzi\u0119ki czemu jest to prawdziwie globalna spo\u0142eczno\u015b\u0107.<\/p>\n<h2>Bezpiecze\u0144stwo, prywatno\u015b\u0107 i moderacja<\/h2>\n<p>Chocia\u017c Chaty k\u0142adzie nacisk na prywatno\u015b\u0107 i anonimowo\u015b\u0107, wdra\u017ca r\u00f3wnie\u017c \u015brodki maj\u0105ce na celu ochron\u0119 u\u017cytkownik\u00f3w:<\/p>\n<h3>Prywatno\u015b\u0107<\/h3>\n<ul>\n<li>Nie jest wymagana rejestracja, e-mail ani dane osobowe<\/li>\n<li>Czaty nie s\u0105 nagrywane ani zapisywane<\/li>\n<li>U\u017cytkownik jest identyfikowany wy\u0142\u0105cznie przez kamer\u0119 internetow\u0105\/mikrofon (bez nazw u\u017cytkownik\u00f3w i zdj\u0119\u0107 profilowych).<\/li>\n<li>Adresy IP nie s\u0105 ujawniane innym u\u017cytkownikom<\/li>\n<\/ul>\n<h3>Moderacja<\/h3>\n<ul>\n<li>Zg\u0142aszanie na czacie: Szybkie oznaczanie obra\u017aliwych lub nieodpowiednich u\u017cytkownik\u00f3w.<\/li>\n<li>Podstawowa moderacja AI: Automatyczne wykrywanie nago\u015bci lub tre\u015bci erotycznych, cho\u0107 nie jest to niezawodne.<\/li>\n<li>R\u0119czna weryfikacja: Zg\u0142oszenia s\u0105 sprawdzane przez ludzkich moderator\u00f3w, a recydywi\u015bci s\u0105 banowani.<\/li>\n<\/ul>\n<h3>Ograniczenia<\/h3>\n<p>Podobnie jak wszystkie anonimowe platformy czatowe, Chaty nie jest odporne na dzia\u0142anie z\u0142ych aktor\u00f3w. U\u017cytkownicy powinni:<\/p>\n<ul>\n<li>Nigdy nie udost\u0119pniaj danych osobowych (prawdziwego imienia i nazwiska, danych kontaktowych, medi\u00f3w spo\u0142eczno\u015bciowych).<\/li>\n<li>Korzystaj z funkcji \"Zg\u0142o\u015b\" i \"Dalej\", gdy jest to niewygodne.<\/li>\n<li>Nale\u017cy pami\u0119ta\u0107, \u017ce niekt\u00f3re czaty mog\u0105 ko\u0144czy\u0107 si\u0119 nagle lub zawiera\u0107 nieodpowiednie zachowania.<\/li>\n<\/ul>\n<h2>Do\u015bwiadczenie u\u017cytkownika i projektowanie<\/h2>\n<p>Projekt Chaty koncentruje si\u0119 na przejrzysto\u015bci, szybko\u015bci i \u0142atwo\u015bci u\u017cytkowania. Strona g\u0142\u00f3wna jest minimalna, zwykle z widocznym przyciskiem \"Start\" i jasnymi informacjami na temat prywatno\u015bci i zasad. W ci\u0105gu dw\u00f3ch klikni\u0119\u0107 jeste\u015b twarz\u0105 w twarz z nieznajomym.<\/p>\n<h3>Najwa\u017cniejsze wydarzenia:<\/h3>\n<ul>\n<li>Szybkie \u0142adowanie i niemal natychmiastowe dopasowanie<\/li>\n<li>Du\u017ce, wysokiej jako\u015bci kana\u0142y wideo<\/li>\n<li>Przejrzysty uk\u0142ad bez wyskakuj\u0105cych okienek i element\u00f3w rozpraszaj\u0105cych uwag\u0119.<\/li>\n<li>Proste sterowanie wyciszaniem, pomijaniem lub raportowaniem<\/li>\n<li>Sta\u0142a wydajno\u015b\u0107 w przegl\u0105darkach stacjonarnych i mobilnych<\/li>\n<\/ul>\n<p>W por\u00f3wnaniu do innych witryn z losowymi czatami, Chaty jest bardziej nowoczesny i stabilny, zw\u0142aszcza na smartfonach.<\/p>\n<h2>Chaty a inne platformy czat\u00f3w wideo<\/h2>\n<p>Jak wypada Chaty w por\u00f3wnaniu z innymi wiod\u0105cymi platformami do losowych czat\u00f3w wideo w 2025 roku?<\/p>\n<table>\n<thead>\n<tr>\n<th>Cecha<\/th>\n<th>Chaty<\/th>\n<th>Ohmegle<\/th>\n<th>Chatroulette<\/th>\n<th>Chatrandom<\/th>\n<th><a href=\"https:\/\/strangercam.com\/pl\/ometv\/\">OmeTV<\/a><\/th>\n<\/tr>\n<\/thead>\n<tbody>\n<tr>\n<td>Losowy czat wideo<\/td>\n<td>Tak<\/td>\n<td>Tak<\/td>\n<td>Tak<\/td>\n<td>Tak<\/td>\n<td>Tak<\/td>\n<\/tr>\n<tr>\n<td>Opcja czatu tekstowego<\/td>\n<td>Tak<\/td>\n<td>Tak<\/td>\n<td>Nie<\/td>\n<td>Tak<\/td>\n<td>Tak<\/td>\n<\/tr>\n<tr>\n<td>Wymagana rejestracja<\/td>\n<td>Nie<\/td>\n<td>Nie<\/td>\n<td>Nie<\/td>\n<td>Opcjonalnie<\/td>\n<td>Nie<\/td>\n<\/tr>\n<tr>\n<td>Wsparcie mobilne<\/td>\n<td>Doskona\u0142y<\/td>\n<td>Doskona\u0142y<\/td>\n<td>Dobry<\/td>\n<td>Dobry<\/td>\n<td>Dobry<\/td>\n<\/tr>\n<tr>\n<td>Filtr p\u0142ci\/kraju<\/td>\n<td>Nie<\/td>\n<td>Nie<\/td>\n<td>P\u0142atne<\/td>\n<td>P\u0142atne<\/td>\n<td>P\u0142atne<\/td>\n<\/tr>\n<tr>\n<td>Narz\u0119dzia moderacji<\/td>\n<td>Umiarkowany<\/td>\n<td>Umiarkowany<\/td>\n<td>S\u0142aby<\/td>\n<td>Umiarkowany<\/td>\n<td>Silny<\/td>\n<\/tr>\n<tr>\n<td>Bezp\u0142atne u\u017cytkowanie<\/td>\n<td>Tak<\/td>\n<td>Tak<\/td>\n<td>Tak<\/td>\n<td>Tak\/P\u0142atne<\/td>\n<td>Tak<\/td>\n<\/tr>\n<\/tbody>\n<\/table>\n<p>Podsumowanie: Chaty jest najbardziej zbli\u017cony duchem i prostot\u0105 do Ohmegle, ale z bardziej nowoczesnym interfejsem i lepsz\u0105 obs\u0142ug\u0105 przegl\u0105darek mobilnych. Jest to idealne rozwi\u0105zanie dla u\u017cytkownik\u00f3w, kt\u00f3rzy chc\u0105 czystego, niefiltrowanego czatu - bez filtr\u00f3w, profili i dodatkowych ofert.<\/p>\n<h2>Plusy i minusy<\/h2>\n<p>Plusy:<\/p>\n<ul>\n<li>100% darmowy i anonimowy<\/li>\n<li>Nie jest wymagana rejestracja ani pobieranie plik\u00f3w<\/li>\n<li>Szybkie, \u0142atwe dopasowywanie i pomijanie<\/li>\n<li>Tryby czatu wideo i tekstowego<\/li>\n<li>Silna kompatybilno\u015b\u0107 z urz\u0105dzeniami mobilnymi<\/li>\n<li>Przejrzysty, intuicyjny interfejs u\u017cytkownika<\/li>\n<\/ul>\n<p>Wady:<\/p>\n<ul>\n<li>Brak filtrowania wed\u0142ug p\u0142ci lub regionu<\/li>\n<li>Sporadyczne nieodpowiednie tre\u015bci (pomimo moderacji)<\/li>\n<li>Brak profili, historii u\u017cytkownika lub funkcji monitorowania<\/li>\n<li>Wi\u0119cej u\u017cytkownik\u00f3w p\u0142ci m\u0119skiej ni\u017c \u017ce\u0144skiej<\/li>\n<li>Czaty s\u0105 efemeryczne - nie ma mo\u017cliwo\u015bci ponownego nawi\u0105zania po\u0142\u0105czenia.<\/li>\n<\/ul>\n<h2>Idealne przypadki u\u017cycia<\/h2>\n<p>Chaty jest idealny dla:<\/p>\n<ul>\n<li>Ka\u017cdy, kto t\u0119skni za Omegle i chce podobnych wra\u017ce\u0144<\/li>\n<li>Osoby szukaj\u0105ce nowych znajomych lub spontanicznej interakcji w czasie rzeczywistym<\/li>\n<li>Osoby ucz\u0105ce si\u0119 j\u0119zyka \u0107wicz\u0105 umiej\u0119tno\u015bci konwersacyjne<\/li>\n<li>Ci, kt\u00f3rzy ceni\u0105 sobie prywatno\u015b\u0107 i anonimowo\u015b\u0107 online<\/li>\n<li>U\u017cytkownicy chc\u0105cy sp\u0119dzi\u0107 czas lub pozna\u0107 kogo\u015b spoza swojego kr\u0119gu towarzyskiego<\/li>\n<\/ul>\n<p>Jest mniej odpowiedni dla:<\/p>\n<ul>\n<li>U\u017cytkownicy poni\u017cej 18 roku \u017cycia (platforma jest przeznaczona tylko dla doros\u0142ych)<\/li>\n<li>Ci, kt\u00f3rzy szukaj\u0105 filtr\u00f3w randkowych \/ dopasowuj\u0105cych lub wyselekcjonowanych do\u015bwiadcze\u0144<\/li>\n<li>Osoby czuj\u0105ce si\u0119 niekomfortowo z nieprzewidywalnymi lub surowymi spotkaniami na czacie<\/li>\n<\/ul>\n<h2>Werdykt ko\u0144cowy<\/h2>\n<p>Chaty to wyr\u00f3\u017cniaj\u0105ca si\u0119 platforma do losowych czat\u00f3w wideo w 2025 roku, zapewniaj\u0105ca dok\u0142adnie to, co u\u017cytkownicy pokochali w klasycznych Omegle i Chatroulette - szybkie, bezp\u0142atne, anonimowe kontakty mi\u0119dzyludzkie bez barier i zak\u0142\u00f3ce\u0144. Przejrzysty interfejs, niezawodna wydajno\u015b\u0107 i skupienie si\u0119 na prywatno\u015bci sprawiaj\u0105, \u017ce jest to jedna z najlepszych opcji do spontanicznych rozm\u00f3w twarz\u0105 w twarz online.<\/p>\n<p>Chocia\u017c moderacja i filtrowanie mog\u0142yby zosta\u0107 ulepszone, mocne strony platformy le\u017c\u0105 w jej prostocie i \u0142atwo\u015bci u\u017cytkowania. Je\u015bli szukasz prawdziwego, nieskryptowanego czatu z nieznajomymi z ca\u0142ego \u015bwiata - czy to dla zabawy, nauki, czy po prostu po to, by uciec od nudy - Chaty jest absolutnie warte sprawdzenia.<\/p>","protected":false},"excerpt":{"rendered":"<p>As the appetite for spontaneous, face-to-face video chat continues to grow, a new generation of platforms has emerged to fill the gap left by Omegle and Chatroulette. Chaty is one such contender, designed for users who crave instant, anonymous video chats without the hassle of sign-up, profile-building, or downloading apps. With a promise of \u201cmeeting [&hellip;]<\/p>\n","protected":false},"author":6,"featured_media":0,"parent":0,"menu_order":0,"comment_status":"closed","ping_status":"closed","template":"","meta":{"footnotes":""},"class_list":["post-12903","page","type-page","status-publish","hentry"],"yoast_head":"<!-- This site is optimized with the Yoast SEO plugin v27.4 - https:\/\/yoast.com\/product\/yoast-seo-wordpress\/ -->\n<title>Chaty - Chat with People Nearby on StrangerCam.com<\/title>\n<meta name=\"description\" content=\"Like Chaty? Come chat with more than 5.000.000 strangers on Stranger Cam for Free! Turn on your cam and find new friends &amp; maby a match!\" \/>\n<meta name=\"robots\" content=\"index, follow, max-snippet:-1, max-image-preview:large, max-video-preview:-1\" \/>\n<link rel=\"canonical\" href=\"https:\/\/strangercam.com\/pl\/chaty\/\" \/>\n<meta property=\"og:locale\" content=\"pl_PL\" \/>\n<meta property=\"og:type\" content=\"article\" \/>\n<meta property=\"og:title\" content=\"Chaty - Chat with People Nearby on StrangerCam.com\" \/>\n<meta property=\"og:description\" content=\"Like Chaty? Come chat with more than 5.000.000 strangers on Stranger Cam for Free! Turn on your cam and find new friends &amp; maby a match!\" \/>\n<meta property=\"og:url\" content=\"https:\/\/strangercam.com\/pl\/chaty\/\" \/>\n<meta property=\"og:site_name\" content=\"Strangercam\" \/>\n<meta property=\"article:publisher\" content=\"https:\/\/www.facebook.com\/strangercam\" \/>\n<meta property=\"og:image\" content=\"https:\/\/strangercam.com\/wp-content\/uploads\/2021\/10\/Untitled-2.png\" \/>\n\t<meta property=\"og:image:width\" content=\"800\" \/>\n\t<meta property=\"og:image:height\" content=\"532\" \/>\n\t<meta property=\"og:image:type\" content=\"image\/png\" \/>\n<meta name=\"twitter:card\" content=\"summary_large_image\" \/>\n<meta name=\"twitter:site\" content=\"@strangercamapp\" \/>\n<meta name=\"twitter:label1\" content=\"Szacowany czas czytania\" \/>\n\t<meta name=\"twitter:data1\" content=\"6 minut\" \/>\n<script type=\"application\/ld+json\" class=\"yoast-schema-graph\">{\"@context\":\"https:\\\/\\\/schema.org\",\"@graph\":[{\"@type\":\"WebPage\",\"@id\":\"https:\\\/\\\/strangercam.com\\\/chaty\\\/\",\"url\":\"https:\\\/\\\/strangercam.com\\\/chaty\\\/\",\"name\":\"Chaty - Chat with People Nearby on StrangerCam.com\",\"isPartOf\":{\"@id\":\"https:\\\/\\\/strangercam.com\\\/#website\"},\"datePublished\":\"2025-07-14T11:33:31+00:00\",\"description\":\"Like Chaty? Come chat with more than 5.000.000 strangers on Stranger Cam for Free! Turn on your cam and find new friends & maby a match!\",\"breadcrumb\":{\"@id\":\"https:\\\/\\\/strangercam.com\\\/chaty\\\/#breadcrumb\"},\"inLanguage\":\"pl-PL\",\"potentialAction\":[{\"@type\":\"ReadAction\",\"target\":[\"https:\\\/\\\/strangercam.com\\\/chaty\\\/\"]}]},{\"@type\":\"BreadcrumbList\",\"@id\":\"https:\\\/\\\/strangercam.com\\\/chaty\\\/#breadcrumb\",\"itemListElement\":[{\"@type\":\"ListItem\",\"position\":1,\"name\":\"Home\",\"item\":\"https:\\\/\\\/strangercam.com\\\/\"},{\"@type\":\"ListItem\",\"position\":2,\"name\":\"Chaty\"}]},{\"@type\":\"WebSite\",\"@id\":\"https:\\\/\\\/strangercam.com\\\/#website\",\"url\":\"https:\\\/\\\/strangercam.com\\\/\",\"name\":\"Strangercam\",\"description\":\"Random Video Chat with Strangers\",\"publisher\":{\"@id\":\"https:\\\/\\\/strangercam.com\\\/#organization\"},\"alternateName\":\"Strangercam.com\",\"potentialAction\":[{\"@type\":\"SearchAction\",\"target\":{\"@type\":\"EntryPoint\",\"urlTemplate\":\"https:\\\/\\\/strangercam.com\\\/?s={search_term_string}\"},\"query-input\":{\"@type\":\"PropertyValueSpecification\",\"valueRequired\":true,\"valueName\":\"search_term_string\"}}],\"inLanguage\":\"pl-PL\"},{\"@type\":\"Organization\",\"@id\":\"https:\\\/\\\/strangercam.com\\\/#organization\",\"name\":\"Strangercam\",\"alternateName\":\"Strangercam.com\",\"url\":\"https:\\\/\\\/strangercam.com\\\/\",\"logo\":{\"@type\":\"ImageObject\",\"inLanguage\":\"pl-PL\",\"@id\":\"https:\\\/\\\/strangercam.com\\\/#\\\/schema\\\/logo\\\/image\\\/\",\"url\":\"https:\\\/\\\/strangercam.com\\\/wp-content\\\/uploads\\\/2020\\\/11\\\/cropped-new-favicon-black.png\",\"contentUrl\":\"https:\\\/\\\/strangercam.com\\\/wp-content\\\/uploads\\\/2020\\\/11\\\/cropped-new-favicon-black.png\",\"width\":512,\"height\":512,\"caption\":\"Strangercam\"},\"image\":{\"@id\":\"https:\\\/\\\/strangercam.com\\\/#\\\/schema\\\/logo\\\/image\\\/\"},\"sameAs\":[\"https:\\\/\\\/www.facebook.com\\\/strangercam\",\"https:\\\/\\\/x.com\\\/strangercamapp\"]}]}<\/script>\n<!-- \/ Yoast SEO plugin. -->","yoast_head_json":{"title":"Chaty - Czatuj z lud\u017ami w pobli\u017cu na StrangerCam.com","description":"Lubisz czatowa\u0107? Przyjd\u017a na czat z ponad 5.000.000 nieznajomych na Stranger Cam za darmo! W\u0142\u0105cz kamer\u0119 i znajd\u017a nowych przyjaci\u00f3\u0142 i mo\u017ce mecz!","robots":{"index":"index","follow":"follow","max-snippet":"max-snippet:-1","max-image-preview":"max-image-preview:large","max-video-preview":"max-video-preview:-1"},"canonical":"https:\/\/strangercam.com\/pl\/chaty\/","og_locale":"pl_PL","og_type":"article","og_title":"Chaty - Chat with People Nearby on StrangerCam.com","og_description":"Like Chaty? Come chat with more than 5.000.000 strangers on Stranger Cam for Free! Turn on your cam and find new friends & maby a match!","og_url":"https:\/\/strangercam.com\/pl\/chaty\/","og_site_name":"Strangercam","article_publisher":"https:\/\/www.facebook.com\/strangercam","og_image":[{"width":800,"height":532,"url":"https:\/\/strangercam.com\/wp-content\/uploads\/2021\/10\/Untitled-2.png","type":"image\/png"}],"twitter_card":"summary_large_image","twitter_site":"@strangercamapp","twitter_misc":{"Szacowany czas czytania":"6 minut"},"schema":{"@context":"https:\/\/schema.org","@graph":[{"@type":"WebPage","@id":"https:\/\/strangercam.com\/chaty\/","url":"https:\/\/strangercam.com\/chaty\/","name":"Chaty - Czatuj z lud\u017ami w pobli\u017cu na StrangerCam.com","isPartOf":{"@id":"https:\/\/strangercam.com\/#website"},"datePublished":"2025-07-14T11:33:31+00:00","description":"Lubisz czatowa\u0107? Przyjd\u017a na czat z ponad 5.000.000 nieznajomych na Stranger Cam za darmo! W\u0142\u0105cz kamer\u0119 i znajd\u017a nowych przyjaci\u00f3\u0142 i mo\u017ce mecz!","breadcrumb":{"@id":"https:\/\/strangercam.com\/chaty\/#breadcrumb"},"inLanguage":"pl-PL","potentialAction":[{"@type":"ReadAction","target":["https:\/\/strangercam.com\/chaty\/"]}]},{"@type":"BreadcrumbList","@id":"https:\/\/strangercam.com\/chaty\/#breadcrumb","itemListElement":[{"@type":"ListItem","position":1,"name":"Home","item":"https:\/\/strangercam.com\/"},{"@type":"ListItem","position":2,"name":"Chaty"}]},{"@type":"WebSite","@id":"https:\/\/strangercam.com\/#website","url":"https:\/\/strangercam.com\/","name":"Strangercam","description":"Losowy czat wideo z nieznajomymi","publisher":{"@id":"https:\/\/strangercam.com\/#organization"},"alternateName":"Strangercam.com","potentialAction":[{"@type":"SearchAction","target":{"@type":"EntryPoint","urlTemplate":"https:\/\/strangercam.com\/?s={search_term_string}"},"query-input":{"@type":"PropertyValueSpecification","valueRequired":true,"valueName":"search_term_string"}}],"inLanguage":"pl-PL"},{"@type":"Organization","@id":"https:\/\/strangercam.com\/#organization","name":"Strangercam","alternateName":"Strangercam.com","url":"https:\/\/strangercam.com\/","logo":{"@type":"ImageObject","inLanguage":"pl-PL","@id":"https:\/\/strangercam.com\/#\/schema\/logo\/image\/","url":"https:\/\/strangercam.com\/wp-content\/uploads\/2020\/11\/cropped-new-favicon-black.png","contentUrl":"https:\/\/strangercam.com\/wp-content\/uploads\/2020\/11\/cropped-new-favicon-black.png","width":512,"height":512,"caption":"Strangercam"},"image":{"@id":"https:\/\/strangercam.com\/#\/schema\/logo\/image\/"},"sameAs":["https:\/\/www.facebook.com\/strangercam","https:\/\/x.com\/strangercamapp"]}]}},"_links":{"self":[{"href":"https:\/\/strangercam.com\/pl\/wp-json\/wp\/v2\/pages\/12903","targetHints":{"allow":["GET"]}}],"collection":[{"href":"https:\/\/strangercam.com\/pl\/wp-json\/wp\/v2\/pages"}],"about":[{"href":"https:\/\/strangercam.com\/pl\/wp-json\/wp\/v2\/types\/page"}],"author":[{"embeddable":true,"href":"https:\/\/strangercam.com\/pl\/wp-json\/wp\/v2\/users\/6"}],"replies":[{"embeddable":true,"href":"https:\/\/strangercam.com\/pl\/wp-json\/wp\/v2\/comments?post=12903"}],"version-history":[{"count":1,"href":"https:\/\/strangercam.com\/pl\/wp-json\/wp\/v2\/pages\/12903\/revisions"}],"predecessor-version":[{"id":12904,"href":"https:\/\/strangercam.com\/pl\/wp-json\/wp\/v2\/pages\/12903\/revisions\/12904"}],"wp:attachment":[{"href":"https:\/\/strangercam.com\/pl\/wp-json\/wp\/v2\/media?parent=12903"}],"curies":[{"name":"wp","href":"https:\/\/api.w.org\/{rel}","templated":true}]}}