{"id":12892,"date":"2025-06-16T15:00:37","date_gmt":"2025-06-16T13:00:37","guid":{"rendered":"https:\/\/strangercam.com\/?page_id=12892"},"modified":"2025-06-16T15:00:37","modified_gmt":"2025-06-16T13:00:37","slug":"ohmegle","status":"publish","type":"page","link":"https:\/\/strangercam.com\/pl\/ohmegle\/","title":{"rendered":"Ohmegle"},"content":{"rendered":"<p>Kiedy <a href=\"https:\/\/strangercam.com\/pl\/omegle\/\">Omegle<\/a> po zamkni\u0119ciu w 2023 roku, miliony u\u017cytkownik\u00f3w pozosta\u0142y bez miejsca do spontanicznych, anonimowych rozm\u00f3w wideo z nieznajomymi. Po jego znikni\u0119ciu pojawi\u0142o si\u0119 kilka alternatyw - ale niewiele z nich zyska\u0142o tak du\u017c\u0105 popularno\u015b\u0107 jak Ohmegle. Zaprojektowany, aby wype\u0142ni\u0107 dok\u0142adnie t\u0119 pustk\u0119, Ohmegle oferuje niemal identyczne wra\u017cenia z nowoczesnymi ulepszeniami, wy\u017csz\u0105 wydajno\u015bci\u0105 i lojaln\u0105, rosn\u0105c\u0105 baz\u0105 u\u017cytkownik\u00f3w.<\/p>\n<p>W tej recenzji zbadamy wszystko, co musisz wiedzie\u0107 o Ohmegle - jak dzia\u0142a, co sprawia, \u017ce jest to najlepszy zamiennik Omegle, jego funkcje, standardy bezpiecze\u0144stwa i jak wypada w por\u00f3wnaniu z podobnym losowym wideo <a href=\"https:\/\/strangercam.com\/pl\/chatroulette\/\">czat<\/a> strony.<\/p>\n<h2>Czym jest Ohmegle?<\/h2>\n<p>Ohmegle to darmowy, anonimowy <a href=\"https:\/\/strangercam.com\/pl\/chathub\/\">Losowy czat wideo<\/a> strona internetowa, kt\u00f3ra \u0142\u0105czy Ci\u0119 z nieznajomymi w celu prowadzenia rozm\u00f3w twarz\u0105 w twarz na \u017cywo. Jest to duchowy nast\u0119pca Omegle, niemal dok\u0142adnie na\u015bladuj\u0105cy jego format i interfejs - ale z lepszym czasem dzia\u0142ania, wsparciem mobilnym i spo\u0142eczno\u015bci\u0105 stworzon\u0105 specjalnie dla u\u017cytkownik\u00f3w, kt\u00f3rzy t\u0119skni\u0105 za orygina\u0142em.<\/p>\n<p>Nie trzeba zak\u0142ada\u0107 konta, podawa\u0107 danych osobowych ani stosowa\u0107 skomplikowanych algorytm\u00f3w dopasowania. Wystarczy za\u0142adowa\u0107 stron\u0119, zezwoli\u0107 na korzystanie z kamery\/mikrofonu i rozpocz\u0105\u0107 rozmow\u0119 z kim\u015b nowym - losowo, natychmiastowo i anonimowo.<\/p>\n<h2>Jaki jest cel Ohmegle?<\/h2>\n<p>Misja Ohmegle jest prosta: przywr\u00f3ci\u0107 autentyczne wra\u017cenia z Omegle w bezpiecznym i dost\u0119pnym formacie na rok 2025 i p\u00f3\u017aniej. Jest przeznaczony dla:<\/p>\n<ul>\n<li>Ludzie, kt\u00f3rzy t\u0119skni\u0105 za spontanicznym \u015brodowiskiem czatu Omegle<\/li>\n<li>U\u017cytkownicy, kt\u00f3rzy wol\u0105 wideo od randek tekstowych lub aplikacji spo\u0142eczno\u015bciowych<\/li>\n<li>Ka\u017cdy, kto szuka anonimowych kontakt\u00f3w mi\u0119dzyludzkich - bez zobowi\u0105za\u0144<\/li>\n<\/ul>\n<p>Niezale\u017cnie od tego, czy szukasz swobodnej rozmowy, zalotnych spotka\u0144, czy po prostu kogo\u015b do s\u0142uchania, Ohmegle zosta\u0142 zaprojektowany tak, aby odtworzy\u0107 urok wczesnej kultury czatu internetowego - ca\u0142kowicie anonimowo i w czasie rzeczywistym.<\/p>\n<h2>Kluczowe cechy<\/h2>\n<p>1. Losowy czat wideo jeden na jednego<br \/>\nPodobnie jak Omegle, Ohmegle natychmiast \u0142\u0105czy Ci\u0119 z nieznajomym za po\u015brednictwem kamery internetowej i mikrofonu. \u017badnych profili, \u017cadnego przesuwania - tylko bezpo\u015brednia interakcja.<\/p>\n<p>2. Pomi\u0144\/Nast\u0119pny Funkcjonalno\u015b\u0107<br \/>\nNie pasujesz do kogo\u015b? Kliknij \u201cDalej\u201d, aby natychmiast po\u0142\u0105czy\u0107 si\u0119 z innym u\u017cytkownikiem. Jest to szybkie i beztarciowe, pozwalaj\u0105ce na <a href=\"https:\/\/strangercam.com\/pl\/coomeet\/\">spotkanie<\/a> dziesi\u0105tki os\u00f3b podczas jednej sesji.<\/p>\n<p>3. Rejestracja nie jest wymagana<br \/>\nOhmegle pozostaje ca\u0142kowicie anonimowy. Nie ma potrzeby podawania imienia i nazwiska, adresu e-mail ani numeru telefonu. Jest to zgodne z podstawow\u0105 zasad\u0105 Omegle: rozmawiaj z nieznajomymi, a nie obserwuj\u0105cymi.<\/p>\n<p>4. Opcjonalny tryb czatu tekstowego<br \/>\nJe\u015bli nie czujesz si\u0119 komfortowo z kamer\u0105, mo\u017cesz wybra\u0107 wersj\u0119 czatu tekstowego. Interfejs u\u017cytkownika pozostaje elegancki i prosty.<\/p>\n<p>5. Kompatybilno\u015b\u0107 z urz\u0105dzeniami mobilnymi<br \/>\nOhmegle jest zoptymalizowany zar\u00f3wno dla przegl\u0105darek stacjonarnych, jak i mobilnych. Mo\u017cesz czatowa\u0107 z telefonu bez pobierania aplikacji, a strona dobrze dostosowuje si\u0119 do r\u00f3\u017cnych rozmiar\u00f3w ekranu i poziom\u00f3w przepustowo\u015bci.<\/p>\n<p>6. Usprawniona konstrukcja<br \/>\nUk\u0142ad jest celowo minimalny - odzwierciedlaj\u0105c klasyczny wygl\u0105d Omegle - ale ze zaktualizowan\u0105 wydajno\u015bci\u0105. Okna wideo s\u0105 du\u017ce, elementy steruj\u0105ce s\u0105 \u0142atwe w u\u017cyciu, a na ekranie nie ma nic zb\u0119dnego.<\/p>\n<p>7. Narz\u0119dzia raportowania i moderacji<br \/>\nU\u017cytkownicy mog\u0105 zg\u0142asza\u0107 nieodpowiednie zachowanie bezpo\u015brednio z okna czatu. Ohmegle wdro\u017cy\u0142o podstawowe narz\u0119dzia moderacji i oparte na sztucznej inteligencji wykrywanie nago\u015bci, aby ograniczy\u0107 nadu\u017cycia i zapewni\u0107 bezpiecze\u0144stwo.<\/p>\n<h2>Czy Ohmegle jest darmowe?<\/h2>\n<p>Tak, Ohmegle jest 100% darmowy w u\u017cyciu. Nie ma tu \u017cadnych zap\u00f3r, subskrypcji ani poziom\u00f3w freemium. Ka\u017cdy u\u017cytkownik ma r\u00f3wny dost\u0119p do czatu wideo, czatu tekstowego i ca\u0142ej platformy.<\/p>\n<p>Nie ma te\u017c reklam za\u015bmiecaj\u0105cych ekran, co jest rzadko\u015bci\u0105 w przypadku czat\u00f3w wideo. Monetyzacja wydaje si\u0119 by\u0107 ograniczona do minimum, aby zachowa\u0107 szybkie i p\u0142ynne wra\u017cenia, jakich oczekuj\u0105 u\u017cytkownicy.<\/p>\n<h2>Kto korzysta z Ohmegle?<\/h2>\n<p>Ohmegle przyci\u0105ga szerok\u0105 gam\u0119 u\u017cytkownik\u00f3w, ale generalnie odzwierciedla demografi\u0119 oryginalnego Omegle:<\/p>\n<ul>\n<li>Wiek: G\u0142\u00f3wnie 18-35 lat, cho\u0107 platforma jest przeznaczona wy\u0142\u0105cznie dla doros\u0142ych (18+).<\/li>\n<li>Globalni odbiorcy: U\u017cytkownicy z USA, Kanady, Europy, Indii, Brazylii i Azji Po\u0142udniowo-Wschodniej.<\/li>\n<li>Intencje u\u017cytkownika: Podzia\u0142 na swobodne rozmowy, nawi\u0105zywanie znajomo\u015bci, flirtowanie i sp\u0119dzanie czasu.<\/li>\n<\/ul>\n<p>Nie ma formalnej struktury interakcji mi\u0119dzy u\u017cytkownikami - to ty i tw\u00f3j partner prowadzicie rozmow\u0119. Niekt\u00f3rzy szukaj\u0105 \u015bmiechu, inni towarzystwa, a jeszcze inni po prostu nowo\u015bci.<\/p>\n<h2>Bezpiecze\u0144stwo i umiar<\/h2>\n<p>Podobnie jak w przypadku ka\u017cdej anonimowej platformy czatu wideo, bezpiecze\u0144stwo u\u017cytkownik\u00f3w jest kwesti\u0105 niepokoj\u0105c\u0105, ale Ohmegle dok\u0142ada wszelkich stara\u0144, aby zapewni\u0107 bezpieczne \u015brodowisko bez rujnowania spontanicznego charakteru czatu.<\/p>\n<h3>Prywatno\u015b\u0107<\/h3>\n<ul>\n<li>Brak rejestracji, kont lub \u015bledzenia<\/li>\n<li>Czaty nie s\u0105 nagrywane ani przechowywane<\/li>\n<li>Tw\u00f3j adres IP nigdy nie jest pokazywany innym u\u017cytkownikom<\/li>\n<\/ul>\n<h3>Moderacja<\/h3>\n<ul>\n<li>Przycisk raportowania dost\u0119pny podczas czatu na \u017cywo<\/li>\n<li>Wykrywanie nago\u015bci oparte na sztucznej inteligencji odfiltrowuje niekt\u00f3re nieodpowiednie tre\u015bci<\/li>\n<li>Wielokrotnie zg\u0142aszani u\u017cytkownicy mog\u0105 zosta\u0107 zablokowani na platformie.<\/li>\n<\/ul>\n<p>To powiedziawszy, Ohmegle nie cenzuruje ani nie moderuje, wi\u0119c nadal istnieje szansa na napotkanie nieodpowiedniego zachowania. Korzystaj z platformy m\u0105drze:<\/p>\n<ul>\n<li>Natychmiast zrezygnuj, je\u015bli kto\u015b sprawi, \u017ce poczujesz si\u0119 niekomfortowo.<\/li>\n<li>Nigdy nie udost\u0119pniaj danych osobowych, takich jak imi\u0119 i nazwisko, lokalizacja czy media spo\u0142eczno\u015bciowe.<\/li>\n<li>Nie wahaj si\u0119 zg\u0142asza\u0107 przest\u0119pc\u00f3w<\/li>\n<\/ul>\n<h2>Do\u015bwiadczenie u\u017cytkownika i wydajno\u015b\u0107<\/h2>\n<p>Ohmegle jest imponuj\u0105co lekki i responsywny. Strona g\u0142\u00f3wna \u0142aduje si\u0119 szybko, a dopasowania nast\u0119puj\u0105 w ci\u0105gu kilku sekund. Zar\u00f3wno na komputerach stacjonarnych, jak i urz\u0105dzeniach mobilnych, platforma oferuje:<\/p>\n<ul>\n<li>Wyra\u017any, du\u017cy obraz wideo<\/li>\n<li>Proste przyciski sterowania (Dalej, Stop, Raport)<\/li>\n<li>Niezawodny dost\u0119p do kamery i mikrofonu<\/li>\n<li>Minimalne op\u00f3\u017anienia lub buforowanie, nawet na wolniejszych po\u0142\u0105czeniach<\/li>\n<\/ul>\n<p>Jest to jeden z najbardziej p\u0142ynnych losowych czat\u00f3w wideo dost\u0119pnych obecnie online, zw\u0142aszcza w por\u00f3wnaniu do przeci\u0105\u017conych konkurent\u00f3w, kt\u00f3rzy cierpi\u0105 z powodu powolnego \u0142adowania lub b\u0142\u0119dnych interfejs\u00f3w.<\/p>\n<h2>Ohmegle vs inne strony z losowymi czatami wideo<\/h2>\n<p>Przy tak wielu alternatywach dla Omegle, jak wypada Ohmegle?<\/p>\n<table>\n<thead>\n<tr>\n<th>Platforma<\/th>\n<th>Rejestracja<\/th>\n<th>Czat wideo<\/th>\n<th>Czat tekstowy<\/th>\n<th>Filtr p\u0142ci<\/th>\n<th>Wsparcie mobilne<\/th>\n<th>Moderacja<\/th>\n<\/tr>\n<\/thead>\n<tbody>\n<tr>\n<td>Ohmegle<\/td>\n<td>Nie<\/td>\n<td>Tak<\/td>\n<td>Tak<\/td>\n<td>Nie<\/td>\n<td>Doskona\u0142y<\/td>\n<td>Umiarkowany<\/td>\n<\/tr>\n<tr>\n<td><a href=\"https:\/\/strangercam.com\/pl\/ometv\/\">OmeTV<\/a><\/td>\n<td>Nie<\/td>\n<td>Tak<\/td>\n<td>Tak<\/td>\n<td>Tak (p\u0142atne)<\/td>\n<td>Dobry<\/td>\n<td>Silny<\/td>\n<\/tr>\n<tr>\n<td>Chatrandom<\/td>\n<td>Opcjonalnie<\/td>\n<td>Tak<\/td>\n<td>Tak<\/td>\n<td>Tak (p\u0142atne)<\/td>\n<td>Dobry<\/td>\n<td>Umiarkowany<\/td>\n<\/tr>\n<tr>\n<td>Chatspin<\/td>\n<td>Opcjonalnie<\/td>\n<td>Tak<\/td>\n<td>Tak<\/td>\n<td>Tak (bezp\u0142atny\/p\u0142atny)<\/td>\n<td>Doskona\u0142y<\/td>\n<td>Umiarkowany<\/td>\n<\/tr>\n<tr>\n<td>Camgo<\/td>\n<td>Nie<\/td>\n<td>Tak<\/td>\n<td>Tak<\/td>\n<td>Tak (p\u0142atne)<\/td>\n<td>Dobry<\/td>\n<td>Podstawowy<\/td>\n<\/tr>\n<\/tbody>\n<\/table>\n<p>Podsumowanie: Najwi\u0119ksz\u0105 zalet\u0105 Ohmegle jest autentyczno\u015b\u0107 i prostota. W przeciwie\u0144stwie do wielu konkurent\u00f3w, kt\u00f3rzy zach\u0119caj\u0105 u\u017cytkownik\u00f3w do subskrypcji premium lub wymuszaj\u0105 logowanie, Ohmegle pozostaje surowy i darmowy. Dla tych, kt\u00f3rzy szukaj\u0105 repliki starego Omegle, jest to najbardziej zbli\u017cone rozwi\u0105zanie.<\/p>\n<h2>Plusy i minusy<\/h2>\n<h3>Plusy<\/h3>\n<ul>\n<li>100% darmowy i anonimowy<\/li>\n<li>Bez rejestracji i pobierania<\/li>\n<li>Szybkie dopasowanie i niskie op\u00f3\u017anienie<\/li>\n<li>Przyjazny dla urz\u0105dze\u0144 mobilnych i dzia\u0142a na wszystkich g\u0142\u00f3wnych przegl\u0105darkach<\/li>\n<li>Przejrzysty, minimalistyczny interfejs<\/li>\n<li>\u015awietny do spontanicznych rozm\u00f3w i swobodnych interakcji<\/li>\n<\/ul>\n<h3>Wady<\/h3>\n<ul>\n<li>Brak filtr\u00f3w p\u0142ci lub regionu<\/li>\n<li>Potencjalna ekspozycja na nieodpowiednie tre\u015bci<\/li>\n<li>Brak historii czatu lub funkcji ponownego po\u0142\u0105czenia<\/li>\n<li>Brak narz\u0119dzi wyszukiwania spo\u0142eczno\u015bciowego lub opcji monitorowania<\/li>\n<\/ul>\n<h2>Idealne przypadki u\u017cycia<\/h2>\n<p>Ohmegle jest najlepszym rozwi\u0105zaniem dla:<\/p>\n<ul>\n<li>Ludzie t\u0119skni\u0105cy za oryginalnym do\u015bwiadczeniem Omegle<\/li>\n<li>U\u017cytkownicy lubi\u0105cy anonimowe interakcje spo\u0142eczno\u015bciowe<\/li>\n<li>Nocne sowy, podr\u00f3\u017cnicy lub ka\u017cdy, kto szuka spontanicznych rozm\u00f3w<\/li>\n<li>Ludzie chc\u0105cy pozna\u0107 nieznajomych bez presji i oczekiwa\u0144 zwi\u0105zanych z profilem<\/li>\n<\/ul>\n<p>Nie jest idealny dla:<\/p>\n<ul>\n<li>U\u017cytkownicy szukaj\u0105cy powa\u017cnych randek lub d\u0142ugotrwa\u0142ych znajomo\u015bci<\/li>\n<li>Ci, kt\u00f3rzy nie lubi\u0105 wyst\u0119powa\u0107 przed kamer\u0105<\/li>\n<li>Ka\u017cdy, kto nie czuje si\u0119 komfortowo z niemoderowanymi tre\u015bciami<\/li>\n<li>U\u017cytkownicy poni\u017cej 18 roku \u017cycia (niedozwoleni na platformie)<\/li>\n<\/ul>\n<p>Ohmegle jest najbli\u017csz\u0105 rzecz\u0105, jak\u0105 mamy do klasycznego Omegle w 2025 roku - i to dobrze. Usuwa szum i ba\u0142agan nowoczesnych aplikacji spo\u0142eczno\u015bciowych, powracaj\u0105c do formatu, kt\u00f3ry jest szybki, anonimowy i surowy. Je\u015bli podoba\u0142o ci si\u0119 Omegle za to, czym by\u0142o - nieskryptowane, niefiltrowane kontakty mi\u0119dzyludzkie - Ohmegle zapewnia to i wiele wi\u0119cej.<\/p>\n<p>Nie ma \u017cadnych sztuczek. \u017badnych nieko\u0144cz\u0105cych si\u0119 formularzy rejestracyjnych. \u017badnej presji na wyst\u0119p. Tylko ty, twoja kamera internetowa i ktokolwiek, z kim algorytm po\u0142\u0105czy ci\u0119 w nast\u0119pnej kolejno\u015bci.<\/p>\n<p>Je\u015bli szukasz najlepszej darmowej i anonimowej alternatywy dla Omegle, Ohmegle zas\u0142uguje na pierwsze miejsce. Niezale\u017cnie od tego, czy zostaniesz na pi\u0119\u0107 minut, czy pi\u0119\u0107 godzin, do\u015bwiadczenie jest wyj\u0105tkowo ludzkie - a w dzisiejszym wyselekcjonowanym \u015bwiecie to rzadko\u015b\u0107.<\/p>","protected":false},"excerpt":{"rendered":"<p>When Omegle shut down in 2023, millions of users were left without a go-to place for spontaneous, anonymous video chatting with strangers. In the wake of its disappearance, several alternatives have emerged\u2014but few have gained as much traction as Ohmegle. Designed to fill the exact void left behind, Ohmegle offers a nearly identical experience with [&hellip;]<\/p>\n","protected":false},"author":6,"featured_media":0,"parent":0,"menu_order":0,"comment_status":"closed","ping_status":"closed","template":"","meta":{"footnotes":""},"class_list":["post-12892","page","type-page","status-publish","hentry"],"yoast_head":"<!-- This site is optimized with the Yoast SEO plugin v27.4 - https:\/\/yoast.com\/product\/yoast-seo-wordpress\/ -->\n<title>Ohmegle - Talk to Strangers Omegle Alternative on StrangerCam.com<\/title>\n<meta name=\"description\" content=\"Like Ohmegle? Come chat with more than 5.000.000 strangers on Stranger Cam for Free! Turn on your cam and find new friends &amp; maby a match!\" \/>\n<meta name=\"robots\" content=\"index, follow, max-snippet:-1, max-image-preview:large, max-video-preview:-1\" \/>\n<link rel=\"canonical\" href=\"https:\/\/strangercam.com\/pl\/ohmegle\/\" \/>\n<meta property=\"og:locale\" content=\"pl_PL\" \/>\n<meta property=\"og:type\" content=\"article\" \/>\n<meta property=\"og:title\" content=\"Ohmegle - Talk to Strangers Omegle Alternative on StrangerCam.com\" \/>\n<meta property=\"og:description\" content=\"Like Ohmegle? Come chat with more than 5.000.000 strangers on Stranger Cam for Free! Turn on your cam and find new friends &amp; maby a match!\" \/>\n<meta property=\"og:url\" content=\"https:\/\/strangercam.com\/pl\/ohmegle\/\" \/>\n<meta property=\"og:site_name\" content=\"Strangercam\" \/>\n<meta property=\"article:publisher\" content=\"https:\/\/www.facebook.com\/strangercam\" \/>\n<meta property=\"og:image\" content=\"https:\/\/strangercam.com\/wp-content\/uploads\/2021\/10\/Untitled-2.png\" \/>\n\t<meta property=\"og:image:width\" content=\"800\" \/>\n\t<meta property=\"og:image:height\" content=\"532\" \/>\n\t<meta property=\"og:image:type\" content=\"image\/png\" \/>\n<meta name=\"twitter:card\" content=\"summary_large_image\" \/>\n<meta name=\"twitter:site\" content=\"@strangercamapp\" \/>\n<meta name=\"twitter:label1\" content=\"Szacowany czas czytania\" \/>\n\t<meta name=\"twitter:data1\" content=\"6 minut\" \/>\n<script type=\"application\/ld+json\" class=\"yoast-schema-graph\">{\"@context\":\"https:\\\/\\\/schema.org\",\"@graph\":[{\"@type\":\"WebPage\",\"@id\":\"https:\\\/\\\/strangercam.com\\\/ohmegle\\\/\",\"url\":\"https:\\\/\\\/strangercam.com\\\/ohmegle\\\/\",\"name\":\"Ohmegle - Talk to Strangers Omegle Alternative on StrangerCam.com\",\"isPartOf\":{\"@id\":\"https:\\\/\\\/strangercam.com\\\/#website\"},\"datePublished\":\"2025-06-16T13:00:37+00:00\",\"description\":\"Like Ohmegle? Come chat with more than 5.000.000 strangers on Stranger Cam for Free! Turn on your cam and find new friends & maby a match!\",\"breadcrumb\":{\"@id\":\"https:\\\/\\\/strangercam.com\\\/ohmegle\\\/#breadcrumb\"},\"inLanguage\":\"pl-PL\",\"potentialAction\":[{\"@type\":\"ReadAction\",\"target\":[\"https:\\\/\\\/strangercam.com\\\/ohmegle\\\/\"]}]},{\"@type\":\"BreadcrumbList\",\"@id\":\"https:\\\/\\\/strangercam.com\\\/ohmegle\\\/#breadcrumb\",\"itemListElement\":[{\"@type\":\"ListItem\",\"position\":1,\"name\":\"Home\",\"item\":\"https:\\\/\\\/strangercam.com\\\/\"},{\"@type\":\"ListItem\",\"position\":2,\"name\":\"Ohmegle\"}]},{\"@type\":\"WebSite\",\"@id\":\"https:\\\/\\\/strangercam.com\\\/#website\",\"url\":\"https:\\\/\\\/strangercam.com\\\/\",\"name\":\"Strangercam\",\"description\":\"Random Video Chat with Strangers\",\"publisher\":{\"@id\":\"https:\\\/\\\/strangercam.com\\\/#organization\"},\"alternateName\":\"Strangercam.com\",\"potentialAction\":[{\"@type\":\"SearchAction\",\"target\":{\"@type\":\"EntryPoint\",\"urlTemplate\":\"https:\\\/\\\/strangercam.com\\\/?s={search_term_string}\"},\"query-input\":{\"@type\":\"PropertyValueSpecification\",\"valueRequired\":true,\"valueName\":\"search_term_string\"}}],\"inLanguage\":\"pl-PL\"},{\"@type\":\"Organization\",\"@id\":\"https:\\\/\\\/strangercam.com\\\/#organization\",\"name\":\"Strangercam\",\"alternateName\":\"Strangercam.com\",\"url\":\"https:\\\/\\\/strangercam.com\\\/\",\"logo\":{\"@type\":\"ImageObject\",\"inLanguage\":\"pl-PL\",\"@id\":\"https:\\\/\\\/strangercam.com\\\/#\\\/schema\\\/logo\\\/image\\\/\",\"url\":\"https:\\\/\\\/strangercam.com\\\/wp-content\\\/uploads\\\/2020\\\/11\\\/cropped-new-favicon-black.png\",\"contentUrl\":\"https:\\\/\\\/strangercam.com\\\/wp-content\\\/uploads\\\/2020\\\/11\\\/cropped-new-favicon-black.png\",\"width\":512,\"height\":512,\"caption\":\"Strangercam\"},\"image\":{\"@id\":\"https:\\\/\\\/strangercam.com\\\/#\\\/schema\\\/logo\\\/image\\\/\"},\"sameAs\":[\"https:\\\/\\\/www.facebook.com\\\/strangercam\",\"https:\\\/\\\/x.com\\\/strangercamapp\"]}]}<\/script>\n<!-- \/ Yoast SEO plugin. -->","yoast_head_json":{"title":"Ohmegle - Talk to Strangers Omegle Alternatywa na StrangerCam.com","description":"Lubisz Ohmegle, czatuj z ponad 5.000.000 nieznajomych na Stranger Cam za darmo! W\u0142\u0105cz kamer\u0119 i znajd\u017a nowych przyjaci\u00f3\u0142 i mo\u017ce mecz!","robots":{"index":"index","follow":"follow","max-snippet":"max-snippet:-1","max-image-preview":"max-image-preview:large","max-video-preview":"max-video-preview:-1"},"canonical":"https:\/\/strangercam.com\/pl\/ohmegle\/","og_locale":"pl_PL","og_type":"article","og_title":"Ohmegle - Talk to Strangers Omegle Alternative on StrangerCam.com","og_description":"Like Ohmegle? Come chat with more than 5.000.000 strangers on Stranger Cam for Free! Turn on your cam and find new friends & maby a match!","og_url":"https:\/\/strangercam.com\/pl\/ohmegle\/","og_site_name":"Strangercam","article_publisher":"https:\/\/www.facebook.com\/strangercam","og_image":[{"width":800,"height":532,"url":"https:\/\/strangercam.com\/wp-content\/uploads\/2021\/10\/Untitled-2.png","type":"image\/png"}],"twitter_card":"summary_large_image","twitter_site":"@strangercamapp","twitter_misc":{"Szacowany czas czytania":"6 minut"},"schema":{"@context":"https:\/\/schema.org","@graph":[{"@type":"WebPage","@id":"https:\/\/strangercam.com\/ohmegle\/","url":"https:\/\/strangercam.com\/ohmegle\/","name":"Ohmegle - Talk to Strangers Omegle Alternatywa na StrangerCam.com","isPartOf":{"@id":"https:\/\/strangercam.com\/#website"},"datePublished":"2025-06-16T13:00:37+00:00","description":"Lubisz Ohmegle, czatuj z ponad 5.000.000 nieznajomych na Stranger Cam za darmo! W\u0142\u0105cz kamer\u0119 i znajd\u017a nowych przyjaci\u00f3\u0142 i mo\u017ce mecz!","breadcrumb":{"@id":"https:\/\/strangercam.com\/ohmegle\/#breadcrumb"},"inLanguage":"pl-PL","potentialAction":[{"@type":"ReadAction","target":["https:\/\/strangercam.com\/ohmegle\/"]}]},{"@type":"BreadcrumbList","@id":"https:\/\/strangercam.com\/ohmegle\/#breadcrumb","itemListElement":[{"@type":"ListItem","position":1,"name":"Home","item":"https:\/\/strangercam.com\/"},{"@type":"ListItem","position":2,"name":"Ohmegle"}]},{"@type":"WebSite","@id":"https:\/\/strangercam.com\/#website","url":"https:\/\/strangercam.com\/","name":"Strangercam","description":"Losowy czat wideo z nieznajomymi","publisher":{"@id":"https:\/\/strangercam.com\/#organization"},"alternateName":"Strangercam.com","potentialAction":[{"@type":"SearchAction","target":{"@type":"EntryPoint","urlTemplate":"https:\/\/strangercam.com\/?s={search_term_string}"},"query-input":{"@type":"PropertyValueSpecification","valueRequired":true,"valueName":"search_term_string"}}],"inLanguage":"pl-PL"},{"@type":"Organization","@id":"https:\/\/strangercam.com\/#organization","name":"Strangercam","alternateName":"Strangercam.com","url":"https:\/\/strangercam.com\/","logo":{"@type":"ImageObject","inLanguage":"pl-PL","@id":"https:\/\/strangercam.com\/#\/schema\/logo\/image\/","url":"https:\/\/strangercam.com\/wp-content\/uploads\/2020\/11\/cropped-new-favicon-black.png","contentUrl":"https:\/\/strangercam.com\/wp-content\/uploads\/2020\/11\/cropped-new-favicon-black.png","width":512,"height":512,"caption":"Strangercam"},"image":{"@id":"https:\/\/strangercam.com\/#\/schema\/logo\/image\/"},"sameAs":["https:\/\/www.facebook.com\/strangercam","https:\/\/x.com\/strangercamapp"]}]}},"_links":{"self":[{"href":"https:\/\/strangercam.com\/pl\/wp-json\/wp\/v2\/pages\/12892","targetHints":{"allow":["GET"]}}],"collection":[{"href":"https:\/\/strangercam.com\/pl\/wp-json\/wp\/v2\/pages"}],"about":[{"href":"https:\/\/strangercam.com\/pl\/wp-json\/wp\/v2\/types\/page"}],"author":[{"embeddable":true,"href":"https:\/\/strangercam.com\/pl\/wp-json\/wp\/v2\/users\/6"}],"replies":[{"embeddable":true,"href":"https:\/\/strangercam.com\/pl\/wp-json\/wp\/v2\/comments?post=12892"}],"version-history":[{"count":2,"href":"https:\/\/strangercam.com\/pl\/wp-json\/wp\/v2\/pages\/12892\/revisions"}],"predecessor-version":[{"id":12894,"href":"https:\/\/strangercam.com\/pl\/wp-json\/wp\/v2\/pages\/12892\/revisions\/12894"}],"wp:attachment":[{"href":"https:\/\/strangercam.com\/pl\/wp-json\/wp\/v2\/media?parent=12892"}],"curies":[{"name":"wp","href":"https:\/\/api.w.org\/{rel}","templated":true}]}}