{"id":12890,"date":"2025-06-16T14:55:58","date_gmt":"2025-06-16T12:55:58","guid":{"rendered":"https:\/\/strangercam.com\/?page_id=12890"},"modified":"2025-06-16T14:57:21","modified_gmt":"2025-06-16T12:57:21","slug":"anoncam","status":"publish","type":"page","link":"https:\/\/strangercam.com\/pl\/anoncam\/","title":{"rendered":"AnonCam"},"content":{"rendered":"<p>Je\u015bli t\u0119sknisz za prostot\u0105 orygina\u0142u <a href=\"https:\/\/strangercam.com\/pl\/omegle\/\">Omegle<\/a>, Anoncam mo\u017ce by\u0107 wsp\u00f3\u0142czesn\u0105 alternatyw\u0105, kt\u00f3rej szukasz - bez kont, bez biografii, bez filtr\u00f3w - po prostu dwoje nieznajomych po\u0142\u0105czonych przez kamer\u0119 internetow\u0105. Stworzona dla u\u017cytkownik\u00f3w, kt\u00f3rzy ceni\u0105 sobie prywatno\u015b\u0107, spontaniczno\u015b\u0107 i brak zobowi\u0105za\u0144, Anoncam sprowadza losowy czat wideo do jego najbardziej podstawowej formy - bez kont, bez biografii, bez filtr\u00f3w - po prostu dwoje nieznajomych po\u0142\u0105czonych za pomoc\u0105 kamery internetowej.<\/p>\n<p>W tej szczeg\u00f3\u0142owej recenzji om\u00f3wimy, czym jest Anoncam, jakie funkcje oferuje i jak wypada w por\u00f3wnaniu z innymi popularnymi witrynami, takimi jak Omegle, <a href=\"https:\/\/strangercam.com\/pl\/chatroulette\/\">Chatroulette<\/a>, i Chatrandom oraz czy jest to odpowiednia platforma dla Ciebie w 2025 roku.<\/p>\n<h2>Czym jest Anoncam?<\/h2>\n<p>Anoncam to anonimowa platforma do rozm\u00f3w wideo 100%, kt\u00f3ra \u0142\u0105czy u\u017cytkownika twarz\u0105 w twarz z nieznajomymi na ca\u0142ym \u015bwiecie. Pod\u0105\u017ca za tradycyjnym modelem czatu jeden na jednego, spopularyzowanym przez Omegle, ale ulepsza go dzi\u0119ki szybszemu interfejsowi, lepszej wydajno\u015bci na urz\u0105dzeniach mobilnych i lepszemu skupieniu si\u0119 na bezpiecze\u0144stwie u\u017cytkownika.<\/p>\n<p>Nie ma rejestracji, nazw u\u017cytkownik\u00f3w, profili ani zdj\u0119\u0107. Kiedy odwiedzasz Anoncam, jeste\u015b o jedno klikni\u0119cie od czatu wideo na \u017cywo z kim\u015b nowym.<\/p>\n<h2>Jaki jest cel Anoncam?<\/h2>\n<p>Anoncam opiera si\u0119 na prostym pomy\u015ble: rozmawiaj z nieznajomymi bez ujawniania, kim jeste\u015b. W erze, w kt\u00f3rej wi\u0119kszo\u015b\u0107 platform spo\u0142eczno\u015bciowych jest nap\u0119dzana przez profile, obserwuj\u0105cych i cyfrowe to\u017csamo\u015bci, Anoncam oferuje rzadk\u0105 ucieczk\u0119. O\u017cywia ducha wczesnego Internetu - spontaniczne rozmowy w czasie rzeczywistym z zupe\u0142nie nieznajomymi, bez odrywania si\u0119 od \u017cycia w mediach spo\u0142eczno\u015bciowych.<\/p>\n<p>Jego g\u0142\u00f3wnymi celami s\u0105:<\/p>\n<ul>\n<li>Aby u\u0142atwi\u0107 prawdziw\u0105, anonimow\u0105 interakcj\u0119 mi\u0119dzyludzk\u0105<\/li>\n<li>Aby pom\u00f3c u\u017cytkownikom <a href=\"https:\/\/strangercam.com\/pl\/coomeet\/\">spotkanie<\/a> ludzie bez baga\u017cu profili lub historii<\/li>\n<li>Zapewnienie bezpiecznej przestrzeni do ekspresji, nawi\u0105zywania kontakt\u00f3w i rozmowy<\/li>\n<\/ul>\n<p>Niezale\u017cnie od tego, czy jeste\u015b znudzony, samotny, ciekawy, czy po prostu chcesz swobodnie rozmawia\u0107 bez os\u0105dzania, Anoncam oferuje \u015brodowisko wolne od presji.<\/p>\n<h2>Kluczowe cechy<\/h2>\n<p>1. Anonimowy czat wideo jeden na jednego<br \/>\nU podstaw Anoncam le\u017cy b\u0142yskawiczne nawi\u0105zywanie po\u0142\u0105cze\u0144 wideo. Wczytujesz stron\u0119, klikasz \"Start\" i zostajesz dopasowany do innej nieznajomej osoby za pomoc\u0105 jej kamery internetowej. \u017badnych nazw u\u017cytkownik\u00f3w, \u017cadnego procesu dopasowywania - po prostu dwie osoby twarz\u0105 w twarz.<\/p>\n<p>2. Funkcjonalno\u015b\u0107 szybkiego dopasowywania i pomijania<br \/>\nMo\u017cesz przej\u015b\u0107 do nast\u0119pnej osoby jednym klikni\u0119ciem. Dopasowywanie jest niemal natychmiastowe, z minimalnym buforowaniem lub przestojami mi\u0119dzy sesjami, szczeg\u00f3lnie w godzinach szczytu.<\/p>\n<p>3. Nie jest wymagane konto ani logowanie<br \/>\nJedn\u0105 z charakterystycznych cech Anoncam jest ca\u0142kowita anonimowo\u015b\u0107. Nie musisz si\u0119 rejestrowa\u0107 ani podawa\u0107 \u017cadnych informacji, by korzysta\u0107 z serwisu. Ka\u017cda sesja czatu jest tymczasowa i nie pozostawia cyfrowego \u015bladu.<\/p>\n<p>4. Projekt przyjazny dla urz\u0105dze\u0144 mobilnych<br \/>\nAnoncam dzia\u0142a dobrze zar\u00f3wno w przegl\u0105darkach stacjonarnych, jak i mobilnych. Jego konstrukcja jest zoptymalizowana pod k\u0105tem dotyku, umo\u017cliwiaj\u0105c szybki dost\u0119p do kamery i dopasowanie bez konieczno\u015bci pobierania aplikacji.<\/p>\n<p>5. Opcjonalny czat tekstowy<br \/>\nChocia\u017c g\u0142\u00f3wnym tematem jest wideo, Anoncam zawiera r\u00f3wnie\u017c opcj\u0119 czatu tekstowego, obok wideo lub jako rozwi\u0105zanie awaryjne dla u\u017cytkownik\u00f3w, kt\u00f3rzy nie chc\u0105 rozmawia\u0107 lub maj\u0105 problemy techniczne.<\/p>\n<p>6. Narz\u0119dzia raportowania i moderacji<br \/>\nU\u017cytkownicy mog\u0105 szybko zg\u0142asza\u0107 nieodpowiednie zachowanie, a zesp\u00f3\u0142 moderator\u00f3w pracuje nad sprawdzaniem i blokowaniem u\u017cytkownik\u00f3w, kt\u00f3rzy naruszaj\u0105 zasady platformy. Chocia\u017c \u017cadna strona czatu nie jest idealna, Anoncam powa\u017cnie traktuje bezpiecze\u0144stwo u\u017cytkownik\u00f3w.<\/p>\n<h2>Czy Anoncam jest darmowy?<\/h2>\n<p>Tak, Anoncam jest ca\u0142kowicie darmowy. Nie ma \u017cadnych ukrytych koszt\u00f3w, zap\u00f3r ani zablokowanych funkcji. Otrzymujesz nieograniczony dost\u0119p do:<\/p>\n<ul>\n<li>Czat wideo<\/li>\n<li>Czat tekstowy<\/li>\n<li>Pomijanie mecz\u00f3w<\/li>\n<li>Korzystanie z urz\u0105dze\u0144 mobilnych i stacjonarnych<\/li>\n<\/ul>\n<p>Nie ma poziomu premium (od 2025 r.), dzi\u0119ki czemu do\u015bwiadczenie jest dost\u0119pne dla wszystkich i zmniejsza ryzyko oszust\u00f3w nadu\u017cywaj\u0105cych funkcji premium.<\/p>\n<h2>Kto korzysta z Anoncam?<\/h2>\n<p>Anoncam zbudowa\u0142 globaln\u0105 baz\u0119 u\u017cytkownik\u00f3w, kt\u00f3ra obejmuje r\u00f3\u017cne grupy demograficzne, ale ma kilka wsp\u00f3lnych cech:<\/p>\n<ul>\n<li>Przedzia\u0142 wiekowy: G\u0142\u00f3wnie od 18 do 35 lat<\/li>\n<li>Podzia\u0142 na p\u0142e\u0107: G\u0142\u00f3wnie m\u0119\u017cczy\u017ani, ale kobiety s\u0105 aktywne - zw\u0142aszcza w godzinach du\u017cego nat\u0119\u017cenia ruchu.<\/li>\n<li>Intencje: Niezobowi\u0105zuj\u0105ce rozmowy, flirtowanie, dawanie upustu emocjom, \u0107wiczenia j\u0119zykowe lub po prostu sp\u0119dzanie czasu.<\/li>\n<\/ul>\n<p>Jest szczeg\u00f3lnie popularny w\u015br\u00f3d:<\/p>\n<ul>\n<li>Studenci uniwersytet\u00f3w<\/li>\n<li>Nocne sowy szukaj\u0105 towarzystwa<\/li>\n<li>Cyfrowi nomadzi i podr\u00f3\u017cnicy<\/li>\n<li>Osoby szukaj\u0105ce odpoczynku od medi\u00f3w spo\u0142eczno\u015bciowych<\/li>\n<\/ul>\n<p>Ze wzgl\u0119du na swoj\u0105 anonimowo\u015b\u0107 Anoncam przyci\u0105ga r\u00f3wnie\u017c u\u017cytkownik\u00f3w, kt\u00f3rzy chc\u0105 swobodnie rozmawia\u0107, dzieli\u0107 si\u0119 przemy\u015bleniami lub zg\u0142\u0119bia\u0107 tematy bez wi\u0105zania ich z osobist\u0105 to\u017csamo\u015bci\u0105.<\/p>\n<h2>Bezpiecze\u0144stwo, prywatno\u015b\u0107 i moderacja<\/h2>\n<p>Anonimowo\u015b\u0107 mo\u017ce by\u0107 wyzwalaj\u0105ca, ale budzi r\u00f3wnie\u017c uzasadnione obawy dotycz\u0105ce zachowania u\u017cytkownik\u00f3w. Anoncam stara si\u0119 rozwi\u0105za\u0107 ten problem za pomoc\u0105 zr\u00f3wnowa\u017conej strategii bezpiecze\u0144stwa:<\/p>\n<h3>Prywatno\u015b\u0107<\/h3>\n<ul>\n<li>Brak kont lub login\u00f3w<\/li>\n<li>Brak nagrywania lub zapisywania rozm\u00f3w wideo<\/li>\n<li>Tw\u00f3j adres IP nie jest widoczny publicznie<\/li>\n<li>Brak danych udost\u0119pnianych stronom trzecim<\/li>\n<\/ul>\n<h3>Moderacja<\/h3>\n<ul>\n<li>Przycisk raportowania w aplikacji podczas czat\u00f3w wideo<\/li>\n<li>Oparte na sztucznej inteligencji wykrywanie nago\u015bci lub obra\u017aliwych tre\u015bci<\/li>\n<li>Szybkie bany dla recydywist\u00f3w lub zg\u0142oszonych u\u017cytkownik\u00f3w<\/li>\n<li>Moderowanie w czasie rzeczywistym sesji o du\u017cym nat\u0119\u017ceniu ruchu<\/li>\n<\/ul>\n<p>Jak zawsze, u\u017cytkownicy powinni zachowa\u0107 ostro\u017cno\u015b\u0107:<\/p>\n<ul>\n<li>Nigdy nie udost\u0119pniaj danych osobowych<\/li>\n<li>Pomijanie u\u017cytkownik\u00f3w, kt\u00f3rzy zachowuj\u0105 si\u0119 podejrzanie lub agresywnie<\/li>\n<li>W razie potrzeby u\u017cyj funkcji raportowania<\/li>\n<\/ul>\n<h2>Interfejs u\u017cytkownika i do\u015bwiadczenie<\/h2>\n<p>Interfejs u\u017cytkownika Anoncam jest prosty i wydajny. Strona g\u0142\u00f3wna zawiera tylko niezb\u0119dne elementy:<\/p>\n<ul>\n<li>Przycisk \"Rozpocznij czat\"<\/li>\n<li>Podstawowe zasady<\/li>\n<li>Monity o zezwolenie na korzystanie z kamery i mikrofonu<\/li>\n<\/ul>\n<p>Po klikni\u0119ciu, aby rozpocz\u0105\u0107, zostaniesz dopasowany do kogo\u015b w ci\u0105gu kilku sekund. Elementy steruj\u0105ce na ekranie pozwalaj\u0105:<\/p>\n<ul>\n<li>Pomi\u0144<\/li>\n<li>Wycisz mikrofon<\/li>\n<li>Zako\u0144cz czat<\/li>\n<li>Raport<\/li>\n<\/ul>\n<p>Nie ma wyskakuj\u0105cych okienek, monit\u00f3w o rejestracj\u0119 ani element\u00f3w rozpraszaj\u0105cych uwag\u0119 - to od\u015bwie\u017caj\u0105ca zmiana w por\u00f3wnaniu z wieloma innymi aplikacjami. <a href=\"https:\/\/strangercam.com\/pl\/bazoocam\/\">krzywka<\/a> platformy czatowe, kt\u00f3re agresywnie promuj\u0105 sprzeda\u017c lub reklamy.<\/p>\n<p>Pod wzgl\u0119dem wydajno\u015bci witryna dzia\u0142a p\u0142ynnie nawet na urz\u0105dzeniach \u015bredniej klasy i obs\u0142uguje przegl\u0105darki Chrome, Firefox, Safari i Edge na wszystkich platformach.<\/p>\n<h2>Anoncam a inne platformy anonimowego czatu<\/h2>\n<p>Anoncam znajduje si\u0119 w specyficznej niszy prawdziwie anonimowych, losowych czat\u00f3w wideo. Oto jak wypada w por\u00f3wnaniu z innymi g\u0142\u00f3wnymi graczami:<\/p>\n<table>\n<thead>\n<tr>\n<th>Platforma<\/th>\n<th>Rejestracja<\/th>\n<th>Czat wideo<\/th>\n<th>Czat tekstowy<\/th>\n<th>Filtry<\/th>\n<th>Anonimowo\u015b\u0107<\/th>\n<th>Moderacja<\/th>\n<\/tr>\n<\/thead>\n<tbody>\n<tr>\n<td>Anoncam<\/td>\n<td>Nie<\/td>\n<td>Tak<\/td>\n<td>Tak<\/td>\n<td>Nie<\/td>\n<td>Silny<\/td>\n<td>Umiarkowany<\/td>\n<\/tr>\n<tr>\n<td>Omegle<\/td>\n<td>Nie<\/td>\n<td>Tak<\/td>\n<td>Tak<\/td>\n<td>Nie<\/td>\n<td>Silny<\/td>\n<td>S\u0142aby<\/td>\n<\/tr>\n<tr>\n<td>Chatroulette<\/td>\n<td>Nie<\/td>\n<td>Tak<\/td>\n<td>Ograniczony<\/td>\n<td>Tak<\/td>\n<td>Umiarkowany<\/td>\n<td>Umiarkowany<\/td>\n<\/tr>\n<tr>\n<td>Chatrandom<\/td>\n<td>Opcjonalnie<\/td>\n<td>Tak<\/td>\n<td>Tak<\/td>\n<td>Tak<\/td>\n<td>Umiarkowany<\/td>\n<td>Silny<\/td>\n<\/tr>\n<tr>\n<td><a href=\"https:\/\/strangercam.com\/pl\/ometv\/\">OmeTV<\/a><\/td>\n<td>Nie<\/td>\n<td>Tak<\/td>\n<td>Tak<\/td>\n<td>Tak<\/td>\n<td>Umiarkowany<\/td>\n<td>Silny<\/td>\n<\/tr>\n<\/tbody>\n<\/table>\n<p>Podsumowanie: Anoncam przedk\u0142ada anonimowo\u015b\u0107 nad filtry i funkcje premium. Je\u015bli szukasz czego\u015b minimalnego, surowego i natychmiastowego, pokonuje platformy, kt\u00f3re przesz\u0142y na systemy oparte na kontach lub monetyzowane.<\/p>\n<h2>Plusy i minusy<\/h2>\n<h3>Plusy<\/h3>\n<ul>\n<li>Prawdziwie anonimowy czat wideo<\/li>\n<li>Nie jest wymagana rejestracja ani podanie danych osobowych<\/li>\n<li>Szybkie dopasowanie i stabilna wydajno\u015b\u0107<\/li>\n<li>Przyjazny dla urz\u0105dze\u0144 mobilnych i stacjonarnych<\/li>\n<li>Darmowy na zawsze - bez ukrytych op\u0142at<\/li>\n<li>\u015awietny do swobodnych rozm\u00f3w, odpowietrzania lub spontanicznych pogaw\u0119dek<\/li>\n<\/ul>\n<h3>Wady<\/h3>\n<ul>\n<li>Brak filtr\u00f3w p\u0142ci lub kraju<\/li>\n<li>Sporadyczny kontakt z nieodpowiednimi u\u017cytkownikami<\/li>\n<li>Ograniczona baza u\u017cytkownik\u00f3w w por\u00f3wnaniu do starszych platform<\/li>\n<li>Brak zapisanych mecz\u00f3w i funkcji spo\u0142eczno\u015bciowych<\/li>\n<\/ul>\n<h2>Idealne przypadki u\u017cycia<\/h2>\n<p>Anoncam to \u015bwietne rozwi\u0105zanie dla os\u00f3b, kt\u00f3re:<\/p>\n<ul>\n<li>Ch\u0119\u0107 anonimowej interakcji twarz\u0105 w twarz<\/li>\n<li>T\u0119skni\u0119 za oryginaln\u0105 prostot\u0105 Omegle<\/li>\n<li>Czy introwertycy szukaj\u0105 wi\u0119zi bez presji profilu?<\/li>\n<li>Po prostu chcesz porozmawia\u0107 lub da\u0107 upust emocjom bez os\u0105dzania<\/li>\n<li>Odkrywaj\u0105 mi\u0119dzynarodowe rozmowy i przyja\u017anie<\/li>\n<\/ul>\n<p>Nie jest to idealne rozwi\u0105zanie:<\/p>\n<ul>\n<li>U\u017cytkownicy szukaj\u0105cy do\u015bwiadcze\u0144 skoncentrowanych na randkach<\/li>\n<li>Ludzie czuj\u0105 si\u0119 niekomfortowo przed kamer\u0105 internetow\u0105<\/li>\n<li>Osoby oczekuj\u0105ce matchmakingu opartego na profilach<\/li>\n<li>Niepe\u0142noletni u\u017cytkownicy (Anoncam jest tylko dla os\u00f3b powy\u017cej 18 roku \u017cycia)<\/li>\n<\/ul>\n<p>Anoncam z powodzeniem o\u017cywia oryginaln\u0105 wizj\u0119 losowego czatu wideo - szybkiego, anonimowego i ludzkiego. W czasach, w kt\u00f3rych wi\u0119kszo\u015b\u0107 aplikacji chce Twoich danych, pieni\u0119dzy i czasu, Anoncam chce tylko jednego: rozmowy w czasie rzeczywistym mi\u0119dzy dwojgiem nieznajomych.<\/p>\n<p>Nie jest za\u015bmiecona funkcjami ani subskrypcjami. Nie udaje aplikacji randkowej. Nie wymaga te\u017c podawania adresu e-mail, imienia i nazwiska ani lokalizacji. Jeste\u015b tylko ty i druga osoba, twarz\u0105 w twarz, przez kilka sekund - lub minut - zanim przejdziesz dalej.<\/p>\n<p>Je\u015bli szukasz prywatnego, niezobowi\u0105zuj\u0105cego sposobu na poznawanie nowych ludzi online w 2025 roku, Anoncam jest jedn\u0105 z najlepszych minimalistycznych platform dost\u0119pnych na rynku. Prosty, darmowy i anonimowy - dok\u0142adnie taki, jaki powinien by\u0107 losowy czat.<\/p>","protected":false},"excerpt":{"rendered":"<p>If you miss the simplicity of the original Omegle, where you could jump into a video chat with a stranger instantly and anonymously, Anoncam might just be the modern-day alternative you\u2019re looking for. Built for users who value privacy, spontaneity, and zero commitment, Anoncam strips random video chat down to its most essential form\u2014no accounts, [&hellip;]<\/p>\n","protected":false},"author":6,"featured_media":0,"parent":0,"menu_order":0,"comment_status":"closed","ping_status":"closed","template":"","meta":{"footnotes":""},"class_list":["post-12890","page","type-page","status-publish","hentry"],"yoast_head":"<!-- This site is optimized with the Yoast SEO plugin v27.4 - https:\/\/yoast.com\/product\/yoast-seo-wordpress\/ -->\n<title>AnonCam - Real Anon Random Video Chat on StrangerCam.com<\/title>\n<meta name=\"description\" content=\"Like AnonCam? Come chat with more than 5.000.000 strangers on Stranger Cam for Free! Turn on your cam and find new friends &amp; maby a match!\" \/>\n<meta name=\"robots\" content=\"index, follow, max-snippet:-1, max-image-preview:large, max-video-preview:-1\" \/>\n<link rel=\"canonical\" href=\"https:\/\/strangercam.com\/pl\/anoncam\/\" \/>\n<meta property=\"og:locale\" content=\"pl_PL\" \/>\n<meta property=\"og:type\" content=\"article\" \/>\n<meta property=\"og:title\" content=\"AnonCam - Real Anon Random Video Chat on StrangerCam.com\" \/>\n<meta property=\"og:description\" content=\"Like AnonCam? Come chat with more than 5.000.000 strangers on Stranger Cam for Free! Turn on your cam and find new friends &amp; maby a match!\" \/>\n<meta property=\"og:url\" content=\"https:\/\/strangercam.com\/pl\/anoncam\/\" \/>\n<meta property=\"og:site_name\" content=\"Strangercam\" \/>\n<meta property=\"article:publisher\" content=\"https:\/\/www.facebook.com\/strangercam\" \/>\n<meta property=\"article:modified_time\" content=\"2025-06-16T12:57:21+00:00\" \/>\n<meta property=\"og:image\" content=\"https:\/\/strangercam.com\/wp-content\/uploads\/2021\/10\/Untitled-2.png\" \/>\n\t<meta property=\"og:image:width\" content=\"800\" \/>\n\t<meta property=\"og:image:height\" content=\"532\" \/>\n\t<meta property=\"og:image:type\" content=\"image\/png\" \/>\n<meta name=\"twitter:card\" content=\"summary_large_image\" \/>\n<meta name=\"twitter:site\" content=\"@strangercamapp\" \/>\n<meta name=\"twitter:label1\" content=\"Szacowany czas czytania\" \/>\n\t<meta name=\"twitter:data1\" content=\"6 minut\" \/>\n<script type=\"application\/ld+json\" class=\"yoast-schema-graph\">{\"@context\":\"https:\\\/\\\/schema.org\",\"@graph\":[{\"@type\":\"WebPage\",\"@id\":\"https:\\\/\\\/strangercam.com\\\/anoncam\\\/\",\"url\":\"https:\\\/\\\/strangercam.com\\\/anoncam\\\/\",\"name\":\"AnonCam - Real Anon Random Video Chat on StrangerCam.com\",\"isPartOf\":{\"@id\":\"https:\\\/\\\/strangercam.com\\\/#website\"},\"datePublished\":\"2025-06-16T12:55:58+00:00\",\"dateModified\":\"2025-06-16T12:57:21+00:00\",\"description\":\"Like AnonCam? Come chat with more than 5.000.000 strangers on Stranger Cam for Free! Turn on your cam and find new friends & maby a match!\",\"breadcrumb\":{\"@id\":\"https:\\\/\\\/strangercam.com\\\/anoncam\\\/#breadcrumb\"},\"inLanguage\":\"pl-PL\",\"potentialAction\":[{\"@type\":\"ReadAction\",\"target\":[\"https:\\\/\\\/strangercam.com\\\/anoncam\\\/\"]}]},{\"@type\":\"BreadcrumbList\",\"@id\":\"https:\\\/\\\/strangercam.com\\\/anoncam\\\/#breadcrumb\",\"itemListElement\":[{\"@type\":\"ListItem\",\"position\":1,\"name\":\"Home\",\"item\":\"https:\\\/\\\/strangercam.com\\\/\"},{\"@type\":\"ListItem\",\"position\":2,\"name\":\"AnonCam\"}]},{\"@type\":\"WebSite\",\"@id\":\"https:\\\/\\\/strangercam.com\\\/#website\",\"url\":\"https:\\\/\\\/strangercam.com\\\/\",\"name\":\"Strangercam\",\"description\":\"Random Video Chat with Strangers\",\"publisher\":{\"@id\":\"https:\\\/\\\/strangercam.com\\\/#organization\"},\"alternateName\":\"Strangercam.com\",\"potentialAction\":[{\"@type\":\"SearchAction\",\"target\":{\"@type\":\"EntryPoint\",\"urlTemplate\":\"https:\\\/\\\/strangercam.com\\\/?s={search_term_string}\"},\"query-input\":{\"@type\":\"PropertyValueSpecification\",\"valueRequired\":true,\"valueName\":\"search_term_string\"}}],\"inLanguage\":\"pl-PL\"},{\"@type\":\"Organization\",\"@id\":\"https:\\\/\\\/strangercam.com\\\/#organization\",\"name\":\"Strangercam\",\"alternateName\":\"Strangercam.com\",\"url\":\"https:\\\/\\\/strangercam.com\\\/\",\"logo\":{\"@type\":\"ImageObject\",\"inLanguage\":\"pl-PL\",\"@id\":\"https:\\\/\\\/strangercam.com\\\/#\\\/schema\\\/logo\\\/image\\\/\",\"url\":\"https:\\\/\\\/strangercam.com\\\/wp-content\\\/uploads\\\/2020\\\/11\\\/cropped-new-favicon-black.png\",\"contentUrl\":\"https:\\\/\\\/strangercam.com\\\/wp-content\\\/uploads\\\/2020\\\/11\\\/cropped-new-favicon-black.png\",\"width\":512,\"height\":512,\"caption\":\"Strangercam\"},\"image\":{\"@id\":\"https:\\\/\\\/strangercam.com\\\/#\\\/schema\\\/logo\\\/image\\\/\"},\"sameAs\":[\"https:\\\/\\\/www.facebook.com\\\/strangercam\",\"https:\\\/\\\/x.com\\\/strangercamapp\"]}]}<\/script>\n<!-- \/ Yoast SEO plugin. -->","yoast_head_json":{"title":"AnonCam - Prawdziwy losowy czat wideo Anon na StrangerCam.com","description":"Jak AnonCam? Przyjd\u017a na czat z ponad 5.000.000 nieznajomych na Stranger Cam za darmo! W\u0142\u0105cz swoj\u0105 kamer\u0119 i znajd\u017a nowych przyjaci\u00f3\u0142 i mo\u017ce mecz!","robots":{"index":"index","follow":"follow","max-snippet":"max-snippet:-1","max-image-preview":"max-image-preview:large","max-video-preview":"max-video-preview:-1"},"canonical":"https:\/\/strangercam.com\/pl\/anoncam\/","og_locale":"pl_PL","og_type":"article","og_title":"AnonCam - Real Anon Random Video Chat on StrangerCam.com","og_description":"Like AnonCam? Come chat with more than 5.000.000 strangers on Stranger Cam for Free! Turn on your cam and find new friends & maby a match!","og_url":"https:\/\/strangercam.com\/pl\/anoncam\/","og_site_name":"Strangercam","article_publisher":"https:\/\/www.facebook.com\/strangercam","article_modified_time":"2025-06-16T12:57:21+00:00","og_image":[{"width":800,"height":532,"url":"https:\/\/strangercam.com\/wp-content\/uploads\/2021\/10\/Untitled-2.png","type":"image\/png"}],"twitter_card":"summary_large_image","twitter_site":"@strangercamapp","twitter_misc":{"Szacowany czas czytania":"6 minut"},"schema":{"@context":"https:\/\/schema.org","@graph":[{"@type":"WebPage","@id":"https:\/\/strangercam.com\/anoncam\/","url":"https:\/\/strangercam.com\/anoncam\/","name":"AnonCam - Prawdziwy losowy czat wideo Anon na StrangerCam.com","isPartOf":{"@id":"https:\/\/strangercam.com\/#website"},"datePublished":"2025-06-16T12:55:58+00:00","dateModified":"2025-06-16T12:57:21+00:00","description":"Jak AnonCam? Przyjd\u017a na czat z ponad 5.000.000 nieznajomych na Stranger Cam za darmo! W\u0142\u0105cz swoj\u0105 kamer\u0119 i znajd\u017a nowych przyjaci\u00f3\u0142 i mo\u017ce mecz!","breadcrumb":{"@id":"https:\/\/strangercam.com\/anoncam\/#breadcrumb"},"inLanguage":"pl-PL","potentialAction":[{"@type":"ReadAction","target":["https:\/\/strangercam.com\/anoncam\/"]}]},{"@type":"BreadcrumbList","@id":"https:\/\/strangercam.com\/anoncam\/#breadcrumb","itemListElement":[{"@type":"ListItem","position":1,"name":"Home","item":"https:\/\/strangercam.com\/"},{"@type":"ListItem","position":2,"name":"AnonCam"}]},{"@type":"WebSite","@id":"https:\/\/strangercam.com\/#website","url":"https:\/\/strangercam.com\/","name":"Strangercam","description":"Losowy czat wideo z nieznajomymi","publisher":{"@id":"https:\/\/strangercam.com\/#organization"},"alternateName":"Strangercam.com","potentialAction":[{"@type":"SearchAction","target":{"@type":"EntryPoint","urlTemplate":"https:\/\/strangercam.com\/?s={search_term_string}"},"query-input":{"@type":"PropertyValueSpecification","valueRequired":true,"valueName":"search_term_string"}}],"inLanguage":"pl-PL"},{"@type":"Organization","@id":"https:\/\/strangercam.com\/#organization","name":"Strangercam","alternateName":"Strangercam.com","url":"https:\/\/strangercam.com\/","logo":{"@type":"ImageObject","inLanguage":"pl-PL","@id":"https:\/\/strangercam.com\/#\/schema\/logo\/image\/","url":"https:\/\/strangercam.com\/wp-content\/uploads\/2020\/11\/cropped-new-favicon-black.png","contentUrl":"https:\/\/strangercam.com\/wp-content\/uploads\/2020\/11\/cropped-new-favicon-black.png","width":512,"height":512,"caption":"Strangercam"},"image":{"@id":"https:\/\/strangercam.com\/#\/schema\/logo\/image\/"},"sameAs":["https:\/\/www.facebook.com\/strangercam","https:\/\/x.com\/strangercamapp"]}]}},"_links":{"self":[{"href":"https:\/\/strangercam.com\/pl\/wp-json\/wp\/v2\/pages\/12890","targetHints":{"allow":["GET"]}}],"collection":[{"href":"https:\/\/strangercam.com\/pl\/wp-json\/wp\/v2\/pages"}],"about":[{"href":"https:\/\/strangercam.com\/pl\/wp-json\/wp\/v2\/types\/page"}],"author":[{"embeddable":true,"href":"https:\/\/strangercam.com\/pl\/wp-json\/wp\/v2\/users\/6"}],"replies":[{"embeddable":true,"href":"https:\/\/strangercam.com\/pl\/wp-json\/wp\/v2\/comments?post=12890"}],"version-history":[{"count":1,"href":"https:\/\/strangercam.com\/pl\/wp-json\/wp\/v2\/pages\/12890\/revisions"}],"predecessor-version":[{"id":12891,"href":"https:\/\/strangercam.com\/pl\/wp-json\/wp\/v2\/pages\/12890\/revisions\/12891"}],"wp:attachment":[{"href":"https:\/\/strangercam.com\/pl\/wp-json\/wp\/v2\/media?parent=12890"}],"curies":[{"name":"wp","href":"https:\/\/api.w.org\/{rel}","templated":true}]}}