{"id":12887,"date":"2025-06-16T14:52:18","date_gmt":"2025-06-16T12:52:18","guid":{"rendered":"https:\/\/strangercam.com\/?page_id=12887"},"modified":"2025-06-16T14:52:18","modified_gmt":"2025-06-16T12:52:18","slug":"chmielowy","status":"publish","type":"page","link":"https:\/\/strangercam.com\/pl\/hoppy\/","title":{"rendered":"Hoppy"},"content":{"rendered":"<p>W \u015bwiecie zm\u0119czenia przesuwaniem i nieko\u0144cz\u0105cego si\u0119 przewijania profili randkowych, Hoppy wnosi co\u015b innego do sto\u0142u: wideo w czasie rzeczywistym <a href=\"https:\/\/strangercam.com\/pl\/chathub\/\">czat<\/a> jako pierwszy krok do poznania kogo\u015b nowego. \u0141\u0105cz\u0105c zabaw\u0119 z przypadkowych czat\u00f3w mi\u0119dzy kamerami z zamiarem randkowania, Hoppy pozycjonuje si\u0119 gdzie\u015b pomi\u0119dzy aplikacj\u0105 randkow\u0105 a do\u015bwiadczeniem kojarzenia wideo.<\/p>\n<p>Je\u015bli jeste\u015b zm\u0119czony czatami tekstowymi, kt\u00f3re wygasaj\u0105 przed pierwsz\u0105 randk\u0105 - lub aplikacjami randkowymi, w kt\u00f3rych ludzie rzadko odpowiadaj\u0105 - Hoppy oferuje szybki, interaktywny i ludzki spos\u00f3b na nawi\u0105zanie prawdziwych kontakt\u00f3w.<\/p>\n<p>W tej recenzji zbadamy dok\u0142adnie, jak dzia\u0142a Hoppy, dla kogo jest najlepszy, jakie funkcje zawiera, jak wypada na tle innych platform i czy warto po\u015bwi\u0119ci\u0107 mu czas w 2025 roku.<\/p>\n<h2>Czym jest Hoppy?<\/h2>\n<p>Hoppy to platforma randkowa z czatem wideo, na kt\u00f3rej u\u017cytkownicy spotykaj\u0105 si\u0119 z innymi za po\u015brednictwem losowych rozm\u00f3w wideo jeden na jednego. W przeciwie\u0144stwie do tradycyjnych aplikacji randkowych, w kt\u00f3rych przewijasz profile i czekasz na dopasowanie, Hoppy od samego pocz\u0105tku wrzuca Ci\u0119 w interakcj\u0119 na \u017cywo. Widzisz i rozmawiasz ze swoim dopasowaniem w czasie rzeczywistym, natychmiast decyduj\u0105c, czy jest chemia - czy te\u017c idziesz dalej.<\/p>\n<p>Pomys\u0142 jest prosty: kr\u00f3tkie czaty wideo twarz\u0105 w twarz, kt\u00f3re dzia\u0142aj\u0105 jak wirtualne \"pierwsze randki\", pomagaj\u0105c pomin\u0105\u0107 nieko\u0144cz\u0105ce si\u0119 SMS-y i sprawdzi\u0107, czy od samego pocz\u0105tku istnieje prawdziwa wi\u0119\u017a.<\/p>\n<p>Jest cz\u0119sto opisywany jako:<\/p>\n<ul>\n<li>Serwis randkowy z funkcj\u0105 wideo<\/li>\n<li>Platforma szybkich randek dla ery cyfrowej<\/li>\n<li>Hybryda pomi\u0119dzy <a href=\"https:\/\/strangercam.com\/pl\/chatroulette\/\">Chatroulette<\/a> i Tinder<\/li>\n<\/ul>\n<h2>Jaki jest cel Hoppy?<\/h2>\n<p>Misj\u0105 Hoppy jest pomaganie ludziom w budowaniu prawdziwych, romantycznych relacji poprzez wideo na \u017cywo. Platforma jest przeznaczona dla:<\/p>\n<ul>\n<li>Single szukaj\u0105cy bardziej autentycznego pierwszego wra\u017cenia<\/li>\n<li>Ludzie zm\u0119czeni ghostingiem i fa\u0142szywymi profilami<\/li>\n<li>U\u017cytkownicy, kt\u00f3rzy wol\u0105 chemi\u0119 wizualn\u0105 i interakcje na \u017cywo ni\u017c tekst<\/li>\n<\/ul>\n<p>Tam, gdzie wi\u0119kszo\u015b\u0107 aplikacji randkowych opiera si\u0119 na wyselekcjonowanych biografiach i przefiltrowanych zdj\u0119ciach, Hoppy od razu przechodzi do prawdziwej rozmowy - dw\u00f3ch nieznajomych twarz\u0105 w twarz przez kamer\u0119 internetow\u0105, decyduj\u0105c, czy rozmawia\u0107 dalej, czy i\u015b\u0107 dalej.<\/p>\n<p>Platforma jest wystarczaj\u0105co swobodna do flirtowania i zabawy, ale wystarczaj\u0105co ustrukturyzowana, aby przyci\u0105gn\u0105\u0107 ludzi naprawd\u0119 zainteresowanych randkami, a nie tylko czatowaniem bez celu.<\/p>\n<h2>Kluczowe cechy<\/h2>\n<p>1. Losowe dopasowanie wideo jeden na jednego<br \/>\nG\u0142\u00f3wn\u0105 funkcj\u0105 Hoppy s\u0105 czaty wideo na \u017cywo, jeden na jednego, z losowo dobranymi u\u017cytkownikami. Ka\u017cda rozmowa jest ograniczona czasowo, trwaj\u0105c zazwyczaj minut\u0119 lub dwie, po czym obaj u\u017cytkownicy mog\u0105 zdecydowa\u0107 si\u0119 na dalsze po\u0142\u0105czenie lub przej\u015b\u0107 dalej.<\/p>\n<p>2. System Double Opt-In Match<br \/>\nPo zako\u0144czeniu czatu wideo obaj u\u017cytkownicy mog\u0105 \"polubi\u0107\" interakcj\u0119. Je\u015bli obie osoby chc\u0105 ponownie porozmawia\u0107, tworzone jest dopasowanie i mo\u017cna kontynuowa\u0107 rozmow\u0119 tekstow\u0105 lub wideo w aplikacji.<\/p>\n<p>3. Dopasowanie kolejki i ponowne po\u0142\u0105czenia<br \/>\nHoppy zawiera histori\u0119 mecz\u00f3w i list\u0119 ostatnich czat\u00f3w, umo\u017cliwiaj\u0105c ponowne odwiedzenie rozm\u00f3w lub ponowne nawi\u0105zanie kontaktu z kim\u015b, z kim lubi\u0142e\u015b rozmawia\u0107.<\/p>\n<p>4. Filtry dla p\u0142ci i zainteresowa\u0144 <em>(Funkcja Premium)<\/em><br \/>\nPodczas gdy podstawowe do\u015bwiadczenie jest losowe, Hoppy oferuje filtry, dzi\u0119ki czemu mo\u017cna dopasowa\u0107 si\u0119 do os\u00f3b okre\u015blonej p\u0142ci lub regionu. Pomaga to zwi\u0119kszy\u0107 szans\u0119 na znalezienie dopasowania zgodnego z preferencjami u\u017cytkownika.<\/p>\n<p>5. Dostosowywanie profilu<br \/>\nKa\u017cdy u\u017cytkownik mo\u017ce utworzy\u0107 sw\u00f3j profil \u015bwietlny:<\/p>\n<ul>\n<li>Zdj\u0119cie profilowe<\/li>\n<li>Podstawowe bio<\/li>\n<li>Lokalizacja<\/li>\n<li>P\u0142e\u0107 i preferencje dotycz\u0105ce randek<\/li>\n<\/ul>\n<p>Profile te s\u0105 jednak ujawniane dopiero po dopasowaniu, dzi\u0119ki czemu pocz\u0105tkowy czat wideo jest anonimowy i koncentruje si\u0119 na naturalnej chemii.<\/p>\n<p>6. Narz\u0119dzia antyhostingowe<br \/>\nHoppy wykorzystuje zach\u0119ty do rozmowy i podpowiedzi dotycz\u0105ce dopasowania, aby zach\u0119ci\u0107 do dalszych rozm\u00f3w, minimalizuj\u0105c efekt \"miasta duch\u00f3w\", kt\u00f3ry n\u0119ka wiele aplikacji randkowych.<\/p>\n<p>7. Standardy bezpiecznej spo\u0142eczno\u015bci<br \/>\nU\u017cytkownicy mog\u0105 zg\u0142asza\u0107 nieodpowiednie zachowania w czasie rzeczywistym. Powtarzaj\u0105ce si\u0119 naruszenia skutkuj\u0105 banami lub ograniczonym dost\u0119pem, a zesp\u00f3\u0142 moderator\u00f3w sprawdza zg\u0142oszenia.<\/p>\n<h2>Czy Hoppy jest darmowy?<\/h2>\n<p>Hoppy mo\u017cna wypr\u00f3bowa\u0107 bezp\u0142atnie, a wszystkie podstawowe funkcje czatu wideo s\u0105 dost\u0119pne za darmo. Dzia\u0142a jednak w modelu freemium, kt\u00f3ry odblokowuje funkcje premium za miesi\u0119czn\u0105 op\u0142at\u0105.<\/p>\n<h3>Darmowi u\u017cytkownicy mog\u0105:<\/h3>\n<ul>\n<li>Wprowad\u017a nieograniczon\u0105 liczb\u0119 czat\u00f3w wideo<\/li>\n<li>Dopasowywanie i czatowanie z ka\u017cdym, kto si\u0119 wzajemnie podoba<\/li>\n<li>Utw\u00f3rz profil podstawowy<\/li>\n<li>Po\u0142\u0105cz si\u0119 ponownie z ostatnimi meczami<\/li>\n<\/ul>\n<h3>U\u017cytkownicy Premium otrzymuj\u0105:<\/h3>\n<ul>\n<li>Filtry p\u0142ci i regionu<\/li>\n<li>Dost\u0119p do dodatkowych informacji o profilu przed dopasowaniem<\/li>\n<li>Nieograniczone ponowne dopasowanie i wyd\u0142u\u017cony czas czatu<\/li>\n<li>Zwi\u0119kszenie widoczno\u015bci i dopasowanie priorytet\u00f3w<\/li>\n<\/ul>\n<p>Ceny r\u00f3\u017cni\u0105 si\u0119 w zale\u017cno\u015bci od regionu, ale typowe plany premium wahaj\u0105 si\u0119 od $9.99 do $19.99\/miesi\u0105c w zale\u017cno\u015bci od d\u0142ugo\u015bci subskrypcji.<\/p>\n<h2>Dla kogo jest Hoppy?<\/h2>\n<p>Hoppy zosta\u0142 zaprojektowany specjalnie dla singli w wieku 18-35 lat, cho\u0107 starsi u\u017cytkownicy s\u0105 r\u00f3wnie\u017c mile widziani. Najbardziej przemawia do:<\/p>\n<ul>\n<li>Ludzie, kt\u00f3rzy powa\u017cnie podchodz\u0105 do randkowania, ale s\u0105 sfrustrowani typowymi aplikacjami.<\/li>\n<li>U\u017cytkownicy preferuj\u0105cy komunikacj\u0119 wideo zamiast wiadomo\u015bci tekstowych<\/li>\n<li>Ci, kt\u00f3rzy chc\u0105 spotka\u0107 si\u0119 z potencjalnymi partnerami twarz\u0105 w twarz, natychmiast<\/li>\n<li>Ka\u017cdy, kto szuka bardziej ludzkiej, mniej skryptowej interakcji online<\/li>\n<\/ul>\n<h3>Wsp\u00f3lne dane demograficzne:<\/h3>\n<ul>\n<li>R\u00f3wny podzia\u0142 p\u0142ci (bardziej zr\u00f3wnowa\u017cony ni\u017c w wielu <a href=\"https:\/\/strangercam.com\/pl\/bazoocam\/\">krzywka<\/a> platformy czatu)<\/li>\n<li>U\u017cytkownicy z Ameryki P\u00f3\u0142nocnej, Europy, Azji Po\u0142udniowo-Wschodniej i Ameryki Po\u0142udniowej<\/li>\n<li>Osoby szukaj\u0105ce mi\u0142o\u015bci, niezobowi\u0105zuj\u0105cych randek lub zalotnych rozm\u00f3w<\/li>\n<\/ul>\n<p>W przeciwie\u0144stwie do czysto losowych platform czatowych, takich jak <a href=\"https:\/\/strangercam.com\/pl\/omegle\/\">Omegle<\/a>, Hoppy filtruje intencje - wi\u0119kszo\u015b\u0107 u\u017cytkownik\u00f3w jest tam po to, aby umawia\u0107 si\u0119 na randki lub przynajmniej flirtowa\u0107, a nie tylko przypadkowo rozmawia\u0107 lub trollowa\u0107.<\/p>\n<h2>Bezpiecze\u0144stwo, prywatno\u015b\u0107 i moderacja<\/h2>\n<p>Hoppy powa\u017cnie podchodzi do kwestii bezpiecze\u0144stwa, r\u00f3wnowa\u017c\u0105c anonimowo\u015b\u0107 z odpowiedzialno\u015bci\u0105.<\/p>\n<p>Funkcje prywatno\u015bci:<\/p>\n<ul>\n<li>Czaty s\u0105 szyfrowane i nie s\u0105 nagrywane<\/li>\n<li>Brak zewn\u0119trznego udost\u0119pniania mecz\u00f3w lub danych<\/li>\n<li>Tw\u00f3j profil jest widoczny tylko po wzajemnym dopasowaniu<\/li>\n<\/ul>\n<p>Narz\u0119dzia moderacyjne:<\/p>\n<ul>\n<li>Raportowanie w czasie rzeczywistym<\/li>\n<li>Wykrywanie niew\u0142a\u015bciwych zachowa\u0144 za pomoc\u0105 sztucznej inteligencji i weryfikacji przez cz\u0142owieka<\/li>\n<li>Bany dla u\u017cytkownik\u00f3w naruszaj\u0105cych standardy spo\u0142eczno\u015bci<\/li>\n<\/ul>\n<p>Kontrola u\u017cytkownika:<\/p>\n<ul>\n<li>Pomi\u0144 lub zako\u0144cz czat w dowolnym momencie<\/li>\n<li>Blokowanie ponownego dopasowywania u\u017cytkownik\u00f3w<\/li>\n<li>Kontroluj, kto widzi Tw\u00f3j profil<\/li>\n<\/ul>\n<p>Jak zawsze, u\u017cytkownicy nigdy nie powinni udost\u0119pnia\u0107 danych osobowych, nawet na czacie wideo, dop\u00f3ki nie zdob\u0119d\u0105 zaufania.<\/p>\n<h2>Do\u015bwiadczenie u\u017cytkownika i projektowanie<\/h2>\n<p>Projekt Hoppy jest elegancki, nowoczesny i zoptymalizowany do u\u017cytku mobilnego, cho\u0107 u\u017cytkownicy komputer\u00f3w stacjonarnych s\u0105 r\u00f3wnie\u017c obs\u0142ugiwani. Kluczowe elementy obejmuj\u0105:<\/p>\n<ul>\n<li>Du\u017ce okno wideo na \u017cywo podczas czat\u00f3w<\/li>\n<li>Minimalne rozpraszanie uwagi lub nak\u0142adki<\/li>\n<li>Wyczy\u015b\u0107 przyciski dopasowania\/pomijania\/raportowania<\/li>\n<li>Szybkie przej\u015bcia mi\u0119dzy u\u017cytkownikami<\/li>\n<\/ul>\n<p>Czasowy format czatu sprawia, \u017ce wszystko jest ekscytuj\u0105ce i ma\u0142o stresuj\u0105ce. Ka\u017cda rozmowa jest kr\u00f3tka, ale znacz\u0105ca i nigdy nie utkniesz w sesji, kt\u00f3rej nie lubisz.<\/p>\n<h2>Hoppy a inne platformy randkowe z czatami wideo<\/h2>\n<p>Jak wypada Hoppy w por\u00f3wnaniu z podobnymi aplikacjami w przestrzeni randkowej?<\/p>\n<table>\n<thead>\n<tr>\n<th>Cecha<\/th>\n<th>Hoppy<\/th>\n<th>Ma\u0142pa<\/th>\n<th>Camgo<\/th>\n<th><a href=\"https:\/\/strangercam.com\/pl\/coomeet\/\">CooMeet<\/a><\/th>\n<th>Azar<\/th>\n<\/tr>\n<\/thead>\n<tbody>\n<tr>\n<td>Czat wideo 1 na 1<\/td>\n<td>Tak<\/td>\n<td>Tak<\/td>\n<td>Tak<\/td>\n<td>Tak<\/td>\n<td>Tak<\/td>\n<\/tr>\n<tr>\n<td>Skup si\u0119 na randkach<\/td>\n<td>Silny<\/td>\n<td>S\u0142aby<\/td>\n<td>Umiarkowany<\/td>\n<td>Silny<\/td>\n<td>S\u0142aby<\/td>\n<\/tr>\n<tr>\n<td>Bezp\u0142atne u\u017cytkowanie<\/td>\n<td>Tak<\/td>\n<td>Tak<\/td>\n<td>Tak<\/td>\n<td>Ograniczony<\/td>\n<td>Tak<\/td>\n<\/tr>\n<tr>\n<td>Filtry p\u0142ci<\/td>\n<td>P\u0142atne<\/td>\n<td>Nie<\/td>\n<td>P\u0142atne<\/td>\n<td>P\u0142atne<\/td>\n<td>P\u0142atne<\/td>\n<\/tr>\n<tr>\n<td>Wymagana rejestracja<\/td>\n<td>Tak<\/td>\n<td>Opcjonalnie<\/td>\n<td>Nie<\/td>\n<td>Tak<\/td>\n<td>Tak<\/td>\n<\/tr>\n<tr>\n<td>Dopasowywanie w czasie rzeczywistym<\/td>\n<td>Tak<\/td>\n<td>Tak<\/td>\n<td>Tak<\/td>\n<td>Tak<\/td>\n<td>Tak<\/td>\n<\/tr>\n<tr>\n<td>Bezpiecze\u0144stwo spo\u0142eczno\u015bci<\/td>\n<td>Umiarkowany<\/td>\n<td>S\u0142aby<\/td>\n<td>Umiarkowany<\/td>\n<td>Silny<\/td>\n<td>Umiarkowany<\/td>\n<\/tr>\n<\/tbody>\n<\/table>\n<p>Podsumowanie: Hoppy oferuje silniejsze podej\u015bcie do randek w por\u00f3wnaniu z wi\u0119kszo\u015bci\u0105 losowych aplikacji wideo, bez przechodzenia na pe\u0142ny paywall, jak CooMeet. Sprawia, \u017ce wszystko jest spontaniczne, ale znacz\u0105ce, co jest idealne dla u\u017cytkownik\u00f3w szukaj\u0105cych prawdziwych po\u0142\u0105cze\u0144 za po\u015brednictwem wideo.<\/p>\n<h2>Plusy i minusy<\/h2>\n<p>Plusy:<\/p>\n<ul>\n<li>Natychmiastowa interakcja twarz\u0105 w twarz<\/li>\n<li>Silny nacisk na randki, a nie tylko swobodny czat<\/li>\n<li>Bezp\u0142atne u\u017cytkowanie z szerokim dost\u0119pem<\/li>\n<li>Do\u015bwiadczenie zoptymalizowane pod k\u0105tem urz\u0105dze\u0144 mobilnych<\/li>\n<li>Wysoka jako\u015b\u0107 dopasowania dzi\u0119ki podw\u00f3jnemu opt-in<\/li>\n<li>Dost\u0119pne filtry i narz\u0119dzia bezpiecze\u0144stwa<\/li>\n<\/ul>\n<p>Wady:<\/p>\n<ul>\n<li>Funkcje premium mog\u0105 by\u0107 drogie<\/li>\n<li>Niekt\u00f3rzy u\u017cytkownicy mog\u0105 nadal nadu\u017cywa\u0107 systemu<\/li>\n<li>Ograniczona baza u\u017cytkownik\u00f3w w niekt\u00f3rych strefach czasowych<\/li>\n<li>Aby wzi\u0105\u0107 udzia\u0142, musisz by\u0107 gotowy do pracy z kamer\u0105<\/li>\n<\/ul>\n<h2>Idealne przypadki u\u017cycia<\/h2>\n<p>Hoppy jest idealny dla:<\/p>\n<ul>\n<li>U\u017cytkownicy aplikacji randkowych, kt\u00f3rzy chc\u0105 pomin\u0105\u0107 nieko\u0144cz\u0105ce si\u0119 SMS-y<\/li>\n<li>Single, kt\u00f3rzy wol\u0105 chemi\u0119 od zdj\u0119\u0107<\/li>\n<li>Ekstrawertycy, kt\u00f3rzy rozwijaj\u0105 si\u0119 w rozmowach na \u017cywo<\/li>\n<li>Ludzie ciekawi nowoczesnych szybkich randek za po\u015brednictwem wideo<\/li>\n<\/ul>\n<p>Nie jest idealny dla:<\/p>\n<ul>\n<li>U\u017cytkownicy, kt\u00f3rzy nie lubi\u0105 wyst\u0119powa\u0107 przed kamer\u0105<\/li>\n<li>Osoby poni\u017cej 18 roku \u017cycia (wy\u0142\u0105cznie dla doros\u0142ych)<\/li>\n<li>Ci, kt\u00f3rzy szukaj\u0105 powolnego matchmakingu lub tradycyjnych profili randkowych<\/li>\n<\/ul>\n<p>Hoppy wprowadza od\u015bwie\u017caj\u0105cy zwrot na scenie randek online, stawiaj\u0105c interakcj\u0119 na \u017cywo, twarz\u0105 w twarz na pierwszym planie. Zamiast przesuwa\u0107 palcem w niesko\u0144czono\u015b\u0107 lub wysy\u0142a\u0107 SMS-y przez kilka dni, u\u017cytkownicy natychmiast uzyskuj\u0105 prawdziwe pierwsze wra\u017cenie - i w ci\u0105gu kilku sekund decyduj\u0105, czy istnieje potencja\u0142.<\/p>\n<p>Jest szybki, zabawny i zaskakuj\u0105co autentyczny. Niezale\u017cnie od tego, czy szukasz niezobowi\u0105zuj\u0105cego flirtu, powa\u017cnych randek, czy po prostu chcesz pozna\u0107 kogo\u015b interesuj\u0105cego dzi\u015b wieczorem, Hoppy oferuje zgrabny i przyst\u0119pny spos\u00f3b, aby to osi\u0105gn\u0105\u0107 - nie wymaga pobierania ani niezr\u0119cznych biografii.<\/p>\n<p>Je\u015bli jeste\u015b gotowy porzuci\u0107 zm\u0119czenie aplikacjami randkowymi i pozna\u0107 prawdziwych ludzi w czasie rzeczywistym, Hoppy jest absolutnie warte wypr\u00f3bowania.<\/p>","protected":false},"excerpt":{"rendered":"<p>In a world of swiping fatigue and endless scrolling through dating profiles, Hoppy brings something different to the table: real-time video chat as the first step to meeting someone new. By blending the fun of random cam-to-cam chats with the intention of dating, Hoppy positions itself somewhere between a dating app and a video matchmaking [&hellip;]<\/p>\n","protected":false},"author":6,"featured_media":0,"parent":0,"menu_order":0,"comment_status":"closed","ping_status":"closed","template":"","meta":{"footnotes":""},"class_list":["post-12887","page","type-page","status-publish","hentry"],"yoast_head":"<!-- This site is optimized with the Yoast SEO plugin v27.4 - https:\/\/yoast.com\/product\/yoast-seo-wordpress\/ -->\n<title>Hoppy - It Takes One Video To Match on StrangerCam.com<\/title>\n<meta name=\"description\" content=\"Like Hoppy? Come chat with more than 5.000.000 strangers on Stranger Cam for Free! Turn on your cam and find new friends &amp; maby a match!\" \/>\n<meta name=\"robots\" content=\"index, follow, max-snippet:-1, max-image-preview:large, max-video-preview:-1\" \/>\n<link rel=\"canonical\" href=\"https:\/\/strangercam.com\/pl\/chmielowy\/\" \/>\n<meta property=\"og:locale\" content=\"pl_PL\" \/>\n<meta property=\"og:type\" content=\"article\" \/>\n<meta property=\"og:title\" content=\"Hoppy - It Takes One Video To Match on StrangerCam.com\" \/>\n<meta property=\"og:description\" content=\"Like Hoppy? Come chat with more than 5.000.000 strangers on Stranger Cam for Free! Turn on your cam and find new friends &amp; maby a match!\" \/>\n<meta property=\"og:url\" content=\"https:\/\/strangercam.com\/pl\/chmielowy\/\" \/>\n<meta property=\"og:site_name\" content=\"Strangercam\" \/>\n<meta property=\"article:publisher\" content=\"https:\/\/www.facebook.com\/strangercam\" \/>\n<meta property=\"og:image\" content=\"https:\/\/strangercam.com\/wp-content\/uploads\/2021\/10\/Untitled-2.png\" \/>\n\t<meta property=\"og:image:width\" content=\"800\" \/>\n\t<meta property=\"og:image:height\" content=\"532\" \/>\n\t<meta property=\"og:image:type\" content=\"image\/png\" \/>\n<meta name=\"twitter:card\" content=\"summary_large_image\" \/>\n<meta name=\"twitter:site\" content=\"@strangercamapp\" \/>\n<meta name=\"twitter:label1\" content=\"Szacowany czas czytania\" \/>\n\t<meta name=\"twitter:data1\" content=\"6 minut\" \/>\n<script type=\"application\/ld+json\" class=\"yoast-schema-graph\">{\"@context\":\"https:\\\/\\\/schema.org\",\"@graph\":[{\"@type\":\"WebPage\",\"@id\":\"https:\\\/\\\/strangercam.com\\\/hoppy\\\/\",\"url\":\"https:\\\/\\\/strangercam.com\\\/hoppy\\\/\",\"name\":\"Hoppy - It Takes One Video To Match on StrangerCam.com\",\"isPartOf\":{\"@id\":\"https:\\\/\\\/strangercam.com\\\/#website\"},\"datePublished\":\"2025-06-16T12:52:18+00:00\",\"description\":\"Like Hoppy? Come chat with more than 5.000.000 strangers on Stranger Cam for Free! Turn on your cam and find new friends & maby a match!\",\"breadcrumb\":{\"@id\":\"https:\\\/\\\/strangercam.com\\\/hoppy\\\/#breadcrumb\"},\"inLanguage\":\"pl-PL\",\"potentialAction\":[{\"@type\":\"ReadAction\",\"target\":[\"https:\\\/\\\/strangercam.com\\\/hoppy\\\/\"]}]},{\"@type\":\"BreadcrumbList\",\"@id\":\"https:\\\/\\\/strangercam.com\\\/hoppy\\\/#breadcrumb\",\"itemListElement\":[{\"@type\":\"ListItem\",\"position\":1,\"name\":\"Home\",\"item\":\"https:\\\/\\\/strangercam.com\\\/\"},{\"@type\":\"ListItem\",\"position\":2,\"name\":\"Hoppy\"}]},{\"@type\":\"WebSite\",\"@id\":\"https:\\\/\\\/strangercam.com\\\/#website\",\"url\":\"https:\\\/\\\/strangercam.com\\\/\",\"name\":\"Strangercam\",\"description\":\"Random Video Chat with Strangers\",\"publisher\":{\"@id\":\"https:\\\/\\\/strangercam.com\\\/#organization\"},\"alternateName\":\"Strangercam.com\",\"potentialAction\":[{\"@type\":\"SearchAction\",\"target\":{\"@type\":\"EntryPoint\",\"urlTemplate\":\"https:\\\/\\\/strangercam.com\\\/?s={search_term_string}\"},\"query-input\":{\"@type\":\"PropertyValueSpecification\",\"valueRequired\":true,\"valueName\":\"search_term_string\"}}],\"inLanguage\":\"pl-PL\"},{\"@type\":\"Organization\",\"@id\":\"https:\\\/\\\/strangercam.com\\\/#organization\",\"name\":\"Strangercam\",\"alternateName\":\"Strangercam.com\",\"url\":\"https:\\\/\\\/strangercam.com\\\/\",\"logo\":{\"@type\":\"ImageObject\",\"inLanguage\":\"pl-PL\",\"@id\":\"https:\\\/\\\/strangercam.com\\\/#\\\/schema\\\/logo\\\/image\\\/\",\"url\":\"https:\\\/\\\/strangercam.com\\\/wp-content\\\/uploads\\\/2020\\\/11\\\/cropped-new-favicon-black.png\",\"contentUrl\":\"https:\\\/\\\/strangercam.com\\\/wp-content\\\/uploads\\\/2020\\\/11\\\/cropped-new-favicon-black.png\",\"width\":512,\"height\":512,\"caption\":\"Strangercam\"},\"image\":{\"@id\":\"https:\\\/\\\/strangercam.com\\\/#\\\/schema\\\/logo\\\/image\\\/\"},\"sameAs\":[\"https:\\\/\\\/www.facebook.com\\\/strangercam\",\"https:\\\/\\\/x.com\\\/strangercamapp\"]}]}<\/script>\n<!-- \/ Yoast SEO plugin. -->","yoast_head_json":{"title":"Hoppy - It Takes One Video To Match na StrangerCam.com","description":"Jak Hoppy? Przyjd\u017a na czat z ponad 5.000.000 nieznajomych na Stranger Cam za darmo! W\u0142\u0105cz kamer\u0119 i znajd\u017a nowych przyjaci\u00f3\u0142 i mo\u017ce mecz!","robots":{"index":"index","follow":"follow","max-snippet":"max-snippet:-1","max-image-preview":"max-image-preview:large","max-video-preview":"max-video-preview:-1"},"canonical":"https:\/\/strangercam.com\/pl\/chmielowy\/","og_locale":"pl_PL","og_type":"article","og_title":"Hoppy - It Takes One Video To Match on StrangerCam.com","og_description":"Like Hoppy? Come chat with more than 5.000.000 strangers on Stranger Cam for Free! Turn on your cam and find new friends & maby a match!","og_url":"https:\/\/strangercam.com\/pl\/chmielowy\/","og_site_name":"Strangercam","article_publisher":"https:\/\/www.facebook.com\/strangercam","og_image":[{"width":800,"height":532,"url":"https:\/\/strangercam.com\/wp-content\/uploads\/2021\/10\/Untitled-2.png","type":"image\/png"}],"twitter_card":"summary_large_image","twitter_site":"@strangercamapp","twitter_misc":{"Szacowany czas czytania":"6 minut"},"schema":{"@context":"https:\/\/schema.org","@graph":[{"@type":"WebPage","@id":"https:\/\/strangercam.com\/hoppy\/","url":"https:\/\/strangercam.com\/hoppy\/","name":"Hoppy - It Takes One Video To Match na StrangerCam.com","isPartOf":{"@id":"https:\/\/strangercam.com\/#website"},"datePublished":"2025-06-16T12:52:18+00:00","description":"Jak Hoppy? Przyjd\u017a na czat z ponad 5.000.000 nieznajomych na Stranger Cam za darmo! W\u0142\u0105cz kamer\u0119 i znajd\u017a nowych przyjaci\u00f3\u0142 i mo\u017ce mecz!","breadcrumb":{"@id":"https:\/\/strangercam.com\/hoppy\/#breadcrumb"},"inLanguage":"pl-PL","potentialAction":[{"@type":"ReadAction","target":["https:\/\/strangercam.com\/hoppy\/"]}]},{"@type":"BreadcrumbList","@id":"https:\/\/strangercam.com\/hoppy\/#breadcrumb","itemListElement":[{"@type":"ListItem","position":1,"name":"Home","item":"https:\/\/strangercam.com\/"},{"@type":"ListItem","position":2,"name":"Hoppy"}]},{"@type":"WebSite","@id":"https:\/\/strangercam.com\/#website","url":"https:\/\/strangercam.com\/","name":"Strangercam","description":"Losowy czat wideo z nieznajomymi","publisher":{"@id":"https:\/\/strangercam.com\/#organization"},"alternateName":"Strangercam.com","potentialAction":[{"@type":"SearchAction","target":{"@type":"EntryPoint","urlTemplate":"https:\/\/strangercam.com\/?s={search_term_string}"},"query-input":{"@type":"PropertyValueSpecification","valueRequired":true,"valueName":"search_term_string"}}],"inLanguage":"pl-PL"},{"@type":"Organization","@id":"https:\/\/strangercam.com\/#organization","name":"Strangercam","alternateName":"Strangercam.com","url":"https:\/\/strangercam.com\/","logo":{"@type":"ImageObject","inLanguage":"pl-PL","@id":"https:\/\/strangercam.com\/#\/schema\/logo\/image\/","url":"https:\/\/strangercam.com\/wp-content\/uploads\/2020\/11\/cropped-new-favicon-black.png","contentUrl":"https:\/\/strangercam.com\/wp-content\/uploads\/2020\/11\/cropped-new-favicon-black.png","width":512,"height":512,"caption":"Strangercam"},"image":{"@id":"https:\/\/strangercam.com\/#\/schema\/logo\/image\/"},"sameAs":["https:\/\/www.facebook.com\/strangercam","https:\/\/x.com\/strangercamapp"]}]}},"_links":{"self":[{"href":"https:\/\/strangercam.com\/pl\/wp-json\/wp\/v2\/pages\/12887","targetHints":{"allow":["GET"]}}],"collection":[{"href":"https:\/\/strangercam.com\/pl\/wp-json\/wp\/v2\/pages"}],"about":[{"href":"https:\/\/strangercam.com\/pl\/wp-json\/wp\/v2\/types\/page"}],"author":[{"embeddable":true,"href":"https:\/\/strangercam.com\/pl\/wp-json\/wp\/v2\/users\/6"}],"replies":[{"embeddable":true,"href":"https:\/\/strangercam.com\/pl\/wp-json\/wp\/v2\/comments?post=12887"}],"version-history":[{"count":2,"href":"https:\/\/strangercam.com\/pl\/wp-json\/wp\/v2\/pages\/12887\/revisions"}],"predecessor-version":[{"id":12889,"href":"https:\/\/strangercam.com\/pl\/wp-json\/wp\/v2\/pages\/12887\/revisions\/12889"}],"wp:attachment":[{"href":"https:\/\/strangercam.com\/pl\/wp-json\/wp\/v2\/media?parent=12887"}],"curies":[{"name":"wp","href":"https:\/\/api.w.org\/{rel}","templated":true}]}}