{"id":12883,"date":"2025-06-16T14:46:37","date_gmt":"2025-06-16T12:46:37","guid":{"rendered":"https:\/\/strangercam.com\/?page_id=12883"},"modified":"2025-06-16T14:46:37","modified_gmt":"2025-06-16T12:46:37","slug":"aveola","status":"publish","type":"page","link":"https:\/\/strangercam.com\/pl\/aveola\/","title":{"rendered":"Aveola"},"content":{"rendered":"<p>Losowe wideo <a href=\"https:\/\/strangercam.com\/pl\/chatroulette\/\">czat<\/a> przestrze\u0144 jest bardziej konkurencyjna ni\u017c kiedykolwiek. Dzi\u0119ki platformom takim jak <a href=\"https:\/\/strangercam.com\/pl\/ometv\/\">OmeTV<\/a>, Hay Fun i Monkey wyznaczaj\u0105 tempo, ale nowi konkurenci zyskuj\u0105 na popularno\u015bci dzi\u0119ki eleganckim interfejsom i lepszej integracji z urz\u0105dzeniami mobilnymi. Jednym z nich jest Aveola - rozwijaj\u0105ca si\u0119 platforma czatu wideo zaprojektowana do szybkich, anonimowych interakcji jeden na jednego z nieznajomymi na ca\u0142ym \u015bwiecie.<\/p>\n<p>Niezale\u017cnie od tego, czy chcesz flirtowa\u0107, nawi\u0105zywa\u0107 mi\u0119dzynarodowe znajomo\u015bci, czy po prostu sp\u0119dza\u0107 czas na poznawaniu nowych ludzi, Aveola obiecuje mobilne do\u015bwiadczenie bez komplikacji zwi\u0105zanych z rejestracj\u0105, profilami spo\u0142eczno\u015bciowymi lub tworzeniem tre\u015bci.<\/p>\n<p>W tej recenzji przyjrzymy si\u0119 bli\u017cej Aveoli - czym jest, jak dzia\u0142a, dla kogo jest przeznaczona i jak wypada w por\u00f3wnaniu z najlepszymi aplikacjami w 2025 roku.<\/p>\n<h2>Czym jest Aveola?<\/h2>\n<p>Aveola to darmowa platforma do wideorozm\u00f3w jeden na jednego, kt\u00f3ra natychmiast \u0142\u0105czy u\u017cytkownik\u00f3w za po\u015brednictwem kamery internetowej i mikrofonu. Jest dost\u0119pna w przegl\u0105darce i na urz\u0105dzeniach mobilnych (z du\u017cym naciskiem na optymalizacj\u0119 mobiln\u0105), oferuj\u0105c szybkie, anonimowe czaty wideo bez kont i pobierania.<\/p>\n<p>Podobnie jak konkurenci OmeTV i Monkey, Aveola zapewnia:<\/p>\n<ul>\n<li>Rozmowy twarz\u0105 w twarz w czasie rzeczywistym<\/li>\n<li>Globalny zasi\u0119g z mi\u0119dzynarodowymi u\u017cytkownikami<\/li>\n<li>Szybkie pomijanie i dopasowywanie<\/li>\n<li>Niezobowi\u0105zuj\u0105cy i spontaniczny spos\u00f3b na <a href=\"https:\/\/strangercam.com\/pl\/coomeet\/\">spotkanie<\/a> nowi ludzie<\/li>\n<\/ul>\n<p>To, co j\u0105 wyr\u00f3\u017cnia, to przejrzysty interfejs u\u017cytkownika, solidne narz\u0119dzia moderacyjne i do\u015bwiadczenie u\u017cytkownika, kt\u00f3re wydaje si\u0119 by\u0107 stworzone specjalnie dla smartfon\u00f3w - cho\u0107 dzia\u0142a dobrze r\u00f3wnie\u017c na komputerach stacjonarnych.<\/p>\n<h2>Jaki jest cel Aveola?<\/h2>\n<p>Aveola zosta\u0142a zaprojektowana, aby \u0142\u0105czy\u0107 ludzi poprzez szybkie, spontaniczne czaty wideo, bez presji tworzenia profili, publikowania tre\u015bci lub budowania obserwuj\u0105cych. Platforma znajduje si\u0119 gdzie\u015b pomi\u0119dzy:<\/p>\n<ul>\n<li>Anonimowo\u015b\u0107 <a href=\"https:\/\/strangercam.com\/pl\/omegle\/\">Omegle<\/a><\/li>\n<li>Dopracowany interfejs u\u017cytkownika OmeTV<\/li>\n<li>Szybkie tempo, atrakcyjno\u015b\u0107 Gen Z Monkey<\/li>\n<\/ul>\n<p>Jego celem jest jak najprostsze i najszybsze poznanie kogo\u015b nowego, bez konieczno\u015bci podawania danych osobowych lub kont w mediach spo\u0142eczno\u015bciowych.<\/p>\n<p>Idealny dla:<\/p>\n<ul>\n<li>Czatowanie z nieznajomymi z ca\u0142ego \u015bwiata<\/li>\n<li>Niezobowi\u0105zuj\u0105ce, przyjacielskie lub zalotne rozmowy w cztery oczy<\/li>\n<li>Zabijanie czasu lub ucieczka od nudy dzi\u0119ki interakcji mi\u0119dzyludzkiej w czasie rzeczywistym<\/li>\n<li>\u0106wiczenie j\u0119zyka lub poznawanie r\u00f3\u017cnych kultur<\/li>\n<\/ul>\n<h2>Kluczowe cechy<\/h2>\n<p>1. Czat wideo jeden na jednego<br \/>\nG\u0142\u00f3wn\u0105 funkcj\u0105 Aveola jest bezpo\u015bredni, prywatny czat wideo z przypadkowymi u\u017cytkownikami. Klikasz \"Start\" i w ci\u0105gu kilku sekund stajesz twarz\u0105 w twarz z kim\u015b nowym. Jako\u015b\u0107 wideo jest og\u00f3lnie wysoka, z niskim op\u00f3\u017anieniem i wyra\u017anym d\u017awi\u0119kiem przy stabilnych po\u0142\u0105czeniach.<\/p>\n<p>2. Szybkie pomijanie (przycisk Dalej)<br \/>\nPodobnie jak wi\u0119kszo\u015b\u0107 aplikacji w tym obszarze, mo\u017cesz natychmiast przej\u015b\u0107 do nast\u0119pnego u\u017cytkownika, je\u015bli bie\u017c\u0105cy mecz nie dzia\u0142a. Jest to p\u0142ynne, z szybkim ponownym po\u0142\u0105czeniem i minimalnym czasem oczekiwania.<\/p>\n<p>3. Opcja czatu tekstowego<br \/>\nAveola obs\u0142uguje wysy\u0142anie wiadomo\u015bci tekstowych na czacie, umo\u017cliwiaj\u0105c wysy\u0142anie wiadomo\u015bci podczas rozmowy wideo. Jest to pomocne w prze\u0142amywaniu lod\u00f3w lub komunikacji, gdy istniej\u0105 bariery j\u0119zykowe.<\/p>\n<p>4. Do\u015bwiadczenie zoptymalizowane pod k\u0105tem urz\u0105dze\u0144 mobilnych<br \/>\nNiezale\u017cnie od tego, czy korzystasz z Androida, czy iOS, Aveola zosta\u0142a zaprojektowana z my\u015bl\u0105 o przegl\u0105darkach mobilnych. Chocia\u017c obecnie nie ma samodzielnej aplikacji, wersja mobilna jest responsywna, p\u0142ynna i zoptymalizowana pod k\u0105tem obs\u0142ugi dotykowej. Dzia\u0142a dobrze w Chrome, Safari i innych nowoczesnych przegl\u0105darkach mobilnych.<\/p>\n<p>5. Rejestracja nie jest wymagana<br \/>\nJedn\u0105 z najwi\u0119kszych zalet Aveola jest ca\u0142kowita anonimowo\u015b\u0107. Nie trzeba si\u0119 rejestrowa\u0107, podawa\u0107 adresu e-mail ani pod\u0142\u0105cza\u0107 konta spo\u0142eczno\u015bciowego. Wszystko odbywa si\u0119 w przegl\u0105darce z tymczasowymi czatami opartymi na sesjach.<\/p>\n<p>6. Narz\u0119dzia moderacji w czasie rzeczywistym<br \/>\nAveola obejmuje:<\/p>\n<ul>\n<li>Przycisk \"Zg\u0142o\u015b\" do oznaczania obra\u017aliwych lub nieodpowiednich zachowa\u0144.<\/li>\n<li>Podstawowe narz\u0119dzia moderacji AI, kt\u00f3re monitoruj\u0105 nago\u015b\u0107 lub obra\u017aliwe tre\u015bci.<\/li>\n<li>Szybkie bany dla recydywist\u00f3w<\/li>\n<\/ul>\n<p>Chocia\u017c nie ma pe\u0142nego systemu zaufania \/ reputacji, takiego jak Emerald Chat, moderacja Aveoli jest lepsza ni\u017c wielu nowszych platform.<\/p>\n<p>7. Filtr p\u0142ci i kraju (funkcja Premium)<br \/>\nAveola obejmuje opcjonalne filtrowanie wed\u0142ug p\u0142ci i regionu, ale funkcja ta mo\u017ce by\u0107 zablokowana w modelu freemium (w celu ograniczenia spamu i nadu\u017cy\u0107 ze strony bot\u00f3w). Darmowi u\u017cytkownicy otrzymuj\u0105 losowe dopasowania, podczas gdy p\u0142atni mog\u0105 doprecyzowa\u0107, z kim si\u0119 \u0142\u0105cz\u0105.<\/p>\n<h2>Czy Aveola jest darmowa?<\/h2>\n<p>Tak, Aveola jest darmowa i nie wymaga rejestracji w celu uzyskania dost\u0119pu do podstawowych funkcji, takich jak czat wideo, czat tekstowy i szybkie dopasowywanie. Jednak, podobnie jak wi\u0119kszo\u015b\u0107 konkurent\u00f3w, dzia\u0142a w modelu freemium, co oznacza, \u017ce niekt\u00f3re funkcje s\u0105 zamkni\u0119te za p\u0142atnymi opcjami.<\/p>\n<p>Bezp\u0142atni u\u017cytkownicy mog\u0105:<\/p>\n<ul>\n<li>Natychmiastowy czat z nieznajomymi za po\u015brednictwem wideo lub tekstu<\/li>\n<li>Pomijanie u\u017cytkownik\u00f3w bez limitu<\/li>\n<li>Korzystaj z wersji mobilnej i stacjonarnej bez pobierania czegokolwiek<\/li>\n<\/ul>\n<p>Funkcje premium (mog\u0105 ulec zmianie) mog\u0105 obejmowa\u0107:<\/p>\n<ul>\n<li>Filtr p\u0142ci<\/li>\n<li>Filtr kraju<\/li>\n<li>Do\u015bwiadczenie bez reklam<\/li>\n<li>Priorytet dopasowania<\/li>\n<\/ul>\n<p>Dost\u0119p premium jest dost\u0119pny za po\u015brednictwem system\u00f3w zakupu w przegl\u0105darce i jest ca\u0142kowicie opcjonalny.<\/p>\n<h2>Kto u\u017cywa Aveola?<\/h2>\n<p>Aveola przemawia do globalnej, mobilnej publiczno\u015bci. W oparciu o trendy u\u017cytkowania:<\/p>\n<ul>\n<li>Przedzia\u0142 wiekowy: G\u0142\u00f3wnie 18-30<\/li>\n<li>Podzia\u0142 na p\u0142e\u0107: Wi\u0119kszo\u015b\u0107 m\u0119\u017cczyzn, cho\u0107 kobiety s\u0105 aktywne i bardzo poszukiwane.<\/li>\n<li>Popularne regiony: Stany Zjednoczone, Indie, Brazylia, Filipiny, Wielka Brytania, Niemcy<\/li>\n<li>Intencje u\u017cytkownika: Niezobowi\u0105zuj\u0105ca rozmowa, flirt, wymiana kulturalna, \u0142agodzenie nudy<\/li>\n<\/ul>\n<p>W przeciwie\u0144stwie do TikTok lub Bigo Live, Aveola nie zosta\u0142a zaprojektowana z my\u015bl\u0105 o wyst\u0119pach lub tre\u015bciach na \u017cywo. Zamiast tego skupia si\u0119 na interakcji w czasie rzeczywistym, jeden na jednego. Jego minimalna konfiguracja sprawia, \u017ce jest szczeg\u00f3lnie atrakcyjny dla:<\/p>\n<ul>\n<li>U\u017cytkownicy z pokolenia Z<\/li>\n<li>Podr\u00f3\u017cni lub emigranci<\/li>\n<li>Studenci<\/li>\n<li>Ludzie chc\u0105cy pozna\u0107 innych natychmiast, bez opuszczania kanapy<\/li>\n<\/ul>\n<h2>Bezpiecze\u0144stwo, prywatno\u015b\u0107 i moderacja<\/h2>\n<p>Bezpiecze\u0144stwo jest kluczowym czynnikiem w losowych czatach wideo, a Aveola wypada pod tym wzgl\u0119dem stosunkowo dobrze.<\/p>\n<h3>Prywatno\u015b\u0107<\/h3>\n<ul>\n<li>Bez rejestracji, bez danych osobowych<\/li>\n<li>Sesje czatu nie s\u0105 rejestrowane<\/li>\n<li>Mikrofon i <a href=\"https:\/\/strangercam.com\/pl\/bazoocam\/\">krzywka<\/a> uprawnienia s\u0105 oparte na sesji<\/li>\n<\/ul>\n<h3>Moderacja<\/h3>\n<ul>\n<li>Oznaczanie i raportowanie w czasie rzeczywistym<\/li>\n<li>Podstawowe rozpoznawanie obrazu przez sztuczn\u0105 inteligencj\u0119 w celu ograniczenia nago\u015bci i obra\u017aliwych tre\u015bci<\/li>\n<li>Narz\u0119dzia do szybkiego banowania i blokowania u\u017cytkownik\u00f3w<\/li>\n<\/ul>\n<h3>Ograniczenia<\/h3>\n<ul>\n<li>Podobnie jak w przypadku ka\u017cdej anonimowej platformy z kamerami, nadal mo\u017cesz napotka\u0107:\n<ul>\n<li>Niew\u0142a\u015bciwe zachowanie<\/li>\n<li>U\u017cytkownicy szukaj\u0105cy tre\u015bci dla doros\u0142ych<\/li>\n<li>Boty lub oszu\u015bci w okresach niskiego nat\u0119\u017cenia ruchu<\/li>\n<\/ul>\n<\/li>\n<\/ul>\n<p>Aby zachowa\u0107 bezpiecze\u0144stwo:<\/p>\n<ul>\n<li>Nie udost\u0119pniaj swojego prawdziwego imienia i nazwiska, numeru telefonu ani profili spo\u0142eczno\u015bciowych.<\/li>\n<li>W razie potrzeby u\u017cyj funkcji raportowania<\/li>\n<li>Zako\u0144cz ka\u017cd\u0105 sesj\u0119, podczas kt\u00f3rej czujesz si\u0119 niekomfortowo.<\/li>\n<\/ul>\n<h2>Do\u015bwiadczenie u\u017cytkownika i projektowanie<\/h2>\n<p>Interfejs Aveola jest przejrzysty, nowoczesny i dostosowany do urz\u0105dze\u0144 mobilnych. Szybko si\u0119 \u0142aduje, zapewnia intuicyjn\u0105 obs\u0142ug\u0119 i umo\u017cliwia rozpocz\u0119cie czatu przy minimalnej liczbie klikni\u0119\u0107.<\/p>\n<p>Najwa\u017cniejsze funkcje UX:<\/p>\n<ul>\n<li>Du\u017ce, wyra\u017ane okna wideo<\/li>\n<li>Widoczne przyciski pomijania, wyciszania i raportowania<\/li>\n<li>P\u0142ynne przej\u015bcia mi\u0119dzy czatami<\/li>\n<li>Dzia\u0142a we wszystkich nowoczesnych przegl\u0105darkach (stacjonarnych i mobilnych)<\/li>\n<\/ul>\n<p>Nie ma \u017cadnych:<\/p>\n<ul>\n<li>Wyskakuj\u0105ce okienka lub nak\u0142adki<\/li>\n<li>Zagracone menu<\/li>\n<li>Wymuszone przekierowania<\/li>\n<\/ul>\n<p>Ca\u0142o\u015b\u0107 sprawia wra\u017cenie lekkiej i dobrze skonstruowanej - co jest szczeg\u00f3lnie od\u015bwie\u017caj\u0105ce w por\u00f3wnaniu z nadmiernie skomplikowanymi interfejsami niekt\u00f3rych konkurent\u00f3w.<\/p>\n<h2>Aveola vs inne platformy czat\u00f3w wideo<\/h2>\n<p>Por\u00f3wnajmy Aveola z niekt\u00f3rymi z jej najlepszych konkurent\u00f3w w 2025 roku:<\/p>\n<table>\n<thead>\n<tr>\n<th>Cecha<\/th>\n<th>Aveola<\/th>\n<th>OmeTV<\/th>\n<th>Ma\u0142pa<\/th>\n<th>Zabawa z sianem<\/th>\n<th>Chatspin<\/th>\n<\/tr>\n<\/thead>\n<tbody>\n<tr>\n<td>Czat wideo jeden na jednego<\/td>\n<td>Tak<\/td>\n<td>Tak<\/td>\n<td>Tak<\/td>\n<td>Tak<\/td>\n<td>Tak<\/td>\n<\/tr>\n<tr>\n<td>Opcja czatu tekstowego<\/td>\n<td>Tak<\/td>\n<td>Tak<\/td>\n<td>Ograniczony<\/td>\n<td>Tak<\/td>\n<td>Tak<\/td>\n<\/tr>\n<tr>\n<td>Optymalizacja mobilna<\/td>\n<td>Doskona\u0142y<\/td>\n<td>Dobry<\/td>\n<td>Doskona\u0142y<\/td>\n<td>Dobry<\/td>\n<td>Doskona\u0142y<\/td>\n<\/tr>\n<tr>\n<td>Filtr p\u0142ci<\/td>\n<td>P\u0142atne<\/td>\n<td>P\u0142atne<\/td>\n<td>Ograniczony<\/td>\n<td>Nie<\/td>\n<td>P\u0142atne<\/td>\n<\/tr>\n<tr>\n<td>Wymagana rejestracja<\/td>\n<td>Nie<\/td>\n<td>Nie<\/td>\n<td>Tak<\/td>\n<td>Opcjonalnie<\/td>\n<td>Opcjonalnie<\/td>\n<\/tr>\n<tr>\n<td>Cechy grupy<\/td>\n<td>Nie<\/td>\n<td>Nie<\/td>\n<td>Tak<\/td>\n<td>Nie<\/td>\n<td>Nie<\/td>\n<\/tr>\n<tr>\n<td>Jako\u015b\u0107 moderacji<\/td>\n<td>Umiarkowany<\/td>\n<td>Umiarkowany<\/td>\n<td>Umiarkowany<\/td>\n<td>S\u0142aby<\/td>\n<td>Dobry<\/td>\n<\/tr>\n<\/tbody>\n<\/table>\n<p>Podsumowanie: Aveola idealnie wpasowuje si\u0119 w przestrze\u0144 mi\u0119dzy polsk\u0105 Chatspin a klimatem Gen Z Monkey. Nie pr\u00f3buje dodawa\u0107 funkcji grupowych ani z\u0142o\u017conych warstw spo\u0142eczno\u015bciowych - koncentruje si\u0119 na szybko\u015bci, anonimowo\u015bci i \u0142atwo\u015bci u\u017cytkowania.<\/p>\n<h2>Plusy i minusy<\/h2>\n<p>Plusy:<\/p>\n<ul>\n<li>Szybki, darmowy i anonimowy czat wideo<\/li>\n<li>Dzia\u0142a natychmiast bez rejestracji<\/li>\n<li>Przejrzysty interfejs i szybkie \u0142adowanie<\/li>\n<li>Doskona\u0142a na przegl\u0105darkach mobilnych<\/li>\n<li>Obs\u0142uga czatu tekstowego i wideo<\/li>\n<li>Aktywna mi\u0119dzynarodowa baza u\u017cytkownik\u00f3w<\/li>\n<\/ul>\n<p>Wady:<\/p>\n<ul>\n<li>Brak d\u0142ugoterminowego systemu znajomych lub historii konta<\/li>\n<li>Podstawowa moderacja - nadal mo\u017cliwe jest napotkanie tre\u015bci dla doros\u0142ych<\/li>\n<li>Filtry p\u0142ci\/kraju mog\u0105 wymaga\u0107 p\u0142atno\u015bci<\/li>\n<li>Nie jest to idealne rozwi\u0105zanie dla u\u017cytkownik\u00f3w szukaj\u0105cych g\u0142\u0119bokich rozm\u00f3w lub spo\u0142eczno\u015bci.<\/li>\n<\/ul>\n<h2>Idealne przypadki u\u017cycia<\/h2>\n<p>Aveola jest idealna dla:<\/p>\n<ul>\n<li>U\u017cytkownicy, kt\u00f3rzy t\u0119skni\u0105 za Omegle, ale chc\u0105 czego\u015b przyjaznego dla urz\u0105dze\u0144 mobilnych<\/li>\n<li>Osoby szukaj\u0105ce okazji do flirtu, pogaw\u0119dki lub niezobowi\u0105zuj\u0105cych spotka\u0144 towarzyskich z nieznajomymi.<\/li>\n<li>Osoby podr\u00f3\u017cuj\u0105ce lub ucz\u0105ce si\u0119 j\u0119zyka, zainteresowane globalnymi rozmowami<\/li>\n<li>Ka\u017cdy znudzony i szukaj\u0105cy interakcji twarz\u0105 w twarz na \u017cywo<\/li>\n<\/ul>\n<p>Nie jest to idealne rozwi\u0105zanie:<\/p>\n<ul>\n<li>U\u017cytkownicy poni\u017cej 18 roku \u017cycia (tylko doro\u015bli)<\/li>\n<li>Osoby szukaj\u0105ce dopasowania relacji lub profili randkowych<\/li>\n<li>Ci, kt\u00f3rzy chc\u0105 filtr\u00f3w i kontroli za darmo<\/li>\n<li>U\u017cytkownicy czuj\u0105 si\u0119 niekomfortowo z powodu sporadycznych zachowa\u0144 NSFW<\/li>\n<\/ul>\n<p>Aveola to jedna z najlepszych nowych, lekkich, mobilnych platform do losowych czat\u00f3w wideo na rynku w 2025 roku. \u0141\u0105czy w sobie prostot\u0119 Omegle z p\u0142ynniejszym do\u015bwiadczeniem u\u017cytkownika OmeTV, zachowuj\u0105c anonimowo\u015b\u0107 i szybko\u015b\u0107, kt\u00f3rej u\u017cytkownicy oczekuj\u0105 od platformy cam-to-cam.<\/p>\n<p>Nie jest idealny - moderacja wci\u0105\u017c ma miejsce do rozwoju, a filtry p\u0142ci s\u0105 p\u0142atnym dodatkiem - ale dla u\u017cytkownik\u00f3w szukaj\u0105cych spontanicznych, globalnych czat\u00f3w w czasie rzeczywistym z nieznajomymi, Aveola zapewnia szybkie i wolne od frustracji do\u015bwiadczenie.<\/p>\n<p>Je\u015bli szukasz nowoczesnego, czystego i niezawodnego czatu w stylu Omegle, kt\u00f3ry dzia\u0142a dobrze na r\u00f3\u017cnych urz\u0105dzeniach, Aveola jest zdecydowanie warta wypr\u00f3bowania.<\/p>","protected":false},"excerpt":{"rendered":"<p>The random video chat space is more competitive than ever. With platforms like OmeTV, Monkey, and Hay Fun setting the pace, newer contenders are stepping up with sleek interfaces and better mobile integration. One of those is Aveola \u2014 a rising video chat platform designed for fast, anonymous one-on-one interactions with strangers across the world. [&hellip;]<\/p>\n","protected":false},"author":6,"featured_media":0,"parent":0,"menu_order":0,"comment_status":"closed","ping_status":"closed","template":"","meta":{"footnotes":""},"class_list":["post-12883","page","type-page","status-publish","hentry"],"yoast_head":"<!-- This site is optimized with the Yoast SEO plugin v27.4 - https:\/\/yoast.com\/product\/yoast-seo-wordpress\/ -->\n<title>Aveola - Live Video Chat on StrangerCam.com<\/title>\n<meta name=\"description\" content=\"Like Aveola? Come chat with more than 5.000.000 strangers on Stranger Cam for Free! Turn on your cam and find new friends &amp; maby a match!\" \/>\n<meta name=\"robots\" content=\"index, follow, max-snippet:-1, max-image-preview:large, max-video-preview:-1\" \/>\n<link rel=\"canonical\" href=\"https:\/\/strangercam.com\/pl\/aveola\/\" \/>\n<meta property=\"og:locale\" content=\"pl_PL\" \/>\n<meta property=\"og:type\" content=\"article\" \/>\n<meta property=\"og:title\" content=\"Aveola - Live Video Chat on StrangerCam.com\" \/>\n<meta property=\"og:description\" content=\"Like Aveola? Come chat with more than 5.000.000 strangers on Stranger Cam for Free! Turn on your cam and find new friends &amp; maby a match!\" \/>\n<meta property=\"og:url\" content=\"https:\/\/strangercam.com\/pl\/aveola\/\" \/>\n<meta property=\"og:site_name\" content=\"Strangercam\" \/>\n<meta property=\"article:publisher\" content=\"https:\/\/www.facebook.com\/strangercam\" \/>\n<meta property=\"og:image\" content=\"https:\/\/strangercam.com\/wp-content\/uploads\/2021\/10\/Untitled-2.png\" \/>\n\t<meta property=\"og:image:width\" content=\"800\" \/>\n\t<meta property=\"og:image:height\" content=\"532\" \/>\n\t<meta property=\"og:image:type\" content=\"image\/png\" \/>\n<meta name=\"twitter:card\" content=\"summary_large_image\" \/>\n<meta name=\"twitter:site\" content=\"@strangercamapp\" \/>\n<meta name=\"twitter:label1\" content=\"Szacowany czas czytania\" \/>\n\t<meta name=\"twitter:data1\" content=\"6 minut\" \/>\n<script type=\"application\/ld+json\" class=\"yoast-schema-graph\">{\"@context\":\"https:\\\/\\\/schema.org\",\"@graph\":[{\"@type\":\"WebPage\",\"@id\":\"https:\\\/\\\/strangercam.com\\\/aveola\\\/\",\"url\":\"https:\\\/\\\/strangercam.com\\\/aveola\\\/\",\"name\":\"Aveola - Live Video Chat on StrangerCam.com\",\"isPartOf\":{\"@id\":\"https:\\\/\\\/strangercam.com\\\/#website\"},\"datePublished\":\"2025-06-16T12:46:37+00:00\",\"description\":\"Like Aveola? Come chat with more than 5.000.000 strangers on Stranger Cam for Free! Turn on your cam and find new friends & maby a match!\",\"breadcrumb\":{\"@id\":\"https:\\\/\\\/strangercam.com\\\/aveola\\\/#breadcrumb\"},\"inLanguage\":\"pl-PL\",\"potentialAction\":[{\"@type\":\"ReadAction\",\"target\":[\"https:\\\/\\\/strangercam.com\\\/aveola\\\/\"]}]},{\"@type\":\"BreadcrumbList\",\"@id\":\"https:\\\/\\\/strangercam.com\\\/aveola\\\/#breadcrumb\",\"itemListElement\":[{\"@type\":\"ListItem\",\"position\":1,\"name\":\"Home\",\"item\":\"https:\\\/\\\/strangercam.com\\\/\"},{\"@type\":\"ListItem\",\"position\":2,\"name\":\"Aveola\"}]},{\"@type\":\"WebSite\",\"@id\":\"https:\\\/\\\/strangercam.com\\\/#website\",\"url\":\"https:\\\/\\\/strangercam.com\\\/\",\"name\":\"Strangercam\",\"description\":\"Random Video Chat with Strangers\",\"publisher\":{\"@id\":\"https:\\\/\\\/strangercam.com\\\/#organization\"},\"alternateName\":\"Strangercam.com\",\"potentialAction\":[{\"@type\":\"SearchAction\",\"target\":{\"@type\":\"EntryPoint\",\"urlTemplate\":\"https:\\\/\\\/strangercam.com\\\/?s={search_term_string}\"},\"query-input\":{\"@type\":\"PropertyValueSpecification\",\"valueRequired\":true,\"valueName\":\"search_term_string\"}}],\"inLanguage\":\"pl-PL\"},{\"@type\":\"Organization\",\"@id\":\"https:\\\/\\\/strangercam.com\\\/#organization\",\"name\":\"Strangercam\",\"alternateName\":\"Strangercam.com\",\"url\":\"https:\\\/\\\/strangercam.com\\\/\",\"logo\":{\"@type\":\"ImageObject\",\"inLanguage\":\"pl-PL\",\"@id\":\"https:\\\/\\\/strangercam.com\\\/#\\\/schema\\\/logo\\\/image\\\/\",\"url\":\"https:\\\/\\\/strangercam.com\\\/wp-content\\\/uploads\\\/2020\\\/11\\\/cropped-new-favicon-black.png\",\"contentUrl\":\"https:\\\/\\\/strangercam.com\\\/wp-content\\\/uploads\\\/2020\\\/11\\\/cropped-new-favicon-black.png\",\"width\":512,\"height\":512,\"caption\":\"Strangercam\"},\"image\":{\"@id\":\"https:\\\/\\\/strangercam.com\\\/#\\\/schema\\\/logo\\\/image\\\/\"},\"sameAs\":[\"https:\\\/\\\/www.facebook.com\\\/strangercam\",\"https:\\\/\\\/x.com\\\/strangercamapp\"]}]}<\/script>\n<!-- \/ Yoast SEO plugin. -->","yoast_head_json":{"title":"Aveola - Czat wideo na \u017cywo na StrangerCam.com","description":"Jak Aveola? Przyjd\u017a na czat z ponad 5.000.000 nieznajomych na Stranger Cam za darmo! W\u0142\u0105cz kamer\u0119 i znajd\u017a nowych przyjaci\u00f3\u0142 i mo\u017ce mecz!","robots":{"index":"index","follow":"follow","max-snippet":"max-snippet:-1","max-image-preview":"max-image-preview:large","max-video-preview":"max-video-preview:-1"},"canonical":"https:\/\/strangercam.com\/pl\/aveola\/","og_locale":"pl_PL","og_type":"article","og_title":"Aveola - Live Video Chat on StrangerCam.com","og_description":"Like Aveola? Come chat with more than 5.000.000 strangers on Stranger Cam for Free! Turn on your cam and find new friends & maby a match!","og_url":"https:\/\/strangercam.com\/pl\/aveola\/","og_site_name":"Strangercam","article_publisher":"https:\/\/www.facebook.com\/strangercam","og_image":[{"width":800,"height":532,"url":"https:\/\/strangercam.com\/wp-content\/uploads\/2021\/10\/Untitled-2.png","type":"image\/png"}],"twitter_card":"summary_large_image","twitter_site":"@strangercamapp","twitter_misc":{"Szacowany czas czytania":"6 minut"},"schema":{"@context":"https:\/\/schema.org","@graph":[{"@type":"WebPage","@id":"https:\/\/strangercam.com\/aveola\/","url":"https:\/\/strangercam.com\/aveola\/","name":"Aveola - Czat wideo na \u017cywo na StrangerCam.com","isPartOf":{"@id":"https:\/\/strangercam.com\/#website"},"datePublished":"2025-06-16T12:46:37+00:00","description":"Jak Aveola? Przyjd\u017a na czat z ponad 5.000.000 nieznajomych na Stranger Cam za darmo! W\u0142\u0105cz kamer\u0119 i znajd\u017a nowych przyjaci\u00f3\u0142 i mo\u017ce mecz!","breadcrumb":{"@id":"https:\/\/strangercam.com\/aveola\/#breadcrumb"},"inLanguage":"pl-PL","potentialAction":[{"@type":"ReadAction","target":["https:\/\/strangercam.com\/aveola\/"]}]},{"@type":"BreadcrumbList","@id":"https:\/\/strangercam.com\/aveola\/#breadcrumb","itemListElement":[{"@type":"ListItem","position":1,"name":"Home","item":"https:\/\/strangercam.com\/"},{"@type":"ListItem","position":2,"name":"Aveola"}]},{"@type":"WebSite","@id":"https:\/\/strangercam.com\/#website","url":"https:\/\/strangercam.com\/","name":"Strangercam","description":"Losowy czat wideo z nieznajomymi","publisher":{"@id":"https:\/\/strangercam.com\/#organization"},"alternateName":"Strangercam.com","potentialAction":[{"@type":"SearchAction","target":{"@type":"EntryPoint","urlTemplate":"https:\/\/strangercam.com\/?s={search_term_string}"},"query-input":{"@type":"PropertyValueSpecification","valueRequired":true,"valueName":"search_term_string"}}],"inLanguage":"pl-PL"},{"@type":"Organization","@id":"https:\/\/strangercam.com\/#organization","name":"Strangercam","alternateName":"Strangercam.com","url":"https:\/\/strangercam.com\/","logo":{"@type":"ImageObject","inLanguage":"pl-PL","@id":"https:\/\/strangercam.com\/#\/schema\/logo\/image\/","url":"https:\/\/strangercam.com\/wp-content\/uploads\/2020\/11\/cropped-new-favicon-black.png","contentUrl":"https:\/\/strangercam.com\/wp-content\/uploads\/2020\/11\/cropped-new-favicon-black.png","width":512,"height":512,"caption":"Strangercam"},"image":{"@id":"https:\/\/strangercam.com\/#\/schema\/logo\/image\/"},"sameAs":["https:\/\/www.facebook.com\/strangercam","https:\/\/x.com\/strangercamapp"]}]}},"_links":{"self":[{"href":"https:\/\/strangercam.com\/pl\/wp-json\/wp\/v2\/pages\/12883","targetHints":{"allow":["GET"]}}],"collection":[{"href":"https:\/\/strangercam.com\/pl\/wp-json\/wp\/v2\/pages"}],"about":[{"href":"https:\/\/strangercam.com\/pl\/wp-json\/wp\/v2\/types\/page"}],"author":[{"embeddable":true,"href":"https:\/\/strangercam.com\/pl\/wp-json\/wp\/v2\/users\/6"}],"replies":[{"embeddable":true,"href":"https:\/\/strangercam.com\/pl\/wp-json\/wp\/v2\/comments?post=12883"}],"version-history":[{"count":3,"href":"https:\/\/strangercam.com\/pl\/wp-json\/wp\/v2\/pages\/12883\/revisions"}],"predecessor-version":[{"id":12886,"href":"https:\/\/strangercam.com\/pl\/wp-json\/wp\/v2\/pages\/12883\/revisions\/12886"}],"wp:attachment":[{"href":"https:\/\/strangercam.com\/pl\/wp-json\/wp\/v2\/media?parent=12883"}],"curies":[{"name":"wp","href":"https:\/\/api.w.org\/{rel}","templated":true}]}}