{"id":12842,"date":"2025-05-14T09:40:39","date_gmt":"2025-05-14T07:40:39","guid":{"rendered":"https:\/\/strangercam.com\/?page_id=12842"},"modified":"2025-05-14T09:42:02","modified_gmt":"2025-05-14T07:42:02","slug":"meetgle","status":"publish","type":"page","link":"https:\/\/strangercam.com\/pl\/meetgle\/","title":{"rendered":"Meetgle"},"content":{"rendered":"<p>Z <a href=\"https:\/\/strangercam.com\/pl\/omegle\/\">Omegle<\/a> teraz wy\u0142\u0105czone i <a href=\"https:\/\/strangercam.com\/pl\/chatroulette\/\">Chatroulette<\/a> cienia dawnego siebie, pojawi\u0142a si\u0119 rosn\u0105ca liczba platform, kt\u00f3re wype\u0142ni\u0142y luk\u0119 w losowym wideo <a href=\"https:\/\/strangercam.com\/pl\/chathub\/\">czat<\/a> przestrze\u0144. Jedn\u0105 z nich jest Meetgle - darmowy, oparty na przegl\u0105darce czat typu cam-to-cam, zaprojektowany do natychmiastowego \u0142\u0105czenia si\u0119 z nieznajomymi z ca\u0142ego \u015bwiata.<\/p>\n<p>Reklamowany jako nowoczesna alternatywa dla Omegle, Meetgle obiecuje szybkie dopasowanie, globalne rozmowy i zero rejestracji. Ale czy Meetgle oferuje co\u015b specjalnego w \u015bwiecie, w kt\u00f3rym dziesi\u0105tki podobnych stron czatu konkuruj\u0105 o uwag\u0119? A mo\u017ce to tylko kolejny generyczny klon?<\/p>\n<p>W tej szczeg\u00f3\u0142owej recenzji zbadamy dok\u0142adnie, czym jest Meetgle, jak dzia\u0142a, jakie funkcje oferuje, kto z niego korzysta i jak wypada w por\u00f3wnaniu z innymi platformami.<\/p>\n<h2>Czym jest Meetgle?<\/h2>\n<p>Meetgle to darmowa, anonimowa witryna do rozm\u00f3w wideo, kt\u00f3ra losowo \u0142\u0105czy u\u017cytkownik\u00f3w w rozmowach jeden na jednego za po\u015brednictwem kamery internetowej. Podobnie jak w przypadku nieistniej\u0105cego ju\u017c Omegle, nie trzeba si\u0119 rejestrowa\u0107 ani niczego instalowa\u0107. Wystarczy odwiedzi\u0107 witryn\u0119, klikn\u0105\u0107 \"Rozpocznij czat\", a zostaniesz po\u0142\u0105czony z nieznajomym.<\/p>\n<p>Platforma obs\u0142uguje zar\u00f3wno tryb czatu wideo, jak i tekstowego, i oferuje szybki, nieskr\u0119powany spos\u00f3b nawi\u0105zywania kontakt\u00f3w z lud\u017ami na ca\u0142ym \u015bwiecie. Niezale\u017cnie od tego, czy chcesz flirtowa\u0107, zaprzyja\u017ani\u0107 si\u0119, \u0107wiczy\u0107 j\u0119zyk, czy po prostu po\u015bmia\u0107 si\u0119 z kim\u015b przypadkowym, Meetgle zapewnia szybk\u0105 bram\u0119 do spontanicznych kontakt\u00f3w mi\u0119dzyludzkich.<\/p>\n<h2>Jaki jest cel Meetgle?<\/h2>\n<p>G\u0142\u00f3wnym celem Meetgle jest odtworzenie oryginalnego do\u015bwiadczenia Omegle: szybkie, anonimowe czaty z nieznajomymi za po\u015brednictwem kamery internetowej lub tekstu. Usuni\u0119te zosta\u0142y profile, loginy i kana\u0142y spo\u0142eczno\u015bciowe, dzi\u0119ki czemu wszystko jest proste i niefiltrowane.<\/p>\n<p>Jest przeznaczony dla:<\/p>\n<ul>\n<li>U\u017cytkownicy szukaj\u0105cy swobodnej, nieustrukturyzowanej konwersacji<\/li>\n<li>Ludzie, kt\u00f3rzy lubi\u0105 losowe czaty wideo<\/li>\n<li>Ka\u017cdy, kto t\u0119skni za starym formatem Omegle<\/li>\n<li>Podr\u00f3\u017cni lub osoby ucz\u0105ce si\u0119 j\u0119zyka, kt\u00f3re chc\u0105 <a href=\"https:\/\/strangercam.com\/pl\/coomeet\/\">spotkanie<\/a> ludzi na ca\u0142ym \u015bwiecie<\/li>\n<\/ul>\n<p>Nie ma presji, by pozosta\u0107 w kontakcie, nie ma publicznego przesy\u0142ania strumieniowego i nie ma potrzeby ujawniania danych osobowych. Celem jest interakcja w czasie rzeczywistym, jeden na jednego, twarz\u0105 w twarz - surowa, nieedytowana i nieskryptowana.<\/p>\n<h2>Kluczowe cechy<\/h2>\n<p>1. Losowy czat wideo<br \/>\nPodstawow\u0105 funkcj\u0105 Meetgle jest natychmiastowy czat wideo mi\u0119dzy kamerami. Jedno klikni\u0119cie \u0142\u0105czy Ci\u0119 z kim\u015b nowym. Dopasowanie jest losowe, a do\u015bwiadczenie jest prywatne. Nie ma publiczno\u015bci, nie ma algorytmu - tylko jedna osoba przed drug\u0105, po\u0142\u0105czona kamer\u0105 internetow\u0105.<\/p>\n<p>2. Tryb czatu tekstowego<br \/>\nNie jeste\u015b gotowy na wideo? W ka\u017cdej chwili mo\u017cesz prze\u0142\u0105czy\u0107 si\u0119 na tryb tekstowy. Ta opcja jest \u015bwietna dla nie\u015bmia\u0142ych u\u017cytkownik\u00f3w, w sytuacjach niskiej przepustowo\u015bci lub tych, kt\u00f3rzy wol\u0105 pisa\u0107 w rozmowach.<\/p>\n<p>3. Anonimowy i bez rejestracji<br \/>\nKorzystanie z Meetgle nie wymaga rejestracji, logowania ani wysy\u0142ania wiadomo\u015bci e-mail. Nie przechowuje historii czat\u00f3w ani nie prosi o podanie danych osobowych. U\u017cytkownicy mog\u0105 do\u0142\u0105cza\u0107, czatowa\u0107 i wychodzi\u0107 ca\u0142kowicie anonimowo.<\/p>\n<p>4. Przyciski Pomi\u0144 i Dalej<br \/>\nJe\u015bli nie podoba ci si\u0119 rozmowa, po prostu kliknij \"Dalej\", aby natychmiast po\u0142\u0105czy\u0107 si\u0119 z kim\u015b innym. Ta funkcja jest szybka i responsywna, dzi\u0119ki czemu \u0142atwo jest prze\u0142\u0105cza\u0107 si\u0119 mi\u0119dzy u\u017cytkownikami, a\u017c znajdziesz kogo\u015b interesuj\u0105cego.<\/p>\n<p>5. Globalny dost\u0119p<br \/>\nMeetgle \u0142\u0105czy u\u017cytkownik\u00f3w z ca\u0142ego \u015bwiata. Nie ma \u017cadnych ogranicze\u0144 regionalnych i mo\u017cesz rozmawia\u0107 z lud\u017ami z dowolnego kraju - co czyni go idealnym miejscem do wymiany kulturowej lub po prostu poszerzenia perspektywy.<\/p>\n<p>6. Wsparcie mobilne<br \/>\nChocia\u017c Meetgle nie ma dedykowanej aplikacji, strona internetowa jest przyjazna dla urz\u0105dze\u0144 mobilnych i dzia\u0142a na wi\u0119kszo\u015bci nowoczesnych przegl\u0105darek smartfon\u00f3w. Do\u015bwiadczenie jest lepsze na komputerach stacjonarnych, ale u\u017cytkownicy mobilni nadal mog\u0105 uzyska\u0107 dost\u0119p do pe\u0142nych funkcji czatu wideo i tekstowego.<\/p>\n<p>7. Nie wymaga pobierania<br \/>\nWszystko dzia\u0142a w przegl\u0105darce. Nie trzeba instalowa\u0107 \u017cadnego oprogramowania ani rozszerze\u0144. Je\u015bli tylko masz kamer\u0119 internetow\u0105, mikrofon i przegl\u0105dark\u0119, mo\u017cesz zacz\u0105\u0107 korzysta\u0107.<\/p>\n<h2>Czy Meetgle jest darmowe?<\/h2>\n<p>Tak, Meetgle jest ca\u0142kowicie darmowe. Dost\u0119pne s\u0105:<\/p>\n<ul>\n<li>Brak kont premium<\/li>\n<li>Brak \u017ceton\u00f3w lub kredyt\u00f3w<\/li>\n<li>Brak zap\u00f3r i ukrytych koszt\u00f3w<\/li>\n<\/ul>\n<p>Wszyscy u\u017cytkownicy otrzymuj\u0105 taki sam dost\u0119p do funkcji czatu wideo i tekstowego bez p\u0142acenia ani centa. Meetgle mo\u017ce wy\u015bwietla\u0107 reklamy w celu pokrycia koszt\u00f3w operacyjnych, ale w chwili pisania tego tekstu platforma pozostaje bezp\u0142atna i stosunkowo przejrzysta.<\/p>\n<h2>Kto korzysta z Meetgle?<\/h2>\n<p>Baza u\u017cytkownik\u00f3w Meetgle jest globalna i zr\u00f3\u017cnicowana, ale ma tendencj\u0119 do pod\u0105\u017cania za wzorcami obserwowanymi w przestrzeni czat\u00f3w losowych:<\/p>\n<ul>\n<li>Wiek: G\u0142\u00f3wnie 18-35<\/li>\n<li>P\u0142e\u0107: G\u0142\u00f3wnie m\u0119\u017cczy\u017ani, przy czym kobiety zazwyczaj otrzymuj\u0105 wi\u0119cej zapyta\u0144 na czacie.<\/li>\n<li>Lokalizacje: Silna aktywno\u015b\u0107 ze Stan\u00f3w Zjednoczonych, Indii, Niemiec, Brazylii i Wielkiej Brytanii<\/li>\n<li>Intencje: Po\u0142\u0105czenie swobodnej rozmowy, flirtu i ciekawo\u015bci spo\u0142ecznej.<\/li>\n<\/ul>\n<p>Platforma jest atrakcyjna dla os\u00f3b, kt\u00f3re<\/p>\n<ul>\n<li>Panna Omegle lub Chatroulette<\/li>\n<li>Ciesz si\u0119 niefiltrowanym, spontanicznym czatem wideo<\/li>\n<li>Nie chcesz si\u0119 rejestrowa\u0107 ani tworzy\u0107 profili<\/li>\n<li>Lubi\u0119 dreszczyk emocji zwi\u0105zany z nieprzewidywalnymi interakcjami spo\u0142ecznymi.<\/li>\n<\/ul>\n<p>Poniewa\u017c nie ma logowania, nie mo\u017cna budowa\u0107 obserwuj\u0105cych, dodawa\u0107 znajomych ani wraca\u0107 do poprzednich mecz\u00f3w. Ka\u017cda sesja jest tymczasowa, co zwi\u0119ksza atrakcyjno\u015b\u0107 dla u\u017cytkownik\u00f3w szukaj\u0105cych tymczasowej ucieczki lub lekkiej interakcji.<\/p>\n<h2>Bezpiecze\u0144stwo, prywatno\u015b\u0107 i moderacja<\/h2>\n<p>Podobnie jak w przypadku ka\u017cdej anonimowej platformy do czat\u00f3w wideo, bezpiecze\u0144stwo jest kwesti\u0105 bezpiecze\u0144stwa, a Meetgle dok\u0142ada wszelkich stara\u0144 - cho\u0107 nie jest idealne.<\/p>\n<h3>Prywatno\u015b\u0107<\/h3>\n<ul>\n<li>Rejestracja nie jest wymagana<\/li>\n<li>Nie s\u0105 gromadzone \u017cadne dane osobowe<\/li>\n<li>Czaty nie s\u0105 zapisywane ani rejestrowane<\/li>\n<li>Sesj\u0119 mo\u017cna opu\u015bci\u0107 w dowolnym momencie<\/li>\n<\/ul>\n<h3>Moderacja<\/h3>\n<ul>\n<li>Przycisk Zg\u0142o\u015b dost\u0119pny do oznaczania nieodpowiednich tre\u015bci<\/li>\n<li>Wykrywanie nago\u015bci oparte na sztucznej inteligencji pomaga ograniczy\u0107 tre\u015bci dla doros\u0142ych<\/li>\n<li>Za naruszenie zasad mog\u0105 zosta\u0107 na\u0142o\u017cone losowe bany lub shadowbany.<\/li>\n<\/ul>\n<p>To powiedziawszy, moderacja jest w wi\u0119kszo\u015bci reaktywna. Chocia\u017c platforma korzysta z automatycznego skanowania i r\u0119cznej weryfikacji, u\u017cytkownicy nadal mog\u0105 napotka\u0107 nago\u015b\u0107, n\u0119kanie lub trolling, szczeg\u00f3lnie poza godzinami szczytu.<\/p>\n<p>U\u017cytkownikom zdecydowanie zaleca si\u0119:<\/p>\n<ul>\n<li>Unikaj udost\u0119pniania jakichkolwiek danych osobowych<\/li>\n<li>Korzystaj obficie z funkcji \"Zg\u0142o\u015b\" i \"Dalej\"<\/li>\n<li>Czat w \u015brodowisku publicznym lub monitorowanym<\/li>\n<li>Zachowaj ostro\u017cno\u015b\u0107 podczas czatowania za po\u015brednictwem danych mobilnych lub publicznej sieci Wi-Fi.<\/li>\n<\/ul>\n<h2>Do\u015bwiadczenie u\u017cytkownika i interfejs<\/h2>\n<p>Meetgle oferuje bardzo prosty, intuicyjny design. Nie ma krzywej uczenia si\u0119. Gdy wyl\u0105dujesz na stronie g\u0142\u00f3wnej, zostaniesz powitany du\u017cym przyciskiem \"Start\" i w ci\u0105gu kilku sekund znajdziesz si\u0119 na czacie.<\/p>\n<p>Kluczowe aspekty projektu:<\/p>\n<ul>\n<li>Du\u017ce okna wideo<\/li>\n<li>Proste okno czatu do wpisywania tekstu<\/li>\n<li>Przyciski rozpocz\u0119cia, nast\u0119pnego, wyciszenia i raportu<\/li>\n<li>Brak reklam przerywaj\u0105cych ekran g\u0142\u00f3wny (od teraz)<\/li>\n<\/ul>\n<p>Czasy \u0142adowania s\u0105 kr\u00f3tkie, przej\u015bcia p\u0142ynne, a jako\u015b\u0107 wideo przyzwoita - zak\u0142adaj\u0105c, \u017ce po\u0142\u0105czenie jest stabilne.<\/p>\n<p>Chocia\u017c platformie brakuje nowoczesnego interfejsu u\u017cytkownika lub brandingu, jej surowy styl faktycznie dzia\u0142a na jej korzy\u015b\u0107. Nie przeszkadza i pozwala u\u017cytkownikom skupi\u0107 si\u0119 na rozmowie.<\/p>\n<h2>Meetgle a inne strony z czatami wideo<\/h2>\n<p>Zobaczmy, jak Meetgle wypada na tle popularnych alternatyw:<\/p>\n<table>\n<thead>\n<tr>\n<th>Cecha<\/th>\n<th>Meetgle<\/th>\n<th>Omegle (ju\u017c zamkni\u0119te)<\/th>\n<th>Chatroulette<\/th>\n<th>Chatrandom<\/th>\n<th>Emerald Chat<\/th>\n<\/tr>\n<\/thead>\n<tbody>\n<tr>\n<td>Losowy czat wideo<\/td>\n<td>Tak<\/td>\n<td>Tak<\/td>\n<td>Tak<\/td>\n<td>Tak<\/td>\n<td>Tak<\/td>\n<\/tr>\n<tr>\n<td>Opcja czatu tekstowego<\/td>\n<td>Tak<\/td>\n<td>Tak<\/td>\n<td>Nie<\/td>\n<td>Tak<\/td>\n<td>Tak<\/td>\n<\/tr>\n<tr>\n<td>Wymagana rejestracja<\/td>\n<td>Nie<\/td>\n<td>Nie<\/td>\n<td>Nie<\/td>\n<td>Opcjonalnie<\/td>\n<td>Tak<\/td>\n<\/tr>\n<tr>\n<td>Filtr p\u0142ci<\/td>\n<td>Nie<\/td>\n<td>Nie (p\u0142atne p\u00f3\u017aniej)<\/td>\n<td>Nie<\/td>\n<td>P\u0142atne<\/td>\n<td>Tak<\/td>\n<\/tr>\n<tr>\n<td>Optymalizacja mobilna<\/td>\n<td>Umiarkowany<\/td>\n<td>S\u0142aby<\/td>\n<td>S\u0142aby<\/td>\n<td>Doskona\u0142y<\/td>\n<td>Dobry<\/td>\n<\/tr>\n<tr>\n<td>Narz\u0119dzia moderacji<\/td>\n<td>Podstawowy<\/td>\n<td>Minimalny<\/td>\n<td>S\u0142aby<\/td>\n<td>Umiarkowany<\/td>\n<td>Silny<\/td>\n<\/tr>\n<tr>\n<td>Bezp\u0142atne u\u017cytkowanie<\/td>\n<td>Tak<\/td>\n<td>Tak<\/td>\n<td>Tak<\/td>\n<td>Tak\/P\u0142atne<\/td>\n<td>Tak<\/td>\n<\/tr>\n<\/tbody>\n<\/table>\n<p>Podsumowanie: Meetgle oferuje obecnie najbardziej zbli\u017cone wra\u017cenia do oryginalnego Omegle - szybki, darmowy, anonimowy czat wideo - ale z nieco lepsz\u0105 obs\u0142ug\u0105 mobiln\u0105 i l\u017cejsz\u0105 moderacj\u0105.<\/p>\n<h2>Plusy i minusy<\/h2>\n<p>Plusy:<\/p>\n<ul>\n<li>100% darmowy i anonimowy<\/li>\n<li>Nie jest wymagana rejestracja ani pobieranie<\/li>\n<li>\u0141atwy w u\u017cyciu, szybko si\u0119 \u0142aduje<\/li>\n<li>Dost\u0119pne tryby tekstowy i wideo<\/li>\n<li>Dzia\u0142a na komputerach stacjonarnych i urz\u0105dzeniach mobilnych<\/li>\n<li>Najbli\u017csza alternatywa dla klasycznego Omegle<\/li>\n<\/ul>\n<p>Wady:<\/p>\n<ul>\n<li>Minimalna moderacja - wci\u0105\u017c pewne nieodpowiednie tre\u015bci<\/li>\n<li>Brak filtr\u00f3w p\u0142ci lub zainteresowa\u0144<\/li>\n<li>Brak mo\u017cliwo\u015bci ponownego po\u0142\u0105czenia z poprzednimi u\u017cytkownikami<\/li>\n<li>Podstawowy interfejs bez kont u\u017cytkownik\u00f3w i funkcji spo\u0142eczno\u015bciowych<\/li>\n<li>Sporadyczne boty lub zachowania spamerskie<\/li>\n<\/ul>\n<h2>Idealne przypadki u\u017cycia<\/h2>\n<p>Meetgle jest idealny dla:<\/p>\n<ul>\n<li>U\u017cytkownicy, kt\u00f3rzy t\u0119skni\u0105 za Omegle i chc\u0105 podobnego zamiennika<\/li>\n<li>Osoby, kt\u00f3re chc\u0105 przypadkowo rozmawia\u0107 z nieznajomymi bez logowania.<\/li>\n<li>Swobodna, anonimowa rozmowa i rozrywka towarzyska<\/li>\n<li>Szybkie, bezstresowe interakcje za po\u015brednictwem kamery internetowej lub tekstu<\/li>\n<\/ul>\n<p>Nie jest to idealne rozwi\u0105zanie:<\/p>\n<p>U\u017cytkownicy, kt\u00f3rzy potrzebuj\u0105 opcji filtrowania lub d\u0142ugoterminowych po\u0142\u0105cze\u0144<\/p>\n<p>Osoby szukaj\u0105ce randek lub wyselekcjonowanych dopasowa\u0144<\/p>\n<p>Osoby czuj\u0105ce si\u0119 niekomfortowo z potencjalnie niemoderowanymi tre\u015bciami<\/p>\n<p>U\u017cytkownicy szukaj\u0105cy aplikacji mobilnych lub funkcji premium<\/p>\n<h2>Werdykt ko\u0144cowy<\/h2>\n<p>Meetgle to jedna z najprostszych i najskuteczniejszych platform w stylu Omegle. Nie pr\u00f3buje by\u0107 aplikacj\u0105 randkow\u0105, platform\u0105 streamingow\u0105 ani sieci\u0105 spo\u0142eczno\u015bciow\u0105 - to po prostu szybki, anonimowy czat wideo. Ta prostota jest jej si\u0142\u0105.<\/p>\n<p>Chocia\u017c brak moderacji i filtrowania mo\u017ce by\u0107 wad\u0105, platforma pozostaje jedn\u0105 z najbli\u017cszych rzeczy do oryginalnego do\u015bwiadczenia Omegle. Dla u\u017cytkownik\u00f3w, kt\u00f3rzy ceni\u0105 sobie szybko\u015b\u0107, anonimowo\u015b\u0107 i spontaniczno\u015b\u0107, Meetgle jest absolutnie warte sprawdzenia.<\/p>\n<p>Je\u015bli szukasz alternatywy dla chaotycznej losowo\u015bci Chatroulette lub nadmiernej monetyzacji Chatspin, Meetgle stanowi dobry \u015brodek - lekki, darmowy i zaskakuj\u0105co zabawny.<\/p>","protected":false},"excerpt":{"rendered":"<p>With Omegle now shut down and Chatroulette a shadow of its former self, a growing number of platforms have emerged to fill the gap in the random video chat space. One of those is Meetgle \u2014 a free, browser-based cam-to-cam chat site designed to connect you instantly with strangers from around the world. Touted as [&hellip;]<\/p>\n","protected":false},"author":6,"featured_media":0,"parent":0,"menu_order":0,"comment_status":"closed","ping_status":"closed","template":"","meta":{"footnotes":""},"class_list":["post-12842","page","type-page","status-publish","hentry"],"yoast_head":"<!-- This site is optimized with the Yoast SEO plugin v27.4 - https:\/\/yoast.com\/product\/yoast-seo-wordpress\/ -->\n<title>Meetgle - Alternative Random Video Chat on StrangerCam.com<\/title>\n<meta name=\"description\" content=\"Like Meetgle? Come chat with more than 5.000.000 strangers on Stranger Cam for Free! Turn on your cam and find new friends &amp; maby a match!\" \/>\n<meta name=\"robots\" content=\"index, follow, max-snippet:-1, max-image-preview:large, max-video-preview:-1\" \/>\n<link rel=\"canonical\" href=\"https:\/\/strangercam.com\/pl\/meetgle\/\" \/>\n<meta property=\"og:locale\" content=\"pl_PL\" \/>\n<meta property=\"og:type\" content=\"article\" \/>\n<meta property=\"og:title\" content=\"Meetgle - Alternative Random Video Chat on StrangerCam.com\" \/>\n<meta property=\"og:description\" content=\"Like Meetgle? Come chat with more than 5.000.000 strangers on Stranger Cam for Free! Turn on your cam and find new friends &amp; maby a match!\" \/>\n<meta property=\"og:url\" content=\"https:\/\/strangercam.com\/pl\/meetgle\/\" \/>\n<meta property=\"og:site_name\" content=\"Strangercam\" \/>\n<meta property=\"article:publisher\" content=\"https:\/\/www.facebook.com\/strangercam\" \/>\n<meta property=\"article:modified_time\" content=\"2025-05-14T07:42:02+00:00\" \/>\n<meta property=\"og:image\" content=\"https:\/\/strangercam.com\/wp-content\/uploads\/2021\/10\/Untitled-2.png\" \/>\n\t<meta property=\"og:image:width\" content=\"800\" \/>\n\t<meta property=\"og:image:height\" content=\"532\" \/>\n\t<meta property=\"og:image:type\" content=\"image\/png\" \/>\n<meta name=\"twitter:card\" content=\"summary_large_image\" \/>\n<meta name=\"twitter:site\" content=\"@strangercamapp\" \/>\n<meta name=\"twitter:label1\" content=\"Szacowany czas czytania\" \/>\n\t<meta name=\"twitter:data1\" content=\"6 minut\" \/>\n<script type=\"application\/ld+json\" class=\"yoast-schema-graph\">{\"@context\":\"https:\\\/\\\/schema.org\",\"@graph\":[{\"@type\":\"WebPage\",\"@id\":\"https:\\\/\\\/strangercam.com\\\/meetgle\\\/\",\"url\":\"https:\\\/\\\/strangercam.com\\\/meetgle\\\/\",\"name\":\"Meetgle - Alternative Random Video Chat on StrangerCam.com\",\"isPartOf\":{\"@id\":\"https:\\\/\\\/strangercam.com\\\/#website\"},\"datePublished\":\"2025-05-14T07:40:39+00:00\",\"dateModified\":\"2025-05-14T07:42:02+00:00\",\"description\":\"Like Meetgle? Come chat with more than 5.000.000 strangers on Stranger Cam for Free! Turn on your cam and find new friends & maby a match!\",\"breadcrumb\":{\"@id\":\"https:\\\/\\\/strangercam.com\\\/meetgle\\\/#breadcrumb\"},\"inLanguage\":\"pl-PL\",\"potentialAction\":[{\"@type\":\"ReadAction\",\"target\":[\"https:\\\/\\\/strangercam.com\\\/meetgle\\\/\"]}]},{\"@type\":\"BreadcrumbList\",\"@id\":\"https:\\\/\\\/strangercam.com\\\/meetgle\\\/#breadcrumb\",\"itemListElement\":[{\"@type\":\"ListItem\",\"position\":1,\"name\":\"Home\",\"item\":\"https:\\\/\\\/strangercam.com\\\/\"},{\"@type\":\"ListItem\",\"position\":2,\"name\":\"Meetgle\"}]},{\"@type\":\"WebSite\",\"@id\":\"https:\\\/\\\/strangercam.com\\\/#website\",\"url\":\"https:\\\/\\\/strangercam.com\\\/\",\"name\":\"Strangercam\",\"description\":\"Random Video Chat with Strangers\",\"publisher\":{\"@id\":\"https:\\\/\\\/strangercam.com\\\/#organization\"},\"alternateName\":\"Strangercam.com\",\"potentialAction\":[{\"@type\":\"SearchAction\",\"target\":{\"@type\":\"EntryPoint\",\"urlTemplate\":\"https:\\\/\\\/strangercam.com\\\/?s={search_term_string}\"},\"query-input\":{\"@type\":\"PropertyValueSpecification\",\"valueRequired\":true,\"valueName\":\"search_term_string\"}}],\"inLanguage\":\"pl-PL\"},{\"@type\":\"Organization\",\"@id\":\"https:\\\/\\\/strangercam.com\\\/#organization\",\"name\":\"Strangercam\",\"alternateName\":\"Strangercam.com\",\"url\":\"https:\\\/\\\/strangercam.com\\\/\",\"logo\":{\"@type\":\"ImageObject\",\"inLanguage\":\"pl-PL\",\"@id\":\"https:\\\/\\\/strangercam.com\\\/#\\\/schema\\\/logo\\\/image\\\/\",\"url\":\"https:\\\/\\\/strangercam.com\\\/wp-content\\\/uploads\\\/2020\\\/11\\\/cropped-new-favicon-black.png\",\"contentUrl\":\"https:\\\/\\\/strangercam.com\\\/wp-content\\\/uploads\\\/2020\\\/11\\\/cropped-new-favicon-black.png\",\"width\":512,\"height\":512,\"caption\":\"Strangercam\"},\"image\":{\"@id\":\"https:\\\/\\\/strangercam.com\\\/#\\\/schema\\\/logo\\\/image\\\/\"},\"sameAs\":[\"https:\\\/\\\/www.facebook.com\\\/strangercam\",\"https:\\\/\\\/x.com\\\/strangercamapp\"]}]}<\/script>\n<!-- \/ Yoast SEO plugin. -->","yoast_head_json":{"title":"Meetgle - Alternatywny losowy czat wideo na StrangerCam.com","description":"Lubisz Meetgle? Czatuj z ponad 5.000.000 nieznajomych na Stranger Cam za darmo! W\u0142\u0105cz kamer\u0119 i znajd\u017a nowych przyjaci\u00f3\u0142 i by\u0107 mo\u017ce dopasowanie!","robots":{"index":"index","follow":"follow","max-snippet":"max-snippet:-1","max-image-preview":"max-image-preview:large","max-video-preview":"max-video-preview:-1"},"canonical":"https:\/\/strangercam.com\/pl\/meetgle\/","og_locale":"pl_PL","og_type":"article","og_title":"Meetgle - Alternative Random Video Chat on StrangerCam.com","og_description":"Like Meetgle? Come chat with more than 5.000.000 strangers on Stranger Cam for Free! Turn on your cam and find new friends & maby a match!","og_url":"https:\/\/strangercam.com\/pl\/meetgle\/","og_site_name":"Strangercam","article_publisher":"https:\/\/www.facebook.com\/strangercam","article_modified_time":"2025-05-14T07:42:02+00:00","og_image":[{"width":800,"height":532,"url":"https:\/\/strangercam.com\/wp-content\/uploads\/2021\/10\/Untitled-2.png","type":"image\/png"}],"twitter_card":"summary_large_image","twitter_site":"@strangercamapp","twitter_misc":{"Szacowany czas czytania":"6 minut"},"schema":{"@context":"https:\/\/schema.org","@graph":[{"@type":"WebPage","@id":"https:\/\/strangercam.com\/meetgle\/","url":"https:\/\/strangercam.com\/meetgle\/","name":"Meetgle - Alternatywny losowy czat wideo na StrangerCam.com","isPartOf":{"@id":"https:\/\/strangercam.com\/#website"},"datePublished":"2025-05-14T07:40:39+00:00","dateModified":"2025-05-14T07:42:02+00:00","description":"Lubisz Meetgle? Czatuj z ponad 5.000.000 nieznajomych na Stranger Cam za darmo! W\u0142\u0105cz kamer\u0119 i znajd\u017a nowych przyjaci\u00f3\u0142 i by\u0107 mo\u017ce dopasowanie!","breadcrumb":{"@id":"https:\/\/strangercam.com\/meetgle\/#breadcrumb"},"inLanguage":"pl-PL","potentialAction":[{"@type":"ReadAction","target":["https:\/\/strangercam.com\/meetgle\/"]}]},{"@type":"BreadcrumbList","@id":"https:\/\/strangercam.com\/meetgle\/#breadcrumb","itemListElement":[{"@type":"ListItem","position":1,"name":"Home","item":"https:\/\/strangercam.com\/"},{"@type":"ListItem","position":2,"name":"Meetgle"}]},{"@type":"WebSite","@id":"https:\/\/strangercam.com\/#website","url":"https:\/\/strangercam.com\/","name":"Strangercam","description":"Losowy czat wideo z nieznajomymi","publisher":{"@id":"https:\/\/strangercam.com\/#organization"},"alternateName":"Strangercam.com","potentialAction":[{"@type":"SearchAction","target":{"@type":"EntryPoint","urlTemplate":"https:\/\/strangercam.com\/?s={search_term_string}"},"query-input":{"@type":"PropertyValueSpecification","valueRequired":true,"valueName":"search_term_string"}}],"inLanguage":"pl-PL"},{"@type":"Organization","@id":"https:\/\/strangercam.com\/#organization","name":"Strangercam","alternateName":"Strangercam.com","url":"https:\/\/strangercam.com\/","logo":{"@type":"ImageObject","inLanguage":"pl-PL","@id":"https:\/\/strangercam.com\/#\/schema\/logo\/image\/","url":"https:\/\/strangercam.com\/wp-content\/uploads\/2020\/11\/cropped-new-favicon-black.png","contentUrl":"https:\/\/strangercam.com\/wp-content\/uploads\/2020\/11\/cropped-new-favicon-black.png","width":512,"height":512,"caption":"Strangercam"},"image":{"@id":"https:\/\/strangercam.com\/#\/schema\/logo\/image\/"},"sameAs":["https:\/\/www.facebook.com\/strangercam","https:\/\/x.com\/strangercamapp"]}]}},"_links":{"self":[{"href":"https:\/\/strangercam.com\/pl\/wp-json\/wp\/v2\/pages\/12842","targetHints":{"allow":["GET"]}}],"collection":[{"href":"https:\/\/strangercam.com\/pl\/wp-json\/wp\/v2\/pages"}],"about":[{"href":"https:\/\/strangercam.com\/pl\/wp-json\/wp\/v2\/types\/page"}],"author":[{"embeddable":true,"href":"https:\/\/strangercam.com\/pl\/wp-json\/wp\/v2\/users\/6"}],"replies":[{"embeddable":true,"href":"https:\/\/strangercam.com\/pl\/wp-json\/wp\/v2\/comments?post=12842"}],"version-history":[{"count":2,"href":"https:\/\/strangercam.com\/pl\/wp-json\/wp\/v2\/pages\/12842\/revisions"}],"predecessor-version":[{"id":12844,"href":"https:\/\/strangercam.com\/pl\/wp-json\/wp\/v2\/pages\/12842\/revisions\/12844"}],"wp:attachment":[{"href":"https:\/\/strangercam.com\/pl\/wp-json\/wp\/v2\/media?parent=12842"}],"curies":[{"name":"wp","href":"https:\/\/api.w.org\/{rel}","templated":true}]}}