{"id":12836,"date":"2025-05-14T09:31:13","date_gmt":"2025-05-14T07:31:13","guid":{"rendered":"https:\/\/strangercam.com\/?page_id=12836"},"modified":"2025-05-14T09:31:13","modified_gmt":"2025-05-14T07:31:13","slug":"omgchat","status":"publish","type":"page","link":"https:\/\/strangercam.com\/pl\/omgchat\/","title":{"rendered":"OMGchat"},"content":{"rendered":"<p>W morzu stale ewoluuj\u0105cych platform czat\u00f3w wideo, niekt\u00f3rym nazwom uda\u0142o si\u0119 utrzyma\u0107 dzi\u0119ki swojej prostocie, d\u0142ugotrwa\u0142ej bazie u\u017cytkownik\u00f3w i prostemu podej\u015bciu. OMGChat jest jedn\u0105 z takich platform. Chocia\u017c mo\u017ce nie mie\u0107 takiego samego szumu jak nowsze aplikacje, takie jak Chatspin lub Bigo Live, to po cichu utrzyma\u0142a lojaln\u0105 spo\u0142eczno\u015b\u0107 i nadal zapewnia \u0142atwy spos\u00f3b na <a href=\"https:\/\/strangercam.com\/pl\/coomeet\/\">spotkanie<\/a> ludzi za po\u015brednictwem kamery internetowej.<\/p>\n<p>Ale czy w 2025 roku, przy tak wielu nowoczesnych alternatywach, OMGChat jest nadal aktualny? Co dok\u0142adnie oferuje - i co wa\u017cniejsze, czy jest wart Twojego czasu?<\/p>\n<p>W tej pe\u0142nej recenzji zbadamy funkcje, wra\u017cenia u\u017cytkownika, odbiorc\u00f3w, zalety i wady oraz por\u00f3wnamy OMGChat z najlepszymi obecnie platformami do czat\u00f3w wideo.<\/p>\n<h2>Czym jest OMGChat?<\/h2>\n<p>OMGChat to darmowy czat wideo oparty na kamerze internetowej, kt\u00f3ry pozwala u\u017cytkownikom do\u0142\u0105cza\u0107 do publicznych pokoj\u00f3w rozm\u00f3w lub anga\u017cowa\u0107 si\u0119 w prywatne rozmowy jeden na jednego. W przeciwie\u0144stwie do czysto losowych platform czat\u00f3w wideo, takich jak <a href=\"https:\/\/strangercam.com\/pl\/omegle\/\">Omegle<\/a> lub <a href=\"https:\/\/strangercam.com\/pl\/chatroulette\/\">Chatroulette<\/a>, OMGChat wykorzystuje system oparty na pokojach, podobny do tego z pocz\u0105tku lat 2000 <a href=\"https:\/\/strangercam.com\/pl\/bazoocam\/\">krzywka<\/a> gdzie u\u017cytkownicy mog\u0105 przegl\u0105da\u0107 kategorie, wchodzi\u0107 do pokoj\u00f3w na podstawie zainteresowa\u0144 lub p\u0142ci i ogl\u0105da\u0107 wiele kamer jednocze\u015bnie.<\/p>\n<p>Uruchomiony na pocz\u0105tku 2010 roku, OMGChat zosta\u0142 stworzony dla u\u017cytkownik\u00f3w poszukuj\u0105cych wi\u0119kszej kontroli ni\u017c to, co oferuje losowe dopasowanie. Chocia\u017c nie zmieni\u0142 si\u0119 zbytnio pod wzgl\u0119dem projektu lub funkcjonalno\u015bci, pozostaje popularny w\u015br\u00f3d u\u017cytkownik\u00f3w, kt\u00f3rzy lubi\u0105 bardziej tradycyjne rozwi\u0105zania. <a href=\"https:\/\/strangercam.com\/pl\/cam-to-cam-chat\/\">czat przed kamer\u0105<\/a> \u015brodowiska.<\/p>\n<h2>Jaki jest cel OMGChat?<\/h2>\n<p>OMGChat ma na celu stworzenie opartego na spo\u0142eczno\u015bci, skoncentrowanego na kamerach internetowych czatu, w kt\u00f3rym u\u017cytkownicy mog\u0105 przegl\u0105da\u0107 wiele kamer na \u017cywo, wchodzi\u0107 do tematycznych pokoj\u00f3w rozm\u00f3w i inicjowa\u0107 prywatne rozmowy wideo z wybranymi u\u017cytkownikami. Mniej chodzi tu o przypadkowo\u015b\u0107, a bardziej o kontakty towarzyskie w wirtualnej przestrzeni.<\/p>\n<p>Platforma jest przeznaczona dla:<\/p>\n<ul>\n<li>Ludzie, kt\u00f3rzy lubi\u0105 oldschoolowe czaty z kamerami internetowymi<\/li>\n<li>U\u017cytkownicy, kt\u00f3rzy chc\u0105 przegl\u0105da\u0107 i wybiera\u0107, z kim chc\u0105 rozmawia\u0107<\/li>\n<li>Fani spo\u0142eczno\u015bciowego czatu wideo z kontrol\u0105 u\u017cytkownika<\/li>\n<li>Osoby szukaj\u0105ce niezobowi\u0105zuj\u0105cych znajomo\u015bci online lub flirtu w mniej chaotycznym formacie ni\u017c losowe dopasowanie.<\/li>\n<\/ul>\n<p>OMGChat plasuje si\u0119 pomi\u0119dzy klasycznymi spo\u0142eczno\u015bciami kamerek a nowoczesnymi narz\u0119dziami do rozm\u00f3w wideo. Nie naciska na randki, nie gamifikuje do\u015bwiadczenia i nie k\u0142adzie nacisku na algorytmy. Zamiast tego oferuje bardziej organiczny, oparty na pokoju styl poznawania nowych ludzi.<\/p>\n<h2>Kluczowe cechy<\/h2>\n<p>1. Pokoje czatu z kamerami internetowymi<br \/>\nU\u017cytkownicy mog\u0105 wchodzi\u0107 do r\u00f3\u017cnych pokoj\u00f3w rozm\u00f3w, z kt\u00f3rych wiele jest zorganizowanych wed\u0142ug p\u0142ci (np. \"Tylko faceci\", \"Tylko dziewczyny\", \"Pary\"), lokalizacji lub zainteresowa\u0144. Wewn\u0105trz ka\u017cdego pokoju u\u017cytkownicy pojawiaj\u0105 si\u0119 przed kamer\u0105, a wszyscy widz\u0105 nawzajem swoje kana\u0142y wideo - podobnie jak w oldschoolowym wirtualnym salonie.<\/p>\n<p>2. Prywatny czat mi\u0119dzy kamerami<br \/>\nPoza publicznymi pokojami, u\u017cytkownicy mog\u0105 inicjowa\u0107 prywatne rozmowy wideo z innymi. Pozwala to na interakcj\u0119 jeden na jednego bez rozpraszania uwagi przez publiczny kana\u0142.<\/p>\n<p>3. Podgl\u0105d z wielu kamer<br \/>\nJedn\u0105 z wyr\u00f3\u017cniaj\u0105cych si\u0119 funkcji OMGChat jest mo\u017cliwo\u015b\u0107 wy\u015bwietlania wielu kamer jednocze\u015bnie w formacie siatki. Mo\u017cesz zobaczy\u0107 do kilkunastu os\u00f3b jednocze\u015bnie w pokoju, a nast\u0119pnie wybra\u0107, z kim chcesz wej\u015b\u0107 w bezpo\u015bredni\u0105 interakcj\u0119.<\/p>\n<p>4. Integracja czatu tekstowego<br \/>\nKa\u017cdy pok\u00f3j ma wbudowany czat tekstowy obok kana\u0142u wideo. Pozwala to u\u017cytkownikom komunikowa\u0107 si\u0119 ze wszystkimi w pokoju, wysy\u0142a\u0107 prywatne wiadomo\u015bci lub po prostu pozosta\u0107 zaanga\u017cowanym bez konieczno\u015bci bycia na kamerze.<\/p>\n<p>5. Czat audio i mikrofon<br \/>\nU\u017cytkownicy mog\u0105 r\u00f3wnie\u017c w\u0142\u0105czy\u0107 czat g\u0142osowy bez korzystania z kamery internetowej, dzi\u0119ki czemu platforma jest bardziej dost\u0119pna dla tych, kt\u00f3rzy wol\u0105 nie by\u0107 ca\u0142y czas przed kamer\u0105.<\/p>\n<p>6. Narz\u0119dzia moderacji u\u017cytkownik\u00f3w<br \/>\nU\u017cytkownicy mog\u0105 blokowa\u0107, wycisza\u0107 lub zg\u0142asza\u0107 inne osoby za nieodpowiednie zachowanie. Ka\u017cdy pok\u00f3j ma r\u00f3wnie\u017c moderator\u00f3w, kt\u00f3rzy mog\u0105 usuwa\u0107 uci\u0105\u017cliwych u\u017cytkownik\u00f3w, zapewniaj\u0105c, \u017ce \u015brodowisko pozostaje wzgl\u0119dnie czyste.<\/p>\n<p>7. Projektowanie skoncentrowane na komputerach stacjonarnych<br \/>\nOMGChat jest zoptymalizowany g\u0142\u00f3wnie do u\u017cytku na komputerach stacjonarnych. Nie ma oficjalnej aplikacji mobilnej, a chocia\u017c strona \u0142aduje si\u0119 w przegl\u0105darkach mobilnych, pe\u0142ne wra\u017cenia z wielu kamer nie przek\u0142adaj\u0105 si\u0119 dobrze na mniejsze ekrany.<\/p>\n<h2>Czy OMGChat jest darmowy?<\/h2>\n<p>Tak, OMGChat jest ca\u0142kowicie darmowy i nie wymaga rejestracji w pokojach publicznych. U\u017cytkownicy mog\u0105:<\/p>\n<ul>\n<li>Wej\u015bcie do pokoj\u00f3w rozm\u00f3w<\/li>\n<li>Ogl\u0105danie wielu kamer na \u017cywo<\/li>\n<li>Czat przez tekst lub mikrofon<\/li>\n<li>Wysy\u0142anie prywatnych wiadomo\u015bci<\/li>\n<\/ul>\n<p>Platforma posiada jednak system VIP, kt\u00f3ry oferuje dodatkowe korzy\u015bci, takie jak:<\/p>\n<ul>\n<li>Pod\u015bwietlanie profilu<\/li>\n<li>Priorytetowe umieszczanie w pokojach<\/li>\n<li>Zaawansowane narz\u0119dzia moderacji<\/li>\n<li>Dost\u0119p do dodatkowych funkcji lub prywatnych pokoi<\/li>\n<\/ul>\n<p>Cz\u0142onkostwo VIP jest ca\u0142kowicie opcjonalne i przeznaczone g\u0142\u00f3wnie dla zaawansowanych u\u017cytkownik\u00f3w lub os\u00f3b cz\u0119sto odwiedzaj\u0105cych serwis.<\/p>\n<h2>Kto korzysta z OMGChat?<\/h2>\n<p>OMGChat ma d\u0142ugotrwa\u0142\u0105 baz\u0119 u\u017cytkownik\u00f3w, a dane demograficzne to odzwierciedlaj\u0105. Znajdziesz tu:<\/p>\n<ul>\n<li>Doro\u015bli w wieku 25-45 lat, z wieloma u\u017cytkownikami powracaj\u0105cymi przez lata.<\/li>\n<li>G\u0142\u00f3wnie m\u0119ska publiczno\u015b\u0107, cho\u0107 zawsze s\u0105 aktywne kobiety i pary w pokojach dla kobiet i m\u0119\u017cczyzn.<\/li>\n<li>U\u017cytkownicy z Ameryki P\u00f3\u0142nocnej, Wielkiej Brytanii, Australii i cz\u0119\u015bci Europy<\/li>\n<\/ul>\n<p>W przeciwie\u0144stwie do nowszych platform, OMGChat ma mniej nastolatk\u00f3w lub u\u017cytkownik\u00f3w z pokolenia Z, prawdopodobnie ze wzgl\u0119du na przestarza\u0142y wygl\u0105d i brak optymalizacji mobilnej. Przyci\u0105ga u\u017cytkownik\u00f3w, kt\u00f3rzy s\u0105 ju\u017c zaznajomieni z platformami czatowymi opartymi na kamerkach i szukaj\u0105 do\u015bwiadczenia, kt\u00f3re nie wymaga przesuwania lub przesy\u0142ania strumieniowego.<\/p>\n<p>\u015arodowisko sk\u0142ania si\u0119 ku flirtowaniu i swobodnym interakcjom spo\u0142ecznym, ale nie jest tak skoncentrowane na doros\u0142ych, jak witryny z wyra\u017anymi kamerami. Ton jest gdzie\u015b pomi\u0119dzy przyjaznym spotkaniem a czatem PG-13.<\/p>\n<h2>Bezpiecze\u0144stwo, prywatno\u015b\u0107 i moderacja<\/h2>\n<p>OMGChat obs\u0142uguje moderacj\u0119 za po\u015brednictwem:<\/p>\n<ul>\n<li>Moderatorzy pokoju, kt\u00f3rzy mog\u0105 wyrzuca\u0107 lub banowa\u0107 u\u017cytkownik\u00f3w<\/li>\n<li>Narz\u0119dzia do raportowania i blokowania u\u017cytkownik\u00f3w<\/li>\n<li>Warunki umowy o \u015bwiadczenie us\u0142ug, kt\u00f3re zabraniaj\u0105 nago\u015bci, n\u0119kania lub nielegalnych tre\u015bci w pokojach og\u00f3lnych.<\/li>\n<\/ul>\n<p>Moderacja zale\u017cy jednak w pewnym stopniu od spo\u0142eczno\u015bci danego pokoju. Poniewa\u017c nie ma rejestracji prawdziwych nazwisk, anonimowo\u015b\u0107 mo\u017ce prowadzi\u0107 do sporadycznych niew\u0142a\u015bciwych zachowa\u0144, szczeg\u00f3lnie w bardziej aktywnych pokojach.<\/p>\n<p>Nie ma tu wyrafinowanych narz\u0119dzi sztucznej inteligencji ani zaawansowanych system\u00f3w bezpiecze\u0144stwa, takich jak te widoczne na Emerald Chat czy Yubo. Niemniej jednak, obecno\u015b\u0107 widocznych moderator\u00f3w w pokojach pomaga utrzyma\u0107 podstawowy poziom porz\u0105dku.<\/p>\n<p>U\u017cytkownicy powinni:<\/p>\n<ul>\n<li>Unikaj udost\u0119pniania danych osobowych<\/li>\n<li>Trzymaj si\u0119 pokoj\u00f3w z aktywnymi moderatorami<\/li>\n<li>Zg\u0142aszanie nieodpowiednich tre\u015bci<\/li>\n<\/ul>\n<h2>Do\u015bwiadczenie u\u017cytkownika i projektowanie<\/h2>\n<p>W tym miejscu OMGChat mo\u017ce podzieli\u0107 opini\u0119. Platforma nie przesz\u0142a znacz\u0105cego przeprojektowania od wielu lat. Uk\u0142ad jest taki sam:<\/p>\n<ul>\n<li>Funkcjonalny, ale przestarza\u0142y<\/li>\n<li>Najlepiej nadaje si\u0119 do u\u017cytku stacjonarnego z mysz\u0105 i klawiatur\u0105<\/li>\n<li>Mocno nastawione na uk\u0142ady w stylu Flash i wyskakuj\u0105ce interfejsy.<\/li>\n<\/ul>\n<p>Wielu u\u017cytkownik\u00f3w docenia jednak oldschoolowy urok i stabilno\u015b\u0107. Pokoje z wieloma kamerami w stylu siatki \u0142aduj\u0105 si\u0119 szybko, a gdy ju\u017c przyzwyczaisz si\u0119 do nawigacji, do\u015bwiadczenie jest p\u0142ynne.<\/p>\n<p>Na urz\u0105dzeniach mobilnych wra\u017cenia s\u0105 ograniczone. Platforma nigdy nie zosta\u0142a zaprojektowana z my\u015bl\u0105 o u\u017cytkownikach mobilnych i to wida\u0107. W rezultacie OMGChat najlepiej sprawdza si\u0119 na pe\u0142noekranowym monitorze z kamer\u0105 internetow\u0105 i mikrofonem.<\/p>\n<h2>OMGChat a inne platformy<\/h2>\n<p>Jak OMGChat wypada na tle swoich konkurent\u00f3w? Przyjrzyjmy si\u0119 temu:<\/p>\n<table>\n<thead>\n<tr>\n<th>Cecha<\/th>\n<th>OMGChat<\/th>\n<th>Omegle<\/th>\n<th>Chatroulette<\/th>\n<th>Emerald Chat<\/th>\n<th>Camfrog<\/th>\n<\/tr>\n<\/thead>\n<tbody>\n<tr>\n<td>Czat w pokoju<\/td>\n<td>Tak<\/td>\n<td>Nie<\/td>\n<td>Nie<\/td>\n<td>Nie<\/td>\n<td>Tak<\/td>\n<\/tr>\n<tr>\n<td>Widok siatki wielu kamer<\/td>\n<td>Tak<\/td>\n<td>Nie<\/td>\n<td>Nie<\/td>\n<td>Nie<\/td>\n<td>Tak<\/td>\n<\/tr>\n<tr>\n<td>Prywatny czat wideo<\/td>\n<td>Tak<\/td>\n<td>Tak<\/td>\n<td>Tak<\/td>\n<td>Tak<\/td>\n<td>Tak<\/td>\n<\/tr>\n<tr>\n<td>Profile u\u017cytkownik\u00f3w<\/td>\n<td>Podstawowy<\/td>\n<td>Brak<\/td>\n<td>Brak<\/td>\n<td>Pe\u0142ny<\/td>\n<td>Tak<\/td>\n<\/tr>\n<tr>\n<td>System moderacji<\/td>\n<td>Wsp\u00f3lnota<\/td>\n<td>Minimalny<\/td>\n<td>S\u0142aby<\/td>\n<td>Silny<\/td>\n<td>Silny<\/td>\n<\/tr>\n<tr>\n<td>Optymalizacja mobilna<\/td>\n<td>S\u0142aby<\/td>\n<td>Umiarkowany<\/td>\n<td>S\u0142aby<\/td>\n<td>Dobry<\/td>\n<td>Umiarkowany<\/td>\n<\/tr>\n<tr>\n<td>P\u0142atne opcje<\/td>\n<td>VIP<\/td>\n<td>Brak<\/td>\n<td>Brak<\/td>\n<td>Tak<\/td>\n<td>Tak<\/td>\n<\/tr>\n<\/tbody>\n<\/table>\n<p>Podsumowanie: OMGChat wyr\u00f3\u017cnia si\u0119 dla u\u017cytkownik\u00f3w, kt\u00f3rzy chc\u0105 interakcji w pokoju z widocznymi kamerami, ale pozostaje w tyle, je\u015bli chodzi o nowoczesny UX lub wsparcie mobilne.<\/p>\n<h2>Plusy i minusy<\/h2>\n<p>Plusy:<\/p>\n<ul>\n<li>Bezp\u0142atny dost\u0119p bez konieczno\u015bci rejestracji<\/li>\n<li>Klasyczna struktura czatu z kamer\u0105 internetow\u0105<\/li>\n<li>Wiele kamer widocznych jednocze\u015bnie<\/li>\n<li>Opcje czatu prywatnego i publicznego<\/li>\n<li>Lojalna, powracaj\u0105ca baza u\u017cytkownik\u00f3w<\/li>\n<li>Umiar w pomieszczeniu zapewnia pewne bezpiecze\u0144stwo<\/li>\n<\/ul>\n<p>Wady:<\/p>\n<ul>\n<li>Przestarza\u0142y wygl\u0105d i interfejs u\u017cytkownika<\/li>\n<li>S\u0142abe do\u015bwiadczenie mobilne<\/li>\n<li>Brak r\u00f3wnowagi p\u0142ci w wi\u0119kszo\u015bci pomieszcze\u0144<\/li>\n<li>Sporadyczne luki w moderacji<\/li>\n<li>Nie jest idealny dla pokolenia Z lub zwyk\u0142ych u\u017cytkownik\u00f3w mobilnych<\/li>\n<\/ul>\n<h2>Idealne przypadki u\u017cycia<\/h2>\n<p>OMGChat jest idealny dla:<\/p>\n<ul>\n<li>Doro\u015bli, kt\u00f3rzy cieszyli si\u0119 wczesnymi dniami czat\u00f3w z kamerami internetowymi<\/li>\n<li>U\u017cytkownicy, kt\u00f3rzy chc\u0105 przegl\u0105da\u0107 wiele kamer przed wybraniem osoby do czatowania<\/li>\n<li>Fani swobodnych, publicznych \u015brodowisk czatu z opcj\u0105 prywatnych rozm\u00f3w<\/li>\n<li>Ludzie szukaj\u0105 wi\u0119kszej struktury ni\u017c przypadkowy czat, ale mniejszej presji ni\u017c aplikacje randkowe.<\/li>\n<\/ul>\n<p>Nie nadaje si\u0119 do:<\/p>\n<ul>\n<li>U\u017cytkownicy poni\u017cej 18 roku \u017cycia (niedozwolone)<\/li>\n<li>Osoby szukaj\u0105ce randek w stylu swipe lub dopasowa\u0144 algorytmicznych<\/li>\n<li>U\u017cytkownicy mobilni lub poszukuj\u0105cy dopracowanego interfejsu u\u017cytkownika<\/li>\n<li>Ci, kt\u00f3rzy nie czuj\u0105 si\u0119 komfortowo z mniej filtrowan\u0105 natur\u0105 anonimowych pokoj\u00f3w kamer<\/li>\n<\/ul>\n<h2>Werdykt ko\u0144cowy<\/h2>\n<p>OMGChat to solidny wyb\u00f3r dla u\u017cytkownik\u00f3w, kt\u00f3rzy ceni\u0105 sobie tradycyjne pokoje rozm\u00f3w z kamerami internetowymi i chc\u0105 mie\u0107 wi\u0119ksz\u0105 kontrol\u0119 nad tym, z kim wchodz\u0105 w interakcje. Cho\u0107 nie oferuje on tak eleganckiego wygl\u0105du lub responsywno\u015bci na urz\u0105dzeniach mobilnych, jak nowsze platformy, to z powodzeniem zapewnia skoncentrowane wra\u017cenia z rozm\u00f3w z wieloma u\u017cytkownikami bez losowo\u015bci lub chaosu, jakie wyst\u0119puj\u0105 w innych darmowych witrynach do czat\u00f3w wideo.<\/p>\n<p>Nie jest to platforma, kt\u00f3ra pr\u00f3buje na nowo wynale\u017a\u0107 ko\u0142o - i to jest cz\u0119\u015b\u0107 jej atrakcyjno\u015bci. Zar\u00f3wno dla lojalnych u\u017cytkownik\u00f3w, jak i nowicjuszy, OMGChat zapewnia \u0142atwy, prosty spos\u00f3b na sp\u0119dzanie czasu, poznawanie ludzi i anga\u017cowanie si\u0119 w rozmowy wideo w czasie rzeczywistym z atmosfer\u0105 spo\u0142eczno\u015bci.<\/p>\n<p>Je\u015bli t\u0119sknisz za pokojami z kamerami internetowymi z pocz\u0105tk\u00f3w Internetu lub po prostu chcesz pozna\u0107 platform\u0119 o nieco wi\u0119kszej strukturze ni\u017c Omegle, OMGChat jest zdecydowanie warty wypr\u00f3bowania - po prostu upewnij si\u0119, \u017ce korzystasz z komputera stacjonarnego, aby uzyska\u0107 najlepsze wra\u017cenia.<\/p>","protected":false},"excerpt":{"rendered":"<p>In a sea of ever-evolving video chat platforms, some names have managed to stick around thanks to their simplicity, long-standing user base, and straightforward approach. OMGChat is one such platform. While it may not have the same buzz as newer apps like Chatspin or Bigo Live, it has quietly sustained a loyal community and continues [&hellip;]<\/p>\n","protected":false},"author":6,"featured_media":0,"parent":0,"menu_order":0,"comment_status":"closed","ping_status":"closed","template":"","meta":{"footnotes":""},"class_list":["post-12836","page","type-page","status-publish","hentry"],"yoast_head":"<!-- This site is optimized with the Yoast SEO plugin v27.4 - https:\/\/yoast.com\/product\/yoast-seo-wordpress\/ -->\n<title>OMGchat - Instant FREE Webcam Chat on StrangerCam.com<\/title>\n<meta name=\"description\" content=\"Like OMGchat? Come chat with more than 5.000.000 strangers on Stranger Cam for Free! Turn on your cam and find new friends &amp; maby a match!\" \/>\n<meta name=\"robots\" content=\"index, follow, max-snippet:-1, max-image-preview:large, max-video-preview:-1\" \/>\n<link rel=\"canonical\" href=\"https:\/\/strangercam.com\/pl\/omgchat\/\" \/>\n<meta property=\"og:locale\" content=\"pl_PL\" \/>\n<meta property=\"og:type\" content=\"article\" \/>\n<meta property=\"og:title\" content=\"OMGchat - Instant FREE Webcam Chat on StrangerCam.com\" \/>\n<meta property=\"og:description\" content=\"Like OMGchat? Come chat with more than 5.000.000 strangers on Stranger Cam for Free! Turn on your cam and find new friends &amp; maby a match!\" \/>\n<meta property=\"og:url\" content=\"https:\/\/strangercam.com\/pl\/omgchat\/\" \/>\n<meta property=\"og:site_name\" content=\"Strangercam\" \/>\n<meta property=\"article:publisher\" content=\"https:\/\/www.facebook.com\/strangercam\" \/>\n<meta property=\"og:image\" content=\"https:\/\/strangercam.com\/wp-content\/uploads\/2021\/10\/Untitled-2.png\" \/>\n\t<meta property=\"og:image:width\" content=\"800\" \/>\n\t<meta property=\"og:image:height\" content=\"532\" \/>\n\t<meta property=\"og:image:type\" content=\"image\/png\" \/>\n<meta name=\"twitter:card\" content=\"summary_large_image\" \/>\n<meta name=\"twitter:site\" content=\"@strangercamapp\" \/>\n<meta name=\"twitter:label1\" content=\"Szacowany czas czytania\" \/>\n\t<meta name=\"twitter:data1\" content=\"7 minut\" \/>\n<script type=\"application\/ld+json\" class=\"yoast-schema-graph\">{\"@context\":\"https:\\\/\\\/schema.org\",\"@graph\":[{\"@type\":\"WebPage\",\"@id\":\"https:\\\/\\\/strangercam.com\\\/omgchat\\\/\",\"url\":\"https:\\\/\\\/strangercam.com\\\/omgchat\\\/\",\"name\":\"OMGchat - Instant FREE Webcam Chat on StrangerCam.com\",\"isPartOf\":{\"@id\":\"https:\\\/\\\/strangercam.com\\\/#website\"},\"datePublished\":\"2025-05-14T07:31:13+00:00\",\"description\":\"Like OMGchat? Come chat with more than 5.000.000 strangers on Stranger Cam for Free! Turn on your cam and find new friends & maby a match!\",\"breadcrumb\":{\"@id\":\"https:\\\/\\\/strangercam.com\\\/omgchat\\\/#breadcrumb\"},\"inLanguage\":\"pl-PL\",\"potentialAction\":[{\"@type\":\"ReadAction\",\"target\":[\"https:\\\/\\\/strangercam.com\\\/omgchat\\\/\"]}]},{\"@type\":\"BreadcrumbList\",\"@id\":\"https:\\\/\\\/strangercam.com\\\/omgchat\\\/#breadcrumb\",\"itemListElement\":[{\"@type\":\"ListItem\",\"position\":1,\"name\":\"Home\",\"item\":\"https:\\\/\\\/strangercam.com\\\/\"},{\"@type\":\"ListItem\",\"position\":2,\"name\":\"OMGchat\"}]},{\"@type\":\"WebSite\",\"@id\":\"https:\\\/\\\/strangercam.com\\\/#website\",\"url\":\"https:\\\/\\\/strangercam.com\\\/\",\"name\":\"Strangercam\",\"description\":\"Random Video Chat with Strangers\",\"publisher\":{\"@id\":\"https:\\\/\\\/strangercam.com\\\/#organization\"},\"alternateName\":\"Strangercam.com\",\"potentialAction\":[{\"@type\":\"SearchAction\",\"target\":{\"@type\":\"EntryPoint\",\"urlTemplate\":\"https:\\\/\\\/strangercam.com\\\/?s={search_term_string}\"},\"query-input\":{\"@type\":\"PropertyValueSpecification\",\"valueRequired\":true,\"valueName\":\"search_term_string\"}}],\"inLanguage\":\"pl-PL\"},{\"@type\":\"Organization\",\"@id\":\"https:\\\/\\\/strangercam.com\\\/#organization\",\"name\":\"Strangercam\",\"alternateName\":\"Strangercam.com\",\"url\":\"https:\\\/\\\/strangercam.com\\\/\",\"logo\":{\"@type\":\"ImageObject\",\"inLanguage\":\"pl-PL\",\"@id\":\"https:\\\/\\\/strangercam.com\\\/#\\\/schema\\\/logo\\\/image\\\/\",\"url\":\"https:\\\/\\\/strangercam.com\\\/wp-content\\\/uploads\\\/2020\\\/11\\\/cropped-new-favicon-black.png\",\"contentUrl\":\"https:\\\/\\\/strangercam.com\\\/wp-content\\\/uploads\\\/2020\\\/11\\\/cropped-new-favicon-black.png\",\"width\":512,\"height\":512,\"caption\":\"Strangercam\"},\"image\":{\"@id\":\"https:\\\/\\\/strangercam.com\\\/#\\\/schema\\\/logo\\\/image\\\/\"},\"sameAs\":[\"https:\\\/\\\/www.facebook.com\\\/strangercam\",\"https:\\\/\\\/x.com\\\/strangercamapp\"]}]}<\/script>\n<!-- \/ Yoast SEO plugin. -->","yoast_head_json":{"title":"OMGchat - Natychmiastowy DARMOWY czat przed kamer\u0105 internetow\u0105 na StrangerCam.com","description":"Jak OMGchat? Czatuj z ponad 5.000.000 nieznajomych na Stranger Cam za darmo! W\u0142\u0105cz kamer\u0119 i znajd\u017a nowych przyjaci\u00f3\u0142 i mo\u017ce mecz!","robots":{"index":"index","follow":"follow","max-snippet":"max-snippet:-1","max-image-preview":"max-image-preview:large","max-video-preview":"max-video-preview:-1"},"canonical":"https:\/\/strangercam.com\/pl\/omgchat\/","og_locale":"pl_PL","og_type":"article","og_title":"OMGchat - Instant FREE Webcam Chat on StrangerCam.com","og_description":"Like OMGchat? Come chat with more than 5.000.000 strangers on Stranger Cam for Free! Turn on your cam and find new friends & maby a match!","og_url":"https:\/\/strangercam.com\/pl\/omgchat\/","og_site_name":"Strangercam","article_publisher":"https:\/\/www.facebook.com\/strangercam","og_image":[{"width":800,"height":532,"url":"https:\/\/strangercam.com\/wp-content\/uploads\/2021\/10\/Untitled-2.png","type":"image\/png"}],"twitter_card":"summary_large_image","twitter_site":"@strangercamapp","twitter_misc":{"Szacowany czas czytania":"7 minut"},"schema":{"@context":"https:\/\/schema.org","@graph":[{"@type":"WebPage","@id":"https:\/\/strangercam.com\/omgchat\/","url":"https:\/\/strangercam.com\/omgchat\/","name":"OMGchat - Natychmiastowy DARMOWY czat przed kamer\u0105 internetow\u0105 na StrangerCam.com","isPartOf":{"@id":"https:\/\/strangercam.com\/#website"},"datePublished":"2025-05-14T07:31:13+00:00","description":"Jak OMGchat? Czatuj z ponad 5.000.000 nieznajomych na Stranger Cam za darmo! W\u0142\u0105cz kamer\u0119 i znajd\u017a nowych przyjaci\u00f3\u0142 i mo\u017ce mecz!","breadcrumb":{"@id":"https:\/\/strangercam.com\/omgchat\/#breadcrumb"},"inLanguage":"pl-PL","potentialAction":[{"@type":"ReadAction","target":["https:\/\/strangercam.com\/omgchat\/"]}]},{"@type":"BreadcrumbList","@id":"https:\/\/strangercam.com\/omgchat\/#breadcrumb","itemListElement":[{"@type":"ListItem","position":1,"name":"Home","item":"https:\/\/strangercam.com\/"},{"@type":"ListItem","position":2,"name":"OMGchat"}]},{"@type":"WebSite","@id":"https:\/\/strangercam.com\/#website","url":"https:\/\/strangercam.com\/","name":"Strangercam","description":"Losowy czat wideo z nieznajomymi","publisher":{"@id":"https:\/\/strangercam.com\/#organization"},"alternateName":"Strangercam.com","potentialAction":[{"@type":"SearchAction","target":{"@type":"EntryPoint","urlTemplate":"https:\/\/strangercam.com\/?s={search_term_string}"},"query-input":{"@type":"PropertyValueSpecification","valueRequired":true,"valueName":"search_term_string"}}],"inLanguage":"pl-PL"},{"@type":"Organization","@id":"https:\/\/strangercam.com\/#organization","name":"Strangercam","alternateName":"Strangercam.com","url":"https:\/\/strangercam.com\/","logo":{"@type":"ImageObject","inLanguage":"pl-PL","@id":"https:\/\/strangercam.com\/#\/schema\/logo\/image\/","url":"https:\/\/strangercam.com\/wp-content\/uploads\/2020\/11\/cropped-new-favicon-black.png","contentUrl":"https:\/\/strangercam.com\/wp-content\/uploads\/2020\/11\/cropped-new-favicon-black.png","width":512,"height":512,"caption":"Strangercam"},"image":{"@id":"https:\/\/strangercam.com\/#\/schema\/logo\/image\/"},"sameAs":["https:\/\/www.facebook.com\/strangercam","https:\/\/x.com\/strangercamapp"]}]}},"_links":{"self":[{"href":"https:\/\/strangercam.com\/pl\/wp-json\/wp\/v2\/pages\/12836","targetHints":{"allow":["GET"]}}],"collection":[{"href":"https:\/\/strangercam.com\/pl\/wp-json\/wp\/v2\/pages"}],"about":[{"href":"https:\/\/strangercam.com\/pl\/wp-json\/wp\/v2\/types\/page"}],"author":[{"embeddable":true,"href":"https:\/\/strangercam.com\/pl\/wp-json\/wp\/v2\/users\/6"}],"replies":[{"embeddable":true,"href":"https:\/\/strangercam.com\/pl\/wp-json\/wp\/v2\/comments?post=12836"}],"version-history":[{"count":1,"href":"https:\/\/strangercam.com\/pl\/wp-json\/wp\/v2\/pages\/12836\/revisions"}],"predecessor-version":[{"id":12837,"href":"https:\/\/strangercam.com\/pl\/wp-json\/wp\/v2\/pages\/12836\/revisions\/12837"}],"wp:attachment":[{"href":"https:\/\/strangercam.com\/pl\/wp-json\/wp\/v2\/media?parent=12836"}],"curies":[{"name":"wp","href":"https:\/\/api.w.org\/{rel}","templated":true}]}}