{"id":12832,"date":"2025-05-14T09:23:52","date_gmt":"2025-05-14T07:23:52","guid":{"rendered":"https:\/\/strangercam.com\/?page_id=12832"},"modified":"2025-05-14T09:28:47","modified_gmt":"2025-05-14T07:28:47","slug":"hiyak","status":"publish","type":"page","link":"https:\/\/strangercam.com\/pl\/hiyak\/","title":{"rendered":"Hiyak"},"content":{"rendered":"<p>\u015awiat losowych materia\u0142\u00f3w wideo <a href=\"https:\/\/strangercam.com\/pl\/chathub\/\">czat<\/a> Platformy nieustannie ewoluuj\u0105. Od czas\u00f3w dzikiego zachodu na pocz\u0105tku <a href=\"https:\/\/strangercam.com\/pl\/omegle\/\">Omegle<\/a> od bardziej dopracowanych do\u015bwiadcze\u0144 oferowanych przez aplikacje takie jak Chatspin i Emerald Chat, u\u017cytkownicy zawsze szukaj\u0105 czego\u015b, co zapewnia w\u0142a\u015bciw\u0105 r\u00f3wnowag\u0119 mi\u0119dzy spontaniczno\u015bci\u0105, kontrol\u0105 u\u017cytkownika i bezpiecze\u0144stwem.<\/p>\n<p>Wejd\u017a na Hiyak - stosunkowo now\u0105 nazw\u0119 na scenie, kt\u00f3ra obiecuje szybkie, zabawne i anonimowe czaty wideo z nieznajomymi na ca\u0142ym \u015bwiecie. Ale czy spe\u0142nia sw\u00f3j potencja\u0142? I jak wypada w por\u00f3wnaniu z innymi platformami czat\u00f3w wideo w 2025 roku?<\/p>\n<p>W tej szczeg\u00f3\u0142owej recenzji badamy, co oferuje Hiyak, jak dzia\u0142a, dla kogo jest przeznaczony i czy warto po\u015bwi\u0119ci\u0107 czas, je\u015bli chcesz pozna\u0107 nowych ludzi online za po\u015brednictwem wideo na \u017cywo.<\/p>\n<h2>Co to jest Hiyak?<\/h2>\n<p>Hiyak to darmowa, oparta na przegl\u0105darce platforma losowych czat\u00f3w wideo, kt\u00f3ra natychmiast \u0142\u0105czy u\u017cytkownik\u00f3w z nieznajomymi w celu prowadzenia rozm\u00f3w jeden na jednego. Opiera si\u0119 na tej samej podstawowej koncepcji, co Omegle lub <a href=\"https:\/\/strangercam.com\/pl\/chatroulette\/\">Chatroulette<\/a> - Naci\u015bnij przycisk i po\u0142\u0105cz si\u0119 z kim\u015b nowym, anonimowo i natychmiast.<\/p>\n<p>To, co wyr\u00f3\u017cnia Hiyak, to czysty, minimalistyczny interfejs, solidne wsparcie mobilne oraz zauwa\u017calny wysi\u0142ek w kierunku moderacji i bezpiecze\u0144stwa u\u017cytkownik\u00f3w. Platforma nie stara si\u0119 by\u0107 sieci\u0105 spo\u0142eczno\u015bciow\u0105 ani aplikacj\u0105 randkow\u0105; chodzi o przelotne, przypadkowe spotkania - czyste i proste.<\/p>\n<p>Niezale\u017cnie od tego, czy jeste\u015b tam, aby rozmawia\u0107, flirtowa\u0107, \u0107wiczy\u0107 nowy j\u0119zyk, czy po prostu <a href=\"https:\/\/strangercam.com\/pl\/coomeet\/\">spotkanie<\/a> Kto\u015b nowy, Hiyak ma na celu zapewnienie natychmiastowego kontaktu mi\u0119dzyludzkiego przy jak najmniejszym tarciu.<\/p>\n<h2>Jaki jest cel Hiyak?<\/h2>\n<p>G\u0142\u00f3wnym celem Hiyak jest tworzenie szybkich, anonimowych interakcji wideo twarz\u0105 w twarz mi\u0119dzy nieznajomymi, bez konieczno\u015bci rejestracji, pobierania lub podawania danych osobowych. Zosta\u0142 zaprojektowany tak, aby by\u0142 lekki, dost\u0119pny i niefiltrowany - przemawiaj\u0105c do ludzi, kt\u00f3rzy t\u0119skni\u0105 za spontaniczno\u015bci\u0105 starszych platform czatowych, ale chc\u0105 nieco bardziej nowoczesnej i bezpieczniejszej wersji.<\/p>\n<p>Jest przeznaczony dla:<\/p>\n<ul>\n<li>Przypadkowi u\u017cytkownicy szukaj\u0105cy okazji do kr\u00f3tkich rozm\u00f3w z nieznajomymi<\/li>\n<li>Ludzie, kt\u00f3rzy chc\u0105 flirtowa\u0107 lub nawi\u0105zywa\u0107 znajomo\u015bci bez dzielenia si\u0119 swoj\u0105 to\u017csamo\u015bci\u0105.<\/li>\n<li>Fani spontanicznych, niezaplanowanych spotka\u0144 towarzyskich<\/li>\n<li>Ka\u017cdy zm\u0119czony wyselekcjonowanymi mediami spo\u0142eczno\u015bciowymi i pragn\u0105cy interakcji w czasie rzeczywistym<\/li>\n<\/ul>\n<h2>Kluczowe cechy<\/h2>\n<p>1. Losowy czat wideo jeden na jednego<br \/>\nG\u0142\u00f3wn\u0105 cech\u0105 Hiyak jest system natychmiastowego dopasowywania. Gdy tylko wyl\u0105dujesz na stronie g\u0142\u00f3wnej, jedno dotkni\u0119cie przycisku \"Start\" po\u0142\u0105czy Ci\u0119 z przypadkowym nieznajomym za po\u015brednictwem kamery internetowej. Ka\u017cda sesja jest prywatna, a ka\u017cda ze stron mo\u017ce roz\u0142\u0105czy\u0107 si\u0119 w dowolnym momencie, aby rozpocz\u0105\u0107 nowy czat.<\/p>\n<p>2. Rejestracja nie jest wymagana<br \/>\nNie ma \u017cadnych kont, nazw u\u017cytkownik\u00f3w ani rejestracji e-mail. Po prostu odwiedzasz stron\u0119 i zaczynasz czatowa\u0107. Ta anonimowo\u015b\u0107 jest du\u017c\u0105 zalet\u0105 dla u\u017cytkownik\u00f3w, kt\u00f3rzy nie chc\u0105 udost\u0119pnia\u0107 danych osobowych ani zak\u0142ada\u0107 profilu.<\/p>\n<p>3. Integracja czatu tekstowego<br \/>\nOpr\u00f3cz wideo, Hiyak oferuje r\u00f3wnie\u017c czat tekstowy podczas ka\u017cdej sesji. Jest to szczeg\u00f3lnie przydatne dla u\u017cytkownik\u00f3w, kt\u00f3rzy wol\u0105 pocz\u0105tkowo pisa\u0107 lub dla tych, kt\u00f3rzy napotykaj\u0105 bariery j\u0119zykowe lub problemy techniczne z mikrofonem lub kamer\u0105.<\/p>\n<p>4. Filtry p\u0142ci i lokalizacji (ograniczone)<br \/>\nChocia\u017c Hiyak nie oferuje zaawansowanego filtrowania, zapewnia podstawowe opcje wyboru preferowanej p\u0142ci i kraju. Filtry te s\u0105 dost\u0119pne w darmowej wersji, ale nie zawsze s\u0105 dok\u0142adne lub sp\u00f3jne ze wzgl\u0119du na anonimowy charakter platformy.<\/p>\n<p>5. Obs\u0142uga przegl\u0105darek mobilnych<br \/>\nHiyak dzia\u0142a p\u0142ynnie na przegl\u0105darkach mobilnych, oferuj\u0105c pe\u0142ne wra\u017cenia z czatu wideo na smartfonach i tabletach. Nie jest wymagana \u017cadna aplikacja, co oznacza mniejsze tarcia i szybszy dost\u0119p, zw\u0142aszcza dla nowych u\u017cytkownik\u00f3w.<\/p>\n<p>6. Czysty i minimalistyczny interfejs<br \/>\nInterfejs jest ograniczony do najwa\u017cniejszych element\u00f3w. Du\u017ce okno wideo, podstawowe elementy steruj\u0105ce (start, stop, nast\u0119pny, wycisz) i ma\u0142y obszar czatu tekstowego. Nie ma \u017cadnych reklam za\u015bmiecaj\u0105cych ekran, \u017cadnych wyskakuj\u0105cych okienek ani myl\u0105cych menu - jest tylko podstawowa obs\u0142uga czatu.<\/p>\n<p>7. Narz\u0119dzia do raportowania i blokowania<br \/>\nU\u017cytkownicy mog\u0105 zg\u0142asza\u0107 nieodpowiednie zachowanie lub blokowa\u0107 okre\u015blonych u\u017cytkownik\u00f3w za pomoc\u0105 jednego klikni\u0119cia. Chocia\u017c moderacja jest nadal w du\u017cej mierze oparta na spo\u0142eczno\u015bci, platforma powa\u017cnie traktuje raporty i zakazuje powtarzaj\u0105cych si\u0119 przest\u0119pstw, aby \u015brodowisko by\u0142o czystsze ni\u017c konkurenci, tacy jak Omegle.<\/p>\n<p>8. Bez pobierania, bez logowania, bez zamieszania<br \/>\nCa\u0142a platforma jest oparta na przegl\u0105darce i dzia\u0142a bez konieczno\u015bci instalowania czegokolwiek lub tworzenia profilu. Ta prostota jest g\u0142\u00f3wnym punktem sprzeda\u017cy.<\/p>\n<h2>Czy Hiyak jest wolny?<\/h2>\n<p>Tak, Hiyak jest 100% darmowy w u\u017cyciu. S\u0105:<\/p>\n<ul>\n<li>Brak op\u0142at za rejestracj\u0119<\/li>\n<li>Brak paywalli lub modelu freemium<\/li>\n<li>Brak systemu kredyt\u00f3w lub token\u00f3w premium<\/li>\n<\/ul>\n<p>Wszystkie funkcje - w tym czat wideo, czat tekstowy i podstawowe filtry - s\u0105 dost\u0119pne od momentu otwarcia witryny. Model monetyzacji, je\u015bli w og\u00f3le istnieje, jest niewielki i mo\u017ce obejmowa\u0107 dyskretne reklamy w przysz\u0142o\u015bci, ale w chwili pisania tego tekstu do\u015bwiadczenie pozostaje wolne od reklam.<\/p>\n<h2>Kto u\u017cywa Hiyak?<\/h2>\n<p>Hiyak przyci\u0105ga szerok\u0105, mi\u0119dzynarodow\u0105 baz\u0119 u\u017cytkownik\u00f3w, ale jest szczeg\u00f3lnie popularny w\u015br\u00f3d nich:<\/p>\n<ul>\n<li>M\u0142odzi doro\u015bli (18-30), kt\u00f3rzy lubi\u0105 przypadkowe rozmowy wideo<\/li>\n<li>Ludzie z USA, Wielkiej Brytanii, Indii, Brazylii i Europy Zachodniej<\/li>\n<li>U\u017cytkownicy szukaj\u0105cy niezobowi\u0105zuj\u0105cego flirtu, przyja\u017ani online lub po prostu zabawnych pogaw\u0119dek z nieznajomymi.<\/li>\n<\/ul>\n<p>Platforma ma publiczno\u015b\u0107 z\u0142o\u017con\u0105 g\u0142\u00f3wnie z m\u0119\u017cczyzn, co jest typowe w przestrzeni losowych czat\u00f3w wideo. Niemniej jednak, nier\u00f3wnowaga p\u0142ci jest mniej zauwa\u017calna w godzinach szczytu, gdy wi\u0119cej u\u017cytkownik\u00f3w jest online.<\/p>\n<p>Hiyak nie ma wbudowanej warstwy spo\u0142eczno\u015bciowej ani systemu \u015bledzenia, wi\u0119c nie ma influencer\u00f3w, streamer\u00f3w ani tw\u00f3rc\u00f3w tre\u015bci. Us\u0142uga jest ca\u0142kowicie anonimowa i dzia\u0142a na zasadzie peer-to-peer, dzi\u0119ki czemu do\u015bwiadczenie jest spontaniczne i wolne od zak\u0142\u00f3ce\u0144.<\/p>\n<h2>Bezpiecze\u0144stwo, prywatno\u015b\u0107 i moderacja<\/h2>\n<p>Hiyak stosuje podstawowe, ale skuteczne \u015brodki w celu ochrony u\u017cytkownik\u00f3w i zminimalizowania nadu\u017cy\u0107:<\/p>\n<ul>\n<li>Anonimowo\u015b\u0107 z za\u0142o\u017cenia: Brak kont u\u017cytkownik\u00f3w lub gromadzenia danych osobowych.<\/li>\n<li>Ca\u0142kowite roz\u0142\u0105czenie: Mo\u017cesz opu\u015bci\u0107 czat natychmiast i bez wyja\u015bnie\u0144.<\/li>\n<li>Narz\u0119dzia do raportowania i blokowania: Proste w u\u017cyciu i skuteczne w ograniczaniu z\u0142ych aktor\u00f3w.<\/li>\n<li>Moderacja tre\u015bci: Narz\u0119dzia sztucznej inteligencji s\u0105 wykorzystywane do oznaczania nago\u015bci i obra\u017aliwych zachowa\u0144 w czasie rzeczywistym, cho\u0107 ich egzekwowanie nie zawsze jest doskona\u0142e.<\/li>\n<li>Brak przechowywania rozm\u00f3w: Czaty nie s\u0105 nagrywane ani przechowywane przez platform\u0119.<\/li>\n<\/ul>\n<p>Jednak, podobnie jak w przypadku ka\u017cdej otwartej platformy czatu wideo, istnieje ryzyko nieodpowiednich tre\u015bci lub zachowa\u0144, zw\u0142aszcza gdy nie jest wymagane logowanie. U\u017cytkownicy powinni:<\/p>\n<ul>\n<li>Unikaj udost\u0119pniania danych osobowych<\/li>\n<li>Korzystanie z platformy w miejscach publicznych lub w bezpiecznych godzinach.<\/li>\n<li>Opu\u015b\u0107 czat, na kt\u00f3rym czujesz si\u0119 niekomfortowo<\/li>\n<\/ul>\n<p>Hiyak najlepiej nadaje si\u0119 dla dojrza\u0142ych u\u017cytkownik\u00f3w, kt\u00f3rzy rozumiej\u0105 zalety i wady anonimowych platform.<\/p>\n<h2>Do\u015bwiadczenie u\u017cytkownika i projektowanie<\/h2>\n<p>Jedn\u0105 z najwi\u0119kszych zalet Hiyak jest skupienie si\u0119 na prostocie i szybko\u015bci. Interfejs u\u017cytkownika jest nowoczesny, responsywny i zoptymalizowany zar\u00f3wno pod k\u0105tem komputer\u00f3w stacjonarnych, jak i urz\u0105dze\u0144 mobilnych. Szybko si\u0119 \u0142aduje, a jako\u015b\u0107 wideo jest og\u00f3lnie stabilna, pod warunkiem, \u017ce masz przyzwoite po\u0142\u0105czenie.<\/p>\n<p>Minimalistyczny design pozwala u\u017cytkownikom od razu przej\u015b\u0107 do czatu bez rozpraszania uwagi. Okna wideo s\u0105 du\u017ce, elementy steruj\u0105ce intuicyjne, a op\u00f3\u017anienia niskie. Mo\u017cna powiedzie\u0107, \u017ce platforma zosta\u0142a zbudowana z my\u015bl\u0105 o u\u017cyteczno\u015bci.<\/p>\n<p>Nie ma \u017cadnych:<\/p>\n<ul>\n<li>Zagracone menu<\/li>\n<li>Reklamy pe\u0142noekranowe<\/li>\n<li>Niepotrzebne wyskakuj\u0105ce okienka<\/li>\n<li>Kana\u0142y spo\u0142eczno\u015bciowe rozpraszaj\u0105 uwag\u0119<\/li>\n<\/ul>\n<p>Zamiast tego do\u015bwiadczenie jest czyste, natychmiastowe i stworzone z my\u015bl\u0105 o rozmowie.<\/p>\n<h2>Hiyak vs inne platformy czatu<\/h2>\n<p>Jak Hiyak wypada na tle konkurencji? Oto zestawienie:<\/p>\n<table>\n<thead>\n<tr>\n<th>Cecha<\/th>\n<th>Hiyak<\/th>\n<th>Omegle<\/th>\n<th>Chatroulette<\/th>\n<th>Chatspin<\/th>\n<th>Emerald Chat<\/th>\n<\/tr>\n<\/thead>\n<tbody>\n<tr>\n<td>Losowy czat wideo<\/td>\n<td>Tak<\/td>\n<td>Tak<\/td>\n<td>Tak<\/td>\n<td>Tak<\/td>\n<td>Tak<\/td>\n<\/tr>\n<tr>\n<td>Opcja czatu tekstowego<\/td>\n<td>Tak<\/td>\n<td>Tak<\/td>\n<td>Nie<\/td>\n<td>Tak<\/td>\n<td>Tak<\/td>\n<\/tr>\n<tr>\n<td>Wymagana rejestracja<\/td>\n<td>Nie<\/td>\n<td>Nie<\/td>\n<td>Nie<\/td>\n<td>Opcjonalnie<\/td>\n<td>Tak<\/td>\n<\/tr>\n<tr>\n<td>Przyjazny dla urz\u0105dze\u0144 mobilnych<\/td>\n<td>Tak<\/td>\n<td>Umiarkowany<\/td>\n<td>S\u0142aby<\/td>\n<td>Doskona\u0142y<\/td>\n<td>Dobry<\/td>\n<\/tr>\n<tr>\n<td>Filtry (p\u0142e\u0107\/region)<\/td>\n<td>Podstawowy<\/td>\n<td>P\u0142atne<\/td>\n<td>Nie<\/td>\n<td>P\u0142atne<\/td>\n<td>Tak<\/td>\n<\/tr>\n<tr>\n<td>Narz\u0119dzia moderacji<\/td>\n<td>Dobry<\/td>\n<td>Minimalny<\/td>\n<td>Minimalny<\/td>\n<td>Umiarkowany<\/td>\n<td>Silny<\/td>\n<\/tr>\n<tr>\n<td>Reklamy lub do\u0142adowania premium<\/td>\n<td>Brak<\/td>\n<td>Brak<\/td>\n<td>Brak<\/td>\n<td>Tak<\/td>\n<td>Tak<\/td>\n<\/tr>\n<\/tbody>\n<\/table>\n<p>Podsumowanie: Hiyak oferuje p\u0142ynniejsze, bezpieczniejsze i czystsze wra\u017cenia ni\u017c Omegle lub Chatroulette, zachowuj\u0105c jednocze\u015bnie \u0142atwo\u015b\u0107 dost\u0119pu, kt\u00f3r\u0105 u\u017cytkownicy uwielbiaj\u0105. Brakuje mu funkcji spo\u0142eczno\u015bciowych Emerald Chat lub mocy filtrowania Chatspin Premium, ale zapewnia to, co si\u0119 liczy - szybki i przyjemny czat wideo.<\/p>\n<h2>Plusy i minusy<\/h2>\n<p>Plusy:<\/p>\n<ul>\n<li>Ca\u0142kowicie za darmo i anonimowo<\/li>\n<li>Szybka i \u0142atwa obs\u0142uga bez rejestracji<\/li>\n<li>Przejrzysty i przyjazny dla urz\u0105dze\u0144 mobilnych interfejs<\/li>\n<li>Lepsza moderacja ni\u017c w przypadku wi\u0119kszo\u015bci anonimowych platform<\/li>\n<li>Dzia\u0142a natychmiast w przegl\u0105darce<\/li>\n<\/ul>\n<p>Wady:<\/p>\n<ul>\n<li>Wci\u0105\u017c sporadyczne nieodpowiednie tre\u015bci<\/li>\n<li>Brak g\u0142\u0119bokiego filtrowania lub zaawansowanych ustawie\u0144 dopasowania<\/li>\n<li>Brak czatu grupowego lub funkcji spo\u0142eczno\u015bciowych<\/li>\n<li>Brak r\u00f3wnowagi p\u0142ci, zw\u0142aszcza poza godzinami szczytu<\/li>\n<li>Brak wersji aplikacji (tylko przegl\u0105darka)<\/li>\n<\/ul>\n<h2>Idealne przypadki u\u017cycia<\/h2>\n<p>Hiyak jest \u015bwietny dla:<\/p>\n<ul>\n<li>Osoby szukaj\u0105ce spontanicznych rozm\u00f3w z nieznajomymi<\/li>\n<li>U\u017cytkownicy, kt\u00f3rzy chc\u0105 lekkiej alternatywy dla Omegle<\/li>\n<li>Przypadkowe rozmowy, flirtowanie lub \u0107wiczenie umiej\u0119tno\u015bci j\u0119zykowych<\/li>\n<li>U\u017cytkownicy mobilni, kt\u00f3rzy chc\u0105 natychmiast <a href=\"https:\/\/strangercam.com\/pl\/bazoocam\/\">krzywka<\/a> czat bez instalowania aplikacji<\/li>\n<\/ul>\n<p>Nie jest to idealne rozwi\u0105zanie:<\/p>\n<ul>\n<li>U\u017cytkownicy szukaj\u0105cy d\u0142ugoterminowych znajomo\u015bci lub randek<\/li>\n<li>Ci, kt\u00f3rzy chc\u0105 obserwowa\u0107 lub \u015bledzi\u0107 okre\u015blonych u\u017cytkownik\u00f3w<\/li>\n<li>Tw\u00f3rcy szukaj\u0105cy odbiorc\u00f3w lub buduj\u0105cy profil<\/li>\n<li>Osoby czuj\u0105ce si\u0119 niekomfortowo z okazjonalnymi tre\u015bciami dla doros\u0142ych<\/li>\n<\/ul>\n<h2>Werdykt ko\u0144cowy<\/h2>\n<p>Hiyak to prosta, niezawodna i zabawna platforma do losowych czat\u00f3w wideo, kt\u00f3ra robi dok\u0142adnie to, co obiecuje - i nic wi\u0119cej. Nie komplikuje nadmiernie do\u015bwiadczenia z kontami, profilami ani mechanikami spo\u0142eczno\u015bciowymi. Zamiast tego opiera si\u0119 na podstawowej idei czatu cam-to-cam: spontanicznych, anonimowych rozmowach w czasie rzeczywistym z lud\u017ami z ca\u0142ego \u015bwiata.<\/p>\n<p>W przestrzeni wype\u0142nionej rozd\u0119tymi aplikacjami i s\u0142abo moderowanymi na\u015bladowcami, Hiyak wyr\u00f3\u017cnia si\u0119 przejrzysto\u015bci\u0105, szybko\u015bci\u0105 i bezsensownym wykonaniem. By\u0107 mo\u017ce nie ma wszystkich dzwonk\u00f3w i gwizdk\u00f3w, ale zapewnia odpowiednie do\u015bwiadczenie - i to w\u0142a\u015bnie sprawia, \u017ce warto go u\u017cywa\u0107 w 2025 roku.<\/p>\n<p>Je\u015bli szukasz \u0142atwej, darmowej i nowoczesnej alternatywy dla Omegle, Hiyak jest absolutnie warty wypr\u00f3bowania.<\/p>","protected":false},"excerpt":{"rendered":"<p>The world of random video chat platforms is constantly evolving. From the wild west days of early Omegle to the more polished experiences offered by apps like Chatspin and Emerald Chat, users are always on the hunt for something that strikes the right balance between spontaneity, user control, and safety. Enter Hiyak \u2014 a relatively [&hellip;]<\/p>\n","protected":false},"author":6,"featured_media":0,"parent":0,"menu_order":0,"comment_status":"closed","ping_status":"closed","template":"","meta":{"footnotes":""},"class_list":["post-12832","page","type-page","status-publish","hentry"],"yoast_head":"<!-- This site is optimized with the Yoast SEO plugin v27.4 - https:\/\/yoast.com\/product\/yoast-seo-wordpress\/ -->\n<title>Hiyak - Random Video Calls on StrangerCam.com<\/title>\n<meta name=\"description\" content=\"Like Hiyak? Come chat with more than 5.000.000 strangers on Stranger Cam for Free! Turn on your cam and find new friends &amp; maby a match!\" \/>\n<meta name=\"robots\" content=\"index, follow, max-snippet:-1, max-image-preview:large, max-video-preview:-1\" \/>\n<link rel=\"canonical\" href=\"https:\/\/strangercam.com\/pl\/hiyak\/\" \/>\n<meta property=\"og:locale\" content=\"pl_PL\" \/>\n<meta property=\"og:type\" content=\"article\" \/>\n<meta property=\"og:title\" content=\"Hiyak - Random Video Calls on StrangerCam.com\" \/>\n<meta property=\"og:description\" content=\"Like Hiyak? Come chat with more than 5.000.000 strangers on Stranger Cam for Free! Turn on your cam and find new friends &amp; maby a match!\" \/>\n<meta property=\"og:url\" content=\"https:\/\/strangercam.com\/pl\/hiyak\/\" \/>\n<meta property=\"og:site_name\" content=\"Strangercam\" \/>\n<meta property=\"article:publisher\" content=\"https:\/\/www.facebook.com\/strangercam\" \/>\n<meta property=\"article:modified_time\" content=\"2025-05-14T07:28:47+00:00\" \/>\n<meta property=\"og:image\" content=\"https:\/\/strangercam.com\/wp-content\/uploads\/2021\/10\/Untitled-2.png\" \/>\n\t<meta property=\"og:image:width\" content=\"800\" \/>\n\t<meta property=\"og:image:height\" content=\"532\" \/>\n\t<meta property=\"og:image:type\" content=\"image\/png\" \/>\n<meta name=\"twitter:card\" content=\"summary_large_image\" \/>\n<meta name=\"twitter:site\" content=\"@strangercamapp\" \/>\n<meta name=\"twitter:label1\" content=\"Szacowany czas czytania\" \/>\n\t<meta name=\"twitter:data1\" content=\"7 minut\" \/>\n<script type=\"application\/ld+json\" class=\"yoast-schema-graph\">{\"@context\":\"https:\\\/\\\/schema.org\",\"@graph\":[{\"@type\":\"WebPage\",\"@id\":\"https:\\\/\\\/strangercam.com\\\/hiyak\\\/\",\"url\":\"https:\\\/\\\/strangercam.com\\\/hiyak\\\/\",\"name\":\"Hiyak - Random Video Calls on StrangerCam.com\",\"isPartOf\":{\"@id\":\"https:\\\/\\\/strangercam.com\\\/#website\"},\"datePublished\":\"2025-05-14T07:23:52+00:00\",\"dateModified\":\"2025-05-14T07:28:47+00:00\",\"description\":\"Like Hiyak? Come chat with more than 5.000.000 strangers on Stranger Cam for Free! Turn on your cam and find new friends & maby a match!\",\"breadcrumb\":{\"@id\":\"https:\\\/\\\/strangercam.com\\\/hiyak\\\/#breadcrumb\"},\"inLanguage\":\"pl-PL\",\"potentialAction\":[{\"@type\":\"ReadAction\",\"target\":[\"https:\\\/\\\/strangercam.com\\\/hiyak\\\/\"]}]},{\"@type\":\"BreadcrumbList\",\"@id\":\"https:\\\/\\\/strangercam.com\\\/hiyak\\\/#breadcrumb\",\"itemListElement\":[{\"@type\":\"ListItem\",\"position\":1,\"name\":\"Home\",\"item\":\"https:\\\/\\\/strangercam.com\\\/\"},{\"@type\":\"ListItem\",\"position\":2,\"name\":\"Hiyak\"}]},{\"@type\":\"WebSite\",\"@id\":\"https:\\\/\\\/strangercam.com\\\/#website\",\"url\":\"https:\\\/\\\/strangercam.com\\\/\",\"name\":\"Strangercam\",\"description\":\"Random Video Chat with Strangers\",\"publisher\":{\"@id\":\"https:\\\/\\\/strangercam.com\\\/#organization\"},\"alternateName\":\"Strangercam.com\",\"potentialAction\":[{\"@type\":\"SearchAction\",\"target\":{\"@type\":\"EntryPoint\",\"urlTemplate\":\"https:\\\/\\\/strangercam.com\\\/?s={search_term_string}\"},\"query-input\":{\"@type\":\"PropertyValueSpecification\",\"valueRequired\":true,\"valueName\":\"search_term_string\"}}],\"inLanguage\":\"pl-PL\"},{\"@type\":\"Organization\",\"@id\":\"https:\\\/\\\/strangercam.com\\\/#organization\",\"name\":\"Strangercam\",\"alternateName\":\"Strangercam.com\",\"url\":\"https:\\\/\\\/strangercam.com\\\/\",\"logo\":{\"@type\":\"ImageObject\",\"inLanguage\":\"pl-PL\",\"@id\":\"https:\\\/\\\/strangercam.com\\\/#\\\/schema\\\/logo\\\/image\\\/\",\"url\":\"https:\\\/\\\/strangercam.com\\\/wp-content\\\/uploads\\\/2020\\\/11\\\/cropped-new-favicon-black.png\",\"contentUrl\":\"https:\\\/\\\/strangercam.com\\\/wp-content\\\/uploads\\\/2020\\\/11\\\/cropped-new-favicon-black.png\",\"width\":512,\"height\":512,\"caption\":\"Strangercam\"},\"image\":{\"@id\":\"https:\\\/\\\/strangercam.com\\\/#\\\/schema\\\/logo\\\/image\\\/\"},\"sameAs\":[\"https:\\\/\\\/www.facebook.com\\\/strangercam\",\"https:\\\/\\\/x.com\\\/strangercamapp\"]}]}<\/script>\n<!-- \/ Yoast SEO plugin. -->","yoast_head_json":{"title":"Hiyak - Losowe rozmowy wideo na StrangerCam.com","description":"Jak Hiyak? Przyjd\u017a na czat z ponad 5.000.000 nieznajomych na Stranger Cam za darmo! W\u0142\u0105cz kamer\u0119 i znajd\u017a nowych przyjaci\u00f3\u0142 i mo\u017ce mecz!","robots":{"index":"index","follow":"follow","max-snippet":"max-snippet:-1","max-image-preview":"max-image-preview:large","max-video-preview":"max-video-preview:-1"},"canonical":"https:\/\/strangercam.com\/pl\/hiyak\/","og_locale":"pl_PL","og_type":"article","og_title":"Hiyak - Random Video Calls on StrangerCam.com","og_description":"Like Hiyak? Come chat with more than 5.000.000 strangers on Stranger Cam for Free! Turn on your cam and find new friends & maby a match!","og_url":"https:\/\/strangercam.com\/pl\/hiyak\/","og_site_name":"Strangercam","article_publisher":"https:\/\/www.facebook.com\/strangercam","article_modified_time":"2025-05-14T07:28:47+00:00","og_image":[{"width":800,"height":532,"url":"https:\/\/strangercam.com\/wp-content\/uploads\/2021\/10\/Untitled-2.png","type":"image\/png"}],"twitter_card":"summary_large_image","twitter_site":"@strangercamapp","twitter_misc":{"Szacowany czas czytania":"7 minut"},"schema":{"@context":"https:\/\/schema.org","@graph":[{"@type":"WebPage","@id":"https:\/\/strangercam.com\/hiyak\/","url":"https:\/\/strangercam.com\/hiyak\/","name":"Hiyak - Losowe rozmowy wideo na StrangerCam.com","isPartOf":{"@id":"https:\/\/strangercam.com\/#website"},"datePublished":"2025-05-14T07:23:52+00:00","dateModified":"2025-05-14T07:28:47+00:00","description":"Jak Hiyak? Przyjd\u017a na czat z ponad 5.000.000 nieznajomych na Stranger Cam za darmo! W\u0142\u0105cz kamer\u0119 i znajd\u017a nowych przyjaci\u00f3\u0142 i mo\u017ce mecz!","breadcrumb":{"@id":"https:\/\/strangercam.com\/hiyak\/#breadcrumb"},"inLanguage":"pl-PL","potentialAction":[{"@type":"ReadAction","target":["https:\/\/strangercam.com\/hiyak\/"]}]},{"@type":"BreadcrumbList","@id":"https:\/\/strangercam.com\/hiyak\/#breadcrumb","itemListElement":[{"@type":"ListItem","position":1,"name":"Home","item":"https:\/\/strangercam.com\/"},{"@type":"ListItem","position":2,"name":"Hiyak"}]},{"@type":"WebSite","@id":"https:\/\/strangercam.com\/#website","url":"https:\/\/strangercam.com\/","name":"Strangercam","description":"Losowy czat wideo z nieznajomymi","publisher":{"@id":"https:\/\/strangercam.com\/#organization"},"alternateName":"Strangercam.com","potentialAction":[{"@type":"SearchAction","target":{"@type":"EntryPoint","urlTemplate":"https:\/\/strangercam.com\/?s={search_term_string}"},"query-input":{"@type":"PropertyValueSpecification","valueRequired":true,"valueName":"search_term_string"}}],"inLanguage":"pl-PL"},{"@type":"Organization","@id":"https:\/\/strangercam.com\/#organization","name":"Strangercam","alternateName":"Strangercam.com","url":"https:\/\/strangercam.com\/","logo":{"@type":"ImageObject","inLanguage":"pl-PL","@id":"https:\/\/strangercam.com\/#\/schema\/logo\/image\/","url":"https:\/\/strangercam.com\/wp-content\/uploads\/2020\/11\/cropped-new-favicon-black.png","contentUrl":"https:\/\/strangercam.com\/wp-content\/uploads\/2020\/11\/cropped-new-favicon-black.png","width":512,"height":512,"caption":"Strangercam"},"image":{"@id":"https:\/\/strangercam.com\/#\/schema\/logo\/image\/"},"sameAs":["https:\/\/www.facebook.com\/strangercam","https:\/\/x.com\/strangercamapp"]}]}},"_links":{"self":[{"href":"https:\/\/strangercam.com\/pl\/wp-json\/wp\/v2\/pages\/12832","targetHints":{"allow":["GET"]}}],"collection":[{"href":"https:\/\/strangercam.com\/pl\/wp-json\/wp\/v2\/pages"}],"about":[{"href":"https:\/\/strangercam.com\/pl\/wp-json\/wp\/v2\/types\/page"}],"author":[{"embeddable":true,"href":"https:\/\/strangercam.com\/pl\/wp-json\/wp\/v2\/users\/6"}],"replies":[{"embeddable":true,"href":"https:\/\/strangercam.com\/pl\/wp-json\/wp\/v2\/comments?post=12832"}],"version-history":[{"count":1,"href":"https:\/\/strangercam.com\/pl\/wp-json\/wp\/v2\/pages\/12832\/revisions"}],"predecessor-version":[{"id":12834,"href":"https:\/\/strangercam.com\/pl\/wp-json\/wp\/v2\/pages\/12832\/revisions\/12834"}],"wp:attachment":[{"href":"https:\/\/strangercam.com\/pl\/wp-json\/wp\/v2\/media?parent=12832"}],"curies":[{"name":"wp","href":"https:\/\/api.w.org\/{rel}","templated":true}]}}