{"id":12830,"date":"2025-05-14T09:17:21","date_gmt":"2025-05-14T07:17:21","guid":{"rendered":"https:\/\/strangercam.com\/?page_id=12830"},"modified":"2025-05-14T09:17:21","modified_gmt":"2025-05-14T07:17:21","slug":"yubo","status":"publish","type":"page","link":"https:\/\/strangercam.com\/pl\/yubo\/","title":{"rendered":"Yubo"},"content":{"rendered":"<p>Yubo jest opisywany przez wielu jako \"Tinder spotyka Snapchata\" z du\u017c\u0105 domieszk\u0105 transmisji na \u017cywo, Yubo jest dostosowany do m\u0142odszych u\u017cytkownik\u00f3w - szczeg\u00f3lnie pokolenia Z - kt\u00f3rzy chc\u0105 \u0142\u0105czy\u0107 si\u0119, streamowa\u0107 i nawi\u0105zywa\u0107 kontakty towarzyskie w czasie rzeczywistym z lud\u017ami z ca\u0142ego \u015bwiata.<\/p>\n<p>Niezale\u017cnie od tego, czy znasz j\u0105 jako Yubo, Yubo Live, czy yubo.live, platforma szybko sta\u0142a si\u0119 jedn\u0105 z wiod\u0105cych aplikacji spo\u0142eczno\u015bciowych na ca\u0142ym \u015bwiecie. Ale czy jest bezpieczna? Kto tak naprawd\u0119 z niej korzysta? I jak wypada w por\u00f3wnaniu z innymi platformami wideo? <a href=\"https:\/\/strangercam.com\/pl\/chathub\/\">czat<\/a> i transmisje na \u017cywo <a href=\"https:\/\/strangercam.com\/pl\/mocospace\/\">przestrze\u0144<\/a>?<\/p>\n<p>W tej pe\u0142nej recenzji om\u00f3wimy, czym jest Yubo, jakie funkcje oferuje, jak dzia\u0142a, dla kogo jest przeznaczony i czy warto po\u015bwi\u0119ci\u0107 mu czas w 2025 roku.<\/p>\n<h2>Czym jest Yubo?<\/h2>\n<p>Yubo to aplikacja do odkrywania spo\u0142eczno\u015bci i transmisji na \u017cywo przeznaczona dla m\u0142odych ludzi (g\u0142\u00f3wnie w wieku 13-25 lat) w celu <a href=\"https:\/\/strangercam.com\/pl\/coomeet\/\">spotkanie<\/a> nowych znajomych, do\u0142\u0105cza\u0107 do grupowych transmisji na \u017cywo i czatowa\u0107 za po\u015brednictwem tekstu lub wideo. Serwis wystartowa\u0142 w 2015 roku we Francji i od tego czasu sta\u0142 si\u0119 globalnym hitem, z ponad 60 milionami u\u017cytkownik\u00f3w w ponad 140 krajach.<\/p>\n<p>Wyj\u0105tkowo\u015b\u0107 Yubo polega na tym, \u017ce nie jest to aplikacja randkowa - cho\u0107 mo\u017ce sprawia\u0107 takie wra\u017cenie. Zamiast tego pozycjonuje si\u0119 jako platforma do nawi\u0105zywania znajomo\u015bci stworzona do nawi\u0105zywania kontakt\u00f3w w czasie rzeczywistym i anga\u017cowania spo\u0142eczno\u015bci. \u0141\u0105czy w sobie funkcje medi\u00f3w spo\u0142eczno\u015bciowych, wideo na \u017cywo i losowych dopasowa\u0144 w spos\u00f3b, kt\u00f3ry wydaje si\u0119 autentyczny i zabawny, szczeg\u00f3lnie dla pokolenia Z.<\/p>\n<h2>Jaki jest cel Yubo?<\/h2>\n<p>Celem Yubo jest sprawienie, by poznawanie nowych ludzi online by\u0142o naturalne, bezpieczne i przyjemne, bez presji polubie\u0144, obserwuj\u0105cych lub wyselekcjonowanych profili. Zamiast goni\u0107 za statusem influencera, Yubo zach\u0119ca u\u017cytkownik\u00f3w do bycia towarzyskimi w czasie rzeczywistym - pomy\u015bl o grupowych czatach wideo, swobodnych spotkaniach i przypadkowym przesuwaniu w celu odkrywania innych.<\/p>\n<p>Jego g\u0142\u00f3wnym celem jest interakcja oparta na przyja\u017ani, a nie randkowanie czy tworzenie tre\u015bci. To du\u017ca r\u00f3\u017cnica w por\u00f3wnaniu z platformami takimi jak TikTok czy Instagram, gdzie nacisk k\u0142adziony jest na wydajno\u015b\u0107 i widoczno\u015b\u0107. Na Yubo pokazujesz si\u0119 na \u017cywo, rozmawiasz i \u0142\u0105czysz si\u0119 - bez filtr\u00f3w, bez obserwuj\u0105cych, bez presji.<\/p>\n<p>Najlepiej nadaje si\u0119 do:<\/p>\n<ul>\n<li>Nastolatki i m\u0142odzi doro\u015bli chc\u0105cy poszerzy\u0107 sw\u00f3j kr\u0105g znajomych<\/li>\n<li>Osoby, kt\u00f3re lubi\u0105 transmisje na \u017cywo lub uczestnicz\u0105 w grupowych czatach wideo.<\/li>\n<li>U\u017cytkownicy, kt\u00f3rzy chc\u0105 prawdziwej konwersacji, a nie biernego przewijania.<\/li>\n<\/ul>\n<h2>Kluczowe cechy<\/h2>\n<p>1. Transmisja grupowa na \u017cywo<br \/>\nG\u0142\u00f3wn\u0105 funkcj\u0105 Yubo jest grupowa transmisja na \u017cywo. U\u017cytkownicy mog\u0105 transmitowa\u0107 na \u017cywo z maksymalnie 10 osobami na ekranie, podczas gdy inni mog\u0105 ogl\u0105da\u0107, komentowa\u0107 i prosi\u0107 o do\u0142\u0105czenie. Strumienie te s\u0105 swobodne - cz\u0119sto po prostu ludzie rozmawiaj\u0105, graj\u0105 muzyk\u0119 lub sp\u0119dzaj\u0105 czas.<\/p>\n<p>2. Przesu\u0144, aby pozna\u0107 przyjaci\u00f3\u0142<br \/>\nPodobnie jak aplikacje randkowe, Yubo wykorzystuje funkcj\u0119 przesuwania, aby pom\u00f3c u\u017cytkownikom odkrywa\u0107 nowe osoby. Przesu\u0144 w prawo, aby si\u0119 po\u0142\u0105czy\u0107, przesu\u0144 w lewo, aby odej\u015b\u0107. Ale w przeciwie\u0144stwie do Tindera, nie ma tu nacisku na randki. Celem jest rozpocz\u0119cie rozmowy, a nie budowanie romantycznego profilu.<\/p>\n<p>3. Czat i rozmowy wideo w czasie rzeczywistym<br \/>\nPo dopasowaniu si\u0119 do kogo\u015b mo\u017cna rozpocz\u0105\u0107 czat tekstowy lub prywatn\u0105 rozmow\u0119 wideo. Rozmowy te s\u0105 niezobowi\u0105zuj\u0105ce i cz\u0119sto prowadz\u0105 do d\u0142u\u017cszych interakcji lub zaprosze\u0144 do stream\u00f3w grupowych.<\/p>\n<p>4. Zainteresowania i dopasowywanie tag\u00f3w<br \/>\nYubo pozwala u\u017cytkownikom wybra\u0107 zainteresowania (np. moda, gry, anime, fitness, podr\u00f3\u017ce), kt\u00f3re pomagaj\u0105 dostosowa\u0107 ich swipe feed i rekomendacje. Ta niewielka warstwa dopasowania poprawia jako\u015b\u0107 po\u0142\u0105cze\u0144 i pomaga u\u017cytkownikom znale\u017a\u0107 podobnie my\u015bl\u0105ce osoby.<\/p>\n<p>5. Spo\u0142eczno\u015bci i strumienie tematyczne<br \/>\nU\u017cytkownicy mog\u0105 do\u0142\u0105cza\u0107 do spo\u0142eczno\u015bciowych transmisji na \u017cywo w oparciu o lokalizacj\u0119 lub zainteresowania. Pomy\u015bl o \"New York Teens Chat\", \"Anime Fans\" lub \"Study Room\" - te przestrzenie \u0142\u0105cz\u0105 u\u017cytkownik\u00f3w o wsp\u00f3lnych zainteresowaniach lub danych demograficznych w tematyczne spotkania.<\/p>\n<p>6. Yubo Power Pack (funkcje premium)<br \/>\nYubo oferuje zestaw p\u0142atnych funkcji, kt\u00f3re zwi\u0119kszaj\u0105 widoczno\u015b\u0107 i zasi\u0119g. Obejmuj\u0105 one:<\/p>\n<ul>\n<li>Wzmocnienia w celu promowania profilu<\/li>\n<li>Przewija, aby cofn\u0105\u0107 przesuni\u0119cie<\/li>\n<li>Spotlight pojawi si\u0119 w wi\u0119kszej liczbie kana\u0142\u00f3w<\/li>\n<li>Tryb Ghost Mode do przegl\u0105dania w niewidoczny spos\u00f3b<\/li>\n<\/ul>\n<p>7. Segmentacja oparta na wieku<br \/>\nYubo dzieli u\u017cytkownik\u00f3w na grupy wiekowe - 13-17 i 18+ - w celu ochrony nieletnich i zapewnienia interakcji odpowiednich do wieku. U\u017cytkownicy nie mog\u0105 wchodzi\u0107 w interakcje ponad tymi granicami wiekowymi, a moderacja jest \u015bci\u015blejsza w grupach nieletnich.<\/p>\n<p>8. Narz\u0119dzia bezpiecze\u0144stwa i moderacji<br \/>\nYubo wykorzystuje moderacj\u0119 opart\u0105 na sztucznej inteligencji, skanowanie tre\u015bci w czasie rzeczywistym, rozpoznawanie twarzy w celu weryfikacji wieku oraz narz\u0119dzia do raportowania spo\u0142eczno\u015bci w celu utrzymania bezpiecznego \u015brodowiska. Istnieje r\u00f3wnie\u017c ludzka moderacja dla transmisji na \u017cywo i wra\u017cliwych przypadk\u00f3w.<\/p>\n<p>9. Dostosowywanie profilu<br \/>\nU\u017cytkownicy mog\u0105 przesy\u0142a\u0107 zdj\u0119cia, dodawa\u0107 biografie i prezentowa\u0107 zainteresowania. Skupiaj\u0105 si\u0119 jednak na interakcji, a nie na budowaniu dopracowanej osobowo\u015bci online.<\/p>\n<h2>Czy Yubo jest darmowe?<\/h2>\n<p>Tak, Yubo mo\u017cna pobra\u0107 i u\u017cywa\u0107 za darmo, a wi\u0119kszo\u015b\u0107 podstawowych funkcji - takich jak przesuwanie, transmisje na \u017cywo i czat - jest dost\u0119pna bez \u017cadnych koszt\u00f3w. Aplikacja zarabia jednak na zakupach w aplikacji, takich jak:<\/p>\n<ul>\n<li>Yubo Power Pack (plany tygodniowe, miesi\u0119czne lub roczne)<\/li>\n<li>Wzmocnienia i wyr\u00f3\u017cnienia<\/li>\n<li>Pakiety Swipe i dodatki do personalizacji profilu<\/li>\n<\/ul>\n<p>Funkcje premium s\u0105 opcjonalne, ale mog\u0105 pom\u00f3c u\u017cytkownikom wyr\u00f3\u017cni\u0107 si\u0119 w zat\u0142oczonym \u015brodowisku aplikacji. Wi\u0119kszo\u015b\u0107 zwyk\u0142ych u\u017cytkownik\u00f3w nie b\u0119dzie musia\u0142a wydawa\u0107 pieni\u0119dzy, ale bardziej aktywni lub ambitni u\u017cytkownicy mog\u0105 zdecydowa\u0107 si\u0119 na ulepszenia.<\/p>\n<h2>Kto u\u017cywa Yubo?<\/h2>\n<p>Docelow\u0105 grup\u0105 demograficzn\u0105 Yubo jest pokolenie Z, w szczeg\u00f3lno\u015bci nastolatki i m\u0142odzi doro\u015bli w wieku od 13 do 25 lat. Nie jest przeznaczony dla starszych odbiorc\u00f3w i wymusza \u015bcis\u0142\u0105 segmentacj\u0119 wiekow\u0105, aby zapewni\u0107 bezpieczne interakcje w grupach r\u00f3wie\u015bniczych.<\/p>\n<p>Kluczowe dane demograficzne:<\/p>\n<ul>\n<li>Wiek: 13-25 lat<\/li>\n<li>P\u0142e\u0107: Do\u015b\u0107 zr\u00f3wnowa\u017cona, ale u\u017cytkownicy i prywatni czatuj\u0105cy s\u0105 nieco bardziej m\u0119scy.<\/li>\n<li>Lokalizacje: USA, Wielka Brytania, Kanada, Francja, Brazylia, Australia, Niemcy i Azja Po\u0142udniowo-Wschodnia<\/li>\n<\/ul>\n<p>Jest szczeg\u00f3lnie popularny w\u015br\u00f3d:<\/p>\n<ul>\n<li>Nastolatki szukaj\u0105ce nowych znajomo\u015bci poza szko\u0142\u0105 lub spo\u0142eczno\u015bci\u0105 lokaln\u0105<\/li>\n<li>M\u0142odzi doro\u015bli odkrywaj\u0105cy wideo spo\u0142eczno\u015bciowe jako alternatyw\u0119 dla aplikacji randkowych<\/li>\n<li>Tw\u00f3rcy, kt\u00f3rzy wol\u0105 interakcj\u0119 na \u017cywo od publikowania film\u00f3w<\/li>\n<\/ul>\n<h2>Bezpiecze\u0144stwo, prywatno\u015b\u0107 i moderacja<\/h2>\n<p>Yubo spotka\u0142o si\u0119 w przesz\u0142o\u015bci z krytyk\u0105 dotycz\u0105c\u0105 drobnych kwestii bezpiecze\u0144stwa i moderowania tre\u015bci. W odpowiedzi firma zainwestowa\u0142a znaczne \u015brodki w bezpiecze\u0144stwo u\u017cytkownik\u00f3w, w tym:<\/p>\n<ul>\n<li>Moderacja AI na \u017cywo: Yubo skanuje tekst, wideo i obrazy w czasie rzeczywistym, aby wykry\u0107 nieodpowiednie tre\u015bci.<\/li>\n<li>Rozpoznawanie twarzy: Wymagane do weryfikacji wieku, aby uniemo\u017cliwi\u0107 doros\u0142ym wej\u015bcie do stref przeznaczonych tylko dla nastolatk\u00f3w.<\/li>\n<li>Zg\u0142aszanie spo\u0142eczno\u015bci: U\u017cytkownicy mog\u0105 \u0142atwo zg\u0142asza\u0107 nieodpowiednie zachowanie, nago\u015b\u0107, n\u0119kanie lub fa\u0142szywe konta.<\/li>\n<li>Oddzielne grupy wiekowe: u\u017cytkownicy w wieku 13-17 lat nie mog\u0105 kontaktowa\u0107 si\u0119 z u\u017cytkownikami w wieku 18+.<\/li>\n<li>Zweryfikowane konta: U\u017cytkownicy mog\u0105 weryfikowa\u0107 swoj\u0105 to\u017csamo\u015b\u0107, aby budowa\u0107 zaufanie.<\/li>\n<\/ul>\n<p>Chocia\u017c \u017cadna platforma nie jest idealna, Yubo jest obecnie uwa\u017cane za jedn\u0105 z bezpieczniejszych aplikacji spo\u0142eczno\u015bciowych dla m\u0142odszych u\u017cytkownik\u00f3w, dzi\u0119ki proaktywnej moderacji i przejrzystym standardom spo\u0142eczno\u015bci. Rodzice powinni nadal monitorowa\u0107 m\u0142odsze nastolatki korzystaj\u0105ce z platformy, ale dla u\u017cytkownik\u00f3w powy\u017cej 18 roku \u017cycia do\u015bwiadczenie jest por\u00f3wnywalne z innymi popularnymi aplikacjami spo\u0142eczno\u015bciowymi.<\/p>\n<h2>Do\u015bwiadczenie u\u017cytkownika i interfejs<\/h2>\n<p>Interfejs Yubo jest przejrzysty, minimalistyczny i wyra\u017anie zaprojektowany do u\u017cytku mobilnego. Nawigacja jest intuicyjna, przesuwanie jest szybkie, a przej\u015bcie na \u017cywo zajmuje tylko kilka dotkni\u0119\u0107. Aplikacja koncentruje si\u0119 na po\u0142\u0105czeniach w czasie rzeczywistym, a nie na przegl\u0105daniu profili, co jest zgodne ze sposobem, w jaki pokolenie Z woli si\u0119 komunikowa\u0107.<\/p>\n<p>Kolorowe elementy wizualne, p\u0142ynne przej\u015bcia i zabawne ikony sprawiaj\u0105, \u017ce do\u015bwiadczenie jest wci\u0105gaj\u0105ce, ale nie przyt\u0142aczaj\u0105ce. Nie ma kana\u0142\u00f3w, historii ani nieko\u0144cz\u0105cych si\u0119 tre\u015bci do przewijania - wszystko prowadzi do interakcji na \u017cywo lub w czasie rzeczywistym.<\/p>\n<p>Nawet na wolniejszych urz\u0105dzeniach lub sieciach wydajno\u015b\u0107 jest solidna, cho\u0107 strumienie grupowe mog\u0105 wymaga\u0107 du\u017cej przepustowo\u015bci. Aplikacja jest dost\u0119pna na iOS i Androida, z ograniczon\u0105 funkcjonalno\u015bci\u0105 na komputerach stacjonarnych.<\/p>\n<h2>Yubo vs inne platformy<\/h2>\n<p>Zobaczmy, jak Yubo wypada na tle innych aplikacji spo\u0142eczno\u015bciowych i czat\u00f3w wideo na \u017cywo:<\/p>\n<table>\n<thead>\n<tr>\n<th>Cecha<\/th>\n<th>Yubo<\/th>\n<th>Bigo Live<\/th>\n<th>ChatMatch<\/th>\n<th><a href=\"https:\/\/strangercam.com\/pl\/omegle\/\">Omegle<\/a><\/th>\n<th>Snapchat<\/th>\n<\/tr>\n<\/thead>\n<tbody>\n<tr>\n<td>Transmisja na \u017cywo (grupa)<\/td>\n<td>Tak<\/td>\n<td>Tak<\/td>\n<td>Nie<\/td>\n<td>Nie<\/td>\n<td>Tak<\/td>\n<\/tr>\n<tr>\n<td>Segmentacja wiekowa<\/td>\n<td>Tak<\/td>\n<td>Nie<\/td>\n<td>Nie<\/td>\n<td>Nie<\/td>\n<td>Nie<\/td>\n<\/tr>\n<tr>\n<td>Przesu\u0144, aby dopasowa\u0107<\/td>\n<td>Tak<\/td>\n<td>Nie<\/td>\n<td>Tak<\/td>\n<td>Nie<\/td>\n<td>Nie<\/td>\n<\/tr>\n<tr>\n<td>Czat wideo 1 na 1<\/td>\n<td>Tak<\/td>\n<td>Tak<\/td>\n<td>Tak<\/td>\n<td>Tak<\/td>\n<td>Tak<\/td>\n<\/tr>\n<tr>\n<td>Spo\u0142eczno\u015bci i zainteresowania<\/td>\n<td>Tak<\/td>\n<td>Nie<\/td>\n<td>Cz\u0119\u015bciowy<\/td>\n<td>Nie<\/td>\n<td>Tak<\/td>\n<\/tr>\n<tr>\n<td>Umiarkowane bezpiecze\u0144stwo<\/td>\n<td>Silny<\/td>\n<td>Umiarkowany<\/td>\n<td>Umiarkowany<\/td>\n<td>S\u0142aby<\/td>\n<td>Umiarkowany<\/td>\n<\/tr>\n<tr>\n<td>Opcje monetyzacji<\/td>\n<td>Tak<\/td>\n<td>Tak<\/td>\n<td>Tak<\/td>\n<td>Nie<\/td>\n<td>Tak<\/td>\n<\/tr>\n<tr>\n<td>Docelowi odbiorcy<\/td>\n<td>Gen Z<\/td>\n<td>Og\u00f3lne<\/td>\n<td>18+ Single<\/td>\n<td>Og\u00f3lne<\/td>\n<td>Nastolatki i pokolenie Z<\/td>\n<\/tr>\n<\/tbody>\n<\/table>\n<h2>Plusy i minusy<\/h2>\n<p>Plusy:<\/p>\n<ul>\n<li>Zaprojektowany specjalnie dla pokolenia Z i m\u0142odych doros\u0142ych<\/li>\n<li>Transmisja na \u017cywo jest \u0142atwa i interaktywna<\/li>\n<li>Funkcja Swipe-to-match sprawia, \u017ce odkrywanie znajomych to \u015bwietna zabawa<\/li>\n<li>Silna moderacja i kontrola bezpiecze\u0144stwa wiekowego<\/li>\n<li>Dopasowanie zainteresowa\u0144 pomaga poprawi\u0107 jako\u015b\u0107 czatu<\/li>\n<li>Szybka, przejrzysta i mobilna obs\u0142uga<\/li>\n<\/ul>\n<p>Wady:<\/p>\n<ul>\n<li>Nie jest idealna dla u\u017cytkownik\u00f3w powy\u017cej 25 roku \u017cycia<\/li>\n<li>Niekt\u00f3re zakupy w aplikacji mog\u0105 wydawa\u0107 si\u0119 agresywne<\/li>\n<li>Wymaga rozpoznawania twarzy dla pe\u0142nego dost\u0119pu<\/li>\n<li>Niedost\u0119pne na komputerach stacjonarnych<\/li>\n<li>Sporadyczne niedojrza\u0142e zachowanie w pomieszczeniach publicznych<\/li>\n<\/ul>\n<h2>Idealne przypadki u\u017cycia<\/h2>\n<p>Yubo jest \u015bwietne dla:<\/p>\n<ul>\n<li>Nastolatki i m\u0142odzi doro\u015bli szukaj\u0105cy nowych znajomo\u015bci online<\/li>\n<li>U\u017cytkownicy, kt\u00f3rzy chc\u0105 swobodnych grupowych czat\u00f3w wideo i transmisji na \u017cywo pod nisk\u0105 presj\u0105.<\/li>\n<li>Towarzyscy odkrywcy, kt\u00f3rzy lubi\u0105 poznawa\u0107 ludzi z ca\u0142ego \u015bwiata<\/li>\n<li>Fani interakcji w czasie rzeczywistym nad tworzeniem tre\u015bci<\/li>\n<\/ul>\n<p>Yubo nie jest idealnym rozwi\u0105zaniem:<\/p>\n<ul>\n<li>Doro\u015bli spoza pokolenia Z<\/li>\n<li>U\u017cytkownicy poszukuj\u0105cy prywatnych, anonimowych czat\u00f3w wideo<\/li>\n<li>Osoby szukaj\u0105ce d\u0142ugich tre\u015bci lub wyselekcjonowanych kana\u0142\u00f3w spo\u0142eczno\u015bciowych<\/li>\n<\/ul>\n<h2>Werdykt ko\u0144cowy<\/h2>\n<p>Yubo to wyr\u00f3\u017cniaj\u0105ca si\u0119 aplikacja spo\u0142eczno\u015bciowa wideo dla pokolenia Z w 2025 roku. Oferuje ona \u015bwie\u017c\u0105 alternatyw\u0119 dla tradycyjnych medi\u00f3w spo\u0142eczno\u015bciowych, koncentruj\u0105c si\u0119 na interakcji w czasie rzeczywistym, po\u0142\u0105czeniach opartych na przyja\u017ani i zaanga\u017cowaniu grup na \u017cywo. Dzi\u0119ki silnej moderacji, segmentacji wiekowej i systemowi przesuwania w celu dopasowania, wydaje si\u0119, \u017ce jest to nowoczesna, bezpieczniejsza ewolucja aplikacji takich jak Omegle lub <a href=\"https:\/\/strangercam.com\/pl\/chatroulette\/\">Chatroulette<\/a>.<\/p>\n<p>Dla swoich docelowych odbiorc\u00f3w - m\u0142odych, towarzyskich i mobilnych - Yubo zapewnia dok\u0142adnie to, co obiecuje: zabawn\u0105, opart\u0105 na spo\u0142eczno\u015bci platform\u0119 do poznawania nowych ludzi i sp\u0119dzania czasu w czasie rzeczywistym.<\/p>\n<p>Je\u015bli masz od 13 do 25 lat i chcesz nawi\u0105za\u0107 kontakty towarzyskie poza swoim dotychczasowym kr\u0119giem, Yubo jest absolutnie warte sprawdzenia.<\/p>","protected":false},"excerpt":{"rendered":"<p>Yubo is described by many as \u201cTinder meets Snapchat\u201d with a heavy dash of livestreaming, Yubo is tailored for younger users \u2014 specifically Gen Z \u2014 who want to connect, stream, and socialize in real time with people from around the world. Whether you know it as Yubo, Yubo Live, or yubo.live, the platform has [&hellip;]<\/p>\n","protected":false},"author":6,"featured_media":0,"parent":0,"menu_order":0,"comment_status":"closed","ping_status":"closed","template":"","meta":{"footnotes":""},"class_list":["post-12830","page","type-page","status-publish","hentry"],"yoast_head":"<!-- This site is optimized with the Yoast SEO plugin v27.4 - https:\/\/yoast.com\/product\/yoast-seo-wordpress\/ -->\n<title>Yubo - Make new friends with chat on StrangerCam.com<\/title>\n<meta name=\"description\" content=\"Like Yubo? Come chat with more than 5.000.000 strangers on Stranger Cam for Free! Turn on your cam and find new friends &amp; maby a match!\" \/>\n<meta name=\"robots\" content=\"index, follow, max-snippet:-1, max-image-preview:large, max-video-preview:-1\" \/>\n<link rel=\"canonical\" href=\"https:\/\/strangercam.com\/pl\/yubo\/\" \/>\n<meta property=\"og:locale\" content=\"pl_PL\" \/>\n<meta property=\"og:type\" content=\"article\" \/>\n<meta property=\"og:title\" content=\"Yubo - Make new friends with chat on StrangerCam.com\" \/>\n<meta property=\"og:description\" content=\"Like Yubo? Come chat with more than 5.000.000 strangers on Stranger Cam for Free! Turn on your cam and find new friends &amp; maby a match!\" \/>\n<meta property=\"og:url\" content=\"https:\/\/strangercam.com\/pl\/yubo\/\" \/>\n<meta property=\"og:site_name\" content=\"Strangercam\" \/>\n<meta property=\"article:publisher\" content=\"https:\/\/www.facebook.com\/strangercam\" \/>\n<meta property=\"og:image\" content=\"https:\/\/strangercam.com\/wp-content\/uploads\/2021\/10\/Untitled-2.png\" \/>\n\t<meta property=\"og:image:width\" content=\"800\" \/>\n\t<meta property=\"og:image:height\" content=\"532\" \/>\n\t<meta property=\"og:image:type\" content=\"image\/png\" \/>\n<meta name=\"twitter:card\" content=\"summary_large_image\" \/>\n<meta name=\"twitter:site\" content=\"@strangercamapp\" \/>\n<meta name=\"twitter:label1\" content=\"Szacowany czas czytania\" \/>\n\t<meta name=\"twitter:data1\" content=\"7 minut\" \/>\n<script type=\"application\/ld+json\" class=\"yoast-schema-graph\">{\"@context\":\"https:\\\/\\\/schema.org\",\"@graph\":[{\"@type\":\"WebPage\",\"@id\":\"https:\\\/\\\/strangercam.com\\\/yubo\\\/\",\"url\":\"https:\\\/\\\/strangercam.com\\\/yubo\\\/\",\"name\":\"Yubo - Make new friends with chat on StrangerCam.com\",\"isPartOf\":{\"@id\":\"https:\\\/\\\/strangercam.com\\\/#website\"},\"datePublished\":\"2025-05-14T07:17:21+00:00\",\"description\":\"Like Yubo? Come chat with more than 5.000.000 strangers on Stranger Cam for Free! Turn on your cam and find new friends & maby a match!\",\"breadcrumb\":{\"@id\":\"https:\\\/\\\/strangercam.com\\\/yubo\\\/#breadcrumb\"},\"inLanguage\":\"pl-PL\",\"potentialAction\":[{\"@type\":\"ReadAction\",\"target\":[\"https:\\\/\\\/strangercam.com\\\/yubo\\\/\"]}]},{\"@type\":\"BreadcrumbList\",\"@id\":\"https:\\\/\\\/strangercam.com\\\/yubo\\\/#breadcrumb\",\"itemListElement\":[{\"@type\":\"ListItem\",\"position\":1,\"name\":\"Home\",\"item\":\"https:\\\/\\\/strangercam.com\\\/\"},{\"@type\":\"ListItem\",\"position\":2,\"name\":\"Yubo\"}]},{\"@type\":\"WebSite\",\"@id\":\"https:\\\/\\\/strangercam.com\\\/#website\",\"url\":\"https:\\\/\\\/strangercam.com\\\/\",\"name\":\"Strangercam\",\"description\":\"Random Video Chat with Strangers\",\"publisher\":{\"@id\":\"https:\\\/\\\/strangercam.com\\\/#organization\"},\"alternateName\":\"Strangercam.com\",\"potentialAction\":[{\"@type\":\"SearchAction\",\"target\":{\"@type\":\"EntryPoint\",\"urlTemplate\":\"https:\\\/\\\/strangercam.com\\\/?s={search_term_string}\"},\"query-input\":{\"@type\":\"PropertyValueSpecification\",\"valueRequired\":true,\"valueName\":\"search_term_string\"}}],\"inLanguage\":\"pl-PL\"},{\"@type\":\"Organization\",\"@id\":\"https:\\\/\\\/strangercam.com\\\/#organization\",\"name\":\"Strangercam\",\"alternateName\":\"Strangercam.com\",\"url\":\"https:\\\/\\\/strangercam.com\\\/\",\"logo\":{\"@type\":\"ImageObject\",\"inLanguage\":\"pl-PL\",\"@id\":\"https:\\\/\\\/strangercam.com\\\/#\\\/schema\\\/logo\\\/image\\\/\",\"url\":\"https:\\\/\\\/strangercam.com\\\/wp-content\\\/uploads\\\/2020\\\/11\\\/cropped-new-favicon-black.png\",\"contentUrl\":\"https:\\\/\\\/strangercam.com\\\/wp-content\\\/uploads\\\/2020\\\/11\\\/cropped-new-favicon-black.png\",\"width\":512,\"height\":512,\"caption\":\"Strangercam\"},\"image\":{\"@id\":\"https:\\\/\\\/strangercam.com\\\/#\\\/schema\\\/logo\\\/image\\\/\"},\"sameAs\":[\"https:\\\/\\\/www.facebook.com\\\/strangercam\",\"https:\\\/\\\/x.com\\\/strangercamapp\"]}]}<\/script>\n<!-- \/ Yoast SEO plugin. -->","yoast_head_json":{"title":"Yubo - Nawi\u0105\u017c nowe znajomo\u015bci z czatem na StrangerCam.com","description":"Jak Yubo? Przyjd\u017a na czat z ponad 5.000.000 nieznajomych na Stranger Cam za darmo! W\u0142\u0105cz kamer\u0119 i znajd\u017a nowych przyjaci\u00f3\u0142 i mo\u017ce mecz!","robots":{"index":"index","follow":"follow","max-snippet":"max-snippet:-1","max-image-preview":"max-image-preview:large","max-video-preview":"max-video-preview:-1"},"canonical":"https:\/\/strangercam.com\/pl\/yubo\/","og_locale":"pl_PL","og_type":"article","og_title":"Yubo - Make new friends with chat on StrangerCam.com","og_description":"Like Yubo? Come chat with more than 5.000.000 strangers on Stranger Cam for Free! Turn on your cam and find new friends & maby a match!","og_url":"https:\/\/strangercam.com\/pl\/yubo\/","og_site_name":"Strangercam","article_publisher":"https:\/\/www.facebook.com\/strangercam","og_image":[{"width":800,"height":532,"url":"https:\/\/strangercam.com\/wp-content\/uploads\/2021\/10\/Untitled-2.png","type":"image\/png"}],"twitter_card":"summary_large_image","twitter_site":"@strangercamapp","twitter_misc":{"Szacowany czas czytania":"7 minut"},"schema":{"@context":"https:\/\/schema.org","@graph":[{"@type":"WebPage","@id":"https:\/\/strangercam.com\/yubo\/","url":"https:\/\/strangercam.com\/yubo\/","name":"Yubo - Nawi\u0105\u017c nowe znajomo\u015bci z czatem na StrangerCam.com","isPartOf":{"@id":"https:\/\/strangercam.com\/#website"},"datePublished":"2025-05-14T07:17:21+00:00","description":"Jak Yubo? Przyjd\u017a na czat z ponad 5.000.000 nieznajomych na Stranger Cam za darmo! W\u0142\u0105cz kamer\u0119 i znajd\u017a nowych przyjaci\u00f3\u0142 i mo\u017ce mecz!","breadcrumb":{"@id":"https:\/\/strangercam.com\/yubo\/#breadcrumb"},"inLanguage":"pl-PL","potentialAction":[{"@type":"ReadAction","target":["https:\/\/strangercam.com\/yubo\/"]}]},{"@type":"BreadcrumbList","@id":"https:\/\/strangercam.com\/yubo\/#breadcrumb","itemListElement":[{"@type":"ListItem","position":1,"name":"Home","item":"https:\/\/strangercam.com\/"},{"@type":"ListItem","position":2,"name":"Yubo"}]},{"@type":"WebSite","@id":"https:\/\/strangercam.com\/#website","url":"https:\/\/strangercam.com\/","name":"Strangercam","description":"Losowy czat wideo z nieznajomymi","publisher":{"@id":"https:\/\/strangercam.com\/#organization"},"alternateName":"Strangercam.com","potentialAction":[{"@type":"SearchAction","target":{"@type":"EntryPoint","urlTemplate":"https:\/\/strangercam.com\/?s={search_term_string}"},"query-input":{"@type":"PropertyValueSpecification","valueRequired":true,"valueName":"search_term_string"}}],"inLanguage":"pl-PL"},{"@type":"Organization","@id":"https:\/\/strangercam.com\/#organization","name":"Strangercam","alternateName":"Strangercam.com","url":"https:\/\/strangercam.com\/","logo":{"@type":"ImageObject","inLanguage":"pl-PL","@id":"https:\/\/strangercam.com\/#\/schema\/logo\/image\/","url":"https:\/\/strangercam.com\/wp-content\/uploads\/2020\/11\/cropped-new-favicon-black.png","contentUrl":"https:\/\/strangercam.com\/wp-content\/uploads\/2020\/11\/cropped-new-favicon-black.png","width":512,"height":512,"caption":"Strangercam"},"image":{"@id":"https:\/\/strangercam.com\/#\/schema\/logo\/image\/"},"sameAs":["https:\/\/www.facebook.com\/strangercam","https:\/\/x.com\/strangercamapp"]}]}},"_links":{"self":[{"href":"https:\/\/strangercam.com\/pl\/wp-json\/wp\/v2\/pages\/12830","targetHints":{"allow":["GET"]}}],"collection":[{"href":"https:\/\/strangercam.com\/pl\/wp-json\/wp\/v2\/pages"}],"about":[{"href":"https:\/\/strangercam.com\/pl\/wp-json\/wp\/v2\/types\/page"}],"author":[{"embeddable":true,"href":"https:\/\/strangercam.com\/pl\/wp-json\/wp\/v2\/users\/6"}],"replies":[{"embeddable":true,"href":"https:\/\/strangercam.com\/pl\/wp-json\/wp\/v2\/comments?post=12830"}],"version-history":[{"count":1,"href":"https:\/\/strangercam.com\/pl\/wp-json\/wp\/v2\/pages\/12830\/revisions"}],"predecessor-version":[{"id":12831,"href":"https:\/\/strangercam.com\/pl\/wp-json\/wp\/v2\/pages\/12830\/revisions\/12831"}],"wp:attachment":[{"href":"https:\/\/strangercam.com\/pl\/wp-json\/wp\/v2\/media?parent=12830"}],"curies":[{"name":"wp","href":"https:\/\/api.w.org\/{rel}","templated":true}]}}