{"id":12815,"date":"2025-04-22T13:50:44","date_gmt":"2025-04-22T11:50:44","guid":{"rendered":"https:\/\/strangercam.com\/?page_id=12815"},"modified":"2025-04-22T13:50:44","modified_gmt":"2025-04-22T11:50:44","slug":"vanachat","status":"publish","type":"page","link":"https:\/\/strangercam.com\/pl\/vanachat\/","title":{"rendered":"VanaChat"},"content":{"rendered":"<p>\u015awiat losowych materia\u0142\u00f3w wideo <a href=\"https:\/\/strangercam.com\/pl\/chathub\/\">czat<\/a> Aplikacje s\u0105 bardzo konkurencyjne, z platformami takimi jak <a href=\"https:\/\/strangercam.com\/pl\/omegle\/\">Omegle<\/a>, <a href=\"https:\/\/strangercam.com\/pl\/chatroulette\/\">Chatroulette<\/a>, i nowsze nazwy, takie jak ChatMatch, walcz\u0105ce o dominacj\u0119. Jednak od czasu do czasu na rynku pojawia si\u0119 nowy pretendent z unikalnym podej\u015bciem. VanaChat jest jednym z nich. Umieszczony gdzie\u015b pomi\u0119dzy <a href=\"https:\/\/strangercam.com\/pl\/bazoocam\/\">krzywka<\/a> czatu i lekkiej aplikacji spo\u0142eczno\u015bciowej, VanaChat szybko przyci\u0105ga uwag\u0119 - ale czy rzeczywi\u015bcie warto z niego korzysta\u0107?<\/p>\n<p>W tej kompleksowej recenzji badamy wszystko, co oferuje VanaChat: jego funkcje, wra\u017cenia u\u017cytkownika, odbiorc\u00f3w, narz\u0119dzia bezpiecze\u0144stwa i to, jak wypada na tle innych popularnych platform czatowych.<\/p>\n<h2>Czym jest VanaChat?<\/h2>\n<p>VanaChat to przegl\u0105darkowa platforma do losowych czat\u00f3w wideo, kt\u00f3ra \u0142\u0105czy tradycyjne rozmowy wideo jeden na jednego z lekkimi funkcjami spo\u0142eczno\u015bciowymi. W przeciwie\u0144stwie do starszych witryn, kt\u00f3re koncentruj\u0105 si\u0119 wy\u0142\u0105cznie na losowo\u015bci, VanaChat dodaje bardziej nowoczesn\u0105 warstw\u0119 spo\u0142eczno\u015bciow\u0105 do do\u015bwiadczenia - oferuj\u0105c opcjonalne profile, dopasowanie oparte na zainteresowaniach, a nawet \u0142agodny system reputacji.<\/p>\n<p>Uruchomiony w po\u0142owie 2020 roku, VanaChat reklamuje si\u0119 jako \u201cbezpieczna, przyjazna przestrze\u0144 do <a href=\"https:\/\/strangercam.com\/pl\/coomeet\/\">spotkanie<\/a> nowych ludzi twarz\u0105 w twarz\". Chocia\u017c podstawowe do\u015bwiadczenie nadal opiera si\u0119 na natychmiastowych interakcjach z nieznajomymi za po\u015brednictwem kamery internetowej, platforma stara si\u0119 wspiera\u0107 bardziej pe\u0142ne szacunku i anga\u017cuj\u0105ce \u015brodowisko.<\/p>\n<h2>Cel VanaChat<\/h2>\n<p>G\u0142\u00f3wnym celem VanaChat jest zapewnienie losowego czatu wideo, kt\u00f3ry jest bardziej ludzki i mniej chaotyczny. Zosta\u0142 zaprojektowany tak, aby by\u0142 zabawny i spontaniczny, ale bez szalej\u0105cego trollingu, nago\u015bci i spamu cz\u0119sto spotykanego na ca\u0142kowicie anonimowych platformach.<\/p>\n<p>VanaChat jest idealny dla:<\/p>\n<ul>\n<li>Ludzie, kt\u00f3rzy chc\u0105 spotyka\u0107 si\u0119 z innymi twarz\u0105 w twarz w czasie rzeczywistym<\/li>\n<li>U\u017cytkownicy szukaj\u0105cy niezobowi\u0105zuj\u0105cych rozm\u00f3w lub nowych znajomo\u015bci<\/li>\n<li>Ciekawi spo\u0142ecznie u\u017cytkownicy, kt\u00f3rzy lubi\u0105 rozmawia\u0107 z nieznajomymi, ale wol\u0105 mie\u0107 nieco wi\u0119ksz\u0105 kontrol\u0119 nad tym, z kim si\u0119 \u0142\u0105cz\u0105.<\/li>\n<li>Ka\u017cdy, kto szuka bezpieczniejszej, bardziej nowoczesnej alternatywy dla niemoderowanych witryn z kamerami<\/li>\n<\/ul>\n<p>Platforma nie jest aplikacj\u0105 randkow\u0105 sam\u0105 w sobie, ale zach\u0119ca do lekkiego flirtowania i odkrywania spo\u0142eczno\u015bci, szczeg\u00f3lnie w\u015br\u00f3d m\u0142odszych doros\u0142ych.<\/p>\n<h2>Kluczowe cechy<\/h2>\n<p>1. Czat wideo jeden na jednego<br \/>\nVanaChat oferuje szybki, losowy czat wideo mi\u0119dzy u\u017cytkownikami. Jedno klikni\u0119cie i jeste\u015b po\u0142\u0105czony z kim\u015b nowym. Kana\u0142y wideo s\u0105 responsywne, a uk\u0142ad jest przejrzysty, stawiaj\u0105c na pierwszym miejscu do\u015bwiadczenie twarz\u0105 w twarz.<\/p>\n<p>2. Dopasowanie oparte na zainteresowaniach<br \/>\nU\u017cytkownicy mog\u0105 wybiera\u0107 z listy zainteresowa\u0144 - od film\u00f3w i gier po j\u0119zyki i styl \u017cycia - a platforma pr\u00f3buje dopasowa\u0107 osoby o podobnych preferencjach. Chocia\u017c nie jest to tak g\u0142\u0119bokie, jak aplikacje randkowe oparte na algorytmach, zmniejsza przypadkowo\u015b\u0107 i pomaga wywo\u0142a\u0107 bardziej znacz\u0105ce rozmowy.<\/p>\n<p>3. Opcjonalne profile u\u017cytkownik\u00f3w<br \/>\nMo\u017cesz utworzy\u0107 podstawowy profil z wy\u015bwietlan\u0105 nazw\u0105, zainteresowaniami i kr\u00f3tk\u0105 biografi\u0105. Mo\u017cesz tak\u017ce przes\u0142a\u0107 zdj\u0119cie profilowe. Chocia\u017c profile nie s\u0105 wymagane, u\u017cytkownicy z kompletnymi profilami maj\u0105 tendencj\u0119 do otrzymywania d\u0142u\u017cszych i cz\u0119stszych dopasowa\u0144.<\/p>\n<p>4. System reputacji<br \/>\nPo ka\u017cdym czacie u\u017cytkownicy mog\u0105 oceni\u0107 swoje do\u015bwiadczenia. Z biegiem czasu tworzy to mi\u0119kki wynik reputacji, kt\u00f3ry pomaga wy\u0142oni\u0107 u\u017cytkownik\u00f3w lepszej jako\u015bci i odepchn\u0105\u0107 spamer\u00f3w lub trolli. System ten, cho\u0107 wci\u0105\u017c w wersji beta, jest obiecuj\u0105cy, je\u015bli chodzi o popraw\u0119 og\u00f3lnego klimatu platformy.<\/p>\n<p>5. Narz\u0119dzia kontroli i moderacji czatu<br \/>\nMo\u017cesz pomija\u0107 u\u017cytkownik\u00f3w, wycisza\u0107 ich, zg\u0142asza\u0107 nieodpowiednie zachowania i blokowa\u0107 osoby, z kt\u00f3rymi nie chcesz ponownie rozmawia\u0107. Zg\u0142oszenia s\u0105 sprawdzane przez moderator\u00f3w, a system jest wspierany przez podstawowe skanowanie tre\u015bci AI w celu wykrycia nago\u015bci lub obra\u017aliwego zachowania.<\/p>\n<p>6. Optymalizacja komputer\u00f3w stacjonarnych i urz\u0105dze\u0144 mobilnych<br \/>\nVanaChat dzia\u0142a p\u0142ynnie w nowoczesnych przegl\u0105darkach zar\u00f3wno na komputerach stacjonarnych, jak i urz\u0105dzeniach mobilnych. Nie ma jeszcze dedykowanej aplikacji mobilnej, ale przegl\u0105darka mobilna jest responsywna i intuicyjna. Nie wymaga pobierania.<\/p>\n<p>7. Rejestracja nie jest wymagana (ale zalecana)<br \/>\nMo\u017cesz rozpocz\u0105\u0107 czatowanie bez tworzenia konta, ale rejestracja odblokowuje dodatkowe funkcje, takie jak filtrowanie zainteresowa\u0144, zapisywanie profilu i dost\u0119p do wyniku reputacji.<\/p>\n<h2>Czy VanaChat jest darmowy?<\/h2>\n<p>Tak, VanaChat jest darmowy i mo\u017cna uzyska\u0107 dost\u0119p do podstawowych funkcji czatu wideo bez p\u0142acenia ani centa. Dost\u0119pny jest jednak plan premium, kt\u00f3ry odblokowuje:<\/p>\n<ul>\n<li>Ulepszone dopasowanie wed\u0142ug regionu lub p\u0142ci<\/li>\n<li>Priorytetowe umieszczenie w kolejce czatu<\/li>\n<li>Do\u015bwiadczenie bez reklam<\/li>\n<li>Opcje dostosowywania profilu<\/li>\n<\/ul>\n<p>Warstwa premium jest konkurencyjna cenowo, zazwyczaj mi\u0119dzy $6-$10 miesi\u0119cznie, w zale\u017cno\u015bci od planu subskrypcji. Dla wi\u0119kszo\u015bci u\u017cytkownik\u00f3w darmowa wersja jest doskonale funkcjonalna, ale wersja premium jest dobr\u0105 warto\u015bci\u0105 dla tych, kt\u00f3rzy szukaj\u0105 wi\u0119kszej kontroli i p\u0142ynniejszego przep\u0142ywu u\u017cytkownika.<\/p>\n<h2>Kto korzysta z VanaChat?<\/h2>\n<p>VanaChat ma rosn\u0105c\u0105 baz\u0119 u\u017cytkownik\u00f3w w kilku kluczowych regionach:<\/p>\n<ul>\n<li>Stany Zjednoczone<\/li>\n<li>Kanada<\/li>\n<li>Wielka Brytania<\/li>\n<li>Niemcy<\/li>\n<li>Brazylia<\/li>\n<li>Indie<\/li>\n<\/ul>\n<p>Wi\u0119kszo\u015b\u0107 u\u017cytkownik\u00f3w jest w wieku od 18 do 34 lat, z do\u015b\u0107 zr\u00f3\u017cnicowan\u0105 mieszank\u0105 p\u0142ci i \u015brodowisk. Podczas gdy wi\u0119kszo\u015b\u0107 u\u017cytkownik\u00f3w korzysta z platformy do zabawy i swobodnych rozm\u00f3w, zauwa\u017calna cz\u0119\u015b\u0107 u\u017cytkownik\u00f3w wydaje si\u0119 by\u0107 naprawd\u0119 zainteresowana nawi\u0105zywaniem znajomo\u015bci lub znajdowaniem os\u00f3b o wsp\u00f3lnych zainteresowaniach.<\/p>\n<p>VanaChat jest szczeg\u00f3lnie popularny w\u015br\u00f3d:<\/p>\n<ul>\n<li>Studenci szk\u00f3\u0142 wy\u017cszych<\/li>\n<li>M\u0142odzi profesjonali\u015bci<\/li>\n<li>Cyfrowi nomadzi i ekspaci chc\u0105cy pozna\u0107 ludzi w nowych miejscach<\/li>\n<li>Osoby ucz\u0105ce si\u0119 j\u0119zyka, kt\u00f3re chc\u0105 \u0107wiczy\u0107 z native speakerami<\/li>\n<\/ul>\n<h2>Bezpiecze\u0144stwo, prywatno\u015b\u0107 i moderacja<\/h2>\n<p>Platformy czatu online cz\u0119sto zmagaj\u0105 si\u0119 z bezpiecze\u0144stwem i moderacj\u0105, ale VanaChat traktuje t\u0119 kwesti\u0119 powa\u017cnie. Oto jak:<\/p>\n<ul>\n<li>Monitorowanie oparte na sztucznej inteligencji: Platforma wykorzystuje uczenie maszynowe do automatycznego wykrywania nago\u015bci lub obra\u017aliwych gest\u00f3w w strumieniach wideo. Cho\u0107 nie jest to idealne rozwi\u0105zanie, zmniejsza ono ekspozycj\u0119 na tre\u015bci o charakterze jednoznacznie seksualnym.<\/li>\n<li>Zg\u0142oszenia u\u017cytkownik\u00f3w i moderacja: Ka\u017cdy czat ko\u0144czy si\u0119 pro\u015bb\u0105 o opini\u0119, a raporty s\u0105 sprawdzane w ci\u0105gu 24 godzin.<\/li>\n<li>System reputacji i ocen: Pomaga odfiltrowa\u0107 problematycznych u\u017cytkownik\u00f3w i promowa\u0107 bardziej szanowane zachowanie w miar\u0119 up\u0142ywu czasu.<\/li>\n<li>Dane osobowe nie s\u0105 wymagane: Nie jeste\u015b proszony o podanie numeru telefonu ani adresu e-mail, chyba \u017ce si\u0119 zarejestrujesz (a nawet wtedy jest to opcjonalne).<\/li>\n<\/ul>\n<p>VanaChat nie gromadzi nadmiernych danych i pozwala u\u017cytkownikom zachowa\u0107 anonimowo\u015b\u0107. Mimo to u\u017cytkownicy powinni zachowa\u0107 zdrowy rozs\u0105dek - nie udost\u0119pnia\u0107 danych osobowych, nie klika\u0107 link\u00f3w ani nie anga\u017cowa\u0107 si\u0119 w rozmowy z u\u017cytkownikami, kt\u00f3rzy sprawiaj\u0105, \u017ce czujesz si\u0119 niekomfortowo.<\/p>\n<h2>Do\u015bwiadczenie u\u017cytkownika i projektowanie<\/h2>\n<p>Interfejs VanaChat jest od\u015bwie\u017caj\u0105co nowoczesny. Platforma jest czysta wizualnie, intuicyjna i responsywna. Nawigacja jest prosta: du\u017cy ekran wideo dominuje interfejs, a elementy steruj\u0105ce czatem i ustawienia s\u0105 starannie schowane w panelach bocznych. Nie ma \u017cadnych baner\u00f3w, wyskakuj\u0105cych okienek ani irytuj\u0105cych reklam, kt\u00f3re zak\u0142\u00f3ca\u0142yby p\u0142ynno\u015b\u0107.<\/p>\n<p>Og\u00f3lna estetyka jest m\u0142odzie\u0144cza i przyjazna, bez zbytniego starania si\u0119 o przyci\u0105gni\u0119cie okre\u015blonej grupy demograficznej. Wydaje si\u0119, \u017ce jest to produkt stworzony do swobodnej interakcji - nie do tre\u015bci dla doros\u0142ych i nie do randek - co czyni go dobrym \u015brodkiem.<\/p>\n<p>Czasy \u0142adowania stron s\u0105 szybkie, jako\u015b\u0107 wideo jest solidna, a przej\u015bcia mi\u0119dzy czatami s\u0105 p\u0142ynne i w wi\u0119kszo\u015bci przypadk\u00f3w pozbawione op\u00f3\u017anie\u0144. Na urz\u0105dzeniach mobilnych platforma dzia\u0142a niemal jak aplikacja pod wzgl\u0119dem szybko\u015bci i u\u017cyteczno\u015bci, co jest imponuj\u0105ce jak na do\u015bwiadczenie oparte na przegl\u0105darce.<\/p>\n<h2>VanaChat a inne platformy czatu<\/h2>\n<p>Przyjrzyjmy si\u0119, jak VanaChat wypada na tle innych wiod\u0105cych platform:<\/p>\n<table>\n<thead>\n<tr>\n<th>Cecha<\/th>\n<th>VanaChat<\/th>\n<th>Omegle<\/th>\n<th>ChatMatch<\/th>\n<th>Chatspin<\/th>\n<th>Emerald Chat<\/th>\n<\/tr>\n<\/thead>\n<tbody>\n<tr>\n<td>Czat wideo<\/td>\n<td>Tak<\/td>\n<td>Tak<\/td>\n<td>Tak<\/td>\n<td>Tak<\/td>\n<td>Tak<\/td>\n<\/tr>\n<tr>\n<td>Dopasowanie odsetek<\/td>\n<td>Tak<\/td>\n<td>Nie<\/td>\n<td>Tak<\/td>\n<td>Tak<\/td>\n<td>Tak<\/td>\n<\/tr>\n<tr>\n<td>Profile (opcjonalnie)<\/td>\n<td>Tak<\/td>\n<td>Nie<\/td>\n<td>Opcjonalnie<\/td>\n<td>Opcjonalnie<\/td>\n<td>Tak<\/td>\n<\/tr>\n<tr>\n<td>System reputacji<\/td>\n<td>Tak<\/td>\n<td>Nie<\/td>\n<td>Nie<\/td>\n<td>Nie<\/td>\n<td>Tak<\/td>\n<\/tr>\n<tr>\n<td>Filtry p\u0142ci\/regionu<\/td>\n<td>P\u0142atne<\/td>\n<td>P\u0142atne<\/td>\n<td>P\u0142atne<\/td>\n<td>Bezp\u0142atne\/P\u0142atne<\/td>\n<td>Tak<\/td>\n<\/tr>\n<tr>\n<td>Zoptymalizowany pod k\u0105tem urz\u0105dze\u0144 mobilnych<\/td>\n<td>Tak<\/td>\n<td>Umiarkowany<\/td>\n<td>Tak<\/td>\n<td>Doskona\u0142y<\/td>\n<td>Dobry<\/td>\n<\/tr>\n<tr>\n<td>Narz\u0119dzia moderacji<\/td>\n<td>Silny<\/td>\n<td>S\u0142aby<\/td>\n<td>Umiarkowany<\/td>\n<td>Dobry<\/td>\n<td>Silny<\/td>\n<\/tr>\n<tr>\n<td>Wymagana rejestracja<\/td>\n<td>Nie<\/td>\n<td>Nie<\/td>\n<td>Opcjonalnie<\/td>\n<td>Opcjonalnie<\/td>\n<td>Tak<\/td>\n<\/tr>\n<\/tbody>\n<\/table>\n<h2>Plusy i minusy<\/h2>\n<p>Plusy:<\/p>\n<ul>\n<li>Darmowe u\u017cytkowanie bez konieczno\u015bci logowania<\/li>\n<li>Przejrzysty, nowoczesny interfejs z szybkim dzia\u0142aniem<\/li>\n<li>Dopasowanie oparte na zainteresowaniach poprawia jako\u015b\u0107 konwersacji<\/li>\n<li>System reputacji nagradza dobre zachowanie<\/li>\n<li>Opcjonalne profile bez bycia natr\u0119tnym<\/li>\n<li>Aktywna moderacja i skanowanie tre\u015bci<\/li>\n<li>Przyjazny dla urz\u0105dze\u0144 mobilnych bez konieczno\u015bci korzystania z aplikacji<\/li>\n<\/ul>\n<p>Wady:<\/p>\n<ul>\n<li>Mniejsza baza u\u017cytkownik\u00f3w ni\u017c w przypadku platform takich jak Omegle<\/li>\n<li>Filtry p\u0142ci i regionu wymagaj\u0105 premii<\/li>\n<li>Nadal podlega sporadycznym niew\u0142a\u015bciwym zachowaniom.<\/li>\n<li>Brak wbudowanego t\u0142umacza dla czat\u00f3w mi\u0119dzynarodowych<\/li>\n<li>Brak czatu grupowego lub funkcji dla wielu u\u017cytkownik\u00f3w<\/li>\n<\/ul>\n<h2>Idealne przypadki u\u017cycia<\/h2>\n<p>VanaChat jest idealny dla:<\/p>\n<ul>\n<li>Osoby, kt\u00f3re lubi\u0105 czat wideo jeden na jednego z nieco bardziej ustrukturyzowan\u0105 struktur\u0105.<\/li>\n<li>U\u017cytkownicy szukaj\u0105cy spontanicznych, ale pe\u0142nych szacunku rozm\u00f3w<\/li>\n<li>Przypadkowe spotkania towarzyskie, lekki flirt i poznawanie nowych ludzi na ca\u0142ym \u015bwiecie<\/li>\n<li>Ci, kt\u00f3rzy nie lubi\u0105 chaosu niemoderowanych platform, takich jak Omegle<\/li>\n<\/ul>\n<p>Nie jest to idealne rozwi\u0105zanie:<\/p>\n<ul>\n<li>U\u017cytkownicy oczekuj\u0105cy od aplikacji randkowych selekcji lub matchmakingu na poziomie randkowym<\/li>\n<li>Osoby szukaj\u0105ce czat\u00f3w grupowych lub tematycznych<\/li>\n<li>Osoby, kt\u00f3re preferuj\u0105 czysto anonimowe interakcje tekstowe<\/li>\n<\/ul>\n<h2>Werdykt ko\u0144cowy<\/h2>\n<p>VanaChat to od\u015bwie\u017caj\u0105cy dodatek do krajobrazu czat\u00f3w wideo. \u0141\u0105czy w sobie natychmiastowo\u015b\u0107 losowych platform czatowych z kilkoma nowoczesnymi ulepszeniami - filtrami zainteresowa\u0144, systemami reputacji i opcjonalnymi profilami - kt\u00f3re sprawiaj\u0105, \u017ce do\u015bwiadczenie jest przyjemniejsze i bardziej przyjazne dla u\u017cytkownika.<\/p>\n<p>Dla tych, kt\u00f3rzy s\u0105 zm\u0119czeni botami, trollami lub niespodziankami NSFW na innych stronach, VanaChat oferuje czystsze, bardziej przyjazne i bardziej ludzkie do\u015bwiadczenie. By\u0107 mo\u017ce nie ma tak du\u017cej liczby u\u017cytkownik\u00f3w, jak znane platformy, ale to, czego brakuje w skali, nadrabia jako\u015bci\u0105.<\/p>\n<p>Niezale\u017cnie od tego, czy chcesz rozmawia\u0107 z nieznajomymi, nawi\u0105zywa\u0107 znajomo\u015bci, czy po prostu sp\u0119dza\u0107 czas w bardziej towarzyski spos\u00f3b, VanaChat jest absolutnie warty sprawdzenia.<\/p>","protected":false},"excerpt":{"rendered":"<p>The world of random video chat apps is highly competitive, with platforms like Omegle, Chatroulette, and newer names like ChatMatch fighting for dominance. But every now and then, a new contender enters the space with a unique approach. VanaChat is one of those names. Positioned somewhere between a casual cam chat site and a lightweight [&hellip;]<\/p>\n","protected":false},"author":6,"featured_media":0,"parent":0,"menu_order":0,"comment_status":"closed","ping_status":"closed","template":"","meta":{"footnotes":""},"class_list":["post-12815","page","type-page","status-publish","hentry"],"yoast_head":"<!-- This site is optimized with the Yoast SEO plugin v27.4 - https:\/\/yoast.com\/product\/yoast-seo-wordpress\/ -->\n<title>VanaChat - Live video chat with girls on StrangerCam.com<\/title>\n<meta name=\"description\" content=\"Like VanaChat? Come chat with more than 5.000.000 strangers on Stranger Cam for Free! Turn on your cam and find new friends &amp; maby a match!\" \/>\n<meta name=\"robots\" content=\"index, follow, max-snippet:-1, max-image-preview:large, max-video-preview:-1\" \/>\n<link rel=\"canonical\" href=\"https:\/\/strangercam.com\/pl\/vanachat\/\" \/>\n<meta property=\"og:locale\" content=\"pl_PL\" \/>\n<meta property=\"og:type\" content=\"article\" \/>\n<meta property=\"og:title\" content=\"VanaChat - Live video chat with girls on StrangerCam.com\" \/>\n<meta property=\"og:description\" content=\"Like VanaChat? Come chat with more than 5.000.000 strangers on Stranger Cam for Free! Turn on your cam and find new friends &amp; maby a match!\" \/>\n<meta property=\"og:url\" content=\"https:\/\/strangercam.com\/pl\/vanachat\/\" \/>\n<meta property=\"og:site_name\" content=\"Strangercam\" \/>\n<meta property=\"article:publisher\" content=\"https:\/\/www.facebook.com\/strangercam\" \/>\n<meta property=\"og:image\" content=\"https:\/\/strangercam.com\/wp-content\/uploads\/2021\/10\/Untitled-2.png\" \/>\n\t<meta property=\"og:image:width\" content=\"800\" \/>\n\t<meta property=\"og:image:height\" content=\"532\" \/>\n\t<meta property=\"og:image:type\" content=\"image\/png\" \/>\n<meta name=\"twitter:card\" content=\"summary_large_image\" \/>\n<meta name=\"twitter:site\" content=\"@strangercamapp\" \/>\n<meta name=\"twitter:label1\" content=\"Szacowany czas czytania\" \/>\n\t<meta name=\"twitter:data1\" content=\"7 minut\" \/>\n<script type=\"application\/ld+json\" class=\"yoast-schema-graph\">{\"@context\":\"https:\\\/\\\/schema.org\",\"@graph\":[{\"@type\":\"WebPage\",\"@id\":\"https:\\\/\\\/strangercam.com\\\/vanachat\\\/\",\"url\":\"https:\\\/\\\/strangercam.com\\\/vanachat\\\/\",\"name\":\"VanaChat - Live video chat with girls on StrangerCam.com\",\"isPartOf\":{\"@id\":\"https:\\\/\\\/strangercam.com\\\/#website\"},\"datePublished\":\"2025-04-22T11:50:44+00:00\",\"description\":\"Like VanaChat? Come chat with more than 5.000.000 strangers on Stranger Cam for Free! Turn on your cam and find new friends & maby a match!\",\"breadcrumb\":{\"@id\":\"https:\\\/\\\/strangercam.com\\\/vanachat\\\/#breadcrumb\"},\"inLanguage\":\"pl-PL\",\"potentialAction\":[{\"@type\":\"ReadAction\",\"target\":[\"https:\\\/\\\/strangercam.com\\\/vanachat\\\/\"]}]},{\"@type\":\"BreadcrumbList\",\"@id\":\"https:\\\/\\\/strangercam.com\\\/vanachat\\\/#breadcrumb\",\"itemListElement\":[{\"@type\":\"ListItem\",\"position\":1,\"name\":\"Home\",\"item\":\"https:\\\/\\\/strangercam.com\\\/\"},{\"@type\":\"ListItem\",\"position\":2,\"name\":\"VanaChat\"}]},{\"@type\":\"WebSite\",\"@id\":\"https:\\\/\\\/strangercam.com\\\/#website\",\"url\":\"https:\\\/\\\/strangercam.com\\\/\",\"name\":\"Strangercam\",\"description\":\"Random Video Chat with Strangers\",\"publisher\":{\"@id\":\"https:\\\/\\\/strangercam.com\\\/#organization\"},\"alternateName\":\"Strangercam.com\",\"potentialAction\":[{\"@type\":\"SearchAction\",\"target\":{\"@type\":\"EntryPoint\",\"urlTemplate\":\"https:\\\/\\\/strangercam.com\\\/?s={search_term_string}\"},\"query-input\":{\"@type\":\"PropertyValueSpecification\",\"valueRequired\":true,\"valueName\":\"search_term_string\"}}],\"inLanguage\":\"pl-PL\"},{\"@type\":\"Organization\",\"@id\":\"https:\\\/\\\/strangercam.com\\\/#organization\",\"name\":\"Strangercam\",\"alternateName\":\"Strangercam.com\",\"url\":\"https:\\\/\\\/strangercam.com\\\/\",\"logo\":{\"@type\":\"ImageObject\",\"inLanguage\":\"pl-PL\",\"@id\":\"https:\\\/\\\/strangercam.com\\\/#\\\/schema\\\/logo\\\/image\\\/\",\"url\":\"https:\\\/\\\/strangercam.com\\\/wp-content\\\/uploads\\\/2020\\\/11\\\/cropped-new-favicon-black.png\",\"contentUrl\":\"https:\\\/\\\/strangercam.com\\\/wp-content\\\/uploads\\\/2020\\\/11\\\/cropped-new-favicon-black.png\",\"width\":512,\"height\":512,\"caption\":\"Strangercam\"},\"image\":{\"@id\":\"https:\\\/\\\/strangercam.com\\\/#\\\/schema\\\/logo\\\/image\\\/\"},\"sameAs\":[\"https:\\\/\\\/www.facebook.com\\\/strangercam\",\"https:\\\/\\\/x.com\\\/strangercamapp\"]}]}<\/script>\n<!-- \/ Yoast SEO plugin. -->","yoast_head_json":{"title":"VanaChat - Czat wideo na \u017cywo z dziewczynami na StrangerCam.com","description":"Lubisz VanaChat? Przyjd\u017a na czat z ponad 5.000.000 nieznajomych na Stranger Cam za darmo! W\u0142\u0105cz kamer\u0119 i znajd\u017a nowych przyjaci\u00f3\u0142 i mo\u017ce mecz!","robots":{"index":"index","follow":"follow","max-snippet":"max-snippet:-1","max-image-preview":"max-image-preview:large","max-video-preview":"max-video-preview:-1"},"canonical":"https:\/\/strangercam.com\/pl\/vanachat\/","og_locale":"pl_PL","og_type":"article","og_title":"VanaChat - Live video chat with girls on StrangerCam.com","og_description":"Like VanaChat? Come chat with more than 5.000.000 strangers on Stranger Cam for Free! Turn on your cam and find new friends & maby a match!","og_url":"https:\/\/strangercam.com\/pl\/vanachat\/","og_site_name":"Strangercam","article_publisher":"https:\/\/www.facebook.com\/strangercam","og_image":[{"width":800,"height":532,"url":"https:\/\/strangercam.com\/wp-content\/uploads\/2021\/10\/Untitled-2.png","type":"image\/png"}],"twitter_card":"summary_large_image","twitter_site":"@strangercamapp","twitter_misc":{"Szacowany czas czytania":"7 minut"},"schema":{"@context":"https:\/\/schema.org","@graph":[{"@type":"WebPage","@id":"https:\/\/strangercam.com\/vanachat\/","url":"https:\/\/strangercam.com\/vanachat\/","name":"VanaChat - Czat wideo na \u017cywo z dziewczynami na StrangerCam.com","isPartOf":{"@id":"https:\/\/strangercam.com\/#website"},"datePublished":"2025-04-22T11:50:44+00:00","description":"Lubisz VanaChat? Przyjd\u017a na czat z ponad 5.000.000 nieznajomych na Stranger Cam za darmo! W\u0142\u0105cz kamer\u0119 i znajd\u017a nowych przyjaci\u00f3\u0142 i mo\u017ce mecz!","breadcrumb":{"@id":"https:\/\/strangercam.com\/vanachat\/#breadcrumb"},"inLanguage":"pl-PL","potentialAction":[{"@type":"ReadAction","target":["https:\/\/strangercam.com\/vanachat\/"]}]},{"@type":"BreadcrumbList","@id":"https:\/\/strangercam.com\/vanachat\/#breadcrumb","itemListElement":[{"@type":"ListItem","position":1,"name":"Home","item":"https:\/\/strangercam.com\/"},{"@type":"ListItem","position":2,"name":"VanaChat"}]},{"@type":"WebSite","@id":"https:\/\/strangercam.com\/#website","url":"https:\/\/strangercam.com\/","name":"Strangercam","description":"Losowy czat wideo z nieznajomymi","publisher":{"@id":"https:\/\/strangercam.com\/#organization"},"alternateName":"Strangercam.com","potentialAction":[{"@type":"SearchAction","target":{"@type":"EntryPoint","urlTemplate":"https:\/\/strangercam.com\/?s={search_term_string}"},"query-input":{"@type":"PropertyValueSpecification","valueRequired":true,"valueName":"search_term_string"}}],"inLanguage":"pl-PL"},{"@type":"Organization","@id":"https:\/\/strangercam.com\/#organization","name":"Strangercam","alternateName":"Strangercam.com","url":"https:\/\/strangercam.com\/","logo":{"@type":"ImageObject","inLanguage":"pl-PL","@id":"https:\/\/strangercam.com\/#\/schema\/logo\/image\/","url":"https:\/\/strangercam.com\/wp-content\/uploads\/2020\/11\/cropped-new-favicon-black.png","contentUrl":"https:\/\/strangercam.com\/wp-content\/uploads\/2020\/11\/cropped-new-favicon-black.png","width":512,"height":512,"caption":"Strangercam"},"image":{"@id":"https:\/\/strangercam.com\/#\/schema\/logo\/image\/"},"sameAs":["https:\/\/www.facebook.com\/strangercam","https:\/\/x.com\/strangercamapp"]}]}},"_links":{"self":[{"href":"https:\/\/strangercam.com\/pl\/wp-json\/wp\/v2\/pages\/12815","targetHints":{"allow":["GET"]}}],"collection":[{"href":"https:\/\/strangercam.com\/pl\/wp-json\/wp\/v2\/pages"}],"about":[{"href":"https:\/\/strangercam.com\/pl\/wp-json\/wp\/v2\/types\/page"}],"author":[{"embeddable":true,"href":"https:\/\/strangercam.com\/pl\/wp-json\/wp\/v2\/users\/6"}],"replies":[{"embeddable":true,"href":"https:\/\/strangercam.com\/pl\/wp-json\/wp\/v2\/comments?post=12815"}],"version-history":[{"count":2,"href":"https:\/\/strangercam.com\/pl\/wp-json\/wp\/v2\/pages\/12815\/revisions"}],"predecessor-version":[{"id":12817,"href":"https:\/\/strangercam.com\/pl\/wp-json\/wp\/v2\/pages\/12815\/revisions\/12817"}],"wp:attachment":[{"href":"https:\/\/strangercam.com\/pl\/wp-json\/wp\/v2\/media?parent=12815"}],"curies":[{"name":"wp","href":"https:\/\/api.w.org\/{rel}","templated":true}]}}