{"id":12812,"date":"2025-04-22T13:45:21","date_gmt":"2025-04-22T11:45:21","guid":{"rendered":"https:\/\/strangercam.com\/?page_id=12812"},"modified":"2025-04-22T13:45:21","modified_gmt":"2025-04-22T11:45:21","slug":"chatmatch","status":"publish","type":"page","link":"https:\/\/strangercam.com\/pl\/chatmatch\/","title":{"rendered":"ChatMatch"},"content":{"rendered":"<p>Jako online <a href=\"https:\/\/strangercam.com\/pl\/chathub\/\">czat<\/a> Przestrze\u0144 staje si\u0119 coraz bardziej zat\u0142oczona, platformy \u015bcigaj\u0105 si\u0119, aby wyr\u00f3\u017cni\u0107 si\u0119 inteligentniejszymi funkcjami, czystszymi projektami i lepszymi do\u015bwiadczeniami u\u017cytkownik\u00f3w. Jedn\u0105 z platform, kt\u00f3ra zaczyna wyrabia\u0107 sobie mark\u0119, jest ChatMatch - internetowa us\u0142uga losowego czatu wideo, kt\u00f3ra opiera si\u0119 na algorytmicznym dopasowywaniu i interakcji w czasie rzeczywistym bez uszczerbku dla prostoty.<\/p>\n<p>Ale czy ChatMatch jest tylko kolejn\u0105 twarz\u0105 w t\u0142umie, czy te\u017c wnosi co\u015b nowego do sto\u0142u? W tej szczeg\u00f3\u0142owej recenzji omawiamy wszystko, co musisz wiedzie\u0107 o ChatMatch: jak dzia\u0142a, dla kogo jest przeznaczony, co oferuje i czy jest wart twojego czasu w obecnym krajobrazie losowych aplikacji do czatowania wideo.<\/p>\n<h2>Czym jest ChatMatch?<\/h2>\n<p>ChatMatch to platforma internetowa, kt\u00f3ra \u0142\u0105czy nieznajomych za po\u015brednictwem czatu wideo, z niespodziank\u0105 - zamiast by\u0107 ca\u0142kowicie przypadkowym, jak <a href=\"https:\/\/strangercam.com\/pl\/omegle\/\">Omegle<\/a> lub <a href=\"https:\/\/strangercam.com\/pl\/chatroulette\/\">Chatroulette<\/a>ChatMatch wprowadza inteligentne funkcje dopasowywania, kt\u00f3re pr\u00f3buj\u0105 \u0142\u0105czy\u0107 u\u017cytkownik\u00f3w w pary na podstawie wsp\u00f3lnych zainteresowa\u0144, lokalizacji lub preferencji p\u0142ci.<\/p>\n<p>Uruchomiony na pocz\u0105tku 2020 roku, ChatMatch powoli zyska\u0142 lojaln\u0105 baz\u0119 u\u017cytkownik\u00f3w szukaj\u0105cych czego\u015b bardziej celowego ni\u017c czysta przypadkowo\u015b\u0107. Oferuje on do\u015bwiadczenie oparte na kamerze internetowej, skierowane do os\u00f3b, kt\u00f3re chc\u0105 nawi\u0105zywa\u0107 prawdziwe znajomo\u015bci, czy to w celu przyja\u017ani, swobodnego flirtowania, czy nawet randkowania.<\/p>\n<p>Cho\u0107 nie jest to pe\u0142noprawna aplikacja randkowa, ChatMatch porusza si\u0119 na granicy mi\u0119dzy natychmiastowym czatem wideo a lekkim swataniem, dzi\u0119ki czemu jest idealny dla u\u017cytkownik\u00f3w, kt\u00f3rzy chc\u0105 wyj\u015b\u0107 poza bezsensown\u0105 pogaw\u0119dk\u0119.<\/p>\n<h2>Jaki jest cel ChatMatch?<\/h2>\n<p>G\u0142\u00f3wnym celem ChatMatch jest tworzenie bardziej znacz\u0105cych interakcji w \u015bwiecie czat\u00f3w wideo online. W przeciwie\u0144stwie do tradycyjnych platform, na kt\u00f3rych u\u017cytkownicy s\u0105 dobierani ca\u0142kowicie losowo - co cz\u0119sto prowadzi do niedopasowania lub kr\u00f3tkotrwa\u0142ych czat\u00f3w - ChatMatch stara si\u0119 da\u0107 ci wi\u0119ksz\u0105 szans\u0119 na znalezienie kogo\u015b, z kim naprawd\u0119 chcesz porozmawia\u0107.<\/p>\n<p>Jest przeznaczony dla:<\/p>\n<ul>\n<li>Ludzie, kt\u00f3rzy chc\u0105 szybkich po\u0142\u0105cze\u0144 na \u017cywo z ludzk\u0105 twarz\u0105<\/li>\n<li>U\u017cytkownicy szukaj\u0105cy cz\u0119\u015bciowo wyselekcjonowanych do\u015bwiadcze\u0144 bez pe\u0142nych profili randkowych<\/li>\n<li>Osoby zm\u0119czone trollami, botami lub osobami zorientowanymi wy\u0142\u0105cznie na doros\u0142ych <a href=\"https:\/\/strangercam.com\/pl\/bazoocam\/\">krzywka<\/a> strony<\/li>\n<li>Ka\u017cdy otwarty na niezobowi\u0105zuj\u0105ce spotkania towarzyskie, lekki flirt lub potencjalne randki.<\/li>\n<\/ul>\n<h2>Kluczowe cechy<\/h2>\n<p>1. Natychmiastowe dopasowanie wideo<br \/>\nPodstaw\u0105 ChatMatch jest losowy czat wideo, w kt\u00f3rym u\u017cytkownik jest natychmiast parowany z innym u\u017cytkownikiem. Interfejs jest elegancki i nowoczesny, z obs\u0142ug\u0105 wideo HD i czystym d\u017awi\u0119kiem. W przeciwie\u0144stwie do starszych platform, ChatMatch nie wydaje si\u0119 przestarza\u0142y ani niezgrabny.<\/p>\n<p>2. Dopasowanie preferencji<br \/>\nTo w\u0142a\u015bnie tutaj ChatMatch si\u0119 wyr\u00f3\u017cnia. U\u017cytkownicy mog\u0105 wybra\u0107 preferencje w oparciu o:<\/p>\n<ul>\n<li>P\u0142e\u0107 (m\u0119\u017cczyzna, kobieta lub wszyscy)<\/li>\n<li>Region lub j\u0119zyk<\/li>\n<li>Wsp\u00f3lne zainteresowania (wybrane z listy tag\u00f3w lub kategorii)<\/li>\n<\/ul>\n<p>Filtry te nie s\u0105 idealne, ale pomagaj\u0105 ograniczy\u0107 ca\u0142kowicie nieistotne dopasowania i prowadz\u0105 do lepszych rozm\u00f3w.<\/p>\n<p>3. Obs\u0142uga czatu tekstowego<br \/>\nNie jeste\u015b gotowy, aby od razu przej\u015b\u0107 do kamery? Nie ma problemu. ChatMatch zawiera wbudowan\u0105 opcj\u0119 czatu tekstowego, kt\u00f3ra dzia\u0142a obok wideo, pozwalaj\u0105c u\u017cytkownikom prze\u0142ama\u0107 lody za po\u015brednictwem wiadomo\u015bci, zanim w pe\u0142ni zaanga\u017cuj\u0105 si\u0119 twarz\u0105 w twarz.<\/p>\n<p>4. System kont i profili (opcjonalnie)<br \/>\nW przeciwie\u0144stwie do platform takich jak Omegle, ChatMatch pozwala opcjonalnie utworzy\u0107 profil. Mo\u017cesz przes\u0142a\u0107 wy\u015bwietlane zdj\u0119cie, wybra\u0107 zainteresowania, a nawet po\u0142\u0105czy\u0107 sw\u00f3j Instagram (je\u015bli czujesz si\u0119 komfortowo). Utworzenie profilu jest opcjonalne, ale jego posiadanie zwi\u0119ksza szanse na dopasowanie do podobnych u\u017cytkownik\u00f3w.<\/p>\n<p>5. Projekt przyjazny dla urz\u0105dze\u0144 mobilnych<br \/>\nChatMatch jest w pe\u0142ni zoptymalizowany pod k\u0105tem urz\u0105dze\u0144 mobilnych. Szybko si\u0119 \u0142aduje, dostosowuje do mniejszych ekran\u00f3w i zachowuje funkcjonalno\u015b\u0107 na wi\u0119kszo\u015bci urz\u0105dze\u0144. Chocia\u017c nie ma jeszcze samodzielnej aplikacji, przegl\u0105darka mobilna jest p\u0142ynna i dost\u0119pna.<\/p>\n<p>6. Moderacja i raportowanie u\u017cytkownik\u00f3w<br \/>\nPlatforma posiada wbudowane narz\u0119dzia moderacji, w tym<\/p>\n<ul>\n<li>Przycisk zg\u0142aszania nieodpowiedniego zachowania<\/li>\n<li>Funkcja blokowa<\/li>\n<li>Wykrywanie nago\u015bci i spamu oparte na sztucznej inteligencji<\/li>\n<\/ul>\n<p>Chocia\u017c \u017caden system nie jest idealny, ChatMatch wykonuje lepsz\u0105 prac\u0119 ni\u017c wi\u0119kszo\u015b\u0107, utrzymuj\u0105c \u015brodowisko w miar\u0119 czyste i pe\u0142ne szacunku.<\/p>\n<h2>Czy ChatMatch jest darmowy?<\/h2>\n<p>ChatMatch oferuje model freemium.<\/p>\n<p>Bezp\u0142atni u\u017cytkownicy mog\u0105:<\/p>\n<ul>\n<li>Do\u0142\u0105cz do losowych czat\u00f3w wideo<\/li>\n<li>Ustaw podstawowe preferencje dopasowywania<\/li>\n<li>Korzystanie z platformy bez ogranicze\u0144 czasowych<\/li>\n<\/ul>\n<p>P\u0142atni u\u017cytkownicy otrzymuj\u0105 dost\u0119p do:<\/p>\n<ul>\n<li>Bardziej wyrafinowane dopasowanie (w tym zaawansowane filtry wed\u0142ug kraju, j\u0119zyka lub zainteresowa\u0144)<\/li>\n<li>Funkcja do\u0142adowania, dzi\u0119ki kt\u00f3rej znajdziesz si\u0119 na pocz\u0105tku kolejki.<\/li>\n<li>Do\u015bwiadczenie bez reklam<\/li>\n<li>Odznaka premium i zwi\u0119kszona widoczno\u015b\u0107<\/li>\n<\/ul>\n<p>Plan premium jest przyst\u0119pny cenowo (zazwyczaj poni\u017cej $10\/miesi\u0105c) i cho\u0107 nie jest niezb\u0119dny do korzystania z platformy, jest dobrym ulepszeniem dla u\u017cytkownik\u00f3w, kt\u00f3rzy chc\u0105 lepszych mecz\u00f3w i mniej przerw.<\/p>\n<h2>Kto korzysta z ChatMatch?<\/h2>\n<p>ChatMatch przyci\u0105gn\u0105\u0142 do\u015b\u0107 zr\u00f3wnowa\u017con\u0105 i mi\u0119dzynarodow\u0105 baz\u0119 u\u017cytkownik\u00f3w. Platforma jest popularna w:<\/p>\n<ul>\n<li>Ameryka P\u00f3\u0142nocna<\/li>\n<li>Europa Zachodnia<\/li>\n<li>Azja Po\u0142udniowo-Wschodnia<\/li>\n<\/ul>\n<p>Pod wzgl\u0119dem demograficznym:<\/p>\n<ul>\n<li>U\u017cytkownicy s\u0105 zazwyczaj w wieku od 18 do 35 lat<\/li>\n<li>Stosunkowo zr\u00f3wnowa\u017cony stosunek m\u0119\u017cczyzn do kobiet (lepszy ni\u017c u wielu konkurent\u00f3w).<\/li>\n<li>Wielu u\u017cytkownik\u00f3w jest otwartych na niezobowi\u0105zuj\u0105ce randki lub flirt, podczas gdy inni s\u0105 tam po prostu po to, by rozmawia\u0107<\/li>\n<\/ul>\n<p>Ta r\u00f3\u017cnorodno\u015b\u0107 jest cz\u0119\u015bci\u0105 atrakcyjno\u015bci ChatMatch - stronie udaje si\u0119 by\u0107 swobodn\u0105 bez poczucia obciachu i towarzysk\u0105 bez nadmiernej powagi.<\/p>\n<h2>Bezpiecze\u0144stwo i umiar<\/h2>\n<p>Platformy czatu online s\u0105 zawsze mieszank\u0105, je\u015bli chodzi o bezpiecze\u0144stwo, ale ChatMatch radzi sobie z tym lepiej ni\u017c wiele innych.<\/p>\n<p>Oto, co robi dobrze:<\/p>\n<ul>\n<li>Zautomatyzowane filtrowanie tre\u015bci w celu wykrycia nago\u015bci lub obra\u017aliwych tre\u015bci.<\/li>\n<li>Narz\u0119dzia do raportowania i blokowania u\u017cytkownik\u00f3w, kt\u00f3re faktycznie dzia\u0142aj\u0105<\/li>\n<li>Aktywny zesp\u00f3\u0142 moderator\u00f3w, kt\u00f3ry sprawdza oflagowanych u\u017cytkownik\u00f3w<\/li>\n<li>Nie ma potrzeby udost\u0119pniania danych osobowych ani \u0142\u0105czenia kont spo\u0142eczno\u015bciowych, chyba \u017ce zdecydujesz si\u0119 to zrobi\u0107.<\/li>\n<\/ul>\n<p>Mimo to, podobnie jak w przypadku ka\u017cdej platformy czatu, u\u017cytkownicy powinni podj\u0105\u0107 standardowe \u015brodki ostro\u017cno\u015bci:<\/p>\n<ul>\n<li>Nie udost\u0119pniaj prywatnych danych (e-mail, numer telefonu, lokalizacja).<\/li>\n<li>Nie klikaj podejrzanych link\u00f3w<\/li>\n<li>Korzystaj z funkcji blokowania i raportowania w szerokim zakresie<\/li>\n<li>Je\u015bli jeste\u015b niepe\u0142noletni, unikaj platformy - jest ona przeznaczona wy\u0142\u0105cznie dla os\u00f3b powy\u017cej 18 roku \u017cycia.<\/li>\n<\/ul>\n<h2>Do\u015bwiadczenie u\u017cytkownika i interfejs<\/h2>\n<p>Wygl\u0105d ChatMatch jest jedn\u0105 z jego najlepszych cech. Jest elegancki, nowoczesny i uporz\u0105dkowany. Kana\u0142y wideo s\u0105 du\u017ce, przyciski intuicyjne, a ustawienia \u0142atwe do znalezienia. Niezale\u017cnie od tego, czy u\u017cywasz go na komputerze, czy na telefonie kom\u00f3rkowym, uk\u0142ad dobrze si\u0119 dostosowuje, koncentruj\u0105c si\u0119 na tym, aby nic nie rozprasza\u0142o uwagi.<\/p>\n<p>Czasy \u0142adowania s\u0105 szybkie, op\u00f3\u017anienia niewielkie nawet na wolniejszych po\u0142\u0105czeniach, a og\u00f3lnie platforma sprawia wra\u017cenie stabilnej i profesjonalnie zbudowanej. Nie przyt\u0142acza wyskakuj\u0105cymi okienkami, powiadomieniami ani spamerskimi reklamami - to od\u015bwie\u017caj\u0105ca zmiana w por\u00f3wnaniu z wieloma innymi darmowymi platformami czatu.<\/p>\n<h2>ChatMatch vs inne platformy czatu<\/h2>\n<p>Zobaczmy, jak ChatMatch wypada na tle swoich popularnych konkurent\u00f3w:<\/p>\n<table>\n<thead>\n<tr>\n<th>Cecha<\/th>\n<th>ChatMatch<\/th>\n<th>Omegle<\/th>\n<th>Chatroulette<\/th>\n<th>Chatspin<\/th>\n<th>Emerald Chat<\/th>\n<\/tr>\n<\/thead>\n<tbody>\n<tr>\n<td>Czat wideo<\/td>\n<td>Tak<\/td>\n<td>Tak<\/td>\n<td>Tak<\/td>\n<td>Tak<\/td>\n<td>Tak<\/td>\n<\/tr>\n<tr>\n<td>Dopasowywanie preferencji<\/td>\n<td>Tak<\/td>\n<td>Ograniczony<\/td>\n<td>Nie<\/td>\n<td>Tak<\/td>\n<td>Tak<\/td>\n<\/tr>\n<tr>\n<td>Opcja czatu tekstowego<\/td>\n<td>Tak<\/td>\n<td>Tak<\/td>\n<td>Nie<\/td>\n<td>Tak<\/td>\n<td>Tak<\/td>\n<\/tr>\n<tr>\n<td>Wymagana rejestracja<\/td>\n<td>Opcjonalnie<\/td>\n<td>Nie<\/td>\n<td>Nie<\/td>\n<td>Opcjonalnie<\/td>\n<td>Tak<\/td>\n<\/tr>\n<tr>\n<td>Zoptymalizowany pod k\u0105tem urz\u0105dze\u0144 mobilnych<\/td>\n<td>Tak<\/td>\n<td>Dobry<\/td>\n<td>Uczciwy<\/td>\n<td>Doskona\u0142y<\/td>\n<td>Dobry<\/td>\n<\/tr>\n<tr>\n<td>Moderacja<\/td>\n<td>Dobry<\/td>\n<td>S\u0142aby<\/td>\n<td>Minimalny<\/td>\n<td>Umiarkowany<\/td>\n<td>Dobry<\/td>\n<\/tr>\n<tr>\n<td>P\u0142atne funkcje<\/td>\n<td>Opcjonalnie<\/td>\n<td>Nie<\/td>\n<td>Nie<\/td>\n<td>Tak<\/td>\n<td>Tak<\/td>\n<\/tr>\n<\/tbody>\n<\/table>\n<p>Jak pokazuje tabela, ChatMatch r\u00f3wnowa\u017cy prostot\u0119 Omegle z wyrafinowaniem platform takich jak Emerald Chat, oferuj\u0105c hybrydowe do\u015bwiadczenie, kt\u00f3re daje najlepsze z obu \u015bwiat\u00f3w.<\/p>\n<h2>Plusy i minusy<\/h2>\n<p>Plusy<\/p>\n<ul>\n<li>Przejrzysty i nowoczesny interfejs<\/li>\n<li>Filtry dopasowuj\u0105ce poprawiaj\u0105 jako\u015b\u0107 konwersacji<\/li>\n<li>Opcjonalne profile bez wymuszania rejestracji<\/li>\n<li>Bezpieczniejsze \u015brodowisko ni\u017c wi\u0119kszo\u015b\u0107 darmowych platform do czat\u00f3w wideo<\/li>\n<li>Dost\u0119pne opcje czatu tekstowego i wideo<\/li>\n<li>Dzia\u0142a dobrze na urz\u0105dzeniach mobilnych i komputerach<\/li>\n<li>Model freemium z cennymi aktualizacjami premium<\/li>\n<\/ul>\n<p>Wady<\/p>\n<ul>\n<li>Nadal podlega sporadycznym nieodpowiednim tre\u015bciom<\/li>\n<li>Filtry p\u0142ci i dopasowanie zainteresowa\u0144 nie s\u0105 idealne<\/li>\n<li>Brak samodzielnej aplikacji mobilnej<\/li>\n<li>Mniejsza baza u\u017cytkownik\u00f3w ni\u017c Omegle lub Chatroulette<\/li>\n<li>Nie jest idealny do d\u0142ugoterminowych randek lub budowania relacji<\/li>\n<\/ul>\n<h2>Idealne przypadki u\u017cycia<\/h2>\n<p>ChatMatch jest idealny dla:<\/p>\n<ul>\n<li>Ludzie, kt\u00f3rzy chc\u0105 swobodnych czat\u00f3w wideo z lepszym dopasowaniem ni\u017c ca\u0142kowita losowo\u015b\u0107<\/li>\n<li>U\u017cytkownicy szukaj\u0105cy lekkiego flirtu lub przyjemnej rozmowy<\/li>\n<li>Ci, kt\u00f3rzy szukaj\u0105 bezpieczniejszej, bardziej opartej na szacunku alternatywy dla innych platform czat\u00f3w wideo<\/li>\n<li>Ka\u017cdy, kto chce czatowa\u0107 bez tworzenia pe\u0142nego profilu lub pobierania aplikacji.<\/li>\n<\/ul>\n<p>Nie jest to idealne rozwi\u0105zanie:<\/p>\n<ul>\n<li>U\u017cytkownicy oczekuj\u0105cy g\u0142\u0119bokich relacji lub kompatybilno\u015bci na poziomie aplikacji randkowej<\/li>\n<li>Osoby preferuj\u0105ce anonimowe czaty tekstowe<\/li>\n<li>Ci, kt\u00f3rzy szukaj\u0105 ogromnych ilo\u015bci u\u017cytkownik\u00f3w, takich jak Omegle<\/li>\n<\/ul>\n<h2>Werdykt ko\u0144cowy<\/h2>\n<p>ChatMatch to jedna z bardziej zr\u00f3wnowa\u017conych i przemy\u015blanych platform do rozm\u00f3w wideo. Dobrze \u0142\u0105czy spontaniczno\u015b\u0107 z poczuciem struktury. Niezale\u017cnie od tego, czy <a href=\"https:\/\/strangercam.com\/pl\/coomeet\/\">spotkanie<\/a> Nowe osoby, flirt lub po prostu rozmowa z kim\u015b spoza zwyk\u0142ego kr\u0119gu, oferuje p\u0142ynne, bezpieczne i przyjemne do\u015bwiadczenie.<\/p>\n<p>Mo\u017cliwo\u015b\u0107 korzystania z platformy za darmo, w po\u0142\u0105czeniu z przydatnymi (ale opcjonalnymi) aktualizacjami, czyni j\u0105 dost\u0119pn\u0105 dla wszystkich typ\u00f3w u\u017cytkownik\u00f3w. Nie stara si\u0119 by\u0107 serwisem randkowym ani aplikacj\u0105 spo\u0142eczno\u015bciow\u0105 - i ta jasno\u015b\u0107 celu dzia\u0142a na jej korzy\u015b\u0107.<\/p>\n<h2>Czy warto wypr\u00f3bowa\u0107 ChatMatch?<\/h2>\n<p>Absolutnie. Je\u015bli jeste\u015b sfrustrowany chaotycznym, niemoderowanym charakterem starszych platform czatowych, ChatMatch oferuje lepsz\u0105 alternatyw\u0119. Jest nowoczesna, dobrze zbudowana i zapewnia nieco wi\u0119ksz\u0105 kontrol\u0119 nad tym, z kim rozmawiasz - bez rujnowania spontaniczno\u015bci.<\/p>\n<p>Je\u015bli szukasz inteligentniejszego sposobu na czatowanie z nieznajomymi online, ChatMatch zas\u0142uguje na miejsce na twoim radarze.<\/p>","protected":false},"excerpt":{"rendered":"<p>As the online chat space becomes more crowded, platforms are racing to stand out with smarter features, cleaner designs, and better user experiences. One platform that\u2019s starting to make a name for itself is ChatMatch \u2014 a web-based random video chat service that leans into algorithmic matching and real-time interaction without compromising on simplicity. But [&hellip;]<\/p>\n","protected":false},"author":6,"featured_media":0,"parent":0,"menu_order":0,"comment_status":"closed","ping_status":"closed","template":"","meta":{"footnotes":""},"class_list":["post-12812","page","type-page","status-publish","hentry"],"yoast_head":"<!-- This site is optimized with the Yoast SEO plugin v26.9 - https:\/\/yoast.com\/product\/yoast-seo-wordpress\/ -->\n<title>ChatMatch - Live video chat with girls on StrangerCam.com<\/title>\n<meta name=\"description\" content=\"Like ChatMatch? Come chat with more than 5.000.000 strangers on Stranger Cam for Free! Turn on your cam and find new friends &amp; maby a match!\" \/>\n<meta name=\"robots\" content=\"index, follow, max-snippet:-1, max-image-preview:large, max-video-preview:-1\" \/>\n<link rel=\"canonical\" href=\"https:\/\/strangercam.com\/pl\/chatmatch\/\" \/>\n<meta property=\"og:locale\" content=\"pl_PL\" \/>\n<meta property=\"og:type\" content=\"article\" \/>\n<meta property=\"og:title\" content=\"ChatMatch - Live video chat with girls on StrangerCam.com\" \/>\n<meta property=\"og:description\" content=\"Like ChatMatch? Come chat with more than 5.000.000 strangers on Stranger Cam for Free! Turn on your cam and find new friends &amp; maby a match!\" \/>\n<meta property=\"og:url\" content=\"https:\/\/strangercam.com\/pl\/chatmatch\/\" \/>\n<meta property=\"og:site_name\" content=\"Strangercam\" \/>\n<meta property=\"article:publisher\" content=\"https:\/\/www.facebook.com\/strangercam\" \/>\n<meta property=\"og:image\" content=\"https:\/\/strangercam.com\/wp-content\/uploads\/2021\/10\/Untitled-2.png\" \/>\n\t<meta property=\"og:image:width\" content=\"800\" \/>\n\t<meta property=\"og:image:height\" content=\"532\" \/>\n\t<meta property=\"og:image:type\" content=\"image\/png\" \/>\n<meta name=\"twitter:card\" content=\"summary_large_image\" \/>\n<meta name=\"twitter:site\" content=\"@strangercamapp\" \/>\n<meta name=\"twitter:label1\" content=\"Szacowany czas czytania\" \/>\n\t<meta name=\"twitter:data1\" content=\"7 minut\" \/>\n<script type=\"application\/ld+json\" class=\"yoast-schema-graph\">{\"@context\":\"https:\/\/schema.org\",\"@graph\":[{\"@type\":\"WebPage\",\"@id\":\"https:\/\/strangercam.com\/chatmatch\/\",\"url\":\"https:\/\/strangercam.com\/chatmatch\/\",\"name\":\"ChatMatch - Live video chat with girls on StrangerCam.com\",\"isPartOf\":{\"@id\":\"https:\/\/strangercam.com\/#website\"},\"datePublished\":\"2025-04-22T11:45:21+00:00\",\"description\":\"Like ChatMatch? Come chat with more than 5.000.000 strangers on Stranger Cam for Free! Turn on your cam and find new friends & maby a match!\",\"breadcrumb\":{\"@id\":\"https:\/\/strangercam.com\/chatmatch\/#breadcrumb\"},\"inLanguage\":\"pl-PL\",\"potentialAction\":[{\"@type\":\"ReadAction\",\"target\":[\"https:\/\/strangercam.com\/chatmatch\/\"]}]},{\"@type\":\"BreadcrumbList\",\"@id\":\"https:\/\/strangercam.com\/chatmatch\/#breadcrumb\",\"itemListElement\":[{\"@type\":\"ListItem\",\"position\":1,\"name\":\"Home\",\"item\":\"https:\/\/strangercam.com\/\"},{\"@type\":\"ListItem\",\"position\":2,\"name\":\"ChatMatch\"}]},{\"@type\":\"WebSite\",\"@id\":\"https:\/\/strangercam.com\/#website\",\"url\":\"https:\/\/strangercam.com\/\",\"name\":\"Strangercam\",\"description\":\"Random Video Chat with Strangers\",\"publisher\":{\"@id\":\"https:\/\/strangercam.com\/#organization\"},\"alternateName\":\"Strangercam.com\",\"potentialAction\":[{\"@type\":\"SearchAction\",\"target\":{\"@type\":\"EntryPoint\",\"urlTemplate\":\"https:\/\/strangercam.com\/?s={search_term_string}\"},\"query-input\":{\"@type\":\"PropertyValueSpecification\",\"valueRequired\":true,\"valueName\":\"search_term_string\"}}],\"inLanguage\":\"pl-PL\"},{\"@type\":\"Organization\",\"@id\":\"https:\/\/strangercam.com\/#organization\",\"name\":\"Strangercam\",\"alternateName\":\"Strangercam.com\",\"url\":\"https:\/\/strangercam.com\/\",\"logo\":{\"@type\":\"ImageObject\",\"inLanguage\":\"pl-PL\",\"@id\":\"https:\/\/strangercam.com\/#\/schema\/logo\/image\/\",\"url\":\"https:\/\/strangercam.com\/wp-content\/uploads\/2020\/11\/cropped-new-favicon-black.png\",\"contentUrl\":\"https:\/\/strangercam.com\/wp-content\/uploads\/2020\/11\/cropped-new-favicon-black.png\",\"width\":512,\"height\":512,\"caption\":\"Strangercam\"},\"image\":{\"@id\":\"https:\/\/strangercam.com\/#\/schema\/logo\/image\/\"},\"sameAs\":[\"https:\/\/www.facebook.com\/strangercam\",\"https:\/\/x.com\/strangercamapp\"]}]}<\/script>\n<!-- \/ Yoast SEO plugin. -->","yoast_head_json":{"title":"ChatMatch - Czat wideo na \u017cywo z dziewczynami na StrangerCam.com","description":"Lubisz ChatMatch? Przyjd\u017a na czat z ponad 5.000.000 nieznajomych na Stranger Cam za darmo! W\u0142\u0105cz kamer\u0119 i znajd\u017a nowych przyjaci\u00f3\u0142 i mo\u017ce mecz!","robots":{"index":"index","follow":"follow","max-snippet":"max-snippet:-1","max-image-preview":"max-image-preview:large","max-video-preview":"max-video-preview:-1"},"canonical":"https:\/\/strangercam.com\/pl\/chatmatch\/","og_locale":"pl_PL","og_type":"article","og_title":"ChatMatch - Live video chat with girls on StrangerCam.com","og_description":"Like ChatMatch? Come chat with more than 5.000.000 strangers on Stranger Cam for Free! Turn on your cam and find new friends & maby a match!","og_url":"https:\/\/strangercam.com\/pl\/chatmatch\/","og_site_name":"Strangercam","article_publisher":"https:\/\/www.facebook.com\/strangercam","og_image":[{"width":800,"height":532,"url":"https:\/\/strangercam.com\/wp-content\/uploads\/2021\/10\/Untitled-2.png","type":"image\/png"}],"twitter_card":"summary_large_image","twitter_site":"@strangercamapp","twitter_misc":{"Szacowany czas czytania":"7 minut"},"schema":{"@context":"https:\/\/schema.org","@graph":[{"@type":"WebPage","@id":"https:\/\/strangercam.com\/chatmatch\/","url":"https:\/\/strangercam.com\/chatmatch\/","name":"ChatMatch - Czat wideo na \u017cywo z dziewczynami na StrangerCam.com","isPartOf":{"@id":"https:\/\/strangercam.com\/#website"},"datePublished":"2025-04-22T11:45:21+00:00","description":"Lubisz ChatMatch? Przyjd\u017a na czat z ponad 5.000.000 nieznajomych na Stranger Cam za darmo! W\u0142\u0105cz kamer\u0119 i znajd\u017a nowych przyjaci\u00f3\u0142 i mo\u017ce mecz!","breadcrumb":{"@id":"https:\/\/strangercam.com\/chatmatch\/#breadcrumb"},"inLanguage":"pl-PL","potentialAction":[{"@type":"ReadAction","target":["https:\/\/strangercam.com\/chatmatch\/"]}]},{"@type":"BreadcrumbList","@id":"https:\/\/strangercam.com\/chatmatch\/#breadcrumb","itemListElement":[{"@type":"ListItem","position":1,"name":"Home","item":"https:\/\/strangercam.com\/"},{"@type":"ListItem","position":2,"name":"ChatMatch"}]},{"@type":"WebSite","@id":"https:\/\/strangercam.com\/#website","url":"https:\/\/strangercam.com\/","name":"Strangercam","description":"Losowy czat wideo z nieznajomymi","publisher":{"@id":"https:\/\/strangercam.com\/#organization"},"alternateName":"Strangercam.com","potentialAction":[{"@type":"SearchAction","target":{"@type":"EntryPoint","urlTemplate":"https:\/\/strangercam.com\/?s={search_term_string}"},"query-input":{"@type":"PropertyValueSpecification","valueRequired":true,"valueName":"search_term_string"}}],"inLanguage":"pl-PL"},{"@type":"Organization","@id":"https:\/\/strangercam.com\/#organization","name":"Strangercam","alternateName":"Strangercam.com","url":"https:\/\/strangercam.com\/","logo":{"@type":"ImageObject","inLanguage":"pl-PL","@id":"https:\/\/strangercam.com\/#\/schema\/logo\/image\/","url":"https:\/\/strangercam.com\/wp-content\/uploads\/2020\/11\/cropped-new-favicon-black.png","contentUrl":"https:\/\/strangercam.com\/wp-content\/uploads\/2020\/11\/cropped-new-favicon-black.png","width":512,"height":512,"caption":"Strangercam"},"image":{"@id":"https:\/\/strangercam.com\/#\/schema\/logo\/image\/"},"sameAs":["https:\/\/www.facebook.com\/strangercam","https:\/\/x.com\/strangercamapp"]}]}},"_links":{"self":[{"href":"https:\/\/strangercam.com\/pl\/wp-json\/wp\/v2\/pages\/12812","targetHints":{"allow":["GET"]}}],"collection":[{"href":"https:\/\/strangercam.com\/pl\/wp-json\/wp\/v2\/pages"}],"about":[{"href":"https:\/\/strangercam.com\/pl\/wp-json\/wp\/v2\/types\/page"}],"author":[{"embeddable":true,"href":"https:\/\/strangercam.com\/pl\/wp-json\/wp\/v2\/users\/6"}],"replies":[{"embeddable":true,"href":"https:\/\/strangercam.com\/pl\/wp-json\/wp\/v2\/comments?post=12812"}],"version-history":[{"count":2,"href":"https:\/\/strangercam.com\/pl\/wp-json\/wp\/v2\/pages\/12812\/revisions"}],"predecessor-version":[{"id":12814,"href":"https:\/\/strangercam.com\/pl\/wp-json\/wp\/v2\/pages\/12812\/revisions\/12814"}],"wp:attachment":[{"href":"https:\/\/strangercam.com\/pl\/wp-json\/wp\/v2\/media?parent=12812"}],"curies":[{"name":"wp","href":"https:\/\/api.w.org\/{rel}","templated":true}]}}