{"id":12708,"date":"2025-02-07T13:30:21","date_gmt":"2025-02-07T11:30:21","guid":{"rendered":"https:\/\/strangercam.com\/?page_id=12708"},"modified":"2025-02-07T13:30:59","modified_gmt":"2025-02-07T11:30:59","slug":"tochato","status":"publish","type":"page","link":"https:\/\/strangercam.com\/pl\/tochato\/","title":{"rendered":"Tochato"},"content":{"rendered":"<p>W stale ewoluuj\u0105cym krajobrazie komunikacji online, Tochato wy\u0142oni\u0142o si\u0119 jako wyr\u00f3\u017cniaj\u0105ce si\u0119 miejsce dla os\u00f3b poszukuj\u0105cych spontanicznych, tekstowych po\u0142\u0105cze\u0144. Koncentruj\u0105c si\u0119 na anonimowo\u015bci i \u0142atwo\u015bci obs\u0142ugi, Tochato oferuje \u015brodowisko, w kt\u00f3rym mo\u017cna rozpocz\u0105\u0107 rozmow\u0119 z zupe\u0142nie obcymi osobami - i by\u0107 mo\u017ce odej\u015b\u0107 z nowym przyjacielem lub dwoma. Je\u015bli jeste\u015b kim\u015b, kto woli prostot\u0119 czat\u00f3w tekstowych od rozm\u00f3w wideo, Tochato mo\u017ce by\u0107 idealnym cyfrowym miejscem spotka\u0144.<\/p>\n<h2>Czym jest Tochato?<\/h2>\n<p>U podstaw Tochato le\u017cy losowe <a href=\"https:\/\/strangercam.com\/pl\/chathub\/\">czat<\/a> kt\u00f3ra \u0142\u0105czy u\u017cytkownik\u00f3w w pary w celu prowadzenia rozm\u00f3w tekstowych w czasie rzeczywistym. W przeciwie\u0144stwie do wielu nowoczesnych witryn czatowych, kt\u00f3re priorytetowo traktuj\u0105 interakcje wideo, Tochato przyjmuje podej\u015bcie oparte na podstawach, podkre\u015blaj\u0105c czaty tekstowe, aby stworzy\u0107 bardziej komfortowe i niskoci\u015bnieniowe \u015brodowisko.<\/p>\n<ul>\n<li>Anonimowe po\u0142\u0105czenia: Brak wymogu wideo oznacza, \u017ce mo\u017cesz czatowa\u0107 swobodniej bez typowych oczekiwa\u0144 wizualnych.<\/li>\n<li>Natychmiastowe parowanie: Po\u0142\u0105cz si\u0119 z losowym u\u017cytkownikiem za pomoc\u0105 kilku klikni\u0119\u0107.<\/li>\n<li>Przyjazny dla u\u017cytkownika design: Interfejs jest prosty i nieskomplikowany, co u\u0142atwia nawigacj\u0119 pocz\u0105tkuj\u0105cym u\u017cytkownikom.<\/li>\n<\/ul>\n<p>Tochato k\u0142adzie du\u017cy nacisk na spontaniczno\u015b\u0107. Ka\u017cda sesja czatu rozpoczyna si\u0119 bez \u017cadnych uprzedze\u0144 - nigdy nie wiesz, kogo spotkasz. <a href=\"https:\/\/strangercam.com\/pl\/coomeet\/\">spotkanie<\/a> lub jakie historie b\u0119dziesz dzieli\u0107. Ta nieprzewidywalno\u015b\u0107 jest sednem atrakcyjno\u015bci Tochato, oferuj\u0105c dreszczyk emocji zwi\u0105zany z poznawaniem kogo\u015b nowego bez d\u0142ugich proces\u00f3w rejestracji lub skomplikowanej konfiguracji.<\/p>\n<h2>Czy korzystanie z Tochato jest darmowe?<\/h2>\n<p>Jedn\u0105 z najwi\u0119kszych zalet Tochato jest jego dost\u0119pno\u015b\u0107. Platforma jest bezp\u0142atna dla ka\u017cdego. Zazwyczaj nie ma op\u0142aty abonamentowej ani planu premium; po prostu otwierasz stron\u0119 internetow\u0105 i zaczynasz czatowa\u0107. Podczas gdy niekt\u00f3re losowe platformy czatowe blokuj\u0105 zaawansowane funkcje za p\u0142atn\u0105 zapor\u0105, Tochato utrzymuje bezp\u0142atne podej\u015bcie, umo\u017cliwiaj\u0105c ka\u017cdemu u\u017cytkownikowi:<\/p>\n<ul>\n<li>Natychmiastowe \u0142\u0105czenie si\u0119 z przypadkowymi nieznajomymi<\/li>\n<li>Nieograniczona liczba rozm\u00f3w tekstowych<\/li>\n<li>Zapoznaj si\u0119 z r\u00f3\u017cnymi opcjami czatu (je\u015bli s\u0105 dost\u0119pne).<\/li>\n<\/ul>\n<p>Poniewa\u017c Tochato opiera si\u0119 g\u0142\u00f3wnie na komunikacji tekstowej, wi\u0119kszo\u015b\u0107 funkcji nie wymaga du\u017cej przepustowo\u015bci ani specjalistycznego sprz\u0119tu - co jest kolejnym atutem, kt\u00f3ry sprawia, \u017ce wszystko jest zar\u00f3wno op\u0142acalne, jak i bezproblemowe.<\/p>\n<h2>Jak korzysta\u0107 z Tochato<\/h2>\n<p>Jednym z powod\u00f3w, dla kt\u00f3rych Tochato zyska\u0142o popularno\u015b\u0107, jest \u0142atwa konfiguracja. Oto kr\u00f3tkie podsumowanie, jak zacz\u0105\u0107:<\/p>\n<ol>\n<li>Odwied\u017a stron\u0119 internetow\u0105<br \/>\nWystarczy wej\u015b\u0107 na stron\u0119 g\u0142\u00f3wn\u0105 Tochato. Zwykle zobaczysz opcj\u0119 \"Rozpocznij czat\" lub \"Po\u0142\u0105cz\" od razu.<\/li>\n<li>Wejd\u017a na czat<br \/>\nKliknij przycisk, aby rozpocz\u0105\u0107 losowy czat tekstowy. System natychmiast po\u0142\u0105czy Ci\u0119 w par\u0119 z innym u\u017cytkownikiem.<\/li>\n<li>Pozosta\u0144 anonimowy lub ustaw pseudonim<br \/>\nPodczas gdy wielu u\u017cytkownik\u00f3w cieszy si\u0119 anonimowo\u015bci\u0105 wynikaj\u0105c\u0105 z nieu\u017cywania \u017cadnej nazwy, niekt\u00f3re platformy pozwalaj\u0105 na ustawienie pseudonimu. To zale\u017cy wy\u0142\u0105cznie od u\u017cytkownika.<\/li>\n<li>Rozpocznij rozmow\u0119<br \/>\nPo nawi\u0105zaniu po\u0142\u0105czenia wy\u015blij przyjazne powitanie. Je\u015bli rozmowa nie jest odpowiednia, zwykle mo\u017cesz klikn\u0105\u0107 \"Dalej\", aby przej\u015b\u0107 do innego losowego partnera do czatu.<\/li>\n<li>Pami\u0119taj o wytycznych dla spo\u0142eczno\u015bci<br \/>\nAby czat by\u0142 przyjemny dla wszystkich, Tochato cz\u0119sto okre\u015bla podstawowe zasady, takie jak zakaz spamowania lub obra\u017aliwego j\u0119zyka. Upewnij si\u0119, \u017ce przestrzegasz tych wytycznych, aby utrzyma\u0107 pozytywne do\u015bwiadczenia dla siebie i innych.<\/li>\n<\/ol>\n<h2>Do czego najlepiej nadaje si\u0119 Tochato?<\/h2>\n<p>Tochato b\u0142yszczy jako platforma do spontanicznych, niskoci\u015bnieniowych rozm\u00f3w tekstowych. Tutaj naprawd\u0119 si\u0119 wyr\u00f3\u017cnia:<\/p>\n<ul>\n<li>Anonimowo\u015b\u0107 i komfort: Bez dodatkowej warstwy wideo \u0142atwiej jest pozosta\u0107 anonimowym, co pozwala ludziom otworzy\u0107 si\u0119 lub wyrazi\u0107 siebie bardziej swobodnie.<\/li>\n<li>Natychmiastowe po\u0142\u0105czenia: Poniewa\u017c mo\u017cesz natychmiast przej\u015b\u0107 do nast\u0119pnego czatu, nie b\u0119dziesz musia\u0142 d\u0142ugo czeka\u0107, a\u017c kto\u015b do\u0142\u0105czy do twojego pokoju.<\/li>\n<li>Zwyk\u0142y i prosty interfejs: Idealny dla ka\u017cdego, kto chce szybkiej interakcji spo\u0142ecznej bez dzwonk\u00f3w i gwizdk\u00f3w (lub komplikacji) <a href=\"https:\/\/strangercam.com\/pl\/rabbit-video-chat\/\">czat wideo<\/a>.<\/li>\n<li>\u0106wicz umiej\u0119tno\u015bci j\u0119zykowe: Platformy tekstowe doskonale nadaj\u0105 si\u0119 do \u0107wiczenia nowego j\u0119zyka w rozmowach w czasie rzeczywistym z r\u00f3\u017cnymi m\u00f3wcami z ca\u0142ego \u015bwiata.<\/li>\n<\/ul>\n<p>Je\u015bli jeste\u015b kim\u015b, kto preferuje bardziej zrelaksowane \u015brodowisko, w kt\u00f3rym wygl\u0105d i lokalizacja nie s\u0105 najwa\u017cniejsze, podej\u015bcie Tochato oparte wy\u0142\u0105cznie na tek\u015bcie mo\u017ce zaoferowa\u0107 dok\u0142adnie to, czego potrzebujesz.<\/p>\n<h2>Kluczowe cechy Tochato<\/h2>\n<p>Chocia\u017c Tochato jest znane ze swojej prostoty, nadal jest wyposa\u017cone w funkcje zaprojektowane w celu zwi\u0119kszenia komfortu u\u017cytkowania:<\/p>\n<ul>\n<li>Losowe parowanie: Natychmiastowe dopasowanie do os\u00f3b z r\u00f3\u017cnych cz\u0119\u015bci \u015bwiata.<\/li>\n<li>Opcja \"Nast\u0119pny\" u\u017cytkownik: Je\u015bli rozmowa nie idzie dobrze, mo\u017cesz szybko przej\u015b\u0107 do innego u\u017cytkownika.<\/li>\n<li>Minimalna konfiguracja: Nie trzeba pobiera\u0107 \u017cadnych dodatkowych plik\u00f3w ani przeprowadza\u0107 skomplikowanej instalacji - wystarczy otworzy\u0107 stron\u0119 i rozpocz\u0105\u0107 rozmow\u0119.<\/li>\n<li>Responsywny design: Tochato cz\u0119sto dzia\u0142a p\u0142ynnie zar\u00f3wno na komputerach stacjonarnych, jak i urz\u0105dzeniach mobilnych, umo\u017cliwiaj\u0105c czatowanie w podr\u00f3\u017cy.<\/li>\n<li>\u015arodki bezpiecze\u0144stwa: Chocia\u017c konkretne funkcje mog\u0105 si\u0119 r\u00f3\u017cni\u0107, Tochato zazwyczaj zapewnia jak\u0105\u015b form\u0119 moderacji lub narz\u0119dzia do raportowania w celu oznaczenia niew\u0142a\u015bciwego zachowania.<\/li>\n<\/ul>\n<p>Poniewa\u017c jest darmowy i prosty, jest \u015bwietn\u0105 platform\u0105 do szybkich, spontanicznych interakcji - nie wymaga tworzenia konta ani rozbudowanych profili u\u017cytkownik\u00f3w.<\/p>\n<h2>Jakie s\u0105 alternatywy dla Tochato?<\/h2>\n<p>Je\u015bli lubisz losowe czaty tekstowe, istnieje kilka alternatywnych platform, kt\u00f3re mog\u0105 Ci\u0119 zainteresowa\u0107. Strony takie jak <a href=\"https:\/\/strangercam.com\/pl\/omegle\/\">Omegle<\/a> lub <a href=\"https:\/\/strangercam.com\/pl\/chatroulette\/\">Chatroulette<\/a> (cho\u0107 maj\u0105 one r\u00f3wnie\u017c opcje wideo) zapewniaj\u0105 tryby tylko tekstowe, podczas gdy bardziej zorientowane na spo\u0142eczno\u015b\u0107 witryny umo\u017cliwiaj\u0105 do\u0142\u0105czenie do czat\u00f3w tematycznych. Tochato wyr\u00f3\u017cnia si\u0119 jednak silnym naciskiem na tekst zamiast wideo, szczeg\u00f3lnie dla u\u017cytkownik\u00f3w, kt\u00f3rzy preferuj\u0105 anonimowo\u015b\u0107 i prostot\u0119.<\/p>\n<p>Odkrywanie r\u00f3\u017cnych witryn mo\u017ce by\u0107 zabawne i pom\u00f3c w znalezieniu idealnej spo\u0142eczno\u015bci czatu, ale Tochato pozostaje najlepszym wyborem dla tych, kt\u00f3rzy kochaj\u0105 nieskomplikowane, losowe rozmowy tekstowe.<\/p>\n<h2>Wnioski<\/h2>\n<p>Je\u015bli szukasz platformy, na kt\u00f3rej mo\u017cesz prowadzi\u0107 spontaniczne rozmowy tekstowe z zupe\u0142nie obcymi osobami - bez konieczno\u015bci radzenia sobie z presj\u0105 zwi\u0105zan\u0105 z czatem wideo - Tochato jest warte poznania. Darmowy, intuicyjny i wyposa\u017cony w wystarczaj\u0105c\u0105 liczb\u0119 funkcji, aby utrzyma\u0107 interesuj\u0105ce rzeczy, oddaje dreszczyk emocji zwi\u0105zany z poznawaniem nowych ludzi, zachowuj\u0105c jednocze\u015bnie wyluzowan\u0105, anonimow\u0105 atmosfer\u0119. Wypr\u00f3buj Tochato, a by\u0107 mo\u017ce przekonasz si\u0119, \u017ce do nawi\u0105zania warto\u015bciowych znajomo\u015bci wystarczy tylko wiadomo\u015b\u0107 tekstowa.<\/p>","protected":false},"excerpt":{"rendered":"<p>In the ever-evolving landscape of online communication, Tochato has emerged as a standout destination for those seeking spontaneous, text-based connections. With a focus on anonymity and user-friendliness, Tochato offers an environment where you can strike up a conversation with complete strangers\u2014and possibly walk away with a new friend or two. If you\u2019re someone who prefers [&hellip;]<\/p>\n","protected":false},"author":6,"featured_media":0,"parent":0,"menu_order":0,"comment_status":"closed","ping_status":"closed","template":"","meta":{"footnotes":""},"class_list":["post-12708","page","type-page","status-publish","hentry"],"yoast_head":"<!-- This site is optimized with the Yoast SEO plugin v27.4 - https:\/\/yoast.com\/product\/yoast-seo-wordpress\/ -->\n<title>Tochato - Free random chat with strangers on StrangerCam.com<\/title>\n<meta name=\"description\" content=\"Like Tochato? Come chat with more than 5.000.000 strangers on Stranger Cam for Free! Turn on your cam and find new friends &amp; maby a match!\" \/>\n<meta name=\"robots\" content=\"index, follow, max-snippet:-1, max-image-preview:large, max-video-preview:-1\" \/>\n<link rel=\"canonical\" href=\"https:\/\/strangercam.com\/pl\/tochato\/\" \/>\n<meta property=\"og:locale\" content=\"pl_PL\" \/>\n<meta property=\"og:type\" content=\"article\" \/>\n<meta property=\"og:title\" content=\"Tochato - Free random chat with strangers on StrangerCam.com\" \/>\n<meta property=\"og:description\" content=\"Like Tochato? Come chat with more than 5.000.000 strangers on Stranger Cam for Free! Turn on your cam and find new friends &amp; maby a match!\" \/>\n<meta property=\"og:url\" content=\"https:\/\/strangercam.com\/pl\/tochato\/\" \/>\n<meta property=\"og:site_name\" content=\"Strangercam\" \/>\n<meta property=\"article:publisher\" content=\"https:\/\/www.facebook.com\/strangercam\" \/>\n<meta property=\"article:modified_time\" content=\"2025-02-07T11:30:59+00:00\" \/>\n<meta property=\"og:image\" content=\"https:\/\/strangercam.com\/wp-content\/uploads\/2021\/10\/Untitled-2.png\" \/>\n\t<meta property=\"og:image:width\" content=\"800\" \/>\n\t<meta property=\"og:image:height\" content=\"532\" \/>\n\t<meta property=\"og:image:type\" content=\"image\/png\" \/>\n<meta name=\"twitter:card\" content=\"summary_large_image\" \/>\n<meta name=\"twitter:site\" content=\"@strangercamapp\" \/>\n<meta name=\"twitter:label1\" content=\"Szacowany czas czytania\" \/>\n\t<meta name=\"twitter:data1\" content=\"4 minuty\" \/>\n<script type=\"application\/ld+json\" class=\"yoast-schema-graph\">{\"@context\":\"https:\\\/\\\/schema.org\",\"@graph\":[{\"@type\":\"WebPage\",\"@id\":\"https:\\\/\\\/strangercam.com\\\/tochato\\\/\",\"url\":\"https:\\\/\\\/strangercam.com\\\/tochato\\\/\",\"name\":\"Tochato - Free random chat with strangers on StrangerCam.com\",\"isPartOf\":{\"@id\":\"https:\\\/\\\/strangercam.com\\\/#website\"},\"datePublished\":\"2025-02-07T11:30:21+00:00\",\"dateModified\":\"2025-02-07T11:30:59+00:00\",\"description\":\"Like Tochato? Come chat with more than 5.000.000 strangers on Stranger Cam for Free! Turn on your cam and find new friends & maby a match!\",\"breadcrumb\":{\"@id\":\"https:\\\/\\\/strangercam.com\\\/tochato\\\/#breadcrumb\"},\"inLanguage\":\"pl-PL\",\"potentialAction\":[{\"@type\":\"ReadAction\",\"target\":[\"https:\\\/\\\/strangercam.com\\\/tochato\\\/\"]}]},{\"@type\":\"BreadcrumbList\",\"@id\":\"https:\\\/\\\/strangercam.com\\\/tochato\\\/#breadcrumb\",\"itemListElement\":[{\"@type\":\"ListItem\",\"position\":1,\"name\":\"Home\",\"item\":\"https:\\\/\\\/strangercam.com\\\/\"},{\"@type\":\"ListItem\",\"position\":2,\"name\":\"Tochato\"}]},{\"@type\":\"WebSite\",\"@id\":\"https:\\\/\\\/strangercam.com\\\/#website\",\"url\":\"https:\\\/\\\/strangercam.com\\\/\",\"name\":\"Strangercam\",\"description\":\"Random Video Chat with Strangers\",\"publisher\":{\"@id\":\"https:\\\/\\\/strangercam.com\\\/#organization\"},\"alternateName\":\"Strangercam.com\",\"potentialAction\":[{\"@type\":\"SearchAction\",\"target\":{\"@type\":\"EntryPoint\",\"urlTemplate\":\"https:\\\/\\\/strangercam.com\\\/?s={search_term_string}\"},\"query-input\":{\"@type\":\"PropertyValueSpecification\",\"valueRequired\":true,\"valueName\":\"search_term_string\"}}],\"inLanguage\":\"pl-PL\"},{\"@type\":\"Organization\",\"@id\":\"https:\\\/\\\/strangercam.com\\\/#organization\",\"name\":\"Strangercam\",\"alternateName\":\"Strangercam.com\",\"url\":\"https:\\\/\\\/strangercam.com\\\/\",\"logo\":{\"@type\":\"ImageObject\",\"inLanguage\":\"pl-PL\",\"@id\":\"https:\\\/\\\/strangercam.com\\\/#\\\/schema\\\/logo\\\/image\\\/\",\"url\":\"https:\\\/\\\/strangercam.com\\\/wp-content\\\/uploads\\\/2020\\\/11\\\/cropped-new-favicon-black.png\",\"contentUrl\":\"https:\\\/\\\/strangercam.com\\\/wp-content\\\/uploads\\\/2020\\\/11\\\/cropped-new-favicon-black.png\",\"width\":512,\"height\":512,\"caption\":\"Strangercam\"},\"image\":{\"@id\":\"https:\\\/\\\/strangercam.com\\\/#\\\/schema\\\/logo\\\/image\\\/\"},\"sameAs\":[\"https:\\\/\\\/www.facebook.com\\\/strangercam\",\"https:\\\/\\\/x.com\\\/strangercamapp\"]}]}<\/script>\n<!-- \/ Yoast SEO plugin. -->","yoast_head_json":{"title":"Tochato - Darmowy losowy czat z nieznajomymi na StrangerCam.com","description":"Jak Tochato? Przyjd\u017a na czat z ponad 5.000.000 nieznajomych na Stranger Cam za darmo! W\u0142\u0105cz kamer\u0119 i znajd\u017a nowych przyjaci\u00f3\u0142 i mo\u017ce mecz!","robots":{"index":"index","follow":"follow","max-snippet":"max-snippet:-1","max-image-preview":"max-image-preview:large","max-video-preview":"max-video-preview:-1"},"canonical":"https:\/\/strangercam.com\/pl\/tochato\/","og_locale":"pl_PL","og_type":"article","og_title":"Tochato - Free random chat with strangers on StrangerCam.com","og_description":"Like Tochato? Come chat with more than 5.000.000 strangers on Stranger Cam for Free! Turn on your cam and find new friends & maby a match!","og_url":"https:\/\/strangercam.com\/pl\/tochato\/","og_site_name":"Strangercam","article_publisher":"https:\/\/www.facebook.com\/strangercam","article_modified_time":"2025-02-07T11:30:59+00:00","og_image":[{"width":800,"height":532,"url":"https:\/\/strangercam.com\/wp-content\/uploads\/2021\/10\/Untitled-2.png","type":"image\/png"}],"twitter_card":"summary_large_image","twitter_site":"@strangercamapp","twitter_misc":{"Szacowany czas czytania":"4 minuty"},"schema":{"@context":"https:\/\/schema.org","@graph":[{"@type":"WebPage","@id":"https:\/\/strangercam.com\/tochato\/","url":"https:\/\/strangercam.com\/tochato\/","name":"Tochato - Darmowy losowy czat z nieznajomymi na StrangerCam.com","isPartOf":{"@id":"https:\/\/strangercam.com\/#website"},"datePublished":"2025-02-07T11:30:21+00:00","dateModified":"2025-02-07T11:30:59+00:00","description":"Jak Tochato? Przyjd\u017a na czat z ponad 5.000.000 nieznajomych na Stranger Cam za darmo! W\u0142\u0105cz kamer\u0119 i znajd\u017a nowych przyjaci\u00f3\u0142 i mo\u017ce mecz!","breadcrumb":{"@id":"https:\/\/strangercam.com\/tochato\/#breadcrumb"},"inLanguage":"pl-PL","potentialAction":[{"@type":"ReadAction","target":["https:\/\/strangercam.com\/tochato\/"]}]},{"@type":"BreadcrumbList","@id":"https:\/\/strangercam.com\/tochato\/#breadcrumb","itemListElement":[{"@type":"ListItem","position":1,"name":"Home","item":"https:\/\/strangercam.com\/"},{"@type":"ListItem","position":2,"name":"Tochato"}]},{"@type":"WebSite","@id":"https:\/\/strangercam.com\/#website","url":"https:\/\/strangercam.com\/","name":"Strangercam","description":"Losowy czat wideo z nieznajomymi","publisher":{"@id":"https:\/\/strangercam.com\/#organization"},"alternateName":"Strangercam.com","potentialAction":[{"@type":"SearchAction","target":{"@type":"EntryPoint","urlTemplate":"https:\/\/strangercam.com\/?s={search_term_string}"},"query-input":{"@type":"PropertyValueSpecification","valueRequired":true,"valueName":"search_term_string"}}],"inLanguage":"pl-PL"},{"@type":"Organization","@id":"https:\/\/strangercam.com\/#organization","name":"Strangercam","alternateName":"Strangercam.com","url":"https:\/\/strangercam.com\/","logo":{"@type":"ImageObject","inLanguage":"pl-PL","@id":"https:\/\/strangercam.com\/#\/schema\/logo\/image\/","url":"https:\/\/strangercam.com\/wp-content\/uploads\/2020\/11\/cropped-new-favicon-black.png","contentUrl":"https:\/\/strangercam.com\/wp-content\/uploads\/2020\/11\/cropped-new-favicon-black.png","width":512,"height":512,"caption":"Strangercam"},"image":{"@id":"https:\/\/strangercam.com\/#\/schema\/logo\/image\/"},"sameAs":["https:\/\/www.facebook.com\/strangercam","https:\/\/x.com\/strangercamapp"]}]}},"_links":{"self":[{"href":"https:\/\/strangercam.com\/pl\/wp-json\/wp\/v2\/pages\/12708","targetHints":{"allow":["GET"]}}],"collection":[{"href":"https:\/\/strangercam.com\/pl\/wp-json\/wp\/v2\/pages"}],"about":[{"href":"https:\/\/strangercam.com\/pl\/wp-json\/wp\/v2\/types\/page"}],"author":[{"embeddable":true,"href":"https:\/\/strangercam.com\/pl\/wp-json\/wp\/v2\/users\/6"}],"replies":[{"embeddable":true,"href":"https:\/\/strangercam.com\/pl\/wp-json\/wp\/v2\/comments?post=12708"}],"version-history":[{"count":1,"href":"https:\/\/strangercam.com\/pl\/wp-json\/wp\/v2\/pages\/12708\/revisions"}],"predecessor-version":[{"id":12709,"href":"https:\/\/strangercam.com\/pl\/wp-json\/wp\/v2\/pages\/12708\/revisions\/12709"}],"wp:attachment":[{"href":"https:\/\/strangercam.com\/pl\/wp-json\/wp\/v2\/media?parent=12708"}],"curies":[{"name":"wp","href":"https:\/\/api.w.org\/{rel}","templated":true}]}}