{"id":12702,"date":"2025-02-07T13:19:12","date_gmt":"2025-02-07T11:19:12","guid":{"rendered":"https:\/\/strangercam.com\/?page_id=12702"},"modified":"2025-02-07T13:21:09","modified_gmt":"2025-02-07T11:21:09","slug":"chattijd","status":"publish","type":"page","link":"https:\/\/strangercam.com\/pl\/chattijd\/","title":{"rendered":"Chattijd"},"content":{"rendered":"<p>W szybko zmieniaj\u0105cym si\u0119 \u015bwiecie komunikacji online, Chattijd szybko sta\u0142 si\u0119 \u017cyw\u0105 i anga\u017cuj\u0105c\u0105 platform\u0105 \u0142\u0105cz\u0105c\u0105 ludzi ze wszystkich zak\u0105tk\u00f3w \u015bwiata. Niezale\u017cnie od tego, czy szukasz swobodnej rozmowy, znacz\u0105cych przyja\u017ani, czy interaktywnej rozrywki, ta holenderska platforma oferuje szereg mo\u017cliwo\u015bci nawi\u0105zania kontaktu z podobnie my\u015bl\u0105cymi osobami.<\/p>\n<p>Do\u0142\u0105cz do nas i zanurz si\u0119 w \u015bwiat Chattijd, odkrywaj\u0105c jego funkcje, zalety i to, co czyni go ulubionym dla tych, kt\u00f3rzy ceni\u0105 sobie dynamiczne rozmowy w czasie rzeczywistym. Tutaj ka\u017cdy <a href=\"https:\/\/strangercam.com\/pl\/chatroulette\/\">czat<\/a> mo\u017ce prowadzi\u0107 do nowych odkry\u0107, dzi\u0119ki czemu jest czym\u015b wi\u0119cej ni\u017c tylko kolejn\u0105 platform\u0105 internetow\u0105 - to globalna spo\u0142eczno\u015b\u0107 zbudowana na prawdziwych kontaktach i ekscytuj\u0105cych interakcjach.<\/p>\n<h2>Czym jest Chattijd?<\/h2>\n<p>Podczas nawigacji po stale rozwijaj\u0105cym si\u0119 wszech\u015bwiecie platform czatu online, Chattijd wyr\u00f3\u017cnia si\u0119 jako \u015bwie\u017ce i ekscytuj\u0105ce miejsce do <a href=\"https:\/\/strangercam.com\/pl\/coomeet\/\">spotkanie<\/a> i wchodzi\u0107 w interakcje z nowymi osobami. W przeciwie\u0144stwie do tradycyjnych us\u0142ug przesy\u0142ania wiadomo\u015bci, Chattijd k\u0142adzie du\u017cy nacisk na tworzenie autentycznych po\u0142\u0105cze\u0144, zapewniaj\u0105c, \u017ce ka\u017cda rozmowa jest znacz\u0105ca i anga\u017cuj\u0105ca.<\/p>\n<p>W swojej istocie Chattijd ma by\u0107 czym\u015b wi\u0119cej ni\u017c tylko portalem do czatowania. To portal spo\u0142eczno\u015bciowy <a href=\"https:\/\/strangercam.com\/pl\/chathub\/\">piasta<\/a> gdzie przyja\u017anie mog\u0105 si\u0119 rozwija\u0107, a ka\u017cda interakcja mo\u017ce sta\u0107 si\u0119 niezapomnianym do\u015bwiadczeniem. Platforma integruje najnowocze\u015bniejsze funkcje - od natychmiastowego czatu na \u017cywo po zabawne elementy interaktywne - kt\u00f3re sprawiaj\u0105, \u017ce rozmowa jest p\u0142ynna i przyjemna.<\/p>\n<ul>\n<li>Opcje czatu na \u017cywo: Natychmiastowy kontakt z u\u017cytkownikami na ca\u0142ym \u015bwiecie.<\/li>\n<li>Konfigurowalne profile: Wyra\u017a siebie, dostosowuj\u0105c sw\u00f3j profil tak, aby odzwierciedla\u0142 Twoj\u0105 osobowo\u015b\u0107 i zainteresowania.<\/li>\n<li>Interaktywne aktywno\u015bci: We\u017a udzia\u0142 w zabawnych grach i quizach, kt\u00f3re pobudz\u0105 rozmow\u0119 i pomog\u0105 prze\u0142ama\u0107 lody.<\/li>\n<\/ul>\n<p>To, co naprawd\u0119 wyr\u00f3\u017cnia Chattijd, to zaanga\u017cowanie w promowanie bezpiecznego, integracyjnego \u015brodowiska. Zesp\u00f3\u0142 stoj\u0105cy za Chattijd intensywnie inwestuje w bezpieczne technologie i praktyki moderacji, aby zapewni\u0107, \u017ce bezpiecze\u0144stwo online ka\u017cdego u\u017cytkownika jest najwy\u017cszym priorytetem. To zaanga\u017cowanie w zapewnienie przyjaznego <a href=\"https:\/\/strangercam.com\/pl\/mocospace\/\">przestrze\u0144<\/a> sprawi\u0142a, \u017ce Chattijd znalaz\u0142 si\u0119 w czo\u0142\u00f3wce us\u0142ug czatu online w Holandii i poza ni\u0105.<\/p>\n<p>W miar\u0119 poznawania platformy staje si\u0119 oczywiste, \u017ce Chattijd zosta\u0142 zaprojektowany, aby zrewolucjonizowa\u0107 spos\u00f3b, w jaki ludzie komunikuj\u0105 si\u0119 online. \u0141\u0105cz\u0105c odkrywanie spo\u0142eczno\u015bci z interaktywn\u0105 rozrywk\u0105, zmienia nasz\u0105 koncepcj\u0119 czatu online - przekszta\u0142caj\u0105c proste rozmowy w okazje do nauki, rozwoju i nawi\u0105zywania prawdziwych kontakt\u00f3w z lud\u017ami z r\u00f3\u017cnych \u015brodowisk.<\/p>\n<h2>Czy korzystanie z Chattijd jest darmowe?<\/h2>\n<p>Jednym z najcz\u0119stszych pyta\u0144 dotycz\u0105cych dowolnej us\u0142ugi czatu online jest to, czy jest ona bezp\u0142atna. Chattijd oferuje elastyczno\u015b\u0107, zapewniaj\u0105c zar\u00f3wno opcje bezp\u0142atne, jak i premium, aby dopasowa\u0107 si\u0119 do r\u00f3\u017cnych preferencji u\u017cytkownik\u00f3w i bud\u017cet\u00f3w.<\/p>\n<ul>\n<li>Bezp\u0142atne cz\u0142onkostwo:\n<ul>\n<li>Wysy\u0142anie i odbieranie wiadomo\u015bci<\/li>\n<li>Join czaty publiczne<\/li>\n<li>Przegl\u0105danie profili u\u017cytkownik\u00f3w<\/li>\n<\/ul>\n<p>Darmowe konto zapewnia dost\u0119p do podstawowych funkcji, kt\u00f3re sprawiaj\u0105, \u017ce Chattijd jest tak anga\u017cuj\u0105c\u0105 spo\u0142eczno\u015bci\u0105. To \u015bwietny spos\u00f3b na poznanie platformy bez \u017cadnych zobowi\u0105za\u0144 finansowych.<\/li>\n<li>Cz\u0142onkostwo Premium:<br \/>\nDla u\u017cytkownik\u00f3w poszukuj\u0105cych jeszcze bogatszych wra\u017ce\u0144, cz\u0142onkostwo premium Chattijd odblokowuje zaawansowane funkcje i korzy\u015bci:<\/p>\n<ul>\n<li>Nieograniczony dost\u0119p do wszystkich czat\u00f3w<\/li>\n<li>Zaawansowane filtry wyszukiwania<\/li>\n<li>Do\u015bwiadczenie bez reklam<\/li>\n<li>Priorytetowa obs\u0142uga klienta<\/li>\n<\/ul>\n<\/li>\n<\/ul>\n<p>Poni\u017cej znajduje si\u0119 kr\u00f3tki przegl\u0105d koszt\u00f3w cz\u0142onkostwa:<\/p>\n<table>\n<thead>\n<tr>\n<th>Cz\u0142onkostwo<\/th>\n<th>Koszt miesi\u0119czny<\/th>\n<th>Koszt roczny<\/th>\n<\/tr>\n<\/thead>\n<tbody>\n<tr>\n<td>Darmowy<\/td>\n<td>$0<\/td>\n<td>$0<\/td>\n<\/tr>\n<tr>\n<td>Premium<\/td>\n<td>$9.99<\/td>\n<td>$99.90<\/td>\n<\/tr>\n<\/tbody>\n<\/table>\n<p>Niezale\u017cnie od tego, czy zdecydujesz si\u0119 na darmowy plan, czy zdecydujesz si\u0119 na uaktualnienie do dodatkowych funkcji, Chattijd zachowuje ten sam podstawowy cel: zapewnienie \u017cywego i bezpiecznego \u015brodowiska, w kt\u00f3rym mo\u017cesz \u0142\u0105czy\u0107 si\u0119 z innymi, dzieli\u0107 si\u0119 do\u015bwiadczeniami i dobrze si\u0119 bawi\u0107.<\/p>\n<h2>Jak korzysta\u0107 z Chattijd<\/h2>\n<p>Korzystanie z Chattijd jest proste, dzi\u0119ki czemu ka\u017cdy mo\u017ce od razu rozpocz\u0105\u0107 czatowanie. Oto przewodnik krok po kroku, kt\u00f3ry pomo\u017ce ci zacz\u0105\u0107:<\/p>\n<ol>\n<li>Utw\u00f3rz sw\u00f3j profil<br \/>\nRozpocznij od rejestracji bezp\u0142atnego konta. Spersonalizuj sw\u00f3j profil za pomoc\u0105 nazwy u\u017cytkownika, zdj\u0119cia profilowego i kr\u00f3tkiego opisu swojej osoby. Podkre\u015bl swoje zainteresowania, aby si\u0119 wyr\u00f3\u017cni\u0107 i u\u0142atwi\u0107 u\u017cytkownikom o podobnych zainteresowaniach znalezienie Ci\u0119.<\/li>\n<li>Przegl\u0105daj pokoje czatu<br \/>\nChattijd obs\u0142uguje wiele publicznych pokoj\u00f3w rozm\u00f3w. Pokoje te dotycz\u0105 r\u00f3\u017cnych temat\u00f3w i zainteresowa\u0144 - od muzyki i gier po podr\u00f3\u017ce i zwyk\u0142e pogaw\u0119dki. Wskoczenie do tych pokoj\u00f3w mo\u017ce by\u0107 \u015bwietnym sposobem na odkrycie nowych ludzi i rozpocz\u0119cie interesuj\u0105cych dyskusji.<\/li>\n<li>Prywatne czaty i bezpo\u015brednie wiadomo\u015bci<br \/>\nJe\u015bli wolisz bardziej skoncentrowane rozmowy jeden na jeden, Chattijd oferuje r\u00f3wnie\u017c bezpo\u015brednie wiadomo\u015bci. Skorzystaj z funkcji wyszukiwania, aby znale\u017a\u0107 u\u017cytkownik\u00f3w, kt\u00f3rzy podzielaj\u0105 twoje zainteresowania lub po prostu rozpocznij prywatny czat z kim\u015b, kto przyci\u0105ga twoj\u0105 uwag\u0119 w pokojach publicznych.<\/li>\n<li>Funkcje interaktywne<br \/>\nSkorzystaj z interaktywnych gier, quiz\u00f3w i innych zabawnych funkcji, aby prze\u0142ama\u0107 lody. Dzia\u0142ania te mog\u0105 przekszta\u0142ci\u0107 standardow\u0105 rozmow\u0119 w niezapomniane wsp\u00f3lne do\u015bwiadczenie, pomagaj\u0105c w bardziej naturalnym nawi\u0105zywaniu kontakt\u00f3w.<\/li>\n<li>Aktualizacja do wersji Premium (opcjonalnie)<br \/>\nJe\u015bli pragniesz wi\u0119cej funkcji - takich jak zaawansowane filtry wyszukiwania, przegl\u0105danie bez reklam i priorytetowe wsparcie - rozwa\u017c subskrypcj\u0119 premium. Pozwoli to odblokowa\u0107 pe\u0142ny potencja\u0142 Chattijd, zapewniaj\u0105c jeszcze p\u0142ynniejsz\u0105 i bardziej spersonalizowan\u0105 obs\u0142ug\u0119 czatu.<\/li>\n<\/ol>\n<h2>Do czego najlepiej nadaje si\u0119 Chattijd?<\/h2>\n<p>Chattijd wyr\u00f3\u017cnia si\u0119 w r\u00f3\u017cnych obszarach, dzi\u0119ki czemu jest atrakcyjny dla szerokiego grona u\u017cytkownik\u00f3w:<\/p>\n<ol>\n<li>Wspieranie prawdziwych wi\u0119zi<br \/>\nSkupiaj\u0105c si\u0119 na autentyczno\u015bci, Chattijd u\u0142atwia znalezienie innych, kt\u00f3rzy dziel\u0105 podobne pasje. Niezale\u017cnie od tego, czy szukasz przyja\u017ani, wsparcia, czy nawet czego\u015b wi\u0119cej, przyjazny dla u\u017cytkownika interfejs Chattijd i wspieraj\u0105ca spo\u0142eczno\u015b\u0107 s\u0105 idealne do piel\u0119gnowania znacz\u0105cych relacji.<\/li>\n<li>R\u00f3\u017cnorodne tematy rozm\u00f3w<br \/>\nOd czat\u00f3w hobbystycznych po dyskusje w czasie rzeczywistym na temat bie\u017c\u0105cych wydarze\u0144, platforma oferuje szeroki wyb\u00f3r temat\u00f3w do rozm\u00f3w. Ta r\u00f3\u017cnorodno\u015b\u0107 sprawia, \u017ce ka\u017cda wizyta na Chattijd jest wyj\u0105tkowa i pe\u0142na mo\u017cliwo\u015bci poznania nowych ludzi.<\/li>\n<li>Bezpieczne i przyjazne \u015brodowisko<br \/>\nBezpiecze\u0144stwo online jest najwa\u017cniejsze w Chattijd. Ci\u0105g\u0142a moderacja i zaawansowane \u015brodki bezpiecze\u0144stwa pomagaj\u0105 stworzy\u0107 przestrze\u0144, w kt\u00f3rej mo\u017cna swobodnie rozmawia\u0107, nie martwi\u0105c si\u0119 o prywatno\u015b\u0107 lub niechciane interakcje.<\/li>\n<li>Rozrywka dzi\u0119ki interaktywno\u015bci<br \/>\nZnudzony zwyk\u0142\u0105 wymian\u0105 tekstu? Chattijd integruje zabawne funkcje, takie jak gry i quizy, dodaj\u0105c zabawny akcent do rozm\u00f3w. Te beztroskie dodatki u\u0142atwiaj\u0105 nawi\u0105zywanie kontakt\u00f3w i utrzymuj\u0105 \u015bwie\u017co\u015b\u0107 do\u015bwiadczenia.<\/li>\n<\/ol>\n<p>Maj\u0105c na uwadze te mocne strony, Chattijd idealnie nadaje si\u0119 dla ka\u017cdego, kto szuka zabawnych, autentycznych interakcji w bezpiecznym \u015brodowisku online.<\/p>\n<h2>Jakie funkcje oferuje Chattijd?<\/h2>\n<p>Chattijd wyposa\u017cony jest w szereg funkcji maj\u0105cych na celu uczynienie sesji czatu tak przyjemnymi i wszechstronnymi, jak to tylko mo\u017cliwe. Poni\u017cej znajduje si\u0119 kilka najwa\u017cniejszych z nich:<\/p>\n<ul>\n<li>Konfigurowalne profile<br \/>\nOsobista ekspresja jest wa\u017cn\u0105 cz\u0119\u015bci\u0105 interakcji online. Chattijd pozwala ci stworzy\u0107 sw\u00f3j profil w spos\u00f3b, kt\u00f3ry odzwierciedla twoje prawdziwe ja, pomagaj\u0105c innym zobaczy\u0107, czym si\u0119 pasjonujesz.<\/li>\n<li>Funkcjonalno\u015b\u0107 czatu na \u017cywo<br \/>\nDo\u015bwiadcz natychmiastowej \u0142\u0105czno\u015bci z lud\u017ami na ca\u0142ym \u015bwiecie za po\u015brednictwem wiadomo\u015bci w czasie rzeczywistym. Jest szybki, przyjazny dla u\u017cytkownika i idealny do spontanicznych rozm\u00f3w, kt\u00f3re mog\u0105 obejmowa\u0107 zar\u00f3wno lekkie przekomarzanie si\u0119, jak i dog\u0142\u0119bne dyskusje.<\/li>\n<li>Interaktywne gry i quizy<br \/>\nDla tych, kt\u00f3rzy kochaj\u0105 odrobin\u0119 dodatkowej zabawy, te funkcje prze\u0142amuj\u0105 lody bez wysi\u0142ku. Rzu\u0107 wyzwanie nowemu znajomemu w szybkiej grze lub odpowiedz na quizy, aby znale\u017a\u0107 wsp\u00f3lne zainteresowania.<\/li>\n<li>Zaawansowane \u015brodki bezpiecze\u0144stwa<br \/>\nTwoje bezpiecze\u0144stwo jest kluczowe. Zaanga\u017cowanie Chattijd w ochron\u0119 prywatno\u015bci i solidne narz\u0119dzia moderacji zapewniaj\u0105, \u017ce mo\u017cesz anga\u017cowa\u0107 si\u0119 bez obaw, wiedz\u0105c, \u017ce Twoje rozmowy s\u0105 bezpieczne.<\/li>\n<li>Elastyczne opcje cz\u0142onkostwa<br \/>\nNiezale\u017cnie od tego, czy wolisz darmowe konto, czy subskrypcj\u0119 premium, Chattijd zapewnia wiele sposob\u00f3w korzystania z platformy. Darmowi u\u017cytkownicy mog\u0105 korzysta\u0107 z wi\u0119kszo\u015bci kluczowych funkcji, podczas gdy subskrybenci premium ciesz\u0105 si\u0119 przegl\u0105daniem bez reklam, priorytetowym wsparciem i zaawansowanymi mo\u017cliwo\u015bciami wyszukiwania.<\/li>\n<\/ul>\n<p>Dzi\u0119ki tak wszechstronnemu zestawowi narz\u0119dzi, Chattijd jest dobrze wyposa\u017cony, aby zaspokoi\u0107 r\u00f3\u017cne gusta i wymagania, zapewniaj\u0105c, \u017ce ka\u017cda rozmowa jest satysfakcjonuj\u0105ca i bezproblemowa.<\/p>\n<h2>Jakie s\u0105 alternatywy dla Chattijd?<\/h2>\n<p>Podczas gdy Chattijd wyrze\u017abi\u0142 nisz\u0119 jako wiod\u0105ce miejsce do czatowania online - szczeg\u00f3lnie dla os\u00f3b m\u00f3wi\u0105cych po holendersku - nie jest to jedyna platforma, na kt\u00f3rej mo\u017cna nawi\u0105zywa\u0107 kontakty towarzyskie i odkrywa\u0107 anga\u017cuj\u0105ce spo\u0142eczno\u015bci. Inne us\u0142ugi czatu oferuj\u0105 w\u0142asne, unikalne podej\u015bcie do interakcji online, koncentruj\u0105c si\u0119 na okre\u015blonych funkcjach lub grupach demograficznych.<\/p>\n<p>Niekt\u00f3re platformy k\u0142ad\u0105 nacisk na <a href=\"https:\/\/strangercam.com\/pl\/rabbit-video-chat\/\">wideo<\/a> podczas gdy inne mog\u0105 specjalizowa\u0107 si\u0119 w czatach tematycznych lub funkcjach randkowych. Eksploruj\u0105c te alternatywy, mo\u017cna znale\u017a\u0107 witryny, kt\u00f3re zaspokajaj\u0105 niszowe tematy lub wyspecjalizowane formy zaanga\u017cowania. Jednak po\u0142\u0105czenie bezpiecznej interakcji w czasie rzeczywistym, przyjaznej dla u\u017cytkownika konstrukcji i opcjonalnych funkcji premium sprawia, \u017ce Chattijd jest doskona\u0142ym wyborem dla ka\u017cdego, kto szuka wieloaspektowego do\u015bwiadczenia na czacie.<\/p>\n<h2>Wnioski<\/h2>\n<p>Dzi\u0119ki po\u0142\u0105czeniu solidnych \u015brodk\u00f3w bezpiecze\u0144stwa, przyjaznych dla u\u017cytkownika funkcji i zr\u00f3\u017cnicowanej spo\u0142eczno\u015bci, Chattijd udowadnia, \u017ce czatowanie online mo\u017ce by\u0107 zar\u00f3wno zabawne, jak i wzbogacaj\u0105ce. Niezale\u017cnie od tego, czy wybierzesz darmowe cz\u0142onkostwo, czy zdecydujesz si\u0119 na korzy\u015bci premium, znajdziesz niesko\u0144czone mo\u017cliwo\u015bci \u0142\u0105czenia si\u0119, udost\u0119pniania i odkrywania nowych przyja\u017ani. Zanurz si\u0119 w Chattijd ju\u017c dzi\u015b i poznaj \u015bwiat t\u0119tni\u0105cych \u017cyciem rozm\u00f3w w czasie rzeczywistym - a wszystko to w zaciszu w\u0142asnego urz\u0105dzenia.<\/p>","protected":false},"excerpt":{"rendered":"<p>In the fast-paced world of online communication, Chattijd has quickly established itself as a lively and engaging platform connecting people from all corners of the globe. Whether you\u2019re searching for casual conversation, meaningful friendships, or interactive entertainment, this Dutch-based platform offers an array of opportunities to connect with like-minded individuals. Join us as we dive [&hellip;]<\/p>\n","protected":false},"author":6,"featured_media":0,"parent":0,"menu_order":0,"comment_status":"closed","ping_status":"closed","template":"","meta":{"footnotes":""},"class_list":["post-12702","page","type-page","status-publish","hentry"],"yoast_head":"<!-- This site is optimized with the Yoast SEO plugin v27.4 - https:\/\/yoast.com\/product\/yoast-seo-wordpress\/ -->\n<title>Chattijd - Free video chat with girls on StrangerCam.com<\/title>\n<meta name=\"description\" content=\"Like Chattijd? Come chat with more than 5.000.000 strangers on Stranger Cam for Free! Turn on your cam and find new friends &amp; maby a match!\" \/>\n<meta name=\"robots\" content=\"index, follow, max-snippet:-1, max-image-preview:large, max-video-preview:-1\" \/>\n<link rel=\"canonical\" href=\"https:\/\/strangercam.com\/pl\/chattijd\/\" \/>\n<meta property=\"og:locale\" content=\"pl_PL\" \/>\n<meta property=\"og:type\" content=\"article\" \/>\n<meta property=\"og:title\" content=\"Chattijd - Free video chat with girls on StrangerCam.com\" \/>\n<meta property=\"og:description\" content=\"Like Chattijd? Come chat with more than 5.000.000 strangers on Stranger Cam for Free! Turn on your cam and find new friends &amp; maby a match!\" \/>\n<meta property=\"og:url\" content=\"https:\/\/strangercam.com\/pl\/chattijd\/\" \/>\n<meta property=\"og:site_name\" content=\"Strangercam\" \/>\n<meta property=\"article:publisher\" content=\"https:\/\/www.facebook.com\/strangercam\" \/>\n<meta property=\"article:modified_time\" content=\"2025-02-07T11:21:09+00:00\" \/>\n<meta property=\"og:image\" content=\"https:\/\/strangercam.com\/wp-content\/uploads\/2021\/10\/Untitled-2.png\" \/>\n\t<meta property=\"og:image:width\" content=\"800\" \/>\n\t<meta property=\"og:image:height\" content=\"532\" \/>\n\t<meta property=\"og:image:type\" content=\"image\/png\" \/>\n<meta name=\"twitter:card\" content=\"summary_large_image\" \/>\n<meta name=\"twitter:site\" content=\"@strangercamapp\" \/>\n<meta name=\"twitter:label1\" content=\"Szacowany czas czytania\" \/>\n\t<meta name=\"twitter:data1\" content=\"6 minut\" \/>\n<script type=\"application\/ld+json\" class=\"yoast-schema-graph\">{\"@context\":\"https:\\\/\\\/schema.org\",\"@graph\":[{\"@type\":\"WebPage\",\"@id\":\"https:\\\/\\\/strangercam.com\\\/chattijd\\\/\",\"url\":\"https:\\\/\\\/strangercam.com\\\/chattijd\\\/\",\"name\":\"Chattijd - Free video chat with girls on StrangerCam.com\",\"isPartOf\":{\"@id\":\"https:\\\/\\\/strangercam.com\\\/#website\"},\"datePublished\":\"2025-02-07T11:19:12+00:00\",\"dateModified\":\"2025-02-07T11:21:09+00:00\",\"description\":\"Like Chattijd? Come chat with more than 5.000.000 strangers on Stranger Cam for Free! Turn on your cam and find new friends & maby a match!\",\"breadcrumb\":{\"@id\":\"https:\\\/\\\/strangercam.com\\\/chattijd\\\/#breadcrumb\"},\"inLanguage\":\"pl-PL\",\"potentialAction\":[{\"@type\":\"ReadAction\",\"target\":[\"https:\\\/\\\/strangercam.com\\\/chattijd\\\/\"]}]},{\"@type\":\"BreadcrumbList\",\"@id\":\"https:\\\/\\\/strangercam.com\\\/chattijd\\\/#breadcrumb\",\"itemListElement\":[{\"@type\":\"ListItem\",\"position\":1,\"name\":\"Home\",\"item\":\"https:\\\/\\\/strangercam.com\\\/\"},{\"@type\":\"ListItem\",\"position\":2,\"name\":\"Chattijd\"}]},{\"@type\":\"WebSite\",\"@id\":\"https:\\\/\\\/strangercam.com\\\/#website\",\"url\":\"https:\\\/\\\/strangercam.com\\\/\",\"name\":\"Strangercam\",\"description\":\"Random Video Chat with Strangers\",\"publisher\":{\"@id\":\"https:\\\/\\\/strangercam.com\\\/#organization\"},\"alternateName\":\"Strangercam.com\",\"potentialAction\":[{\"@type\":\"SearchAction\",\"target\":{\"@type\":\"EntryPoint\",\"urlTemplate\":\"https:\\\/\\\/strangercam.com\\\/?s={search_term_string}\"},\"query-input\":{\"@type\":\"PropertyValueSpecification\",\"valueRequired\":true,\"valueName\":\"search_term_string\"}}],\"inLanguage\":\"pl-PL\"},{\"@type\":\"Organization\",\"@id\":\"https:\\\/\\\/strangercam.com\\\/#organization\",\"name\":\"Strangercam\",\"alternateName\":\"Strangercam.com\",\"url\":\"https:\\\/\\\/strangercam.com\\\/\",\"logo\":{\"@type\":\"ImageObject\",\"inLanguage\":\"pl-PL\",\"@id\":\"https:\\\/\\\/strangercam.com\\\/#\\\/schema\\\/logo\\\/image\\\/\",\"url\":\"https:\\\/\\\/strangercam.com\\\/wp-content\\\/uploads\\\/2020\\\/11\\\/cropped-new-favicon-black.png\",\"contentUrl\":\"https:\\\/\\\/strangercam.com\\\/wp-content\\\/uploads\\\/2020\\\/11\\\/cropped-new-favicon-black.png\",\"width\":512,\"height\":512,\"caption\":\"Strangercam\"},\"image\":{\"@id\":\"https:\\\/\\\/strangercam.com\\\/#\\\/schema\\\/logo\\\/image\\\/\"},\"sameAs\":[\"https:\\\/\\\/www.facebook.com\\\/strangercam\",\"https:\\\/\\\/x.com\\\/strangercamapp\"]}]}<\/script>\n<!-- \/ Yoast SEO plugin. -->","yoast_head_json":{"title":"Chattijd - Darmowy czat wideo z dziewczynami na StrangerCam.com","description":"Jak Chattijd? Przyjd\u017a na czat z ponad 5.000.000 nieznajomych na Stranger Cam za darmo! W\u0142\u0105cz kamer\u0119 i znajd\u017a nowych przyjaci\u00f3\u0142 i mo\u017ce mecz!","robots":{"index":"index","follow":"follow","max-snippet":"max-snippet:-1","max-image-preview":"max-image-preview:large","max-video-preview":"max-video-preview:-1"},"canonical":"https:\/\/strangercam.com\/pl\/chattijd\/","og_locale":"pl_PL","og_type":"article","og_title":"Chattijd - Free video chat with girls on StrangerCam.com","og_description":"Like Chattijd? Come chat with more than 5.000.000 strangers on Stranger Cam for Free! Turn on your cam and find new friends & maby a match!","og_url":"https:\/\/strangercam.com\/pl\/chattijd\/","og_site_name":"Strangercam","article_publisher":"https:\/\/www.facebook.com\/strangercam","article_modified_time":"2025-02-07T11:21:09+00:00","og_image":[{"width":800,"height":532,"url":"https:\/\/strangercam.com\/wp-content\/uploads\/2021\/10\/Untitled-2.png","type":"image\/png"}],"twitter_card":"summary_large_image","twitter_site":"@strangercamapp","twitter_misc":{"Szacowany czas czytania":"6 minut"},"schema":{"@context":"https:\/\/schema.org","@graph":[{"@type":"WebPage","@id":"https:\/\/strangercam.com\/chattijd\/","url":"https:\/\/strangercam.com\/chattijd\/","name":"Chattijd - Darmowy czat wideo z dziewczynami na StrangerCam.com","isPartOf":{"@id":"https:\/\/strangercam.com\/#website"},"datePublished":"2025-02-07T11:19:12+00:00","dateModified":"2025-02-07T11:21:09+00:00","description":"Jak Chattijd? Przyjd\u017a na czat z ponad 5.000.000 nieznajomych na Stranger Cam za darmo! W\u0142\u0105cz kamer\u0119 i znajd\u017a nowych przyjaci\u00f3\u0142 i mo\u017ce mecz!","breadcrumb":{"@id":"https:\/\/strangercam.com\/chattijd\/#breadcrumb"},"inLanguage":"pl-PL","potentialAction":[{"@type":"ReadAction","target":["https:\/\/strangercam.com\/chattijd\/"]}]},{"@type":"BreadcrumbList","@id":"https:\/\/strangercam.com\/chattijd\/#breadcrumb","itemListElement":[{"@type":"ListItem","position":1,"name":"Home","item":"https:\/\/strangercam.com\/"},{"@type":"ListItem","position":2,"name":"Chattijd"}]},{"@type":"WebSite","@id":"https:\/\/strangercam.com\/#website","url":"https:\/\/strangercam.com\/","name":"Strangercam","description":"Losowy czat wideo z nieznajomymi","publisher":{"@id":"https:\/\/strangercam.com\/#organization"},"alternateName":"Strangercam.com","potentialAction":[{"@type":"SearchAction","target":{"@type":"EntryPoint","urlTemplate":"https:\/\/strangercam.com\/?s={search_term_string}"},"query-input":{"@type":"PropertyValueSpecification","valueRequired":true,"valueName":"search_term_string"}}],"inLanguage":"pl-PL"},{"@type":"Organization","@id":"https:\/\/strangercam.com\/#organization","name":"Strangercam","alternateName":"Strangercam.com","url":"https:\/\/strangercam.com\/","logo":{"@type":"ImageObject","inLanguage":"pl-PL","@id":"https:\/\/strangercam.com\/#\/schema\/logo\/image\/","url":"https:\/\/strangercam.com\/wp-content\/uploads\/2020\/11\/cropped-new-favicon-black.png","contentUrl":"https:\/\/strangercam.com\/wp-content\/uploads\/2020\/11\/cropped-new-favicon-black.png","width":512,"height":512,"caption":"Strangercam"},"image":{"@id":"https:\/\/strangercam.com\/#\/schema\/logo\/image\/"},"sameAs":["https:\/\/www.facebook.com\/strangercam","https:\/\/x.com\/strangercamapp"]}]}},"_links":{"self":[{"href":"https:\/\/strangercam.com\/pl\/wp-json\/wp\/v2\/pages\/12702","targetHints":{"allow":["GET"]}}],"collection":[{"href":"https:\/\/strangercam.com\/pl\/wp-json\/wp\/v2\/pages"}],"about":[{"href":"https:\/\/strangercam.com\/pl\/wp-json\/wp\/v2\/types\/page"}],"author":[{"embeddable":true,"href":"https:\/\/strangercam.com\/pl\/wp-json\/wp\/v2\/users\/6"}],"replies":[{"embeddable":true,"href":"https:\/\/strangercam.com\/pl\/wp-json\/wp\/v2\/comments?post=12702"}],"version-history":[{"count":3,"href":"https:\/\/strangercam.com\/pl\/wp-json\/wp\/v2\/pages\/12702\/revisions"}],"predecessor-version":[{"id":12707,"href":"https:\/\/strangercam.com\/pl\/wp-json\/wp\/v2\/pages\/12702\/revisions\/12707"}],"wp:attachment":[{"href":"https:\/\/strangercam.com\/pl\/wp-json\/wp\/v2\/media?parent=12702"}],"curies":[{"name":"wp","href":"https:\/\/api.w.org\/{rel}","templated":true}]}}