{"id":12700,"date":"2025-02-07T13:15:10","date_gmt":"2025-02-07T11:15:10","guid":{"rendered":"https:\/\/strangercam.com\/?page_id=12700"},"modified":"2025-02-07T13:15:40","modified_gmt":"2025-02-07T11:15:40","slug":"omegla","status":"publish","type":"page","link":"https:\/\/strangercam.com\/pl\/omegla\/","title":{"rendered":"Omegla"},"content":{"rendered":"<p>Wraz z odej\u015bciem Omegle, pojawi\u0142o si\u0119 wiele nowych <a href=\"https:\/\/strangercam.com\/pl\/rabbit-video-chat\/\">wideo<\/a> <a href=\"https:\/\/strangercam.com\/pl\/chatroulette\/\">czat<\/a> Pojawi\u0142y si\u0119 us\u0142ugi, kt\u00f3re wype\u0142niaj\u0105 t\u0119 luk\u0119. Omegla jest jedn\u0105 z takich platform, czerpi\u0105c\u0105 inspiracj\u0119 z prostego podej\u015bcia Omegle do losowych czat\u00f3w jeden na jednego. Niezale\u017cnie od tego, czy szukasz szybkiej rozmowy, nowych przyjaci\u00f3\u0142 na ca\u0142ym \u015bwiecie, czy po prostu jeste\u015b ciekawy najnowszych innowacji inspirowanych Omegle, Omegla ma na celu zapewnienie zabawnego i przyjaznego dla u\u017cytkownika do\u015bwiadczenia wideo. Poni\u017cej znajduje si\u0119 kompleksowe spojrzenie na to, co Omegla wnosi do sto\u0142u - jego g\u0142\u00f3wne funkcje, interfejs u\u017cytkownika, \u015brodki bezpiecze\u0144stwa i jak wypada w por\u00f3wnaniu z innymi <a href=\"https:\/\/strangercam.com\/pl\/omegle\/\">Omegle<\/a> alternatywy, takie jak Uhmegle i Omegleweg.<\/p>\n<h2>Informacje o Omegla<\/h2>\n<p>Omegla opiera si\u0119 na klasycznej strukturze czatu losowego:<\/p>\n<ol>\n<li><strong>Natychmiastowe po\u0142\u0105czenia<\/strong>\n<ul>\n<li>Po szybkiej wizycie na stronie, jedno klikni\u0119cie lub dotkni\u0119cie \u0142\u0105czy Ci\u0119 z nieznajomym z dowolnego zak\u0105tka \u015bwiata.<\/li>\n<\/ul>\n<\/li>\n<li><strong>Najpierw anonimowo\u015b\u0107<\/strong>\n<ul>\n<li>Brak obowi\u0105zkowej rejestracji oznacza, \u017ce mo\u017cesz od razu przej\u015b\u0107 do czatowania. Je\u015bli wolisz, mo\u017cesz utworzy\u0107 podstawowy profil, ale jest to opcjonalne.<\/li>\n<\/ul>\n<\/li>\n<li><strong>Koncentracja jeden na jeden<\/strong>\n<ul>\n<li>Omegla skupia si\u0119 na <em>indywidualny<\/em> po\u0142\u0105cze\u0144 - nie ma tu du\u017cych pomieszcze\u0144 grupowych ani funkcji konferencyjnych, co odzwierciedla charakterystyczn\u0105 prostot\u0119 Omegle.<\/li>\n<\/ul>\n<\/li>\n<\/ol>\n<p>To minimalistyczne podej\u015bcie skierowane jest do u\u017cytkownik\u00f3w, kt\u00f3rzy chc\u0105 po prostu wskoczy\u0107 do gry, <a href=\"https:\/\/strangercam.com\/pl\/coomeet\/\">spotkanie<\/a> kogo\u015b nowego i albo kontynuowa\u0107 rozmow\u0119, albo przej\u015b\u0107 dalej, je\u015bli co\u015b nie b\u0119dzie pasowa\u0107.<\/p>\n<h2>Najwa\u017cniejsze cechy w skr\u00f3cie<\/h2>\n<p>Poni\u017csza tabela przedstawia podstawowe narz\u0119dzia i funkcje, kt\u00f3re definiuj\u0105 do\u015bwiadczenie u\u017cytkownika Omegli:<\/p>\n<table>\n<thead>\n<tr>\n<th><strong>Cecha<\/strong><\/th>\n<th><strong>Opis<\/strong><\/th>\n<\/tr>\n<\/thead>\n<tbody>\n<tr>\n<td><strong>Losowe dopasowanie<\/strong><\/td>\n<td>B\u0142yskawicznie sparuj si\u0119 z przypadkowym u\u017cytkownikiem w celu spontanicznej rozmowy.<\/td>\n<\/tr>\n<tr>\n<td><strong>Opcja czatu tekstowego<\/strong><\/td>\n<td>Wysy\u0142aj szybkie wiadomo\u015bci w po\u0142\u0105czeniu z wideo na \u017cywo, aby uzyska\u0107 wi\u0119ksz\u0105 przejrzysto\u015b\u0107.<\/td>\n<\/tr>\n<tr>\n<td><strong>Znaczniki zainteresowania<\/strong><\/td>\n<td>Dodaj lub wybierz szerokie zainteresowania, aby nieco ukierunkowa\u0107 losowe dopasowania.<\/td>\n<\/tr>\n<tr>\n<td><strong>Pomi\u0144 lub Dalej<\/strong><\/td>\n<td>P\u0142ynne przej\u015bcie do nowego u\u017cytkownika, je\u015bli bie\u017c\u0105ce po\u0142\u0105czenie nie jest odpowiednie.<\/td>\n<\/tr>\n<tr>\n<td><strong>Minimalna konfiguracja<\/strong><\/td>\n<td>Nie wymaga uci\u0105\u017cliwej rejestracji ani skomplikowanych ustawie\u0144.<\/td>\n<\/tr>\n<tr>\n<td><strong>Narz\u0119dzia opinii u\u017cytkownik\u00f3w<\/strong><\/td>\n<td>Oceniaj lub zg\u0142aszaj u\u017cytkownik\u00f3w, aby pom\u00f3c w utrzymaniu standard\u00f3w spo\u0142eczno\u015bci.<\/td>\n<\/tr>\n<\/tbody>\n<\/table>\n<p>Z za\u0142o\u017cenia Omegla utrzymuje sw\u00f3j zestaw funkcji ograniczony do minimum, zapewniaj\u0105c, \u017ce podstawowe do\u015bwiadczenie - rozmowa z nieznajomymi - pozostaje w centrum uwagi.<\/p>\n<h2>Interfejs u\u017cytkownika i do\u015bwiadczenie<\/h2>\n<h3>Przejrzysty, usprawniony uk\u0142ad<\/h3>\n<ul>\n<li><strong>Du\u017ce okno wideo<\/strong>: W centrum ekranu zobaczysz osob\u0119, z kt\u00f3r\u0105 rozmawiasz, bez zb\u0119dnego ba\u0142aganu.<\/li>\n<li><strong>Ma\u0142y pasek boczny\/panel<\/strong>: Podstawowe elementy steruj\u0105ce - pocz\u0105tek, nast\u0119pny, czat tekstowy i filtry - s\u0105 starannie rozmieszczone z boku.<\/li>\n<li><strong>Znajome elementy steruj\u0105ce<\/strong>: Je\u015bli korzysta\u0142e\u015b z Omegle lub innych podobnych platform, natychmiast dostosujesz si\u0119 do interfejsu Omegli.<\/li>\n<\/ul>\n<h3>Swift Connections<\/h3>\n<ul>\n<li><strong>Niskie op\u00f3\u017anienia<\/strong>: Strona g\u0142\u00f3wna Omegli \u0142aduje si\u0119 szybko, a znalezienie dopasowania zajmuje tylko chwil\u0119.<\/li>\n<li><strong>Adaptacyjna jako\u015b\u0107 wideo<\/strong>: System wykrywa pr\u0119dko\u015b\u0107 Internetu, aby zapewni\u0107 najlepsz\u0105 mo\u017cliw\u0105 jako\u015b\u0107 wideo bez ci\u0105g\u0142ego buforowania.<\/li>\n<li><strong>\u0141atwe przej\u015bcie do nast\u0119pnego etapu<\/strong>: Prze\u0142\u0105czanie si\u0119 z jednego u\u017cytkownika na drugiego rzadko powoduje op\u00f3\u017anienia, dzi\u0119ki czemu \u0142atwo jest kontynuowa\u0107 rozmow\u0119, dop\u00f3ki nie znajdziesz odpowiedniej osoby.<\/li>\n<\/ul>\n<h2>Bezpiecze\u0144stwo i umiar<\/h2>\n<p>Poniewa\u017c losowy czat mo\u017ce by\u0107 nieprzewidywalny, Omegla stosuje kilka \u015brodk\u00f3w, aby zapewni\u0107 bardziej przyjazne \u015brodowisko:<\/p>\n<ol>\n<li><strong>Funkcja raportu\/bloku<\/strong>\n<ul>\n<li>Jednym klikni\u0119ciem mo\u017cesz zg\u0142osi\u0107 ka\u017cdego u\u017cytkownika, kt\u00f3ry narusza standardy spo\u0142eczno\u015bci. Zesp\u00f3\u0142 moderator\u00f3w sprawdza oznaczone sesje.<\/li>\n<\/ul>\n<\/li>\n<li><strong>Podstawowe wytyczne dotycz\u0105ce zawarto\u015bci<\/strong>\n<ul>\n<li>Jasne zasady okre\u015blaj\u0105, kt\u00f3re zachowania s\u0105 zabronione, daj\u0105c spo\u0142eczno\u015bci u\u017cytkownik\u00f3w uzgodnione ramy.<\/li>\n<\/ul>\n<\/li>\n<li><strong>Oceny u\u017cytkownik\u00f3w<\/strong>\n<ul>\n<li>W niekt\u00f3rych przypadkach mo\u017cesz zostawi\u0107 opini\u0119 na temat swoich spotka\u0144, pomagaj\u0105c promowa\u0107 pozytywne interakcje i eliminowa\u0107 problematyczne zachowania.<\/li>\n<\/ul>\n<\/li>\n<\/ol>\n<p>Chocia\u017c \u017cadna platforma nie mo\u017ce zagwarantowa\u0107 doskona\u0142o\u015bci, narz\u0119dzia te sprzyjaj\u0105 bezpieczniejszemu <a href=\"https:\/\/strangercam.com\/pl\/mocospace\/\">przestrze\u0144<\/a> ni\u017c atmosfera \"free-for-all\", kt\u00f3ra czasami n\u0119ka\u0142a starsze platformy czat\u00f3w losowych.<\/p>\n<h2>Por\u00f3wnanie z innymi alternatywami Omegle<\/h2>\n<p>Omegla to tylko jedna z kilku powstaj\u0105cych us\u0142ug podobnych do Omegle, takich jak <strong>Uhmegle<\/strong> oraz <strong>Omegleweg<\/strong>. Poni\u017cej przedstawiamy ich por\u00f3wnanie w kluczowych aspektach:<\/p>\n<table>\n<thead>\n<tr>\n<th><strong>Platforma<\/strong><\/th>\n<th><strong>\u0141atwo\u015b\u0107 u\u017cytkowania<\/strong><\/th>\n<th><strong>Jako\u015b\u0107 wideo<\/strong><\/th>\n<th><strong>Filtry\/Tagi<\/strong><\/th>\n<th><strong>Narz\u0119dzia raportowania<\/strong><\/th>\n<th><strong>Rozmiar bazy u\u017cytkownik\u00f3w<\/strong><\/th>\n<\/tr>\n<\/thead>\n<tbody>\n<tr>\n<td><strong>Omegla<\/strong><\/td>\n<td>Bardzo proste<\/td>\n<td>Adaptacyjna transmisja strumieniowa HD<\/td>\n<td>Podstawowe zainteresowania<\/td>\n<td>Szybki raport\/blokada<\/td>\n<td>Szybki wzrost<\/td>\n<\/tr>\n<tr>\n<td>Uhmegle<\/td>\n<td>Prosty<\/td>\n<td>Og\u00f3lnie stabilny<\/td>\n<td>Nieco szczeg\u00f3\u0142owe<\/td>\n<td>Zesp\u00f3\u0142 ds. przegl\u0105du instrukcji<\/td>\n<td>Uznani u\u017cytkownicy<\/td>\n<\/tr>\n<tr>\n<td>Omegleweg<\/td>\n<td>Minimalistyczny<\/td>\n<td>Solid (pewne buforowanie)<\/td>\n<td>Ograniczony<\/td>\n<td>Podstawowe raportowanie<\/td>\n<td>Umiarkowany<\/td>\n<\/tr>\n<\/tbody>\n<\/table>\n<ul>\n<li><strong>\u0141atwo\u015b\u0107 u\u017cytkowania<\/strong>: Wszystkie trzy platformy charakteryzuj\u0105 si\u0119 prostot\u0105, ale interfejs Omegli jest szczeg\u00f3lnie przejrzysty.<\/li>\n<li><strong>Jako\u015b\u0107 wideo<\/strong>: Omegla koncentruje si\u0119 na adaptacyjnym streamingu, oferuj\u0105c do\u015b\u0107 sta\u0142\u0105 wydajno\u015b\u0107.<\/li>\n<li><strong>Filtry\/Tagi<\/strong>: Uhmegle mo\u017ce oferowa\u0107 wi\u0119cej szczeg\u00f3\u0142\u00f3w, ale podstawowe znaczniki zainteresowania Omegli sprawiaj\u0105, \u017ce wszystko jest proste.<\/li>\n<li><strong>Narz\u0119dzia raportowania<\/strong>: Omegla jest znana z prostego przycisku blokowania\/raportowania, zapewniaj\u0105cego minimalne przerwy podczas sesji na \u017cywo.<\/li>\n<\/ul>\n<h2>Dane demograficzne i aktywno\u015b\u0107 u\u017cytkownik\u00f3w<\/h2>\n<h3>Kto stosuje Omegl\u0119?<\/h3>\n<ul>\n<li><strong>Podstawowy przedzia\u0142 wiekowy<\/strong>: M\u0142odzi doro\u015bli (18-35) stanowi\u0105 du\u017c\u0105 cz\u0119\u015b\u0107, cho\u0107 starsze grupy demograficzne r\u00f3wnie\u017c wpadaj\u0105 na szybkie pogaw\u0119dki.<\/li>\n<li><strong>J\u0119zyki<\/strong>: G\u0142\u00f3wnie angloj\u0119zyczny, ale mo\u017cna znale\u017a\u0107 przyzwoit\u0105 r\u00f3\u017cnorodno\u015b\u0107 innych j\u0119zyk\u00f3w ze wzgl\u0119du na globaln\u0105 dost\u0119pno\u015b\u0107.<\/li>\n<li><strong>Globalna spo\u0142eczno\u015b\u0107<\/strong>: Silna obecno\u015b\u0107 w Ameryce P\u00f3\u0142nocnej i Europie, z rosn\u0105c\u0105 baz\u0105 u\u017cytkownik\u00f3w w cz\u0119\u015bci Azji i Ameryki Po\u0142udniowej.<\/li>\n<\/ul>\n<h3>Trendy u\u017cytkowania<\/h3>\n<ul>\n<li><strong>Godziny szczytu<\/strong>: Wieczory i weekendy, kiedy ludzie odpoczywaj\u0105 po pracy lub szkole.<\/li>\n<li><strong>Nieformalne rozmowy<\/strong>: Wielu u\u017cytkownik\u00f3w jest tam po prostu dla rozrywki lub dla zabicia czasu.<\/li>\n<li><strong>Okazjonalna g\u0142\u0119boka rozmowa<\/strong>: Niekt\u00f3rzy ludzie pozostaj\u0105 w pobli\u017cu, aby prowadzi\u0107 bardziej znacz\u0105ce rozmowy na temat hobby, wydarze\u0144 na \u015bwiecie lub wymiany kulturalnej.<\/li>\n<\/ul>\n<h2>Plusy i minusy<\/h2>\n<p>Poni\u017cej znajduje si\u0119 kr\u00f3tkie zestawienie mocnych stron Omegli i potencjalnych obszar\u00f3w wymagaj\u0105cych poprawy:<\/p>\n<table>\n<thead>\n<tr>\n<th><strong>Plusy<\/strong><\/th>\n<th><strong>Wady<\/strong><\/th>\n<\/tr>\n<\/thead>\n<tbody>\n<tr>\n<td>\u2013 <strong>Natychmiastowe losowe czaty<\/strong>: Przycisk szybkiego uruchamiania pozwala szybko rozpocz\u0105\u0107 rozmow\u0119.<\/td>\n<td>\u2013 <strong>Potencjalnie nieodpowiednia zawarto\u015b\u0107<\/strong>: Losowo\u015b\u0107 oznacza niespodzianki.<\/td>\n<\/tr>\n<tr>\n<td>\u2013 <strong>Rejestracja nie jest wymagana<\/strong>: Do\u0142\u0105cz bez udost\u0119pniania danych osobowych.<\/td>\n<td>\u2013 <strong>Ograniczone filtrowanie<\/strong>: Podstawowe tagi pozwalaj\u0105 tylko na zaw\u0119\u017cenie wed\u0142ug szerokich temat\u00f3w.<\/td>\n<\/tr>\n<tr>\n<td>\u2013 <strong>Szybkie i stabilne po\u0142\u0105czenia<\/strong>: Adaptacyjny streaming zapewnia p\u0142ynno\u015b\u0107 po\u0142\u0105cze\u0144.<\/td>\n<td>\u2013 <strong>Brak mo\u017cliwo\u015bci dostosowania profilu<\/strong>: Osoby poszukuj\u0105ce wi\u0119kszej personalizacji mog\u0105 czu\u0107 si\u0119 ograniczone.<\/td>\n<\/tr>\n<tr>\n<td>\u2013 <strong>Prosty interfejs<\/strong>: Minimalna krzywa uczenia si\u0119 dla pocz\u0105tkuj\u0105cych.<\/td>\n<td>\u2013 <strong>Poleganie na raportach u\u017cytkownik\u00f3w<\/strong>: Skuteczno\u015b\u0107 moderacji zale\u017cy od czujno\u015bci spo\u0142eczno\u015bci.<\/td>\n<\/tr>\n<\/tbody>\n<\/table>\n<h2>Sugerowane przysz\u0142e ulepszenia<\/h2>\n<p>Omegla stale si\u0119 rozwija, a u\u017cytkownicy cz\u0119sto dziel\u0105 si\u0119 opiniami. Niekt\u00f3re potencjalne ulepszenia obejmuj\u0105:<\/p>\n<ol>\n<li><strong>Rozszerzone kategorie zainteresowa\u0144<\/strong>\n<ul>\n<li>Pozw\u00f3l u\u017cytkownikom wybiera\u0107 z szerszego zestawu zainteresowa\u0144, aby po\u0142\u0105czenia by\u0142y bardziej trafne.<\/li>\n<\/ul>\n<\/li>\n<li><strong>Opcjonalna nazwa u\u017cytkownika lub profil<\/strong>\n<ul>\n<li>Zaoferuj nieco wi\u0119ksz\u0105 personalizacj\u0119 dla tych, kt\u00f3rzy chc\u0105 \u015bledzi\u0107 mecze towarzyskie.<\/li>\n<\/ul>\n<\/li>\n<li><strong>Wbudowane t\u0142umaczenie<\/strong>\n<ul>\n<li>U\u0142atwiaj rozmowy w r\u00f3\u017cnych j\u0119zykach, aby uzyska\u0107 jeszcze bardziej globalne wra\u017cenia.<\/li>\n<\/ul>\n<\/li>\n<li><strong>Natychmiastowe filtrowanie nieodpowiednich tre\u015bci<\/strong>\n<ul>\n<li>Wykrywanie oparte na sztucznej inteligencji mo\u017ce pom\u00f3c w szybszym ograniczeniu jawnych lub obra\u017aliwych zachowa\u0144.<\/li>\n<\/ul>\n<\/li>\n<\/ol>\n<h2>Pierwsze kroki: Kr\u00f3tki przewodnik<\/h2>\n<p>Gotowy do wypr\u00f3bowania Omegli? Oto kr\u00f3tki plan dzia\u0142ania:<\/p>\n<ol>\n<li><strong>Odwied\u017a Omegla<\/strong>: Wejd\u017a na stron\u0119 bezpo\u015brednio w dowolnej przegl\u0105darce.<\/li>\n<li><strong>Zezwalaj na korzystanie z kamery i mikrofonu<\/strong>: Udzielenie niezb\u0119dnych uprawnie\u0144 dla audio i wideo.<\/li>\n<li><strong>Wybierz zainteresowania (opcjonalnie)<\/strong>: Wybierz kilka og\u00f3lnych tag\u00f3w, aby kierowa\u0107 losowym dopasowaniem.<\/li>\n<li><strong>Kliknij \"Start<\/strong>: Szybko zostaniesz sparowany z innym u\u017cytkownikiem.<\/li>\n<li><strong>Czat lub pomi\u0144<\/strong>: Je\u015bli nie pasuje, kliknij \"Dalej\", aby przej\u015b\u0107 dalej.<\/li>\n<li><strong>Blok\/Raport<\/strong>: Je\u015bli jakikolwiek u\u017cytkownik naruszy wytyczne, dost\u0119pna jest opcja zg\u0142oszenia jednym klikni\u0119ciem.<\/li>\n<\/ol>\n<p>Jeste\u015b online i poznajesz nowych ludzi w ci\u0105gu kilku sekund - nie jest wymagana \u017cmudna rejestracja.<\/p>\n<h2>Wnioski<\/h2>\n<p>W \u015bwiecie, w kt\u00f3rym brak Omegle pozostawi\u0142 luk\u0119 dla fan\u00f3w spontanicznych rozm\u00f3w wideo, Omegla pozycjonuje si\u0119 jako prosta, nowoczesna alternatywa. Jej minimalny interfejs, szybkie po\u0142\u0105czenia i zaanga\u017cowanie w przyjazne dla u\u017cytkownika funkcje odzwierciedlaj\u0105 istot\u0119 tego, co sprawi\u0142o, \u017ce oryginalny Omegle by\u0142 tak atrakcyjny.<\/p>\n<p>Chocia\u017c moderacja na ka\u017cdej losowej platformie nigdy nie jest niezawodna, narz\u0119dzia do raportowania i blokowania Omegli maj\u0105 na celu utrzymanie bardziej pozytywnej atmosfery. Dla tych, kt\u00f3rzy pragn\u0105 przypadkowych, mi\u0119dzynarodowych interakcji bez k\u0142opot\u00f3w z tworzeniem kont lub nawigowaniem po niezliczonych ustawieniach, Omegla oferuje wci\u0105gaj\u0105ce, pozbawione zb\u0119dnych dodatk\u00f3w do\u015bwiadczenie. Dzi\u0119ki ci\u0105g\u0142emu udoskonalaniu i responsywnej moderacji, ma potencja\u0142, by zaj\u0105\u0107 sta\u0142e miejsce w\u015br\u00f3d popularnych nast\u0119pc\u00f3w Omegle, takich jak Uhmegle i Omegleweg.<\/p>\n<p>Je\u015bli szukasz klasycznej atmosfery \"nieznajomego na klikni\u0119cie przycisku\", Omegla mo\u017ce by\u0107 Twoim kolejnym ulubionym miejscem do poznawania ludzi z ca\u0142ego \u015bwiata - po jednym spontanicznym czacie na raz.<\/p>","protected":false},"excerpt":{"rendered":"<p>With Omegle\u2019s departure, a variety of new video chat services have emerged to fill the gap. Omegla is one such platform, taking inspiration from Omegle\u2019s straightforward approach to random one-on-one chatting. Whether you\u2019re looking for a quick conversation, seeking new friends worldwide, or just curious about the latest Omegle-inspired innovations, Omegla aims to provide a [&hellip;]<\/p>\n","protected":false},"author":6,"featured_media":0,"parent":0,"menu_order":0,"comment_status":"closed","ping_status":"closed","template":"","meta":{"footnotes":""},"class_list":["post-12700","page","type-page","status-publish","hentry"],"yoast_head":"<!-- This site is optimized with the Yoast SEO plugin v27.4 - https:\/\/yoast.com\/product\/yoast-seo-wordpress\/ -->\n<title>Omegla - Free video chat with girls on StrangerCam.com<\/title>\n<meta name=\"description\" content=\"Like Omegla? Come chat with more than 5.000.000 strangers on Stranger Cam for Free! Turn on your cam and find new friends &amp; maby a match!\" \/>\n<meta name=\"robots\" content=\"index, follow, max-snippet:-1, max-image-preview:large, max-video-preview:-1\" \/>\n<link rel=\"canonical\" href=\"https:\/\/strangercam.com\/pl\/omegla\/\" \/>\n<meta property=\"og:locale\" content=\"pl_PL\" \/>\n<meta property=\"og:type\" content=\"article\" \/>\n<meta property=\"og:title\" content=\"Omegla - Free video chat with girls on StrangerCam.com\" \/>\n<meta property=\"og:description\" content=\"Like Omegla? Come chat with more than 5.000.000 strangers on Stranger Cam for Free! Turn on your cam and find new friends &amp; maby a match!\" \/>\n<meta property=\"og:url\" content=\"https:\/\/strangercam.com\/pl\/omegla\/\" \/>\n<meta property=\"og:site_name\" content=\"Strangercam\" \/>\n<meta property=\"article:publisher\" content=\"https:\/\/www.facebook.com\/strangercam\" \/>\n<meta property=\"article:modified_time\" content=\"2025-02-07T11:15:40+00:00\" \/>\n<meta property=\"og:image\" content=\"https:\/\/strangercam.com\/wp-content\/uploads\/2021\/10\/Untitled-2.png\" \/>\n\t<meta property=\"og:image:width\" content=\"800\" \/>\n\t<meta property=\"og:image:height\" content=\"532\" \/>\n\t<meta property=\"og:image:type\" content=\"image\/png\" \/>\n<meta name=\"twitter:card\" content=\"summary_large_image\" \/>\n<meta name=\"twitter:site\" content=\"@strangercamapp\" \/>\n<meta name=\"twitter:label1\" content=\"Szacowany czas czytania\" \/>\n\t<meta name=\"twitter:data1\" content=\"6 minut\" \/>\n<script type=\"application\/ld+json\" class=\"yoast-schema-graph\">{\"@context\":\"https:\\\/\\\/schema.org\",\"@graph\":[{\"@type\":\"WebPage\",\"@id\":\"https:\\\/\\\/strangercam.com\\\/omegla\\\/\",\"url\":\"https:\\\/\\\/strangercam.com\\\/omegla\\\/\",\"name\":\"Omegla - Free video chat with girls on StrangerCam.com\",\"isPartOf\":{\"@id\":\"https:\\\/\\\/strangercam.com\\\/#website\"},\"datePublished\":\"2025-02-07T11:15:10+00:00\",\"dateModified\":\"2025-02-07T11:15:40+00:00\",\"description\":\"Like Omegla? Come chat with more than 5.000.000 strangers on Stranger Cam for Free! Turn on your cam and find new friends & maby a match!\",\"breadcrumb\":{\"@id\":\"https:\\\/\\\/strangercam.com\\\/omegla\\\/#breadcrumb\"},\"inLanguage\":\"pl-PL\",\"potentialAction\":[{\"@type\":\"ReadAction\",\"target\":[\"https:\\\/\\\/strangercam.com\\\/omegla\\\/\"]}]},{\"@type\":\"BreadcrumbList\",\"@id\":\"https:\\\/\\\/strangercam.com\\\/omegla\\\/#breadcrumb\",\"itemListElement\":[{\"@type\":\"ListItem\",\"position\":1,\"name\":\"Home\",\"item\":\"https:\\\/\\\/strangercam.com\\\/\"},{\"@type\":\"ListItem\",\"position\":2,\"name\":\"Omegla\"}]},{\"@type\":\"WebSite\",\"@id\":\"https:\\\/\\\/strangercam.com\\\/#website\",\"url\":\"https:\\\/\\\/strangercam.com\\\/\",\"name\":\"Strangercam\",\"description\":\"Random Video Chat with Strangers\",\"publisher\":{\"@id\":\"https:\\\/\\\/strangercam.com\\\/#organization\"},\"alternateName\":\"Strangercam.com\",\"potentialAction\":[{\"@type\":\"SearchAction\",\"target\":{\"@type\":\"EntryPoint\",\"urlTemplate\":\"https:\\\/\\\/strangercam.com\\\/?s={search_term_string}\"},\"query-input\":{\"@type\":\"PropertyValueSpecification\",\"valueRequired\":true,\"valueName\":\"search_term_string\"}}],\"inLanguage\":\"pl-PL\"},{\"@type\":\"Organization\",\"@id\":\"https:\\\/\\\/strangercam.com\\\/#organization\",\"name\":\"Strangercam\",\"alternateName\":\"Strangercam.com\",\"url\":\"https:\\\/\\\/strangercam.com\\\/\",\"logo\":{\"@type\":\"ImageObject\",\"inLanguage\":\"pl-PL\",\"@id\":\"https:\\\/\\\/strangercam.com\\\/#\\\/schema\\\/logo\\\/image\\\/\",\"url\":\"https:\\\/\\\/strangercam.com\\\/wp-content\\\/uploads\\\/2020\\\/11\\\/cropped-new-favicon-black.png\",\"contentUrl\":\"https:\\\/\\\/strangercam.com\\\/wp-content\\\/uploads\\\/2020\\\/11\\\/cropped-new-favicon-black.png\",\"width\":512,\"height\":512,\"caption\":\"Strangercam\"},\"image\":{\"@id\":\"https:\\\/\\\/strangercam.com\\\/#\\\/schema\\\/logo\\\/image\\\/\"},\"sameAs\":[\"https:\\\/\\\/www.facebook.com\\\/strangercam\",\"https:\\\/\\\/x.com\\\/strangercamapp\"]}]}<\/script>\n<!-- \/ Yoast SEO plugin. -->","yoast_head_json":{"title":"Omegla - Darmowy czat wideo z dziewczynami na StrangerCam.com","description":"Jak Omegla? Przyjd\u017a na czat z ponad 5.000.000 nieznajomych na Stranger Cam za darmo! W\u0142\u0105cz kamer\u0119 i znajd\u017a nowych przyjaci\u00f3\u0142 i mo\u017ce mecz!","robots":{"index":"index","follow":"follow","max-snippet":"max-snippet:-1","max-image-preview":"max-image-preview:large","max-video-preview":"max-video-preview:-1"},"canonical":"https:\/\/strangercam.com\/pl\/omegla\/","og_locale":"pl_PL","og_type":"article","og_title":"Omegla - Free video chat with girls on StrangerCam.com","og_description":"Like Omegla? Come chat with more than 5.000.000 strangers on Stranger Cam for Free! Turn on your cam and find new friends & maby a match!","og_url":"https:\/\/strangercam.com\/pl\/omegla\/","og_site_name":"Strangercam","article_publisher":"https:\/\/www.facebook.com\/strangercam","article_modified_time":"2025-02-07T11:15:40+00:00","og_image":[{"width":800,"height":532,"url":"https:\/\/strangercam.com\/wp-content\/uploads\/2021\/10\/Untitled-2.png","type":"image\/png"}],"twitter_card":"summary_large_image","twitter_site":"@strangercamapp","twitter_misc":{"Szacowany czas czytania":"6 minut"},"schema":{"@context":"https:\/\/schema.org","@graph":[{"@type":"WebPage","@id":"https:\/\/strangercam.com\/omegla\/","url":"https:\/\/strangercam.com\/omegla\/","name":"Omegla - Darmowy czat wideo z dziewczynami na StrangerCam.com","isPartOf":{"@id":"https:\/\/strangercam.com\/#website"},"datePublished":"2025-02-07T11:15:10+00:00","dateModified":"2025-02-07T11:15:40+00:00","description":"Jak Omegla? Przyjd\u017a na czat z ponad 5.000.000 nieznajomych na Stranger Cam za darmo! W\u0142\u0105cz kamer\u0119 i znajd\u017a nowych przyjaci\u00f3\u0142 i mo\u017ce mecz!","breadcrumb":{"@id":"https:\/\/strangercam.com\/omegla\/#breadcrumb"},"inLanguage":"pl-PL","potentialAction":[{"@type":"ReadAction","target":["https:\/\/strangercam.com\/omegla\/"]}]},{"@type":"BreadcrumbList","@id":"https:\/\/strangercam.com\/omegla\/#breadcrumb","itemListElement":[{"@type":"ListItem","position":1,"name":"Home","item":"https:\/\/strangercam.com\/"},{"@type":"ListItem","position":2,"name":"Omegla"}]},{"@type":"WebSite","@id":"https:\/\/strangercam.com\/#website","url":"https:\/\/strangercam.com\/","name":"Strangercam","description":"Losowy czat wideo z nieznajomymi","publisher":{"@id":"https:\/\/strangercam.com\/#organization"},"alternateName":"Strangercam.com","potentialAction":[{"@type":"SearchAction","target":{"@type":"EntryPoint","urlTemplate":"https:\/\/strangercam.com\/?s={search_term_string}"},"query-input":{"@type":"PropertyValueSpecification","valueRequired":true,"valueName":"search_term_string"}}],"inLanguage":"pl-PL"},{"@type":"Organization","@id":"https:\/\/strangercam.com\/#organization","name":"Strangercam","alternateName":"Strangercam.com","url":"https:\/\/strangercam.com\/","logo":{"@type":"ImageObject","inLanguage":"pl-PL","@id":"https:\/\/strangercam.com\/#\/schema\/logo\/image\/","url":"https:\/\/strangercam.com\/wp-content\/uploads\/2020\/11\/cropped-new-favicon-black.png","contentUrl":"https:\/\/strangercam.com\/wp-content\/uploads\/2020\/11\/cropped-new-favicon-black.png","width":512,"height":512,"caption":"Strangercam"},"image":{"@id":"https:\/\/strangercam.com\/#\/schema\/logo\/image\/"},"sameAs":["https:\/\/www.facebook.com\/strangercam","https:\/\/x.com\/strangercamapp"]}]}},"_links":{"self":[{"href":"https:\/\/strangercam.com\/pl\/wp-json\/wp\/v2\/pages\/12700","targetHints":{"allow":["GET"]}}],"collection":[{"href":"https:\/\/strangercam.com\/pl\/wp-json\/wp\/v2\/pages"}],"about":[{"href":"https:\/\/strangercam.com\/pl\/wp-json\/wp\/v2\/types\/page"}],"author":[{"embeddable":true,"href":"https:\/\/strangercam.com\/pl\/wp-json\/wp\/v2\/users\/6"}],"replies":[{"embeddable":true,"href":"https:\/\/strangercam.com\/pl\/wp-json\/wp\/v2\/comments?post=12700"}],"version-history":[{"count":1,"href":"https:\/\/strangercam.com\/pl\/wp-json\/wp\/v2\/pages\/12700\/revisions"}],"predecessor-version":[{"id":12701,"href":"https:\/\/strangercam.com\/pl\/wp-json\/wp\/v2\/pages\/12700\/revisions\/12701"}],"wp:attachment":[{"href":"https:\/\/strangercam.com\/pl\/wp-json\/wp\/v2\/media?parent=12700"}],"curies":[{"name":"wp","href":"https:\/\/api.w.org\/{rel}","templated":true}]}}