{"id":12683,"date":"2025-01-29T10:35:45","date_gmt":"2025-01-29T08:35:45","guid":{"rendered":"https:\/\/strangercam.com\/?page_id=12683"},"modified":"2025-02-04T09:27:22","modified_gmt":"2025-02-04T07:27:22","slug":"pink-video-chat","status":"publish","type":"page","link":"https:\/\/strangercam.com\/pl\/pink-video-chat\/","title":{"rendered":"R\u00f3\u017cowy czat wideo"},"content":{"rendered":"<p>Szukasz \u017cywio\u0142owego, spontanicznego sposobu na <a href=\"https:\/\/strangercam.com\/pl\/coomeet\/\">spotkanie<\/a> nowi ludzie online? R\u00f3\u017cowe wideo <a href=\"https:\/\/strangercam.com\/pl\/chatroulette\/\">Czat<\/a> oferuje zabawn\u0105 alternatyw\u0119 dla platform takich jak Chatrandom, koncentruj\u0105c si\u0119 na losowych po\u0142\u0105czeniach wideo, kt\u00f3re wywo\u0142uj\u0105 \u015bwie\u017ce rozmowy na ca\u0142ym \u015bwiecie. W tym przewodniku zbadamy g\u0142\u00f3wne funkcje Pink Video Chat, w jaki spos\u00f3b wyr\u00f3\u017cnia si\u0119 on na tle innych losowych witryn czatowych i co sprawia, \u017ce jest to bezpieczna i zabawna opcja dla tych, kt\u00f3rzy kochaj\u0105 szybkie spotkania towarzyskie.<\/p>\n<h2>Kluczowe cechy<\/h2>\n<p>R\u00f3\u017cowy <a href=\"https:\/\/strangercam.com\/pl\/rabbit-video-chat\/\">Czat wideo<\/a> polega na dostarczaniu prostej, ale anga\u017cuj\u0105cej metody \u0142\u0105czenia si\u0119 z nieznajomymi w czasie rzeczywistym. Od przyjaznego dla u\u017cytkownika interfejsu po kreatywne dodatki, ma na celu zapewnienie zabawy i bezpiecze\u0144stwa rozm\u00f3w.<\/p>\n<ul>\n<li><strong>Losowe dopasowywanie wideo<\/strong>: B\u0142yskawicznie paruj si\u0119 z nieznajomymi i do\u0142\u0105czaj do swobodnych czat\u00f3w wideo.<\/li>\n<li><strong>Efekty lodo\u0142amacza<\/strong>: Urozmaicaj rozmowy zabawnymi maskami, filtrami i innymi elementami wizualnymi.<\/li>\n<li><strong>Szybka nawigacja<\/strong>: Szybkie przechodzenie od jednego czatu do drugiego, dzi\u0119ki czemu sp\u0119dzasz wi\u0119cej czasu na rozmowie, a mniej na czekaniu.<\/li>\n<li><strong>Zoptymalizowany pod k\u0105tem urz\u0105dze\u0144 mobilnych<\/strong>: Niezale\u017cnie od tego, czy korzystasz ze smartfona, czy komputera stacjonarnego, ciesz si\u0119 p\u0142ynnymi czatami wideo bez utraty jako\u015bci.<\/li>\n<\/ul>\n<h2>Losowe wra\u017cenia z czatu wideo<\/h2>\n<p>G\u0142\u00f3wn\u0105 zalet\u0105 Pink Video Chat jest mo\u017cliwo\u015b\u0107 \u0142\u0105czenia si\u0119 z nieznajomymi, jeden na jednego, za jednym klikni\u0119ciem przycisku.<\/p>\n<h3>Natychmiastowe po\u0142\u0105czenia<\/h3>\n<p>Gdy tylko naci\u015bniesz \u201cStart\u201d, algorytm Pink Video Chat szybko znajdzie partnera gotowego do rozmowy wideo. Nie potrzeba rozbudowanych profili ani skomplikowanych filtr\u00f3w - wystarczy spontaniczny dialog.<\/p>\n<h3>Opcja Auto Next<\/h3>\n<p>Je\u015bli bie\u017c\u0105ca rozmowa nie zostanie zaakceptowana, jedno dotkni\u0119cie przycisku \"Dalej\" po\u0142\u0105czy Ci\u0119 z nowym dopasowaniem, utrzymuj\u0105c \u017cywe tempo i pomagaj\u0105c odkry\u0107 wi\u0119cej os\u00f3b.<\/p>\n<h3>Globalna spo\u0142eczno\u015b\u0107<\/h3>\n<p>Baza u\u017cytkownik\u00f3w Pink Video Chat rozci\u0105ga si\u0119 na ca\u0142y \u015bwiat, daj\u0105c mo\u017cliwo\u015b\u0107 czatowania z osobami z r\u00f3\u017cnych \u015brodowisk. Jest to idealne rozwi\u0105zanie do nauki nowych j\u0119zyk\u00f3w lub poznawania mi\u0119dzynarodowych kultur w przyjaznym, bezpo\u015brednim formacie.<\/p>\n<h2>Zabawne dodatki<\/h2>\n<p>Opr\u00f3cz podstawowej funkcji losowego czatu, Pink Video Chat oferuje ekscytuj\u0105ce dodatki, kt\u00f3re zwi\u0119kszaj\u0105 zaanga\u017cowanie i prze\u0142amuj\u0105 lody.<\/p>\n<table>\n<thead>\n<tr>\n<th>Cecha<\/th>\n<th>Opis<\/th>\n<\/tr>\n<\/thead>\n<tbody>\n<tr>\n<td><strong>Cyfrowe maski i filtry<\/strong><\/td>\n<td>Zmie\u0144 sw\u00f3j wygl\u0105d na ekranie za pomoc\u0105 dziwacznych nak\u0142adek, zabawnych czapek lub animowanych efekt\u00f3w.<\/td>\n<\/tr>\n<tr>\n<td><strong>Integracja czatu tekstowego<\/strong><\/td>\n<td>Pisz szybkie wiadomo\u015bci lub udost\u0119pniaj linki, je\u015bli na pocz\u0105tku wolisz nie wypowiada\u0107 si\u0119 przed kamer\u0105.<\/td>\n<\/tr>\n<tr>\n<td><strong>Narz\u0119dzie migawki<\/strong><\/td>\n<td>Uchwy\u0107 niezapomniane chwile (za zgod\u0105), aby powr\u00f3ci\u0107 do nich po zako\u0144czeniu sesji.<\/td>\n<\/tr>\n<tr>\n<td><strong>Znaczniki zainteresowania<\/strong><\/td>\n<td>Do\u0142\u0105cz s\u0142owa kluczowe (muzyka, sport, podr\u00f3\u017ce), aby platforma mog\u0142a zasugerowa\u0107 bardziej trafne dopasowania.<\/td>\n<\/tr>\n<\/tbody>\n<\/table>\n<h2>Interfejs u\u017cytkownika i do\u015bwiadczenie<\/h2>\n<p>Uk\u0142ad Pink Video Chat ma by\u0107 prosty, ograniczaj\u0105c ba\u0142agan i nadaj\u0105c priorytet \u0142atwym interakcjom.<\/p>\n<h3>Projektowanie i nawigacja<\/h3>\n<ul>\n<li><strong>Minimalistyczna konfiguracja<\/strong>: Wyczy\u015b\u0107 przyciski \"Start\", \"Stop\" i \"Dalej\", aby przej\u0105\u0107 kontrol\u0119 nad po\u0142\u0105czeniami.<\/li>\n<li><strong>Menu oparte na ikonach<\/strong>: Szybka lokalizacja dodatk\u00f3w, takich jak filtry, czat tekstowy i funkcje raportowania.<\/li>\n<li><strong>Uk\u0142ad responsywny<\/strong>: Dzia\u0142a dobrze zar\u00f3wno na urz\u0105dzeniach mobilnych, jak i komputerach stacjonarnych, zapewniaj\u0105c \u015bwietny wygl\u0105d czat\u00f3w na ka\u017cdym ekranie.<\/li>\n<\/ul>\n<h3>Profil i personalizacja<\/h3>\n<ul>\n<li><strong>Opcjonalne nazwy u\u017cytkownika<\/strong>: Utw\u00f3rz kr\u00f3tki profil, je\u015bli chcesz mie\u0107 sta\u0142ych odwiedzaj\u0105cych, lub pozosta\u0144 anonimowy, aby zachowa\u0107 dodatkow\u0105 prywatno\u015b\u0107.<\/li>\n<li><strong>Preferencje powiadomie\u0144<\/strong>: Kontroluj powiadomienia o zaproszeniach do znajomych lub nowych funkcjach.<\/li>\n<li><strong>Ustawienia prywatno\u015bci<\/strong>: Ogranicz udost\u0119pnianie lokalizacji i dostosuj, kt\u00f3re informacje s\u0105 widoczne dla innych.<\/li>\n<\/ul>\n<h2>Wydajno\u015b\u0107<\/h2>\n<p>Dla ka\u017cdego <a href=\"https:\/\/strangercam.com\/pl\/chathub\/\">Losowy czat wideo<\/a> platforma, szybko\u015b\u0107 i niezawodno\u015b\u0107 s\u0105 kluczowe. Pink Video Chat r\u00f3wnowa\u017cy jako\u015b\u0107 z przyjazn\u0105 dla u\u017cytkownika konstrukcj\u0105.<\/p>\n<h3>Stabilne po\u0142\u0105czenia<\/h3>\n<ul>\n<li><strong>Zoptymalizowane serwery<\/strong>: Zaprojektowany z my\u015bl\u0105 o zmniejszonym op\u00f3\u017anieniu i naturalnych rozmowach.<\/li>\n<li><strong>Adaptacyjna jako\u015b\u0107 transmisji strumieniowej<\/strong>: Automatycznie dostosowuje rozdzielczo\u015b\u0107 w zale\u017cno\u015bci od przepustowo\u015bci \u0142\u0105cza internetowego.<\/li>\n<li><strong>Przyjazny dla danych tryb mobilny<\/strong>: Opcje ni\u017cszego zu\u017cycia danych w sieciach kom\u00f3rkowych pomagaj\u0105 zachowa\u0107 p\u0142ynno\u015b\u0107 wideo.<\/li>\n<\/ul>\n<h2>Bezpiecze\u0144stwo i umiar<\/h2>\n<p>Przypadkowe czaty wideo mog\u0105 narazi\u0107 u\u017cytkownik\u00f3w na niew\u0142a\u015bciwe interakcje, dlatego Pink Video Chat priorytetowo traktuje moderacj\u0119.<\/p>\n<h3>Monitorowanie spo\u0142eczno\u015bci<\/h3>\n<ul>\n<li><strong>Zg\u0142o\u015b i zablokuj<\/strong>: Natychmiastowe zg\u0142aszanie u\u017cytkownik\u00f3w \u0142ami\u0105cych zasady i blokowanie przysz\u0142ych kontakt\u00f3w w celu utrzymania przyjemnego do\u015bwiadczenia.<\/li>\n<li><strong>Filtrowanie AI<\/strong>: Zautomatyzowane systemy wcze\u015bnie wykrywaj\u0105 i ograniczaj\u0105 tre\u015bci o charakterze wulgarnym lub obra\u017aliwym.<\/li>\n<li><strong>Ludzki umiar<\/strong>: Specjalny zesp\u00f3\u0142 wsparcia bada powa\u017cne zg\u0142oszenia w celu zapewnienia dodatkowej ochrony.<\/li>\n<\/ul>\n<h3>Zapewnienie prywatno\u015bci<\/h3>\n<ul>\n<li><strong>Anonimowe czaty wideo<\/strong>: Brak obowi\u0105zku udost\u0119pniania danych osobowych lub link\u00f3w do profili w mediach spo\u0142eczno\u015bciowych.<\/li>\n<li><strong>Bezpieczna obs\u0142uga danych<\/strong>: Podstawowe szyfrowanie pomaga chroni\u0107 po\u015bwiadczenia konta i informacje o sesji.<\/li>\n<li><strong>Polityka dotycz\u0105ca minimalnego wieku<\/strong>: U\u017cytkownicy poni\u017cej 18 roku \u017cycia s\u0105 obj\u0119ci ograniczeniami w celu zapewnienia bezpiecze\u0144stwa dzieci.<\/li>\n<\/ul>\n<h2>Monetyzacja i aktualizacje<\/h2>\n<p>Pink Video Chat zapewnia swoje podstawowe funkcje dopasowania dla <a href=\"https:\/\/strangercam.com\/pl\/chat4free\/\">darmowy<\/a>Ale opcjonalne p\u0142atne dodatki mog\u0105 zwi\u0119kszy\u0107 Twoje do\u015bwiadczenie.<\/p>\n<h3>Opcje subskrypcji<\/h3>\n<ul>\n<li><strong>Tryb bez reklam<\/strong>: Wyeliminuj wyskakuj\u0105ce okienka i banery reklamowe, aby zapewni\u0107 nieprzerwane \u015brodowisko czatu.<\/li>\n<li><strong>Ekskluzywne filtry<\/strong>: Odblokuj efekty premium i t\u0142a, aby wyr\u00f3\u017cni\u0107 si\u0119 w aparacie.<\/li>\n<li><strong>Zaawansowane dobieranie graczy<\/strong>: Doprecyzuj tagi zainteresowa\u0144, aby uzyska\u0107 dok\u0142adniejsze parowanie.<\/li>\n<\/ul>\n<h3>Nagrody i kredyty<\/h3>\n<ul>\n<li><strong>Poziomy lojalno\u015bci<\/strong>: Cz\u0119ste korzystanie z aplikacji pozwala zdobywa\u0107 punkty, kt\u00f3re mo\u017cna wymieni\u0107 na bonusy lub zni\u017cki w aplikacji.<\/li>\n<li><strong>Zach\u0119ty do polecania<\/strong>: Zapro\u015b znajomych do Pink Video Chat i zarabiaj kredyty, kt\u00f3re mo\u017cesz wyda\u0107 na funkcje premium.<\/li>\n<\/ul>\n<h2>Pozycjonowanie rynkowe<\/h2>\n<p>Pink Video Chat wyr\u00f3\u017cnia si\u0119 jako t\u0119tni\u0105ca \u017cyciem alternatywa dla platform takich jak Chatrandom. Rozwija si\u0119 dzi\u0119ki swobodnym, nieprzewidywalnym spotkaniom, oferuj\u0105c jednocze\u015bnie wystarczaj\u0105ce \u015brodki bezpiecze\u0144stwa i personalizacj\u0119, aby zadowoli\u0107 szerok\u0105 publiczno\u015b\u0107.<\/p>\n<h3>Dane demograficzne u\u017cytkownik\u00f3w<\/h3>\n<ul>\n<li><strong>Przedzia\u0142 wiekowy<\/strong>: G\u0142\u00f3wnie w wieku 18-35 lat, ale otwarte dla doros\u0142ych w ka\u017cdym wieku.<\/li>\n<li><strong>Zainteresowania<\/strong>: Idealny do swobodnych rozm\u00f3w, wymiany kulturowej, \u0107wicze\u0144 j\u0119zykowych i wszystkiego pomi\u0119dzy.<\/li>\n<li><strong>Szczytowe u\u017cycie<\/strong>: Wieczory i weekendy przyci\u0105gaj\u0105 najwi\u0119ksze t\u0142umy szukaj\u0105ce zabawy i lu\u017anych rozm\u00f3w.<\/li>\n<\/ul>\n<h3>Globalny zasi\u0119g<\/h3>\n<ul>\n<li><strong>Mi\u0119dzynarodowa baza u\u017cytkownik\u00f3w<\/strong>: Poznawaj nieznajomych z niezliczonych kraj\u00f3w, poszerzaj\u0105c sw\u00f3j \u015bwiatopogl\u0105d po jednym czacie na raz.<\/li>\n<li><strong>Interfejs wieloj\u0119zyczny<\/strong>: Wybierz jedn\u0105 z kilku opcji j\u0119zykowych, aby uzyska\u0107 zlokalizowane wra\u017cenia.<\/li>\n<\/ul>\n<h2>Plusy i minusy<\/h2>\n<p>Oto kr\u00f3tkie podsumowanie mocnych stron i mo\u017cliwych wad Pink Video Chat:<\/p>\n<table>\n<thead>\n<tr>\n<th>Plusy<\/th>\n<th>Wady<\/th>\n<\/tr>\n<\/thead>\n<tbody>\n<tr>\n<td>\n<ul>\n<li>Natychmiastowe losowe po\u0142\u0105czenia<\/li>\n<li>Prosty, intuicyjny uk\u0142ad<\/li>\n<li>Zabawne filtry i efekty<\/li>\n<li>Solidne narz\u0119dzia moderacyjne<\/li>\n<li>Wydajno\u015b\u0107 dostosowana do urz\u0105dze\u0144 mobilnych<\/li>\n<\/ul>\n<\/td>\n<td>\n<ul>\n<li>Potencjalne nara\u017cenie na nieodpowiednie tre\u015bci (cho\u0107 moderowane)<\/li>\n<li>Wysokie wymagania internetowe dla najlepszej jako\u015bci wideo<\/li>\n<li>Ograniczone opcje profilu i zainteresowa\u0144 w warstwie Free<\/li>\n<li>Konkurencja ze strony wi\u0119kszych platform o ugruntowanej pozycji<\/li>\n<\/ul>\n<\/td>\n<\/tr>\n<\/tbody>\n<\/table>\n<h2>Wnioski<\/h2>\n<p>Pink Video Chat zapewnia zabawny, losowy czat wideo, odpowiedni dla ka\u017cdego, kto pragnie spontanicznych spotka\u0144 towarzyskich. Jako alternatywa dla Chatrandom, r\u00f3wnowa\u017cy prostot\u0119 i przyjemno\u015b\u0107, \u0142\u0105cz\u0105c zabawne funkcje, takie jak cyfrowe maski i znaczniki zainteresowa\u0144, z podstawowymi \u015brodkami bezpiecze\u0144stwa, takimi jak raportowanie i blokowanie. Niezale\u017cnie od tego, czy chcesz pozna\u0107 nowych przyjaci\u00f3\u0142, \u0107wiczy\u0107 drugi j\u0119zyk, czy po prostu sp\u0119dzi\u0107 czas w dynamicznej spo\u0142eczno\u015bci online, Pink Video Chat ma wiele do zaoferowania.<br \/>\nDzi\u0119ki przejrzystemu interfejsowi u\u017cytkownika, kompatybilno\u015bci z urz\u0105dzeniami mobilnymi i moderowanemu \u015brodowisku czatu, Pink Video Chat wyr\u00f3\u017cnia si\u0119 jako t\u0119tni\u0105cy \u017cyciem konkurent w \u015bwiecie losowych witryn czatu wideo. Wypr\u00f3buj go i odkryj, kogo spotkasz po drugiej stronie nast\u0119pnego klikni\u0119cia!<\/p>","protected":false},"excerpt":{"rendered":"<p>Are you looking for a lively, spontaneous way to meet new people online? Pink Video Chat offers a fun alternative to platforms like Chatrandom, focusing on random video connections that spark fresh conversations across the globe. In this guide, we\u2019ll explore Pink Video Chat\u2019s primary features, how it stands out from other random chat sites, [&hellip;]<\/p>\n","protected":false},"author":6,"featured_media":0,"parent":0,"menu_order":0,"comment_status":"closed","ping_status":"closed","template":"","meta":{"footnotes":""},"class_list":["post-12683","page","type-page","status-publish","hentry"],"yoast_head":"<!-- This site is optimized with the Yoast SEO plugin v26.9 - https:\/\/yoast.com\/product\/yoast-seo-wordpress\/ -->\n<title>Pink Video Chat - Chat with people on StrangerCam.com<\/title>\n<meta name=\"description\" content=\"Like Pink Video Chat? Come chat with more than 5.000.000 strangers on Stranger Cam for Free! Turn on your cam and find new friends &amp; maby a match!\" \/>\n<meta name=\"robots\" content=\"index, follow, max-snippet:-1, max-image-preview:large, max-video-preview:-1\" \/>\n<link rel=\"canonical\" href=\"https:\/\/strangercam.com\/pl\/pink-video-chat\/\" \/>\n<meta property=\"og:locale\" content=\"pl_PL\" \/>\n<meta property=\"og:type\" content=\"article\" \/>\n<meta property=\"og:title\" content=\"Pink Video Chat - Chat with people on StrangerCam.com\" \/>\n<meta property=\"og:description\" content=\"Like Pink Video Chat? Come chat with more than 5.000.000 strangers on Stranger Cam for Free! Turn on your cam and find new friends &amp; maby a match!\" \/>\n<meta property=\"og:url\" content=\"https:\/\/strangercam.com\/pl\/pink-video-chat\/\" \/>\n<meta property=\"og:site_name\" content=\"Strangercam\" \/>\n<meta property=\"article:publisher\" content=\"https:\/\/www.facebook.com\/strangercam\" \/>\n<meta property=\"article:modified_time\" content=\"2025-02-04T07:27:22+00:00\" \/>\n<meta property=\"og:image\" content=\"https:\/\/strangercam.com\/wp-content\/uploads\/2021\/10\/Untitled-2.png\" \/>\n\t<meta property=\"og:image:width\" content=\"800\" \/>\n\t<meta property=\"og:image:height\" content=\"532\" \/>\n\t<meta property=\"og:image:type\" content=\"image\/png\" \/>\n<meta name=\"twitter:card\" content=\"summary_large_image\" \/>\n<meta name=\"twitter:site\" content=\"@strangercamapp\" \/>\n<meta name=\"twitter:label1\" content=\"Szacowany czas czytania\" \/>\n\t<meta name=\"twitter:data1\" content=\"5 minut\" \/>\n<script type=\"application\/ld+json\" class=\"yoast-schema-graph\">{\"@context\":\"https:\/\/schema.org\",\"@graph\":[{\"@type\":\"WebPage\",\"@id\":\"https:\/\/strangercam.com\/pink-video-chat\/\",\"url\":\"https:\/\/strangercam.com\/pink-video-chat\/\",\"name\":\"Pink Video Chat - Chat with people on StrangerCam.com\",\"isPartOf\":{\"@id\":\"https:\/\/strangercam.com\/#website\"},\"datePublished\":\"2025-01-29T08:35:45+00:00\",\"dateModified\":\"2025-02-04T07:27:22+00:00\",\"description\":\"Like Pink Video Chat? Come chat with more than 5.000.000 strangers on Stranger Cam for Free! Turn on your cam and find new friends & maby a match!\",\"breadcrumb\":{\"@id\":\"https:\/\/strangercam.com\/pink-video-chat\/#breadcrumb\"},\"inLanguage\":\"pl-PL\",\"potentialAction\":[{\"@type\":\"ReadAction\",\"target\":[\"https:\/\/strangercam.com\/pink-video-chat\/\"]}]},{\"@type\":\"BreadcrumbList\",\"@id\":\"https:\/\/strangercam.com\/pink-video-chat\/#breadcrumb\",\"itemListElement\":[{\"@type\":\"ListItem\",\"position\":1,\"name\":\"Home\",\"item\":\"https:\/\/strangercam.com\/\"},{\"@type\":\"ListItem\",\"position\":2,\"name\":\"Pink Video Chat\"}]},{\"@type\":\"WebSite\",\"@id\":\"https:\/\/strangercam.com\/#website\",\"url\":\"https:\/\/strangercam.com\/\",\"name\":\"Strangercam\",\"description\":\"Random Video Chat with Strangers\",\"publisher\":{\"@id\":\"https:\/\/strangercam.com\/#organization\"},\"alternateName\":\"Strangercam.com\",\"potentialAction\":[{\"@type\":\"SearchAction\",\"target\":{\"@type\":\"EntryPoint\",\"urlTemplate\":\"https:\/\/strangercam.com\/?s={search_term_string}\"},\"query-input\":{\"@type\":\"PropertyValueSpecification\",\"valueRequired\":true,\"valueName\":\"search_term_string\"}}],\"inLanguage\":\"pl-PL\"},{\"@type\":\"Organization\",\"@id\":\"https:\/\/strangercam.com\/#organization\",\"name\":\"Strangercam\",\"alternateName\":\"Strangercam.com\",\"url\":\"https:\/\/strangercam.com\/\",\"logo\":{\"@type\":\"ImageObject\",\"inLanguage\":\"pl-PL\",\"@id\":\"https:\/\/strangercam.com\/#\/schema\/logo\/image\/\",\"url\":\"https:\/\/strangercam.com\/wp-content\/uploads\/2020\/11\/cropped-new-favicon-black.png\",\"contentUrl\":\"https:\/\/strangercam.com\/wp-content\/uploads\/2020\/11\/cropped-new-favicon-black.png\",\"width\":512,\"height\":512,\"caption\":\"Strangercam\"},\"image\":{\"@id\":\"https:\/\/strangercam.com\/#\/schema\/logo\/image\/\"},\"sameAs\":[\"https:\/\/www.facebook.com\/strangercam\",\"https:\/\/x.com\/strangercamapp\"]}]}<\/script>\n<!-- \/ Yoast SEO plugin. -->","yoast_head_json":{"title":"Pink Video Chat - Czatuj z lud\u017ami na StrangerCam.com","description":"Lubisz r\u00f3\u017cowy czat wideo? Przyjd\u017a na czat z ponad 5.000.000 nieznajomych na Stranger Cam za darmo! W\u0142\u0105cz kamer\u0119 i znajd\u017a nowych przyjaci\u00f3\u0142 i mo\u017ce mecz!","robots":{"index":"index","follow":"follow","max-snippet":"max-snippet:-1","max-image-preview":"max-image-preview:large","max-video-preview":"max-video-preview:-1"},"canonical":"https:\/\/strangercam.com\/pl\/pink-video-chat\/","og_locale":"pl_PL","og_type":"article","og_title":"Pink Video Chat - Chat with people on StrangerCam.com","og_description":"Like Pink Video Chat? Come chat with more than 5.000.000 strangers on Stranger Cam for Free! Turn on your cam and find new friends & maby a match!","og_url":"https:\/\/strangercam.com\/pl\/pink-video-chat\/","og_site_name":"Strangercam","article_publisher":"https:\/\/www.facebook.com\/strangercam","article_modified_time":"2025-02-04T07:27:22+00:00","og_image":[{"width":800,"height":532,"url":"https:\/\/strangercam.com\/wp-content\/uploads\/2021\/10\/Untitled-2.png","type":"image\/png"}],"twitter_card":"summary_large_image","twitter_site":"@strangercamapp","twitter_misc":{"Szacowany czas czytania":"5 minut"},"schema":{"@context":"https:\/\/schema.org","@graph":[{"@type":"WebPage","@id":"https:\/\/strangercam.com\/pink-video-chat\/","url":"https:\/\/strangercam.com\/pink-video-chat\/","name":"Pink Video Chat - Czatuj z lud\u017ami na StrangerCam.com","isPartOf":{"@id":"https:\/\/strangercam.com\/#website"},"datePublished":"2025-01-29T08:35:45+00:00","dateModified":"2025-02-04T07:27:22+00:00","description":"Lubisz r\u00f3\u017cowy czat wideo? Przyjd\u017a na czat z ponad 5.000.000 nieznajomych na Stranger Cam za darmo! W\u0142\u0105cz kamer\u0119 i znajd\u017a nowych przyjaci\u00f3\u0142 i mo\u017ce mecz!","breadcrumb":{"@id":"https:\/\/strangercam.com\/pink-video-chat\/#breadcrumb"},"inLanguage":"pl-PL","potentialAction":[{"@type":"ReadAction","target":["https:\/\/strangercam.com\/pink-video-chat\/"]}]},{"@type":"BreadcrumbList","@id":"https:\/\/strangercam.com\/pink-video-chat\/#breadcrumb","itemListElement":[{"@type":"ListItem","position":1,"name":"Home","item":"https:\/\/strangercam.com\/"},{"@type":"ListItem","position":2,"name":"Pink Video Chat"}]},{"@type":"WebSite","@id":"https:\/\/strangercam.com\/#website","url":"https:\/\/strangercam.com\/","name":"Strangercam","description":"Losowy czat wideo z nieznajomymi","publisher":{"@id":"https:\/\/strangercam.com\/#organization"},"alternateName":"Strangercam.com","potentialAction":[{"@type":"SearchAction","target":{"@type":"EntryPoint","urlTemplate":"https:\/\/strangercam.com\/?s={search_term_string}"},"query-input":{"@type":"PropertyValueSpecification","valueRequired":true,"valueName":"search_term_string"}}],"inLanguage":"pl-PL"},{"@type":"Organization","@id":"https:\/\/strangercam.com\/#organization","name":"Strangercam","alternateName":"Strangercam.com","url":"https:\/\/strangercam.com\/","logo":{"@type":"ImageObject","inLanguage":"pl-PL","@id":"https:\/\/strangercam.com\/#\/schema\/logo\/image\/","url":"https:\/\/strangercam.com\/wp-content\/uploads\/2020\/11\/cropped-new-favicon-black.png","contentUrl":"https:\/\/strangercam.com\/wp-content\/uploads\/2020\/11\/cropped-new-favicon-black.png","width":512,"height":512,"caption":"Strangercam"},"image":{"@id":"https:\/\/strangercam.com\/#\/schema\/logo\/image\/"},"sameAs":["https:\/\/www.facebook.com\/strangercam","https:\/\/x.com\/strangercamapp"]}]}},"_links":{"self":[{"href":"https:\/\/strangercam.com\/pl\/wp-json\/wp\/v2\/pages\/12683","targetHints":{"allow":["GET"]}}],"collection":[{"href":"https:\/\/strangercam.com\/pl\/wp-json\/wp\/v2\/pages"}],"about":[{"href":"https:\/\/strangercam.com\/pl\/wp-json\/wp\/v2\/types\/page"}],"author":[{"embeddable":true,"href":"https:\/\/strangercam.com\/pl\/wp-json\/wp\/v2\/users\/6"}],"replies":[{"embeddable":true,"href":"https:\/\/strangercam.com\/pl\/wp-json\/wp\/v2\/comments?post=12683"}],"version-history":[{"count":1,"href":"https:\/\/strangercam.com\/pl\/wp-json\/wp\/v2\/pages\/12683\/revisions"}],"predecessor-version":[{"id":12684,"href":"https:\/\/strangercam.com\/pl\/wp-json\/wp\/v2\/pages\/12683\/revisions\/12684"}],"wp:attachment":[{"href":"https:\/\/strangercam.com\/pl\/wp-json\/wp\/v2\/media?parent=12683"}],"curies":[{"name":"wp","href":"https:\/\/api.w.org\/{rel}","templated":true}]}}