{"id":12678,"date":"2025-01-29T10:31:15","date_gmt":"2025-01-29T08:31:15","guid":{"rendered":"https:\/\/strangercam.com\/?page_id=12678"},"modified":"2025-01-29T10:31:15","modified_gmt":"2025-01-29T08:31:15","slug":"only2chat","status":"publish","type":"page","link":"https:\/\/strangercam.com\/pl\/only2chat\/","title":{"rendered":"Only2Chat"},"content":{"rendered":"<p>Je\u015bli lubisz spontaniczne znajomo\u015bci i poznawanie nowych ludzi online, Only2Chat jest ciekaw\u0105 alternatyw\u0105 dla tradycyjnych platform typu chatroulette. Zaprojektowany do \u0142\u0105czenia nieznajomych w pary w sesjach wideo jeden na jednego, Only2Chat k\u0142adzie nacisk na szybkie, bezproblemowe interakcje i zabawne funkcje - a wszystko to przy zachowaniu bezpiecznego i przyjaznego dla u\u017cytkownika \u015brodowiska. W tym przegl\u0105dzie zbadamy g\u0142\u00f3wne atrakcje platformy, om\u00f3wimy wra\u017cenia u\u017cytkownika i podkre\u015blimy, w jaki spos\u00f3b wyr\u00f3\u017cnia si\u0119 ona na tle innych losowych platform. <a href=\"https:\/\/strangercam.com\/pl\/coomeet\/\">czat wideo<\/a> strony internetowe.<\/p>\n<h2>Kluczowe cechy<\/h2>\n<p>Only2Chat koncentruje si\u0119 na dostarczaniu swobodnego, zabawnego sposobu na rozmow\u0119 z nieznajomymi za po\u015brednictwem wideo. Jego podstawowe funkcje maj\u0105 na celu stworzenie anga\u017cuj\u0105cego i bezpiecznego <a href=\"https:\/\/strangercam.com\/pl\/mocospace\/\">przestrze\u0144<\/a> gdzie mo\u017cesz \u0142\u0105czy\u0107 si\u0119 z lud\u017ami na ca\u0142ym \u015bwiecie.<\/p>\n<ul>\n<li><strong>Losowe dopasowywanie wideo<\/strong>: Natychmiastowe parowanie z innymi u\u017cytkownikami twarz\u0105 w twarz <a href=\"https:\/\/strangercam.com\/pl\/chathub\/\">czat<\/a> \u015brodowisko.<\/li>\n<li><strong>Zabawne filtry i efekty<\/strong>: Zabawne filtry i efekty wy\u015bwietlane na ekranie dodadz\u0105 rozmowie dodatkowego uroku.<\/li>\n<li><strong>\u0141atwa nawigacja<\/strong>: Prosty interfejs u\u0142atwia przechodzenie od jednego czatu do drugiego bez \u017cadnych komplikacji.<\/li>\n<li><strong>Projekt przyjazny dla urz\u0105dze\u0144 mobilnych<\/strong>: Korzystaj z Only2Chat na telefonie, tablecie lub komputerze, aby prowadzi\u0107 rozmowy w podr\u00f3\u017cy.<\/li>\n<\/ul>\n<h2>Losowe wra\u017cenia z czatu wideo<\/h2>\n<p>U podstaw Only2Chat le\u017cy oferowanie natychmiastowego, niezobowi\u0105zuj\u0105cego sposobu prowadzenia rozm\u00f3w wideo z nowymi osobami.<\/p>\n<h3>Po\u0142\u0105czenia jeden na jeden<\/h3>\n<p>Po naci\u015bni\u0119ciu przycisku \"Start\" algorytm platformy szybko po\u0142\u0105czy Ci\u0119 z innym u\u017cytkownikiem, kt\u00f3ry r\u00f3wnie\u017c szuka losowego czatu. Czaty pozostaj\u0105 jeden na jednego, zapewniaj\u0105c bardziej osobiste wra\u017cenia ni\u017c zat\u0142oczone pokoje grupowe.<\/p>\n<h3>Funkcja Auto Next<\/h3>\n<p>Je\u015bli bie\u017c\u0105ca rozmowa nie jest odpowiednia - lub gdy masz ju\u017c do\u015b\u0107 - po prostu kliknij \"Dalej\", aby przej\u015b\u0107 do nast\u0119pnego losowego dopasowania. Pozwala to utrzyma\u0107 szybkie tempo i zapewnia szybkie znalezienie kogo\u015b nowego do rozmowy.<\/p>\n<h3>Globalna spo\u0142eczno\u015b\u0107<\/h3>\n<p>Only2Chat przyci\u0105ga u\u017cytkownik\u00f3w z r\u00f3\u017cnych zak\u0105tk\u00f3w \u015bwiata, oferuj\u0105c mo\u017cliwo\u015b\u0107 poznania innych kultur, j\u0119zyk\u00f3w i \u015brodowisk w czasie rzeczywistym. Niezale\u017cnie od tego, czy chcesz po\u0107wiczy\u0107 j\u0119zyk obcy, czy po prostu porozmawia\u0107, mo\u017cesz znale\u017a\u0107 kogo\u015b gotowego do nawi\u0105zania kontaktu.<\/p>\n<h2>Zabawne dodatki<\/h2>\n<p>Only2Chat to nie tylko standardowe rozmowy wideo. R\u00f3\u017cnorodne dodatki poprawiaj\u0105 wra\u017cenia i pomagaj\u0105 prze\u0142ama\u0107 lody.<\/p>\n<table>\n<thead>\n<tr>\n<th>Cecha<\/th>\n<th>Opis<\/th>\n<\/tr>\n<\/thead>\n<tbody>\n<tr>\n<td><strong>Wirtualne maski<\/strong><\/td>\n<td>Zabawiaj swojego partnera na czacie, nosz\u0105c zabawne cyfrowe maski lub akcesoria przed kamer\u0105.<\/td>\n<\/tr>\n<tr>\n<td><strong>Integracja czatu tekstowego<\/strong><\/td>\n<td>Wysy\u0142aj szybkie wiadomo\u015bci, aby wyja\u015bni\u0107 kwestie lub udost\u0119pniaj linki, je\u015bli nie jeste\u015b jeszcze gotowy na pe\u0142n\u0105 interakcj\u0119 wideo.<\/td>\n<\/tr>\n<tr>\n<td><strong>Opcje migawek<\/strong><\/td>\n<td>Sfotografuj niezapomniane momenty (za zgod\u0105), aby p\u00f3\u017aniej do nich wr\u00f3ci\u0107.<\/td>\n<\/tr>\n<tr>\n<td><strong>Znaczniki zainteresowania<\/strong><\/td>\n<td>Oznaczaj swoje czaty tematami (muzyka, gry, podr\u00f3\u017ce), aby znale\u017a\u0107 bardziej kompatybilne dopasowania.<\/td>\n<\/tr>\n<\/tbody>\n<\/table>\n<h2>Interfejs u\u017cytkownika i do\u015bwiadczenie<\/h2>\n<p>Prosty, elegancki wygl\u0105d pomaga nowym u\u017cytkownikom zanurzy\u0107 si\u0119 w czacie. Uk\u0142ad Only2Chat pozwala skupi\u0107 si\u0119 na strumieniu wideo na \u017cywo, przy minimalnym rozpraszaniu uwagi na ekranie.<\/p>\n<h3>Projektowanie i nawigacja<\/h3>\n<ul>\n<li><strong>Minimalna kontrola<\/strong>: Wyra\u017anie oznaczone przyciski \"Start\", \"Stop\" i \"Dalej\" pozwalaj\u0105 bez wysi\u0142ku kontrolowa\u0107 sesje.<\/li>\n<li><strong>Szybki dost\u0119p do funkcji<\/strong>: Menu oparte na ikonach wy\u015bwietla filtry, opcje czatu tekstowego i sterowanie d\u017awi\u0119kiem na pierwszy rzut oka.<\/li>\n<li><strong>Przyjazny dla urz\u0105dze\u0144 mobilnych<\/strong>: Responsywny design dostosowuje si\u0119 do r\u00f3\u017cnych rozmiar\u00f3w ekranu, dzi\u0119ki czemu czaty wideo oparte na telefonie s\u0105 p\u0142ynne i intuicyjne.<\/li>\n<\/ul>\n<h3>Personalizacja<\/h3>\n<ul>\n<li><strong>Elementy profilu<\/strong>: Skonfiguruj kr\u00f3tki profil, dodaj opcjonaln\u0105 nazw\u0119 u\u017cytkownika lub wymie\u0144 swoje zainteresowania, aby kierowa\u0107 algorytmem dopasowywania.<\/li>\n<li><strong>Kontrolki powiadomie\u0144<\/strong>: Zdecyduj, kiedy i w jaki spos\u00f3b b\u0119dziesz otrzymywa\u0107 powiadomienia, takie jak zaproszenia do znajomych lub nowe mecze.<\/li>\n<li><strong>Ustawienia prywatno\u015bci<\/strong>: Ogranicz, kt\u00f3re dane osobowe s\u0105 widoczne dla innych i jak radzisz sobie z udost\u0119pnianiem lokalizacji.<\/li>\n<\/ul>\n<h2>Wydajno\u015b\u0107<\/h2>\n<p>Poniewa\u017c losowy czat wideo opiera si\u0119 na po\u0142\u0105czeniach w czasie rzeczywistym, Only2Chat koncentruje si\u0119 na szybko\u015bci i stabilno\u015bci:<\/p>\n<h3>Szybkie i stabilne po\u0142\u0105czenia<\/h3>\n<ul>\n<li><strong>Zoptymalizowane serwery<\/strong>: Minimalne op\u00f3\u017anienia zapewniaj\u0105, \u017ce rozmowy s\u0105 naturalne i nieprzerwane.<\/li>\n<li><strong>Adaptacyjna jako\u015b\u0107 wideo<\/strong>: Rozdzielczo\u015b\u0107 dostosowuje si\u0119 do pr\u0119dko\u015bci Internetu, zapewniaj\u0105c p\u0142ynne dzia\u0142anie zar\u00f3wno w silnych, jak i s\u0142abszych sieciach.<\/li>\n<li><strong>Wydajno\u015b\u0107 danych mobilnych<\/strong>: U\u017cytkownicy mobilni korzystaj\u0105 z tryb\u00f3w ni\u017cszego zu\u017cycia danych.<\/li>\n<\/ul>\n<h2>Bezpiecze\u0144stwo i umiar<\/h2>\n<p>Losowe czaty wideo wymagaj\u0105 solidnych zabezpiecze\u0144. Only2Chat priorytetowo traktuje dobro u\u017cytkownik\u00f3w poprzez narz\u0119dzia moderacji i surowe zasady.<\/p>\n<h3>Monitorowanie zawarto\u015bci<\/h3>\n<ul>\n<li><strong>Zg\u0142o\u015b i zablokuj<\/strong>: Zauwa\u017cy\u0142e\u015b osob\u0119 \u0142ami\u0105c\u0105 zasady lub spotka\u0142e\u015b si\u0119 z n\u0119kaniem? Zg\u0142o\u015b je i zablokuj, aby uzyska\u0107 natychmiastowe rozwi\u0105zanie.<\/li>\n<li><strong>Badanie przesiewowe AI<\/strong>: Zautomatyzowane systemy pomagaj\u0105 odfiltrowa\u0107 nieodpowiednie tre\u015bci, zanim dojdzie do ich eskalacji.<\/li>\n<li><strong>Zesp\u00f3\u0142 ds. oceny cz\u0142owieka<\/strong>: Dedykowany zesp\u00f3\u0142 moderator\u00f3w ocenia oflagowane zachowanie, zapewniaj\u0105c bezpieczniejsz\u0105 spo\u0142eczno\u015b\u0107.<\/li>\n<\/ul>\n<h3>Kontrola prywatno\u015bci<\/h3>\n<ul>\n<li><strong>Anonimowa interakcja<\/strong>: Korzystaj z Only2Chat bez ujawniania swoich danych osobowych lub profilu, je\u015bli wolisz.<\/li>\n<li><strong>Bezpieczna obs\u0142uga danych<\/strong>: Podstawowe szyfrowanie danych pomaga chroni\u0107 informacje o koncie.<\/li>\n<li><strong>Ograniczenia wiekowe<\/strong>: Platforma wprowadza wym\u00f3g minimalnego wieku w celu ochrony nieletnich.<\/li>\n<\/ul>\n<h2>Monetyzacja i aktualizacje<\/h2>\n<p>Only2Chat dzia\u0142a przede wszystkim jako bezp\u0142atna us\u0142uga, ale opcjonalne oferty premium pomagaj\u0105 utrzyma\u0107 i poprawi\u0107 komfort u\u017cytkowania.<\/p>\n<h3>Opcje aktualizacji<\/h3>\n<ul>\n<li><strong>Przegl\u0105danie bez reklam<\/strong>: Usu\u0144 natr\u0119tne reklamy, aby uzyska\u0107 bardziej przejrzysty interfejs.<\/li>\n<li><strong>Filtry Premium<\/strong>: Odblokuj ekskluzywne efekty, t\u0142a i animacje awatara.<\/li>\n<li><strong>Zaawansowane dopasowywanie zainteresowa\u0144<\/strong>: Dostosuj swoje preferencje czatu, aby znale\u017a\u0107 najbardziej kompatybilnych nieznajomych.<\/li>\n<\/ul>\n<h3>Programy premiowe<\/h3>\n<ul>\n<li><strong>Korzy\u015bci lojalno\u015bciowe<\/strong>: Cz\u0119sto graj\u0105cy u\u017cytkownicy mog\u0105 zdobywa\u0107 kredyty do wydania na przedmioty premium.<\/li>\n<li><strong>Korzy\u015bci z polecenia<\/strong>: Zapro\u015b znajomych do Only2Chat i otrzymuj nagrody w aplikacji lub bonusy za subskrypcj\u0119.<\/li>\n<\/ul>\n<h2>Pozycjonowanie rynkowe<\/h2>\n<p>Jako us\u0142uga w stylu chatroulette, Only2Chat skierowany jest do u\u017cytkownik\u00f3w, kt\u00f3rzy pragn\u0105 zabawy, natychmiastowych po\u0142\u0105cze\u0144 bez z\u0142o\u017cono\u015bci formalnego serwisu randkowego lub narz\u0119dzia do spotka\u0144 korporacyjnych.<\/p>\n<h3>Dane demograficzne odbiorc\u00f3w<\/h3>\n<ul>\n<li><strong>Przedzia\u0142 wiekowy<\/strong>: M\u0142odzi doro\u015bli i starsi, cho\u0107 g\u0142\u00f3wnie w wieku 18-35 lat.<\/li>\n<li><strong>Zainteresowania<\/strong>: Przypadkowe rozmowy, praktyka j\u0119zykowa, wymiana kulturowa lub po prostu sp\u0119dzanie czasu.<\/li>\n<li><strong>Wzorce u\u017cytkowania<\/strong>: Szczyt przypada na weekendy i wieczory, kiedy wi\u0119cej os\u00f3b korzysta z Internetu w poszukiwaniu rozrywki.<\/li>\n<\/ul>\n<h3>Globalny zasi\u0119g<\/h3>\n<ul>\n<li><strong>Mi\u0119dzynarodowa baza u\u017cytkownik\u00f3w<\/strong>: Entuzja\u015bci z r\u00f3\u017cnych kraj\u00f3w loguj\u0105 si\u0119 w celu spontanicznych spotka\u0144.<\/li>\n<li><strong>Elastyczne ustawienia j\u0119zyka<\/strong>: Interfejs mo\u017cna prze\u0142\u0105czy\u0107 na wiele j\u0119zyk\u00f3w, aby uzyska\u0107 zlokalizowane do\u015bwiadczenia.<\/li>\n<\/ul>\n<h2>Plusy i minusy<\/h2>\n<p>Oto kr\u00f3tkie spojrzenie na to, co wyr\u00f3\u017cnia Only2Chat, wraz z kilkoma obszarami, w kt\u00f3rych mo\u017ce si\u0119 poprawi\u0107:<\/p>\n<table>\n<thead>\n<tr>\n<th>Plusy<\/th>\n<th>Wady<\/th>\n<\/tr>\n<\/thead>\n<tbody>\n<tr>\n<td>\n<ul>\n<li>Natychmiastowe losowe dopasowanie<\/li>\n<li>Przyjazny dla u\u017cytkownika interfejs<\/li>\n<li>Zabawne filtry i efekty<\/li>\n<li>Dedykowana moderacja dla bezpiecznych spotka\u0144<\/li>\n<li>Przyjazny dla urz\u0105dze\u0144 mobilnych dla czat\u00f3w w ruchu<\/li>\n<\/ul>\n<\/td>\n<td>\n<ul>\n<li>Sporadyczne problemy z po\u0142\u0105czeniem w niekt\u00f3rych regionach<\/li>\n<li>Zale\u017cno\u015b\u0107 od silniejszego Internetu dla lepszej jako\u015bci wideo<\/li>\n<li>Potencjalne nara\u017cenie na nieodpowiednie tre\u015bci (\u0142agodzone przez moderacj\u0119)<\/li>\n<li>Ograniczone darmowe funkcje w por\u00f3wnaniu do opcji Premium<\/li>\n<\/ul>\n<\/td>\n<\/tr>\n<\/tbody>\n<\/table>\n<h2>Wnioski<\/h2>\n<p>Only2Chat zapewnia proste i zabawne podej\u015bcie do poznawania nowych ludzi online. Jako platforma w stylu chatroulette, rozwija si\u0119 na spontaniczno\u015bci, \u0142\u0105cz\u0105c u\u017cytkownik\u00f3w w pary w celu przypadkowych interakcji twarz\u0105 w twarz, kt\u00f3re mog\u0105 wywo\u0142a\u0107 kr\u00f3tkie przyja\u017anie, sesje \u0107wicze\u0144 j\u0119zykowych lub po prostu przyjemny spos\u00f3b na sp\u0119dzenie czasu. Dzi\u0119ki wbudowanym funkcjom moderacji, kontroli prywatno\u015bci i zabawnym dodatkom, takim jak filtry, Only2Chat udaje si\u0119 utrzyma\u0107 czaty wideo \u017cywe i dost\u0119pne.<br \/>\nNiezale\u017cnie od tego, czy szukasz szybkiego \u015bmiechu, chcesz pozna\u0107 nowe kultury, czy po prostu pragniesz przypadkowej rozmowy, Only2Chat wyr\u00f3\u017cnia si\u0119 jako dynamiczna alternatywa dla innych. <a href=\"https:\/\/strangercam.com\/pl\/chatroulette\/\">chatroulette<\/a> platformy. Je\u015bli cenisz sobie prostot\u0119, bezpiecze\u0144stwo i kreatywno\u015b\u0107 w swoich losowych czatach wideo, wypr\u00f3buj Only2Chat i zobacz, kto czeka po drugiej stronie przycisku \u201cDalej\u201d.<\/p>","protected":false},"excerpt":{"rendered":"<p>If you enjoy spontaneous connections and meeting new people online, Only2Chat is a fun alternative to traditional chatroulette-style platforms. Designed to pair strangers in one-on-one video sessions, Only2Chat emphasizes quick, hassle-free interactions and playful features\u2014all while maintaining a safe and user-friendly environment. In this overview, we\u2019ll explore the platform\u2019s main attractions, discuss the user experience, [&hellip;]<\/p>\n","protected":false},"author":6,"featured_media":0,"parent":0,"menu_order":0,"comment_status":"closed","ping_status":"closed","template":"","meta":{"footnotes":""},"class_list":["post-12678","page","type-page","status-publish","hentry"],"yoast_head":"<!-- This site is optimized with the Yoast SEO plugin v27.4 - https:\/\/yoast.com\/product\/yoast-seo-wordpress\/ -->\n<title>Only2Chat - Chatroulette random video chat on StrangerCam.com<\/title>\n<meta name=\"description\" content=\"Like Only2Chat? Come chat with more than 5.000.000 strangers on Stranger Cam for Free! Turn on your cam and find new friends &amp; maby a match!\" \/>\n<meta name=\"robots\" content=\"index, follow, max-snippet:-1, max-image-preview:large, max-video-preview:-1\" \/>\n<link rel=\"canonical\" href=\"https:\/\/strangercam.com\/pl\/only2chat\/\" \/>\n<meta property=\"og:locale\" content=\"pl_PL\" \/>\n<meta property=\"og:type\" content=\"article\" \/>\n<meta property=\"og:title\" content=\"Only2Chat - Chatroulette random video chat on StrangerCam.com\" \/>\n<meta property=\"og:description\" content=\"Like Only2Chat? Come chat with more than 5.000.000 strangers on Stranger Cam for Free! Turn on your cam and find new friends &amp; maby a match!\" \/>\n<meta property=\"og:url\" content=\"https:\/\/strangercam.com\/pl\/only2chat\/\" \/>\n<meta property=\"og:site_name\" content=\"Strangercam\" \/>\n<meta property=\"article:publisher\" content=\"https:\/\/www.facebook.com\/strangercam\" \/>\n<meta property=\"og:image\" content=\"https:\/\/strangercam.com\/wp-content\/uploads\/2021\/10\/Untitled-2.png\" \/>\n\t<meta property=\"og:image:width\" content=\"800\" \/>\n\t<meta property=\"og:image:height\" content=\"532\" \/>\n\t<meta property=\"og:image:type\" content=\"image\/png\" \/>\n<meta name=\"twitter:card\" content=\"summary_large_image\" \/>\n<meta name=\"twitter:site\" content=\"@strangercamapp\" \/>\n<meta name=\"twitter:label1\" content=\"Szacowany czas czytania\" \/>\n\t<meta name=\"twitter:data1\" content=\"5 minut\" \/>\n<script type=\"application\/ld+json\" class=\"yoast-schema-graph\">{\"@context\":\"https:\\\/\\\/schema.org\",\"@graph\":[{\"@type\":\"WebPage\",\"@id\":\"https:\\\/\\\/strangercam.com\\\/only2chat\\\/\",\"url\":\"https:\\\/\\\/strangercam.com\\\/only2chat\\\/\",\"name\":\"Only2Chat - Chatroulette random video chat on StrangerCam.com\",\"isPartOf\":{\"@id\":\"https:\\\/\\\/strangercam.com\\\/#website\"},\"datePublished\":\"2025-01-29T08:31:15+00:00\",\"description\":\"Like Only2Chat? Come chat with more than 5.000.000 strangers on Stranger Cam for Free! Turn on your cam and find new friends & maby a match!\",\"breadcrumb\":{\"@id\":\"https:\\\/\\\/strangercam.com\\\/only2chat\\\/#breadcrumb\"},\"inLanguage\":\"pl-PL\",\"potentialAction\":[{\"@type\":\"ReadAction\",\"target\":[\"https:\\\/\\\/strangercam.com\\\/only2chat\\\/\"]}]},{\"@type\":\"BreadcrumbList\",\"@id\":\"https:\\\/\\\/strangercam.com\\\/only2chat\\\/#breadcrumb\",\"itemListElement\":[{\"@type\":\"ListItem\",\"position\":1,\"name\":\"Home\",\"item\":\"https:\\\/\\\/strangercam.com\\\/\"},{\"@type\":\"ListItem\",\"position\":2,\"name\":\"Only2Chat\"}]},{\"@type\":\"WebSite\",\"@id\":\"https:\\\/\\\/strangercam.com\\\/#website\",\"url\":\"https:\\\/\\\/strangercam.com\\\/\",\"name\":\"Strangercam\",\"description\":\"Random Video Chat with Strangers\",\"publisher\":{\"@id\":\"https:\\\/\\\/strangercam.com\\\/#organization\"},\"alternateName\":\"Strangercam.com\",\"potentialAction\":[{\"@type\":\"SearchAction\",\"target\":{\"@type\":\"EntryPoint\",\"urlTemplate\":\"https:\\\/\\\/strangercam.com\\\/?s={search_term_string}\"},\"query-input\":{\"@type\":\"PropertyValueSpecification\",\"valueRequired\":true,\"valueName\":\"search_term_string\"}}],\"inLanguage\":\"pl-PL\"},{\"@type\":\"Organization\",\"@id\":\"https:\\\/\\\/strangercam.com\\\/#organization\",\"name\":\"Strangercam\",\"alternateName\":\"Strangercam.com\",\"url\":\"https:\\\/\\\/strangercam.com\\\/\",\"logo\":{\"@type\":\"ImageObject\",\"inLanguage\":\"pl-PL\",\"@id\":\"https:\\\/\\\/strangercam.com\\\/#\\\/schema\\\/logo\\\/image\\\/\",\"url\":\"https:\\\/\\\/strangercam.com\\\/wp-content\\\/uploads\\\/2020\\\/11\\\/cropped-new-favicon-black.png\",\"contentUrl\":\"https:\\\/\\\/strangercam.com\\\/wp-content\\\/uploads\\\/2020\\\/11\\\/cropped-new-favicon-black.png\",\"width\":512,\"height\":512,\"caption\":\"Strangercam\"},\"image\":{\"@id\":\"https:\\\/\\\/strangercam.com\\\/#\\\/schema\\\/logo\\\/image\\\/\"},\"sameAs\":[\"https:\\\/\\\/www.facebook.com\\\/strangercam\",\"https:\\\/\\\/x.com\\\/strangercamapp\"]}]}<\/script>\n<!-- \/ Yoast SEO plugin. -->","yoast_head_json":{"title":"Only2Chat - losowy czat wideo Chatroulette na StrangerCam.com","description":"Jak Only2Chat? Przyjd\u017a na czat z ponad 5.000.000 nieznajomych na Stranger Cam za darmo! W\u0142\u0105cz kamer\u0119 i znajd\u017a nowych przyjaci\u00f3\u0142 i mo\u017ce mecz!","robots":{"index":"index","follow":"follow","max-snippet":"max-snippet:-1","max-image-preview":"max-image-preview:large","max-video-preview":"max-video-preview:-1"},"canonical":"https:\/\/strangercam.com\/pl\/only2chat\/","og_locale":"pl_PL","og_type":"article","og_title":"Only2Chat - Chatroulette random video chat on StrangerCam.com","og_description":"Like Only2Chat? Come chat with more than 5.000.000 strangers on Stranger Cam for Free! Turn on your cam and find new friends & maby a match!","og_url":"https:\/\/strangercam.com\/pl\/only2chat\/","og_site_name":"Strangercam","article_publisher":"https:\/\/www.facebook.com\/strangercam","og_image":[{"width":800,"height":532,"url":"https:\/\/strangercam.com\/wp-content\/uploads\/2021\/10\/Untitled-2.png","type":"image\/png"}],"twitter_card":"summary_large_image","twitter_site":"@strangercamapp","twitter_misc":{"Szacowany czas czytania":"5 minut"},"schema":{"@context":"https:\/\/schema.org","@graph":[{"@type":"WebPage","@id":"https:\/\/strangercam.com\/only2chat\/","url":"https:\/\/strangercam.com\/only2chat\/","name":"Only2Chat - losowy czat wideo Chatroulette na StrangerCam.com","isPartOf":{"@id":"https:\/\/strangercam.com\/#website"},"datePublished":"2025-01-29T08:31:15+00:00","description":"Jak Only2Chat? Przyjd\u017a na czat z ponad 5.000.000 nieznajomych na Stranger Cam za darmo! W\u0142\u0105cz kamer\u0119 i znajd\u017a nowych przyjaci\u00f3\u0142 i mo\u017ce mecz!","breadcrumb":{"@id":"https:\/\/strangercam.com\/only2chat\/#breadcrumb"},"inLanguage":"pl-PL","potentialAction":[{"@type":"ReadAction","target":["https:\/\/strangercam.com\/only2chat\/"]}]},{"@type":"BreadcrumbList","@id":"https:\/\/strangercam.com\/only2chat\/#breadcrumb","itemListElement":[{"@type":"ListItem","position":1,"name":"Home","item":"https:\/\/strangercam.com\/"},{"@type":"ListItem","position":2,"name":"Only2Chat"}]},{"@type":"WebSite","@id":"https:\/\/strangercam.com\/#website","url":"https:\/\/strangercam.com\/","name":"Strangercam","description":"Losowy czat wideo z nieznajomymi","publisher":{"@id":"https:\/\/strangercam.com\/#organization"},"alternateName":"Strangercam.com","potentialAction":[{"@type":"SearchAction","target":{"@type":"EntryPoint","urlTemplate":"https:\/\/strangercam.com\/?s={search_term_string}"},"query-input":{"@type":"PropertyValueSpecification","valueRequired":true,"valueName":"search_term_string"}}],"inLanguage":"pl-PL"},{"@type":"Organization","@id":"https:\/\/strangercam.com\/#organization","name":"Strangercam","alternateName":"Strangercam.com","url":"https:\/\/strangercam.com\/","logo":{"@type":"ImageObject","inLanguage":"pl-PL","@id":"https:\/\/strangercam.com\/#\/schema\/logo\/image\/","url":"https:\/\/strangercam.com\/wp-content\/uploads\/2020\/11\/cropped-new-favicon-black.png","contentUrl":"https:\/\/strangercam.com\/wp-content\/uploads\/2020\/11\/cropped-new-favicon-black.png","width":512,"height":512,"caption":"Strangercam"},"image":{"@id":"https:\/\/strangercam.com\/#\/schema\/logo\/image\/"},"sameAs":["https:\/\/www.facebook.com\/strangercam","https:\/\/x.com\/strangercamapp"]}]}},"_links":{"self":[{"href":"https:\/\/strangercam.com\/pl\/wp-json\/wp\/v2\/pages\/12678","targetHints":{"allow":["GET"]}}],"collection":[{"href":"https:\/\/strangercam.com\/pl\/wp-json\/wp\/v2\/pages"}],"about":[{"href":"https:\/\/strangercam.com\/pl\/wp-json\/wp\/v2\/types\/page"}],"author":[{"embeddable":true,"href":"https:\/\/strangercam.com\/pl\/wp-json\/wp\/v2\/users\/6"}],"replies":[{"embeddable":true,"href":"https:\/\/strangercam.com\/pl\/wp-json\/wp\/v2\/comments?post=12678"}],"version-history":[{"count":2,"href":"https:\/\/strangercam.com\/pl\/wp-json\/wp\/v2\/pages\/12678\/revisions"}],"predecessor-version":[{"id":12680,"href":"https:\/\/strangercam.com\/pl\/wp-json\/wp\/v2\/pages\/12678\/revisions\/12680"}],"wp:attachment":[{"href":"https:\/\/strangercam.com\/pl\/wp-json\/wp\/v2\/media?parent=12678"}],"curies":[{"name":"wp","href":"https:\/\/api.w.org\/{rel}","templated":true}]}}