{"id":12587,"date":"2024-11-08T12:02:12","date_gmt":"2024-11-08T10:02:12","guid":{"rendered":"https:\/\/strangercam.com\/?page_id=12587"},"modified":"2025-02-04T09:36:39","modified_gmt":"2025-02-04T07:36:39","slug":"rabbit-video-chat","status":"publish","type":"page","link":"https:\/\/strangercam.com\/pl\/rabbit-video-chat\/","title":{"rendered":"Czat wideo z kr\u00f3likiem"},"content":{"rendered":"<p>Szukasz \u017cywio\u0142owego i spontanicznego sposobu na nawi\u0105zywanie kontakt\u00f3w z nowymi osobami online? Rabbit Video <a href=\"https:\/\/strangercam.com\/pl\/chatroulette\/\">Czat<\/a> zapewnia do\u015bwiadczenie w stylu chatroulette, \u0142\u0105cz\u0105c ci\u0119 z nieznajomymi z ca\u0142ego \u015bwiata w zabawne spotkania twarz\u0105 w twarz. Poni\u017cej przedstawiamy wyr\u00f3\u017cniaj\u0105ce si\u0119 funkcje Rabbit Video Chat, w jaki spos\u00f3b r\u00f3\u017cni si\u0119 on od innych witryn z losowymi czatami i dlaczego jest to najlepszy wyb\u00f3r do nawi\u0105zywania szybkich i o\u017cywionych kontakt\u00f3w towarzyskich.<\/p>\n<h2>Kluczowe cechy<\/h2>\n<p>Kr\u00f3lik <a href=\"https:\/\/strangercam.com\/pl\/coomeet\/\">Czat wideo<\/a> koncentruje si\u0119 na prostocie i rozrywce, pomagaj\u0105c od razu przej\u015b\u0107 do rozm\u00f3w wideo bez zb\u0119dnych przeszk\u00f3d. Jej funkcje obejmuj\u0105:<\/p>\n<ul>\n<li><strong>Losowe dopasowywanie wideo<\/strong>: Natychmiastowe \u0142\u0105czenie si\u0119 z nieznajomymi na ca\u0142ym \u015bwiecie w autentyczne czaty jeden na jednego.<\/li>\n<li><strong>Zabawne filtry i efekty<\/strong>: Dodaj emocji do rozm\u00f3w dzi\u0119ki dziwacznym cyfrowym maskom i zabawnym nak\u0142adkom.<\/li>\n<li><strong>Szybka nawigacja<\/strong>: Szybko przemieszczaj si\u0119 mi\u0119dzy meczami, aby poznawa\u0107 nowych ludzi.<\/li>\n<li><strong>Zoptymalizowany pod k\u0105tem urz\u0105dze\u0144 mobilnych<\/strong>: Ciesz si\u0119 p\u0142ynnymi czatami wideo zar\u00f3wno na smartfonach, jak i komputerach stacjonarnych.<\/li>\n<\/ul>\n<h2>Losowe wra\u017cenia z czatu wideo<\/h2>\n<p>Rabbit Video Chat doskonale radzi sobie z natychmiastowym dopasowywaniem ci\u0119 do nowych os\u00f3b, zapewniaj\u0105c, \u017ce sp\u0119dzasz wi\u0119cej czasu na rozmowie, a mniej na czekaniu.<\/p>\n<h3>Natychmiastowe parowanie<\/h3>\n<p>Naci\u015bnij przycisk \"Rozpocznij\", a algorytm platformy szybko po\u0142\u0105czy Ci\u0119 z innym u\u017cytkownikiem szukaj\u0105cym rozmowy. Chodzi o spontaniczno\u015b\u0107 - nie s\u0105 wymagane rozbudowane profile ani skomplikowane kroki.<\/p>\n<h3>Auto Next<\/h3>\n<p>Nie pasujesz do swojego obecnego partnera? Po prostu naci\u015bnij \"Dalej\", aby przej\u015b\u0107 dalej. Zapewnia to szybkie \u015brodowisko, w kt\u00f3rym mo\u017cna znale\u017a\u0107 odpowiednie dopasowanie dla siebie.<\/p>\n<h3>Globalna spo\u0142eczno\u015b\u0107<\/h3>\n<p>Baza u\u017cytkownik\u00f3w Rabbit Video Chat obejmuje r\u00f3\u017cne kontynenty, zapewniaj\u0105c wiele mo\u017cliwo\u015bci poznania r\u00f3\u017cnych kultur, a mo\u017ce nawet \u0107wiczenia nowego j\u0119zyka.<\/p>\n<h2>Zabawne dodatki<\/h2>\n<p>Platforma ta wykracza poza standardowe po\u0142\u0105czenia z dodatkowymi funkcjami, kt\u00f3re urozmaicaj\u0105 losowe wra\u017cenia z czatu:<\/p>\n<table>\n<thead>\n<tr>\n<th>Cecha<\/th>\n<th>Opis<\/th>\n<\/tr>\n<\/thead>\n<tbody>\n<tr>\n<td><strong>Filtry i maski cyfrowe<\/strong><\/td>\n<td>Wprowad\u017a humor lub kreatywno\u015b\u0107 do rozm\u00f3w dzi\u0119ki zabawnym efektom wizualnym.<\/td>\n<\/tr>\n<tr>\n<td><strong>Integracja czatu tekstowego<\/strong><\/td>\n<td>Pisz szybkie wiadomo\u015bci lub udost\u0119pniaj linki, je\u015bli pocz\u0105tkowo rozmowa wydaje si\u0119 zbyt osobista.<\/td>\n<\/tr>\n<tr>\n<td><strong>Narz\u0119dzie migawki<\/strong><\/td>\n<td>Uchwy\u0107 niezapomniane chwile (za zgod\u0105 partnera na czacie), aby p\u00f3\u017aniej do nich wr\u00f3ci\u0107.<\/td>\n<\/tr>\n<tr>\n<td><strong>Znaczniki zainteresowania<\/strong><\/td>\n<td>Oznaczanie czat\u00f3w tematami (muzyka, podr\u00f3\u017ce, gry) dla lepszej kompatybilno\u015bci z nowymi meczami.<\/td>\n<\/tr>\n<\/tbody>\n<\/table>\n<h2>Interfejs u\u017cytkownika i do\u015bwiadczenie<\/h2>\n<p>Rabbit Video Chat ma na celu zapewnienie przejrzystego, prostego interfejsu, utrzymuj\u0105c centrum uwagi na u\u017cytkownikach. <a href=\"https:\/\/strangercam.com\/pl\/mili\/\">na \u017cywo<\/a> wideo.<\/p>\n<h3>Projektowanie i nawigacja<\/h3>\n<ul>\n<li><strong>Minimalistyczne elementy steruj\u0105ce<\/strong>: Wyra\u017anie oznaczone przyciski \u201cStart\u201d, \u201cStop\u201d i \u201cDalej\u201d u\u0142atwiaj\u0105 zarz\u0105dzanie czatami.<\/li>\n<li><strong>Menu oparte na ikonach<\/strong>: Filtry, czat tekstowy i inne funkcje s\u0105 dost\u0119pne za po\u015brednictwem intuicyjnych ikon.<\/li>\n<li><strong>Uk\u0142ad responsywny<\/strong>: Od smartfon\u00f3w po du\u017ce monitory, interfejs dostosowuje si\u0119 p\u0142ynnie.<\/li>\n<\/ul>\n<h3>Personalizacja<\/h3>\n<ul>\n<li><strong>Profile opcjonalne<\/strong>: U\u017cyj pseudonimu lub pozosta\u0144 anonimowy, aby zachowa\u0107 prywatno\u015b\u0107.<\/li>\n<li><strong>Preferencje powiadomie\u0144<\/strong>: Wybierz spos\u00f3b otrzymywania zaprosze\u0144 do znajomych lub aktualizacji.<\/li>\n<li><strong>Ustawienia prywatno\u015bci<\/strong>: Kontroluj udost\u0119pnianie lokalizacji i zarz\u0105dzaj szczeg\u00f3\u0142ami widocznymi dla innych.<\/li>\n<\/ul>\n<h2>Wydajno\u015b\u0107<\/h2>\n<p>Szybkie, stabilne po\u0142\u0105czenia s\u0105 niezb\u0119dne dla ka\u017cdej aplikacji wideo na \u017cywo, a Rabbit Video Chat dzia\u0142a, aby zapewni\u0107 niezawodne wra\u017cenia:<\/p>\n<h3>Zoptymalizowane serwery<\/h3>\n<ul>\n<li><strong>Zmniejszone op\u00f3\u017anienie<\/strong>: Wydajna infrastruktura ma na celu zminimalizowanie op\u00f3\u017anie\u0144 w po\u0142\u0105czeniach wideo.<\/li>\n<li><strong>Jako\u015b\u0107 adaptacyjna<\/strong>: Rozdzielczo\u015b\u0107 wideo dostosowuje si\u0119 do pr\u0119dko\u015bci Internetu, aby zminimalizowa\u0107 zak\u0142\u00f3cenia.<\/li>\n<li><strong>Tryb oszcz\u0119dzania danych<\/strong>: U\u017cytkownicy mobilni mog\u0105 w\u0142\u0105czy\u0107 ustawienia ni\u017cszego zu\u017cycia danych.<\/li>\n<\/ul>\n<h2>Bezpiecze\u0144stwo i umiar<\/h2>\n<p>Przypadkowe czaty wideo mog\u0105 przynie\u015b\u0107 nieoczekiwane tre\u015bci, wi\u0119c Rabbit Video Chat zawiera kilka \u015brodk\u00f3w bezpiecze\u0144stwa:<\/p>\n<h3>Nadz\u00f3r wsp\u00f3lnotowy<\/h3>\n<ul>\n<li><strong>Narz\u0119dzia raportowania i blokowania<\/strong>: Szybko oznaczaj nieodpowiednich u\u017cytkownik\u00f3w i blokuj ich przed przysz\u0142ymi spotkaniami.<\/li>\n<li><strong>Moderacja AI<\/strong>: Zautomatyzowane systemy monitoruj\u0105 wyra\u017ane lub szkodliwe zachowania w czasie rzeczywistym.<\/li>\n<li><strong>Zesp\u00f3\u0142 moderator\u00f3w<\/strong>: Pracownicy sprawdzaj\u0105 zg\u0142oszone problemy, aby platforma by\u0142a przyjazna dla u\u017cytkownik\u00f3w.<\/li>\n<\/ul>\n<h3>Kontrola prywatno\u015bci<\/h3>\n<ul>\n<li><strong>Anonimowy interfejs<\/strong>: Czat bez ujawniania danych osobowych.<\/li>\n<li><strong>Szyfrowane przechowywanie danych<\/strong>: Podstawowe szyfrowanie chroni poufne informacje o koncie.<\/li>\n<li><strong>Ograniczenia wiekowe<\/strong>: Weryfikacja wieku pomaga chroni\u0107 nieletnich.<\/li>\n<\/ul>\n<h2>Monetyzacja i aktualizacje<\/h2>\n<p>Podczas gdy Rabbit Video Chat jest w du\u017cej mierze <a href=\"https:\/\/strangercam.com\/pl\/chat4free\/\">darmowy<\/a> jest \u0142atwy w u\u017cyciu i oferuje funkcje premium:<\/p>\n<h3>Korzy\u015bci Premium<\/h3>\n<ul>\n<li><strong>Przegl\u0105danie bez reklam<\/strong>: Usuni\u0119cie reklam w celu nieprzerwanego czatowania.<\/li>\n<li><strong>Ekskluzywne efekty<\/strong>: Odblokuj specjalne filtry i t\u0142a.<\/li>\n<li><strong>Ulepszone dopasowanie<\/strong>: Dostosuj tagi zainteresowa\u0144 i filtry lokalizacji.<\/li>\n<\/ul>\n<h3>Systemy nagradzania<\/h3>\n<ul>\n<li><strong>Punkty lojalno\u015bciowe<\/strong>: Zdobywaj kredyty dzi\u0119ki cz\u0119stemu u\u017cytkowaniu, kt\u00f3re mo\u017cna wymieni\u0107 na przedmioty premium.<\/li>\n<li><strong>Korzy\u015bci z polecenia<\/strong>: Zapro\u015b znajomych i otrzymuj bonusy za ka\u017cd\u0105 udan\u0105 rejestracj\u0119.<\/li>\n<\/ul>\n<h2>Pozycjonowanie rynkowe<\/h2>\n<p>Rabbit Video Chat s\u0142u\u017cy jako \u017cywa alternatywa dla bardziej ugruntowanych <a href=\"https:\/\/strangercam.com\/pl\/chathub\/\">Losowy czat wideo<\/a> platformy, opieraj\u0105c si\u0119 na przyjaznym dla u\u017cytkownika interfejsie i solidnym podej\u015bciu do moderacji.<\/p>\n<h3>Dane demograficzne u\u017cytkownik\u00f3w<\/h3>\n<ul>\n<li><strong>Przedzia\u0142 wiekowy<\/strong>: G\u0142\u00f3wnie w wieku 18-35 lat, cho\u0107 uczestnicz\u0105 w nim doro\u015bli w ka\u017cdym wieku.<\/li>\n<li><strong>G\u0142\u00f3wne zainteresowania<\/strong>: Przypadkowe rozmowy, wymiana kulturowa, praktyka j\u0119zykowa.<\/li>\n<li><strong>Godziny szczytu<\/strong>: Najwi\u0119kszy ruch odnotowuje si\u0119 w nocy i w weekendy.<\/li>\n<\/ul>\n<h3>Globalny zasi\u0119g<\/h3>\n<ul>\n<li><strong>U\u017cytkownicy mi\u0119dzynarodowi<\/strong>: Nawi\u0105zywanie kontakt\u00f3w z lud\u017ami z r\u00f3\u017cnych kraj\u00f3w i \u015brodowisk.<\/li>\n<li><strong>Interfejs wieloj\u0119zyczny<\/strong>: Prze\u0142\u0105cz si\u0119 na r\u00f3\u017cne opcje j\u0119zykowe, aby uzyska\u0107 zlokalizowane wra\u017cenia.<\/li>\n<\/ul>\n<h2>Plusy i minusy<\/h2>\n<p>Oto kr\u00f3tkie spojrzenie na zalety i potencjalne ograniczenia Rabbit Video Chat:<\/p>\n<table>\n<thead>\n<tr>\n<th>Plusy<\/th>\n<th>Wady<\/th>\n<\/tr>\n<\/thead>\n<tbody>\n<tr>\n<td>\n<ul>\n<li>Szybkie losowe po\u0142\u0105czenia<\/li>\n<li>Prosty interfejs u\u017cytkownika<\/li>\n<li>Zabawne filtry i efekty<\/li>\n<li>Dedykowane narz\u0119dzia moderacji i bezpiecze\u0144stwa<\/li>\n<li>Dzia\u0142a dobrze na urz\u0105dzeniach mobilnych<\/li>\n<\/ul>\n<\/td>\n<td>\n<ul>\n<li>Sporadyczna ekspozycja na niepo\u017c\u0105dane tre\u015bci<\/li>\n<li>Wymaga stabilnego Internetu dla najlepszej jako\u015bci<\/li>\n<li>Mniej darmowych funkcji w por\u00f3wnaniu do p\u0142atnych aktualizacji<\/li>\n<li>Konkuruje z wi\u0119kszymi, znanymi platformami<\/li>\n<\/ul>\n<\/td>\n<\/tr>\n<\/tbody>\n<\/table>\n<h2>Wnioski<\/h2>\n<p>Rabbit Video Chat to energetyzuj\u0105ca, przyjazna dla u\u017cytkownika opcja, je\u015bli lubisz spotyka\u0107 si\u0119 z nieznajomymi poprzez losowe rozmowy wideo. Uproszczona konstrukcja, globalna spo\u0142eczno\u015b\u0107 i solidne narz\u0119dzia moderacyjne sprawiaj\u0105, \u017ce jest to solidny wyb\u00f3r do szybkich czat\u00f3w, \u0107wicze\u0144 j\u0119zykowych lub zabawnych spotka\u0144 w czasie rzeczywistym. Niezale\u017cnie od tego, czy jeste\u015b nowicjuszem w losowych czatach wideo, czy te\u017c do\u015bwiadczonym profesjonalist\u0105, Rabbit Video Chat wyr\u00f3\u017cnia si\u0119 jako \u0142atwy i niezawodny spos\u00f3b \u0142\u0105czenia si\u0119 z lud\u017ami z r\u00f3\u017cnych \u015brodowisk - wystarczy jedno klikni\u0119cie.<\/p>","protected":false},"excerpt":{"rendered":"<p>Are you looking for a spirited and spontaneous way to connect with new people online? Rabbit Video Chat delivers a chatroulette-style experience, pairing you with strangers from across the globe for fun face-to-face encounters. Below, we explore Rabbit Video Chat\u2019s standout features, how it differs from other random chat sites, and why it\u2019s a go-to [&hellip;]<\/p>\n","protected":false},"author":6,"featured_media":0,"parent":0,"menu_order":0,"comment_status":"closed","ping_status":"closed","template":"","meta":{"footnotes":""},"class_list":["post-12587","page","type-page","status-publish","hentry"],"yoast_head":"<!-- This site is optimized with the Yoast SEO plugin v26.9 - https:\/\/yoast.com\/product\/yoast-seo-wordpress\/ -->\n<title>Rabbit Video Chat - Free Video Chat Rooms - StrangerCam.com<\/title>\n<meta name=\"description\" content=\"Discover Chamet, the ultimate online platform connecting you to free video chat rooms and live streams. Join Chamet today!\" \/>\n<meta name=\"robots\" content=\"index, follow, max-snippet:-1, max-image-preview:large, max-video-preview:-1\" \/>\n<link rel=\"canonical\" href=\"https:\/\/strangercam.com\/pl\/rabbit-video-chat\/\" \/>\n<meta property=\"og:locale\" content=\"pl_PL\" \/>\n<meta property=\"og:type\" content=\"article\" \/>\n<meta property=\"og:title\" content=\"Rabbit Video Chat - Free Video Chat Rooms - StrangerCam.com\" \/>\n<meta property=\"og:description\" content=\"Discover Chamet, the ultimate online platform connecting you to free video chat rooms and live streams. Join Chamet today!\" \/>\n<meta property=\"og:url\" content=\"https:\/\/strangercam.com\/pl\/rabbit-video-chat\/\" \/>\n<meta property=\"og:site_name\" content=\"Strangercam\" \/>\n<meta property=\"article:publisher\" content=\"https:\/\/www.facebook.com\/strangercam\" \/>\n<meta property=\"article:modified_time\" content=\"2025-02-04T07:36:39+00:00\" \/>\n<meta property=\"og:image\" content=\"https:\/\/strangercam.com\/wp-content\/uploads\/2021\/10\/Untitled-2.png\" \/>\n\t<meta property=\"og:image:width\" content=\"800\" \/>\n\t<meta property=\"og:image:height\" content=\"532\" \/>\n\t<meta property=\"og:image:type\" content=\"image\/png\" \/>\n<meta name=\"twitter:card\" content=\"summary_large_image\" \/>\n<meta name=\"twitter:site\" content=\"@strangercamapp\" \/>\n<meta name=\"twitter:label1\" content=\"Szacowany czas czytania\" \/>\n\t<meta name=\"twitter:data1\" content=\"4 minuty\" \/>\n<script type=\"application\/ld+json\" class=\"yoast-schema-graph\">{\"@context\":\"https:\/\/schema.org\",\"@graph\":[{\"@type\":\"WebPage\",\"@id\":\"https:\/\/strangercam.com\/rabbit-video-chat\/\",\"url\":\"https:\/\/strangercam.com\/rabbit-video-chat\/\",\"name\":\"Rabbit Video Chat - Free Video Chat Rooms - StrangerCam.com\",\"isPartOf\":{\"@id\":\"https:\/\/strangercam.com\/#website\"},\"datePublished\":\"2024-11-08T10:02:12+00:00\",\"dateModified\":\"2025-02-04T07:36:39+00:00\",\"description\":\"Discover Chamet, the ultimate online platform connecting you to free video chat rooms and live streams. Join Chamet today!\",\"breadcrumb\":{\"@id\":\"https:\/\/strangercam.com\/rabbit-video-chat\/#breadcrumb\"},\"inLanguage\":\"pl-PL\",\"potentialAction\":[{\"@type\":\"ReadAction\",\"target\":[\"https:\/\/strangercam.com\/rabbit-video-chat\/\"]}]},{\"@type\":\"BreadcrumbList\",\"@id\":\"https:\/\/strangercam.com\/rabbit-video-chat\/#breadcrumb\",\"itemListElement\":[{\"@type\":\"ListItem\",\"position\":1,\"name\":\"Home\",\"item\":\"https:\/\/strangercam.com\/\"},{\"@type\":\"ListItem\",\"position\":2,\"name\":\"Rabbit Video Chat\"}]},{\"@type\":\"WebSite\",\"@id\":\"https:\/\/strangercam.com\/#website\",\"url\":\"https:\/\/strangercam.com\/\",\"name\":\"Strangercam\",\"description\":\"Random Video Chat with Strangers\",\"publisher\":{\"@id\":\"https:\/\/strangercam.com\/#organization\"},\"alternateName\":\"Strangercam.com\",\"potentialAction\":[{\"@type\":\"SearchAction\",\"target\":{\"@type\":\"EntryPoint\",\"urlTemplate\":\"https:\/\/strangercam.com\/?s={search_term_string}\"},\"query-input\":{\"@type\":\"PropertyValueSpecification\",\"valueRequired\":true,\"valueName\":\"search_term_string\"}}],\"inLanguage\":\"pl-PL\"},{\"@type\":\"Organization\",\"@id\":\"https:\/\/strangercam.com\/#organization\",\"name\":\"Strangercam\",\"alternateName\":\"Strangercam.com\",\"url\":\"https:\/\/strangercam.com\/\",\"logo\":{\"@type\":\"ImageObject\",\"inLanguage\":\"pl-PL\",\"@id\":\"https:\/\/strangercam.com\/#\/schema\/logo\/image\/\",\"url\":\"https:\/\/strangercam.com\/wp-content\/uploads\/2020\/11\/cropped-new-favicon-black.png\",\"contentUrl\":\"https:\/\/strangercam.com\/wp-content\/uploads\/2020\/11\/cropped-new-favicon-black.png\",\"width\":512,\"height\":512,\"caption\":\"Strangercam\"},\"image\":{\"@id\":\"https:\/\/strangercam.com\/#\/schema\/logo\/image\/\"},\"sameAs\":[\"https:\/\/www.facebook.com\/strangercam\",\"https:\/\/x.com\/strangercamapp\"]}]}<\/script>\n<!-- \/ Yoast SEO plugin. -->","yoast_head_json":{"title":"Rabbit Video Chat - Darmowe pokoje czat\u00f3w wideo - StrangerCam.com","description":"Odkryj Chamet, najlepsz\u0105 platform\u0119 online \u0142\u0105cz\u0105c\u0105 Ci\u0119 z darmowymi czatami wideo i transmisjami na \u017cywo. Do\u0142\u0105cz do Chamet ju\u017c dzi\u015b!","robots":{"index":"index","follow":"follow","max-snippet":"max-snippet:-1","max-image-preview":"max-image-preview:large","max-video-preview":"max-video-preview:-1"},"canonical":"https:\/\/strangercam.com\/pl\/rabbit-video-chat\/","og_locale":"pl_PL","og_type":"article","og_title":"Rabbit Video Chat - Free Video Chat Rooms - StrangerCam.com","og_description":"Discover Chamet, the ultimate online platform connecting you to free video chat rooms and live streams. Join Chamet today!","og_url":"https:\/\/strangercam.com\/pl\/rabbit-video-chat\/","og_site_name":"Strangercam","article_publisher":"https:\/\/www.facebook.com\/strangercam","article_modified_time":"2025-02-04T07:36:39+00:00","og_image":[{"width":800,"height":532,"url":"https:\/\/strangercam.com\/wp-content\/uploads\/2021\/10\/Untitled-2.png","type":"image\/png"}],"twitter_card":"summary_large_image","twitter_site":"@strangercamapp","twitter_misc":{"Szacowany czas czytania":"4 minuty"},"schema":{"@context":"https:\/\/schema.org","@graph":[{"@type":"WebPage","@id":"https:\/\/strangercam.com\/rabbit-video-chat\/","url":"https:\/\/strangercam.com\/rabbit-video-chat\/","name":"Rabbit Video Chat - Darmowe pokoje czat\u00f3w wideo - StrangerCam.com","isPartOf":{"@id":"https:\/\/strangercam.com\/#website"},"datePublished":"2024-11-08T10:02:12+00:00","dateModified":"2025-02-04T07:36:39+00:00","description":"Odkryj Chamet, najlepsz\u0105 platform\u0119 online \u0142\u0105cz\u0105c\u0105 Ci\u0119 z darmowymi czatami wideo i transmisjami na \u017cywo. Do\u0142\u0105cz do Chamet ju\u017c dzi\u015b!","breadcrumb":{"@id":"https:\/\/strangercam.com\/rabbit-video-chat\/#breadcrumb"},"inLanguage":"pl-PL","potentialAction":[{"@type":"ReadAction","target":["https:\/\/strangercam.com\/rabbit-video-chat\/"]}]},{"@type":"BreadcrumbList","@id":"https:\/\/strangercam.com\/rabbit-video-chat\/#breadcrumb","itemListElement":[{"@type":"ListItem","position":1,"name":"Home","item":"https:\/\/strangercam.com\/"},{"@type":"ListItem","position":2,"name":"Rabbit Video Chat"}]},{"@type":"WebSite","@id":"https:\/\/strangercam.com\/#website","url":"https:\/\/strangercam.com\/","name":"Strangercam","description":"Losowy czat wideo z nieznajomymi","publisher":{"@id":"https:\/\/strangercam.com\/#organization"},"alternateName":"Strangercam.com","potentialAction":[{"@type":"SearchAction","target":{"@type":"EntryPoint","urlTemplate":"https:\/\/strangercam.com\/?s={search_term_string}"},"query-input":{"@type":"PropertyValueSpecification","valueRequired":true,"valueName":"search_term_string"}}],"inLanguage":"pl-PL"},{"@type":"Organization","@id":"https:\/\/strangercam.com\/#organization","name":"Strangercam","alternateName":"Strangercam.com","url":"https:\/\/strangercam.com\/","logo":{"@type":"ImageObject","inLanguage":"pl-PL","@id":"https:\/\/strangercam.com\/#\/schema\/logo\/image\/","url":"https:\/\/strangercam.com\/wp-content\/uploads\/2020\/11\/cropped-new-favicon-black.png","contentUrl":"https:\/\/strangercam.com\/wp-content\/uploads\/2020\/11\/cropped-new-favicon-black.png","width":512,"height":512,"caption":"Strangercam"},"image":{"@id":"https:\/\/strangercam.com\/#\/schema\/logo\/image\/"},"sameAs":["https:\/\/www.facebook.com\/strangercam","https:\/\/x.com\/strangercamapp"]}]}},"_links":{"self":[{"href":"https:\/\/strangercam.com\/pl\/wp-json\/wp\/v2\/pages\/12587","targetHints":{"allow":["GET"]}}],"collection":[{"href":"https:\/\/strangercam.com\/pl\/wp-json\/wp\/v2\/pages"}],"about":[{"href":"https:\/\/strangercam.com\/pl\/wp-json\/wp\/v2\/types\/page"}],"author":[{"embeddable":true,"href":"https:\/\/strangercam.com\/pl\/wp-json\/wp\/v2\/users\/6"}],"replies":[{"embeddable":true,"href":"https:\/\/strangercam.com\/pl\/wp-json\/wp\/v2\/comments?post=12587"}],"version-history":[{"count":3,"href":"https:\/\/strangercam.com\/pl\/wp-json\/wp\/v2\/pages\/12587\/revisions"}],"predecessor-version":[{"id":12689,"href":"https:\/\/strangercam.com\/pl\/wp-json\/wp\/v2\/pages\/12587\/revisions\/12689"}],"wp:attachment":[{"href":"https:\/\/strangercam.com\/pl\/wp-json\/wp\/v2\/media?parent=12587"}],"curies":[{"name":"wp","href":"https:\/\/api.w.org\/{rel}","templated":true}]}}